{"id":61354,"date":"2026-04-12T09:33:33","date_gmt":"2026-04-12T07:33:33","guid":{"rendered":"https:\/\/dev6.erresse-shop.it\/shop\/non%20class\u00e9\/rowenta-poele-a-griller-optigrill-xl-gr712\/"},"modified":"2025-07-04T16:54:13","modified_gmt":"2025-07-04T14:54:13","slug":"rowenta-poele-a-griller-optigrill-xl-gr712","status":"publish","type":"product","link":"https:\/\/dev6.erresse-shop.it\/fr\/shop\/petits-electromenagers\/grilles-et-barbecues\/rowenta-poele-a-griller-optigrill-xl-gr712\/","title":{"rendered":"ROWENTA Po\u00eale \u00e0 Griller Optigrill+ XL GR712"},"content":{"rendered":"<p>D\u00e9couvrez OptiGrill&#43;, l\u2019ultime innovation de Rowenta qui propose un mode manuel avec quatre niveaux de temp\u00e9rature pour des possibilit\u00e9s de cuisson infinies. D\u00e9velopp\u00e9 gr\u00e2ce \u00e0 la technologie \u201ccuisson automatique par capteurs\u201d, OptiGrill&#43; d\u00e9tecte imm\u00e9diatement le nombre de portions plac\u00e9es sur le gril et leur \u00e9paisseur, pour ajuster automatiquement la temp\u00e9rature et le temps de cuisson afin d\u2019obtenir des r\u00e9sultats parfaits. Le t\u00e9moin lumineux et le signal sonore vous permettent de contr\u00f4ler directement la cuisson de haute pr\u00e9cision et d\u2019obtenir ainsi un r\u00e9sultat \u00e0 votre go\u00fbt : saignant, \u00e0 point ou bien cuit. 6 programmes de cuisson pour pr\u00e9parer des recettes \u00e0 la perfection : Hamburger, Poulet, Sandwich, Saucisse, Viande rouge et Poisson, plus un mode surgel\u00e9 et un mode manuel avec 4 r\u00e9glages de temp\u00e9rature. Les autres caract\u00e9ristiques comprennent des plaques antiadh\u00e9sives en aluminium moul\u00e9 sous pression, une surface de cuisson de 600 cm2 convenant \u00e0 2-4 personnes, et un grand plateau inclin\u00e9 \u00e0 7\u00b0 pour recueillir les graisses.<\/p>\n","protected":false},"excerpt":{"rendered":"<p>D\u00e9couvrez OptiGrill&#43;, l\u2019ultime innovation de Rowenta qui propose un mode manuel avec quatre niveaux de temp\u00e9rature pour des possibilit\u00e9s de cuisson infinies. D\u00e9velopp\u00e9 gr\u00e2ce \u00e0 la technologie \u201ccuisson automatique par capteurs\u201d, OptiGrill&#43; d\u00e9tecte imm\u00e9diatement le nombre de portions plac\u00e9es sur le gril et leur \u00e9paisseur, pour ajuster automatiquement la temp\u00e9rature et le temps de cuisson [&hellip;]<\/p>\n","protected":false},"featured_media":6361376,"template":"","meta":{"_acf_changed":false},"product_cat":[12087,12055],"product_tag":[],"class_list":{"0":"post-61354","1":"product","2":"type-product","3":"status-publish","4":"has-post-thumbnail","6":"product_cat-grilles-et-barbecues","7":"product_cat-petits-electromenagers","9":"first","10":"outofstock","11":"taxable","12":"shipping-taxable","13":"product-type-simple","swatches":"rey-swatches","show_selected":"","stretch_labels":"rey-swatches--stretch-labels"},"acf":[],"yoast_head":"<!-- This site is optimized with the Yoast SEO plugin v25.4 - https:\/\/yoast.com\/wordpress\/plugins\/seo\/ -->\n<title>ROWENTA Po\u00eale \u00e0 Griller Optigrill+ XL GR712 - dev6 Erresse<\/title>\n<meta name=\"description\" content=\"D\u00e9couvrez OptiGrill&#043;, l\u2019ultime innovation de Rowenta qui propose un mode manuel avec quatre niveaux de temp\u00e9rature pour des possibilit\u00e9s de cuisson\" \/>\n<meta name=\"robots\" content=\"noindex, follow, max-snippet:-1, max-image-preview:large, max-video-preview:-1\" \/>\n<meta property=\"og:locale\" content=\"fr_FR\" \/>\n<meta property=\"og:type\" content=\"article\" \/>\n<meta property=\"og:title\" content=\"ROWENTA Po\u00eale \u00e0 Griller Optigrill+ XL GR712 - dev6 Erresse\" \/>\n<meta property=\"og:description\" content=\"D\u00e9couvrez OptiGrill&#043;, l\u2019ultime innovation de Rowenta qui propose un mode manuel avec quatre niveaux de temp\u00e9rature pour des possibilit\u00e9s de cuisson\" \/>\n<meta property=\"og:url\" content=\"https:\/\/dev6.erresse-shop.it\/fr\/shop\/petits-electromenagers\/grilles-et-barbecues\/rowenta-poele-a-griller-optigrill-xl-gr712\/\" \/>\n<meta property=\"og:site_name\" content=\"dev6 Erresse\" \/>\n<meta property=\"og:image\" content=\"https:\/\/interpim.erresse-shop.it\/img-catalogo\/rowenta\/rowenta-bistecchiera-optigrill-xl-gr722-.jpg\" \/><meta property=\"og:image\" content=\"https:\/\/interpim.erresse-shop.it\/img-catalogo\/rowenta\/rowenta-bistecchiera-optigrill-xl-gr722-.jpg\" \/>\n\t<meta property=\"og:image:width\" content=\"1024\" \/>\n\t<meta property=\"og:image:height\" content=\"1024\" \/>\n\t<meta property=\"og:image:type\" content=\"image\/jpeg\" \/>\n<meta name=\"twitter:card\" content=\"summary_large_image\" \/>\n<meta name=\"twitter:image\" content=\"https:\/\/interpim.erresse-shop.it\/img-catalogo\/rowenta\/rowenta-bistecchiera-optigrill-xl-gr722-.jpg\" \/>\n<script type=\"application\/ld+json\" class=\"yoast-schema-graph\">{\"@context\":\"https:\/\/schema.org\",\"@graph\":[{\"@type\":\"WebPage\",\"@id\":\"https:\/\/dev6.erresse-shop.it\/fr\/shop\/petits-electromenagers\/grilles-et-barbecues\/rowenta-poele-a-griller-optigrill-xl-gr712\/\",\"url\":\"https:\/\/dev6.erresse-shop.it\/fr\/shop\/petits-electromenagers\/grilles-et-barbecues\/rowenta-poele-a-griller-optigrill-xl-gr712\/\",\"name\":\"ROWENTA Po\u00eale \u00e0 Griller Optigrill+ XL GR712 - dev6 Erresse\",\"isPartOf\":{\"@id\":\"https:\/\/dev6.erresse-shop.it\/#website\"},\"primaryImageOfPage\":{\"@id\":\"https:\/\/dev6.erresse-shop.it\/fr\/shop\/petits-electromenagers\/grilles-et-barbecues\/rowenta-poele-a-griller-optigrill-xl-gr712\/#primaryimage\"},\"image\":{\"@id\":\"https:\/\/dev6.erresse-shop.it\/fr\/shop\/petits-electromenagers\/grilles-et-barbecues\/rowenta-poele-a-griller-optigrill-xl-gr712\/#primaryimage\"},\"thumbnailUrl\":\"https:\/\/i2.wp.com\/interpim.erresse-shop.it\/img-catalogo\/rowenta\/rowenta-bistecchiera-optigrill-xl-gr722-.jpg?ssl=1\",\"datePublished\":\"2026-04-12T07:33:33+00:00\",\"description\":\"D\u00e9couvrez OptiGrill&#43;, l\u2019ultime innovation de Rowenta qui propose un mode manuel avec quatre niveaux de temp\u00e9rature pour des possibilit\u00e9s de cuisson\",\"breadcrumb\":{\"@id\":\"https:\/\/dev6.erresse-shop.it\/fr\/shop\/petits-electromenagers\/grilles-et-barbecues\/rowenta-poele-a-griller-optigrill-xl-gr712\/#breadcrumb\"},\"inLanguage\":\"fr-FR\",\"potentialAction\":[{\"@type\":\"ReadAction\",\"target\":[\"https:\/\/dev6.erresse-shop.it\/fr\/shop\/petits-electromenagers\/grilles-et-barbecues\/rowenta-poele-a-griller-optigrill-xl-gr712\/\"]}]},{\"@type\":\"ImageObject\",\"inLanguage\":\"fr-FR\",\"@id\":\"https:\/\/dev6.erresse-shop.it\/fr\/shop\/petits-electromenagers\/grilles-et-barbecues\/rowenta-poele-a-griller-optigrill-xl-gr712\/#primaryimage\",\"url\":\"https:\/\/i2.wp.com\/interpim.erresse-shop.it\/img-catalogo\/rowenta\/rowenta-bistecchiera-optigrill-xl-gr722-.jpg?ssl=1\",\"contentUrl\":\"https:\/\/i2.wp.com\/interpim.erresse-shop.it\/img-catalogo\/rowenta\/rowenta-bistecchiera-optigrill-xl-gr722-.jpg?ssl=1\"},{\"@type\":\"BreadcrumbList\",\"@id\":\"https:\/\/dev6.erresse-shop.it\/fr\/shop\/petits-electromenagers\/grilles-et-barbecues\/rowenta-poele-a-griller-optigrill-xl-gr712\/#breadcrumb\",\"itemListElement\":[{\"@type\":\"ListItem\",\"position\":1,\"name\":\"Home\",\"item\":\"https:\/\/dev6.erresse-shop.it\/\"},{\"@type\":\"ListItem\",\"position\":2,\"name\":\"Boutique\",\"item\":\"https:\/\/dev6.erresse-shop.it\/shop\/\"},{\"@type\":\"ListItem\",\"position\":3,\"name\":\"ROWENTA Po\u00eale \u00e0 Griller Optigrill+ XL GR712\"}]},{\"@type\":\"WebSite\",\"@id\":\"https:\/\/dev6.erresse-shop.it\/#website\",\"url\":\"https:\/\/dev6.erresse-shop.it\/\",\"name\":\"Erresse Shop\",\"description\":\"\",\"publisher\":{\"@id\":\"https:\/\/dev6.erresse-shop.it\/#organization\"},\"potentialAction\":[{\"@type\":\"SearchAction\",\"target\":{\"@type\":\"EntryPoint\",\"urlTemplate\":\"https:\/\/dev6.erresse-shop.it\/?s={search_term_string}\"},\"query-input\":{\"@type\":\"PropertyValueSpecification\",\"valueRequired\":true,\"valueName\":\"search_term_string\"}}],\"inLanguage\":\"fr-FR\"},{\"@type\":\"Organization\",\"@id\":\"https:\/\/dev6.erresse-shop.it\/#organization\",\"name\":\"Erresse Shop\",\"url\":\"https:\/\/dev6.erresse-shop.it\/\",\"logo\":{\"@type\":\"ImageObject\",\"inLanguage\":\"fr-FR\",\"@id\":\"https:\/\/dev6.erresse-shop.it\/#\/schema\/logo\/image\/\",\"url\":\"https:\/\/dev6.erresse-shop.it\/wp-content\/uploads\/2025\/01\/LOGO-ERRESSE-CLASSICO.svg\",\"contentUrl\":\"https:\/\/dev6.erresse-shop.it\/wp-content\/uploads\/2025\/01\/LOGO-ERRESSE-CLASSICO.svg\",\"caption\":\"Erresse Shop\"},\"image\":{\"@id\":\"https:\/\/dev6.erresse-shop.it\/#\/schema\/logo\/image\/\"}}]}<\/script>\n<!-- \/ Yoast SEO plugin. -->","yoast_head_json":{"title":"ROWENTA Po\u00eale \u00e0 Griller Optigrill+ XL GR712 - dev6 Erresse","description":"D\u00e9couvrez OptiGrill&#43;, l\u2019ultime innovation de Rowenta qui propose un mode manuel avec quatre niveaux de temp\u00e9rature pour des possibilit\u00e9s de cuisson","robots":{"index":"noindex","follow":"follow","max-snippet":"max-snippet:-1","max-image-preview":"max-image-preview:large","max-video-preview":"max-video-preview:-1"},"og_locale":"fr_FR","og_type":"article","og_title":"ROWENTA Po\u00eale \u00e0 Griller Optigrill+ XL GR712 - dev6 Erresse","og_description":"D\u00e9couvrez OptiGrill&#43;, l\u2019ultime innovation de Rowenta qui propose un mode manuel avec quatre niveaux de temp\u00e9rature pour des possibilit\u00e9s de cuisson","og_url":"https:\/\/dev6.erresse-shop.it\/fr\/shop\/petits-electromenagers\/grilles-et-barbecues\/rowenta-poele-a-griller-optigrill-xl-gr712\/","og_site_name":"dev6 Erresse","og_image":[{"url":"https:\/\/interpim.erresse-shop.it\/img-catalogo\/rowenta\/rowenta-bistecchiera-optigrill-xl-gr722-.jpg","type":"","width":"","height":""},{"url":"https:\/\/interpim.erresse-shop.it\/img-catalogo\/rowenta\/rowenta-bistecchiera-optigrill-xl-gr722-.jpg","width":1024,"height":1024,"type":"image\/jpeg"}],"twitter_card":"summary_large_image","twitter_image":"https:\/\/interpim.erresse-shop.it\/img-catalogo\/rowenta\/rowenta-bistecchiera-optigrill-xl-gr722-.jpg","schema":{"@context":"https:\/\/schema.org","@graph":[{"@type":"WebPage","@id":"https:\/\/dev6.erresse-shop.it\/fr\/shop\/petits-electromenagers\/grilles-et-barbecues\/rowenta-poele-a-griller-optigrill-xl-gr712\/","url":"https:\/\/dev6.erresse-shop.it\/fr\/shop\/petits-electromenagers\/grilles-et-barbecues\/rowenta-poele-a-griller-optigrill-xl-gr712\/","name":"ROWENTA Po\u00eale \u00e0 Griller Optigrill+ XL GR712 - dev6 Erresse","isPartOf":{"@id":"https:\/\/dev6.erresse-shop.it\/#website"},"primaryImageOfPage":{"@id":"https:\/\/dev6.erresse-shop.it\/fr\/shop\/petits-electromenagers\/grilles-et-barbecues\/rowenta-poele-a-griller-optigrill-xl-gr712\/#primaryimage"},"image":{"@id":"https:\/\/dev6.erresse-shop.it\/fr\/shop\/petits-electromenagers\/grilles-et-barbecues\/rowenta-poele-a-griller-optigrill-xl-gr712\/#primaryimage"},"thumbnailUrl":"https:\/\/i2.wp.com\/interpim.erresse-shop.it\/img-catalogo\/rowenta\/rowenta-bistecchiera-optigrill-xl-gr722-.jpg?ssl=1","datePublished":"2026-04-12T07:33:33+00:00","description":"D\u00e9couvrez OptiGrill&#43;, l\u2019ultime innovation de Rowenta qui propose un mode manuel avec quatre niveaux de temp\u00e9rature pour des possibilit\u00e9s de cuisson","breadcrumb":{"@id":"https:\/\/dev6.erresse-shop.it\/fr\/shop\/petits-electromenagers\/grilles-et-barbecues\/rowenta-poele-a-griller-optigrill-xl-gr712\/#breadcrumb"},"inLanguage":"fr-FR","potentialAction":[{"@type":"ReadAction","target":["https:\/\/dev6.erresse-shop.it\/fr\/shop\/petits-electromenagers\/grilles-et-barbecues\/rowenta-poele-a-griller-optigrill-xl-gr712\/"]}]},{"@type":"ImageObject","inLanguage":"fr-FR","@id":"https:\/\/dev6.erresse-shop.it\/fr\/shop\/petits-electromenagers\/grilles-et-barbecues\/rowenta-poele-a-griller-optigrill-xl-gr712\/#primaryimage","url":"https:\/\/i2.wp.com\/interpim.erresse-shop.it\/img-catalogo\/rowenta\/rowenta-bistecchiera-optigrill-xl-gr722-.jpg?ssl=1","contentUrl":"https:\/\/i2.wp.com\/interpim.erresse-shop.it\/img-catalogo\/rowenta\/rowenta-bistecchiera-optigrill-xl-gr722-.jpg?ssl=1"},{"@type":"BreadcrumbList","@id":"https:\/\/dev6.erresse-shop.it\/fr\/shop\/petits-electromenagers\/grilles-et-barbecues\/rowenta-poele-a-griller-optigrill-xl-gr712\/#breadcrumb","itemListElement":[{"@type":"ListItem","position":1,"name":"Home","item":"https:\/\/dev6.erresse-shop.it\/"},{"@type":"ListItem","position":2,"name":"Boutique","item":"https:\/\/dev6.erresse-shop.it\/shop\/"},{"@type":"ListItem","position":3,"name":"ROWENTA Po\u00eale \u00e0 Griller Optigrill+ XL GR712"}]},{"@type":"WebSite","@id":"https:\/\/dev6.erresse-shop.it\/#website","url":"https:\/\/dev6.erresse-shop.it\/","name":"Erresse Shop","description":"","publisher":{"@id":"https:\/\/dev6.erresse-shop.it\/#organization"},"potentialAction":[{"@type":"SearchAction","target":{"@type":"EntryPoint","urlTemplate":"https:\/\/dev6.erresse-shop.it\/?s={search_term_string}"},"query-input":{"@type":"PropertyValueSpecification","valueRequired":true,"valueName":"search_term_string"}}],"inLanguage":"fr-FR"},{"@type":"Organization","@id":"https:\/\/dev6.erresse-shop.it\/#organization","name":"Erresse Shop","url":"https:\/\/dev6.erresse-shop.it\/","logo":{"@type":"ImageObject","inLanguage":"fr-FR","@id":"https:\/\/dev6.erresse-shop.it\/#\/schema\/logo\/image\/","url":"https:\/\/dev6.erresse-shop.it\/wp-content\/uploads\/2025\/01\/LOGO-ERRESSE-CLASSICO.svg","contentUrl":"https:\/\/dev6.erresse-shop.it\/wp-content\/uploads\/2025\/01\/LOGO-ERRESSE-CLASSICO.svg","caption":"Erresse Shop"},"image":{"@id":"https:\/\/dev6.erresse-shop.it\/#\/schema\/logo\/image\/"}}]}},"df_price":"","df_sale_price":"","df_regular_price":"","df_image_link":"https:\/\/i2.wp.com\/interpim.erresse-shop.it\/img-catalogo\/rowenta\/rowenta-bistecchiera-optigrill-xl-gr722-.jpg?resize=300,300&ssl=1","fifu_image_url":"https:\/\/interpim.erresse-shop.it\/img-catalogo\/rowenta\/rowenta-bistecchiera-optigrill-xl-gr722-.jpg","_links":{"self":[{"href":"https:\/\/dev6.erresse-shop.it\/fr\/wp-json\/wp\/v2\/product\/61354","targetHints":{"allow":["GET"]}}],"collection":[{"href":"https:\/\/dev6.erresse-shop.it\/fr\/wp-json\/wp\/v2\/product"}],"about":[{"href":"https:\/\/dev6.erresse-shop.it\/fr\/wp-json\/wp\/v2\/types\/product"}],"wp:featuredmedia":[{"embeddable":true,"href":"https:\/\/dev6.erresse-shop.it\/fr\/wp-json\/wp\/v2\/media\/6361376"}],"wp:attachment":[{"href":"https:\/\/dev6.erresse-shop.it\/fr\/wp-json\/wp\/v2\/media?parent=61354"}],"wp:term":[{"taxonomy":"product_cat","embeddable":true,"href":"https:\/\/dev6.erresse-shop.it\/fr\/wp-json\/wp\/v2\/product_cat?post=61354"},{"taxonomy":"product_tag","embeddable":true,"href":"https:\/\/dev6.erresse-shop.it\/fr\/wp-json\/wp\/v2\/product_tag?post=61354"}],"curies":[{"name":"wp","href":"https:\/\/api.w.org\/{rel}","templated":true}]}}