{"id":61352,"date":"2026-04-12T09:33:33","date_gmt":"2026-04-12T07:33:33","guid":{"rendered":"https:\/\/dev6.erresse-shop.it\/shop\/non%20class\u00e9\/rowenta-poele-a-griller-optigrill-elite-gr750\/"},"modified":"2025-07-04T16:54:10","modified_gmt":"2025-07-04T14:54:10","slug":"rowenta-poele-a-griller-optigrill-elite-gr750","status":"publish","type":"product","link":"https:\/\/dev6.erresse-shop.it\/fr\/shop\/petits-electromenagers\/grilles-et-barbecues\/rowenta-poele-a-griller-optigrill-elite-gr750\/","title":{"rendered":"ROWENTA Po\u00eale \u00e0 Griller Optigrill Elite GR750"},"content":{"rendered":"<p>Cuisinez la viande comme un vrai chef pour un succ\u00e8s garanti aupr\u00e8s de vos convives, quel que soit le type de cuisson souhait\u00e9 (de saignant \u00e0 bien cuit). La technologie intelligente brevet\u00e9e OptiGrill ajuste automatiquement les param\u00e8tres de cuisson optimaux en fonction de l\u2019\u00e9paisseur des aliments pour des r\u00e9sultats parfaits.<br \/>\nLaissez-vous guider pas \u00e0 pas par l\u2019assistant de cuisson intuitif, qui vous avertit lorsque vous pouvez ajouter ou retirer de la viande, quel que soit le niveau de cuisson souhait\u00e9 (saignant, \u00e0 point ou bien cuit). Gr\u00e2ce \u00e0 la nouvelle fonction de cuisson \u00e0 feu vif, le gril \u00e9lectrique OptiGrill Elite cuit les viandes \u00e0 la perfection, comme au restaurant. D\u00e9couvrez chaque jour les possibilit\u00e9s infinies de ce gril \u00e9lectrique gr\u00e2ce aux 12 programmes automatiques qui vous permettent de cuire non seulement la viande rouge mais aussi d\u2019autres aliments savoureux, tels que le poulet, le poisson, les l\u00e9gumes et bien plus encore, sans avoir besoin de surveiller la cuisson. L\u2019OptiGrill Elite passe au lave-vaisselle pour une exp\u00e9rience de cuisson optimale et comprend un livre de recettes pour vous offrir des possibilit\u00e9s de cuisson infinies !<\/p>\n<p>AFFICHAGE INTUITIF : D\u00e9couvrez le premier affichage intuitif qui vous guide pas \u00e0 pas dans la pr\u00e9paration de vos grillades et vous alerte par un compte \u00e0 rebours pr\u00e9cis lorsque le niveau de cuisson souhait\u00e9 est atteint (saignant, \u00e0 point ou bien cuit).<br \/>\n12 PROGRAMMES AUTOMATIQUES : Gr\u00e2ce aux 12 programmes de cuisson automatique, vous pouvez cuire de la viande rouge, du poulet, du poisson, des l\u00e9gumes et bien plus encore, sans avoir besoin de surveiller la cuisson ; organisez des barbecues ensemble et pr\u00e9parez de savoureux hamburgers avec le gril Rowenta !<br \/>\n2 NOUVELLES FONCTIONS : Fonction extra grill (la viande sera parfaitement grill\u00e9e et ray\u00e9e, comme au restaurant) ; et Fonction surgel\u00e9s (pour d\u00e9congeler et cuire vos ingr\u00e9dients tout en pr\u00e9servant leur go\u00fbt).<br \/>\nCAPTEUR DE CUISSON AUTOMATIQUE : Gr\u00e2ce au capteur automatique, le smart grill calcule l\u2019\u00e9paisseur et le nombre de morceaux de viande \u00e0 cuire, en ajustant automatiquement le temps de cuisson pour des r\u00e9sultats parfaits.<br \/>\nLIVRE DE RECETTES INCLUS : Le livre de recettes inclus contient plus de 20 recettes pour des barbecues savoureux en famille et entre amis, qui vous inspireront jour apr\u00e8s jour.<br \/>\nFACILE \u00c0 NETTOYER : le bac de r\u00e9cup\u00e9ration des graisses et les plaques antiadh\u00e9sives amovibles passent au lave-vaisselle et sont faciles \u00e0 nettoyer.<\/p>\n<p>CARACT\u00c9RISTIQUES<\/p>\n<p>Canal d\u2019\u00e9vacuation des jus et des graisses : oui<br \/>\nIndicateur de chauffe : oui<br \/>\nCompatible avec le lave-vaisselle : oui<br \/>\nContr\u00f4le de la temp\u00e9rature : oui<br \/>\nPuissance maximale : 2000W<br \/>\nThermostat : oui<br \/>\nPlaques amovibles : oui<br \/>\nMinuterie : oui<\/p>\n","protected":false},"excerpt":{"rendered":"<p>Cuisinez la viande comme un vrai chef pour un succ\u00e8s garanti aupr\u00e8s de vos convives, quel que soit le type de cuisson souhait\u00e9 (de saignant \u00e0 bien cuit). La technologie intelligente brevet\u00e9e OptiGrill ajuste automatiquement les param\u00e8tres de cuisson optimaux en fonction de l\u2019\u00e9paisseur des aliments pour des r\u00e9sultats parfaits. Laissez-vous guider pas \u00e0 pas [&hellip;]<\/p>\n","protected":false},"featured_media":6361352,"template":"","meta":{"_acf_changed":false},"product_cat":[12087,12055],"product_tag":[],"class_list":{"0":"post-61352","1":"product","2":"type-product","3":"status-publish","4":"has-post-thumbnail","6":"product_cat-grilles-et-barbecues","7":"product_cat-petits-electromenagers","9":"first","10":"outofstock","11":"taxable","12":"shipping-taxable","13":"product-type-simple","swatches":"rey-swatches","show_selected":"","stretch_labels":"rey-swatches--stretch-labels"},"acf":[],"yoast_head":"<!-- This site is optimized with the Yoast SEO plugin v25.4 - https:\/\/yoast.com\/wordpress\/plugins\/seo\/ -->\n<title>ROWENTA Po\u00eale \u00e0 Griller Optigrill Elite GR750 - dev6 Erresse<\/title>\n<meta name=\"description\" content=\"Cuisinez la viande comme un vrai chef pour un succ\u00e8s garanti aupr\u00e8s de vos convives, quel que soit le type de cuisson souhait\u00e9 (de saignant \u00e0 bien cuit).\" \/>\n<meta name=\"robots\" content=\"noindex, follow, max-snippet:-1, max-image-preview:large, max-video-preview:-1\" \/>\n<meta property=\"og:locale\" content=\"fr_FR\" \/>\n<meta property=\"og:type\" content=\"article\" \/>\n<meta property=\"og:title\" content=\"ROWENTA Po\u00eale \u00e0 Griller Optigrill Elite GR750 - dev6 Erresse\" \/>\n<meta property=\"og:description\" content=\"Cuisinez la viande comme un vrai chef pour un succ\u00e8s garanti aupr\u00e8s de vos convives, quel que soit le type de cuisson souhait\u00e9 (de saignant \u00e0 bien cuit).\" \/>\n<meta property=\"og:url\" content=\"https:\/\/dev6.erresse-shop.it\/fr\/shop\/petits-electromenagers\/grilles-et-barbecues\/rowenta-poele-a-griller-optigrill-elite-gr750\/\" \/>\n<meta property=\"og:site_name\" content=\"dev6 Erresse\" \/>\n<meta property=\"og:image\" content=\"https:\/\/interpim.erresse-shop.it\/img-catalogo\/rowenta\/rowenta-bistecchiera-optigrill-elite-gr750.jpg\" \/><meta property=\"og:image\" content=\"https:\/\/interpim.erresse-shop.it\/img-catalogo\/rowenta\/rowenta-bistecchiera-optigrill-elite-gr750.jpg\" \/>\n\t<meta property=\"og:image:width\" content=\"1024\" \/>\n\t<meta property=\"og:image:height\" content=\"1024\" \/>\n\t<meta property=\"og:image:type\" content=\"image\/jpeg\" \/>\n<meta name=\"twitter:card\" content=\"summary_large_image\" \/>\n<meta name=\"twitter:image\" content=\"https:\/\/interpim.erresse-shop.it\/img-catalogo\/rowenta\/rowenta-bistecchiera-optigrill-elite-gr750.jpg\" \/>\n<script type=\"application\/ld+json\" class=\"yoast-schema-graph\">{\"@context\":\"https:\/\/schema.org\",\"@graph\":[{\"@type\":\"WebPage\",\"@id\":\"https:\/\/dev6.erresse-shop.it\/fr\/shop\/petits-electromenagers\/grilles-et-barbecues\/rowenta-poele-a-griller-optigrill-elite-gr750\/\",\"url\":\"https:\/\/dev6.erresse-shop.it\/fr\/shop\/petits-electromenagers\/grilles-et-barbecues\/rowenta-poele-a-griller-optigrill-elite-gr750\/\",\"name\":\"ROWENTA Po\u00eale \u00e0 Griller Optigrill Elite GR750 - dev6 Erresse\",\"isPartOf\":{\"@id\":\"https:\/\/dev6.erresse-shop.it\/#website\"},\"primaryImageOfPage\":{\"@id\":\"https:\/\/dev6.erresse-shop.it\/fr\/shop\/petits-electromenagers\/grilles-et-barbecues\/rowenta-poele-a-griller-optigrill-elite-gr750\/#primaryimage\"},\"image\":{\"@id\":\"https:\/\/dev6.erresse-shop.it\/fr\/shop\/petits-electromenagers\/grilles-et-barbecues\/rowenta-poele-a-griller-optigrill-elite-gr750\/#primaryimage\"},\"thumbnailUrl\":\"https:\/\/i3.wp.com\/interpim.erresse-shop.it\/img-catalogo\/rowenta\/rowenta-bistecchiera-optigrill-elite-gr750.jpg?ssl=1\",\"datePublished\":\"2026-04-12T07:33:33+00:00\",\"description\":\"Cuisinez la viande comme un vrai chef pour un succ\u00e8s garanti aupr\u00e8s de vos convives, quel que soit le type de cuisson souhait\u00e9 (de saignant \u00e0 bien cuit).\",\"breadcrumb\":{\"@id\":\"https:\/\/dev6.erresse-shop.it\/fr\/shop\/petits-electromenagers\/grilles-et-barbecues\/rowenta-poele-a-griller-optigrill-elite-gr750\/#breadcrumb\"},\"inLanguage\":\"fr-FR\",\"potentialAction\":[{\"@type\":\"ReadAction\",\"target\":[\"https:\/\/dev6.erresse-shop.it\/fr\/shop\/petits-electromenagers\/grilles-et-barbecues\/rowenta-poele-a-griller-optigrill-elite-gr750\/\"]}]},{\"@type\":\"ImageObject\",\"inLanguage\":\"fr-FR\",\"@id\":\"https:\/\/dev6.erresse-shop.it\/fr\/shop\/petits-electromenagers\/grilles-et-barbecues\/rowenta-poele-a-griller-optigrill-elite-gr750\/#primaryimage\",\"url\":\"https:\/\/i3.wp.com\/interpim.erresse-shop.it\/img-catalogo\/rowenta\/rowenta-bistecchiera-optigrill-elite-gr750.jpg?ssl=1\",\"contentUrl\":\"https:\/\/i3.wp.com\/interpim.erresse-shop.it\/img-catalogo\/rowenta\/rowenta-bistecchiera-optigrill-elite-gr750.jpg?ssl=1\"},{\"@type\":\"BreadcrumbList\",\"@id\":\"https:\/\/dev6.erresse-shop.it\/fr\/shop\/petits-electromenagers\/grilles-et-barbecues\/rowenta-poele-a-griller-optigrill-elite-gr750\/#breadcrumb\",\"itemListElement\":[{\"@type\":\"ListItem\",\"position\":1,\"name\":\"Home\",\"item\":\"https:\/\/dev6.erresse-shop.it\/\"},{\"@type\":\"ListItem\",\"position\":2,\"name\":\"Boutique\",\"item\":\"https:\/\/dev6.erresse-shop.it\/shop\/\"},{\"@type\":\"ListItem\",\"position\":3,\"name\":\"ROWENTA Po\u00eale \u00e0 Griller Optigrill Elite GR750\"}]},{\"@type\":\"WebSite\",\"@id\":\"https:\/\/dev6.erresse-shop.it\/#website\",\"url\":\"https:\/\/dev6.erresse-shop.it\/\",\"name\":\"Erresse Shop\",\"description\":\"\",\"publisher\":{\"@id\":\"https:\/\/dev6.erresse-shop.it\/#organization\"},\"potentialAction\":[{\"@type\":\"SearchAction\",\"target\":{\"@type\":\"EntryPoint\",\"urlTemplate\":\"https:\/\/dev6.erresse-shop.it\/?s={search_term_string}\"},\"query-input\":{\"@type\":\"PropertyValueSpecification\",\"valueRequired\":true,\"valueName\":\"search_term_string\"}}],\"inLanguage\":\"fr-FR\"},{\"@type\":\"Organization\",\"@id\":\"https:\/\/dev6.erresse-shop.it\/#organization\",\"name\":\"Erresse Shop\",\"url\":\"https:\/\/dev6.erresse-shop.it\/\",\"logo\":{\"@type\":\"ImageObject\",\"inLanguage\":\"fr-FR\",\"@id\":\"https:\/\/dev6.erresse-shop.it\/#\/schema\/logo\/image\/\",\"url\":\"https:\/\/dev6.erresse-shop.it\/wp-content\/uploads\/2025\/01\/LOGO-ERRESSE-CLASSICO.svg\",\"contentUrl\":\"https:\/\/dev6.erresse-shop.it\/wp-content\/uploads\/2025\/01\/LOGO-ERRESSE-CLASSICO.svg\",\"caption\":\"Erresse Shop\"},\"image\":{\"@id\":\"https:\/\/dev6.erresse-shop.it\/#\/schema\/logo\/image\/\"}}]}<\/script>\n<!-- \/ Yoast SEO plugin. -->","yoast_head_json":{"title":"ROWENTA Po\u00eale \u00e0 Griller Optigrill Elite GR750 - dev6 Erresse","description":"Cuisinez la viande comme un vrai chef pour un succ\u00e8s garanti aupr\u00e8s de vos convives, quel que soit le type de cuisson souhait\u00e9 (de saignant \u00e0 bien cuit).","robots":{"index":"noindex","follow":"follow","max-snippet":"max-snippet:-1","max-image-preview":"max-image-preview:large","max-video-preview":"max-video-preview:-1"},"og_locale":"fr_FR","og_type":"article","og_title":"ROWENTA Po\u00eale \u00e0 Griller Optigrill Elite GR750 - dev6 Erresse","og_description":"Cuisinez la viande comme un vrai chef pour un succ\u00e8s garanti aupr\u00e8s de vos convives, quel que soit le type de cuisson souhait\u00e9 (de saignant \u00e0 bien cuit).","og_url":"https:\/\/dev6.erresse-shop.it\/fr\/shop\/petits-electromenagers\/grilles-et-barbecues\/rowenta-poele-a-griller-optigrill-elite-gr750\/","og_site_name":"dev6 Erresse","og_image":[{"url":"https:\/\/interpim.erresse-shop.it\/img-catalogo\/rowenta\/rowenta-bistecchiera-optigrill-elite-gr750.jpg","type":"","width":"","height":""},{"url":"https:\/\/interpim.erresse-shop.it\/img-catalogo\/rowenta\/rowenta-bistecchiera-optigrill-elite-gr750.jpg","width":1024,"height":1024,"type":"image\/jpeg"}],"twitter_card":"summary_large_image","twitter_image":"https:\/\/interpim.erresse-shop.it\/img-catalogo\/rowenta\/rowenta-bistecchiera-optigrill-elite-gr750.jpg","schema":{"@context":"https:\/\/schema.org","@graph":[{"@type":"WebPage","@id":"https:\/\/dev6.erresse-shop.it\/fr\/shop\/petits-electromenagers\/grilles-et-barbecues\/rowenta-poele-a-griller-optigrill-elite-gr750\/","url":"https:\/\/dev6.erresse-shop.it\/fr\/shop\/petits-electromenagers\/grilles-et-barbecues\/rowenta-poele-a-griller-optigrill-elite-gr750\/","name":"ROWENTA Po\u00eale \u00e0 Griller Optigrill Elite GR750 - dev6 Erresse","isPartOf":{"@id":"https:\/\/dev6.erresse-shop.it\/#website"},"primaryImageOfPage":{"@id":"https:\/\/dev6.erresse-shop.it\/fr\/shop\/petits-electromenagers\/grilles-et-barbecues\/rowenta-poele-a-griller-optigrill-elite-gr750\/#primaryimage"},"image":{"@id":"https:\/\/dev6.erresse-shop.it\/fr\/shop\/petits-electromenagers\/grilles-et-barbecues\/rowenta-poele-a-griller-optigrill-elite-gr750\/#primaryimage"},"thumbnailUrl":"https:\/\/i3.wp.com\/interpim.erresse-shop.it\/img-catalogo\/rowenta\/rowenta-bistecchiera-optigrill-elite-gr750.jpg?ssl=1","datePublished":"2026-04-12T07:33:33+00:00","description":"Cuisinez la viande comme un vrai chef pour un succ\u00e8s garanti aupr\u00e8s de vos convives, quel que soit le type de cuisson souhait\u00e9 (de saignant \u00e0 bien cuit).","breadcrumb":{"@id":"https:\/\/dev6.erresse-shop.it\/fr\/shop\/petits-electromenagers\/grilles-et-barbecues\/rowenta-poele-a-griller-optigrill-elite-gr750\/#breadcrumb"},"inLanguage":"fr-FR","potentialAction":[{"@type":"ReadAction","target":["https:\/\/dev6.erresse-shop.it\/fr\/shop\/petits-electromenagers\/grilles-et-barbecues\/rowenta-poele-a-griller-optigrill-elite-gr750\/"]}]},{"@type":"ImageObject","inLanguage":"fr-FR","@id":"https:\/\/dev6.erresse-shop.it\/fr\/shop\/petits-electromenagers\/grilles-et-barbecues\/rowenta-poele-a-griller-optigrill-elite-gr750\/#primaryimage","url":"https:\/\/i3.wp.com\/interpim.erresse-shop.it\/img-catalogo\/rowenta\/rowenta-bistecchiera-optigrill-elite-gr750.jpg?ssl=1","contentUrl":"https:\/\/i3.wp.com\/interpim.erresse-shop.it\/img-catalogo\/rowenta\/rowenta-bistecchiera-optigrill-elite-gr750.jpg?ssl=1"},{"@type":"BreadcrumbList","@id":"https:\/\/dev6.erresse-shop.it\/fr\/shop\/petits-electromenagers\/grilles-et-barbecues\/rowenta-poele-a-griller-optigrill-elite-gr750\/#breadcrumb","itemListElement":[{"@type":"ListItem","position":1,"name":"Home","item":"https:\/\/dev6.erresse-shop.it\/"},{"@type":"ListItem","position":2,"name":"Boutique","item":"https:\/\/dev6.erresse-shop.it\/shop\/"},{"@type":"ListItem","position":3,"name":"ROWENTA Po\u00eale \u00e0 Griller Optigrill Elite GR750"}]},{"@type":"WebSite","@id":"https:\/\/dev6.erresse-shop.it\/#website","url":"https:\/\/dev6.erresse-shop.it\/","name":"Erresse Shop","description":"","publisher":{"@id":"https:\/\/dev6.erresse-shop.it\/#organization"},"potentialAction":[{"@type":"SearchAction","target":{"@type":"EntryPoint","urlTemplate":"https:\/\/dev6.erresse-shop.it\/?s={search_term_string}"},"query-input":{"@type":"PropertyValueSpecification","valueRequired":true,"valueName":"search_term_string"}}],"inLanguage":"fr-FR"},{"@type":"Organization","@id":"https:\/\/dev6.erresse-shop.it\/#organization","name":"Erresse Shop","url":"https:\/\/dev6.erresse-shop.it\/","logo":{"@type":"ImageObject","inLanguage":"fr-FR","@id":"https:\/\/dev6.erresse-shop.it\/#\/schema\/logo\/image\/","url":"https:\/\/dev6.erresse-shop.it\/wp-content\/uploads\/2025\/01\/LOGO-ERRESSE-CLASSICO.svg","contentUrl":"https:\/\/dev6.erresse-shop.it\/wp-content\/uploads\/2025\/01\/LOGO-ERRESSE-CLASSICO.svg","caption":"Erresse Shop"},"image":{"@id":"https:\/\/dev6.erresse-shop.it\/#\/schema\/logo\/image\/"}}]}},"df_price":"","df_sale_price":"","df_regular_price":"","df_image_link":"https:\/\/i3.wp.com\/interpim.erresse-shop.it\/img-catalogo\/rowenta\/rowenta-bistecchiera-optigrill-elite-gr750.jpg?resize=300,300&ssl=1","fifu_image_url":"https:\/\/interpim.erresse-shop.it\/img-catalogo\/rowenta\/rowenta-bistecchiera-optigrill-elite-gr750.jpg","_links":{"self":[{"href":"https:\/\/dev6.erresse-shop.it\/fr\/wp-json\/wp\/v2\/product\/61352","targetHints":{"allow":["GET"]}}],"collection":[{"href":"https:\/\/dev6.erresse-shop.it\/fr\/wp-json\/wp\/v2\/product"}],"about":[{"href":"https:\/\/dev6.erresse-shop.it\/fr\/wp-json\/wp\/v2\/types\/product"}],"wp:featuredmedia":[{"embeddable":true,"href":"https:\/\/dev6.erresse-shop.it\/fr\/wp-json\/wp\/v2\/media\/6361352"}],"wp:attachment":[{"href":"https:\/\/dev6.erresse-shop.it\/fr\/wp-json\/wp\/v2\/media?parent=61352"}],"wp:term":[{"taxonomy":"product_cat","embeddable":true,"href":"https:\/\/dev6.erresse-shop.it\/fr\/wp-json\/wp\/v2\/product_cat?post=61352"},{"taxonomy":"product_tag","embeddable":true,"href":"https:\/\/dev6.erresse-shop.it\/fr\/wp-json\/wp\/v2\/product_tag?post=61352"}],"curies":[{"name":"wp","href":"https:\/\/api.w.org\/{rel}","templated":true}]}}