{"id":61350,"date":"2026-04-12T09:33:33","date_gmt":"2026-04-12T07:33:33","guid":{"rendered":"https:\/\/dev6.erresse-shop.it\/shop\/non%20class\u00e9\/weber-barbecue-electrique-q-2400\/"},"modified":"2025-07-04T16:54:06","modified_gmt":"2025-07-04T14:54:06","slug":"weber-barbecue-electrique-q-2400","status":"publish","type":"product","link":"https:\/\/dev6.erresse-shop.it\/fr\/shop\/petits-electromenagers\/grilles-et-barbecues\/weber-barbecue-electrique-q-2400\/","title":{"rendered":"WEBER Barbecue \u00c8lectrique Q 2400"},"content":{"rendered":"<p>Le barbecue \u00e9lectrique Weber Q2400 permet de griller une grande quantit\u00e9 d\u2019aliments sur tous les types de terrasses. C\u2019est pourquoi il est le gril recommand\u00e9 pour les personnes qui vivent en ville ou qui ont besoin de transporter facilement l\u2019appareil dans leur maison de vacances. Compact, puissant et efficace, il garantit des r\u00e9sultats optimaux avec un minimum d\u2019efforts. Le tout sans l\u2019encombrement de la bouteille et l\u2019inconv\u00e9nient de devoir la remplir.<\/p>\n<p>CARACT\u00c9RISTIQUES<\/p>\n<p>Puissance : 2,2 Kw<br \/>\nCouvercle avec d\u00e9flecteur de chaleur Pour augmenter les performances du gril, un d\u00e9flecteur de chaleur a \u00e9t\u00e9 plac\u00e9 sur la paroi int\u00e9rieure du couvercle ; ce dispositif assure une distribution plus uniforme de la chaleur, en augmentant l\u2019efficacit\u00e9 (et la temp\u00e9rature) des courants de convection pour une cuisson compl\u00e8te.<br \/>\nle couvercle et le brasero en fonte d\u2019aluminium rendent le gril tr\u00e8s l\u00e9ger et donc facile \u00e0 transporter<br \/>\nbac de r\u00e9cup\u00e9ration des graisses pratique et jetable, facilement amovible pour faciliter le nettoyage du gril<br \/>\ndimensions du gril : 55 x 39 cm ; les grilles sont enti\u00e8rement en fonte lourde : ce gril permet de cuire n\u2019importe quel type de steak, de la tranche au T-bone de 2 kg<br \/>\nbouton de r\u00e9glage de la temp\u00e9rature<br \/>\nch\u00e2ssis en nylon renforc\u00e9 de fibres de verre<br \/>\ngrande poign\u00e9e thermo-isolante<\/p>\n<p>CARACT\u00c9RISTIQUES TECHNIQUES<\/p>\n<p>Dimensions \u2013 couvercle ouvert : 66,1 cm h x 80,1 cm l x 63,8 cm p<br \/>\nDimensions \u2013 couvercle ferm\u00e9 : 36,9 cm h x 80,1 cm l x 49,6 cm p<br \/>\nSurface de cuisson totale : 54\u00d739 cm<br \/>\nType de combustible : \u00e9lectrique<\/p>\n","protected":false},"excerpt":{"rendered":"<p>Le barbecue \u00e9lectrique Weber Q2400 permet de griller une grande quantit\u00e9 d\u2019aliments sur tous les types de terrasses. C\u2019est pourquoi il est le gril recommand\u00e9 pour les personnes qui vivent en ville ou qui ont besoin de transporter facilement l\u2019appareil dans leur maison de vacances. Compact, puissant et efficace, il garantit des r\u00e9sultats optimaux avec [&hellip;]<\/p>\n","protected":false},"featured_media":6361329,"template":"","meta":{"_acf_changed":false},"product_cat":[12087,12055],"product_tag":[],"class_list":{"0":"post-61350","1":"product","2":"type-product","3":"status-publish","4":"has-post-thumbnail","6":"product_cat-grilles-et-barbecues","7":"product_cat-petits-electromenagers","9":"first","10":"outofstock","11":"sale","12":"taxable","13":"shipping-taxable","14":"purchasable","15":"product-type-simple","swatches":"rey-swatches","show_selected":"","stretch_labels":"rey-swatches--stretch-labels"},"acf":[],"yoast_head":"<!-- This site is optimized with the Yoast SEO plugin v25.4 - https:\/\/yoast.com\/wordpress\/plugins\/seo\/ -->\n<title>WEBER Barbecue \u00c8lectrique Q 2400 - dev6 Erresse<\/title>\n<meta name=\"description\" content=\"Le barbecue \u00e9lectrique Weber Q2400 permet de griller une grande quantit\u00e9 d\u2019aliments sur tous les types de terrasses. C\u2019est pourquoi il est le gril\" \/>\n<meta name=\"robots\" content=\"noindex, follow, max-snippet:-1, max-image-preview:large, max-video-preview:-1\" \/>\n<meta property=\"og:locale\" content=\"fr_FR\" \/>\n<meta property=\"og:type\" content=\"article\" \/>\n<meta property=\"og:title\" content=\"WEBER Barbecue \u00c8lectrique Q 2400 - dev6 Erresse\" \/>\n<meta property=\"og:description\" content=\"Le barbecue \u00e9lectrique Weber Q2400 permet de griller une grande quantit\u00e9 d\u2019aliments sur tous les types de terrasses. C\u2019est pourquoi il est le gril\" \/>\n<meta property=\"og:url\" content=\"https:\/\/dev6.erresse-shop.it\/fr\/shop\/petits-electromenagers\/grilles-et-barbecues\/weber-barbecue-electrique-q-2400\/\" \/>\n<meta property=\"og:site_name\" content=\"dev6 Erresse\" \/>\n<meta property=\"og:image\" content=\"https:\/\/interpim.erresse-shop.it\/img-catalogo\/weber\/weber-barbecue-elettrico-q-2400.jpg\" \/><meta property=\"og:image\" content=\"https:\/\/interpim.erresse-shop.it\/img-catalogo\/weber\/weber-barbecue-elettrico-q-2400.jpg\" \/>\n\t<meta property=\"og:image:width\" content=\"1024\" \/>\n\t<meta property=\"og:image:height\" content=\"1024\" \/>\n\t<meta property=\"og:image:type\" content=\"image\/jpeg\" \/>\n<meta name=\"twitter:card\" content=\"summary_large_image\" \/>\n<meta name=\"twitter:image\" content=\"https:\/\/interpim.erresse-shop.it\/img-catalogo\/weber\/weber-barbecue-elettrico-q-2400.jpg\" \/>\n<script type=\"application\/ld+json\" class=\"yoast-schema-graph\">{\"@context\":\"https:\/\/schema.org\",\"@graph\":[{\"@type\":\"WebPage\",\"@id\":\"https:\/\/dev6.erresse-shop.it\/fr\/shop\/petits-electromenagers\/grilles-et-barbecues\/weber-barbecue-electrique-q-2400\/\",\"url\":\"https:\/\/dev6.erresse-shop.it\/fr\/shop\/petits-electromenagers\/grilles-et-barbecues\/weber-barbecue-electrique-q-2400\/\",\"name\":\"WEBER Barbecue \u00c8lectrique Q 2400 - dev6 Erresse\",\"isPartOf\":{\"@id\":\"https:\/\/dev6.erresse-shop.it\/#website\"},\"primaryImageOfPage\":{\"@id\":\"https:\/\/dev6.erresse-shop.it\/fr\/shop\/petits-electromenagers\/grilles-et-barbecues\/weber-barbecue-electrique-q-2400\/#primaryimage\"},\"image\":{\"@id\":\"https:\/\/dev6.erresse-shop.it\/fr\/shop\/petits-electromenagers\/grilles-et-barbecues\/weber-barbecue-electrique-q-2400\/#primaryimage\"},\"thumbnailUrl\":\"https:\/\/i1.wp.com\/interpim.erresse-shop.it\/img-catalogo\/weber\/weber-barbecue-elettrico-q-2400.jpg?ssl=1\",\"datePublished\":\"2026-04-12T07:33:33+00:00\",\"description\":\"Le barbecue \u00e9lectrique Weber Q2400 permet de griller une grande quantit\u00e9 d\u2019aliments sur tous les types de terrasses. C\u2019est pourquoi il est le gril\",\"breadcrumb\":{\"@id\":\"https:\/\/dev6.erresse-shop.it\/fr\/shop\/petits-electromenagers\/grilles-et-barbecues\/weber-barbecue-electrique-q-2400\/#breadcrumb\"},\"inLanguage\":\"fr-FR\",\"potentialAction\":[{\"@type\":\"ReadAction\",\"target\":[\"https:\/\/dev6.erresse-shop.it\/fr\/shop\/petits-electromenagers\/grilles-et-barbecues\/weber-barbecue-electrique-q-2400\/\"]}]},{\"@type\":\"ImageObject\",\"inLanguage\":\"fr-FR\",\"@id\":\"https:\/\/dev6.erresse-shop.it\/fr\/shop\/petits-electromenagers\/grilles-et-barbecues\/weber-barbecue-electrique-q-2400\/#primaryimage\",\"url\":\"https:\/\/i1.wp.com\/interpim.erresse-shop.it\/img-catalogo\/weber\/weber-barbecue-elettrico-q-2400.jpg?ssl=1\",\"contentUrl\":\"https:\/\/i1.wp.com\/interpim.erresse-shop.it\/img-catalogo\/weber\/weber-barbecue-elettrico-q-2400.jpg?ssl=1\"},{\"@type\":\"BreadcrumbList\",\"@id\":\"https:\/\/dev6.erresse-shop.it\/fr\/shop\/petits-electromenagers\/grilles-et-barbecues\/weber-barbecue-electrique-q-2400\/#breadcrumb\",\"itemListElement\":[{\"@type\":\"ListItem\",\"position\":1,\"name\":\"Home\",\"item\":\"https:\/\/dev6.erresse-shop.it\/\"},{\"@type\":\"ListItem\",\"position\":2,\"name\":\"Boutique\",\"item\":\"https:\/\/dev6.erresse-shop.it\/shop\/\"},{\"@type\":\"ListItem\",\"position\":3,\"name\":\"WEBER Barbecue \u00c8lectrique Q 2400\"}]},{\"@type\":\"WebSite\",\"@id\":\"https:\/\/dev6.erresse-shop.it\/#website\",\"url\":\"https:\/\/dev6.erresse-shop.it\/\",\"name\":\"Erresse Shop\",\"description\":\"\",\"publisher\":{\"@id\":\"https:\/\/dev6.erresse-shop.it\/#organization\"},\"potentialAction\":[{\"@type\":\"SearchAction\",\"target\":{\"@type\":\"EntryPoint\",\"urlTemplate\":\"https:\/\/dev6.erresse-shop.it\/?s={search_term_string}\"},\"query-input\":{\"@type\":\"PropertyValueSpecification\",\"valueRequired\":true,\"valueName\":\"search_term_string\"}}],\"inLanguage\":\"fr-FR\"},{\"@type\":\"Organization\",\"@id\":\"https:\/\/dev6.erresse-shop.it\/#organization\",\"name\":\"Erresse Shop\",\"url\":\"https:\/\/dev6.erresse-shop.it\/\",\"logo\":{\"@type\":\"ImageObject\",\"inLanguage\":\"fr-FR\",\"@id\":\"https:\/\/dev6.erresse-shop.it\/#\/schema\/logo\/image\/\",\"url\":\"https:\/\/dev6.erresse-shop.it\/wp-content\/uploads\/2025\/01\/LOGO-ERRESSE-CLASSICO.svg\",\"contentUrl\":\"https:\/\/dev6.erresse-shop.it\/wp-content\/uploads\/2025\/01\/LOGO-ERRESSE-CLASSICO.svg\",\"caption\":\"Erresse Shop\"},\"image\":{\"@id\":\"https:\/\/dev6.erresse-shop.it\/#\/schema\/logo\/image\/\"}}]}<\/script>\n<!-- \/ Yoast SEO plugin. -->","yoast_head_json":{"title":"WEBER Barbecue \u00c8lectrique Q 2400 - dev6 Erresse","description":"Le barbecue \u00e9lectrique Weber Q2400 permet de griller une grande quantit\u00e9 d\u2019aliments sur tous les types de terrasses. C\u2019est pourquoi il est le gril","robots":{"index":"noindex","follow":"follow","max-snippet":"max-snippet:-1","max-image-preview":"max-image-preview:large","max-video-preview":"max-video-preview:-1"},"og_locale":"fr_FR","og_type":"article","og_title":"WEBER Barbecue \u00c8lectrique Q 2400 - dev6 Erresse","og_description":"Le barbecue \u00e9lectrique Weber Q2400 permet de griller une grande quantit\u00e9 d\u2019aliments sur tous les types de terrasses. C\u2019est pourquoi il est le gril","og_url":"https:\/\/dev6.erresse-shop.it\/fr\/shop\/petits-electromenagers\/grilles-et-barbecues\/weber-barbecue-electrique-q-2400\/","og_site_name":"dev6 Erresse","og_image":[{"url":"https:\/\/interpim.erresse-shop.it\/img-catalogo\/weber\/weber-barbecue-elettrico-q-2400.jpg","type":"","width":"","height":""},{"url":"https:\/\/interpim.erresse-shop.it\/img-catalogo\/weber\/weber-barbecue-elettrico-q-2400.jpg","width":1024,"height":1024,"type":"image\/jpeg"}],"twitter_card":"summary_large_image","twitter_image":"https:\/\/interpim.erresse-shop.it\/img-catalogo\/weber\/weber-barbecue-elettrico-q-2400.jpg","schema":{"@context":"https:\/\/schema.org","@graph":[{"@type":"WebPage","@id":"https:\/\/dev6.erresse-shop.it\/fr\/shop\/petits-electromenagers\/grilles-et-barbecues\/weber-barbecue-electrique-q-2400\/","url":"https:\/\/dev6.erresse-shop.it\/fr\/shop\/petits-electromenagers\/grilles-et-barbecues\/weber-barbecue-electrique-q-2400\/","name":"WEBER Barbecue \u00c8lectrique Q 2400 - dev6 Erresse","isPartOf":{"@id":"https:\/\/dev6.erresse-shop.it\/#website"},"primaryImageOfPage":{"@id":"https:\/\/dev6.erresse-shop.it\/fr\/shop\/petits-electromenagers\/grilles-et-barbecues\/weber-barbecue-electrique-q-2400\/#primaryimage"},"image":{"@id":"https:\/\/dev6.erresse-shop.it\/fr\/shop\/petits-electromenagers\/grilles-et-barbecues\/weber-barbecue-electrique-q-2400\/#primaryimage"},"thumbnailUrl":"https:\/\/i1.wp.com\/interpim.erresse-shop.it\/img-catalogo\/weber\/weber-barbecue-elettrico-q-2400.jpg?ssl=1","datePublished":"2026-04-12T07:33:33+00:00","description":"Le barbecue \u00e9lectrique Weber Q2400 permet de griller une grande quantit\u00e9 d\u2019aliments sur tous les types de terrasses. C\u2019est pourquoi il est le gril","breadcrumb":{"@id":"https:\/\/dev6.erresse-shop.it\/fr\/shop\/petits-electromenagers\/grilles-et-barbecues\/weber-barbecue-electrique-q-2400\/#breadcrumb"},"inLanguage":"fr-FR","potentialAction":[{"@type":"ReadAction","target":["https:\/\/dev6.erresse-shop.it\/fr\/shop\/petits-electromenagers\/grilles-et-barbecues\/weber-barbecue-electrique-q-2400\/"]}]},{"@type":"ImageObject","inLanguage":"fr-FR","@id":"https:\/\/dev6.erresse-shop.it\/fr\/shop\/petits-electromenagers\/grilles-et-barbecues\/weber-barbecue-electrique-q-2400\/#primaryimage","url":"https:\/\/i1.wp.com\/interpim.erresse-shop.it\/img-catalogo\/weber\/weber-barbecue-elettrico-q-2400.jpg?ssl=1","contentUrl":"https:\/\/i1.wp.com\/interpim.erresse-shop.it\/img-catalogo\/weber\/weber-barbecue-elettrico-q-2400.jpg?ssl=1"},{"@type":"BreadcrumbList","@id":"https:\/\/dev6.erresse-shop.it\/fr\/shop\/petits-electromenagers\/grilles-et-barbecues\/weber-barbecue-electrique-q-2400\/#breadcrumb","itemListElement":[{"@type":"ListItem","position":1,"name":"Home","item":"https:\/\/dev6.erresse-shop.it\/"},{"@type":"ListItem","position":2,"name":"Boutique","item":"https:\/\/dev6.erresse-shop.it\/shop\/"},{"@type":"ListItem","position":3,"name":"WEBER Barbecue \u00c8lectrique Q 2400"}]},{"@type":"WebSite","@id":"https:\/\/dev6.erresse-shop.it\/#website","url":"https:\/\/dev6.erresse-shop.it\/","name":"Erresse Shop","description":"","publisher":{"@id":"https:\/\/dev6.erresse-shop.it\/#organization"},"potentialAction":[{"@type":"SearchAction","target":{"@type":"EntryPoint","urlTemplate":"https:\/\/dev6.erresse-shop.it\/?s={search_term_string}"},"query-input":{"@type":"PropertyValueSpecification","valueRequired":true,"valueName":"search_term_string"}}],"inLanguage":"fr-FR"},{"@type":"Organization","@id":"https:\/\/dev6.erresse-shop.it\/#organization","name":"Erresse Shop","url":"https:\/\/dev6.erresse-shop.it\/","logo":{"@type":"ImageObject","inLanguage":"fr-FR","@id":"https:\/\/dev6.erresse-shop.it\/#\/schema\/logo\/image\/","url":"https:\/\/dev6.erresse-shop.it\/wp-content\/uploads\/2025\/01\/LOGO-ERRESSE-CLASSICO.svg","contentUrl":"https:\/\/dev6.erresse-shop.it\/wp-content\/uploads\/2025\/01\/LOGO-ERRESSE-CLASSICO.svg","caption":"Erresse Shop"},"image":{"@id":"https:\/\/dev6.erresse-shop.it\/#\/schema\/logo\/image\/"}}]}},"df_price":501.39,"df_sale_price":501.39,"df_regular_price":549,"df_image_link":"https:\/\/i1.wp.com\/interpim.erresse-shop.it\/img-catalogo\/weber\/weber-barbecue-elettrico-q-2400.jpg?resize=300,300&ssl=1","fifu_image_url":"https:\/\/interpim.erresse-shop.it\/img-catalogo\/weber\/weber-barbecue-elettrico-q-2400.jpg","_links":{"self":[{"href":"https:\/\/dev6.erresse-shop.it\/fr\/wp-json\/wp\/v2\/product\/61350","targetHints":{"allow":["GET"]}}],"collection":[{"href":"https:\/\/dev6.erresse-shop.it\/fr\/wp-json\/wp\/v2\/product"}],"about":[{"href":"https:\/\/dev6.erresse-shop.it\/fr\/wp-json\/wp\/v2\/types\/product"}],"wp:featuredmedia":[{"embeddable":true,"href":"https:\/\/dev6.erresse-shop.it\/fr\/wp-json\/wp\/v2\/media\/6361329"}],"wp:attachment":[{"href":"https:\/\/dev6.erresse-shop.it\/fr\/wp-json\/wp\/v2\/media?parent=61350"}],"wp:term":[{"taxonomy":"product_cat","embeddable":true,"href":"https:\/\/dev6.erresse-shop.it\/fr\/wp-json\/wp\/v2\/product_cat?post=61350"},{"taxonomy":"product_tag","embeddable":true,"href":"https:\/\/dev6.erresse-shop.it\/fr\/wp-json\/wp\/v2\/product_tag?post=61350"}],"curies":[{"name":"wp","href":"https:\/\/api.w.org\/{rel}","templated":true}]}}