{"id":61347,"date":"2026-04-12T09:33:33","date_gmt":"2026-04-12T07:33:33","guid":{"rendered":"https:\/\/dev6.erresse-shop.it\/shop\/non%20class\u00e9\/weber-barbecue-au-charbon-de-bois-original-kettle-e-5730-57-cm\/"},"modified":"2025-07-04T16:54:02","modified_gmt":"2025-07-04T14:54:02","slug":"weber-barbecue-au-charbon-de-bois-original-kettle-e-5730-57-cm","status":"publish","type":"product","link":"https:\/\/dev6.erresse-shop.it\/fr\/shop\/petits-electromenagers\/grilles-et-barbecues\/weber-barbecue-au-charbon-de-bois-original-kettle-e-5730-57-cm\/","title":{"rendered":"WEBER Barbecue au Charbon de Bois Original Kettle E-5730 57 cm"},"content":{"rendered":"<p>Avec Weber, cuisinez des hamburgers, des \u00e9pis de ma\u00efs et tous les accompagnements en m\u00eame temps, gr\u00e2ce \u00e0 la grille spacieuse du barbecue au charbon de bois Original Kettle.<br \/>\nAvec des caract\u00e9ristiques haut de gamme telles qu\u2019un r\u00e9glage de fumage pour la cuisson \u00e0 basse temp\u00e9rature, le syst\u00e8me de nettoyage One-Touch avec un grand bac \u00e0 cendres et des crochets \u00e0 ustensiles int\u00e9gr\u00e9s pour un acc\u00e8s facile lors de la cuisson, l\u2019embl\u00e9matique Kettle continue d\u2019\u00eatre le barbecue fait pour tout le monde.<\/p>\n<p>Ce mod\u00e8le de barbecue est tr\u00e8s facile \u00e0 nettoyer gr\u00e2ce au syst\u00e8me de nettoyage One-Touch en acier inoxydable qui permet aux cendres de tomber facilement dans le bac \u00e0 cendres. Le ventilateur en aluminium peut \u00eatre r\u00e9gl\u00e9 pour un flux d\u2019air optimal pendant le fumage. Le brasero et le couvercle sont tous deux en acier \u00e9maill\u00e9 pour les prot\u00e9ger des intemp\u00e9ries et faciliter le nettoyage.<\/p>\n<p>La grille en acier chrom\u00e9 est capable de supporter des r\u00f4tis plus lourds sans se d\u00e9former, avec un diam\u00e8tre de pas moins de 57 cm, ce qui permet de pr\u00e9parer des repas m\u00eame pour des groupes plus importants.<\/p>\n<p>CARACT\u00c9RISTIQUES<\/p>\n<p>Le thermostat pratique situ\u00e9 sur le couvercle permet de contr\u00f4ler \u00e0 tout moment l\u2019\u00e9tat de cuisson des aliments.<br \/>\nLa poign\u00e9e du couvercle permet de v\u00e9rifier rapidement et facilement l\u2019\u00e9tat de cuisson de la viande.<br \/>\nCendrier amovible en aluminium sous le brasero<br \/>\nLes deux roues et la poign\u00e9e permettent de transporter facilement le barbecue.<br \/>\nLes pieds allong\u00e9s sont parfaits pour une position correcte pendant la cuisson.<\/p>\n<p>CARACT\u00c9RISTIQUES TECHNIQUES<\/p>\n<p>Dimensions \u2013 couvercle ouvert : 92cm h x 65cm l x 78cm p<br \/>\nDimensions \u2013 couvercle ferm\u00e9 : 107cm h x 65cm w x 67cm d<br \/>\nDiam\u00e8tre : 57 cm<br \/>\nSurface de cuisson totale : 2342 cm\u00b2.<br \/>\nType de combustible : charbon<\/p>\n","protected":false},"excerpt":{"rendered":"<p>Avec Weber, cuisinez des hamburgers, des \u00e9pis de ma\u00efs et tous les accompagnements en m\u00eame temps, gr\u00e2ce \u00e0 la grille spacieuse du barbecue au charbon de bois Original Kettle. Avec des caract\u00e9ristiques haut de gamme telles qu\u2019un r\u00e9glage de fumage pour la cuisson \u00e0 basse temp\u00e9rature, le syst\u00e8me de nettoyage One-Touch avec un grand bac [&hellip;]<\/p>\n","protected":false},"featured_media":6361304,"template":"","meta":{"_acf_changed":false},"product_cat":[12087,12055],"product_tag":[],"class_list":{"0":"post-61347","1":"product","2":"type-product","3":"status-publish","4":"has-post-thumbnail","6":"product_cat-grilles-et-barbecues","7":"product_cat-petits-electromenagers","9":"first","10":"outofstock","11":"sale","12":"taxable","13":"shipping-taxable","14":"purchasable","15":"product-type-simple","swatches":"rey-swatches","show_selected":"","stretch_labels":"rey-swatches--stretch-labels"},"acf":[],"yoast_head":"<!-- This site is optimized with the Yoast SEO plugin v25.4 - https:\/\/yoast.com\/wordpress\/plugins\/seo\/ -->\n<title>WEBER Barbecue au Charbon de Bois Original Kettle E-5730 57 cm - dev6 Erresse<\/title>\n<meta name=\"description\" content=\"Avec Weber, cuisinez des hamburgers, des \u00e9pis de ma\u00efs et tous les accompagnements en m\u00eame temps, gr\u00e2ce \u00e0 la grille spacieuse du barbecue au charbon de\" \/>\n<meta name=\"robots\" content=\"noindex, follow, max-snippet:-1, max-image-preview:large, max-video-preview:-1\" \/>\n<meta property=\"og:locale\" content=\"fr_FR\" \/>\n<meta property=\"og:type\" content=\"article\" \/>\n<meta property=\"og:title\" content=\"WEBER Barbecue au Charbon de Bois Original Kettle E-5730 57 cm - dev6 Erresse\" \/>\n<meta property=\"og:description\" content=\"Avec Weber, cuisinez des hamburgers, des \u00e9pis de ma\u00efs et tous les accompagnements en m\u00eame temps, gr\u00e2ce \u00e0 la grille spacieuse du barbecue au charbon de\" \/>\n<meta property=\"og:url\" content=\"https:\/\/dev6.erresse-shop.it\/fr\/shop\/petits-electromenagers\/grilles-et-barbecues\/weber-barbecue-au-charbon-de-bois-original-kettle-e-5730-57-cm\/\" \/>\n<meta property=\"og:site_name\" content=\"dev6 Erresse\" \/>\n<meta property=\"og:image\" content=\"https:\/\/interpim.erresse-shop.it\/img-catalogo\/weber\/weber-barbecue-a-carbone-original-kettle-e-5730-57-cm.jpg\" \/><meta property=\"og:image\" content=\"https:\/\/interpim.erresse-shop.it\/img-catalogo\/weber\/weber-barbecue-a-carbone-original-kettle-e-5730-57-cm.jpg\" \/>\n\t<meta property=\"og:image:width\" content=\"1024\" \/>\n\t<meta property=\"og:image:height\" content=\"1024\" \/>\n\t<meta property=\"og:image:type\" content=\"image\/jpeg\" \/>\n<meta name=\"twitter:card\" content=\"summary_large_image\" \/>\n<meta name=\"twitter:image\" content=\"https:\/\/interpim.erresse-shop.it\/img-catalogo\/weber\/weber-barbecue-a-carbone-original-kettle-e-5730-57-cm.jpg\" \/>\n<script type=\"application\/ld+json\" class=\"yoast-schema-graph\">{\"@context\":\"https:\/\/schema.org\",\"@graph\":[{\"@type\":\"WebPage\",\"@id\":\"https:\/\/dev6.erresse-shop.it\/fr\/shop\/petits-electromenagers\/grilles-et-barbecues\/weber-barbecue-au-charbon-de-bois-original-kettle-e-5730-57-cm\/\",\"url\":\"https:\/\/dev6.erresse-shop.it\/fr\/shop\/petits-electromenagers\/grilles-et-barbecues\/weber-barbecue-au-charbon-de-bois-original-kettle-e-5730-57-cm\/\",\"name\":\"WEBER Barbecue au Charbon de Bois Original Kettle E-5730 57 cm - dev6 Erresse\",\"isPartOf\":{\"@id\":\"https:\/\/dev6.erresse-shop.it\/#website\"},\"primaryImageOfPage\":{\"@id\":\"https:\/\/dev6.erresse-shop.it\/fr\/shop\/petits-electromenagers\/grilles-et-barbecues\/weber-barbecue-au-charbon-de-bois-original-kettle-e-5730-57-cm\/#primaryimage\"},\"image\":{\"@id\":\"https:\/\/dev6.erresse-shop.it\/fr\/shop\/petits-electromenagers\/grilles-et-barbecues\/weber-barbecue-au-charbon-de-bois-original-kettle-e-5730-57-cm\/#primaryimage\"},\"thumbnailUrl\":\"https:\/\/i1.wp.com\/interpim.erresse-shop.it\/img-catalogo\/weber\/weber-barbecue-a-carbone-original-kettle-e-5730-57-cm.jpg?ssl=1\",\"datePublished\":\"2026-04-12T07:33:33+00:00\",\"description\":\"Avec Weber, cuisinez des hamburgers, des \u00e9pis de ma\u00efs et tous les accompagnements en m\u00eame temps, gr\u00e2ce \u00e0 la grille spacieuse du barbecue au charbon de\",\"breadcrumb\":{\"@id\":\"https:\/\/dev6.erresse-shop.it\/fr\/shop\/petits-electromenagers\/grilles-et-barbecues\/weber-barbecue-au-charbon-de-bois-original-kettle-e-5730-57-cm\/#breadcrumb\"},\"inLanguage\":\"fr-FR\",\"potentialAction\":[{\"@type\":\"ReadAction\",\"target\":[\"https:\/\/dev6.erresse-shop.it\/fr\/shop\/petits-electromenagers\/grilles-et-barbecues\/weber-barbecue-au-charbon-de-bois-original-kettle-e-5730-57-cm\/\"]}]},{\"@type\":\"ImageObject\",\"inLanguage\":\"fr-FR\",\"@id\":\"https:\/\/dev6.erresse-shop.it\/fr\/shop\/petits-electromenagers\/grilles-et-barbecues\/weber-barbecue-au-charbon-de-bois-original-kettle-e-5730-57-cm\/#primaryimage\",\"url\":\"https:\/\/i1.wp.com\/interpim.erresse-shop.it\/img-catalogo\/weber\/weber-barbecue-a-carbone-original-kettle-e-5730-57-cm.jpg?ssl=1\",\"contentUrl\":\"https:\/\/i1.wp.com\/interpim.erresse-shop.it\/img-catalogo\/weber\/weber-barbecue-a-carbone-original-kettle-e-5730-57-cm.jpg?ssl=1\"},{\"@type\":\"BreadcrumbList\",\"@id\":\"https:\/\/dev6.erresse-shop.it\/fr\/shop\/petits-electromenagers\/grilles-et-barbecues\/weber-barbecue-au-charbon-de-bois-original-kettle-e-5730-57-cm\/#breadcrumb\",\"itemListElement\":[{\"@type\":\"ListItem\",\"position\":1,\"name\":\"Home\",\"item\":\"https:\/\/dev6.erresse-shop.it\/\"},{\"@type\":\"ListItem\",\"position\":2,\"name\":\"Boutique\",\"item\":\"https:\/\/dev6.erresse-shop.it\/shop\/\"},{\"@type\":\"ListItem\",\"position\":3,\"name\":\"WEBER Barbecue au Charbon de Bois Original Kettle E-5730 57 cm\"}]},{\"@type\":\"WebSite\",\"@id\":\"https:\/\/dev6.erresse-shop.it\/#website\",\"url\":\"https:\/\/dev6.erresse-shop.it\/\",\"name\":\"Erresse Shop\",\"description\":\"\",\"publisher\":{\"@id\":\"https:\/\/dev6.erresse-shop.it\/#organization\"},\"potentialAction\":[{\"@type\":\"SearchAction\",\"target\":{\"@type\":\"EntryPoint\",\"urlTemplate\":\"https:\/\/dev6.erresse-shop.it\/?s={search_term_string}\"},\"query-input\":{\"@type\":\"PropertyValueSpecification\",\"valueRequired\":true,\"valueName\":\"search_term_string\"}}],\"inLanguage\":\"fr-FR\"},{\"@type\":\"Organization\",\"@id\":\"https:\/\/dev6.erresse-shop.it\/#organization\",\"name\":\"Erresse Shop\",\"url\":\"https:\/\/dev6.erresse-shop.it\/\",\"logo\":{\"@type\":\"ImageObject\",\"inLanguage\":\"fr-FR\",\"@id\":\"https:\/\/dev6.erresse-shop.it\/#\/schema\/logo\/image\/\",\"url\":\"https:\/\/dev6.erresse-shop.it\/wp-content\/uploads\/2025\/01\/LOGO-ERRESSE-CLASSICO.svg\",\"contentUrl\":\"https:\/\/dev6.erresse-shop.it\/wp-content\/uploads\/2025\/01\/LOGO-ERRESSE-CLASSICO.svg\",\"caption\":\"Erresse Shop\"},\"image\":{\"@id\":\"https:\/\/dev6.erresse-shop.it\/#\/schema\/logo\/image\/\"}}]}<\/script>\n<!-- \/ Yoast SEO plugin. -->","yoast_head_json":{"title":"WEBER Barbecue au Charbon de Bois Original Kettle E-5730 57 cm - dev6 Erresse","description":"Avec Weber, cuisinez des hamburgers, des \u00e9pis de ma\u00efs et tous les accompagnements en m\u00eame temps, gr\u00e2ce \u00e0 la grille spacieuse du barbecue au charbon de","robots":{"index":"noindex","follow":"follow","max-snippet":"max-snippet:-1","max-image-preview":"max-image-preview:large","max-video-preview":"max-video-preview:-1"},"og_locale":"fr_FR","og_type":"article","og_title":"WEBER Barbecue au Charbon de Bois Original Kettle E-5730 57 cm - dev6 Erresse","og_description":"Avec Weber, cuisinez des hamburgers, des \u00e9pis de ma\u00efs et tous les accompagnements en m\u00eame temps, gr\u00e2ce \u00e0 la grille spacieuse du barbecue au charbon de","og_url":"https:\/\/dev6.erresse-shop.it\/fr\/shop\/petits-electromenagers\/grilles-et-barbecues\/weber-barbecue-au-charbon-de-bois-original-kettle-e-5730-57-cm\/","og_site_name":"dev6 Erresse","og_image":[{"url":"https:\/\/interpim.erresse-shop.it\/img-catalogo\/weber\/weber-barbecue-a-carbone-original-kettle-e-5730-57-cm.jpg","type":"","width":"","height":""},{"url":"https:\/\/interpim.erresse-shop.it\/img-catalogo\/weber\/weber-barbecue-a-carbone-original-kettle-e-5730-57-cm.jpg","width":1024,"height":1024,"type":"image\/jpeg"}],"twitter_card":"summary_large_image","twitter_image":"https:\/\/interpim.erresse-shop.it\/img-catalogo\/weber\/weber-barbecue-a-carbone-original-kettle-e-5730-57-cm.jpg","schema":{"@context":"https:\/\/schema.org","@graph":[{"@type":"WebPage","@id":"https:\/\/dev6.erresse-shop.it\/fr\/shop\/petits-electromenagers\/grilles-et-barbecues\/weber-barbecue-au-charbon-de-bois-original-kettle-e-5730-57-cm\/","url":"https:\/\/dev6.erresse-shop.it\/fr\/shop\/petits-electromenagers\/grilles-et-barbecues\/weber-barbecue-au-charbon-de-bois-original-kettle-e-5730-57-cm\/","name":"WEBER Barbecue au Charbon de Bois Original Kettle E-5730 57 cm - dev6 Erresse","isPartOf":{"@id":"https:\/\/dev6.erresse-shop.it\/#website"},"primaryImageOfPage":{"@id":"https:\/\/dev6.erresse-shop.it\/fr\/shop\/petits-electromenagers\/grilles-et-barbecues\/weber-barbecue-au-charbon-de-bois-original-kettle-e-5730-57-cm\/#primaryimage"},"image":{"@id":"https:\/\/dev6.erresse-shop.it\/fr\/shop\/petits-electromenagers\/grilles-et-barbecues\/weber-barbecue-au-charbon-de-bois-original-kettle-e-5730-57-cm\/#primaryimage"},"thumbnailUrl":"https:\/\/i1.wp.com\/interpim.erresse-shop.it\/img-catalogo\/weber\/weber-barbecue-a-carbone-original-kettle-e-5730-57-cm.jpg?ssl=1","datePublished":"2026-04-12T07:33:33+00:00","description":"Avec Weber, cuisinez des hamburgers, des \u00e9pis de ma\u00efs et tous les accompagnements en m\u00eame temps, gr\u00e2ce \u00e0 la grille spacieuse du barbecue au charbon de","breadcrumb":{"@id":"https:\/\/dev6.erresse-shop.it\/fr\/shop\/petits-electromenagers\/grilles-et-barbecues\/weber-barbecue-au-charbon-de-bois-original-kettle-e-5730-57-cm\/#breadcrumb"},"inLanguage":"fr-FR","potentialAction":[{"@type":"ReadAction","target":["https:\/\/dev6.erresse-shop.it\/fr\/shop\/petits-electromenagers\/grilles-et-barbecues\/weber-barbecue-au-charbon-de-bois-original-kettle-e-5730-57-cm\/"]}]},{"@type":"ImageObject","inLanguage":"fr-FR","@id":"https:\/\/dev6.erresse-shop.it\/fr\/shop\/petits-electromenagers\/grilles-et-barbecues\/weber-barbecue-au-charbon-de-bois-original-kettle-e-5730-57-cm\/#primaryimage","url":"https:\/\/i1.wp.com\/interpim.erresse-shop.it\/img-catalogo\/weber\/weber-barbecue-a-carbone-original-kettle-e-5730-57-cm.jpg?ssl=1","contentUrl":"https:\/\/i1.wp.com\/interpim.erresse-shop.it\/img-catalogo\/weber\/weber-barbecue-a-carbone-original-kettle-e-5730-57-cm.jpg?ssl=1"},{"@type":"BreadcrumbList","@id":"https:\/\/dev6.erresse-shop.it\/fr\/shop\/petits-electromenagers\/grilles-et-barbecues\/weber-barbecue-au-charbon-de-bois-original-kettle-e-5730-57-cm\/#breadcrumb","itemListElement":[{"@type":"ListItem","position":1,"name":"Home","item":"https:\/\/dev6.erresse-shop.it\/"},{"@type":"ListItem","position":2,"name":"Boutique","item":"https:\/\/dev6.erresse-shop.it\/shop\/"},{"@type":"ListItem","position":3,"name":"WEBER Barbecue au Charbon de Bois Original Kettle E-5730 57 cm"}]},{"@type":"WebSite","@id":"https:\/\/dev6.erresse-shop.it\/#website","url":"https:\/\/dev6.erresse-shop.it\/","name":"Erresse Shop","description":"","publisher":{"@id":"https:\/\/dev6.erresse-shop.it\/#organization"},"potentialAction":[{"@type":"SearchAction","target":{"@type":"EntryPoint","urlTemplate":"https:\/\/dev6.erresse-shop.it\/?s={search_term_string}"},"query-input":{"@type":"PropertyValueSpecification","valueRequired":true,"valueName":"search_term_string"}}],"inLanguage":"fr-FR"},{"@type":"Organization","@id":"https:\/\/dev6.erresse-shop.it\/#organization","name":"Erresse Shop","url":"https:\/\/dev6.erresse-shop.it\/","logo":{"@type":"ImageObject","inLanguage":"fr-FR","@id":"https:\/\/dev6.erresse-shop.it\/#\/schema\/logo\/image\/","url":"https:\/\/dev6.erresse-shop.it\/wp-content\/uploads\/2025\/01\/LOGO-ERRESSE-CLASSICO.svg","contentUrl":"https:\/\/dev6.erresse-shop.it\/wp-content\/uploads\/2025\/01\/LOGO-ERRESSE-CLASSICO.svg","caption":"Erresse Shop"},"image":{"@id":"https:\/\/dev6.erresse-shop.it\/#\/schema\/logo\/image\/"}}]}},"df_price":307.83,"df_sale_price":307.83,"df_regular_price":329,"df_image_link":"https:\/\/i1.wp.com\/interpim.erresse-shop.it\/img-catalogo\/weber\/weber-barbecue-a-carbone-original-kettle-e-5730-57-cm.jpg?resize=300,300&ssl=1","fifu_image_url":"https:\/\/interpim.erresse-shop.it\/img-catalogo\/weber\/weber-barbecue-a-carbone-original-kettle-e-5730-57-cm.jpg","_links":{"self":[{"href":"https:\/\/dev6.erresse-shop.it\/fr\/wp-json\/wp\/v2\/product\/61347","targetHints":{"allow":["GET"]}}],"collection":[{"href":"https:\/\/dev6.erresse-shop.it\/fr\/wp-json\/wp\/v2\/product"}],"about":[{"href":"https:\/\/dev6.erresse-shop.it\/fr\/wp-json\/wp\/v2\/types\/product"}],"wp:featuredmedia":[{"embeddable":true,"href":"https:\/\/dev6.erresse-shop.it\/fr\/wp-json\/wp\/v2\/media\/6361304"}],"wp:attachment":[{"href":"https:\/\/dev6.erresse-shop.it\/fr\/wp-json\/wp\/v2\/media?parent=61347"}],"wp:term":[{"taxonomy":"product_cat","embeddable":true,"href":"https:\/\/dev6.erresse-shop.it\/fr\/wp-json\/wp\/v2\/product_cat?post=61347"},{"taxonomy":"product_tag","embeddable":true,"href":"https:\/\/dev6.erresse-shop.it\/fr\/wp-json\/wp\/v2\/product_tag?post=61347"}],"curies":[{"name":"wp","href":"https:\/\/api.w.org\/{rel}","templated":true}]}}