{"id":61346,"date":"2026-04-12T09:33:33","date_gmt":"2026-04-12T07:33:33","guid":{"rendered":"https:\/\/dev6.erresse-shop.it\/shop\/non%20class\u00e9\/jura-machine-a-cafe-ena-4-full-nordic-white-dont-4-kg-de-cafe\/"},"modified":"2025-09-26T19:02:02","modified_gmt":"2025-09-26T17:02:02","slug":"jura-machine-a-cafe-ena-4-full-nordic-white-dont-2-kg-de-cafe","status":"publish","type":"product","link":"https:\/\/dev6.erresse-shop.it\/fr\/shop\/petits-electromenagers\/machines-cafe\/automatique\/jura-machine-a-cafe-ena-4-full-nordic-white-dont-2-kg-de-cafe\/","title":{"rendered":"JURA Machine \u00e0 caf\u00e9 ENA 4 Full Nordic White &#8211;  dont 2 Kg de caf\u00e9"},"content":{"rendered":"<p>UN CAF\u00c9 TOUT SIMPLEMENT G\u00c9NIAL<br \/>\nQuel est l\u2019outil le plus simple pour pr\u00e9parer une tasse de caf\u00e9 extraordinaire ? L\u2019ENA 4, la nouvelle petite et compacte machine automatique \u00e0 une tasse, qui incarne l\u2019exp\u00e9rience et la passion de JURA pour les produits intelligents, pour un plaisir \u00e0 d\u00e9guster !<\/p>\n<p>Appuyez sur un bouton et savourez \u2013 c\u2019est aussi simple que cela d\u2019utiliser l\u2019ENA 4. Trois qualit\u00e9s d\u2019ar\u00f4me et de caf\u00e9 moulu peuvent \u00eatre pr\u00e9s\u00e9lectionn\u00e9es. Conform\u00e9ment \u00e0 la devise de JURA \u201cfra\u00eechement moulu, pas en capsules\u201d, le moulin \u00e0 caf\u00e9 AromaG3 garantit une mouture particuli\u00e8rement rapide, qui pr\u00e9serve tout l\u2019ar\u00f4me du caf\u00e9.<\/p>\n<p>Le proc\u00e9d\u00e9 intelligent d\u2019extraction puls\u00e9e (P.E.P.\u00ae) optimise le temps d\u2019extraction des sp\u00e9cialit\u00e9s courtes, ouvrant ainsi de nouvelles dimensions \u00e0 l\u2019ar\u00f4me. Il permet \u00e9galement une flexibilit\u00e9 maximale dans la programmation du volume de la tasse.<\/p>\n<p>FRA\u00ceCHEMENT MOULU, PAS SOUS FORME DE CAPSULE :<br \/>\nUne qualit\u00e9 de caf\u00e9 optimale gr\u00e2ce au nouveau syst\u00e8me intelligent P.E.P.\u00ae qui offre une plus grande libert\u00e9 dans la programmation du volume de la tasse.<br \/>\nRAPIDEMENT :<br \/>\nLe moulin \u00e0 caf\u00e9 AromaG3 est deux fois plus rapide, pour une mouture qui pr\u00e9serve tout l\u2019ar\u00f4me du caf\u00e9.<br \/>\nSIMPLE :<br \/>\nLe plaisir du caf\u00e9 sur simple pression d\u2019un bouton, gr\u00e2ce \u00e0 une utilisation simple et \u00e0 des fonctions de pr\u00e9s\u00e9lection.<br \/>\nPETITE TAILLE :<br \/>\nAvec seulement 27,1 cm de largeur, 32,3 cm de hauteur et 44,5 cm de profondeur, le petit ENA 4 se glisse facilement partout. Elle impressionne \u00e9galement par son apparence : les variantes Full Metropolitan Black et Full Nordic White se distinguent par leur sobri\u00e9t\u00e9 et leur \u00e9l\u00e9gance, tandis que le r\u00e9servoir d\u2019eau cylindrique \u00e0 l\u2019esth\u00e9tique Diamant lui conf\u00e8re une touche de classe.<\/p>\n<p>CARACT\u00c9RISTIQUES\/SP\u00c9CIALIT\u00c9S<br \/>\nNombre de caf\u00e9s de sp\u00e9cialit\u00e9 4<br \/>\nStandard pour les machines \u00e0 caf\u00e9 sp\u00e9cialis\u00e9es de JURA<br \/>\nProc\u00e9d\u00e9 d\u2019extraction puls\u00e9e (P.E.P.\u00ae)<br \/>\nGroupe de brassage \u00e0 capacit\u00e9 variable : 6 \u2013 10 g<br \/>\nMoulin \u00e0 caf\u00e9 : Moulin \u00e0 caf\u00e9 multigrade Aroma G3<br \/>\nPompe haute performance, 15 bar : 1<br \/>\nSyst\u00e8me de chauffage Thermoblock : 1<br \/>\nSyst\u00e8me de fluides : 1<br \/>\nCompartiment pour le caf\u00e9 moulu<br \/>\nCouvercle de protection contre les ar\u00f4mes<br \/>\nContr\u00f4le et programmation standard<br \/>\nCompatible avec J.O.E.\u00ae.<br \/>\nAffichage : affichage des symboles<br \/>\nQuantit\u00e9 d\u2019eau pour le caf\u00e9 programmable et personnalisable : oui<br \/>\nIntensit\u00e9 du caf\u00e9 programmable et personnalisable : 3 niveaux<\/p>\n<p>CARACT\u00c9RISTIQUES TECHNIQUES<br \/>\nDistributeur de caf\u00e9 r\u00e9glable en hauteur\/largeur : 75 \u2013 105 mm \/ \u2013<br \/>\nCapacit\u00e9 du r\u00e9servoir d\u2019eau : 1,1 l<br \/>\nCapacit\u00e9 du r\u00e9cipient \u00e0 caf\u00e9 en grains : 125 g<br \/>\nBac \u00e0 marc de caf\u00e9 (portions) : 10<br \/>\nLongueur du c\u00e2ble : 1,1 m<br \/>\nTension \/ puissance absorb\u00e9e : 230 V ~ \/ 1450 W<br \/>\nIntensit\u00e9 du courant : 10 A<br \/>\nClasse d\u2019efficacit\u00e9 \u00e9nerg\u00e9tique \/ consommation d\u2019\u00e9nergie : A \/ 59,3 kWh\/an<br \/>\nConsommation en mode veille : 0 W<br \/>\nPoids : 8,4 kg<br \/>\nDimensions (L \u00d7 H \u00d7 P) : 27,1 \u00d7 32,3 \u00d7 44,5 cm<\/p>\n<p>Pays de fabrication : Made in Portugal<br \/>\nAnn\u00e9e mod\u00e8le : 2020<\/p>\n","protected":false},"excerpt":{"rendered":"<p>UN CAF\u00c9 TOUT SIMPLEMENT G\u00c9NIAL Quel est l\u2019outil le plus simple pour pr\u00e9parer une tasse de caf\u00e9 extraordinaire ? L\u2019ENA 4, la nouvelle petite et compacte machine automatique \u00e0 une tasse, qui incarne l\u2019exp\u00e9rience et la passion de JURA pour les produits intelligents, pour un plaisir \u00e0 d\u00e9guster ! Appuyez sur un bouton et savourez [&hellip;]<\/p>\n","protected":false},"featured_media":6361282,"template":"","meta":{"_acf_changed":false},"product_cat":[12076,12063,12055],"product_tag":[],"class_list":{"0":"post-61346","1":"product","2":"type-product","3":"status-publish","4":"has-post-thumbnail","6":"product_cat-automatique","7":"product_cat-machines-cafe","8":"product_cat-petits-electromenagers","10":"first","11":"outofstock","12":"sale","13":"taxable","14":"shipping-taxable","15":"purchasable","16":"product-type-simple","swatches":"rey-swatches","show_selected":"","stretch_labels":"rey-swatches--stretch-labels"},"acf":[],"yoast_head":"<!-- This site is optimized with the Yoast SEO plugin v25.4 - https:\/\/yoast.com\/wordpress\/plugins\/seo\/ -->\n<title>JURA Machine \u00e0 caf\u00e9 ENA 4 Full Nordic White &#8211; dont 2 Kg de caf\u00e9 - dev6 Erresse<\/title>\n<meta name=\"description\" content=\"UN CAF\u00c9 TOUT SIMPLEMENT G\u00c9NIAL Quel est l\u2019outil le plus simple pour pr\u00e9parer une tasse de caf\u00e9 extraordinaire ? L\u2019ENA 4, la nouvelle petite et compacte\" \/>\n<meta name=\"robots\" content=\"noindex, follow, max-snippet:-1, max-image-preview:large, max-video-preview:-1\" \/>\n<meta property=\"og:locale\" content=\"fr_FR\" \/>\n<meta property=\"og:type\" content=\"article\" \/>\n<meta property=\"og:title\" content=\"JURA Machine \u00e0 caf\u00e9 ENA 4 Full Nordic White &#8211; dont 2 Kg de caf\u00e9 - dev6 Erresse\" \/>\n<meta property=\"og:description\" content=\"UN CAF\u00c9 TOUT SIMPLEMENT G\u00c9NIAL Quel est l\u2019outil le plus simple pour pr\u00e9parer une tasse de caf\u00e9 extraordinaire ? L\u2019ENA 4, la nouvelle petite et compacte\" \/>\n<meta property=\"og:url\" content=\"https:\/\/dev6.erresse-shop.it\/fr\/shop\/petits-electromenagers\/machines-cafe\/automatique\/jura-machine-a-cafe-ena-4-full-nordic-white-dont-2-kg-de-cafe\/\" \/>\n<meta property=\"og:site_name\" content=\"dev6 Erresse\" \/>\n<meta property=\"og:image\" content=\"https:\/\/interpim.erresse-shop.it\/wp-content\/uploads\/2023\/04\/JURA-Macchina-Da-Caffe\u0300-ENA-4-Full-Nordic-White-.jpg\/jura-macchina-da-caffe-cc-80-ena-4-full-nordic-white-.jpg\" \/><meta property=\"og:image\" content=\"https:\/\/interpim.erresse-shop.it\/wp-content\/uploads\/2023\/04\/JURA-Macchina-Da-Caffe\u0300-ENA-4-Full-Nordic-White-.jpg\/jura-macchina-da-caffe-cc-80-ena-4-full-nordic-white-.jpg\" \/>\n\t<meta property=\"og:image:width\" content=\"1024\" \/>\n\t<meta property=\"og:image:height\" content=\"1024\" \/>\n\t<meta property=\"og:image:type\" content=\"image\/jpeg\" \/>\n<meta name=\"twitter:card\" content=\"summary_large_image\" \/>\n<meta name=\"twitter:image\" content=\"https:\/\/interpim.erresse-shop.it\/wp-content\/uploads\/2023\/04\/JURA-Macchina-Da-Caffe\u0300-ENA-4-Full-Nordic-White-.jpg\/jura-macchina-da-caffe-cc-80-ena-4-full-nordic-white-.jpg\" \/>\n<script type=\"application\/ld+json\" class=\"yoast-schema-graph\">{\"@context\":\"https:\/\/schema.org\",\"@graph\":[{\"@type\":\"WebPage\",\"@id\":\"https:\/\/dev6.erresse-shop.it\/fr\/shop\/petits-electromenagers\/machines-cafe\/automatique\/jura-machine-a-cafe-ena-4-full-nordic-white-dont-2-kg-de-cafe\/\",\"url\":\"https:\/\/dev6.erresse-shop.it\/fr\/shop\/petits-electromenagers\/machines-cafe\/automatique\/jura-machine-a-cafe-ena-4-full-nordic-white-dont-2-kg-de-cafe\/\",\"name\":\"JURA Machine \u00e0 caf\u00e9 ENA 4 Full Nordic White &#8211; dont 2 Kg de caf\u00e9 - dev6 Erresse\",\"isPartOf\":{\"@id\":\"https:\/\/dev6.erresse-shop.it\/#website\"},\"primaryImageOfPage\":{\"@id\":\"https:\/\/dev6.erresse-shop.it\/fr\/shop\/petits-electromenagers\/machines-cafe\/automatique\/jura-machine-a-cafe-ena-4-full-nordic-white-dont-2-kg-de-cafe\/#primaryimage\"},\"image\":{\"@id\":\"https:\/\/dev6.erresse-shop.it\/fr\/shop\/petits-electromenagers\/machines-cafe\/automatique\/jura-machine-a-cafe-ena-4-full-nordic-white-dont-2-kg-de-cafe\/#primaryimage\"},\"thumbnailUrl\":\"https:\/\/i0.wp.com\/interpim.erresse-shop.it\/wp-content\/uploads\/2023\/04\/JURA-Macchina-Da-Caffe\u0300-ENA-4-Full-Nordic-White-.jpg\/jura-macchina-da-caffe-cc-80-ena-4-full-nordic-white-.jpg?ssl=1\",\"datePublished\":\"2026-04-12T07:33:33+00:00\",\"description\":\"UN CAF\u00c9 TOUT SIMPLEMENT G\u00c9NIAL Quel est l\u2019outil le plus simple pour pr\u00e9parer une tasse de caf\u00e9 extraordinaire ? L\u2019ENA 4, la nouvelle petite et compacte\",\"breadcrumb\":{\"@id\":\"https:\/\/dev6.erresse-shop.it\/fr\/shop\/petits-electromenagers\/machines-cafe\/automatique\/jura-machine-a-cafe-ena-4-full-nordic-white-dont-2-kg-de-cafe\/#breadcrumb\"},\"inLanguage\":\"fr-FR\",\"potentialAction\":[{\"@type\":\"ReadAction\",\"target\":[\"https:\/\/dev6.erresse-shop.it\/fr\/shop\/petits-electromenagers\/machines-cafe\/automatique\/jura-machine-a-cafe-ena-4-full-nordic-white-dont-2-kg-de-cafe\/\"]}]},{\"@type\":\"ImageObject\",\"inLanguage\":\"fr-FR\",\"@id\":\"https:\/\/dev6.erresse-shop.it\/fr\/shop\/petits-electromenagers\/machines-cafe\/automatique\/jura-machine-a-cafe-ena-4-full-nordic-white-dont-2-kg-de-cafe\/#primaryimage\",\"url\":\"https:\/\/i0.wp.com\/interpim.erresse-shop.it\/wp-content\/uploads\/2023\/04\/JURA-Macchina-Da-Caffe\u0300-ENA-4-Full-Nordic-White-.jpg\/jura-macchina-da-caffe-cc-80-ena-4-full-nordic-white-.jpg?ssl=1\",\"contentUrl\":\"https:\/\/i0.wp.com\/interpim.erresse-shop.it\/wp-content\/uploads\/2023\/04\/JURA-Macchina-Da-Caffe\u0300-ENA-4-Full-Nordic-White-.jpg\/jura-macchina-da-caffe-cc-80-ena-4-full-nordic-white-.jpg?ssl=1\"},{\"@type\":\"BreadcrumbList\",\"@id\":\"https:\/\/dev6.erresse-shop.it\/fr\/shop\/petits-electromenagers\/machines-cafe\/automatique\/jura-machine-a-cafe-ena-4-full-nordic-white-dont-2-kg-de-cafe\/#breadcrumb\",\"itemListElement\":[{\"@type\":\"ListItem\",\"position\":1,\"name\":\"Home\",\"item\":\"https:\/\/dev6.erresse-shop.it\/\"},{\"@type\":\"ListItem\",\"position\":2,\"name\":\"Boutique\",\"item\":\"https:\/\/dev6.erresse-shop.it\/shop\/\"},{\"@type\":\"ListItem\",\"position\":3,\"name\":\"JURA Machine \u00e0 caf\u00e9 ENA 4 Full Nordic White &#8211; dont 2 Kg de caf\u00e9\"}]},{\"@type\":\"WebSite\",\"@id\":\"https:\/\/dev6.erresse-shop.it\/#website\",\"url\":\"https:\/\/dev6.erresse-shop.it\/\",\"name\":\"Erresse Shop\",\"description\":\"\",\"publisher\":{\"@id\":\"https:\/\/dev6.erresse-shop.it\/#organization\"},\"potentialAction\":[{\"@type\":\"SearchAction\",\"target\":{\"@type\":\"EntryPoint\",\"urlTemplate\":\"https:\/\/dev6.erresse-shop.it\/?s={search_term_string}\"},\"query-input\":{\"@type\":\"PropertyValueSpecification\",\"valueRequired\":true,\"valueName\":\"search_term_string\"}}],\"inLanguage\":\"fr-FR\"},{\"@type\":\"Organization\",\"@id\":\"https:\/\/dev6.erresse-shop.it\/#organization\",\"name\":\"Erresse Shop\",\"url\":\"https:\/\/dev6.erresse-shop.it\/\",\"logo\":{\"@type\":\"ImageObject\",\"inLanguage\":\"fr-FR\",\"@id\":\"https:\/\/dev6.erresse-shop.it\/#\/schema\/logo\/image\/\",\"url\":\"https:\/\/dev6.erresse-shop.it\/wp-content\/uploads\/2025\/01\/LOGO-ERRESSE-CLASSICO.svg\",\"contentUrl\":\"https:\/\/dev6.erresse-shop.it\/wp-content\/uploads\/2025\/01\/LOGO-ERRESSE-CLASSICO.svg\",\"caption\":\"Erresse Shop\"},\"image\":{\"@id\":\"https:\/\/dev6.erresse-shop.it\/#\/schema\/logo\/image\/\"}}]}<\/script>\n<!-- \/ Yoast SEO plugin. -->","yoast_head_json":{"title":"JURA Machine \u00e0 caf\u00e9 ENA 4 Full Nordic White &#8211; dont 2 Kg de caf\u00e9 - dev6 Erresse","description":"UN CAF\u00c9 TOUT SIMPLEMENT G\u00c9NIAL Quel est l\u2019outil le plus simple pour pr\u00e9parer une tasse de caf\u00e9 extraordinaire ? L\u2019ENA 4, la nouvelle petite et compacte","robots":{"index":"noindex","follow":"follow","max-snippet":"max-snippet:-1","max-image-preview":"max-image-preview:large","max-video-preview":"max-video-preview:-1"},"og_locale":"fr_FR","og_type":"article","og_title":"JURA Machine \u00e0 caf\u00e9 ENA 4 Full Nordic White &#8211; dont 2 Kg de caf\u00e9 - dev6 Erresse","og_description":"UN CAF\u00c9 TOUT SIMPLEMENT G\u00c9NIAL Quel est l\u2019outil le plus simple pour pr\u00e9parer une tasse de caf\u00e9 extraordinaire ? L\u2019ENA 4, la nouvelle petite et compacte","og_url":"https:\/\/dev6.erresse-shop.it\/fr\/shop\/petits-electromenagers\/machines-cafe\/automatique\/jura-machine-a-cafe-ena-4-full-nordic-white-dont-2-kg-de-cafe\/","og_site_name":"dev6 Erresse","og_image":[{"url":"https:\/\/interpim.erresse-shop.it\/wp-content\/uploads\/2023\/04\/JURA-Macchina-Da-Caffe\u0300-ENA-4-Full-Nordic-White-.jpg\/jura-macchina-da-caffe-cc-80-ena-4-full-nordic-white-.jpg","type":"","width":"","height":""},{"url":"https:\/\/interpim.erresse-shop.it\/wp-content\/uploads\/2023\/04\/JURA-Macchina-Da-Caffe\u0300-ENA-4-Full-Nordic-White-.jpg\/jura-macchina-da-caffe-cc-80-ena-4-full-nordic-white-.jpg","width":1024,"height":1024,"type":"image\/jpeg"}],"twitter_card":"summary_large_image","twitter_image":"https:\/\/interpim.erresse-shop.it\/wp-content\/uploads\/2023\/04\/JURA-Macchina-Da-Caffe\u0300-ENA-4-Full-Nordic-White-.jpg\/jura-macchina-da-caffe-cc-80-ena-4-full-nordic-white-.jpg","schema":{"@context":"https:\/\/schema.org","@graph":[{"@type":"WebPage","@id":"https:\/\/dev6.erresse-shop.it\/fr\/shop\/petits-electromenagers\/machines-cafe\/automatique\/jura-machine-a-cafe-ena-4-full-nordic-white-dont-2-kg-de-cafe\/","url":"https:\/\/dev6.erresse-shop.it\/fr\/shop\/petits-electromenagers\/machines-cafe\/automatique\/jura-machine-a-cafe-ena-4-full-nordic-white-dont-2-kg-de-cafe\/","name":"JURA Machine \u00e0 caf\u00e9 ENA 4 Full Nordic White &#8211; dont 2 Kg de caf\u00e9 - dev6 Erresse","isPartOf":{"@id":"https:\/\/dev6.erresse-shop.it\/#website"},"primaryImageOfPage":{"@id":"https:\/\/dev6.erresse-shop.it\/fr\/shop\/petits-electromenagers\/machines-cafe\/automatique\/jura-machine-a-cafe-ena-4-full-nordic-white-dont-2-kg-de-cafe\/#primaryimage"},"image":{"@id":"https:\/\/dev6.erresse-shop.it\/fr\/shop\/petits-electromenagers\/machines-cafe\/automatique\/jura-machine-a-cafe-ena-4-full-nordic-white-dont-2-kg-de-cafe\/#primaryimage"},"thumbnailUrl":"https:\/\/i0.wp.com\/interpim.erresse-shop.it\/wp-content\/uploads\/2023\/04\/JURA-Macchina-Da-Caffe\u0300-ENA-4-Full-Nordic-White-.jpg\/jura-macchina-da-caffe-cc-80-ena-4-full-nordic-white-.jpg?ssl=1","datePublished":"2026-04-12T07:33:33+00:00","description":"UN CAF\u00c9 TOUT SIMPLEMENT G\u00c9NIAL Quel est l\u2019outil le plus simple pour pr\u00e9parer une tasse de caf\u00e9 extraordinaire ? L\u2019ENA 4, la nouvelle petite et compacte","breadcrumb":{"@id":"https:\/\/dev6.erresse-shop.it\/fr\/shop\/petits-electromenagers\/machines-cafe\/automatique\/jura-machine-a-cafe-ena-4-full-nordic-white-dont-2-kg-de-cafe\/#breadcrumb"},"inLanguage":"fr-FR","potentialAction":[{"@type":"ReadAction","target":["https:\/\/dev6.erresse-shop.it\/fr\/shop\/petits-electromenagers\/machines-cafe\/automatique\/jura-machine-a-cafe-ena-4-full-nordic-white-dont-2-kg-de-cafe\/"]}]},{"@type":"ImageObject","inLanguage":"fr-FR","@id":"https:\/\/dev6.erresse-shop.it\/fr\/shop\/petits-electromenagers\/machines-cafe\/automatique\/jura-machine-a-cafe-ena-4-full-nordic-white-dont-2-kg-de-cafe\/#primaryimage","url":"https:\/\/i0.wp.com\/interpim.erresse-shop.it\/wp-content\/uploads\/2023\/04\/JURA-Macchina-Da-Caffe\u0300-ENA-4-Full-Nordic-White-.jpg\/jura-macchina-da-caffe-cc-80-ena-4-full-nordic-white-.jpg?ssl=1","contentUrl":"https:\/\/i0.wp.com\/interpim.erresse-shop.it\/wp-content\/uploads\/2023\/04\/JURA-Macchina-Da-Caffe\u0300-ENA-4-Full-Nordic-White-.jpg\/jura-macchina-da-caffe-cc-80-ena-4-full-nordic-white-.jpg?ssl=1"},{"@type":"BreadcrumbList","@id":"https:\/\/dev6.erresse-shop.it\/fr\/shop\/petits-electromenagers\/machines-cafe\/automatique\/jura-machine-a-cafe-ena-4-full-nordic-white-dont-2-kg-de-cafe\/#breadcrumb","itemListElement":[{"@type":"ListItem","position":1,"name":"Home","item":"https:\/\/dev6.erresse-shop.it\/"},{"@type":"ListItem","position":2,"name":"Boutique","item":"https:\/\/dev6.erresse-shop.it\/shop\/"},{"@type":"ListItem","position":3,"name":"JURA Machine \u00e0 caf\u00e9 ENA 4 Full Nordic White &#8211; dont 2 Kg de caf\u00e9"}]},{"@type":"WebSite","@id":"https:\/\/dev6.erresse-shop.it\/#website","url":"https:\/\/dev6.erresse-shop.it\/","name":"Erresse Shop","description":"","publisher":{"@id":"https:\/\/dev6.erresse-shop.it\/#organization"},"potentialAction":[{"@type":"SearchAction","target":{"@type":"EntryPoint","urlTemplate":"https:\/\/dev6.erresse-shop.it\/?s={search_term_string}"},"query-input":{"@type":"PropertyValueSpecification","valueRequired":true,"valueName":"search_term_string"}}],"inLanguage":"fr-FR"},{"@type":"Organization","@id":"https:\/\/dev6.erresse-shop.it\/#organization","name":"Erresse Shop","url":"https:\/\/dev6.erresse-shop.it\/","logo":{"@type":"ImageObject","inLanguage":"fr-FR","@id":"https:\/\/dev6.erresse-shop.it\/#\/schema\/logo\/image\/","url":"https:\/\/dev6.erresse-shop.it\/wp-content\/uploads\/2025\/01\/LOGO-ERRESSE-CLASSICO.svg","contentUrl":"https:\/\/dev6.erresse-shop.it\/wp-content\/uploads\/2025\/01\/LOGO-ERRESSE-CLASSICO.svg","caption":"Erresse Shop"},"image":{"@id":"https:\/\/dev6.erresse-shop.it\/#\/schema\/logo\/image\/"}}]}},"df_price":689.95,"df_sale_price":689.95,"df_regular_price":749,"df_image_link":"https:\/\/i0.wp.com\/interpim.erresse-shop.it\/wp-content\/uploads\/2023\/04\/JURA-Macchina-Da-Caffe\u0300-ENA-4-Full-Nordic-White-.jpg\/jura-macchina-da-caffe-cc-80-ena-4-full-nordic-white-.jpg?resize=300,300&ssl=1","fifu_image_url":"https:\/\/interpim.erresse-shop.it\/wp-content\/uploads\/2023\/04\/JURA-Macchina-Da-Caffe\u0300-ENA-4-Full-Nordic-White-.jpg\/jura-macchina-da-caffe-cc-80-ena-4-full-nordic-white-.jpg","_links":{"self":[{"href":"https:\/\/dev6.erresse-shop.it\/fr\/wp-json\/wp\/v2\/product\/61346","targetHints":{"allow":["GET"]}}],"collection":[{"href":"https:\/\/dev6.erresse-shop.it\/fr\/wp-json\/wp\/v2\/product"}],"about":[{"href":"https:\/\/dev6.erresse-shop.it\/fr\/wp-json\/wp\/v2\/types\/product"}],"wp:featuredmedia":[{"embeddable":true,"href":"https:\/\/dev6.erresse-shop.it\/fr\/wp-json\/wp\/v2\/media\/6361282"}],"wp:attachment":[{"href":"https:\/\/dev6.erresse-shop.it\/fr\/wp-json\/wp\/v2\/media?parent=61346"}],"wp:term":[{"taxonomy":"product_cat","embeddable":true,"href":"https:\/\/dev6.erresse-shop.it\/fr\/wp-json\/wp\/v2\/product_cat?post=61346"},{"taxonomy":"product_tag","embeddable":true,"href":"https:\/\/dev6.erresse-shop.it\/fr\/wp-json\/wp\/v2\/product_tag?post=61346"}],"curies":[{"name":"wp","href":"https:\/\/api.w.org\/{rel}","templated":true}]}}