{"id":61289,"date":"2026-04-12T09:32:03","date_gmt":"2026-04-12T07:32:03","guid":{"rendered":"https:\/\/dev6.erresse-shop.it\/shop\/non%20class\u00e9\/wmf-perfect-plus-autocuiseur-65-l\/"},"modified":"2025-09-14T04:48:31","modified_gmt":"2025-09-14T02:48:31","slug":"wmf-perfect-plus-autocuiseur-65-l","status":"publish","type":"product","link":"https:\/\/dev6.erresse-shop.it\/fr\/shop\/poeles-pots\/casseroles\/wmf-perfect-plus-autocuiseur-65-l\/","title":{"rendered":"WMF Perfect Plus Autocuiseur 6,5 L"},"content":{"rendered":"<p>L\u2019autocuiseur qui cuit \u00e0 la perfection !<br \/>\nL\u2019autocuiseur Perfect Premium de WMF apporte une touche suppl\u00e9mentaire \u00e0 la cuisine moderne en simplifiant la cuisson et en rendant plus facile et plus rapide que jamais la pr\u00e9paration d\u2019aliments sains ! Le bouton de commande tout-en-un facilite l\u2019utilisation, tandis que l\u2019indicateur de cuisson intuitif \u00e0 deux niveaux garantit des plats d\u00e9licieux \u00e0 base de poisson, de viande, de l\u00e9gumes et autres. Des soupes aux rago\u00fbts, en passant par les viandes cuites \u00e0 la vapeur ou \u00e0 l\u2019\u00e9touff\u00e9e, les rago\u00fbts et les l\u00e9gumes, le poisson et la volaille, ainsi que les c\u00e9r\u00e9ales et les l\u00e9gumineuses, les possibilit\u00e9s de recettes sont infinies ! La marmite Perfect Premium est dot\u00e9e d\u2019un syst\u00e8me de s\u00e9curit\u00e9 \u00e0 7 niveaux pour une tranquillit\u00e9 d\u2019esprit maximale, d\u2019une poign\u00e9e amovible \u00e0 pression et d\u2019une marmite et d\u2019un couvercle lavables au lave-vaisselle pour un nettoyage facile et une hygi\u00e8ne parfaite. Elle est m\u00eame \u00e9quip\u00e9e d\u2019une balance interne tr\u00e8s pratique. Perfect Premium : l\u2019autocuiseur dont aucune cuisine ne devrait se passer !<\/p>\n<p>Bouton de commande tout-en-un<br \/>\nLa technologie est condens\u00e9e dans la poign\u00e9e ! Tous les r\u00e9glages de l\u2019autocuiseur sont \u00e0 port\u00e9e de main gr\u00e2ce au bouton de commande innovant tout-en-un : ouverture et fermeture, pr\u00e9s\u00e9lection du niveau de cuisson et \u00e9vacuation de la vapeur.<\/p>\n<p>Indicateur de cuisson<br \/>\nUn indicateur de cuisson permet de v\u00e9rifier facilement la progression de la cuisson, avec deux niveaux : le premier niveau est parfait pour la cuisson des l\u00e9gumes, du poisson et de la volaille ; l\u2019autre est id\u00e9al pour les viandes plus \u00e9paisses, les pommes de terre et les rago\u00fbts. Un troisi\u00e8me anneau signale la pr\u00e9sence de pression \u00e0 l\u2019int\u00e9rieur de la casserole, qui ne peut \u00eatre ouverte que lorsque l\u2019indicateur de cuisson est compl\u00e8tement rentr\u00e9 dans la poign\u00e9e.<\/p>\n<p>Une conception tr\u00e8s s\u00fbre<br \/>\nSyst\u00e8me de s\u00e9curit\u00e9 \u00e0 sept niveaux avec protection contre les flammes sur la poign\u00e9e lat\u00e9rale et la poign\u00e9e, avec d\u00e9gagement progressif de la vapeur.<\/p>\n<p>Nettoyage facile<br \/>\nPoign\u00e9e amovible pour un nettoyage facile et une fermeture hygi\u00e9nique.<\/p>\n<p>Fond universel TransThern<br \/>\nLe fond universel TransTherm\u00ae permet d\u2019\u00e9conomiser de l\u2019\u00e9nergie lors de la cuisson gr\u00e2ce \u00e0 un niveau optimal de distribution et de conservation de la chaleur. Convient \u00e0 toutes les plaques de cuisson, y compris l\u2019induction.<\/p>\n<p>Cromargan<br \/>\nMarmite et couvercle en acier inoxydable 18\/10 robuste et \u00e9l\u00e9gant Cromargan\u00ae pour une durabilit\u00e9 et une hygi\u00e8ne exceptionnelles, lavable au lave-vaisselle. \u00c9quip\u00e9s d\u2019une \u00e9chelle gradu\u00e9e interne pratique pour faciliter les mesures.<\/p>\n<p>CARACT\u00c9RISTIQUES TECHNIQUES<\/p>\n<p>Source de chaleur : induction, gaz, \u00e9lectricit\u00e9, c\u00e9ramique, halog\u00e8ne<br \/>\nCapacit\u00e9 de la casserole : 6,5 L<br \/>\nCapacit\u00e9 de la marmite (nombre de personnes) : 4-6 personnes<br \/>\nNombre de programmes de cuisson : 2<br \/>\nPassage au lave-vaisselle : Oui, sauf le joint, la valve et la poign\u00e9e du couvercle<br \/>\nMat\u00e9riau de la casserole : Acier inoxydable<\/p>\n","protected":false},"excerpt":{"rendered":"<p>L\u2019autocuiseur qui cuit \u00e0 la perfection ! L\u2019autocuiseur Perfect Premium de WMF apporte une touche suppl\u00e9mentaire \u00e0 la cuisine moderne en simplifiant la cuisson et en rendant plus facile et plus rapide que jamais la pr\u00e9paration d\u2019aliments sains ! Le bouton de commande tout-en-un facilite l\u2019utilisation, tandis que l\u2019indicateur de cuisson intuitif \u00e0 deux niveaux [&hellip;]<\/p>\n","protected":false},"featured_media":6361186,"template":"","meta":{"_acf_changed":false},"product_cat":[12001,11667,11991],"product_tag":[],"class_list":{"0":"post-61289","1":"product","2":"type-product","3":"status-publish","4":"has-post-thumbnail","6":"product_cat-casseroles","7":"product_cat-padelle-pentole","8":"product_cat-poeles-pots","10":"first","11":"outofstock","12":"sale","13":"taxable","14":"shipping-taxable","15":"purchasable","16":"product-type-simple","swatches":"rey-swatches","show_selected":"","stretch_labels":"rey-swatches--stretch-labels"},"acf":[],"yoast_head":"<!-- This site is optimized with the Yoast SEO plugin v25.4 - https:\/\/yoast.com\/wordpress\/plugins\/seo\/ -->\n<title>WMF Perfect Plus Autocuiseur 6,5 L - dev6 Erresse<\/title>\n<meta name=\"description\" content=\"L\u2019autocuiseur qui cuit \u00e0 la perfection ! L\u2019autocuiseur Perfect Premium de WMF apporte une touche suppl\u00e9mentaire \u00e0 la cuisine moderne en simplifiant la\" \/>\n<meta name=\"robots\" content=\"noindex, follow, max-snippet:-1, max-image-preview:large, max-video-preview:-1\" \/>\n<meta property=\"og:locale\" content=\"fr_FR\" \/>\n<meta property=\"og:type\" content=\"article\" \/>\n<meta property=\"og:title\" content=\"WMF Perfect Plus Autocuiseur 6,5 L - dev6 Erresse\" \/>\n<meta property=\"og:description\" content=\"L\u2019autocuiseur qui cuit \u00e0 la perfection ! L\u2019autocuiseur Perfect Premium de WMF apporte une touche suppl\u00e9mentaire \u00e0 la cuisine moderne en simplifiant la\" \/>\n<meta property=\"og:url\" content=\"https:\/\/dev6.erresse-shop.it\/fr\/shop\/poeles-pots\/casseroles\/wmf-perfect-plus-autocuiseur-65-l\/\" \/>\n<meta property=\"og:site_name\" content=\"dev6 Erresse\" \/>\n<meta property=\"og:image\" content=\"https:\/\/interpim.erresse-shop.it\/img-catalogo\/wmf\/wmf-perfect-plus-pentola-a-pressione-65-l-new.jpg\" \/><meta property=\"og:image\" content=\"https:\/\/interpim.erresse-shop.it\/img-catalogo\/wmf\/wmf-perfect-plus-pentola-a-pressione-65-l-new.jpg\" \/>\n\t<meta property=\"og:image:width\" content=\"1024\" \/>\n\t<meta property=\"og:image:height\" content=\"1024\" \/>\n\t<meta property=\"og:image:type\" content=\"image\/jpeg\" \/>\n<meta name=\"twitter:card\" content=\"summary_large_image\" \/>\n<meta name=\"twitter:image\" content=\"https:\/\/interpim.erresse-shop.it\/img-catalogo\/wmf\/wmf-perfect-plus-pentola-a-pressione-65-l-new.jpg\" \/>\n<script type=\"application\/ld+json\" class=\"yoast-schema-graph\">{\"@context\":\"https:\/\/schema.org\",\"@graph\":[{\"@type\":\"WebPage\",\"@id\":\"https:\/\/dev6.erresse-shop.it\/fr\/shop\/poeles-pots\/casseroles\/wmf-perfect-plus-autocuiseur-65-l\/\",\"url\":\"https:\/\/dev6.erresse-shop.it\/fr\/shop\/poeles-pots\/casseroles\/wmf-perfect-plus-autocuiseur-65-l\/\",\"name\":\"WMF Perfect Plus Autocuiseur 6,5 L - dev6 Erresse\",\"isPartOf\":{\"@id\":\"https:\/\/dev6.erresse-shop.it\/#website\"},\"primaryImageOfPage\":{\"@id\":\"https:\/\/dev6.erresse-shop.it\/fr\/shop\/poeles-pots\/casseroles\/wmf-perfect-plus-autocuiseur-65-l\/#primaryimage\"},\"image\":{\"@id\":\"https:\/\/dev6.erresse-shop.it\/fr\/shop\/poeles-pots\/casseroles\/wmf-perfect-plus-autocuiseur-65-l\/#primaryimage\"},\"thumbnailUrl\":\"https:\/\/i1.wp.com\/interpim.erresse-shop.it\/img-catalogo\/wmf\/wmf-perfect-plus-pentola-a-pressione-65-l-new.jpg?ssl=1\",\"datePublished\":\"2026-04-12T07:32:03+00:00\",\"description\":\"L\u2019autocuiseur qui cuit \u00e0 la perfection ! L\u2019autocuiseur Perfect Premium de WMF apporte une touche suppl\u00e9mentaire \u00e0 la cuisine moderne en simplifiant la\",\"breadcrumb\":{\"@id\":\"https:\/\/dev6.erresse-shop.it\/fr\/shop\/poeles-pots\/casseroles\/wmf-perfect-plus-autocuiseur-65-l\/#breadcrumb\"},\"inLanguage\":\"fr-FR\",\"potentialAction\":[{\"@type\":\"ReadAction\",\"target\":[\"https:\/\/dev6.erresse-shop.it\/fr\/shop\/poeles-pots\/casseroles\/wmf-perfect-plus-autocuiseur-65-l\/\"]}]},{\"@type\":\"ImageObject\",\"inLanguage\":\"fr-FR\",\"@id\":\"https:\/\/dev6.erresse-shop.it\/fr\/shop\/poeles-pots\/casseroles\/wmf-perfect-plus-autocuiseur-65-l\/#primaryimage\",\"url\":\"https:\/\/i1.wp.com\/interpim.erresse-shop.it\/img-catalogo\/wmf\/wmf-perfect-plus-pentola-a-pressione-65-l-new.jpg?ssl=1\",\"contentUrl\":\"https:\/\/i1.wp.com\/interpim.erresse-shop.it\/img-catalogo\/wmf\/wmf-perfect-plus-pentola-a-pressione-65-l-new.jpg?ssl=1\"},{\"@type\":\"BreadcrumbList\",\"@id\":\"https:\/\/dev6.erresse-shop.it\/fr\/shop\/poeles-pots\/casseroles\/wmf-perfect-plus-autocuiseur-65-l\/#breadcrumb\",\"itemListElement\":[{\"@type\":\"ListItem\",\"position\":1,\"name\":\"Home\",\"item\":\"https:\/\/dev6.erresse-shop.it\/\"},{\"@type\":\"ListItem\",\"position\":2,\"name\":\"Boutique\",\"item\":\"https:\/\/dev6.erresse-shop.it\/shop\/\"},{\"@type\":\"ListItem\",\"position\":3,\"name\":\"WMF Perfect Plus Autocuiseur 6,5 L\"}]},{\"@type\":\"WebSite\",\"@id\":\"https:\/\/dev6.erresse-shop.it\/#website\",\"url\":\"https:\/\/dev6.erresse-shop.it\/\",\"name\":\"Erresse Shop\",\"description\":\"\",\"publisher\":{\"@id\":\"https:\/\/dev6.erresse-shop.it\/#organization\"},\"potentialAction\":[{\"@type\":\"SearchAction\",\"target\":{\"@type\":\"EntryPoint\",\"urlTemplate\":\"https:\/\/dev6.erresse-shop.it\/?s={search_term_string}\"},\"query-input\":{\"@type\":\"PropertyValueSpecification\",\"valueRequired\":true,\"valueName\":\"search_term_string\"}}],\"inLanguage\":\"fr-FR\"},{\"@type\":\"Organization\",\"@id\":\"https:\/\/dev6.erresse-shop.it\/#organization\",\"name\":\"Erresse Shop\",\"url\":\"https:\/\/dev6.erresse-shop.it\/\",\"logo\":{\"@type\":\"ImageObject\",\"inLanguage\":\"fr-FR\",\"@id\":\"https:\/\/dev6.erresse-shop.it\/#\/schema\/logo\/image\/\",\"url\":\"https:\/\/dev6.erresse-shop.it\/wp-content\/uploads\/2025\/01\/LOGO-ERRESSE-CLASSICO.svg\",\"contentUrl\":\"https:\/\/dev6.erresse-shop.it\/wp-content\/uploads\/2025\/01\/LOGO-ERRESSE-CLASSICO.svg\",\"caption\":\"Erresse Shop\"},\"image\":{\"@id\":\"https:\/\/dev6.erresse-shop.it\/#\/schema\/logo\/image\/\"}}]}<\/script>\n<!-- \/ Yoast SEO plugin. -->","yoast_head_json":{"title":"WMF Perfect Plus Autocuiseur 6,5 L - dev6 Erresse","description":"L\u2019autocuiseur qui cuit \u00e0 la perfection ! L\u2019autocuiseur Perfect Premium de WMF apporte une touche suppl\u00e9mentaire \u00e0 la cuisine moderne en simplifiant la","robots":{"index":"noindex","follow":"follow","max-snippet":"max-snippet:-1","max-image-preview":"max-image-preview:large","max-video-preview":"max-video-preview:-1"},"og_locale":"fr_FR","og_type":"article","og_title":"WMF Perfect Plus Autocuiseur 6,5 L - dev6 Erresse","og_description":"L\u2019autocuiseur qui cuit \u00e0 la perfection ! L\u2019autocuiseur Perfect Premium de WMF apporte une touche suppl\u00e9mentaire \u00e0 la cuisine moderne en simplifiant la","og_url":"https:\/\/dev6.erresse-shop.it\/fr\/shop\/poeles-pots\/casseroles\/wmf-perfect-plus-autocuiseur-65-l\/","og_site_name":"dev6 Erresse","og_image":[{"url":"https:\/\/interpim.erresse-shop.it\/img-catalogo\/wmf\/wmf-perfect-plus-pentola-a-pressione-65-l-new.jpg","type":"","width":"","height":""},{"url":"https:\/\/interpim.erresse-shop.it\/img-catalogo\/wmf\/wmf-perfect-plus-pentola-a-pressione-65-l-new.jpg","width":1024,"height":1024,"type":"image\/jpeg"}],"twitter_card":"summary_large_image","twitter_image":"https:\/\/interpim.erresse-shop.it\/img-catalogo\/wmf\/wmf-perfect-plus-pentola-a-pressione-65-l-new.jpg","schema":{"@context":"https:\/\/schema.org","@graph":[{"@type":"WebPage","@id":"https:\/\/dev6.erresse-shop.it\/fr\/shop\/poeles-pots\/casseroles\/wmf-perfect-plus-autocuiseur-65-l\/","url":"https:\/\/dev6.erresse-shop.it\/fr\/shop\/poeles-pots\/casseroles\/wmf-perfect-plus-autocuiseur-65-l\/","name":"WMF Perfect Plus Autocuiseur 6,5 L - dev6 Erresse","isPartOf":{"@id":"https:\/\/dev6.erresse-shop.it\/#website"},"primaryImageOfPage":{"@id":"https:\/\/dev6.erresse-shop.it\/fr\/shop\/poeles-pots\/casseroles\/wmf-perfect-plus-autocuiseur-65-l\/#primaryimage"},"image":{"@id":"https:\/\/dev6.erresse-shop.it\/fr\/shop\/poeles-pots\/casseroles\/wmf-perfect-plus-autocuiseur-65-l\/#primaryimage"},"thumbnailUrl":"https:\/\/i1.wp.com\/interpim.erresse-shop.it\/img-catalogo\/wmf\/wmf-perfect-plus-pentola-a-pressione-65-l-new.jpg?ssl=1","datePublished":"2026-04-12T07:32:03+00:00","description":"L\u2019autocuiseur qui cuit \u00e0 la perfection ! L\u2019autocuiseur Perfect Premium de WMF apporte une touche suppl\u00e9mentaire \u00e0 la cuisine moderne en simplifiant la","breadcrumb":{"@id":"https:\/\/dev6.erresse-shop.it\/fr\/shop\/poeles-pots\/casseroles\/wmf-perfect-plus-autocuiseur-65-l\/#breadcrumb"},"inLanguage":"fr-FR","potentialAction":[{"@type":"ReadAction","target":["https:\/\/dev6.erresse-shop.it\/fr\/shop\/poeles-pots\/casseroles\/wmf-perfect-plus-autocuiseur-65-l\/"]}]},{"@type":"ImageObject","inLanguage":"fr-FR","@id":"https:\/\/dev6.erresse-shop.it\/fr\/shop\/poeles-pots\/casseroles\/wmf-perfect-plus-autocuiseur-65-l\/#primaryimage","url":"https:\/\/i1.wp.com\/interpim.erresse-shop.it\/img-catalogo\/wmf\/wmf-perfect-plus-pentola-a-pressione-65-l-new.jpg?ssl=1","contentUrl":"https:\/\/i1.wp.com\/interpim.erresse-shop.it\/img-catalogo\/wmf\/wmf-perfect-plus-pentola-a-pressione-65-l-new.jpg?ssl=1"},{"@type":"BreadcrumbList","@id":"https:\/\/dev6.erresse-shop.it\/fr\/shop\/poeles-pots\/casseroles\/wmf-perfect-plus-autocuiseur-65-l\/#breadcrumb","itemListElement":[{"@type":"ListItem","position":1,"name":"Home","item":"https:\/\/dev6.erresse-shop.it\/"},{"@type":"ListItem","position":2,"name":"Boutique","item":"https:\/\/dev6.erresse-shop.it\/shop\/"},{"@type":"ListItem","position":3,"name":"WMF Perfect Plus Autocuiseur 6,5 L"}]},{"@type":"WebSite","@id":"https:\/\/dev6.erresse-shop.it\/#website","url":"https:\/\/dev6.erresse-shop.it\/","name":"Erresse Shop","description":"","publisher":{"@id":"https:\/\/dev6.erresse-shop.it\/#organization"},"potentialAction":[{"@type":"SearchAction","target":{"@type":"EntryPoint","urlTemplate":"https:\/\/dev6.erresse-shop.it\/?s={search_term_string}"},"query-input":{"@type":"PropertyValueSpecification","valueRequired":true,"valueName":"search_term_string"}}],"inLanguage":"fr-FR"},{"@type":"Organization","@id":"https:\/\/dev6.erresse-shop.it\/#organization","name":"Erresse Shop","url":"https:\/\/dev6.erresse-shop.it\/","logo":{"@type":"ImageObject","inLanguage":"fr-FR","@id":"https:\/\/dev6.erresse-shop.it\/#\/schema\/logo\/image\/","url":"https:\/\/dev6.erresse-shop.it\/wp-content\/uploads\/2025\/01\/LOGO-ERRESSE-CLASSICO.svg","contentUrl":"https:\/\/dev6.erresse-shop.it\/wp-content\/uploads\/2025\/01\/LOGO-ERRESSE-CLASSICO.svg","caption":"Erresse Shop"},"image":{"@id":"https:\/\/dev6.erresse-shop.it\/#\/schema\/logo\/image\/"}}]}},"df_price":154.95,"df_sale_price":154.95,"df_regular_price":239,"df_image_link":"https:\/\/i1.wp.com\/interpim.erresse-shop.it\/img-catalogo\/wmf\/wmf-perfect-plus-pentola-a-pressione-65-l-new.jpg?resize=300,300&ssl=1","fifu_image_url":"https:\/\/interpim.erresse-shop.it\/img-catalogo\/wmf\/wmf-perfect-plus-pentola-a-pressione-65-l-new.jpg","_links":{"self":[{"href":"https:\/\/dev6.erresse-shop.it\/fr\/wp-json\/wp\/v2\/product\/61289","targetHints":{"allow":["GET"]}}],"collection":[{"href":"https:\/\/dev6.erresse-shop.it\/fr\/wp-json\/wp\/v2\/product"}],"about":[{"href":"https:\/\/dev6.erresse-shop.it\/fr\/wp-json\/wp\/v2\/types\/product"}],"wp:featuredmedia":[{"embeddable":true,"href":"https:\/\/dev6.erresse-shop.it\/fr\/wp-json\/wp\/v2\/media\/6361186"}],"wp:attachment":[{"href":"https:\/\/dev6.erresse-shop.it\/fr\/wp-json\/wp\/v2\/media?parent=61289"}],"wp:term":[{"taxonomy":"product_cat","embeddable":true,"href":"https:\/\/dev6.erresse-shop.it\/fr\/wp-json\/wp\/v2\/product_cat?post=61289"},{"taxonomy":"product_tag","embeddable":true,"href":"https:\/\/dev6.erresse-shop.it\/fr\/wp-json\/wp\/v2\/product_tag?post=61289"}],"curies":[{"name":"wp","href":"https:\/\/api.w.org\/{rel}","templated":true}]}}