{"id":61287,"date":"2026-04-12T09:32:03","date_gmt":"2026-04-12T07:32:03","guid":{"rendered":"https:\/\/dev6.erresse-shop.it\/shop\/non%20class\u00e9\/villeroy-boch-iconic-assiettes-la-boule-paradiso\/"},"modified":"2025-09-14T04:48:28","modified_gmt":"2025-09-14T02:48:28","slug":"villeroy-boch-iconic-assiettes-la-boule-paradiso","status":"publish","type":"product","link":"https:\/\/dev6.erresse-shop.it\/fr\/shop\/table-fr-2\/plats\/villeroy-boch-iconic-assiettes-la-boule-paradiso\/","title":{"rendered":"VILLEROY &#038; BOCH Iconic Assiettes La Boule Paradiso"},"content":{"rendered":"<p>Nos \u00e9ditions limit\u00e9es anniversaire<br \/>\nNos racines combin\u00e9es aux derni\u00e8res tendances : avec nos nouveaut\u00e9s en \u00e9dition limit\u00e9e anniversaire, nous avons cr\u00e9\u00e9 quelque chose d\u2019extraordinaire. La r\u00e9interpr\u00e9tation de la d\u00e9coration Paradiso, tr\u00e8s appr\u00e9ci\u00e9e, illustre les tendances actuelles avec modernit\u00e9 et \u00e9l\u00e9gance. La taille-douce est une technique originaire d\u2019Angleterre qui a \u00e9t\u00e9 appliqu\u00e9e \u00e0 la c\u00e9ramique d\u00e8s 1791 par Nicolas Villeroy. C\u2019est pr\u00e9cis\u00e9ment cette technique traditionnelle qui nous a inspir\u00e9s pour notre anniversaire.<\/p>\n<p>Un attrait visuel intemporel avec un design embl\u00e9matique<br \/>\nClassique et moderne r\u00e9unis dans un m\u00eame design : pour le 275e anniversaire, la collection Paradiso s\u2019inspire des 275 ans de tradition de Villeroy &amp; Boch et les met au go\u00fbt du jour. Des d\u00e9cors historiques en taille-douce rehauss\u00e9s d\u2019\u00e9l\u00e9ments graphiques modernes et d\u2019un orange intense donnent naissance \u00e0 un nouveau langage stylistique contemporain. Les pi\u00e8ces combinables polyvalentes s\u00e9duisent par leurs couleurs modernes. La fonctionnalit\u00e9 et le design iconique font de chaque La Boule non seulement un objet qui attire le regard sur chaque table, mais aussi un objet d\u2019int\u00e9rieur tr\u00e8s sp\u00e9cial.<\/p>\n<p>Le set se compose de :<br \/>\n2 bols<br \/>\n2 bols plats<br \/>\n2 assiettes plates<br \/>\n1 assiette de service<\/p>\n<p>Mat\u00e9riau : Porcelaine<br \/>\nPasse au lave-vaisselle<br \/>\nPasse au micro-ondes<\/p>\n","protected":false},"excerpt":{"rendered":"<p>Nos \u00e9ditions limit\u00e9es anniversaire Nos racines combin\u00e9es aux derni\u00e8res tendances : avec nos nouveaut\u00e9s en \u00e9dition limit\u00e9e anniversaire, nous avons cr\u00e9\u00e9 quelque chose d\u2019extraordinaire. La r\u00e9interpr\u00e9tation de la d\u00e9coration Paradiso, tr\u00e8s appr\u00e9ci\u00e9e, illustre les tendances actuelles avec modernit\u00e9 et \u00e9l\u00e9gance. La taille-douce est une technique originaire d\u2019Angleterre qui a \u00e9t\u00e9 appliqu\u00e9e \u00e0 la c\u00e9ramique d\u00e8s [&hellip;]<\/p>\n","protected":false},"featured_media":6361158,"template":"","meta":{"_acf_changed":false},"product_cat":[12014,11995,11671],"product_tag":[],"class_list":{"0":"post-61287","1":"product","2":"type-product","3":"status-publish","4":"has-post-thumbnail","6":"product_cat-plats","7":"product_cat-table-fr-2","8":"product_cat-tavola","10":"first","11":"outofstock","12":"sale","13":"taxable","14":"shipping-taxable","15":"purchasable","16":"product-type-simple","swatches":"rey-swatches","show_selected":"","stretch_labels":"rey-swatches--stretch-labels"},"acf":[],"yoast_head":"<!-- This site is optimized with the Yoast SEO plugin v25.4 - https:\/\/yoast.com\/wordpress\/plugins\/seo\/ -->\n<title>VILLEROY &#038; BOCH Iconic Assiettes La Boule Paradiso - dev6 Erresse<\/title>\n<meta name=\"description\" content=\"Nos \u00e9ditions limit\u00e9es anniversaire Nos racines combin\u00e9es aux derni\u00e8res tendances : avec nos nouveaut\u00e9s en \u00e9dition limit\u00e9e anniversaire, nous avons cr\u00e9\u00e9\" \/>\n<meta name=\"robots\" content=\"noindex, follow, max-snippet:-1, max-image-preview:large, max-video-preview:-1\" \/>\n<meta property=\"og:locale\" content=\"fr_FR\" \/>\n<meta property=\"og:type\" content=\"article\" \/>\n<meta property=\"og:title\" content=\"VILLEROY &#038; BOCH Iconic Assiettes La Boule Paradiso - dev6 Erresse\" \/>\n<meta property=\"og:description\" content=\"Nos \u00e9ditions limit\u00e9es anniversaire Nos racines combin\u00e9es aux derni\u00e8res tendances : avec nos nouveaut\u00e9s en \u00e9dition limit\u00e9e anniversaire, nous avons cr\u00e9\u00e9\" \/>\n<meta property=\"og:url\" content=\"https:\/\/dev6.erresse-shop.it\/fr\/shop\/table-fr-2\/plats\/villeroy-boch-iconic-assiettes-la-boule-paradiso\/\" \/>\n<meta property=\"og:site_name\" content=\"dev6 Erresse\" \/>\n<meta property=\"og:image\" content=\"https:\/\/interpim.erresse-shop.it\/img-catalogo\/villeroy\/villeroy-boch-iconic-piatti-la-boule-paradiso.jpg\" \/><meta property=\"og:image\" content=\"https:\/\/interpim.erresse-shop.it\/img-catalogo\/villeroy\/villeroy-boch-iconic-piatti-la-boule-paradiso.jpg\" \/>\n\t<meta property=\"og:image:width\" content=\"1024\" \/>\n\t<meta property=\"og:image:height\" content=\"1024\" \/>\n\t<meta property=\"og:image:type\" content=\"image\/jpeg\" \/>\n<meta name=\"twitter:card\" content=\"summary_large_image\" \/>\n<meta name=\"twitter:image\" content=\"https:\/\/interpim.erresse-shop.it\/img-catalogo\/villeroy\/villeroy-boch-iconic-piatti-la-boule-paradiso.jpg\" \/>\n<script type=\"application\/ld+json\" class=\"yoast-schema-graph\">{\"@context\":\"https:\/\/schema.org\",\"@graph\":[{\"@type\":\"WebPage\",\"@id\":\"https:\/\/dev6.erresse-shop.it\/fr\/shop\/table-fr-2\/plats\/villeroy-boch-iconic-assiettes-la-boule-paradiso\/\",\"url\":\"https:\/\/dev6.erresse-shop.it\/fr\/shop\/table-fr-2\/plats\/villeroy-boch-iconic-assiettes-la-boule-paradiso\/\",\"name\":\"VILLEROY &#038; BOCH Iconic Assiettes La Boule Paradiso - dev6 Erresse\",\"isPartOf\":{\"@id\":\"https:\/\/dev6.erresse-shop.it\/#website\"},\"primaryImageOfPage\":{\"@id\":\"https:\/\/dev6.erresse-shop.it\/fr\/shop\/table-fr-2\/plats\/villeroy-boch-iconic-assiettes-la-boule-paradiso\/#primaryimage\"},\"image\":{\"@id\":\"https:\/\/dev6.erresse-shop.it\/fr\/shop\/table-fr-2\/plats\/villeroy-boch-iconic-assiettes-la-boule-paradiso\/#primaryimage\"},\"thumbnailUrl\":\"https:\/\/i3.wp.com\/interpim.erresse-shop.it\/img-catalogo\/villeroy\/villeroy-boch-iconic-piatti-la-boule-paradiso.jpg?ssl=1\",\"datePublished\":\"2026-04-12T07:32:03+00:00\",\"description\":\"Nos \u00e9ditions limit\u00e9es anniversaire Nos racines combin\u00e9es aux derni\u00e8res tendances : avec nos nouveaut\u00e9s en \u00e9dition limit\u00e9e anniversaire, nous avons cr\u00e9\u00e9\",\"breadcrumb\":{\"@id\":\"https:\/\/dev6.erresse-shop.it\/fr\/shop\/table-fr-2\/plats\/villeroy-boch-iconic-assiettes-la-boule-paradiso\/#breadcrumb\"},\"inLanguage\":\"fr-FR\",\"potentialAction\":[{\"@type\":\"ReadAction\",\"target\":[\"https:\/\/dev6.erresse-shop.it\/fr\/shop\/table-fr-2\/plats\/villeroy-boch-iconic-assiettes-la-boule-paradiso\/\"]}]},{\"@type\":\"ImageObject\",\"inLanguage\":\"fr-FR\",\"@id\":\"https:\/\/dev6.erresse-shop.it\/fr\/shop\/table-fr-2\/plats\/villeroy-boch-iconic-assiettes-la-boule-paradiso\/#primaryimage\",\"url\":\"https:\/\/i3.wp.com\/interpim.erresse-shop.it\/img-catalogo\/villeroy\/villeroy-boch-iconic-piatti-la-boule-paradiso.jpg?ssl=1\",\"contentUrl\":\"https:\/\/i3.wp.com\/interpim.erresse-shop.it\/img-catalogo\/villeroy\/villeroy-boch-iconic-piatti-la-boule-paradiso.jpg?ssl=1\"},{\"@type\":\"BreadcrumbList\",\"@id\":\"https:\/\/dev6.erresse-shop.it\/fr\/shop\/table-fr-2\/plats\/villeroy-boch-iconic-assiettes-la-boule-paradiso\/#breadcrumb\",\"itemListElement\":[{\"@type\":\"ListItem\",\"position\":1,\"name\":\"Home\",\"item\":\"https:\/\/dev6.erresse-shop.it\/\"},{\"@type\":\"ListItem\",\"position\":2,\"name\":\"Boutique\",\"item\":\"https:\/\/dev6.erresse-shop.it\/shop\/\"},{\"@type\":\"ListItem\",\"position\":3,\"name\":\"VILLEROY &#038; BOCH Iconic Assiettes La Boule Paradiso\"}]},{\"@type\":\"WebSite\",\"@id\":\"https:\/\/dev6.erresse-shop.it\/#website\",\"url\":\"https:\/\/dev6.erresse-shop.it\/\",\"name\":\"Erresse Shop\",\"description\":\"\",\"publisher\":{\"@id\":\"https:\/\/dev6.erresse-shop.it\/#organization\"},\"potentialAction\":[{\"@type\":\"SearchAction\",\"target\":{\"@type\":\"EntryPoint\",\"urlTemplate\":\"https:\/\/dev6.erresse-shop.it\/?s={search_term_string}\"},\"query-input\":{\"@type\":\"PropertyValueSpecification\",\"valueRequired\":true,\"valueName\":\"search_term_string\"}}],\"inLanguage\":\"fr-FR\"},{\"@type\":\"Organization\",\"@id\":\"https:\/\/dev6.erresse-shop.it\/#organization\",\"name\":\"Erresse Shop\",\"url\":\"https:\/\/dev6.erresse-shop.it\/\",\"logo\":{\"@type\":\"ImageObject\",\"inLanguage\":\"fr-FR\",\"@id\":\"https:\/\/dev6.erresse-shop.it\/#\/schema\/logo\/image\/\",\"url\":\"https:\/\/dev6.erresse-shop.it\/wp-content\/uploads\/2025\/01\/LOGO-ERRESSE-CLASSICO.svg\",\"contentUrl\":\"https:\/\/dev6.erresse-shop.it\/wp-content\/uploads\/2025\/01\/LOGO-ERRESSE-CLASSICO.svg\",\"caption\":\"Erresse Shop\"},\"image\":{\"@id\":\"https:\/\/dev6.erresse-shop.it\/#\/schema\/logo\/image\/\"}}]}<\/script>\n<!-- \/ Yoast SEO plugin. -->","yoast_head_json":{"title":"VILLEROY &#038; BOCH Iconic Assiettes La Boule Paradiso - dev6 Erresse","description":"Nos \u00e9ditions limit\u00e9es anniversaire Nos racines combin\u00e9es aux derni\u00e8res tendances : avec nos nouveaut\u00e9s en \u00e9dition limit\u00e9e anniversaire, nous avons cr\u00e9\u00e9","robots":{"index":"noindex","follow":"follow","max-snippet":"max-snippet:-1","max-image-preview":"max-image-preview:large","max-video-preview":"max-video-preview:-1"},"og_locale":"fr_FR","og_type":"article","og_title":"VILLEROY &#038; BOCH Iconic Assiettes La Boule Paradiso - dev6 Erresse","og_description":"Nos \u00e9ditions limit\u00e9es anniversaire Nos racines combin\u00e9es aux derni\u00e8res tendances : avec nos nouveaut\u00e9s en \u00e9dition limit\u00e9e anniversaire, nous avons cr\u00e9\u00e9","og_url":"https:\/\/dev6.erresse-shop.it\/fr\/shop\/table-fr-2\/plats\/villeroy-boch-iconic-assiettes-la-boule-paradiso\/","og_site_name":"dev6 Erresse","og_image":[{"url":"https:\/\/interpim.erresse-shop.it\/img-catalogo\/villeroy\/villeroy-boch-iconic-piatti-la-boule-paradiso.jpg","type":"","width":"","height":""},{"url":"https:\/\/interpim.erresse-shop.it\/img-catalogo\/villeroy\/villeroy-boch-iconic-piatti-la-boule-paradiso.jpg","width":1024,"height":1024,"type":"image\/jpeg"}],"twitter_card":"summary_large_image","twitter_image":"https:\/\/interpim.erresse-shop.it\/img-catalogo\/villeroy\/villeroy-boch-iconic-piatti-la-boule-paradiso.jpg","schema":{"@context":"https:\/\/schema.org","@graph":[{"@type":"WebPage","@id":"https:\/\/dev6.erresse-shop.it\/fr\/shop\/table-fr-2\/plats\/villeroy-boch-iconic-assiettes-la-boule-paradiso\/","url":"https:\/\/dev6.erresse-shop.it\/fr\/shop\/table-fr-2\/plats\/villeroy-boch-iconic-assiettes-la-boule-paradiso\/","name":"VILLEROY &#038; BOCH Iconic Assiettes La Boule Paradiso - dev6 Erresse","isPartOf":{"@id":"https:\/\/dev6.erresse-shop.it\/#website"},"primaryImageOfPage":{"@id":"https:\/\/dev6.erresse-shop.it\/fr\/shop\/table-fr-2\/plats\/villeroy-boch-iconic-assiettes-la-boule-paradiso\/#primaryimage"},"image":{"@id":"https:\/\/dev6.erresse-shop.it\/fr\/shop\/table-fr-2\/plats\/villeroy-boch-iconic-assiettes-la-boule-paradiso\/#primaryimage"},"thumbnailUrl":"https:\/\/i3.wp.com\/interpim.erresse-shop.it\/img-catalogo\/villeroy\/villeroy-boch-iconic-piatti-la-boule-paradiso.jpg?ssl=1","datePublished":"2026-04-12T07:32:03+00:00","description":"Nos \u00e9ditions limit\u00e9es anniversaire Nos racines combin\u00e9es aux derni\u00e8res tendances : avec nos nouveaut\u00e9s en \u00e9dition limit\u00e9e anniversaire, nous avons cr\u00e9\u00e9","breadcrumb":{"@id":"https:\/\/dev6.erresse-shop.it\/fr\/shop\/table-fr-2\/plats\/villeroy-boch-iconic-assiettes-la-boule-paradiso\/#breadcrumb"},"inLanguage":"fr-FR","potentialAction":[{"@type":"ReadAction","target":["https:\/\/dev6.erresse-shop.it\/fr\/shop\/table-fr-2\/plats\/villeroy-boch-iconic-assiettes-la-boule-paradiso\/"]}]},{"@type":"ImageObject","inLanguage":"fr-FR","@id":"https:\/\/dev6.erresse-shop.it\/fr\/shop\/table-fr-2\/plats\/villeroy-boch-iconic-assiettes-la-boule-paradiso\/#primaryimage","url":"https:\/\/i3.wp.com\/interpim.erresse-shop.it\/img-catalogo\/villeroy\/villeroy-boch-iconic-piatti-la-boule-paradiso.jpg?ssl=1","contentUrl":"https:\/\/i3.wp.com\/interpim.erresse-shop.it\/img-catalogo\/villeroy\/villeroy-boch-iconic-piatti-la-boule-paradiso.jpg?ssl=1"},{"@type":"BreadcrumbList","@id":"https:\/\/dev6.erresse-shop.it\/fr\/shop\/table-fr-2\/plats\/villeroy-boch-iconic-assiettes-la-boule-paradiso\/#breadcrumb","itemListElement":[{"@type":"ListItem","position":1,"name":"Home","item":"https:\/\/dev6.erresse-shop.it\/"},{"@type":"ListItem","position":2,"name":"Boutique","item":"https:\/\/dev6.erresse-shop.it\/shop\/"},{"@type":"ListItem","position":3,"name":"VILLEROY &#038; BOCH Iconic Assiettes La Boule Paradiso"}]},{"@type":"WebSite","@id":"https:\/\/dev6.erresse-shop.it\/#website","url":"https:\/\/dev6.erresse-shop.it\/","name":"Erresse Shop","description":"","publisher":{"@id":"https:\/\/dev6.erresse-shop.it\/#organization"},"potentialAction":[{"@type":"SearchAction","target":{"@type":"EntryPoint","urlTemplate":"https:\/\/dev6.erresse-shop.it\/?s={search_term_string}"},"query-input":{"@type":"PropertyValueSpecification","valueRequired":true,"valueName":"search_term_string"}}],"inLanguage":"fr-FR"},{"@type":"Organization","@id":"https:\/\/dev6.erresse-shop.it\/#organization","name":"Erresse Shop","url":"https:\/\/dev6.erresse-shop.it\/","logo":{"@type":"ImageObject","inLanguage":"fr-FR","@id":"https:\/\/dev6.erresse-shop.it\/#\/schema\/logo\/image\/","url":"https:\/\/dev6.erresse-shop.it\/wp-content\/uploads\/2025\/01\/LOGO-ERRESSE-CLASSICO.svg","contentUrl":"https:\/\/dev6.erresse-shop.it\/wp-content\/uploads\/2025\/01\/LOGO-ERRESSE-CLASSICO.svg","caption":"Erresse Shop"},"image":{"@id":"https:\/\/dev6.erresse-shop.it\/#\/schema\/logo\/image\/"}}]}},"df_price":389,"df_sale_price":389,"df_regular_price":499,"df_image_link":"https:\/\/i3.wp.com\/interpim.erresse-shop.it\/img-catalogo\/villeroy\/villeroy-boch-iconic-piatti-la-boule-paradiso.jpg?resize=300,300&ssl=1","fifu_image_url":"https:\/\/interpim.erresse-shop.it\/img-catalogo\/villeroy\/villeroy-boch-iconic-piatti-la-boule-paradiso.jpg","_links":{"self":[{"href":"https:\/\/dev6.erresse-shop.it\/fr\/wp-json\/wp\/v2\/product\/61287","targetHints":{"allow":["GET"]}}],"collection":[{"href":"https:\/\/dev6.erresse-shop.it\/fr\/wp-json\/wp\/v2\/product"}],"about":[{"href":"https:\/\/dev6.erresse-shop.it\/fr\/wp-json\/wp\/v2\/types\/product"}],"wp:featuredmedia":[{"embeddable":true,"href":"https:\/\/dev6.erresse-shop.it\/fr\/wp-json\/wp\/v2\/media\/6361158"}],"wp:attachment":[{"href":"https:\/\/dev6.erresse-shop.it\/fr\/wp-json\/wp\/v2\/media?parent=61287"}],"wp:term":[{"taxonomy":"product_cat","embeddable":true,"href":"https:\/\/dev6.erresse-shop.it\/fr\/wp-json\/wp\/v2\/product_cat?post=61287"},{"taxonomy":"product_tag","embeddable":true,"href":"https:\/\/dev6.erresse-shop.it\/fr\/wp-json\/wp\/v2\/product_tag?post=61287"}],"curies":[{"name":"wp","href":"https:\/\/api.w.org\/{rel}","templated":true}]}}