{"id":61265,"date":"2026-04-12T09:32:03","date_gmt":"2026-04-12T07:32:03","guid":{"rendered":"https:\/\/dev6.erresse-shop.it\/shop\/non%20class\u00e9\/global-bloc-a-couteaux-pour-13-pieces\/"},"modified":"2026-02-05T18:35:23","modified_gmt":"2026-02-05T17:35:23","slug":"global-bloc-a-couteaux-pour-13-pieces","status":"publish","type":"product","link":"https:\/\/dev6.erresse-shop.it\/fr\/shop\/cuisine\/couteaux\/bloc-couteaux\/global-bloc-a-couteaux-pour-13-pieces\/","title":{"rendered":"GLOBAL Bloc \u00e0 couteaux pour 13 pi\u00e8ces"},"content":{"rendered":"<p>R\u00e9alis\u00e9 avec le soin esth\u00e9tique et fonctionnel qui a toujours caract\u00e9ris\u00e9 la marque Global, ce bloc \u00e0 couteaux pr\u00e9sente plusieurs atouts. Le premier, le plus \u00e9vident, concerne sa capacit\u00e9 : 15 larges rainures qui lui permettent de contenir jusqu\u2019\u00e0 30 couteaux de diff\u00e9rentes formes et tailles (13 indiqu\u00e9s par le fabricant, mais cela d\u00e9pend \u00e9videmment de la taille des lames) dans des conditions optimales (gr\u00e2ce au rev\u00eatement interne en plastique) ; comme si cela ne suffisait pas, le bloc est dot\u00e9 d\u2019une ouverture suppl\u00e9mentaire adapt\u00e9e au logement d\u2019un aiguisoir. Le tout pour un encombrement r\u00e9solument limit\u00e9, certainement moins que si les diff\u00e9rents couteaux \u00e9taient rang\u00e9s s\u00e9par\u00e9ment.<\/p>\n<p>Il faut \u00e9galement souligner la robustesse et la solidit\u00e9 du bloc qui, r\u00e9alis\u00e9 en acier inoxydable, est dot\u00e9 d\u2019un socle en caoutchouc qui facilite l\u2019adh\u00e9rence \u00e0 la surface sur laquelle il repose : antid\u00e9rapant, donc !<\/p>\n<p>Le dernier \u00e9l\u00e9ment qui ressort, il faut le dire, est l\u2019\u00e9l\u00e9gance et le raffinement de ce produit : la forme rappelle un peu le profil d\u2019un bateau \u00e0 voile, tandis que l\u2019heureuse alternance chromatique entre le gris de l\u2019acier et le noir des inserts synth\u00e9tiques rend ce bloc particuli\u00e8rement adapt\u00e9 comme objet d\u2019ameublement dans les cuisines au design moderne.<\/p>\n","protected":false},"excerpt":{"rendered":"<p>R\u00e9alis\u00e9 avec le soin esth\u00e9tique et fonctionnel qui a toujours caract\u00e9ris\u00e9 la marque Global, ce bloc \u00e0 couteaux pr\u00e9sente plusieurs atouts. Le premier, le plus \u00e9vident, concerne sa capacit\u00e9 : 15 larges rainures qui lui permettent de contenir jusqu\u2019\u00e0 30 couteaux de diff\u00e9rentes formes et tailles (13 indiqu\u00e9s par le fabricant, mais cela d\u00e9pend \u00e9videmment [&hellip;]<\/p>\n","protected":false},"featured_media":6361080,"template":"","meta":{"_acf_changed":false},"product_cat":[12059,11669,11993,11992],"product_tag":[],"class_list":{"0":"post-61265","1":"product","2":"type-product","3":"status-publish","4":"has-post-thumbnail","6":"product_cat-bloc-couteaux","7":"product_cat-coltelli","8":"product_cat-couteaux","9":"product_cat-cuisine","11":"first","12":"outofstock","13":"sale","14":"taxable","15":"shipping-taxable","16":"purchasable","17":"product-type-simple","swatches":"rey-swatches","show_selected":"","stretch_labels":"rey-swatches--stretch-labels"},"acf":[],"yoast_head":"<!-- This site is optimized with the Yoast SEO plugin v25.4 - https:\/\/yoast.com\/wordpress\/plugins\/seo\/ -->\n<title>GLOBAL Bloc \u00e0 couteaux pour 13 pi\u00e8ces - dev6 Erresse<\/title>\n<meta name=\"description\" content=\"R\u00e9alis\u00e9 avec le soin esth\u00e9tique et fonctionnel qui a toujours caract\u00e9ris\u00e9 la marque Global, ce bloc \u00e0 couteaux pr\u00e9sente plusieurs atouts. Le premier, le\" \/>\n<meta name=\"robots\" content=\"noindex, follow, max-snippet:-1, max-image-preview:large, max-video-preview:-1\" \/>\n<meta property=\"og:locale\" content=\"fr_FR\" \/>\n<meta property=\"og:type\" content=\"article\" \/>\n<meta property=\"og:title\" content=\"GLOBAL Bloc \u00e0 couteaux pour 13 pi\u00e8ces - dev6 Erresse\" \/>\n<meta property=\"og:description\" content=\"R\u00e9alis\u00e9 avec le soin esth\u00e9tique et fonctionnel qui a toujours caract\u00e9ris\u00e9 la marque Global, ce bloc \u00e0 couteaux pr\u00e9sente plusieurs atouts. Le premier, le\" \/>\n<meta property=\"og:url\" content=\"https:\/\/dev6.erresse-shop.it\/fr\/shop\/cuisine\/couteaux\/bloc-couteaux\/global-bloc-a-couteaux-pour-13-pieces\/\" \/>\n<meta property=\"og:site_name\" content=\"dev6 Erresse\" \/>\n<meta property=\"og:image\" content=\"https:\/\/interpim.erresse-shop.it\/Import\/Prodotti\/global-ceppo-per-13-coltelli.jpg\" \/><meta property=\"og:image\" content=\"https:\/\/interpim.erresse-shop.it\/Import\/Prodotti\/global-ceppo-per-13-coltelli.jpg\" \/>\n\t<meta property=\"og:image:width\" content=\"1024\" \/>\n\t<meta property=\"og:image:height\" content=\"1024\" \/>\n\t<meta property=\"og:image:type\" content=\"image\/jpeg\" \/>\n<meta name=\"twitter:card\" content=\"summary_large_image\" \/>\n<meta name=\"twitter:image\" content=\"https:\/\/interpim.erresse-shop.it\/Import\/Prodotti\/global-ceppo-per-13-coltelli.jpg\" \/>\n<script type=\"application\/ld+json\" class=\"yoast-schema-graph\">{\"@context\":\"https:\/\/schema.org\",\"@graph\":[{\"@type\":\"WebPage\",\"@id\":\"https:\/\/dev6.erresse-shop.it\/fr\/shop\/cuisine\/couteaux\/bloc-couteaux\/global-bloc-a-couteaux-pour-13-pieces\/\",\"url\":\"https:\/\/dev6.erresse-shop.it\/fr\/shop\/cuisine\/couteaux\/bloc-couteaux\/global-bloc-a-couteaux-pour-13-pieces\/\",\"name\":\"GLOBAL Bloc \u00e0 couteaux pour 13 pi\u00e8ces - dev6 Erresse\",\"isPartOf\":{\"@id\":\"https:\/\/dev6.erresse-shop.it\/#website\"},\"primaryImageOfPage\":{\"@id\":\"https:\/\/dev6.erresse-shop.it\/fr\/shop\/cuisine\/couteaux\/bloc-couteaux\/global-bloc-a-couteaux-pour-13-pieces\/#primaryimage\"},\"image\":{\"@id\":\"https:\/\/dev6.erresse-shop.it\/fr\/shop\/cuisine\/couteaux\/bloc-couteaux\/global-bloc-a-couteaux-pour-13-pieces\/#primaryimage\"},\"thumbnailUrl\":\"https:\/\/i2.wp.com\/interpim.erresse-shop.it\/Import\/Prodotti\/global-ceppo-per-13-coltelli.jpg?ssl=1\",\"datePublished\":\"2026-04-12T07:32:03+00:00\",\"description\":\"R\u00e9alis\u00e9 avec le soin esth\u00e9tique et fonctionnel qui a toujours caract\u00e9ris\u00e9 la marque Global, ce bloc \u00e0 couteaux pr\u00e9sente plusieurs atouts. Le premier, le\",\"breadcrumb\":{\"@id\":\"https:\/\/dev6.erresse-shop.it\/fr\/shop\/cuisine\/couteaux\/bloc-couteaux\/global-bloc-a-couteaux-pour-13-pieces\/#breadcrumb\"},\"inLanguage\":\"fr-FR\",\"potentialAction\":[{\"@type\":\"ReadAction\",\"target\":[\"https:\/\/dev6.erresse-shop.it\/fr\/shop\/cuisine\/couteaux\/bloc-couteaux\/global-bloc-a-couteaux-pour-13-pieces\/\"]}]},{\"@type\":\"ImageObject\",\"inLanguage\":\"fr-FR\",\"@id\":\"https:\/\/dev6.erresse-shop.it\/fr\/shop\/cuisine\/couteaux\/bloc-couteaux\/global-bloc-a-couteaux-pour-13-pieces\/#primaryimage\",\"url\":\"https:\/\/i2.wp.com\/interpim.erresse-shop.it\/Import\/Prodotti\/global-ceppo-per-13-coltelli.jpg?ssl=1\",\"contentUrl\":\"https:\/\/i2.wp.com\/interpim.erresse-shop.it\/Import\/Prodotti\/global-ceppo-per-13-coltelli.jpg?ssl=1\"},{\"@type\":\"BreadcrumbList\",\"@id\":\"https:\/\/dev6.erresse-shop.it\/fr\/shop\/cuisine\/couteaux\/bloc-couteaux\/global-bloc-a-couteaux-pour-13-pieces\/#breadcrumb\",\"itemListElement\":[{\"@type\":\"ListItem\",\"position\":1,\"name\":\"Home\",\"item\":\"https:\/\/dev6.erresse-shop.it\/\"},{\"@type\":\"ListItem\",\"position\":2,\"name\":\"Boutique\",\"item\":\"https:\/\/dev6.erresse-shop.it\/shop\/\"},{\"@type\":\"ListItem\",\"position\":3,\"name\":\"GLOBAL Bloc \u00e0 couteaux pour 13 pi\u00e8ces\"}]},{\"@type\":\"WebSite\",\"@id\":\"https:\/\/dev6.erresse-shop.it\/#website\",\"url\":\"https:\/\/dev6.erresse-shop.it\/\",\"name\":\"Erresse Shop\",\"description\":\"\",\"publisher\":{\"@id\":\"https:\/\/dev6.erresse-shop.it\/#organization\"},\"potentialAction\":[{\"@type\":\"SearchAction\",\"target\":{\"@type\":\"EntryPoint\",\"urlTemplate\":\"https:\/\/dev6.erresse-shop.it\/?s={search_term_string}\"},\"query-input\":{\"@type\":\"PropertyValueSpecification\",\"valueRequired\":true,\"valueName\":\"search_term_string\"}}],\"inLanguage\":\"fr-FR\"},{\"@type\":\"Organization\",\"@id\":\"https:\/\/dev6.erresse-shop.it\/#organization\",\"name\":\"Erresse Shop\",\"url\":\"https:\/\/dev6.erresse-shop.it\/\",\"logo\":{\"@type\":\"ImageObject\",\"inLanguage\":\"fr-FR\",\"@id\":\"https:\/\/dev6.erresse-shop.it\/#\/schema\/logo\/image\/\",\"url\":\"https:\/\/dev6.erresse-shop.it\/wp-content\/uploads\/2025\/01\/LOGO-ERRESSE-CLASSICO.svg\",\"contentUrl\":\"https:\/\/dev6.erresse-shop.it\/wp-content\/uploads\/2025\/01\/LOGO-ERRESSE-CLASSICO.svg\",\"caption\":\"Erresse Shop\"},\"image\":{\"@id\":\"https:\/\/dev6.erresse-shop.it\/#\/schema\/logo\/image\/\"}}]}<\/script>\n<!-- \/ Yoast SEO plugin. -->","yoast_head_json":{"title":"GLOBAL Bloc \u00e0 couteaux pour 13 pi\u00e8ces - dev6 Erresse","description":"R\u00e9alis\u00e9 avec le soin esth\u00e9tique et fonctionnel qui a toujours caract\u00e9ris\u00e9 la marque Global, ce bloc \u00e0 couteaux pr\u00e9sente plusieurs atouts. Le premier, le","robots":{"index":"noindex","follow":"follow","max-snippet":"max-snippet:-1","max-image-preview":"max-image-preview:large","max-video-preview":"max-video-preview:-1"},"og_locale":"fr_FR","og_type":"article","og_title":"GLOBAL Bloc \u00e0 couteaux pour 13 pi\u00e8ces - dev6 Erresse","og_description":"R\u00e9alis\u00e9 avec le soin esth\u00e9tique et fonctionnel qui a toujours caract\u00e9ris\u00e9 la marque Global, ce bloc \u00e0 couteaux pr\u00e9sente plusieurs atouts. Le premier, le","og_url":"https:\/\/dev6.erresse-shop.it\/fr\/shop\/cuisine\/couteaux\/bloc-couteaux\/global-bloc-a-couteaux-pour-13-pieces\/","og_site_name":"dev6 Erresse","og_image":[{"url":"https:\/\/interpim.erresse-shop.it\/Import\/Prodotti\/global-ceppo-per-13-coltelli.jpg","type":"","width":"","height":""},{"url":"https:\/\/interpim.erresse-shop.it\/Import\/Prodotti\/global-ceppo-per-13-coltelli.jpg","width":1024,"height":1024,"type":"image\/jpeg"}],"twitter_card":"summary_large_image","twitter_image":"https:\/\/interpim.erresse-shop.it\/Import\/Prodotti\/global-ceppo-per-13-coltelli.jpg","schema":{"@context":"https:\/\/schema.org","@graph":[{"@type":"WebPage","@id":"https:\/\/dev6.erresse-shop.it\/fr\/shop\/cuisine\/couteaux\/bloc-couteaux\/global-bloc-a-couteaux-pour-13-pieces\/","url":"https:\/\/dev6.erresse-shop.it\/fr\/shop\/cuisine\/couteaux\/bloc-couteaux\/global-bloc-a-couteaux-pour-13-pieces\/","name":"GLOBAL Bloc \u00e0 couteaux pour 13 pi\u00e8ces - dev6 Erresse","isPartOf":{"@id":"https:\/\/dev6.erresse-shop.it\/#website"},"primaryImageOfPage":{"@id":"https:\/\/dev6.erresse-shop.it\/fr\/shop\/cuisine\/couteaux\/bloc-couteaux\/global-bloc-a-couteaux-pour-13-pieces\/#primaryimage"},"image":{"@id":"https:\/\/dev6.erresse-shop.it\/fr\/shop\/cuisine\/couteaux\/bloc-couteaux\/global-bloc-a-couteaux-pour-13-pieces\/#primaryimage"},"thumbnailUrl":"https:\/\/i2.wp.com\/interpim.erresse-shop.it\/Import\/Prodotti\/global-ceppo-per-13-coltelli.jpg?ssl=1","datePublished":"2026-04-12T07:32:03+00:00","description":"R\u00e9alis\u00e9 avec le soin esth\u00e9tique et fonctionnel qui a toujours caract\u00e9ris\u00e9 la marque Global, ce bloc \u00e0 couteaux pr\u00e9sente plusieurs atouts. Le premier, le","breadcrumb":{"@id":"https:\/\/dev6.erresse-shop.it\/fr\/shop\/cuisine\/couteaux\/bloc-couteaux\/global-bloc-a-couteaux-pour-13-pieces\/#breadcrumb"},"inLanguage":"fr-FR","potentialAction":[{"@type":"ReadAction","target":["https:\/\/dev6.erresse-shop.it\/fr\/shop\/cuisine\/couteaux\/bloc-couteaux\/global-bloc-a-couteaux-pour-13-pieces\/"]}]},{"@type":"ImageObject","inLanguage":"fr-FR","@id":"https:\/\/dev6.erresse-shop.it\/fr\/shop\/cuisine\/couteaux\/bloc-couteaux\/global-bloc-a-couteaux-pour-13-pieces\/#primaryimage","url":"https:\/\/i2.wp.com\/interpim.erresse-shop.it\/Import\/Prodotti\/global-ceppo-per-13-coltelli.jpg?ssl=1","contentUrl":"https:\/\/i2.wp.com\/interpim.erresse-shop.it\/Import\/Prodotti\/global-ceppo-per-13-coltelli.jpg?ssl=1"},{"@type":"BreadcrumbList","@id":"https:\/\/dev6.erresse-shop.it\/fr\/shop\/cuisine\/couteaux\/bloc-couteaux\/global-bloc-a-couteaux-pour-13-pieces\/#breadcrumb","itemListElement":[{"@type":"ListItem","position":1,"name":"Home","item":"https:\/\/dev6.erresse-shop.it\/"},{"@type":"ListItem","position":2,"name":"Boutique","item":"https:\/\/dev6.erresse-shop.it\/shop\/"},{"@type":"ListItem","position":3,"name":"GLOBAL Bloc \u00e0 couteaux pour 13 pi\u00e8ces"}]},{"@type":"WebSite","@id":"https:\/\/dev6.erresse-shop.it\/#website","url":"https:\/\/dev6.erresse-shop.it\/","name":"Erresse Shop","description":"","publisher":{"@id":"https:\/\/dev6.erresse-shop.it\/#organization"},"potentialAction":[{"@type":"SearchAction","target":{"@type":"EntryPoint","urlTemplate":"https:\/\/dev6.erresse-shop.it\/?s={search_term_string}"},"query-input":{"@type":"PropertyValueSpecification","valueRequired":true,"valueName":"search_term_string"}}],"inLanguage":"fr-FR"},{"@type":"Organization","@id":"https:\/\/dev6.erresse-shop.it\/#organization","name":"Erresse Shop","url":"https:\/\/dev6.erresse-shop.it\/","logo":{"@type":"ImageObject","inLanguage":"fr-FR","@id":"https:\/\/dev6.erresse-shop.it\/#\/schema\/logo\/image\/","url":"https:\/\/dev6.erresse-shop.it\/wp-content\/uploads\/2025\/01\/LOGO-ERRESSE-CLASSICO.svg","contentUrl":"https:\/\/dev6.erresse-shop.it\/wp-content\/uploads\/2025\/01\/LOGO-ERRESSE-CLASSICO.svg","caption":"Erresse Shop"},"image":{"@id":"https:\/\/dev6.erresse-shop.it\/#\/schema\/logo\/image\/"}}]}},"df_price":179,"df_sale_price":179,"df_regular_price":236,"df_image_link":"https:\/\/i2.wp.com\/interpim.erresse-shop.it\/Import\/Prodotti\/global-ceppo-per-13-coltelli.jpg?resize=300,300&ssl=1","fifu_image_url":"https:\/\/interpim.erresse-shop.it\/Import\/Prodotti\/global-ceppo-per-13-coltelli.jpg","_links":{"self":[{"href":"https:\/\/dev6.erresse-shop.it\/fr\/wp-json\/wp\/v2\/product\/61265","targetHints":{"allow":["GET"]}}],"collection":[{"href":"https:\/\/dev6.erresse-shop.it\/fr\/wp-json\/wp\/v2\/product"}],"about":[{"href":"https:\/\/dev6.erresse-shop.it\/fr\/wp-json\/wp\/v2\/types\/product"}],"wp:featuredmedia":[{"embeddable":true,"href":"https:\/\/dev6.erresse-shop.it\/fr\/wp-json\/wp\/v2\/media\/6361080"}],"wp:attachment":[{"href":"https:\/\/dev6.erresse-shop.it\/fr\/wp-json\/wp\/v2\/media?parent=61265"}],"wp:term":[{"taxonomy":"product_cat","embeddable":true,"href":"https:\/\/dev6.erresse-shop.it\/fr\/wp-json\/wp\/v2\/product_cat?post=61265"},{"taxonomy":"product_tag","embeddable":true,"href":"https:\/\/dev6.erresse-shop.it\/fr\/wp-json\/wp\/v2\/product_tag?post=61265"}],"curies":[{"name":"wp","href":"https:\/\/api.w.org\/{rel}","templated":true}]}}