{"id":61253,"date":"2026-04-12T09:30:34","date_gmt":"2026-04-12T07:30:34","guid":{"rendered":"https:\/\/dev6.erresse-shop.it\/shop\/non%20class\u00e9\/global-pince-en-arete-de-poisson-12-cm\/"},"modified":"2025-09-14T04:47:45","modified_gmt":"2025-09-14T02:47:45","slug":"global-pince-en-arete-de-poisson-12-cm","status":"publish","type":"product","link":"https:\/\/dev6.erresse-shop.it\/fr\/shop\/cuisine\/couteaux\/accessoires\/global-pince-en-arete-de-poisson-12-cm\/","title":{"rendered":"GLOBAL Pince en Ar\u00eate de Poisson 12 cm"},"content":{"rendered":"<p>Pince droite en ar\u00eate de poisson GS-20 en acier inoxydable. D\u2019une longueur de 12 cm, cette pince est fabriqu\u00e9e \u00e0 partir de mat\u00e9riaux durables et de haute qualit\u00e9 pour faciliter la pr\u00e9paration et la cuisson des aliments. La poign\u00e9e est confortable, solide et durable. Elle est \u00e9galement facile \u00e0 nettoyer, ce qui permet d\u2019optimiser le temps et de r\u00e9duire les d\u00e9chets. Fabriqu\u00e9 par Global<\/p>\n","protected":false},"excerpt":{"rendered":"<p>Pince droite en ar\u00eate de poisson GS-20 en acier inoxydable. D\u2019une longueur de 12 cm, cette pince est fabriqu\u00e9e \u00e0 partir de mat\u00e9riaux durables et de haute qualit\u00e9 pour faciliter la pr\u00e9paration et la cuisson des aliments. La poign\u00e9e est confortable, solide et durable. Elle est \u00e9galement facile \u00e0 nettoyer, ce qui permet d\u2019optimiser le [&hellip;]<\/p>\n","protected":false},"featured_media":6361071,"template":"","meta":{"_acf_changed":false},"product_cat":[11999,11675,11993,11992],"product_tag":[],"class_list":{"0":"post-61253","1":"product","2":"type-product","3":"status-publish","4":"has-post-thumbnail","6":"product_cat-accessoires","7":"product_cat-accessori","8":"product_cat-couteaux","9":"product_cat-cuisine","11":"first","12":"outofstock","13":"taxable","14":"shipping-taxable","15":"purchasable","16":"product-type-simple","swatches":"rey-swatches","show_selected":"","stretch_labels":"rey-swatches--stretch-labels"},"acf":[],"yoast_head":"<!-- This site is optimized with the Yoast SEO plugin v25.4 - https:\/\/yoast.com\/wordpress\/plugins\/seo\/ -->\n<title>GLOBAL Pince en Ar\u00eate de Poisson 12 cm - dev6 Erresse<\/title>\n<meta name=\"description\" content=\"Pince droite en ar\u00eate de poisson GS-20 en acier inoxydable. D\u2019une longueur de 12 cm, cette pince est fabriqu\u00e9e \u00e0 partir de mat\u00e9riaux durables et de haute\" \/>\n<meta name=\"robots\" content=\"noindex, follow, max-snippet:-1, max-image-preview:large, max-video-preview:-1\" \/>\n<meta property=\"og:locale\" content=\"fr_FR\" \/>\n<meta property=\"og:type\" content=\"article\" \/>\n<meta property=\"og:title\" content=\"GLOBAL Pince en Ar\u00eate de Poisson 12 cm - dev6 Erresse\" \/>\n<meta property=\"og:description\" content=\"Pince droite en ar\u00eate de poisson GS-20 en acier inoxydable. D\u2019une longueur de 12 cm, cette pince est fabriqu\u00e9e \u00e0 partir de mat\u00e9riaux durables et de haute\" \/>\n<meta property=\"og:url\" content=\"https:\/\/dev6.erresse-shop.it\/fr\/shop\/cuisine\/couteaux\/accessoires\/global-pince-en-arete-de-poisson-12-cm\/\" \/>\n<meta property=\"og:site_name\" content=\"dev6 Erresse\" \/>\n<meta property=\"og:image\" content=\"https:\/\/interpim.erresse-shop.it\/Import\/Prodotti\/global-pinza-per-lische-12-cm.jpg\" \/><meta property=\"og:image\" content=\"https:\/\/interpim.erresse-shop.it\/Import\/Prodotti\/global-pinza-per-lische-12-cm.jpg\" \/>\n\t<meta property=\"og:image:width\" content=\"1024\" \/>\n\t<meta property=\"og:image:height\" content=\"1024\" \/>\n\t<meta property=\"og:image:type\" content=\"image\/jpeg\" \/>\n<meta name=\"twitter:card\" content=\"summary_large_image\" \/>\n<meta name=\"twitter:image\" content=\"https:\/\/interpim.erresse-shop.it\/Import\/Prodotti\/global-pinza-per-lische-12-cm.jpg\" \/>\n<script type=\"application\/ld+json\" class=\"yoast-schema-graph\">{\"@context\":\"https:\/\/schema.org\",\"@graph\":[{\"@type\":\"WebPage\",\"@id\":\"https:\/\/dev6.erresse-shop.it\/fr\/shop\/cuisine\/couteaux\/accessoires\/global-pince-en-arete-de-poisson-12-cm\/\",\"url\":\"https:\/\/dev6.erresse-shop.it\/fr\/shop\/cuisine\/couteaux\/accessoires\/global-pince-en-arete-de-poisson-12-cm\/\",\"name\":\"GLOBAL Pince en Ar\u00eate de Poisson 12 cm - dev6 Erresse\",\"isPartOf\":{\"@id\":\"https:\/\/dev6.erresse-shop.it\/#website\"},\"primaryImageOfPage\":{\"@id\":\"https:\/\/dev6.erresse-shop.it\/fr\/shop\/cuisine\/couteaux\/accessoires\/global-pince-en-arete-de-poisson-12-cm\/#primaryimage\"},\"image\":{\"@id\":\"https:\/\/dev6.erresse-shop.it\/fr\/shop\/cuisine\/couteaux\/accessoires\/global-pince-en-arete-de-poisson-12-cm\/#primaryimage\"},\"thumbnailUrl\":\"https:\/\/i0.wp.com\/interpim.erresse-shop.it\/Import\/Prodotti\/global-pinza-per-lische-12-cm.jpg?ssl=1\",\"datePublished\":\"2026-04-12T07:30:34+00:00\",\"description\":\"Pince droite en ar\u00eate de poisson GS-20 en acier inoxydable. D\u2019une longueur de 12 cm, cette pince est fabriqu\u00e9e \u00e0 partir de mat\u00e9riaux durables et de haute\",\"breadcrumb\":{\"@id\":\"https:\/\/dev6.erresse-shop.it\/fr\/shop\/cuisine\/couteaux\/accessoires\/global-pince-en-arete-de-poisson-12-cm\/#breadcrumb\"},\"inLanguage\":\"fr-FR\",\"potentialAction\":[{\"@type\":\"ReadAction\",\"target\":[\"https:\/\/dev6.erresse-shop.it\/fr\/shop\/cuisine\/couteaux\/accessoires\/global-pince-en-arete-de-poisson-12-cm\/\"]}]},{\"@type\":\"ImageObject\",\"inLanguage\":\"fr-FR\",\"@id\":\"https:\/\/dev6.erresse-shop.it\/fr\/shop\/cuisine\/couteaux\/accessoires\/global-pince-en-arete-de-poisson-12-cm\/#primaryimage\",\"url\":\"https:\/\/i0.wp.com\/interpim.erresse-shop.it\/Import\/Prodotti\/global-pinza-per-lische-12-cm.jpg?ssl=1\",\"contentUrl\":\"https:\/\/i0.wp.com\/interpim.erresse-shop.it\/Import\/Prodotti\/global-pinza-per-lische-12-cm.jpg?ssl=1\"},{\"@type\":\"BreadcrumbList\",\"@id\":\"https:\/\/dev6.erresse-shop.it\/fr\/shop\/cuisine\/couteaux\/accessoires\/global-pince-en-arete-de-poisson-12-cm\/#breadcrumb\",\"itemListElement\":[{\"@type\":\"ListItem\",\"position\":1,\"name\":\"Home\",\"item\":\"https:\/\/dev6.erresse-shop.it\/\"},{\"@type\":\"ListItem\",\"position\":2,\"name\":\"Boutique\",\"item\":\"https:\/\/dev6.erresse-shop.it\/shop\/\"},{\"@type\":\"ListItem\",\"position\":3,\"name\":\"GLOBAL Pince en Ar\u00eate de Poisson 12 cm\"}]},{\"@type\":\"WebSite\",\"@id\":\"https:\/\/dev6.erresse-shop.it\/#website\",\"url\":\"https:\/\/dev6.erresse-shop.it\/\",\"name\":\"Erresse Shop\",\"description\":\"\",\"publisher\":{\"@id\":\"https:\/\/dev6.erresse-shop.it\/#organization\"},\"potentialAction\":[{\"@type\":\"SearchAction\",\"target\":{\"@type\":\"EntryPoint\",\"urlTemplate\":\"https:\/\/dev6.erresse-shop.it\/?s={search_term_string}\"},\"query-input\":{\"@type\":\"PropertyValueSpecification\",\"valueRequired\":true,\"valueName\":\"search_term_string\"}}],\"inLanguage\":\"fr-FR\"},{\"@type\":\"Organization\",\"@id\":\"https:\/\/dev6.erresse-shop.it\/#organization\",\"name\":\"Erresse Shop\",\"url\":\"https:\/\/dev6.erresse-shop.it\/\",\"logo\":{\"@type\":\"ImageObject\",\"inLanguage\":\"fr-FR\",\"@id\":\"https:\/\/dev6.erresse-shop.it\/#\/schema\/logo\/image\/\",\"url\":\"https:\/\/dev6.erresse-shop.it\/wp-content\/uploads\/2025\/01\/LOGO-ERRESSE-CLASSICO.svg\",\"contentUrl\":\"https:\/\/dev6.erresse-shop.it\/wp-content\/uploads\/2025\/01\/LOGO-ERRESSE-CLASSICO.svg\",\"caption\":\"Erresse Shop\"},\"image\":{\"@id\":\"https:\/\/dev6.erresse-shop.it\/#\/schema\/logo\/image\/\"}}]}<\/script>\n<!-- \/ Yoast SEO plugin. -->","yoast_head_json":{"title":"GLOBAL Pince en Ar\u00eate de Poisson 12 cm - dev6 Erresse","description":"Pince droite en ar\u00eate de poisson GS-20 en acier inoxydable. D\u2019une longueur de 12 cm, cette pince est fabriqu\u00e9e \u00e0 partir de mat\u00e9riaux durables et de haute","robots":{"index":"noindex","follow":"follow","max-snippet":"max-snippet:-1","max-image-preview":"max-image-preview:large","max-video-preview":"max-video-preview:-1"},"og_locale":"fr_FR","og_type":"article","og_title":"GLOBAL Pince en Ar\u00eate de Poisson 12 cm - dev6 Erresse","og_description":"Pince droite en ar\u00eate de poisson GS-20 en acier inoxydable. D\u2019une longueur de 12 cm, cette pince est fabriqu\u00e9e \u00e0 partir de mat\u00e9riaux durables et de haute","og_url":"https:\/\/dev6.erresse-shop.it\/fr\/shop\/cuisine\/couteaux\/accessoires\/global-pince-en-arete-de-poisson-12-cm\/","og_site_name":"dev6 Erresse","og_image":[{"url":"https:\/\/interpim.erresse-shop.it\/Import\/Prodotti\/global-pinza-per-lische-12-cm.jpg","type":"","width":"","height":""},{"url":"https:\/\/interpim.erresse-shop.it\/Import\/Prodotti\/global-pinza-per-lische-12-cm.jpg","width":1024,"height":1024,"type":"image\/jpeg"}],"twitter_card":"summary_large_image","twitter_image":"https:\/\/interpim.erresse-shop.it\/Import\/Prodotti\/global-pinza-per-lische-12-cm.jpg","schema":{"@context":"https:\/\/schema.org","@graph":[{"@type":"WebPage","@id":"https:\/\/dev6.erresse-shop.it\/fr\/shop\/cuisine\/couteaux\/accessoires\/global-pince-en-arete-de-poisson-12-cm\/","url":"https:\/\/dev6.erresse-shop.it\/fr\/shop\/cuisine\/couteaux\/accessoires\/global-pince-en-arete-de-poisson-12-cm\/","name":"GLOBAL Pince en Ar\u00eate de Poisson 12 cm - dev6 Erresse","isPartOf":{"@id":"https:\/\/dev6.erresse-shop.it\/#website"},"primaryImageOfPage":{"@id":"https:\/\/dev6.erresse-shop.it\/fr\/shop\/cuisine\/couteaux\/accessoires\/global-pince-en-arete-de-poisson-12-cm\/#primaryimage"},"image":{"@id":"https:\/\/dev6.erresse-shop.it\/fr\/shop\/cuisine\/couteaux\/accessoires\/global-pince-en-arete-de-poisson-12-cm\/#primaryimage"},"thumbnailUrl":"https:\/\/i0.wp.com\/interpim.erresse-shop.it\/Import\/Prodotti\/global-pinza-per-lische-12-cm.jpg?ssl=1","datePublished":"2026-04-12T07:30:34+00:00","description":"Pince droite en ar\u00eate de poisson GS-20 en acier inoxydable. D\u2019une longueur de 12 cm, cette pince est fabriqu\u00e9e \u00e0 partir de mat\u00e9riaux durables et de haute","breadcrumb":{"@id":"https:\/\/dev6.erresse-shop.it\/fr\/shop\/cuisine\/couteaux\/accessoires\/global-pince-en-arete-de-poisson-12-cm\/#breadcrumb"},"inLanguage":"fr-FR","potentialAction":[{"@type":"ReadAction","target":["https:\/\/dev6.erresse-shop.it\/fr\/shop\/cuisine\/couteaux\/accessoires\/global-pince-en-arete-de-poisson-12-cm\/"]}]},{"@type":"ImageObject","inLanguage":"fr-FR","@id":"https:\/\/dev6.erresse-shop.it\/fr\/shop\/cuisine\/couteaux\/accessoires\/global-pince-en-arete-de-poisson-12-cm\/#primaryimage","url":"https:\/\/i0.wp.com\/interpim.erresse-shop.it\/Import\/Prodotti\/global-pinza-per-lische-12-cm.jpg?ssl=1","contentUrl":"https:\/\/i0.wp.com\/interpim.erresse-shop.it\/Import\/Prodotti\/global-pinza-per-lische-12-cm.jpg?ssl=1"},{"@type":"BreadcrumbList","@id":"https:\/\/dev6.erresse-shop.it\/fr\/shop\/cuisine\/couteaux\/accessoires\/global-pince-en-arete-de-poisson-12-cm\/#breadcrumb","itemListElement":[{"@type":"ListItem","position":1,"name":"Home","item":"https:\/\/dev6.erresse-shop.it\/"},{"@type":"ListItem","position":2,"name":"Boutique","item":"https:\/\/dev6.erresse-shop.it\/shop\/"},{"@type":"ListItem","position":3,"name":"GLOBAL Pince en Ar\u00eate de Poisson 12 cm"}]},{"@type":"WebSite","@id":"https:\/\/dev6.erresse-shop.it\/#website","url":"https:\/\/dev6.erresse-shop.it\/","name":"Erresse Shop","description":"","publisher":{"@id":"https:\/\/dev6.erresse-shop.it\/#organization"},"potentialAction":[{"@type":"SearchAction","target":{"@type":"EntryPoint","urlTemplate":"https:\/\/dev6.erresse-shop.it\/?s={search_term_string}"},"query-input":{"@type":"PropertyValueSpecification","valueRequired":true,"valueName":"search_term_string"}}],"inLanguage":"fr-FR"},{"@type":"Organization","@id":"https:\/\/dev6.erresse-shop.it\/#organization","name":"Erresse Shop","url":"https:\/\/dev6.erresse-shop.it\/","logo":{"@type":"ImageObject","inLanguage":"fr-FR","@id":"https:\/\/dev6.erresse-shop.it\/#\/schema\/logo\/image\/","url":"https:\/\/dev6.erresse-shop.it\/wp-content\/uploads\/2025\/01\/LOGO-ERRESSE-CLASSICO.svg","contentUrl":"https:\/\/dev6.erresse-shop.it\/wp-content\/uploads\/2025\/01\/LOGO-ERRESSE-CLASSICO.svg","caption":"Erresse Shop"},"image":{"@id":"https:\/\/dev6.erresse-shop.it\/#\/schema\/logo\/image\/"}}]}},"df_price":23.9,"df_sale_price":"","df_regular_price":23.9,"df_image_link":"https:\/\/i0.wp.com\/interpim.erresse-shop.it\/Import\/Prodotti\/global-pinza-per-lische-12-cm.jpg?resize=300,300&ssl=1","fifu_image_url":"https:\/\/interpim.erresse-shop.it\/Import\/Prodotti\/global-pinza-per-lische-12-cm.jpg","_links":{"self":[{"href":"https:\/\/dev6.erresse-shop.it\/fr\/wp-json\/wp\/v2\/product\/61253","targetHints":{"allow":["GET"]}}],"collection":[{"href":"https:\/\/dev6.erresse-shop.it\/fr\/wp-json\/wp\/v2\/product"}],"about":[{"href":"https:\/\/dev6.erresse-shop.it\/fr\/wp-json\/wp\/v2\/types\/product"}],"wp:featuredmedia":[{"embeddable":true,"href":"https:\/\/dev6.erresse-shop.it\/fr\/wp-json\/wp\/v2\/media\/6361071"}],"wp:attachment":[{"href":"https:\/\/dev6.erresse-shop.it\/fr\/wp-json\/wp\/v2\/media?parent=61253"}],"wp:term":[{"taxonomy":"product_cat","embeddable":true,"href":"https:\/\/dev6.erresse-shop.it\/fr\/wp-json\/wp\/v2\/product_cat?post=61253"},{"taxonomy":"product_tag","embeddable":true,"href":"https:\/\/dev6.erresse-shop.it\/fr\/wp-json\/wp\/v2\/product_tag?post=61253"}],"curies":[{"name":"wp","href":"https:\/\/api.w.org\/{rel}","templated":true}]}}