{"id":61247,"date":"2026-04-12T09:30:34","date_gmt":"2026-04-12T07:30:34","guid":{"rendered":"https:\/\/dev6.erresse-shop.it\/shop\/non%20class\u00e9\/global-aiguisoir-mino-sharp-plus-noir-rouge\/"},"modified":"2025-09-14T04:47:38","modified_gmt":"2025-09-14T02:47:38","slug":"global-aiguisoir-mino-sharp-plus-noir-rouge","status":"publish","type":"product","link":"https:\/\/dev6.erresse-shop.it\/fr\/shop\/cuisine\/couteaux\/accessoires\/global-aiguisoir-mino-sharp-plus-noir-rouge\/","title":{"rendered":"GLOBAL Aiguisoir Mino Sharp Plus Noir Rouge"},"content":{"rendered":"<p>Petits aiguiseurs faciles \u00e0 utiliser pour vos couteaux. Il y a deux meules, l\u2019une rugueuse et l\u2019autre moyenne, pour donner un nouvel aff\u00fbtage \u00e0 vos couteaux. Il suffit de remplir le r\u00e9cipient d\u2019eau et de faire glisser les couteaux d\u2019avant en arri\u00e8re dans les fentes, en exer\u00e7ant une pression mod\u00e9r\u00e9e.<\/p>\n<p>Les fentes sont assez fines et conviennent particuli\u00e8rement aux couteaux japonais.<\/p>\n<p>Aiguisoir \u00e0 eau en c\u00e9ramique MinoSharp<br \/>\nMod\u00e8le noir et rouge<br \/>\nPour les couteaux japonais uniquement<br \/>\nRecommand\u00e9 pour les couteaux du monde entier<br \/>\nFacile \u00e0 utiliser<br \/>\nInstructions compl\u00e8tes incluses<br \/>\nFabriqu\u00e9 au Japon<\/p>\n","protected":false},"excerpt":{"rendered":"<p>Petits aiguiseurs faciles \u00e0 utiliser pour vos couteaux. Il y a deux meules, l\u2019une rugueuse et l\u2019autre moyenne, pour donner un nouvel aff\u00fbtage \u00e0 vos couteaux. Il suffit de remplir le r\u00e9cipient d\u2019eau et de faire glisser les couteaux d\u2019avant en arri\u00e8re dans les fentes, en exer\u00e7ant une pression mod\u00e9r\u00e9e. Les fentes sont assez fines [&hellip;]<\/p>\n","protected":false},"featured_media":6361062,"template":"","meta":{"_acf_changed":false},"product_cat":[11999,11675,11993,11992],"product_tag":[],"class_list":{"0":"post-61247","1":"product","2":"type-product","3":"status-publish","4":"has-post-thumbnail","6":"product_cat-accessoires","7":"product_cat-accessori","8":"product_cat-couteaux","9":"product_cat-cuisine","11":"first","12":"outofstock","13":"taxable","14":"shipping-taxable","15":"purchasable","16":"product-type-simple","swatches":"rey-swatches","show_selected":"","stretch_labels":"rey-swatches--stretch-labels"},"acf":[],"yoast_head":"<!-- This site is optimized with the Yoast SEO plugin v25.4 - https:\/\/yoast.com\/wordpress\/plugins\/seo\/ -->\n<title>GLOBAL Aiguisoir Mino Sharp Plus Noir Rouge - dev6 Erresse<\/title>\n<meta name=\"description\" content=\"Petits aiguiseurs faciles \u00e0 utiliser pour vos couteaux. Il y a deux meules, l\u2019une rugueuse et l\u2019autre moyenne, pour donner un nouvel aff\u00fbtage \u00e0 vos\" \/>\n<meta name=\"robots\" content=\"noindex, follow, max-snippet:-1, max-image-preview:large, max-video-preview:-1\" \/>\n<meta property=\"og:locale\" content=\"fr_FR\" \/>\n<meta property=\"og:type\" content=\"article\" \/>\n<meta property=\"og:title\" content=\"GLOBAL Aiguisoir Mino Sharp Plus Noir Rouge - dev6 Erresse\" \/>\n<meta property=\"og:description\" content=\"Petits aiguiseurs faciles \u00e0 utiliser pour vos couteaux. Il y a deux meules, l\u2019une rugueuse et l\u2019autre moyenne, pour donner un nouvel aff\u00fbtage \u00e0 vos\" \/>\n<meta property=\"og:url\" content=\"https:\/\/dev6.erresse-shop.it\/fr\/shop\/cuisine\/couteaux\/accessoires\/global-aiguisoir-mino-sharp-plus-noir-rouge\/\" \/>\n<meta property=\"og:site_name\" content=\"dev6 Erresse\" \/>\n<meta property=\"og:image\" content=\"https:\/\/interpim.erresse-shop.it\/Import\/Prodotti\/global-affilacoltello-mino-sharp-plus-nero-rosso.jpg\" \/><meta property=\"og:image\" content=\"https:\/\/interpim.erresse-shop.it\/Import\/Prodotti\/global-affilacoltello-mino-sharp-plus-nero-rosso.jpg\" \/>\n\t<meta property=\"og:image:width\" content=\"1024\" \/>\n\t<meta property=\"og:image:height\" content=\"1024\" \/>\n\t<meta property=\"og:image:type\" content=\"image\/jpeg\" \/>\n<meta name=\"twitter:card\" content=\"summary_large_image\" \/>\n<meta name=\"twitter:image\" content=\"https:\/\/interpim.erresse-shop.it\/Import\/Prodotti\/global-affilacoltello-mino-sharp-plus-nero-rosso.jpg\" \/>\n<script type=\"application\/ld+json\" class=\"yoast-schema-graph\">{\"@context\":\"https:\/\/schema.org\",\"@graph\":[{\"@type\":\"WebPage\",\"@id\":\"https:\/\/dev6.erresse-shop.it\/fr\/shop\/cuisine\/couteaux\/accessoires\/global-aiguisoir-mino-sharp-plus-noir-rouge\/\",\"url\":\"https:\/\/dev6.erresse-shop.it\/fr\/shop\/cuisine\/couteaux\/accessoires\/global-aiguisoir-mino-sharp-plus-noir-rouge\/\",\"name\":\"GLOBAL Aiguisoir Mino Sharp Plus Noir Rouge - dev6 Erresse\",\"isPartOf\":{\"@id\":\"https:\/\/dev6.erresse-shop.it\/#website\"},\"primaryImageOfPage\":{\"@id\":\"https:\/\/dev6.erresse-shop.it\/fr\/shop\/cuisine\/couteaux\/accessoires\/global-aiguisoir-mino-sharp-plus-noir-rouge\/#primaryimage\"},\"image\":{\"@id\":\"https:\/\/dev6.erresse-shop.it\/fr\/shop\/cuisine\/couteaux\/accessoires\/global-aiguisoir-mino-sharp-plus-noir-rouge\/#primaryimage\"},\"thumbnailUrl\":\"https:\/\/i1.wp.com\/interpim.erresse-shop.it\/Import\/Prodotti\/global-affilacoltello-mino-sharp-plus-nero-rosso.jpg?ssl=1\",\"datePublished\":\"2026-04-12T07:30:34+00:00\",\"description\":\"Petits aiguiseurs faciles \u00e0 utiliser pour vos couteaux. Il y a deux meules, l\u2019une rugueuse et l\u2019autre moyenne, pour donner un nouvel aff\u00fbtage \u00e0 vos\",\"breadcrumb\":{\"@id\":\"https:\/\/dev6.erresse-shop.it\/fr\/shop\/cuisine\/couteaux\/accessoires\/global-aiguisoir-mino-sharp-plus-noir-rouge\/#breadcrumb\"},\"inLanguage\":\"fr-FR\",\"potentialAction\":[{\"@type\":\"ReadAction\",\"target\":[\"https:\/\/dev6.erresse-shop.it\/fr\/shop\/cuisine\/couteaux\/accessoires\/global-aiguisoir-mino-sharp-plus-noir-rouge\/\"]}]},{\"@type\":\"ImageObject\",\"inLanguage\":\"fr-FR\",\"@id\":\"https:\/\/dev6.erresse-shop.it\/fr\/shop\/cuisine\/couteaux\/accessoires\/global-aiguisoir-mino-sharp-plus-noir-rouge\/#primaryimage\",\"url\":\"https:\/\/i1.wp.com\/interpim.erresse-shop.it\/Import\/Prodotti\/global-affilacoltello-mino-sharp-plus-nero-rosso.jpg?ssl=1\",\"contentUrl\":\"https:\/\/i1.wp.com\/interpim.erresse-shop.it\/Import\/Prodotti\/global-affilacoltello-mino-sharp-plus-nero-rosso.jpg?ssl=1\"},{\"@type\":\"BreadcrumbList\",\"@id\":\"https:\/\/dev6.erresse-shop.it\/fr\/shop\/cuisine\/couteaux\/accessoires\/global-aiguisoir-mino-sharp-plus-noir-rouge\/#breadcrumb\",\"itemListElement\":[{\"@type\":\"ListItem\",\"position\":1,\"name\":\"Home\",\"item\":\"https:\/\/dev6.erresse-shop.it\/\"},{\"@type\":\"ListItem\",\"position\":2,\"name\":\"Boutique\",\"item\":\"https:\/\/dev6.erresse-shop.it\/shop\/\"},{\"@type\":\"ListItem\",\"position\":3,\"name\":\"GLOBAL Aiguisoir Mino Sharp Plus Noir Rouge\"}]},{\"@type\":\"WebSite\",\"@id\":\"https:\/\/dev6.erresse-shop.it\/#website\",\"url\":\"https:\/\/dev6.erresse-shop.it\/\",\"name\":\"Erresse Shop\",\"description\":\"\",\"publisher\":{\"@id\":\"https:\/\/dev6.erresse-shop.it\/#organization\"},\"potentialAction\":[{\"@type\":\"SearchAction\",\"target\":{\"@type\":\"EntryPoint\",\"urlTemplate\":\"https:\/\/dev6.erresse-shop.it\/?s={search_term_string}\"},\"query-input\":{\"@type\":\"PropertyValueSpecification\",\"valueRequired\":true,\"valueName\":\"search_term_string\"}}],\"inLanguage\":\"fr-FR\"},{\"@type\":\"Organization\",\"@id\":\"https:\/\/dev6.erresse-shop.it\/#organization\",\"name\":\"Erresse Shop\",\"url\":\"https:\/\/dev6.erresse-shop.it\/\",\"logo\":{\"@type\":\"ImageObject\",\"inLanguage\":\"fr-FR\",\"@id\":\"https:\/\/dev6.erresse-shop.it\/#\/schema\/logo\/image\/\",\"url\":\"https:\/\/dev6.erresse-shop.it\/wp-content\/uploads\/2025\/01\/LOGO-ERRESSE-CLASSICO.svg\",\"contentUrl\":\"https:\/\/dev6.erresse-shop.it\/wp-content\/uploads\/2025\/01\/LOGO-ERRESSE-CLASSICO.svg\",\"caption\":\"Erresse Shop\"},\"image\":{\"@id\":\"https:\/\/dev6.erresse-shop.it\/#\/schema\/logo\/image\/\"}}]}<\/script>\n<!-- \/ Yoast SEO plugin. -->","yoast_head_json":{"title":"GLOBAL Aiguisoir Mino Sharp Plus Noir Rouge - dev6 Erresse","description":"Petits aiguiseurs faciles \u00e0 utiliser pour vos couteaux. Il y a deux meules, l\u2019une rugueuse et l\u2019autre moyenne, pour donner un nouvel aff\u00fbtage \u00e0 vos","robots":{"index":"noindex","follow":"follow","max-snippet":"max-snippet:-1","max-image-preview":"max-image-preview:large","max-video-preview":"max-video-preview:-1"},"og_locale":"fr_FR","og_type":"article","og_title":"GLOBAL Aiguisoir Mino Sharp Plus Noir Rouge - dev6 Erresse","og_description":"Petits aiguiseurs faciles \u00e0 utiliser pour vos couteaux. Il y a deux meules, l\u2019une rugueuse et l\u2019autre moyenne, pour donner un nouvel aff\u00fbtage \u00e0 vos","og_url":"https:\/\/dev6.erresse-shop.it\/fr\/shop\/cuisine\/couteaux\/accessoires\/global-aiguisoir-mino-sharp-plus-noir-rouge\/","og_site_name":"dev6 Erresse","og_image":[{"url":"https:\/\/interpim.erresse-shop.it\/Import\/Prodotti\/global-affilacoltello-mino-sharp-plus-nero-rosso.jpg","type":"","width":"","height":""},{"url":"https:\/\/interpim.erresse-shop.it\/Import\/Prodotti\/global-affilacoltello-mino-sharp-plus-nero-rosso.jpg","width":1024,"height":1024,"type":"image\/jpeg"}],"twitter_card":"summary_large_image","twitter_image":"https:\/\/interpim.erresse-shop.it\/Import\/Prodotti\/global-affilacoltello-mino-sharp-plus-nero-rosso.jpg","schema":{"@context":"https:\/\/schema.org","@graph":[{"@type":"WebPage","@id":"https:\/\/dev6.erresse-shop.it\/fr\/shop\/cuisine\/couteaux\/accessoires\/global-aiguisoir-mino-sharp-plus-noir-rouge\/","url":"https:\/\/dev6.erresse-shop.it\/fr\/shop\/cuisine\/couteaux\/accessoires\/global-aiguisoir-mino-sharp-plus-noir-rouge\/","name":"GLOBAL Aiguisoir Mino Sharp Plus Noir Rouge - dev6 Erresse","isPartOf":{"@id":"https:\/\/dev6.erresse-shop.it\/#website"},"primaryImageOfPage":{"@id":"https:\/\/dev6.erresse-shop.it\/fr\/shop\/cuisine\/couteaux\/accessoires\/global-aiguisoir-mino-sharp-plus-noir-rouge\/#primaryimage"},"image":{"@id":"https:\/\/dev6.erresse-shop.it\/fr\/shop\/cuisine\/couteaux\/accessoires\/global-aiguisoir-mino-sharp-plus-noir-rouge\/#primaryimage"},"thumbnailUrl":"https:\/\/i1.wp.com\/interpim.erresse-shop.it\/Import\/Prodotti\/global-affilacoltello-mino-sharp-plus-nero-rosso.jpg?ssl=1","datePublished":"2026-04-12T07:30:34+00:00","description":"Petits aiguiseurs faciles \u00e0 utiliser pour vos couteaux. Il y a deux meules, l\u2019une rugueuse et l\u2019autre moyenne, pour donner un nouvel aff\u00fbtage \u00e0 vos","breadcrumb":{"@id":"https:\/\/dev6.erresse-shop.it\/fr\/shop\/cuisine\/couteaux\/accessoires\/global-aiguisoir-mino-sharp-plus-noir-rouge\/#breadcrumb"},"inLanguage":"fr-FR","potentialAction":[{"@type":"ReadAction","target":["https:\/\/dev6.erresse-shop.it\/fr\/shop\/cuisine\/couteaux\/accessoires\/global-aiguisoir-mino-sharp-plus-noir-rouge\/"]}]},{"@type":"ImageObject","inLanguage":"fr-FR","@id":"https:\/\/dev6.erresse-shop.it\/fr\/shop\/cuisine\/couteaux\/accessoires\/global-aiguisoir-mino-sharp-plus-noir-rouge\/#primaryimage","url":"https:\/\/i1.wp.com\/interpim.erresse-shop.it\/Import\/Prodotti\/global-affilacoltello-mino-sharp-plus-nero-rosso.jpg?ssl=1","contentUrl":"https:\/\/i1.wp.com\/interpim.erresse-shop.it\/Import\/Prodotti\/global-affilacoltello-mino-sharp-plus-nero-rosso.jpg?ssl=1"},{"@type":"BreadcrumbList","@id":"https:\/\/dev6.erresse-shop.it\/fr\/shop\/cuisine\/couteaux\/accessoires\/global-aiguisoir-mino-sharp-plus-noir-rouge\/#breadcrumb","itemListElement":[{"@type":"ListItem","position":1,"name":"Home","item":"https:\/\/dev6.erresse-shop.it\/"},{"@type":"ListItem","position":2,"name":"Boutique","item":"https:\/\/dev6.erresse-shop.it\/shop\/"},{"@type":"ListItem","position":3,"name":"GLOBAL Aiguisoir Mino Sharp Plus Noir Rouge"}]},{"@type":"WebSite","@id":"https:\/\/dev6.erresse-shop.it\/#website","url":"https:\/\/dev6.erresse-shop.it\/","name":"Erresse Shop","description":"","publisher":{"@id":"https:\/\/dev6.erresse-shop.it\/#organization"},"potentialAction":[{"@type":"SearchAction","target":{"@type":"EntryPoint","urlTemplate":"https:\/\/dev6.erresse-shop.it\/?s={search_term_string}"},"query-input":{"@type":"PropertyValueSpecification","valueRequired":true,"valueName":"search_term_string"}}],"inLanguage":"fr-FR"},{"@type":"Organization","@id":"https:\/\/dev6.erresse-shop.it\/#organization","name":"Erresse Shop","url":"https:\/\/dev6.erresse-shop.it\/","logo":{"@type":"ImageObject","inLanguage":"fr-FR","@id":"https:\/\/dev6.erresse-shop.it\/#\/schema\/logo\/image\/","url":"https:\/\/dev6.erresse-shop.it\/wp-content\/uploads\/2025\/01\/LOGO-ERRESSE-CLASSICO.svg","contentUrl":"https:\/\/dev6.erresse-shop.it\/wp-content\/uploads\/2025\/01\/LOGO-ERRESSE-CLASSICO.svg","caption":"Erresse Shop"},"image":{"@id":"https:\/\/dev6.erresse-shop.it\/#\/schema\/logo\/image\/"}}]}},"df_price":61.9,"df_sale_price":"","df_regular_price":61.9,"df_image_link":"https:\/\/i1.wp.com\/interpim.erresse-shop.it\/Import\/Prodotti\/global-affilacoltello-mino-sharp-plus-nero-rosso.jpg?resize=300,300&ssl=1","fifu_image_url":"https:\/\/interpim.erresse-shop.it\/Import\/Prodotti\/global-affilacoltello-mino-sharp-plus-nero-rosso.jpg","_links":{"self":[{"href":"https:\/\/dev6.erresse-shop.it\/fr\/wp-json\/wp\/v2\/product\/61247","targetHints":{"allow":["GET"]}}],"collection":[{"href":"https:\/\/dev6.erresse-shop.it\/fr\/wp-json\/wp\/v2\/product"}],"about":[{"href":"https:\/\/dev6.erresse-shop.it\/fr\/wp-json\/wp\/v2\/types\/product"}],"wp:featuredmedia":[{"embeddable":true,"href":"https:\/\/dev6.erresse-shop.it\/fr\/wp-json\/wp\/v2\/media\/6361062"}],"wp:attachment":[{"href":"https:\/\/dev6.erresse-shop.it\/fr\/wp-json\/wp\/v2\/media?parent=61247"}],"wp:term":[{"taxonomy":"product_cat","embeddable":true,"href":"https:\/\/dev6.erresse-shop.it\/fr\/wp-json\/wp\/v2\/product_cat?post=61247"},{"taxonomy":"product_tag","embeddable":true,"href":"https:\/\/dev6.erresse-shop.it\/fr\/wp-json\/wp\/v2\/product_tag?post=61247"}],"curies":[{"name":"wp","href":"https:\/\/api.w.org\/{rel}","templated":true}]}}