{"id":61231,"date":"2026-04-12T09:30:34","date_gmt":"2026-04-12T07:30:34","guid":{"rendered":"https:\/\/dev6.erresse-shop.it\/shop\/non%20class\u00e9\/global-couteau-a-legumes-18-cm\/"},"modified":"2025-07-04T16:52:12","modified_gmt":"2025-07-04T14:52:12","slug":"global-couteau-a-legumes-18-cm","status":"publish","type":"product","link":"https:\/\/dev6.erresse-shop.it\/fr\/shop\/cuisine\/couteaux\/couteaux-de-cuisine\/global-couteau-a-legumes-18-cm\/","title":{"rendered":"GLOBAL Couteau \u00e0 L\u00e9gumes 18 cm"},"content":{"rendered":"<p>Le G-5 est depuis longtemps un favori des clients et l\u2019une des lames les plus vendues de la s\u00e9rie originale Global. Il s\u2019agit d\u2019une lame longue, plate et rectangulaire avec un l\u00e9ger tranchant. Le couteau \u00e0 l\u00e9gumes G-5, avec une lame de 18 cm, s\u2019inspire des couteaux japonais traditionnels Usaba, populaires parmi les chefs professionnels de la r\u00e9gion de Tokyo et sp\u00e9cialis\u00e9s dans les l\u00e9gumes. L\u2019id\u00e9e sous-jacente \u00e0 la forme de la lame est d\u2019encourager un mouvement de hachage de haut en bas, dans lequel toute la longueur de la lame entre en contact avec la planche \u00e0 d\u00e9couper et traverse l\u2019ensemble du l\u00e9gume. Il n\u2019est pas n\u00e9cessaire de pousser et de tirer le couteau horizontalement pendant le mouvement de coupe.<\/p>\n<p>La cuisine europ\u00e9enne a tendance \u00e0 utiliser beaucoup plus de l\u00e9gumes hach\u00e9s que la cuisine japonaise, c\u2019est pourquoi ce couteau a toujours \u00e9t\u00e9 pr\u00e9f\u00e9r\u00e9 dans les sets de Global. Il existe plusieurs variantes de ce couteau dans la gamme Global.<\/p>\n<p>Chromeva18 Acier inoxydable<br \/>\nRockwell C56-58<br \/>\nTranchant aigu \u00e0 15 degr\u00e9s<br \/>\nCon\u00e7u par Komin Yamada<br \/>\nLavable \u00e0 la main uniquement<br \/>\nFabriqu\u00e9 au Japon<\/p>\n","protected":false},"excerpt":{"rendered":"<p>Le G-5 est depuis longtemps un favori des clients et l\u2019une des lames les plus vendues de la s\u00e9rie originale Global. Il s\u2019agit d\u2019une lame longue, plate et rectangulaire avec un l\u00e9ger tranchant. Le couteau \u00e0 l\u00e9gumes G-5, avec une lame de 18 cm, s\u2019inspire des couteaux japonais traditionnels Usaba, populaires parmi les chefs professionnels [&hellip;]<\/p>\n","protected":false},"featured_media":6360984,"template":"","meta":{"_acf_changed":false},"product_cat":[11997],"product_tag":[],"class_list":{"0":"post-61231","1":"product","2":"type-product","3":"status-publish","4":"has-post-thumbnail","6":"product_cat-couteaux-de-cuisine","8":"first","9":"outofstock","10":"taxable","11":"shipping-taxable","12":"purchasable","13":"product-type-simple","swatches":"rey-swatches","show_selected":"","stretch_labels":"rey-swatches--stretch-labels"},"acf":[],"yoast_head":"<!-- This site is optimized with the Yoast SEO plugin v25.4 - https:\/\/yoast.com\/wordpress\/plugins\/seo\/ -->\n<title>GLOBAL Couteau \u00e0 L\u00e9gumes 18 cm - dev6 Erresse<\/title>\n<meta name=\"description\" content=\"Le G-5 est depuis longtemps un favori des clients et l\u2019une des lames les plus vendues de la s\u00e9rie originale Global. Il s\u2019agit d\u2019une lame longue, plate et\" \/>\n<meta name=\"robots\" content=\"noindex, follow, max-snippet:-1, max-image-preview:large, max-video-preview:-1\" \/>\n<meta property=\"og:locale\" content=\"fr_FR\" \/>\n<meta property=\"og:type\" content=\"article\" \/>\n<meta property=\"og:title\" content=\"GLOBAL Couteau \u00e0 L\u00e9gumes 18 cm - dev6 Erresse\" \/>\n<meta property=\"og:description\" content=\"Le G-5 est depuis longtemps un favori des clients et l\u2019une des lames les plus vendues de la s\u00e9rie originale Global. Il s\u2019agit d\u2019une lame longue, plate et\" \/>\n<meta property=\"og:url\" content=\"https:\/\/dev6.erresse-shop.it\/fr\/shop\/cuisine\/couteaux\/couteaux-de-cuisine\/global-couteau-a-legumes-18-cm\/\" \/>\n<meta property=\"og:site_name\" content=\"dev6 Erresse\" \/>\n<meta property=\"og:image\" content=\"https:\/\/interpim.erresse-shop.it\/Import\/Prodotti\/global-coltello-verdure-18-cm.jpg\" \/><meta property=\"og:image\" content=\"https:\/\/interpim.erresse-shop.it\/Import\/Prodotti\/global-coltello-verdure-18-cm.jpg\" \/>\n\t<meta property=\"og:image:width\" content=\"1024\" \/>\n\t<meta property=\"og:image:height\" content=\"1024\" \/>\n\t<meta property=\"og:image:type\" content=\"image\/jpeg\" \/>\n<meta name=\"twitter:card\" content=\"summary_large_image\" \/>\n<meta name=\"twitter:image\" content=\"https:\/\/interpim.erresse-shop.it\/Import\/Prodotti\/global-coltello-verdure-18-cm.jpg\" \/>\n<script type=\"application\/ld+json\" class=\"yoast-schema-graph\">{\"@context\":\"https:\/\/schema.org\",\"@graph\":[{\"@type\":\"WebPage\",\"@id\":\"https:\/\/dev6.erresse-shop.it\/fr\/shop\/cuisine\/couteaux\/couteaux-de-cuisine\/global-couteau-a-legumes-18-cm\/\",\"url\":\"https:\/\/dev6.erresse-shop.it\/fr\/shop\/cuisine\/couteaux\/couteaux-de-cuisine\/global-couteau-a-legumes-18-cm\/\",\"name\":\"GLOBAL Couteau \u00e0 L\u00e9gumes 18 cm - dev6 Erresse\",\"isPartOf\":{\"@id\":\"https:\/\/dev6.erresse-shop.it\/#website\"},\"primaryImageOfPage\":{\"@id\":\"https:\/\/dev6.erresse-shop.it\/fr\/shop\/cuisine\/couteaux\/couteaux-de-cuisine\/global-couteau-a-legumes-18-cm\/#primaryimage\"},\"image\":{\"@id\":\"https:\/\/dev6.erresse-shop.it\/fr\/shop\/cuisine\/couteaux\/couteaux-de-cuisine\/global-couteau-a-legumes-18-cm\/#primaryimage\"},\"thumbnailUrl\":\"https:\/\/i2.wp.com\/interpim.erresse-shop.it\/Import\/Prodotti\/global-coltello-verdure-18-cm.jpg?ssl=1\",\"datePublished\":\"2026-04-12T07:30:34+00:00\",\"description\":\"Le G-5 est depuis longtemps un favori des clients et l\u2019une des lames les plus vendues de la s\u00e9rie originale Global. Il s\u2019agit d\u2019une lame longue, plate et\",\"breadcrumb\":{\"@id\":\"https:\/\/dev6.erresse-shop.it\/fr\/shop\/cuisine\/couteaux\/couteaux-de-cuisine\/global-couteau-a-legumes-18-cm\/#breadcrumb\"},\"inLanguage\":\"fr-FR\",\"potentialAction\":[{\"@type\":\"ReadAction\",\"target\":[\"https:\/\/dev6.erresse-shop.it\/fr\/shop\/cuisine\/couteaux\/couteaux-de-cuisine\/global-couteau-a-legumes-18-cm\/\"]}]},{\"@type\":\"ImageObject\",\"inLanguage\":\"fr-FR\",\"@id\":\"https:\/\/dev6.erresse-shop.it\/fr\/shop\/cuisine\/couteaux\/couteaux-de-cuisine\/global-couteau-a-legumes-18-cm\/#primaryimage\",\"url\":\"https:\/\/i2.wp.com\/interpim.erresse-shop.it\/Import\/Prodotti\/global-coltello-verdure-18-cm.jpg?ssl=1\",\"contentUrl\":\"https:\/\/i2.wp.com\/interpim.erresse-shop.it\/Import\/Prodotti\/global-coltello-verdure-18-cm.jpg?ssl=1\"},{\"@type\":\"BreadcrumbList\",\"@id\":\"https:\/\/dev6.erresse-shop.it\/fr\/shop\/cuisine\/couteaux\/couteaux-de-cuisine\/global-couteau-a-legumes-18-cm\/#breadcrumb\",\"itemListElement\":[{\"@type\":\"ListItem\",\"position\":1,\"name\":\"Home\",\"item\":\"https:\/\/dev6.erresse-shop.it\/\"},{\"@type\":\"ListItem\",\"position\":2,\"name\":\"Boutique\",\"item\":\"https:\/\/dev6.erresse-shop.it\/shop\/\"},{\"@type\":\"ListItem\",\"position\":3,\"name\":\"GLOBAL Couteau \u00e0 L\u00e9gumes 18 cm\"}]},{\"@type\":\"WebSite\",\"@id\":\"https:\/\/dev6.erresse-shop.it\/#website\",\"url\":\"https:\/\/dev6.erresse-shop.it\/\",\"name\":\"Erresse Shop\",\"description\":\"\",\"publisher\":{\"@id\":\"https:\/\/dev6.erresse-shop.it\/#organization\"},\"potentialAction\":[{\"@type\":\"SearchAction\",\"target\":{\"@type\":\"EntryPoint\",\"urlTemplate\":\"https:\/\/dev6.erresse-shop.it\/?s={search_term_string}\"},\"query-input\":{\"@type\":\"PropertyValueSpecification\",\"valueRequired\":true,\"valueName\":\"search_term_string\"}}],\"inLanguage\":\"fr-FR\"},{\"@type\":\"Organization\",\"@id\":\"https:\/\/dev6.erresse-shop.it\/#organization\",\"name\":\"Erresse Shop\",\"url\":\"https:\/\/dev6.erresse-shop.it\/\",\"logo\":{\"@type\":\"ImageObject\",\"inLanguage\":\"fr-FR\",\"@id\":\"https:\/\/dev6.erresse-shop.it\/#\/schema\/logo\/image\/\",\"url\":\"https:\/\/dev6.erresse-shop.it\/wp-content\/uploads\/2025\/01\/LOGO-ERRESSE-CLASSICO.svg\",\"contentUrl\":\"https:\/\/dev6.erresse-shop.it\/wp-content\/uploads\/2025\/01\/LOGO-ERRESSE-CLASSICO.svg\",\"caption\":\"Erresse Shop\"},\"image\":{\"@id\":\"https:\/\/dev6.erresse-shop.it\/#\/schema\/logo\/image\/\"}}]}<\/script>\n<!-- \/ Yoast SEO plugin. -->","yoast_head_json":{"title":"GLOBAL Couteau \u00e0 L\u00e9gumes 18 cm - dev6 Erresse","description":"Le G-5 est depuis longtemps un favori des clients et l\u2019une des lames les plus vendues de la s\u00e9rie originale Global. Il s\u2019agit d\u2019une lame longue, plate et","robots":{"index":"noindex","follow":"follow","max-snippet":"max-snippet:-1","max-image-preview":"max-image-preview:large","max-video-preview":"max-video-preview:-1"},"og_locale":"fr_FR","og_type":"article","og_title":"GLOBAL Couteau \u00e0 L\u00e9gumes 18 cm - dev6 Erresse","og_description":"Le G-5 est depuis longtemps un favori des clients et l\u2019une des lames les plus vendues de la s\u00e9rie originale Global. Il s\u2019agit d\u2019une lame longue, plate et","og_url":"https:\/\/dev6.erresse-shop.it\/fr\/shop\/cuisine\/couteaux\/couteaux-de-cuisine\/global-couteau-a-legumes-18-cm\/","og_site_name":"dev6 Erresse","og_image":[{"url":"https:\/\/interpim.erresse-shop.it\/Import\/Prodotti\/global-coltello-verdure-18-cm.jpg","type":"","width":"","height":""},{"url":"https:\/\/interpim.erresse-shop.it\/Import\/Prodotti\/global-coltello-verdure-18-cm.jpg","width":1024,"height":1024,"type":"image\/jpeg"}],"twitter_card":"summary_large_image","twitter_image":"https:\/\/interpim.erresse-shop.it\/Import\/Prodotti\/global-coltello-verdure-18-cm.jpg","schema":{"@context":"https:\/\/schema.org","@graph":[{"@type":"WebPage","@id":"https:\/\/dev6.erresse-shop.it\/fr\/shop\/cuisine\/couteaux\/couteaux-de-cuisine\/global-couteau-a-legumes-18-cm\/","url":"https:\/\/dev6.erresse-shop.it\/fr\/shop\/cuisine\/couteaux\/couteaux-de-cuisine\/global-couteau-a-legumes-18-cm\/","name":"GLOBAL Couteau \u00e0 L\u00e9gumes 18 cm - dev6 Erresse","isPartOf":{"@id":"https:\/\/dev6.erresse-shop.it\/#website"},"primaryImageOfPage":{"@id":"https:\/\/dev6.erresse-shop.it\/fr\/shop\/cuisine\/couteaux\/couteaux-de-cuisine\/global-couteau-a-legumes-18-cm\/#primaryimage"},"image":{"@id":"https:\/\/dev6.erresse-shop.it\/fr\/shop\/cuisine\/couteaux\/couteaux-de-cuisine\/global-couteau-a-legumes-18-cm\/#primaryimage"},"thumbnailUrl":"https:\/\/i2.wp.com\/interpim.erresse-shop.it\/Import\/Prodotti\/global-coltello-verdure-18-cm.jpg?ssl=1","datePublished":"2026-04-12T07:30:34+00:00","description":"Le G-5 est depuis longtemps un favori des clients et l\u2019une des lames les plus vendues de la s\u00e9rie originale Global. Il s\u2019agit d\u2019une lame longue, plate et","breadcrumb":{"@id":"https:\/\/dev6.erresse-shop.it\/fr\/shop\/cuisine\/couteaux\/couteaux-de-cuisine\/global-couteau-a-legumes-18-cm\/#breadcrumb"},"inLanguage":"fr-FR","potentialAction":[{"@type":"ReadAction","target":["https:\/\/dev6.erresse-shop.it\/fr\/shop\/cuisine\/couteaux\/couteaux-de-cuisine\/global-couteau-a-legumes-18-cm\/"]}]},{"@type":"ImageObject","inLanguage":"fr-FR","@id":"https:\/\/dev6.erresse-shop.it\/fr\/shop\/cuisine\/couteaux\/couteaux-de-cuisine\/global-couteau-a-legumes-18-cm\/#primaryimage","url":"https:\/\/i2.wp.com\/interpim.erresse-shop.it\/Import\/Prodotti\/global-coltello-verdure-18-cm.jpg?ssl=1","contentUrl":"https:\/\/i2.wp.com\/interpim.erresse-shop.it\/Import\/Prodotti\/global-coltello-verdure-18-cm.jpg?ssl=1"},{"@type":"BreadcrumbList","@id":"https:\/\/dev6.erresse-shop.it\/fr\/shop\/cuisine\/couteaux\/couteaux-de-cuisine\/global-couteau-a-legumes-18-cm\/#breadcrumb","itemListElement":[{"@type":"ListItem","position":1,"name":"Home","item":"https:\/\/dev6.erresse-shop.it\/"},{"@type":"ListItem","position":2,"name":"Boutique","item":"https:\/\/dev6.erresse-shop.it\/shop\/"},{"@type":"ListItem","position":3,"name":"GLOBAL Couteau \u00e0 L\u00e9gumes 18 cm"}]},{"@type":"WebSite","@id":"https:\/\/dev6.erresse-shop.it\/#website","url":"https:\/\/dev6.erresse-shop.it\/","name":"Erresse Shop","description":"","publisher":{"@id":"https:\/\/dev6.erresse-shop.it\/#organization"},"potentialAction":[{"@type":"SearchAction","target":{"@type":"EntryPoint","urlTemplate":"https:\/\/dev6.erresse-shop.it\/?s={search_term_string}"},"query-input":{"@type":"PropertyValueSpecification","valueRequired":true,"valueName":"search_term_string"}}],"inLanguage":"fr-FR"},{"@type":"Organization","@id":"https:\/\/dev6.erresse-shop.it\/#organization","name":"Erresse Shop","url":"https:\/\/dev6.erresse-shop.it\/","logo":{"@type":"ImageObject","inLanguage":"fr-FR","@id":"https:\/\/dev6.erresse-shop.it\/#\/schema\/logo\/image\/","url":"https:\/\/dev6.erresse-shop.it\/wp-content\/uploads\/2025\/01\/LOGO-ERRESSE-CLASSICO.svg","contentUrl":"https:\/\/dev6.erresse-shop.it\/wp-content\/uploads\/2025\/01\/LOGO-ERRESSE-CLASSICO.svg","caption":"Erresse Shop"},"image":{"@id":"https:\/\/dev6.erresse-shop.it\/#\/schema\/logo\/image\/"}}]}},"df_price":105,"df_sale_price":"","df_regular_price":105,"df_image_link":"https:\/\/i2.wp.com\/interpim.erresse-shop.it\/Import\/Prodotti\/global-coltello-verdure-18-cm.jpg?resize=300,300&ssl=1","fifu_image_url":"https:\/\/interpim.erresse-shop.it\/Import\/Prodotti\/global-coltello-verdure-18-cm.jpg","_links":{"self":[{"href":"https:\/\/dev6.erresse-shop.it\/fr\/wp-json\/wp\/v2\/product\/61231","targetHints":{"allow":["GET"]}}],"collection":[{"href":"https:\/\/dev6.erresse-shop.it\/fr\/wp-json\/wp\/v2\/product"}],"about":[{"href":"https:\/\/dev6.erresse-shop.it\/fr\/wp-json\/wp\/v2\/types\/product"}],"wp:featuredmedia":[{"embeddable":true,"href":"https:\/\/dev6.erresse-shop.it\/fr\/wp-json\/wp\/v2\/media\/6360984"}],"wp:attachment":[{"href":"https:\/\/dev6.erresse-shop.it\/fr\/wp-json\/wp\/v2\/media?parent=61231"}],"wp:term":[{"taxonomy":"product_cat","embeddable":true,"href":"https:\/\/dev6.erresse-shop.it\/fr\/wp-json\/wp\/v2\/product_cat?post=61231"},{"taxonomy":"product_tag","embeddable":true,"href":"https:\/\/dev6.erresse-shop.it\/fr\/wp-json\/wp\/v2\/product_tag?post=61231"}],"curies":[{"name":"wp","href":"https:\/\/api.w.org\/{rel}","templated":true}]}}