{"id":61137,"date":"2026-04-12T09:29:06","date_gmt":"2026-04-12T07:29:06","guid":{"rendered":"https:\/\/dev6.erresse-shop.it\/shop\/non%20class\u00e9\/berkel-kit-nettoyage-pour-les-trancheurs\/"},"modified":"2025-07-04T16:50:49","modified_gmt":"2025-07-04T14:50:49","slug":"berkel-kit-nettoyage-pour-les-trancheurs","status":"publish","type":"product","link":"https:\/\/dev6.erresse-shop.it\/fr\/shop\/petits-electromenagers\/trancheuses\/berkel-kit-nettoyage-pour-les-trancheurs\/","title":{"rendered":"BERKEL Kit Nettoyage pour les Trancheurs"},"content":{"rendered":"<p>Un kit sp\u00e9cial pour un nettoyage pr\u00e9 et post-utilisation de la trancheuse.<\/p>\n<p>Comprend:<br \/>\n\u2013 Chiffon taille noyenne ULTRA MICROFIBRE<br \/>\n\u2013 Spray d\u00e8sinfectant mains et surfaces 250 ml<br \/>\n\u2013 Flacon d\u2019Huile 50 ml<br \/>\n\u2013 Brosse de Nettoyage aux poils d\u00e8licats<br \/>\n\u2013 Bo\u00eete \u00e9codurable Papier Crush Cerise<\/p>\n<p>Utilisable sur Volano et les trancheuses \u00e9lectriques!<\/p>\n","protected":false},"excerpt":{"rendered":"<p>Un kit sp\u00e9cial pour un nettoyage pr\u00e9 et post-utilisation de la trancheuse. Comprend: \u2013 Chiffon taille noyenne ULTRA MICROFIBRE \u2013 Spray d\u00e8sinfectant mains et surfaces 250 ml \u2013 Flacon d\u2019Huile 50 ml \u2013 Brosse de Nettoyage aux poils d\u00e8licats \u2013 Bo\u00eete \u00e9codurable Papier Crush Cerise Utilisable sur Volano et les trancheuses \u00e9lectriques!<\/p>\n","protected":false},"featured_media":6360744,"template":"","meta":{"_acf_changed":false},"product_cat":[11999,11675,11993,11992,12055,12073],"product_tag":[],"class_list":{"0":"post-61137","1":"product","2":"type-product","3":"status-publish","4":"has-post-thumbnail","6":"product_cat-accessoires","7":"product_cat-accessori","8":"product_cat-couteaux","9":"product_cat-cuisine","10":"product_cat-petits-electromenagers","11":"product_cat-trancheuses","13":"first","14":"instock","15":"sale","16":"taxable","17":"shipping-taxable","18":"purchasable","19":"product-type-simple","swatches":"rey-swatches","show_selected":"","stretch_labels":"rey-swatches--stretch-labels"},"acf":[],"yoast_head":"<!-- This site is optimized with the Yoast SEO plugin v25.4 - https:\/\/yoast.com\/wordpress\/plugins\/seo\/ -->\n<title>BERKEL Kit Nettoyage pour les Trancheurs - dev6 Erresse<\/title>\n<meta name=\"description\" content=\"Un kit sp\u00e9cial pour un nettoyage pr\u00e9 et post-utilisation de la trancheuse. Comprend: \u2013 Chiffon taille noyenne ULTRA MICROFIBRE \u2013 Spray d\u00e8sinfectant mains\" \/>\n<meta name=\"robots\" content=\"noindex, follow, max-snippet:-1, max-image-preview:large, max-video-preview:-1\" \/>\n<meta property=\"og:locale\" content=\"fr_FR\" \/>\n<meta property=\"og:type\" content=\"article\" \/>\n<meta property=\"og:title\" content=\"BERKEL Kit Nettoyage pour les Trancheurs - dev6 Erresse\" \/>\n<meta property=\"og:description\" content=\"Un kit sp\u00e9cial pour un nettoyage pr\u00e9 et post-utilisation de la trancheuse. Comprend: \u2013 Chiffon taille noyenne ULTRA MICROFIBRE \u2013 Spray d\u00e8sinfectant mains\" \/>\n<meta property=\"og:url\" content=\"https:\/\/dev6.erresse-shop.it\/fr\/shop\/petits-electromenagers\/trancheuses\/berkel-kit-nettoyage-pour-les-trancheurs\/\" \/>\n<meta property=\"og:site_name\" content=\"dev6 Erresse\" \/>\n<meta property=\"og:image\" content=\"https:\/\/interpim.erresse-shop.it\/Import\/Prodotti\/berkel-kit-pulizia-per-affettatrici.jpg\" \/><meta property=\"og:image\" content=\"https:\/\/interpim.erresse-shop.it\/Import\/Prodotti\/berkel-kit-pulizia-per-affettatrici.jpg\" \/>\n\t<meta property=\"og:image:width\" content=\"1024\" \/>\n\t<meta property=\"og:image:height\" content=\"1024\" \/>\n\t<meta property=\"og:image:type\" content=\"image\/jpeg\" \/>\n<meta name=\"twitter:card\" content=\"summary_large_image\" \/>\n<meta name=\"twitter:image\" content=\"https:\/\/interpim.erresse-shop.it\/Import\/Prodotti\/berkel-kit-pulizia-per-affettatrici.jpg\" \/>\n<script type=\"application\/ld+json\" class=\"yoast-schema-graph\">{\"@context\":\"https:\/\/schema.org\",\"@graph\":[{\"@type\":\"WebPage\",\"@id\":\"https:\/\/dev6.erresse-shop.it\/fr\/shop\/petits-electromenagers\/trancheuses\/berkel-kit-nettoyage-pour-les-trancheurs\/\",\"url\":\"https:\/\/dev6.erresse-shop.it\/fr\/shop\/petits-electromenagers\/trancheuses\/berkel-kit-nettoyage-pour-les-trancheurs\/\",\"name\":\"BERKEL Kit Nettoyage pour les Trancheurs - dev6 Erresse\",\"isPartOf\":{\"@id\":\"https:\/\/dev6.erresse-shop.it\/#website\"},\"primaryImageOfPage\":{\"@id\":\"https:\/\/dev6.erresse-shop.it\/fr\/shop\/petits-electromenagers\/trancheuses\/berkel-kit-nettoyage-pour-les-trancheurs\/#primaryimage\"},\"image\":{\"@id\":\"https:\/\/dev6.erresse-shop.it\/fr\/shop\/petits-electromenagers\/trancheuses\/berkel-kit-nettoyage-pour-les-trancheurs\/#primaryimage\"},\"thumbnailUrl\":\"https:\/\/i3.wp.com\/interpim.erresse-shop.it\/Import\/Prodotti\/berkel-kit-pulizia-per-affettatrici.jpg?ssl=1\",\"datePublished\":\"2026-04-12T07:29:06+00:00\",\"description\":\"Un kit sp\u00e9cial pour un nettoyage pr\u00e9 et post-utilisation de la trancheuse. Comprend: \u2013 Chiffon taille noyenne ULTRA MICROFIBRE \u2013 Spray d\u00e8sinfectant mains\",\"breadcrumb\":{\"@id\":\"https:\/\/dev6.erresse-shop.it\/fr\/shop\/petits-electromenagers\/trancheuses\/berkel-kit-nettoyage-pour-les-trancheurs\/#breadcrumb\"},\"inLanguage\":\"fr-FR\",\"potentialAction\":[{\"@type\":\"ReadAction\",\"target\":[\"https:\/\/dev6.erresse-shop.it\/fr\/shop\/petits-electromenagers\/trancheuses\/berkel-kit-nettoyage-pour-les-trancheurs\/\"]}]},{\"@type\":\"ImageObject\",\"inLanguage\":\"fr-FR\",\"@id\":\"https:\/\/dev6.erresse-shop.it\/fr\/shop\/petits-electromenagers\/trancheuses\/berkel-kit-nettoyage-pour-les-trancheurs\/#primaryimage\",\"url\":\"https:\/\/i3.wp.com\/interpim.erresse-shop.it\/Import\/Prodotti\/berkel-kit-pulizia-per-affettatrici.jpg?ssl=1\",\"contentUrl\":\"https:\/\/i3.wp.com\/interpim.erresse-shop.it\/Import\/Prodotti\/berkel-kit-pulizia-per-affettatrici.jpg?ssl=1\"},{\"@type\":\"BreadcrumbList\",\"@id\":\"https:\/\/dev6.erresse-shop.it\/fr\/shop\/petits-electromenagers\/trancheuses\/berkel-kit-nettoyage-pour-les-trancheurs\/#breadcrumb\",\"itemListElement\":[{\"@type\":\"ListItem\",\"position\":1,\"name\":\"Home\",\"item\":\"https:\/\/dev6.erresse-shop.it\/\"},{\"@type\":\"ListItem\",\"position\":2,\"name\":\"Boutique\",\"item\":\"https:\/\/dev6.erresse-shop.it\/shop\/\"},{\"@type\":\"ListItem\",\"position\":3,\"name\":\"BERKEL Kit Nettoyage pour les Trancheurs\"}]},{\"@type\":\"WebSite\",\"@id\":\"https:\/\/dev6.erresse-shop.it\/#website\",\"url\":\"https:\/\/dev6.erresse-shop.it\/\",\"name\":\"Erresse Shop\",\"description\":\"\",\"publisher\":{\"@id\":\"https:\/\/dev6.erresse-shop.it\/#organization\"},\"potentialAction\":[{\"@type\":\"SearchAction\",\"target\":{\"@type\":\"EntryPoint\",\"urlTemplate\":\"https:\/\/dev6.erresse-shop.it\/?s={search_term_string}\"},\"query-input\":{\"@type\":\"PropertyValueSpecification\",\"valueRequired\":true,\"valueName\":\"search_term_string\"}}],\"inLanguage\":\"fr-FR\"},{\"@type\":\"Organization\",\"@id\":\"https:\/\/dev6.erresse-shop.it\/#organization\",\"name\":\"Erresse Shop\",\"url\":\"https:\/\/dev6.erresse-shop.it\/\",\"logo\":{\"@type\":\"ImageObject\",\"inLanguage\":\"fr-FR\",\"@id\":\"https:\/\/dev6.erresse-shop.it\/#\/schema\/logo\/image\/\",\"url\":\"https:\/\/dev6.erresse-shop.it\/wp-content\/uploads\/2025\/01\/LOGO-ERRESSE-CLASSICO.svg\",\"contentUrl\":\"https:\/\/dev6.erresse-shop.it\/wp-content\/uploads\/2025\/01\/LOGO-ERRESSE-CLASSICO.svg\",\"caption\":\"Erresse Shop\"},\"image\":{\"@id\":\"https:\/\/dev6.erresse-shop.it\/#\/schema\/logo\/image\/\"}}]}<\/script>\n<!-- \/ Yoast SEO plugin. -->","yoast_head_json":{"title":"BERKEL Kit Nettoyage pour les Trancheurs - dev6 Erresse","description":"Un kit sp\u00e9cial pour un nettoyage pr\u00e9 et post-utilisation de la trancheuse. Comprend: \u2013 Chiffon taille noyenne ULTRA MICROFIBRE \u2013 Spray d\u00e8sinfectant mains","robots":{"index":"noindex","follow":"follow","max-snippet":"max-snippet:-1","max-image-preview":"max-image-preview:large","max-video-preview":"max-video-preview:-1"},"og_locale":"fr_FR","og_type":"article","og_title":"BERKEL Kit Nettoyage pour les Trancheurs - dev6 Erresse","og_description":"Un kit sp\u00e9cial pour un nettoyage pr\u00e9 et post-utilisation de la trancheuse. Comprend: \u2013 Chiffon taille noyenne ULTRA MICROFIBRE \u2013 Spray d\u00e8sinfectant mains","og_url":"https:\/\/dev6.erresse-shop.it\/fr\/shop\/petits-electromenagers\/trancheuses\/berkel-kit-nettoyage-pour-les-trancheurs\/","og_site_name":"dev6 Erresse","og_image":[{"url":"https:\/\/interpim.erresse-shop.it\/Import\/Prodotti\/berkel-kit-pulizia-per-affettatrici.jpg","type":"","width":"","height":""},{"url":"https:\/\/interpim.erresse-shop.it\/Import\/Prodotti\/berkel-kit-pulizia-per-affettatrici.jpg","width":1024,"height":1024,"type":"image\/jpeg"}],"twitter_card":"summary_large_image","twitter_image":"https:\/\/interpim.erresse-shop.it\/Import\/Prodotti\/berkel-kit-pulizia-per-affettatrici.jpg","schema":{"@context":"https:\/\/schema.org","@graph":[{"@type":"WebPage","@id":"https:\/\/dev6.erresse-shop.it\/fr\/shop\/petits-electromenagers\/trancheuses\/berkel-kit-nettoyage-pour-les-trancheurs\/","url":"https:\/\/dev6.erresse-shop.it\/fr\/shop\/petits-electromenagers\/trancheuses\/berkel-kit-nettoyage-pour-les-trancheurs\/","name":"BERKEL Kit Nettoyage pour les Trancheurs - dev6 Erresse","isPartOf":{"@id":"https:\/\/dev6.erresse-shop.it\/#website"},"primaryImageOfPage":{"@id":"https:\/\/dev6.erresse-shop.it\/fr\/shop\/petits-electromenagers\/trancheuses\/berkel-kit-nettoyage-pour-les-trancheurs\/#primaryimage"},"image":{"@id":"https:\/\/dev6.erresse-shop.it\/fr\/shop\/petits-electromenagers\/trancheuses\/berkel-kit-nettoyage-pour-les-trancheurs\/#primaryimage"},"thumbnailUrl":"https:\/\/i3.wp.com\/interpim.erresse-shop.it\/Import\/Prodotti\/berkel-kit-pulizia-per-affettatrici.jpg?ssl=1","datePublished":"2026-04-12T07:29:06+00:00","description":"Un kit sp\u00e9cial pour un nettoyage pr\u00e9 et post-utilisation de la trancheuse. Comprend: \u2013 Chiffon taille noyenne ULTRA MICROFIBRE \u2013 Spray d\u00e8sinfectant mains","breadcrumb":{"@id":"https:\/\/dev6.erresse-shop.it\/fr\/shop\/petits-electromenagers\/trancheuses\/berkel-kit-nettoyage-pour-les-trancheurs\/#breadcrumb"},"inLanguage":"fr-FR","potentialAction":[{"@type":"ReadAction","target":["https:\/\/dev6.erresse-shop.it\/fr\/shop\/petits-electromenagers\/trancheuses\/berkel-kit-nettoyage-pour-les-trancheurs\/"]}]},{"@type":"ImageObject","inLanguage":"fr-FR","@id":"https:\/\/dev6.erresse-shop.it\/fr\/shop\/petits-electromenagers\/trancheuses\/berkel-kit-nettoyage-pour-les-trancheurs\/#primaryimage","url":"https:\/\/i3.wp.com\/interpim.erresse-shop.it\/Import\/Prodotti\/berkel-kit-pulizia-per-affettatrici.jpg?ssl=1","contentUrl":"https:\/\/i3.wp.com\/interpim.erresse-shop.it\/Import\/Prodotti\/berkel-kit-pulizia-per-affettatrici.jpg?ssl=1"},{"@type":"BreadcrumbList","@id":"https:\/\/dev6.erresse-shop.it\/fr\/shop\/petits-electromenagers\/trancheuses\/berkel-kit-nettoyage-pour-les-trancheurs\/#breadcrumb","itemListElement":[{"@type":"ListItem","position":1,"name":"Home","item":"https:\/\/dev6.erresse-shop.it\/"},{"@type":"ListItem","position":2,"name":"Boutique","item":"https:\/\/dev6.erresse-shop.it\/shop\/"},{"@type":"ListItem","position":3,"name":"BERKEL Kit Nettoyage pour les Trancheurs"}]},{"@type":"WebSite","@id":"https:\/\/dev6.erresse-shop.it\/#website","url":"https:\/\/dev6.erresse-shop.it\/","name":"Erresse Shop","description":"","publisher":{"@id":"https:\/\/dev6.erresse-shop.it\/#organization"},"potentialAction":[{"@type":"SearchAction","target":{"@type":"EntryPoint","urlTemplate":"https:\/\/dev6.erresse-shop.it\/?s={search_term_string}"},"query-input":{"@type":"PropertyValueSpecification","valueRequired":true,"valueName":"search_term_string"}}],"inLanguage":"fr-FR"},{"@type":"Organization","@id":"https:\/\/dev6.erresse-shop.it\/#organization","name":"Erresse Shop","url":"https:\/\/dev6.erresse-shop.it\/","logo":{"@type":"ImageObject","inLanguage":"fr-FR","@id":"https:\/\/dev6.erresse-shop.it\/#\/schema\/logo\/image\/","url":"https:\/\/dev6.erresse-shop.it\/wp-content\/uploads\/2025\/01\/LOGO-ERRESSE-CLASSICO.svg","contentUrl":"https:\/\/dev6.erresse-shop.it\/wp-content\/uploads\/2025\/01\/LOGO-ERRESSE-CLASSICO.svg","caption":"Erresse Shop"},"image":{"@id":"https:\/\/dev6.erresse-shop.it\/#\/schema\/logo\/image\/"}}]}},"df_price":69,"df_sale_price":69,"df_regular_price":79,"df_image_link":"https:\/\/i3.wp.com\/interpim.erresse-shop.it\/Import\/Prodotti\/berkel-kit-pulizia-per-affettatrici.jpg?resize=300,300&ssl=1","fifu_image_url":"https:\/\/interpim.erresse-shop.it\/Import\/Prodotti\/berkel-kit-pulizia-per-affettatrici.jpg","_links":{"self":[{"href":"https:\/\/dev6.erresse-shop.it\/fr\/wp-json\/wp\/v2\/product\/61137","targetHints":{"allow":["GET"]}}],"collection":[{"href":"https:\/\/dev6.erresse-shop.it\/fr\/wp-json\/wp\/v2\/product"}],"about":[{"href":"https:\/\/dev6.erresse-shop.it\/fr\/wp-json\/wp\/v2\/types\/product"}],"wp:featuredmedia":[{"embeddable":true,"href":"https:\/\/dev6.erresse-shop.it\/fr\/wp-json\/wp\/v2\/media\/6360744"}],"wp:attachment":[{"href":"https:\/\/dev6.erresse-shop.it\/fr\/wp-json\/wp\/v2\/media?parent=61137"}],"wp:term":[{"taxonomy":"product_cat","embeddable":true,"href":"https:\/\/dev6.erresse-shop.it\/fr\/wp-json\/wp\/v2\/product_cat?post=61137"},{"taxonomy":"product_tag","embeddable":true,"href":"https:\/\/dev6.erresse-shop.it\/fr\/wp-json\/wp\/v2\/product_tag?post=61137"}],"curies":[{"name":"wp","href":"https:\/\/api.w.org\/{rel}","templated":true}]}}