{"id":61133,"date":"2026-04-12T09:29:06","date_gmt":"2026-04-12T07:29:06","guid":{"rendered":"https:\/\/dev6.erresse-shop.it\/shop\/non%20class\u00e9\/venini-vase-labuan-indigo-h29\/"},"modified":"2025-07-04T16:50:43","modified_gmt":"2025-07-04T14:50:43","slug":"venini-vase-labuan-indigo-h29","status":"publish","type":"product","link":"https:\/\/dev6.erresse-shop.it\/fr\/shop\/ameublement-maison\/vases-fr\/venini-vase-labuan-indigo-h29\/","title":{"rendered":"VENINI Vase Labuan Indigo H29"},"content":{"rendered":"<p>Vase Labuan en verre souffl\u00e9 et travaill\u00e9 \u00e0 la main, selon la technique de l\u2019opaline.<br \/>\nLa couleur int\u00e9rieure est un blanc laiteux recouvert d\u2019un beau turquoise intense. L\u2019Orient a toujours \u00e9t\u00e9 une source d\u2019inspiration cr\u00e9ative. Des courbes douces d\u00e9finissent ainsi la puret\u00e9 formelle de cette collection.<br \/>\nTechnique de transformation : opalines<br \/>\nLe Lattimo est un verre blanc opaque, invent\u00e9 \u00e0 Murano vers le milieu du 15e si\u00e8cle afin d\u2019imiter les premi\u00e8res porcelaines qui \u00e9taient tr\u00e8s \u00e0 la mode en Europe. Il est obtenu en \u201csuperposant\u201d le verre lattimo avec un ou plusieurs verres minces transparents et color\u00e9s, ce qui permet d\u2019obtenir de splendides objets aux couleurs intenses et vives. La superposition remonte aux techniques historiques de la verrerie de Murano. Cet art merveilleux requiert l\u2019habilet\u00e9 et le professionnalisme du souffleur de verre ; c\u2019est un m\u00e9tier ancien dont les secrets se transmettent de p\u00e8re en fils.<br \/>\nLa collection Labuan rappelle, par son design, les anciens vases en porcelaine orientaux. Labuan, c\u2019est d\u2019abord l\u2019\u00eele malaise mentionn\u00e9e dans les romans d\u2019Emilio Salgari, puis le splendide vase cr\u00e9\u00e9 par la compagnie v\u00e9nitienne.<\/p>\n","protected":false},"excerpt":{"rendered":"<p>Vase Labuan en verre souffl\u00e9 et travaill\u00e9 \u00e0 la main, selon la technique de l\u2019opaline. La couleur int\u00e9rieure est un blanc laiteux recouvert d\u2019un beau turquoise intense. L\u2019Orient a toujours \u00e9t\u00e9 une source d\u2019inspiration cr\u00e9ative. Des courbes douces d\u00e9finissent ainsi la puret\u00e9 formelle de cette collection. Technique de transformation : opalines Le Lattimo est un [&hellip;]<\/p>\n","protected":false},"featured_media":6360740,"template":"","meta":{"_acf_changed":false},"product_cat":[11990,11666,12018],"product_tag":[],"class_list":{"0":"post-61133","1":"product","2":"type-product","3":"status-publish","4":"has-post-thumbnail","6":"product_cat-ameublement-maison","7":"product_cat-arredamento-casa","8":"product_cat-vases-fr","10":"first","11":"outofstock","12":"taxable","13":"shipping-taxable","14":"purchasable","15":"product-type-simple","swatches":"rey-swatches","show_selected":"","stretch_labels":"rey-swatches--stretch-labels"},"acf":[],"yoast_head":"<!-- This site is optimized with the Yoast SEO plugin v25.4 - https:\/\/yoast.com\/wordpress\/plugins\/seo\/ -->\n<title>VENINI Vase Labuan Indigo H29 - dev6 Erresse<\/title>\n<meta name=\"description\" content=\"Vase Labuan en verre souffl\u00e9 et travaill\u00e9 \u00e0 la main, selon la technique de l\u2019opaline. La couleur int\u00e9rieure est un blanc laiteux recouvert d\u2019un beau\" \/>\n<meta name=\"robots\" content=\"noindex, follow, max-snippet:-1, max-image-preview:large, max-video-preview:-1\" \/>\n<meta property=\"og:locale\" content=\"fr_FR\" \/>\n<meta property=\"og:type\" content=\"article\" \/>\n<meta property=\"og:title\" content=\"VENINI Vase Labuan Indigo H29 - dev6 Erresse\" \/>\n<meta property=\"og:description\" content=\"Vase Labuan en verre souffl\u00e9 et travaill\u00e9 \u00e0 la main, selon la technique de l\u2019opaline. La couleur int\u00e9rieure est un blanc laiteux recouvert d\u2019un beau\" \/>\n<meta property=\"og:url\" content=\"https:\/\/dev6.erresse-shop.it\/fr\/shop\/ameublement-maison\/vases-fr\/venini-vase-labuan-indigo-h29\/\" \/>\n<meta property=\"og:site_name\" content=\"dev6 Erresse\" \/>\n<meta property=\"og:image\" content=\"https:\/\/interpim.erresse-shop.it\/img-catalogo\/venini\/venini-vaso-labuan-indaco-h385.jpg\" \/><meta property=\"og:image\" content=\"https:\/\/interpim.erresse-shop.it\/img-catalogo\/venini\/venini-vaso-labuan-indaco-h385.jpg\" \/>\n\t<meta property=\"og:image:width\" content=\"1024\" \/>\n\t<meta property=\"og:image:height\" content=\"1024\" \/>\n\t<meta property=\"og:image:type\" content=\"image\/jpeg\" \/>\n<meta name=\"twitter:card\" content=\"summary_large_image\" \/>\n<meta name=\"twitter:image\" content=\"https:\/\/interpim.erresse-shop.it\/img-catalogo\/venini\/venini-vaso-labuan-indaco-h385.jpg\" \/>\n<script type=\"application\/ld+json\" class=\"yoast-schema-graph\">{\"@context\":\"https:\/\/schema.org\",\"@graph\":[{\"@type\":\"WebPage\",\"@id\":\"https:\/\/dev6.erresse-shop.it\/fr\/shop\/ameublement-maison\/vases-fr\/venini-vase-labuan-indigo-h29\/\",\"url\":\"https:\/\/dev6.erresse-shop.it\/fr\/shop\/ameublement-maison\/vases-fr\/venini-vase-labuan-indigo-h29\/\",\"name\":\"VENINI Vase Labuan Indigo H29 - dev6 Erresse\",\"isPartOf\":{\"@id\":\"https:\/\/dev6.erresse-shop.it\/#website\"},\"primaryImageOfPage\":{\"@id\":\"https:\/\/dev6.erresse-shop.it\/fr\/shop\/ameublement-maison\/vases-fr\/venini-vase-labuan-indigo-h29\/#primaryimage\"},\"image\":{\"@id\":\"https:\/\/dev6.erresse-shop.it\/fr\/shop\/ameublement-maison\/vases-fr\/venini-vase-labuan-indigo-h29\/#primaryimage\"},\"thumbnailUrl\":\"https:\/\/i3.wp.com\/interpim.erresse-shop.it\/img-catalogo\/venini\/venini-vaso-labuan-indaco-h385.jpg?ssl=1\",\"datePublished\":\"2026-04-12T07:29:06+00:00\",\"description\":\"Vase Labuan en verre souffl\u00e9 et travaill\u00e9 \u00e0 la main, selon la technique de l\u2019opaline. La couleur int\u00e9rieure est un blanc laiteux recouvert d\u2019un beau\",\"breadcrumb\":{\"@id\":\"https:\/\/dev6.erresse-shop.it\/fr\/shop\/ameublement-maison\/vases-fr\/venini-vase-labuan-indigo-h29\/#breadcrumb\"},\"inLanguage\":\"fr-FR\",\"potentialAction\":[{\"@type\":\"ReadAction\",\"target\":[\"https:\/\/dev6.erresse-shop.it\/fr\/shop\/ameublement-maison\/vases-fr\/venini-vase-labuan-indigo-h29\/\"]}]},{\"@type\":\"ImageObject\",\"inLanguage\":\"fr-FR\",\"@id\":\"https:\/\/dev6.erresse-shop.it\/fr\/shop\/ameublement-maison\/vases-fr\/venini-vase-labuan-indigo-h29\/#primaryimage\",\"url\":\"https:\/\/i3.wp.com\/interpim.erresse-shop.it\/img-catalogo\/venini\/venini-vaso-labuan-indaco-h385.jpg?ssl=1\",\"contentUrl\":\"https:\/\/i3.wp.com\/interpim.erresse-shop.it\/img-catalogo\/venini\/venini-vaso-labuan-indaco-h385.jpg?ssl=1\"},{\"@type\":\"BreadcrumbList\",\"@id\":\"https:\/\/dev6.erresse-shop.it\/fr\/shop\/ameublement-maison\/vases-fr\/venini-vase-labuan-indigo-h29\/#breadcrumb\",\"itemListElement\":[{\"@type\":\"ListItem\",\"position\":1,\"name\":\"Home\",\"item\":\"https:\/\/dev6.erresse-shop.it\/\"},{\"@type\":\"ListItem\",\"position\":2,\"name\":\"Boutique\",\"item\":\"https:\/\/dev6.erresse-shop.it\/shop\/\"},{\"@type\":\"ListItem\",\"position\":3,\"name\":\"VENINI Vase Labuan Indigo H29\"}]},{\"@type\":\"WebSite\",\"@id\":\"https:\/\/dev6.erresse-shop.it\/#website\",\"url\":\"https:\/\/dev6.erresse-shop.it\/\",\"name\":\"Erresse Shop\",\"description\":\"\",\"publisher\":{\"@id\":\"https:\/\/dev6.erresse-shop.it\/#organization\"},\"potentialAction\":[{\"@type\":\"SearchAction\",\"target\":{\"@type\":\"EntryPoint\",\"urlTemplate\":\"https:\/\/dev6.erresse-shop.it\/?s={search_term_string}\"},\"query-input\":{\"@type\":\"PropertyValueSpecification\",\"valueRequired\":true,\"valueName\":\"search_term_string\"}}],\"inLanguage\":\"fr-FR\"},{\"@type\":\"Organization\",\"@id\":\"https:\/\/dev6.erresse-shop.it\/#organization\",\"name\":\"Erresse Shop\",\"url\":\"https:\/\/dev6.erresse-shop.it\/\",\"logo\":{\"@type\":\"ImageObject\",\"inLanguage\":\"fr-FR\",\"@id\":\"https:\/\/dev6.erresse-shop.it\/#\/schema\/logo\/image\/\",\"url\":\"https:\/\/dev6.erresse-shop.it\/wp-content\/uploads\/2025\/01\/LOGO-ERRESSE-CLASSICO.svg\",\"contentUrl\":\"https:\/\/dev6.erresse-shop.it\/wp-content\/uploads\/2025\/01\/LOGO-ERRESSE-CLASSICO.svg\",\"caption\":\"Erresse Shop\"},\"image\":{\"@id\":\"https:\/\/dev6.erresse-shop.it\/#\/schema\/logo\/image\/\"}}]}<\/script>\n<!-- \/ Yoast SEO plugin. -->","yoast_head_json":{"title":"VENINI Vase Labuan Indigo H29 - dev6 Erresse","description":"Vase Labuan en verre souffl\u00e9 et travaill\u00e9 \u00e0 la main, selon la technique de l\u2019opaline. La couleur int\u00e9rieure est un blanc laiteux recouvert d\u2019un beau","robots":{"index":"noindex","follow":"follow","max-snippet":"max-snippet:-1","max-image-preview":"max-image-preview:large","max-video-preview":"max-video-preview:-1"},"og_locale":"fr_FR","og_type":"article","og_title":"VENINI Vase Labuan Indigo H29 - dev6 Erresse","og_description":"Vase Labuan en verre souffl\u00e9 et travaill\u00e9 \u00e0 la main, selon la technique de l\u2019opaline. La couleur int\u00e9rieure est un blanc laiteux recouvert d\u2019un beau","og_url":"https:\/\/dev6.erresse-shop.it\/fr\/shop\/ameublement-maison\/vases-fr\/venini-vase-labuan-indigo-h29\/","og_site_name":"dev6 Erresse","og_image":[{"url":"https:\/\/interpim.erresse-shop.it\/img-catalogo\/venini\/venini-vaso-labuan-indaco-h385.jpg","type":"","width":"","height":""},{"url":"https:\/\/interpim.erresse-shop.it\/img-catalogo\/venini\/venini-vaso-labuan-indaco-h385.jpg","width":1024,"height":1024,"type":"image\/jpeg"}],"twitter_card":"summary_large_image","twitter_image":"https:\/\/interpim.erresse-shop.it\/img-catalogo\/venini\/venini-vaso-labuan-indaco-h385.jpg","schema":{"@context":"https:\/\/schema.org","@graph":[{"@type":"WebPage","@id":"https:\/\/dev6.erresse-shop.it\/fr\/shop\/ameublement-maison\/vases-fr\/venini-vase-labuan-indigo-h29\/","url":"https:\/\/dev6.erresse-shop.it\/fr\/shop\/ameublement-maison\/vases-fr\/venini-vase-labuan-indigo-h29\/","name":"VENINI Vase Labuan Indigo H29 - dev6 Erresse","isPartOf":{"@id":"https:\/\/dev6.erresse-shop.it\/#website"},"primaryImageOfPage":{"@id":"https:\/\/dev6.erresse-shop.it\/fr\/shop\/ameublement-maison\/vases-fr\/venini-vase-labuan-indigo-h29\/#primaryimage"},"image":{"@id":"https:\/\/dev6.erresse-shop.it\/fr\/shop\/ameublement-maison\/vases-fr\/venini-vase-labuan-indigo-h29\/#primaryimage"},"thumbnailUrl":"https:\/\/i3.wp.com\/interpim.erresse-shop.it\/img-catalogo\/venini\/venini-vaso-labuan-indaco-h385.jpg?ssl=1","datePublished":"2026-04-12T07:29:06+00:00","description":"Vase Labuan en verre souffl\u00e9 et travaill\u00e9 \u00e0 la main, selon la technique de l\u2019opaline. La couleur int\u00e9rieure est un blanc laiteux recouvert d\u2019un beau","breadcrumb":{"@id":"https:\/\/dev6.erresse-shop.it\/fr\/shop\/ameublement-maison\/vases-fr\/venini-vase-labuan-indigo-h29\/#breadcrumb"},"inLanguage":"fr-FR","potentialAction":[{"@type":"ReadAction","target":["https:\/\/dev6.erresse-shop.it\/fr\/shop\/ameublement-maison\/vases-fr\/venini-vase-labuan-indigo-h29\/"]}]},{"@type":"ImageObject","inLanguage":"fr-FR","@id":"https:\/\/dev6.erresse-shop.it\/fr\/shop\/ameublement-maison\/vases-fr\/venini-vase-labuan-indigo-h29\/#primaryimage","url":"https:\/\/i3.wp.com\/interpim.erresse-shop.it\/img-catalogo\/venini\/venini-vaso-labuan-indaco-h385.jpg?ssl=1","contentUrl":"https:\/\/i3.wp.com\/interpim.erresse-shop.it\/img-catalogo\/venini\/venini-vaso-labuan-indaco-h385.jpg?ssl=1"},{"@type":"BreadcrumbList","@id":"https:\/\/dev6.erresse-shop.it\/fr\/shop\/ameublement-maison\/vases-fr\/venini-vase-labuan-indigo-h29\/#breadcrumb","itemListElement":[{"@type":"ListItem","position":1,"name":"Home","item":"https:\/\/dev6.erresse-shop.it\/"},{"@type":"ListItem","position":2,"name":"Boutique","item":"https:\/\/dev6.erresse-shop.it\/shop\/"},{"@type":"ListItem","position":3,"name":"VENINI Vase Labuan Indigo H29"}]},{"@type":"WebSite","@id":"https:\/\/dev6.erresse-shop.it\/#website","url":"https:\/\/dev6.erresse-shop.it\/","name":"Erresse Shop","description":"","publisher":{"@id":"https:\/\/dev6.erresse-shop.it\/#organization"},"potentialAction":[{"@type":"SearchAction","target":{"@type":"EntryPoint","urlTemplate":"https:\/\/dev6.erresse-shop.it\/?s={search_term_string}"},"query-input":{"@type":"PropertyValueSpecification","valueRequired":true,"valueName":"search_term_string"}}],"inLanguage":"fr-FR"},{"@type":"Organization","@id":"https:\/\/dev6.erresse-shop.it\/#organization","name":"Erresse Shop","url":"https:\/\/dev6.erresse-shop.it\/","logo":{"@type":"ImageObject","inLanguage":"fr-FR","@id":"https:\/\/dev6.erresse-shop.it\/#\/schema\/logo\/image\/","url":"https:\/\/dev6.erresse-shop.it\/wp-content\/uploads\/2025\/01\/LOGO-ERRESSE-CLASSICO.svg","contentUrl":"https:\/\/dev6.erresse-shop.it\/wp-content\/uploads\/2025\/01\/LOGO-ERRESSE-CLASSICO.svg","caption":"Erresse Shop"},"image":{"@id":"https:\/\/dev6.erresse-shop.it\/#\/schema\/logo\/image\/"}}]}},"df_price":745,"df_sale_price":"","df_regular_price":745,"df_image_link":"https:\/\/i3.wp.com\/interpim.erresse-shop.it\/img-catalogo\/venini\/venini-vaso-labuan-indaco-h385.jpg?resize=300,300&ssl=1","fifu_image_url":"https:\/\/interpim.erresse-shop.it\/img-catalogo\/venini\/venini-vaso-labuan-indaco-h385.jpg","_links":{"self":[{"href":"https:\/\/dev6.erresse-shop.it\/fr\/wp-json\/wp\/v2\/product\/61133","targetHints":{"allow":["GET"]}}],"collection":[{"href":"https:\/\/dev6.erresse-shop.it\/fr\/wp-json\/wp\/v2\/product"}],"about":[{"href":"https:\/\/dev6.erresse-shop.it\/fr\/wp-json\/wp\/v2\/types\/product"}],"wp:featuredmedia":[{"embeddable":true,"href":"https:\/\/dev6.erresse-shop.it\/fr\/wp-json\/wp\/v2\/media\/6360740"}],"wp:attachment":[{"href":"https:\/\/dev6.erresse-shop.it\/fr\/wp-json\/wp\/v2\/media?parent=61133"}],"wp:term":[{"taxonomy":"product_cat","embeddable":true,"href":"https:\/\/dev6.erresse-shop.it\/fr\/wp-json\/wp\/v2\/product_cat?post=61133"},{"taxonomy":"product_tag","embeddable":true,"href":"https:\/\/dev6.erresse-shop.it\/fr\/wp-json\/wp\/v2\/product_tag?post=61133"}],"curies":[{"name":"wp","href":"https:\/\/api.w.org\/{rel}","templated":true}]}}