{"id":61131,"date":"2026-04-10T10:07:47","date_gmt":"2026-04-10T08:07:47","guid":{"rendered":"https:\/\/dev6.erresse-shop.it\/shop\/non%20class\u00e9\/venini-sablier-rose-poudre-saphir\/"},"modified":"2026-01-09T02:09:50","modified_gmt":"2026-01-09T01:09:50","slug":"venini-sablier-rose-poudre-saphir","status":"publish","type":"product","link":"https:\/\/dev6.erresse-shop.it\/fr\/shop\/ameublement-maison\/vases-fr\/venini-sablier-rose-poudre-saphir\/","title":{"rendered":"VENINI Sablier Rose Poudr\u00e9 Saphir"},"content":{"rendered":"<p>Venini Sablier 420.06 cr\u00e9\u00e9 par Fulvio Bianconi et Paolo Venini en verre souffl\u00e9 et artisanal de Murano selon la technique complexe de l&#039;\u201dIncalmo\u201d, qui consiste \u00e0 accoupler \u00e0 chaud diff\u00e9rents \u00e9l\u00e9ments en verre, g\u00e9n\u00e9ralement de couleurs diff\u00e9rentes, pour cr\u00e9er un seul objet.<\/p>\n<p>Les souffles de verre enferment le sable, le laissent passer en le retenant, comme dans un \u00e9quilibre perp\u00e9tuel entre hier, aujourd\u2019hui et demain. Ce type de travail dans la partie la plus \u00e9troite souligne la complexit\u00e9 de l\u2019artisanat.<\/p>\n<p>Une curiosit\u00e9 : le temps pour que le sable tombe est de 3 minutes.<\/p>\n","protected":false},"excerpt":{"rendered":"<p>Venini Sablier 420.06 cr\u00e9\u00e9 par Fulvio Bianconi et Paolo Venini en verre souffl\u00e9 et artisanal de Murano selon la technique complexe de l&#039;\u201dIncalmo\u201d, qui consiste \u00e0 accoupler \u00e0 chaud diff\u00e9rents \u00e9l\u00e9ments en verre, g\u00e9n\u00e9ralement de couleurs diff\u00e9rentes, pour cr\u00e9er un seul objet. Les souffles de verre enferment le sable, le laissent passer en le retenant, [&hellip;]<\/p>\n","protected":false},"featured_media":6319102,"template":"","meta":{"_acf_changed":false},"product_cat":[11990,11666,12018],"product_tag":[],"class_list":{"0":"post-61131","1":"product","2":"type-product","3":"status-publish","4":"has-post-thumbnail","6":"product_cat-ameublement-maison","7":"product_cat-arredamento-casa","8":"product_cat-vases-fr","10":"first","11":"outofstock","12":"sale","13":"taxable","14":"shipping-taxable","15":"purchasable","16":"product-type-simple","swatches":"rey-swatches","show_selected":"","stretch_labels":"rey-swatches--stretch-labels"},"acf":[],"yoast_head":"<!-- This site is optimized with the Yoast SEO plugin v25.4 - https:\/\/yoast.com\/wordpress\/plugins\/seo\/ -->\n<title>VENINI Sablier Rose Poudr\u00e9 Saphir - dev6 Erresse<\/title>\n<meta name=\"description\" content=\"Venini Sablier 420.06 cr\u00e9\u00e9 par Fulvio Bianconi et Paolo Venini en verre souffl\u00e9 et artisanal de Murano selon la technique complexe de l&#039;\u201dIncalmo\u201d,\" \/>\n<meta name=\"robots\" content=\"noindex, follow, max-snippet:-1, max-image-preview:large, max-video-preview:-1\" \/>\n<meta property=\"og:locale\" content=\"fr_FR\" \/>\n<meta property=\"og:type\" content=\"article\" \/>\n<meta property=\"og:title\" content=\"VENINI Sablier Rose Poudr\u00e9 Saphir - dev6 Erresse\" \/>\n<meta property=\"og:description\" content=\"Venini Sablier 420.06 cr\u00e9\u00e9 par Fulvio Bianconi et Paolo Venini en verre souffl\u00e9 et artisanal de Murano selon la technique complexe de l&#039;\u201dIncalmo\u201d,\" \/>\n<meta property=\"og:url\" content=\"https:\/\/dev6.erresse-shop.it\/fr\/shop\/ameublement-maison\/vases-fr\/venini-sablier-rose-poudre-saphir\/\" \/>\n<meta property=\"og:site_name\" content=\"dev6 Erresse\" \/>\n<meta property=\"og:image\" content=\"https:\/\/interpim.erresse-shop.it\/img-catalogo\/venini\/venini-clessidra-rosa-cipria-zaffiro.jpg\" \/><meta property=\"og:image\" content=\"https:\/\/interpim.erresse-shop.it\/img-catalogo\/venini\/venini-clessidra-rosa-cipria-zaffiro.jpg\" \/>\n\t<meta property=\"og:image:width\" content=\"1024\" \/>\n\t<meta property=\"og:image:height\" content=\"1024\" \/>\n\t<meta property=\"og:image:type\" content=\"image\/jpeg\" \/>\n<meta name=\"twitter:card\" content=\"summary_large_image\" \/>\n<meta name=\"twitter:image\" content=\"https:\/\/interpim.erresse-shop.it\/img-catalogo\/venini\/venini-clessidra-rosa-cipria-zaffiro.jpg\" \/>\n<script type=\"application\/ld+json\" class=\"yoast-schema-graph\">{\"@context\":\"https:\/\/schema.org\",\"@graph\":[{\"@type\":\"WebPage\",\"@id\":\"https:\/\/dev6.erresse-shop.it\/fr\/shop\/ameublement-maison\/vases-fr\/venini-sablier-rose-poudre-saphir\/\",\"url\":\"https:\/\/dev6.erresse-shop.it\/fr\/shop\/ameublement-maison\/vases-fr\/venini-sablier-rose-poudre-saphir\/\",\"name\":\"VENINI Sablier Rose Poudr\u00e9 Saphir - dev6 Erresse\",\"isPartOf\":{\"@id\":\"https:\/\/dev6.erresse-shop.it\/#website\"},\"primaryImageOfPage\":{\"@id\":\"https:\/\/dev6.erresse-shop.it\/fr\/shop\/ameublement-maison\/vases-fr\/venini-sablier-rose-poudre-saphir\/#primaryimage\"},\"image\":{\"@id\":\"https:\/\/dev6.erresse-shop.it\/fr\/shop\/ameublement-maison\/vases-fr\/venini-sablier-rose-poudre-saphir\/#primaryimage\"},\"thumbnailUrl\":\"https:\/\/i1.wp.com\/interpim.erresse-shop.it\/img-catalogo\/venini\/venini-clessidra-rosa-cipria-zaffiro.jpg?ssl=1\",\"datePublished\":\"2026-04-10T08:07:47+00:00\",\"description\":\"Venini Sablier 420.06 cr\u00e9\u00e9 par Fulvio Bianconi et Paolo Venini en verre souffl\u00e9 et artisanal de Murano selon la technique complexe de l&#039;\u201dIncalmo\u201d,\",\"breadcrumb\":{\"@id\":\"https:\/\/dev6.erresse-shop.it\/fr\/shop\/ameublement-maison\/vases-fr\/venini-sablier-rose-poudre-saphir\/#breadcrumb\"},\"inLanguage\":\"fr-FR\",\"potentialAction\":[{\"@type\":\"ReadAction\",\"target\":[\"https:\/\/dev6.erresse-shop.it\/fr\/shop\/ameublement-maison\/vases-fr\/venini-sablier-rose-poudre-saphir\/\"]}]},{\"@type\":\"ImageObject\",\"inLanguage\":\"fr-FR\",\"@id\":\"https:\/\/dev6.erresse-shop.it\/fr\/shop\/ameublement-maison\/vases-fr\/venini-sablier-rose-poudre-saphir\/#primaryimage\",\"url\":\"https:\/\/i1.wp.com\/interpim.erresse-shop.it\/img-catalogo\/venini\/venini-clessidra-rosa-cipria-zaffiro.jpg?ssl=1\",\"contentUrl\":\"https:\/\/i1.wp.com\/interpim.erresse-shop.it\/img-catalogo\/venini\/venini-clessidra-rosa-cipria-zaffiro.jpg?ssl=1\"},{\"@type\":\"BreadcrumbList\",\"@id\":\"https:\/\/dev6.erresse-shop.it\/fr\/shop\/ameublement-maison\/vases-fr\/venini-sablier-rose-poudre-saphir\/#breadcrumb\",\"itemListElement\":[{\"@type\":\"ListItem\",\"position\":1,\"name\":\"Home\",\"item\":\"https:\/\/dev6.erresse-shop.it\/\"},{\"@type\":\"ListItem\",\"position\":2,\"name\":\"Boutique\",\"item\":\"https:\/\/dev6.erresse-shop.it\/shop\/\"},{\"@type\":\"ListItem\",\"position\":3,\"name\":\"VENINI Sablier Rose Poudr\u00e9 Saphir\"}]},{\"@type\":\"WebSite\",\"@id\":\"https:\/\/dev6.erresse-shop.it\/#website\",\"url\":\"https:\/\/dev6.erresse-shop.it\/\",\"name\":\"Erresse Shop\",\"description\":\"\",\"publisher\":{\"@id\":\"https:\/\/dev6.erresse-shop.it\/#organization\"},\"potentialAction\":[{\"@type\":\"SearchAction\",\"target\":{\"@type\":\"EntryPoint\",\"urlTemplate\":\"https:\/\/dev6.erresse-shop.it\/?s={search_term_string}\"},\"query-input\":{\"@type\":\"PropertyValueSpecification\",\"valueRequired\":true,\"valueName\":\"search_term_string\"}}],\"inLanguage\":\"fr-FR\"},{\"@type\":\"Organization\",\"@id\":\"https:\/\/dev6.erresse-shop.it\/#organization\",\"name\":\"Erresse Shop\",\"url\":\"https:\/\/dev6.erresse-shop.it\/\",\"logo\":{\"@type\":\"ImageObject\",\"inLanguage\":\"fr-FR\",\"@id\":\"https:\/\/dev6.erresse-shop.it\/#\/schema\/logo\/image\/\",\"url\":\"https:\/\/dev6.erresse-shop.it\/wp-content\/uploads\/2025\/01\/LOGO-ERRESSE-CLASSICO.svg\",\"contentUrl\":\"https:\/\/dev6.erresse-shop.it\/wp-content\/uploads\/2025\/01\/LOGO-ERRESSE-CLASSICO.svg\",\"caption\":\"Erresse Shop\"},\"image\":{\"@id\":\"https:\/\/dev6.erresse-shop.it\/#\/schema\/logo\/image\/\"}}]}<\/script>\n<!-- \/ Yoast SEO plugin. -->","yoast_head_json":{"title":"VENINI Sablier Rose Poudr\u00e9 Saphir - dev6 Erresse","description":"Venini Sablier 420.06 cr\u00e9\u00e9 par Fulvio Bianconi et Paolo Venini en verre souffl\u00e9 et artisanal de Murano selon la technique complexe de l&#039;\u201dIncalmo\u201d,","robots":{"index":"noindex","follow":"follow","max-snippet":"max-snippet:-1","max-image-preview":"max-image-preview:large","max-video-preview":"max-video-preview:-1"},"og_locale":"fr_FR","og_type":"article","og_title":"VENINI Sablier Rose Poudr\u00e9 Saphir - dev6 Erresse","og_description":"Venini Sablier 420.06 cr\u00e9\u00e9 par Fulvio Bianconi et Paolo Venini en verre souffl\u00e9 et artisanal de Murano selon la technique complexe de l&#039;\u201dIncalmo\u201d,","og_url":"https:\/\/dev6.erresse-shop.it\/fr\/shop\/ameublement-maison\/vases-fr\/venini-sablier-rose-poudre-saphir\/","og_site_name":"dev6 Erresse","og_image":[{"url":"https:\/\/interpim.erresse-shop.it\/img-catalogo\/venini\/venini-clessidra-rosa-cipria-zaffiro.jpg","type":"","width":"","height":""},{"url":"https:\/\/interpim.erresse-shop.it\/img-catalogo\/venini\/venini-clessidra-rosa-cipria-zaffiro.jpg","width":1024,"height":1024,"type":"image\/jpeg"}],"twitter_card":"summary_large_image","twitter_image":"https:\/\/interpim.erresse-shop.it\/img-catalogo\/venini\/venini-clessidra-rosa-cipria-zaffiro.jpg","schema":{"@context":"https:\/\/schema.org","@graph":[{"@type":"WebPage","@id":"https:\/\/dev6.erresse-shop.it\/fr\/shop\/ameublement-maison\/vases-fr\/venini-sablier-rose-poudre-saphir\/","url":"https:\/\/dev6.erresse-shop.it\/fr\/shop\/ameublement-maison\/vases-fr\/venini-sablier-rose-poudre-saphir\/","name":"VENINI Sablier Rose Poudr\u00e9 Saphir - dev6 Erresse","isPartOf":{"@id":"https:\/\/dev6.erresse-shop.it\/#website"},"primaryImageOfPage":{"@id":"https:\/\/dev6.erresse-shop.it\/fr\/shop\/ameublement-maison\/vases-fr\/venini-sablier-rose-poudre-saphir\/#primaryimage"},"image":{"@id":"https:\/\/dev6.erresse-shop.it\/fr\/shop\/ameublement-maison\/vases-fr\/venini-sablier-rose-poudre-saphir\/#primaryimage"},"thumbnailUrl":"https:\/\/i1.wp.com\/interpim.erresse-shop.it\/img-catalogo\/venini\/venini-clessidra-rosa-cipria-zaffiro.jpg?ssl=1","datePublished":"2026-04-10T08:07:47+00:00","description":"Venini Sablier 420.06 cr\u00e9\u00e9 par Fulvio Bianconi et Paolo Venini en verre souffl\u00e9 et artisanal de Murano selon la technique complexe de l&#039;\u201dIncalmo\u201d,","breadcrumb":{"@id":"https:\/\/dev6.erresse-shop.it\/fr\/shop\/ameublement-maison\/vases-fr\/venini-sablier-rose-poudre-saphir\/#breadcrumb"},"inLanguage":"fr-FR","potentialAction":[{"@type":"ReadAction","target":["https:\/\/dev6.erresse-shop.it\/fr\/shop\/ameublement-maison\/vases-fr\/venini-sablier-rose-poudre-saphir\/"]}]},{"@type":"ImageObject","inLanguage":"fr-FR","@id":"https:\/\/dev6.erresse-shop.it\/fr\/shop\/ameublement-maison\/vases-fr\/venini-sablier-rose-poudre-saphir\/#primaryimage","url":"https:\/\/i1.wp.com\/interpim.erresse-shop.it\/img-catalogo\/venini\/venini-clessidra-rosa-cipria-zaffiro.jpg?ssl=1","contentUrl":"https:\/\/i1.wp.com\/interpim.erresse-shop.it\/img-catalogo\/venini\/venini-clessidra-rosa-cipria-zaffiro.jpg?ssl=1"},{"@type":"BreadcrumbList","@id":"https:\/\/dev6.erresse-shop.it\/fr\/shop\/ameublement-maison\/vases-fr\/venini-sablier-rose-poudre-saphir\/#breadcrumb","itemListElement":[{"@type":"ListItem","position":1,"name":"Home","item":"https:\/\/dev6.erresse-shop.it\/"},{"@type":"ListItem","position":2,"name":"Boutique","item":"https:\/\/dev6.erresse-shop.it\/shop\/"},{"@type":"ListItem","position":3,"name":"VENINI Sablier Rose Poudr\u00e9 Saphir"}]},{"@type":"WebSite","@id":"https:\/\/dev6.erresse-shop.it\/#website","url":"https:\/\/dev6.erresse-shop.it\/","name":"Erresse Shop","description":"","publisher":{"@id":"https:\/\/dev6.erresse-shop.it\/#organization"},"potentialAction":[{"@type":"SearchAction","target":{"@type":"EntryPoint","urlTemplate":"https:\/\/dev6.erresse-shop.it\/?s={search_term_string}"},"query-input":{"@type":"PropertyValueSpecification","valueRequired":true,"valueName":"search_term_string"}}],"inLanguage":"fr-FR"},{"@type":"Organization","@id":"https:\/\/dev6.erresse-shop.it\/#organization","name":"Erresse Shop","url":"https:\/\/dev6.erresse-shop.it\/","logo":{"@type":"ImageObject","inLanguage":"fr-FR","@id":"https:\/\/dev6.erresse-shop.it\/#\/schema\/logo\/image\/","url":"https:\/\/dev6.erresse-shop.it\/wp-content\/uploads\/2025\/01\/LOGO-ERRESSE-CLASSICO.svg","contentUrl":"https:\/\/dev6.erresse-shop.it\/wp-content\/uploads\/2025\/01\/LOGO-ERRESSE-CLASSICO.svg","caption":"Erresse Shop"},"image":{"@id":"https:\/\/dev6.erresse-shop.it\/#\/schema\/logo\/image\/"}}]}},"df_price":769,"df_sale_price":769,"df_regular_price":895,"df_image_link":"https:\/\/i1.wp.com\/interpim.erresse-shop.it\/img-catalogo\/venini\/venini-clessidra-rosa-cipria-zaffiro.jpg?resize=300,300&ssl=1","fifu_image_url":"https:\/\/interpim.erresse-shop.it\/img-catalogo\/venini\/venini-clessidra-rosa-cipria-zaffiro.jpg","_links":{"self":[{"href":"https:\/\/dev6.erresse-shop.it\/fr\/wp-json\/wp\/v2\/product\/61131","targetHints":{"allow":["GET"]}}],"collection":[{"href":"https:\/\/dev6.erresse-shop.it\/fr\/wp-json\/wp\/v2\/product"}],"about":[{"href":"https:\/\/dev6.erresse-shop.it\/fr\/wp-json\/wp\/v2\/types\/product"}],"wp:featuredmedia":[{"embeddable":true,"href":"https:\/\/dev6.erresse-shop.it\/fr\/wp-json\/wp\/v2\/media\/6319102"}],"wp:attachment":[{"href":"https:\/\/dev6.erresse-shop.it\/fr\/wp-json\/wp\/v2\/media?parent=61131"}],"wp:term":[{"taxonomy":"product_cat","embeddable":true,"href":"https:\/\/dev6.erresse-shop.it\/fr\/wp-json\/wp\/v2\/product_cat?post=61131"},{"taxonomy":"product_tag","embeddable":true,"href":"https:\/\/dev6.erresse-shop.it\/fr\/wp-json\/wp\/v2\/product_tag?post=61131"}],"curies":[{"name":"wp","href":"https:\/\/api.w.org\/{rel}","templated":true}]}}