{"id":61123,"date":"2026-04-12T09:27:39","date_gmt":"2026-04-12T07:27:39","guid":{"rendered":"https:\/\/dev6.erresse-shop.it\/shop\/non%20class\u00e9\/steamery-pilo-2-rasoir-pour-tissus-charbon-de-bois\/"},"modified":"2025-09-14T04:46:29","modified_gmt":"2025-09-14T02:46:29","slug":"steamery-pilo-2-rasoir-pour-tissus-charbon-de-bois","status":"publish","type":"product","link":"https:\/\/dev6.erresse-shop.it\/fr\/shop\/ameublement-maison\/planches-a-repasser\/steamery-pilo-2-rasoir-pour-tissus-charbon-de-bois\/","title":{"rendered":"STEAMERY Pilo 2 Rasoir pour tissus Charbon de bois"},"content":{"rendered":"<p>Il repr\u00e9sente l\u2019\u00e9quilibre id\u00e9al entre fonctionnalit\u00e9 et esth\u00e9tique. Le Pilo 2 Fabric Shaver Charcoal est doux mais efficace et \u00e9limine les peluches et les bouloches de tous les types de mat\u00e9riaux. Avec six lames de pr\u00e9cision et une grande surface de rasage, le rasoir pour tissus Pilo 2 est plus durable et plus efficace que les autres rasoirs pour tissus du march\u00e9.<\/p>\n<p>Comment fonctionne-t-il ?<\/p>\n<p>De nombreuses personnes consid\u00e8rent que les v\u00eatements ou les tissus de la maison sont us\u00e9s \u00e0 cause des peluches et des bouloches. Mais il suffit de raser les peluches \u00e0 l\u2019aide d\u2019un rasoir \u00e0 tissu pour que vos tissus retrouvent leur aspect neuf. Pour \u00e9liminer rapidement les peluches et les bouloches, placez le v\u00eatement sur une surface plane et passez doucement la buse sur le tissu.<\/p>\n<p>Le rasoir pour tissus Pilo 2 fonctionne parfaitement sur les v\u00eatements et les textiles domestiques, comme les pulls, les manteaux, les \u00e9charpes, les chaussettes, les canap\u00e9s, les accoudoirs et les couvertures. Il fonctionne sur tous les types de mat\u00e9riaux, m\u00eame les plus d\u00e9licats, et est \u00e9quip\u00e9 d\u2019une nouvelle solution qui facilite le nettoyage de la machine des peluches.<\/p>\n<p>Caract\u00e9ristiques<\/p>\n<p>Notre rasoir \u00e0 tissu le plus efficace<br \/>\nFacile \u00e0 nettoyer des peluches<br \/>\nTemps de charge plus court et possibilit\u00e9 de se raser pendant la charge<br \/>\nDesign soigneusement s\u00e9lectionn\u00e9 avec deux positions debout, qui tient parfaitement dans la main.<\/p>\n<p>Caract\u00e9ristiques techniques<\/p>\n<p>Dur\u00e9e de rasage : 2 heures<br \/>\nTemps de charge de la batterie : 2,5 heures<br \/>\nVitesse du moteur : 9000 rotations\/min<br \/>\nGarantie : 1 an<br \/>\nPoids : 152 g<br \/>\nDimensions : 67x67x93 mm<br \/>\nPuissance : 5W<\/p>\n<p>Contenu de l\u2019emballage<\/p>\n<p>Rasoir pour tissus Pilo 2<br \/>\nC\u00e2ble de charge USB-C<br \/>\nBrosse de nettoyage<br \/>\nManuel<\/p>\n","protected":false},"excerpt":{"rendered":"<p>Il repr\u00e9sente l\u2019\u00e9quilibre id\u00e9al entre fonctionnalit\u00e9 et esth\u00e9tique. Le Pilo 2 Fabric Shaver Charcoal est doux mais efficace et \u00e9limine les peluches et les bouloches de tous les types de mat\u00e9riaux. Avec six lames de pr\u00e9cision et une grande surface de rasage, le rasoir pour tissus Pilo 2 est plus durable et plus efficace que [&hellip;]<\/p>\n","protected":false},"featured_media":6360721,"template":"","meta":{"_acf_changed":false},"product_cat":[11990,11666,12031],"product_tag":[],"class_list":{"0":"post-61123","1":"product","2":"type-product","3":"status-publish","4":"has-post-thumbnail","6":"product_cat-ameublement-maison","7":"product_cat-arredamento-casa","8":"product_cat-planches-a-repasser","10":"first","11":"outofstock","12":"taxable","13":"shipping-taxable","14":"purchasable","15":"product-type-simple","swatches":"rey-swatches","show_selected":"","stretch_labels":"rey-swatches--stretch-labels"},"acf":[],"yoast_head":"<!-- This site is optimized with the Yoast SEO plugin v25.4 - https:\/\/yoast.com\/wordpress\/plugins\/seo\/ -->\n<title>STEAMERY Pilo 2 Rasoir pour tissus Charbon de bois - dev6 Erresse<\/title>\n<meta name=\"description\" content=\"Il repr\u00e9sente l\u2019\u00e9quilibre id\u00e9al entre fonctionnalit\u00e9 et esth\u00e9tique. Le Pilo 2 Fabric Shaver Charcoal est doux mais efficace et \u00e9limine les peluches et les\" \/>\n<meta name=\"robots\" content=\"noindex, follow, max-snippet:-1, max-image-preview:large, max-video-preview:-1\" \/>\n<meta property=\"og:locale\" content=\"fr_FR\" \/>\n<meta property=\"og:type\" content=\"article\" \/>\n<meta property=\"og:title\" content=\"STEAMERY Pilo 2 Rasoir pour tissus Charbon de bois - dev6 Erresse\" \/>\n<meta property=\"og:description\" content=\"Il repr\u00e9sente l\u2019\u00e9quilibre id\u00e9al entre fonctionnalit\u00e9 et esth\u00e9tique. Le Pilo 2 Fabric Shaver Charcoal est doux mais efficace et \u00e9limine les peluches et les\" \/>\n<meta property=\"og:url\" content=\"https:\/\/dev6.erresse-shop.it\/fr\/shop\/ameublement-maison\/planches-a-repasser\/steamery-pilo-2-rasoir-pour-tissus-charbon-de-bois\/\" \/>\n<meta property=\"og:site_name\" content=\"dev6 Erresse\" \/>\n<meta property=\"og:image\" content=\"https:\/\/interpim.erresse-shop.it\/img-catalogo\/steamery\/steamery-pilo-2-nero.jpg\" \/><meta property=\"og:image\" content=\"https:\/\/interpim.erresse-shop.it\/img-catalogo\/steamery\/steamery-pilo-2-nero.jpg\" \/>\n\t<meta property=\"og:image:width\" content=\"1024\" \/>\n\t<meta property=\"og:image:height\" content=\"1024\" \/>\n\t<meta property=\"og:image:type\" content=\"image\/jpeg\" \/>\n<meta name=\"twitter:card\" content=\"summary_large_image\" \/>\n<meta name=\"twitter:image\" content=\"https:\/\/interpim.erresse-shop.it\/img-catalogo\/steamery\/steamery-pilo-2-nero.jpg\" \/>\n<script type=\"application\/ld+json\" class=\"yoast-schema-graph\">{\"@context\":\"https:\/\/schema.org\",\"@graph\":[{\"@type\":\"WebPage\",\"@id\":\"https:\/\/dev6.erresse-shop.it\/fr\/shop\/ameublement-maison\/planches-a-repasser\/steamery-pilo-2-rasoir-pour-tissus-charbon-de-bois\/\",\"url\":\"https:\/\/dev6.erresse-shop.it\/fr\/shop\/ameublement-maison\/planches-a-repasser\/steamery-pilo-2-rasoir-pour-tissus-charbon-de-bois\/\",\"name\":\"STEAMERY Pilo 2 Rasoir pour tissus Charbon de bois - dev6 Erresse\",\"isPartOf\":{\"@id\":\"https:\/\/dev6.erresse-shop.it\/#website\"},\"primaryImageOfPage\":{\"@id\":\"https:\/\/dev6.erresse-shop.it\/fr\/shop\/ameublement-maison\/planches-a-repasser\/steamery-pilo-2-rasoir-pour-tissus-charbon-de-bois\/#primaryimage\"},\"image\":{\"@id\":\"https:\/\/dev6.erresse-shop.it\/fr\/shop\/ameublement-maison\/planches-a-repasser\/steamery-pilo-2-rasoir-pour-tissus-charbon-de-bois\/#primaryimage\"},\"thumbnailUrl\":\"https:\/\/i1.wp.com\/interpim.erresse-shop.it\/img-catalogo\/steamery\/steamery-pilo-2-nero.jpg?ssl=1\",\"datePublished\":\"2026-04-12T07:27:39+00:00\",\"description\":\"Il repr\u00e9sente l\u2019\u00e9quilibre id\u00e9al entre fonctionnalit\u00e9 et esth\u00e9tique. Le Pilo 2 Fabric Shaver Charcoal est doux mais efficace et \u00e9limine les peluches et les\",\"breadcrumb\":{\"@id\":\"https:\/\/dev6.erresse-shop.it\/fr\/shop\/ameublement-maison\/planches-a-repasser\/steamery-pilo-2-rasoir-pour-tissus-charbon-de-bois\/#breadcrumb\"},\"inLanguage\":\"fr-FR\",\"potentialAction\":[{\"@type\":\"ReadAction\",\"target\":[\"https:\/\/dev6.erresse-shop.it\/fr\/shop\/ameublement-maison\/planches-a-repasser\/steamery-pilo-2-rasoir-pour-tissus-charbon-de-bois\/\"]}]},{\"@type\":\"ImageObject\",\"inLanguage\":\"fr-FR\",\"@id\":\"https:\/\/dev6.erresse-shop.it\/fr\/shop\/ameublement-maison\/planches-a-repasser\/steamery-pilo-2-rasoir-pour-tissus-charbon-de-bois\/#primaryimage\",\"url\":\"https:\/\/i1.wp.com\/interpim.erresse-shop.it\/img-catalogo\/steamery\/steamery-pilo-2-nero.jpg?ssl=1\",\"contentUrl\":\"https:\/\/i1.wp.com\/interpim.erresse-shop.it\/img-catalogo\/steamery\/steamery-pilo-2-nero.jpg?ssl=1\"},{\"@type\":\"BreadcrumbList\",\"@id\":\"https:\/\/dev6.erresse-shop.it\/fr\/shop\/ameublement-maison\/planches-a-repasser\/steamery-pilo-2-rasoir-pour-tissus-charbon-de-bois\/#breadcrumb\",\"itemListElement\":[{\"@type\":\"ListItem\",\"position\":1,\"name\":\"Home\",\"item\":\"https:\/\/dev6.erresse-shop.it\/\"},{\"@type\":\"ListItem\",\"position\":2,\"name\":\"Boutique\",\"item\":\"https:\/\/dev6.erresse-shop.it\/shop\/\"},{\"@type\":\"ListItem\",\"position\":3,\"name\":\"STEAMERY Pilo 2 Rasoir pour tissus Charbon de bois\"}]},{\"@type\":\"WebSite\",\"@id\":\"https:\/\/dev6.erresse-shop.it\/#website\",\"url\":\"https:\/\/dev6.erresse-shop.it\/\",\"name\":\"Erresse Shop\",\"description\":\"\",\"publisher\":{\"@id\":\"https:\/\/dev6.erresse-shop.it\/#organization\"},\"potentialAction\":[{\"@type\":\"SearchAction\",\"target\":{\"@type\":\"EntryPoint\",\"urlTemplate\":\"https:\/\/dev6.erresse-shop.it\/?s={search_term_string}\"},\"query-input\":{\"@type\":\"PropertyValueSpecification\",\"valueRequired\":true,\"valueName\":\"search_term_string\"}}],\"inLanguage\":\"fr-FR\"},{\"@type\":\"Organization\",\"@id\":\"https:\/\/dev6.erresse-shop.it\/#organization\",\"name\":\"Erresse Shop\",\"url\":\"https:\/\/dev6.erresse-shop.it\/\",\"logo\":{\"@type\":\"ImageObject\",\"inLanguage\":\"fr-FR\",\"@id\":\"https:\/\/dev6.erresse-shop.it\/#\/schema\/logo\/image\/\",\"url\":\"https:\/\/dev6.erresse-shop.it\/wp-content\/uploads\/2025\/01\/LOGO-ERRESSE-CLASSICO.svg\",\"contentUrl\":\"https:\/\/dev6.erresse-shop.it\/wp-content\/uploads\/2025\/01\/LOGO-ERRESSE-CLASSICO.svg\",\"caption\":\"Erresse Shop\"},\"image\":{\"@id\":\"https:\/\/dev6.erresse-shop.it\/#\/schema\/logo\/image\/\"}}]}<\/script>\n<!-- \/ Yoast SEO plugin. -->","yoast_head_json":{"title":"STEAMERY Pilo 2 Rasoir pour tissus Charbon de bois - dev6 Erresse","description":"Il repr\u00e9sente l\u2019\u00e9quilibre id\u00e9al entre fonctionnalit\u00e9 et esth\u00e9tique. Le Pilo 2 Fabric Shaver Charcoal est doux mais efficace et \u00e9limine les peluches et les","robots":{"index":"noindex","follow":"follow","max-snippet":"max-snippet:-1","max-image-preview":"max-image-preview:large","max-video-preview":"max-video-preview:-1"},"og_locale":"fr_FR","og_type":"article","og_title":"STEAMERY Pilo 2 Rasoir pour tissus Charbon de bois - dev6 Erresse","og_description":"Il repr\u00e9sente l\u2019\u00e9quilibre id\u00e9al entre fonctionnalit\u00e9 et esth\u00e9tique. Le Pilo 2 Fabric Shaver Charcoal est doux mais efficace et \u00e9limine les peluches et les","og_url":"https:\/\/dev6.erresse-shop.it\/fr\/shop\/ameublement-maison\/planches-a-repasser\/steamery-pilo-2-rasoir-pour-tissus-charbon-de-bois\/","og_site_name":"dev6 Erresse","og_image":[{"url":"https:\/\/interpim.erresse-shop.it\/img-catalogo\/steamery\/steamery-pilo-2-nero.jpg","type":"","width":"","height":""},{"url":"https:\/\/interpim.erresse-shop.it\/img-catalogo\/steamery\/steamery-pilo-2-nero.jpg","width":1024,"height":1024,"type":"image\/jpeg"}],"twitter_card":"summary_large_image","twitter_image":"https:\/\/interpim.erresse-shop.it\/img-catalogo\/steamery\/steamery-pilo-2-nero.jpg","schema":{"@context":"https:\/\/schema.org","@graph":[{"@type":"WebPage","@id":"https:\/\/dev6.erresse-shop.it\/fr\/shop\/ameublement-maison\/planches-a-repasser\/steamery-pilo-2-rasoir-pour-tissus-charbon-de-bois\/","url":"https:\/\/dev6.erresse-shop.it\/fr\/shop\/ameublement-maison\/planches-a-repasser\/steamery-pilo-2-rasoir-pour-tissus-charbon-de-bois\/","name":"STEAMERY Pilo 2 Rasoir pour tissus Charbon de bois - dev6 Erresse","isPartOf":{"@id":"https:\/\/dev6.erresse-shop.it\/#website"},"primaryImageOfPage":{"@id":"https:\/\/dev6.erresse-shop.it\/fr\/shop\/ameublement-maison\/planches-a-repasser\/steamery-pilo-2-rasoir-pour-tissus-charbon-de-bois\/#primaryimage"},"image":{"@id":"https:\/\/dev6.erresse-shop.it\/fr\/shop\/ameublement-maison\/planches-a-repasser\/steamery-pilo-2-rasoir-pour-tissus-charbon-de-bois\/#primaryimage"},"thumbnailUrl":"https:\/\/i1.wp.com\/interpim.erresse-shop.it\/img-catalogo\/steamery\/steamery-pilo-2-nero.jpg?ssl=1","datePublished":"2026-04-12T07:27:39+00:00","description":"Il repr\u00e9sente l\u2019\u00e9quilibre id\u00e9al entre fonctionnalit\u00e9 et esth\u00e9tique. Le Pilo 2 Fabric Shaver Charcoal est doux mais efficace et \u00e9limine les peluches et les","breadcrumb":{"@id":"https:\/\/dev6.erresse-shop.it\/fr\/shop\/ameublement-maison\/planches-a-repasser\/steamery-pilo-2-rasoir-pour-tissus-charbon-de-bois\/#breadcrumb"},"inLanguage":"fr-FR","potentialAction":[{"@type":"ReadAction","target":["https:\/\/dev6.erresse-shop.it\/fr\/shop\/ameublement-maison\/planches-a-repasser\/steamery-pilo-2-rasoir-pour-tissus-charbon-de-bois\/"]}]},{"@type":"ImageObject","inLanguage":"fr-FR","@id":"https:\/\/dev6.erresse-shop.it\/fr\/shop\/ameublement-maison\/planches-a-repasser\/steamery-pilo-2-rasoir-pour-tissus-charbon-de-bois\/#primaryimage","url":"https:\/\/i1.wp.com\/interpim.erresse-shop.it\/img-catalogo\/steamery\/steamery-pilo-2-nero.jpg?ssl=1","contentUrl":"https:\/\/i1.wp.com\/interpim.erresse-shop.it\/img-catalogo\/steamery\/steamery-pilo-2-nero.jpg?ssl=1"},{"@type":"BreadcrumbList","@id":"https:\/\/dev6.erresse-shop.it\/fr\/shop\/ameublement-maison\/planches-a-repasser\/steamery-pilo-2-rasoir-pour-tissus-charbon-de-bois\/#breadcrumb","itemListElement":[{"@type":"ListItem","position":1,"name":"Home","item":"https:\/\/dev6.erresse-shop.it\/"},{"@type":"ListItem","position":2,"name":"Boutique","item":"https:\/\/dev6.erresse-shop.it\/shop\/"},{"@type":"ListItem","position":3,"name":"STEAMERY Pilo 2 Rasoir pour tissus Charbon de bois"}]},{"@type":"WebSite","@id":"https:\/\/dev6.erresse-shop.it\/#website","url":"https:\/\/dev6.erresse-shop.it\/","name":"Erresse Shop","description":"","publisher":{"@id":"https:\/\/dev6.erresse-shop.it\/#organization"},"potentialAction":[{"@type":"SearchAction","target":{"@type":"EntryPoint","urlTemplate":"https:\/\/dev6.erresse-shop.it\/?s={search_term_string}"},"query-input":{"@type":"PropertyValueSpecification","valueRequired":true,"valueName":"search_term_string"}}],"inLanguage":"fr-FR"},{"@type":"Organization","@id":"https:\/\/dev6.erresse-shop.it\/#organization","name":"Erresse Shop","url":"https:\/\/dev6.erresse-shop.it\/","logo":{"@type":"ImageObject","inLanguage":"fr-FR","@id":"https:\/\/dev6.erresse-shop.it\/#\/schema\/logo\/image\/","url":"https:\/\/dev6.erresse-shop.it\/wp-content\/uploads\/2025\/01\/LOGO-ERRESSE-CLASSICO.svg","contentUrl":"https:\/\/dev6.erresse-shop.it\/wp-content\/uploads\/2025\/01\/LOGO-ERRESSE-CLASSICO.svg","caption":"Erresse Shop"},"image":{"@id":"https:\/\/dev6.erresse-shop.it\/#\/schema\/logo\/image\/"}}]}},"df_price":65,"df_sale_price":"","df_regular_price":65,"df_image_link":"https:\/\/i1.wp.com\/interpim.erresse-shop.it\/img-catalogo\/steamery\/steamery-pilo-2-nero.jpg?resize=300,300&ssl=1","fifu_image_url":"https:\/\/interpim.erresse-shop.it\/img-catalogo\/steamery\/steamery-pilo-2-nero.jpg","_links":{"self":[{"href":"https:\/\/dev6.erresse-shop.it\/fr\/wp-json\/wp\/v2\/product\/61123","targetHints":{"allow":["GET"]}}],"collection":[{"href":"https:\/\/dev6.erresse-shop.it\/fr\/wp-json\/wp\/v2\/product"}],"about":[{"href":"https:\/\/dev6.erresse-shop.it\/fr\/wp-json\/wp\/v2\/types\/product"}],"wp:featuredmedia":[{"embeddable":true,"href":"https:\/\/dev6.erresse-shop.it\/fr\/wp-json\/wp\/v2\/media\/6360721"}],"wp:attachment":[{"href":"https:\/\/dev6.erresse-shop.it\/fr\/wp-json\/wp\/v2\/media?parent=61123"}],"wp:term":[{"taxonomy":"product_cat","embeddable":true,"href":"https:\/\/dev6.erresse-shop.it\/fr\/wp-json\/wp\/v2\/product_cat?post=61123"},{"taxonomy":"product_tag","embeddable":true,"href":"https:\/\/dev6.erresse-shop.it\/fr\/wp-json\/wp\/v2\/product_tag?post=61123"}],"curies":[{"name":"wp","href":"https:\/\/api.w.org\/{rel}","templated":true}]}}