{"id":61115,"date":"2026-04-12T09:27:39","date_gmt":"2026-04-12T07:27:39","guid":{"rendered":"https:\/\/dev6.erresse-shop.it\/shop\/non%20class\u00e9\/g3-ferrari-artiko\/"},"modified":"2025-09-14T04:46:20","modified_gmt":"2025-09-14T02:46:20","slug":"g3-ferrari-artiko","status":"publish","type":"product","link":"https:\/\/dev6.erresse-shop.it\/fr\/shop\/petits-electromenagers\/sorbetieres\/g3-ferrari-artiko\/","title":{"rendered":"G3 FERRARI Artiko"},"content":{"rendered":"<p>Fournir des boissons fra\u00eeches en quantit\u00e9 et en peu de temps, ou conserver des aliments sur un lit froid, ne sont plus des probl\u00e8mes impossibles : avec ARTIKO, vous avez une solution pratique et \u00e9conomique chez vous. Prenant peu de place et n\u00e9cessitant une faible consommation d\u2019\u00e9nergie, cette machine \u00e0 gla\u00e7ons r\u00e9pond facilement aux besoins des m\u00e9nages mais peut \u00e9galement satisfaire les exigences des petites entreprises et des collectivit\u00e9s.<\/p>\n<p>Environ 1400 cubes creux peuvent \u00eatre produits en 24 heures, un approvisionnement toujours pr\u00eat en toutes saisons et \u00e0 toutes les temp\u00e9ratures, en utilisant de l\u2019eau naturelle ou potable du robinet.<\/p>\n<p>Caract\u00e9ristiques techniques<\/p>\n<p>Possibilit\u00e9 de d\u00e9finir 2 tailles de cubes : petit et grand<br \/>\nCapacit\u00e9 de production : 12 kg en 24 heures (environ 1400 cubes)<br \/>\nCapacit\u00e9 du r\u00e9servoir d\u2019eau : 1,2 l<br \/>\nCapacit\u00e9 du bac \u00e0 gla\u00e7ons : environ 600 g<br \/>\nArr\u00eat automatique lorsque le r\u00e9servoir d\u2019eau est vide ou le r\u00e9servoir de glace plein.<br \/>\nFonctionnement automatique et silencieux<br \/>\nCompresseur ultramoderne utilisant un gaz \u00e9cologique<br \/>\nGaz \u00e9cologique R600a, 22g<br \/>\nAccessoires : bac \u00e0 glace, pelle<br \/>\nAlimentation \u00e9lectrique : AC 230V ~ 50Hz<br \/>\nDimensions (L x H x P) : 22 x 29 x 28,5 cm<br \/>\nPoids : 6,2 kg<\/p>\n<p>Non commercialis\u00e9 en dehors de l\u2019Europe<\/p>\n","protected":false},"excerpt":{"rendered":"<p>Fournir des boissons fra\u00eeches en quantit\u00e9 et en peu de temps, ou conserver des aliments sur un lit froid, ne sont plus des probl\u00e8mes impossibles : avec ARTIKO, vous avez une solution pratique et \u00e9conomique chez vous. Prenant peu de place et n\u00e9cessitant une faible consommation d\u2019\u00e9nergie, cette machine \u00e0 gla\u00e7ons r\u00e9pond facilement aux besoins [&hellip;]<\/p>\n","protected":false},"featured_media":6360664,"template":"","meta":{"_acf_changed":false},"product_cat":[12055,12062],"product_tag":[],"class_list":{"0":"post-61115","1":"product","2":"type-product","3":"status-publish","4":"has-post-thumbnail","6":"product_cat-petits-electromenagers","7":"product_cat-sorbetieres","9":"first","10":"outofstock","11":"sale","12":"taxable","13":"shipping-taxable","14":"purchasable","15":"product-type-simple","swatches":"rey-swatches","show_selected":"","stretch_labels":"rey-swatches--stretch-labels"},"acf":[],"yoast_head":"<!-- This site is optimized with the Yoast SEO plugin v25.4 - https:\/\/yoast.com\/wordpress\/plugins\/seo\/ -->\n<title>G3 FERRARI Artiko - dev6 Erresse<\/title>\n<meta name=\"description\" content=\"Fournir des boissons fra\u00eeches en quantit\u00e9 et en peu de temps, ou conserver des aliments sur un lit froid, ne sont plus des probl\u00e8mes impossibles : avec\" \/>\n<meta name=\"robots\" content=\"noindex, follow, max-snippet:-1, max-image-preview:large, max-video-preview:-1\" \/>\n<meta property=\"og:locale\" content=\"fr_FR\" \/>\n<meta property=\"og:type\" content=\"article\" \/>\n<meta property=\"og:title\" content=\"G3 FERRARI Artiko - dev6 Erresse\" \/>\n<meta property=\"og:description\" content=\"Fournir des boissons fra\u00eeches en quantit\u00e9 et en peu de temps, ou conserver des aliments sur un lit froid, ne sont plus des probl\u00e8mes impossibles : avec\" \/>\n<meta property=\"og:url\" content=\"https:\/\/dev6.erresse-shop.it\/fr\/shop\/petits-electromenagers\/sorbetieres\/g3-ferrari-artiko\/\" \/>\n<meta property=\"og:site_name\" content=\"dev6 Erresse\" \/>\n<meta property=\"og:image\" content=\"https:\/\/interpim.erresse-shop.it\/Import\/Prodotti\/g3-ferrari-artiko.jpg\" \/><meta property=\"og:image\" content=\"https:\/\/interpim.erresse-shop.it\/Import\/Prodotti\/g3-ferrari-artiko.jpg\" \/>\n\t<meta property=\"og:image:width\" content=\"1024\" \/>\n\t<meta property=\"og:image:height\" content=\"1024\" \/>\n\t<meta property=\"og:image:type\" content=\"image\/jpeg\" \/>\n<meta name=\"twitter:card\" content=\"summary_large_image\" \/>\n<meta name=\"twitter:image\" content=\"https:\/\/interpim.erresse-shop.it\/Import\/Prodotti\/g3-ferrari-artiko.jpg\" \/>\n<script type=\"application\/ld+json\" class=\"yoast-schema-graph\">{\"@context\":\"https:\/\/schema.org\",\"@graph\":[{\"@type\":\"WebPage\",\"@id\":\"https:\/\/dev6.erresse-shop.it\/fr\/shop\/petits-electromenagers\/sorbetieres\/g3-ferrari-artiko\/\",\"url\":\"https:\/\/dev6.erresse-shop.it\/fr\/shop\/petits-electromenagers\/sorbetieres\/g3-ferrari-artiko\/\",\"name\":\"G3 FERRARI Artiko - dev6 Erresse\",\"isPartOf\":{\"@id\":\"https:\/\/dev6.erresse-shop.it\/#website\"},\"primaryImageOfPage\":{\"@id\":\"https:\/\/dev6.erresse-shop.it\/fr\/shop\/petits-electromenagers\/sorbetieres\/g3-ferrari-artiko\/#primaryimage\"},\"image\":{\"@id\":\"https:\/\/dev6.erresse-shop.it\/fr\/shop\/petits-electromenagers\/sorbetieres\/g3-ferrari-artiko\/#primaryimage\"},\"thumbnailUrl\":\"https:\/\/i3.wp.com\/interpim.erresse-shop.it\/Import\/Prodotti\/g3-ferrari-artiko.jpg?ssl=1\",\"datePublished\":\"2026-04-12T07:27:39+00:00\",\"description\":\"Fournir des boissons fra\u00eeches en quantit\u00e9 et en peu de temps, ou conserver des aliments sur un lit froid, ne sont plus des probl\u00e8mes impossibles : avec\",\"breadcrumb\":{\"@id\":\"https:\/\/dev6.erresse-shop.it\/fr\/shop\/petits-electromenagers\/sorbetieres\/g3-ferrari-artiko\/#breadcrumb\"},\"inLanguage\":\"fr-FR\",\"potentialAction\":[{\"@type\":\"ReadAction\",\"target\":[\"https:\/\/dev6.erresse-shop.it\/fr\/shop\/petits-electromenagers\/sorbetieres\/g3-ferrari-artiko\/\"]}]},{\"@type\":\"ImageObject\",\"inLanguage\":\"fr-FR\",\"@id\":\"https:\/\/dev6.erresse-shop.it\/fr\/shop\/petits-electromenagers\/sorbetieres\/g3-ferrari-artiko\/#primaryimage\",\"url\":\"https:\/\/i3.wp.com\/interpim.erresse-shop.it\/Import\/Prodotti\/g3-ferrari-artiko.jpg?ssl=1\",\"contentUrl\":\"https:\/\/i3.wp.com\/interpim.erresse-shop.it\/Import\/Prodotti\/g3-ferrari-artiko.jpg?ssl=1\"},{\"@type\":\"BreadcrumbList\",\"@id\":\"https:\/\/dev6.erresse-shop.it\/fr\/shop\/petits-electromenagers\/sorbetieres\/g3-ferrari-artiko\/#breadcrumb\",\"itemListElement\":[{\"@type\":\"ListItem\",\"position\":1,\"name\":\"Home\",\"item\":\"https:\/\/dev6.erresse-shop.it\/\"},{\"@type\":\"ListItem\",\"position\":2,\"name\":\"Boutique\",\"item\":\"https:\/\/dev6.erresse-shop.it\/shop\/\"},{\"@type\":\"ListItem\",\"position\":3,\"name\":\"G3 FERRARI Artiko\"}]},{\"@type\":\"WebSite\",\"@id\":\"https:\/\/dev6.erresse-shop.it\/#website\",\"url\":\"https:\/\/dev6.erresse-shop.it\/\",\"name\":\"Erresse Shop\",\"description\":\"\",\"publisher\":{\"@id\":\"https:\/\/dev6.erresse-shop.it\/#organization\"},\"potentialAction\":[{\"@type\":\"SearchAction\",\"target\":{\"@type\":\"EntryPoint\",\"urlTemplate\":\"https:\/\/dev6.erresse-shop.it\/?s={search_term_string}\"},\"query-input\":{\"@type\":\"PropertyValueSpecification\",\"valueRequired\":true,\"valueName\":\"search_term_string\"}}],\"inLanguage\":\"fr-FR\"},{\"@type\":\"Organization\",\"@id\":\"https:\/\/dev6.erresse-shop.it\/#organization\",\"name\":\"Erresse Shop\",\"url\":\"https:\/\/dev6.erresse-shop.it\/\",\"logo\":{\"@type\":\"ImageObject\",\"inLanguage\":\"fr-FR\",\"@id\":\"https:\/\/dev6.erresse-shop.it\/#\/schema\/logo\/image\/\",\"url\":\"https:\/\/dev6.erresse-shop.it\/wp-content\/uploads\/2025\/01\/LOGO-ERRESSE-CLASSICO.svg\",\"contentUrl\":\"https:\/\/dev6.erresse-shop.it\/wp-content\/uploads\/2025\/01\/LOGO-ERRESSE-CLASSICO.svg\",\"caption\":\"Erresse Shop\"},\"image\":{\"@id\":\"https:\/\/dev6.erresse-shop.it\/#\/schema\/logo\/image\/\"}}]}<\/script>\n<!-- \/ Yoast SEO plugin. -->","yoast_head_json":{"title":"G3 FERRARI Artiko - dev6 Erresse","description":"Fournir des boissons fra\u00eeches en quantit\u00e9 et en peu de temps, ou conserver des aliments sur un lit froid, ne sont plus des probl\u00e8mes impossibles : avec","robots":{"index":"noindex","follow":"follow","max-snippet":"max-snippet:-1","max-image-preview":"max-image-preview:large","max-video-preview":"max-video-preview:-1"},"og_locale":"fr_FR","og_type":"article","og_title":"G3 FERRARI Artiko - dev6 Erresse","og_description":"Fournir des boissons fra\u00eeches en quantit\u00e9 et en peu de temps, ou conserver des aliments sur un lit froid, ne sont plus des probl\u00e8mes impossibles : avec","og_url":"https:\/\/dev6.erresse-shop.it\/fr\/shop\/petits-electromenagers\/sorbetieres\/g3-ferrari-artiko\/","og_site_name":"dev6 Erresse","og_image":[{"url":"https:\/\/interpim.erresse-shop.it\/Import\/Prodotti\/g3-ferrari-artiko.jpg","type":"","width":"","height":""},{"url":"https:\/\/interpim.erresse-shop.it\/Import\/Prodotti\/g3-ferrari-artiko.jpg","width":1024,"height":1024,"type":"image\/jpeg"}],"twitter_card":"summary_large_image","twitter_image":"https:\/\/interpim.erresse-shop.it\/Import\/Prodotti\/g3-ferrari-artiko.jpg","schema":{"@context":"https:\/\/schema.org","@graph":[{"@type":"WebPage","@id":"https:\/\/dev6.erresse-shop.it\/fr\/shop\/petits-electromenagers\/sorbetieres\/g3-ferrari-artiko\/","url":"https:\/\/dev6.erresse-shop.it\/fr\/shop\/petits-electromenagers\/sorbetieres\/g3-ferrari-artiko\/","name":"G3 FERRARI Artiko - dev6 Erresse","isPartOf":{"@id":"https:\/\/dev6.erresse-shop.it\/#website"},"primaryImageOfPage":{"@id":"https:\/\/dev6.erresse-shop.it\/fr\/shop\/petits-electromenagers\/sorbetieres\/g3-ferrari-artiko\/#primaryimage"},"image":{"@id":"https:\/\/dev6.erresse-shop.it\/fr\/shop\/petits-electromenagers\/sorbetieres\/g3-ferrari-artiko\/#primaryimage"},"thumbnailUrl":"https:\/\/i3.wp.com\/interpim.erresse-shop.it\/Import\/Prodotti\/g3-ferrari-artiko.jpg?ssl=1","datePublished":"2026-04-12T07:27:39+00:00","description":"Fournir des boissons fra\u00eeches en quantit\u00e9 et en peu de temps, ou conserver des aliments sur un lit froid, ne sont plus des probl\u00e8mes impossibles : avec","breadcrumb":{"@id":"https:\/\/dev6.erresse-shop.it\/fr\/shop\/petits-electromenagers\/sorbetieres\/g3-ferrari-artiko\/#breadcrumb"},"inLanguage":"fr-FR","potentialAction":[{"@type":"ReadAction","target":["https:\/\/dev6.erresse-shop.it\/fr\/shop\/petits-electromenagers\/sorbetieres\/g3-ferrari-artiko\/"]}]},{"@type":"ImageObject","inLanguage":"fr-FR","@id":"https:\/\/dev6.erresse-shop.it\/fr\/shop\/petits-electromenagers\/sorbetieres\/g3-ferrari-artiko\/#primaryimage","url":"https:\/\/i3.wp.com\/interpim.erresse-shop.it\/Import\/Prodotti\/g3-ferrari-artiko.jpg?ssl=1","contentUrl":"https:\/\/i3.wp.com\/interpim.erresse-shop.it\/Import\/Prodotti\/g3-ferrari-artiko.jpg?ssl=1"},{"@type":"BreadcrumbList","@id":"https:\/\/dev6.erresse-shop.it\/fr\/shop\/petits-electromenagers\/sorbetieres\/g3-ferrari-artiko\/#breadcrumb","itemListElement":[{"@type":"ListItem","position":1,"name":"Home","item":"https:\/\/dev6.erresse-shop.it\/"},{"@type":"ListItem","position":2,"name":"Boutique","item":"https:\/\/dev6.erresse-shop.it\/shop\/"},{"@type":"ListItem","position":3,"name":"G3 FERRARI Artiko"}]},{"@type":"WebSite","@id":"https:\/\/dev6.erresse-shop.it\/#website","url":"https:\/\/dev6.erresse-shop.it\/","name":"Erresse Shop","description":"","publisher":{"@id":"https:\/\/dev6.erresse-shop.it\/#organization"},"potentialAction":[{"@type":"SearchAction","target":{"@type":"EntryPoint","urlTemplate":"https:\/\/dev6.erresse-shop.it\/?s={search_term_string}"},"query-input":{"@type":"PropertyValueSpecification","valueRequired":true,"valueName":"search_term_string"}}],"inLanguage":"fr-FR"},{"@type":"Organization","@id":"https:\/\/dev6.erresse-shop.it\/#organization","name":"Erresse Shop","url":"https:\/\/dev6.erresse-shop.it\/","logo":{"@type":"ImageObject","inLanguage":"fr-FR","@id":"https:\/\/dev6.erresse-shop.it\/#\/schema\/logo\/image\/","url":"https:\/\/dev6.erresse-shop.it\/wp-content\/uploads\/2025\/01\/LOGO-ERRESSE-CLASSICO.svg","contentUrl":"https:\/\/dev6.erresse-shop.it\/wp-content\/uploads\/2025\/01\/LOGO-ERRESSE-CLASSICO.svg","caption":"Erresse Shop"},"image":{"@id":"https:\/\/dev6.erresse-shop.it\/#\/schema\/logo\/image\/"}}]}},"df_price":139.95,"df_sale_price":139.95,"df_regular_price":184.9,"df_image_link":"https:\/\/i3.wp.com\/interpim.erresse-shop.it\/Import\/Prodotti\/g3-ferrari-artiko.jpg?resize=300,300&ssl=1","fifu_image_url":"https:\/\/interpim.erresse-shop.it\/Import\/Prodotti\/g3-ferrari-artiko.jpg","_links":{"self":[{"href":"https:\/\/dev6.erresse-shop.it\/fr\/wp-json\/wp\/v2\/product\/61115","targetHints":{"allow":["GET"]}}],"collection":[{"href":"https:\/\/dev6.erresse-shop.it\/fr\/wp-json\/wp\/v2\/product"}],"about":[{"href":"https:\/\/dev6.erresse-shop.it\/fr\/wp-json\/wp\/v2\/types\/product"}],"wp:featuredmedia":[{"embeddable":true,"href":"https:\/\/dev6.erresse-shop.it\/fr\/wp-json\/wp\/v2\/media\/6360664"}],"wp:attachment":[{"href":"https:\/\/dev6.erresse-shop.it\/fr\/wp-json\/wp\/v2\/media?parent=61115"}],"wp:term":[{"taxonomy":"product_cat","embeddable":true,"href":"https:\/\/dev6.erresse-shop.it\/fr\/wp-json\/wp\/v2\/product_cat?post=61115"},{"taxonomy":"product_tag","embeddable":true,"href":"https:\/\/dev6.erresse-shop.it\/fr\/wp-json\/wp\/v2\/product_tag?post=61115"}],"curies":[{"name":"wp","href":"https:\/\/api.w.org\/{rel}","templated":true}]}}