{"id":61111,"date":"2026-04-10T10:06:21","date_gmt":"2026-04-10T08:06:21","guid":{"rendered":"https:\/\/dev6.erresse-shop.it\/shop\/non%20class\u00e9\/g3-ferrari-pastaio-10lode\/"},"modified":"2025-07-04T16:50:13","modified_gmt":"2025-07-04T14:50:13","slug":"g3-ferrari-pastaio-10lode","status":"publish","type":"product","link":"https:\/\/dev6.erresse-shop.it\/fr\/shop\/petits-electromenagers\/petrins\/g3-ferrari-pastaio-10lode\/","title":{"rendered":"G3 FERRARI Pastaio 10&#038;Lode"},"content":{"rendered":"<p>Le Pastaio 10&amp;Lode est une machine multifonctionnelle \u00e0 mouvement plan\u00e9taire qui donne d\u2019excellents r\u00e9sultats. Il peut traiter de nombreux ingr\u00e9dients, gr\u00e2ce \u00e0 la puissance tr\u00e8s \u00e9lev\u00e9e de son moteur, \u00e0 ses engrenages internes en m\u00e9tal et \u00e0 ses 6 vitesses de traitement. Vous pouvez pr\u00e9parer diff\u00e9rentes recettes : p\u00e2te \u00e0 pizza, p\u00e2tes traditionnelles ou aux \u0153ufs, g\u00e2teaux, biscuits, et de nombreux types de pain. Pastaio 10&amp;Lode est polyvalent et d\u2019une grande aide \u00e0 la maison : facile \u00e0 utiliser et \u00e0 nettoyer au quotidien, il garantit d\u2019excellents r\u00e9sultats avec le fouet crochet pour le p\u00e9trissage, l\u2019accessoire m\u00e9langeur pour les p\u00e2tes molles et le fouet plan\u00e9taire pour battre et fouetter. Les accessoires en option offrent de nombreuses autres utilisations : hacher la viande, rouler les p\u00e2tes, faire des nouilles et des spaghettis.<\/p>\n<p>Caract\u00e9ristiques techniques<\/p>\n<p>6 vitesses de fonctionnement &#43; PULSE<br \/>\nR\u00e9cipient en acier inoxydable de 10 litres avec couvercle<br \/>\nCapacit\u00e9 \u00e0 traiter des p\u00e2tes jusqu\u2019\u00e0 4 kg (en fonction des aliments \u00e0 m\u00e9langer)<br \/>\nPieds \u00e0 ventouses pour une meilleure stabilit\u00e9<br \/>\nDispositif de s\u00e9curit\u00e9 qui emp\u00eache toute utilisation accidentelle<br \/>\nAccessoires inclus : crochet p\u00e9trisseur et m\u00e9langeur en aluminium, fouet en acier inoxydable (ou batteur plan\u00e9taire), couvercle en plastique transparent<br \/>\nAlimentation \u00e9lectrique : AC 220-240V ~ 50\/60 Hz<br \/>\nPuissance : 1500W (2200W Max)<br \/>\nDimensions (L x H x P) : 40 x 39,5 x 27 cm<br \/>\nPoids : 6.9 Kg<\/p>\n<p>Ne pas vendre en dehors de l\u2019Europe<\/p>\n","protected":false},"excerpt":{"rendered":"<p>Le Pastaio 10&amp;Lode est une machine multifonctionnelle \u00e0 mouvement plan\u00e9taire qui donne d\u2019excellents r\u00e9sultats. Il peut traiter de nombreux ingr\u00e9dients, gr\u00e2ce \u00e0 la puissance tr\u00e8s \u00e9lev\u00e9e de son moteur, \u00e0 ses engrenages internes en m\u00e9tal et \u00e0 ses 6 vitesses de traitement. Vous pouvez pr\u00e9parer diff\u00e9rentes recettes : p\u00e2te \u00e0 pizza, p\u00e2tes traditionnelles ou aux [&hellip;]<\/p>\n","protected":false},"featured_media":6318998,"template":"","meta":{"_acf_changed":false},"product_cat":[12055,12088],"product_tag":[],"class_list":{"0":"post-61111","1":"product","2":"type-product","3":"status-publish","4":"has-post-thumbnail","6":"product_cat-petits-electromenagers","7":"product_cat-petrins","9":"first","10":"outofstock","11":"taxable","12":"shipping-taxable","13":"product-type-simple","swatches":"rey-swatches","show_selected":"","stretch_labels":"rey-swatches--stretch-labels"},"acf":[],"yoast_head":"<!-- This site is optimized with the Yoast SEO plugin v25.4 - https:\/\/yoast.com\/wordpress\/plugins\/seo\/ -->\n<title>G3 FERRARI Pastaio 10&#038;Lode - dev6 Erresse<\/title>\n<meta name=\"description\" content=\"Le Pastaio 10&amp;Lode est une machine multifonctionnelle \u00e0 mouvement plan\u00e9taire qui donne d\u2019excellents r\u00e9sultats. Il peut traiter de nombreux\" \/>\n<meta name=\"robots\" content=\"noindex, follow, max-snippet:-1, max-image-preview:large, max-video-preview:-1\" \/>\n<meta property=\"og:locale\" content=\"fr_FR\" \/>\n<meta property=\"og:type\" content=\"article\" \/>\n<meta property=\"og:title\" content=\"G3 FERRARI Pastaio 10&#038;Lode - dev6 Erresse\" \/>\n<meta property=\"og:description\" content=\"Le Pastaio 10&amp;Lode est une machine multifonctionnelle \u00e0 mouvement plan\u00e9taire qui donne d\u2019excellents r\u00e9sultats. Il peut traiter de nombreux\" \/>\n<meta property=\"og:url\" content=\"https:\/\/dev6.erresse-shop.it\/fr\/shop\/petits-electromenagers\/petrins\/g3-ferrari-pastaio-10lode\/\" \/>\n<meta property=\"og:site_name\" content=\"dev6 Erresse\" \/>\n<meta property=\"og:image\" content=\"https:\/\/interpim.erresse-shop.it\/Import\/Prodotti\/g3-ferrari-pastaio-10lode-10-l.jpg\" \/><meta property=\"og:image\" content=\"https:\/\/interpim.erresse-shop.it\/Import\/Prodotti\/g3-ferrari-pastaio-10lode-10-l.jpg\" \/>\n\t<meta property=\"og:image:width\" content=\"1024\" \/>\n\t<meta property=\"og:image:height\" content=\"1024\" \/>\n\t<meta property=\"og:image:type\" content=\"image\/jpeg\" \/>\n<meta name=\"twitter:card\" content=\"summary_large_image\" \/>\n<meta name=\"twitter:image\" content=\"https:\/\/interpim.erresse-shop.it\/Import\/Prodotti\/g3-ferrari-pastaio-10lode-10-l.jpg\" \/>\n<script type=\"application\/ld+json\" class=\"yoast-schema-graph\">{\"@context\":\"https:\/\/schema.org\",\"@graph\":[{\"@type\":\"WebPage\",\"@id\":\"https:\/\/dev6.erresse-shop.it\/fr\/shop\/petits-electromenagers\/petrins\/g3-ferrari-pastaio-10lode\/\",\"url\":\"https:\/\/dev6.erresse-shop.it\/fr\/shop\/petits-electromenagers\/petrins\/g3-ferrari-pastaio-10lode\/\",\"name\":\"G3 FERRARI Pastaio 10&#038;Lode - dev6 Erresse\",\"isPartOf\":{\"@id\":\"https:\/\/dev6.erresse-shop.it\/#website\"},\"primaryImageOfPage\":{\"@id\":\"https:\/\/dev6.erresse-shop.it\/fr\/shop\/petits-electromenagers\/petrins\/g3-ferrari-pastaio-10lode\/#primaryimage\"},\"image\":{\"@id\":\"https:\/\/dev6.erresse-shop.it\/fr\/shop\/petits-electromenagers\/petrins\/g3-ferrari-pastaio-10lode\/#primaryimage\"},\"thumbnailUrl\":\"https:\/\/i0.wp.com\/interpim.erresse-shop.it\/Import\/Prodotti\/g3-ferrari-pastaio-10lode-10-l.jpg?ssl=1\",\"datePublished\":\"2026-04-10T08:06:21+00:00\",\"description\":\"Le Pastaio 10&amp;Lode est une machine multifonctionnelle \u00e0 mouvement plan\u00e9taire qui donne d\u2019excellents r\u00e9sultats. Il peut traiter de nombreux\",\"breadcrumb\":{\"@id\":\"https:\/\/dev6.erresse-shop.it\/fr\/shop\/petits-electromenagers\/petrins\/g3-ferrari-pastaio-10lode\/#breadcrumb\"},\"inLanguage\":\"fr-FR\",\"potentialAction\":[{\"@type\":\"ReadAction\",\"target\":[\"https:\/\/dev6.erresse-shop.it\/fr\/shop\/petits-electromenagers\/petrins\/g3-ferrari-pastaio-10lode\/\"]}]},{\"@type\":\"ImageObject\",\"inLanguage\":\"fr-FR\",\"@id\":\"https:\/\/dev6.erresse-shop.it\/fr\/shop\/petits-electromenagers\/petrins\/g3-ferrari-pastaio-10lode\/#primaryimage\",\"url\":\"https:\/\/i0.wp.com\/interpim.erresse-shop.it\/Import\/Prodotti\/g3-ferrari-pastaio-10lode-10-l.jpg?ssl=1\",\"contentUrl\":\"https:\/\/i0.wp.com\/interpim.erresse-shop.it\/Import\/Prodotti\/g3-ferrari-pastaio-10lode-10-l.jpg?ssl=1\"},{\"@type\":\"BreadcrumbList\",\"@id\":\"https:\/\/dev6.erresse-shop.it\/fr\/shop\/petits-electromenagers\/petrins\/g3-ferrari-pastaio-10lode\/#breadcrumb\",\"itemListElement\":[{\"@type\":\"ListItem\",\"position\":1,\"name\":\"Home\",\"item\":\"https:\/\/dev6.erresse-shop.it\/\"},{\"@type\":\"ListItem\",\"position\":2,\"name\":\"Boutique\",\"item\":\"https:\/\/dev6.erresse-shop.it\/shop\/\"},{\"@type\":\"ListItem\",\"position\":3,\"name\":\"G3 FERRARI Pastaio 10&#038;Lode\"}]},{\"@type\":\"WebSite\",\"@id\":\"https:\/\/dev6.erresse-shop.it\/#website\",\"url\":\"https:\/\/dev6.erresse-shop.it\/\",\"name\":\"Erresse Shop\",\"description\":\"\",\"publisher\":{\"@id\":\"https:\/\/dev6.erresse-shop.it\/#organization\"},\"potentialAction\":[{\"@type\":\"SearchAction\",\"target\":{\"@type\":\"EntryPoint\",\"urlTemplate\":\"https:\/\/dev6.erresse-shop.it\/?s={search_term_string}\"},\"query-input\":{\"@type\":\"PropertyValueSpecification\",\"valueRequired\":true,\"valueName\":\"search_term_string\"}}],\"inLanguage\":\"fr-FR\"},{\"@type\":\"Organization\",\"@id\":\"https:\/\/dev6.erresse-shop.it\/#organization\",\"name\":\"Erresse Shop\",\"url\":\"https:\/\/dev6.erresse-shop.it\/\",\"logo\":{\"@type\":\"ImageObject\",\"inLanguage\":\"fr-FR\",\"@id\":\"https:\/\/dev6.erresse-shop.it\/#\/schema\/logo\/image\/\",\"url\":\"https:\/\/dev6.erresse-shop.it\/wp-content\/uploads\/2025\/01\/LOGO-ERRESSE-CLASSICO.svg\",\"contentUrl\":\"https:\/\/dev6.erresse-shop.it\/wp-content\/uploads\/2025\/01\/LOGO-ERRESSE-CLASSICO.svg\",\"caption\":\"Erresse Shop\"},\"image\":{\"@id\":\"https:\/\/dev6.erresse-shop.it\/#\/schema\/logo\/image\/\"}}]}<\/script>\n<!-- \/ Yoast SEO plugin. -->","yoast_head_json":{"title":"G3 FERRARI Pastaio 10&#038;Lode - dev6 Erresse","description":"Le Pastaio 10&amp;Lode est une machine multifonctionnelle \u00e0 mouvement plan\u00e9taire qui donne d\u2019excellents r\u00e9sultats. Il peut traiter de nombreux","robots":{"index":"noindex","follow":"follow","max-snippet":"max-snippet:-1","max-image-preview":"max-image-preview:large","max-video-preview":"max-video-preview:-1"},"og_locale":"fr_FR","og_type":"article","og_title":"G3 FERRARI Pastaio 10&#038;Lode - dev6 Erresse","og_description":"Le Pastaio 10&amp;Lode est une machine multifonctionnelle \u00e0 mouvement plan\u00e9taire qui donne d\u2019excellents r\u00e9sultats. Il peut traiter de nombreux","og_url":"https:\/\/dev6.erresse-shop.it\/fr\/shop\/petits-electromenagers\/petrins\/g3-ferrari-pastaio-10lode\/","og_site_name":"dev6 Erresse","og_image":[{"url":"https:\/\/interpim.erresse-shop.it\/Import\/Prodotti\/g3-ferrari-pastaio-10lode-10-l.jpg","type":"","width":"","height":""},{"url":"https:\/\/interpim.erresse-shop.it\/Import\/Prodotti\/g3-ferrari-pastaio-10lode-10-l.jpg","width":1024,"height":1024,"type":"image\/jpeg"}],"twitter_card":"summary_large_image","twitter_image":"https:\/\/interpim.erresse-shop.it\/Import\/Prodotti\/g3-ferrari-pastaio-10lode-10-l.jpg","schema":{"@context":"https:\/\/schema.org","@graph":[{"@type":"WebPage","@id":"https:\/\/dev6.erresse-shop.it\/fr\/shop\/petits-electromenagers\/petrins\/g3-ferrari-pastaio-10lode\/","url":"https:\/\/dev6.erresse-shop.it\/fr\/shop\/petits-electromenagers\/petrins\/g3-ferrari-pastaio-10lode\/","name":"G3 FERRARI Pastaio 10&#038;Lode - dev6 Erresse","isPartOf":{"@id":"https:\/\/dev6.erresse-shop.it\/#website"},"primaryImageOfPage":{"@id":"https:\/\/dev6.erresse-shop.it\/fr\/shop\/petits-electromenagers\/petrins\/g3-ferrari-pastaio-10lode\/#primaryimage"},"image":{"@id":"https:\/\/dev6.erresse-shop.it\/fr\/shop\/petits-electromenagers\/petrins\/g3-ferrari-pastaio-10lode\/#primaryimage"},"thumbnailUrl":"https:\/\/i0.wp.com\/interpim.erresse-shop.it\/Import\/Prodotti\/g3-ferrari-pastaio-10lode-10-l.jpg?ssl=1","datePublished":"2026-04-10T08:06:21+00:00","description":"Le Pastaio 10&amp;Lode est une machine multifonctionnelle \u00e0 mouvement plan\u00e9taire qui donne d\u2019excellents r\u00e9sultats. Il peut traiter de nombreux","breadcrumb":{"@id":"https:\/\/dev6.erresse-shop.it\/fr\/shop\/petits-electromenagers\/petrins\/g3-ferrari-pastaio-10lode\/#breadcrumb"},"inLanguage":"fr-FR","potentialAction":[{"@type":"ReadAction","target":["https:\/\/dev6.erresse-shop.it\/fr\/shop\/petits-electromenagers\/petrins\/g3-ferrari-pastaio-10lode\/"]}]},{"@type":"ImageObject","inLanguage":"fr-FR","@id":"https:\/\/dev6.erresse-shop.it\/fr\/shop\/petits-electromenagers\/petrins\/g3-ferrari-pastaio-10lode\/#primaryimage","url":"https:\/\/i0.wp.com\/interpim.erresse-shop.it\/Import\/Prodotti\/g3-ferrari-pastaio-10lode-10-l.jpg?ssl=1","contentUrl":"https:\/\/i0.wp.com\/interpim.erresse-shop.it\/Import\/Prodotti\/g3-ferrari-pastaio-10lode-10-l.jpg?ssl=1"},{"@type":"BreadcrumbList","@id":"https:\/\/dev6.erresse-shop.it\/fr\/shop\/petits-electromenagers\/petrins\/g3-ferrari-pastaio-10lode\/#breadcrumb","itemListElement":[{"@type":"ListItem","position":1,"name":"Home","item":"https:\/\/dev6.erresse-shop.it\/"},{"@type":"ListItem","position":2,"name":"Boutique","item":"https:\/\/dev6.erresse-shop.it\/shop\/"},{"@type":"ListItem","position":3,"name":"G3 FERRARI Pastaio 10&#038;Lode"}]},{"@type":"WebSite","@id":"https:\/\/dev6.erresse-shop.it\/#website","url":"https:\/\/dev6.erresse-shop.it\/","name":"Erresse Shop","description":"","publisher":{"@id":"https:\/\/dev6.erresse-shop.it\/#organization"},"potentialAction":[{"@type":"SearchAction","target":{"@type":"EntryPoint","urlTemplate":"https:\/\/dev6.erresse-shop.it\/?s={search_term_string}"},"query-input":{"@type":"PropertyValueSpecification","valueRequired":true,"valueName":"search_term_string"}}],"inLanguage":"fr-FR"},{"@type":"Organization","@id":"https:\/\/dev6.erresse-shop.it\/#organization","name":"Erresse Shop","url":"https:\/\/dev6.erresse-shop.it\/","logo":{"@type":"ImageObject","inLanguage":"fr-FR","@id":"https:\/\/dev6.erresse-shop.it\/#\/schema\/logo\/image\/","url":"https:\/\/dev6.erresse-shop.it\/wp-content\/uploads\/2025\/01\/LOGO-ERRESSE-CLASSICO.svg","contentUrl":"https:\/\/dev6.erresse-shop.it\/wp-content\/uploads\/2025\/01\/LOGO-ERRESSE-CLASSICO.svg","caption":"Erresse Shop"},"image":{"@id":"https:\/\/dev6.erresse-shop.it\/#\/schema\/logo\/image\/"}}]}},"df_price":"","df_sale_price":"","df_regular_price":"","df_image_link":"https:\/\/i0.wp.com\/interpim.erresse-shop.it\/Import\/Prodotti\/g3-ferrari-pastaio-10lode-10-l.jpg?resize=300,300&ssl=1","fifu_image_url":"https:\/\/interpim.erresse-shop.it\/Import\/Prodotti\/g3-ferrari-pastaio-10lode-10-l.jpg","_links":{"self":[{"href":"https:\/\/dev6.erresse-shop.it\/fr\/wp-json\/wp\/v2\/product\/61111","targetHints":{"allow":["GET"]}}],"collection":[{"href":"https:\/\/dev6.erresse-shop.it\/fr\/wp-json\/wp\/v2\/product"}],"about":[{"href":"https:\/\/dev6.erresse-shop.it\/fr\/wp-json\/wp\/v2\/types\/product"}],"wp:featuredmedia":[{"embeddable":true,"href":"https:\/\/dev6.erresse-shop.it\/fr\/wp-json\/wp\/v2\/media\/6318998"}],"wp:attachment":[{"href":"https:\/\/dev6.erresse-shop.it\/fr\/wp-json\/wp\/v2\/media?parent=61111"}],"wp:term":[{"taxonomy":"product_cat","embeddable":true,"href":"https:\/\/dev6.erresse-shop.it\/fr\/wp-json\/wp\/v2\/product_cat?post=61111"},{"taxonomy":"product_tag","embeddable":true,"href":"https:\/\/dev6.erresse-shop.it\/fr\/wp-json\/wp\/v2\/product_tag?post=61111"}],"curies":[{"name":"wp","href":"https:\/\/api.w.org\/{rel}","templated":true}]}}