{"id":61109,"date":"2026-04-12T09:27:39","date_gmt":"2026-04-12T07:27:39","guid":{"rendered":"https:\/\/dev6.erresse-shop.it\/shop\/non%20class\u00e9\/steamery-cirrus-2-defroisseur-a-main-noir\/"},"modified":"2025-09-14T04:46:13","modified_gmt":"2025-09-14T02:46:13","slug":"steamery-cirrus-2-defroisseur-a-main-noir","status":"publish","type":"product","link":"https:\/\/dev6.erresse-shop.it\/fr\/shop\/ameublement-maison\/planches-a-repasser\/steamery-cirrus-2-defroisseur-a-main-noir\/","title":{"rendered":"STEAMERY Cirrus 2 D\u00e9froisseur \u00e0 main noir"},"content":{"rendered":"<p>Le d\u00e9froisseur portable Cirrus 2 \u2013 Black est une alternative durable et efficace au repassage et au lavage. Vos v\u00eatements seront d\u00e9froiss\u00e9s, lisses et frais en un rien de temps. La vapeur chaude r\u00e9duit \u00e9galement les odeurs, la salet\u00e9 de surface et les bact\u00e9ries.<\/p>\n<p>La vapeur chaude d\u2019un d\u00e9froisseur portable soul\u00e8ve les fibres textiles \u2013 au lieu de les comprimer comme avec un fer \u00e0 repasser \u2013 et les fait gonfler et retrouver leur forme naturelle. Le traitement \u00e0 la vapeur est similaire \u00e0 l\u2019a\u00e9ration des v\u00eatements. La vapeur chaude \u00e9limine les marques d\u2019un v\u00eatement qui n\u2019a jamais \u00e9t\u00e9 port\u00e9, telles que les odeurs, la salet\u00e9 de surface et les bact\u00e9ries.<\/p>\n<p>CARACT\u00c9RISTIQUES<\/p>\n<p>Des v\u00eatements infroissables, frais et pr\u00e9sentables<br \/>\nMoins de lavage \u2013 moins de consommation d\u2019\u00e9nergie et d\u2019eau<br \/>\nFacile \u00e0 porter pendant les week-ends et les voyages d\u2019affaires<br \/>\nPermet de gagner du temps et convient \u00e0 tous les foyers<br \/>\nFonctionne sur tous les mat\u00e9riaux, sauf le cuir et le daim Soyez gentil avec la soie<\/p>\n<p>SP\u00c9CIFICATIONS<\/p>\n<p>R\u00e9servoir d\u2019eau : 90 ml<br \/>\nGarantie : 1 an<br \/>\nCorde tress\u00e9e : 1,9 m<br \/>\nPoids : 0.75-0.78 kg<br \/>\nDimensions : 33x15x9.5 cm<br \/>\nTension et fr\u00e9quence : 220-240 V\/50-60 Hz<br \/>\nPuissance : 1500W<\/p>\n<p>CONTENU DE L\u2019EMBALLAGE<\/p>\n<p>D\u00e9froisseur portable Cirrus 2<br \/>\nSac de protection contre la chaleur<br \/>\nManuel d\u2019utilisation<\/p>\n","protected":false},"excerpt":{"rendered":"<p>Le d\u00e9froisseur portable Cirrus 2 \u2013 Black est une alternative durable et efficace au repassage et au lavage. Vos v\u00eatements seront d\u00e9froiss\u00e9s, lisses et frais en un rien de temps. La vapeur chaude r\u00e9duit \u00e9galement les odeurs, la salet\u00e9 de surface et les bact\u00e9ries. La vapeur chaude d\u2019un d\u00e9froisseur portable soul\u00e8ve les fibres textiles \u2013 [&hellip;]<\/p>\n","protected":false},"featured_media":6360619,"template":"","meta":{"_acf_changed":false},"product_cat":[11990,11666,12031],"product_tag":[],"class_list":{"0":"post-61109","1":"product","2":"type-product","3":"status-publish","4":"has-post-thumbnail","6":"product_cat-ameublement-maison","7":"product_cat-arredamento-casa","8":"product_cat-planches-a-repasser","10":"first","11":"outofstock","12":"sale","13":"taxable","14":"shipping-taxable","15":"purchasable","16":"product-type-simple","swatches":"rey-swatches","show_selected":"","stretch_labels":"rey-swatches--stretch-labels"},"acf":[],"yoast_head":"<!-- This site is optimized with the Yoast SEO plugin v25.4 - https:\/\/yoast.com\/wordpress\/plugins\/seo\/ -->\n<title>STEAMERY Cirrus 2 D\u00e9froisseur \u00e0 main noir - dev6 Erresse<\/title>\n<meta name=\"description\" content=\"Le d\u00e9froisseur portable Cirrus 2 \u2013 Black est une alternative durable et efficace au repassage et au lavage. Vos v\u00eatements seront d\u00e9froiss\u00e9s, lisses et\" \/>\n<meta name=\"robots\" content=\"noindex, follow, max-snippet:-1, max-image-preview:large, max-video-preview:-1\" \/>\n<meta property=\"og:locale\" content=\"fr_FR\" \/>\n<meta property=\"og:type\" content=\"article\" \/>\n<meta property=\"og:title\" content=\"STEAMERY Cirrus 2 D\u00e9froisseur \u00e0 main noir - dev6 Erresse\" \/>\n<meta property=\"og:description\" content=\"Le d\u00e9froisseur portable Cirrus 2 \u2013 Black est une alternative durable et efficace au repassage et au lavage. Vos v\u00eatements seront d\u00e9froiss\u00e9s, lisses et\" \/>\n<meta property=\"og:url\" content=\"https:\/\/dev6.erresse-shop.it\/fr\/shop\/ameublement-maison\/planches-a-repasser\/steamery-cirrus-2-defroisseur-a-main-noir\/\" \/>\n<meta property=\"og:site_name\" content=\"dev6 Erresse\" \/>\n<meta property=\"og:image\" content=\"https:\/\/interpim.erresse-shop.it\/img-catalogo\/steamery\/steamery-cirrus-2-piroscafo-portatile-nero.jpg\" \/><meta property=\"og:image\" content=\"https:\/\/interpim.erresse-shop.it\/img-catalogo\/steamery\/steamery-cirrus-2-piroscafo-portatile-nero.jpg\" \/>\n\t<meta property=\"og:image:width\" content=\"1024\" \/>\n\t<meta property=\"og:image:height\" content=\"1024\" \/>\n\t<meta property=\"og:image:type\" content=\"image\/jpeg\" \/>\n<meta name=\"twitter:card\" content=\"summary_large_image\" \/>\n<meta name=\"twitter:image\" content=\"https:\/\/interpim.erresse-shop.it\/img-catalogo\/steamery\/steamery-cirrus-2-piroscafo-portatile-nero.jpg\" \/>\n<script type=\"application\/ld+json\" class=\"yoast-schema-graph\">{\"@context\":\"https:\/\/schema.org\",\"@graph\":[{\"@type\":\"WebPage\",\"@id\":\"https:\/\/dev6.erresse-shop.it\/fr\/shop\/ameublement-maison\/planches-a-repasser\/steamery-cirrus-2-defroisseur-a-main-noir\/\",\"url\":\"https:\/\/dev6.erresse-shop.it\/fr\/shop\/ameublement-maison\/planches-a-repasser\/steamery-cirrus-2-defroisseur-a-main-noir\/\",\"name\":\"STEAMERY Cirrus 2 D\u00e9froisseur \u00e0 main noir - dev6 Erresse\",\"isPartOf\":{\"@id\":\"https:\/\/dev6.erresse-shop.it\/#website\"},\"primaryImageOfPage\":{\"@id\":\"https:\/\/dev6.erresse-shop.it\/fr\/shop\/ameublement-maison\/planches-a-repasser\/steamery-cirrus-2-defroisseur-a-main-noir\/#primaryimage\"},\"image\":{\"@id\":\"https:\/\/dev6.erresse-shop.it\/fr\/shop\/ameublement-maison\/planches-a-repasser\/steamery-cirrus-2-defroisseur-a-main-noir\/#primaryimage\"},\"thumbnailUrl\":\"https:\/\/i1.wp.com\/interpim.erresse-shop.it\/img-catalogo\/steamery\/steamery-cirrus-2-piroscafo-portatile-nero.jpg?ssl=1\",\"datePublished\":\"2026-04-12T07:27:39+00:00\",\"description\":\"Le d\u00e9froisseur portable Cirrus 2 \u2013 Black est une alternative durable et efficace au repassage et au lavage. Vos v\u00eatements seront d\u00e9froiss\u00e9s, lisses et\",\"breadcrumb\":{\"@id\":\"https:\/\/dev6.erresse-shop.it\/fr\/shop\/ameublement-maison\/planches-a-repasser\/steamery-cirrus-2-defroisseur-a-main-noir\/#breadcrumb\"},\"inLanguage\":\"fr-FR\",\"potentialAction\":[{\"@type\":\"ReadAction\",\"target\":[\"https:\/\/dev6.erresse-shop.it\/fr\/shop\/ameublement-maison\/planches-a-repasser\/steamery-cirrus-2-defroisseur-a-main-noir\/\"]}]},{\"@type\":\"ImageObject\",\"inLanguage\":\"fr-FR\",\"@id\":\"https:\/\/dev6.erresse-shop.it\/fr\/shop\/ameublement-maison\/planches-a-repasser\/steamery-cirrus-2-defroisseur-a-main-noir\/#primaryimage\",\"url\":\"https:\/\/i1.wp.com\/interpim.erresse-shop.it\/img-catalogo\/steamery\/steamery-cirrus-2-piroscafo-portatile-nero.jpg?ssl=1\",\"contentUrl\":\"https:\/\/i1.wp.com\/interpim.erresse-shop.it\/img-catalogo\/steamery\/steamery-cirrus-2-piroscafo-portatile-nero.jpg?ssl=1\"},{\"@type\":\"BreadcrumbList\",\"@id\":\"https:\/\/dev6.erresse-shop.it\/fr\/shop\/ameublement-maison\/planches-a-repasser\/steamery-cirrus-2-defroisseur-a-main-noir\/#breadcrumb\",\"itemListElement\":[{\"@type\":\"ListItem\",\"position\":1,\"name\":\"Home\",\"item\":\"https:\/\/dev6.erresse-shop.it\/\"},{\"@type\":\"ListItem\",\"position\":2,\"name\":\"Boutique\",\"item\":\"https:\/\/dev6.erresse-shop.it\/shop\/\"},{\"@type\":\"ListItem\",\"position\":3,\"name\":\"STEAMERY Cirrus 2 D\u00e9froisseur \u00e0 main noir\"}]},{\"@type\":\"WebSite\",\"@id\":\"https:\/\/dev6.erresse-shop.it\/#website\",\"url\":\"https:\/\/dev6.erresse-shop.it\/\",\"name\":\"Erresse Shop\",\"description\":\"\",\"publisher\":{\"@id\":\"https:\/\/dev6.erresse-shop.it\/#organization\"},\"potentialAction\":[{\"@type\":\"SearchAction\",\"target\":{\"@type\":\"EntryPoint\",\"urlTemplate\":\"https:\/\/dev6.erresse-shop.it\/?s={search_term_string}\"},\"query-input\":{\"@type\":\"PropertyValueSpecification\",\"valueRequired\":true,\"valueName\":\"search_term_string\"}}],\"inLanguage\":\"fr-FR\"},{\"@type\":\"Organization\",\"@id\":\"https:\/\/dev6.erresse-shop.it\/#organization\",\"name\":\"Erresse Shop\",\"url\":\"https:\/\/dev6.erresse-shop.it\/\",\"logo\":{\"@type\":\"ImageObject\",\"inLanguage\":\"fr-FR\",\"@id\":\"https:\/\/dev6.erresse-shop.it\/#\/schema\/logo\/image\/\",\"url\":\"https:\/\/dev6.erresse-shop.it\/wp-content\/uploads\/2025\/01\/LOGO-ERRESSE-CLASSICO.svg\",\"contentUrl\":\"https:\/\/dev6.erresse-shop.it\/wp-content\/uploads\/2025\/01\/LOGO-ERRESSE-CLASSICO.svg\",\"caption\":\"Erresse Shop\"},\"image\":{\"@id\":\"https:\/\/dev6.erresse-shop.it\/#\/schema\/logo\/image\/\"}}]}<\/script>\n<!-- \/ Yoast SEO plugin. -->","yoast_head_json":{"title":"STEAMERY Cirrus 2 D\u00e9froisseur \u00e0 main noir - dev6 Erresse","description":"Le d\u00e9froisseur portable Cirrus 2 \u2013 Black est une alternative durable et efficace au repassage et au lavage. Vos v\u00eatements seront d\u00e9froiss\u00e9s, lisses et","robots":{"index":"noindex","follow":"follow","max-snippet":"max-snippet:-1","max-image-preview":"max-image-preview:large","max-video-preview":"max-video-preview:-1"},"og_locale":"fr_FR","og_type":"article","og_title":"STEAMERY Cirrus 2 D\u00e9froisseur \u00e0 main noir - dev6 Erresse","og_description":"Le d\u00e9froisseur portable Cirrus 2 \u2013 Black est une alternative durable et efficace au repassage et au lavage. Vos v\u00eatements seront d\u00e9froiss\u00e9s, lisses et","og_url":"https:\/\/dev6.erresse-shop.it\/fr\/shop\/ameublement-maison\/planches-a-repasser\/steamery-cirrus-2-defroisseur-a-main-noir\/","og_site_name":"dev6 Erresse","og_image":[{"url":"https:\/\/interpim.erresse-shop.it\/img-catalogo\/steamery\/steamery-cirrus-2-piroscafo-portatile-nero.jpg","type":"","width":"","height":""},{"url":"https:\/\/interpim.erresse-shop.it\/img-catalogo\/steamery\/steamery-cirrus-2-piroscafo-portatile-nero.jpg","width":1024,"height":1024,"type":"image\/jpeg"}],"twitter_card":"summary_large_image","twitter_image":"https:\/\/interpim.erresse-shop.it\/img-catalogo\/steamery\/steamery-cirrus-2-piroscafo-portatile-nero.jpg","schema":{"@context":"https:\/\/schema.org","@graph":[{"@type":"WebPage","@id":"https:\/\/dev6.erresse-shop.it\/fr\/shop\/ameublement-maison\/planches-a-repasser\/steamery-cirrus-2-defroisseur-a-main-noir\/","url":"https:\/\/dev6.erresse-shop.it\/fr\/shop\/ameublement-maison\/planches-a-repasser\/steamery-cirrus-2-defroisseur-a-main-noir\/","name":"STEAMERY Cirrus 2 D\u00e9froisseur \u00e0 main noir - dev6 Erresse","isPartOf":{"@id":"https:\/\/dev6.erresse-shop.it\/#website"},"primaryImageOfPage":{"@id":"https:\/\/dev6.erresse-shop.it\/fr\/shop\/ameublement-maison\/planches-a-repasser\/steamery-cirrus-2-defroisseur-a-main-noir\/#primaryimage"},"image":{"@id":"https:\/\/dev6.erresse-shop.it\/fr\/shop\/ameublement-maison\/planches-a-repasser\/steamery-cirrus-2-defroisseur-a-main-noir\/#primaryimage"},"thumbnailUrl":"https:\/\/i1.wp.com\/interpim.erresse-shop.it\/img-catalogo\/steamery\/steamery-cirrus-2-piroscafo-portatile-nero.jpg?ssl=1","datePublished":"2026-04-12T07:27:39+00:00","description":"Le d\u00e9froisseur portable Cirrus 2 \u2013 Black est une alternative durable et efficace au repassage et au lavage. Vos v\u00eatements seront d\u00e9froiss\u00e9s, lisses et","breadcrumb":{"@id":"https:\/\/dev6.erresse-shop.it\/fr\/shop\/ameublement-maison\/planches-a-repasser\/steamery-cirrus-2-defroisseur-a-main-noir\/#breadcrumb"},"inLanguage":"fr-FR","potentialAction":[{"@type":"ReadAction","target":["https:\/\/dev6.erresse-shop.it\/fr\/shop\/ameublement-maison\/planches-a-repasser\/steamery-cirrus-2-defroisseur-a-main-noir\/"]}]},{"@type":"ImageObject","inLanguage":"fr-FR","@id":"https:\/\/dev6.erresse-shop.it\/fr\/shop\/ameublement-maison\/planches-a-repasser\/steamery-cirrus-2-defroisseur-a-main-noir\/#primaryimage","url":"https:\/\/i1.wp.com\/interpim.erresse-shop.it\/img-catalogo\/steamery\/steamery-cirrus-2-piroscafo-portatile-nero.jpg?ssl=1","contentUrl":"https:\/\/i1.wp.com\/interpim.erresse-shop.it\/img-catalogo\/steamery\/steamery-cirrus-2-piroscafo-portatile-nero.jpg?ssl=1"},{"@type":"BreadcrumbList","@id":"https:\/\/dev6.erresse-shop.it\/fr\/shop\/ameublement-maison\/planches-a-repasser\/steamery-cirrus-2-defroisseur-a-main-noir\/#breadcrumb","itemListElement":[{"@type":"ListItem","position":1,"name":"Home","item":"https:\/\/dev6.erresse-shop.it\/"},{"@type":"ListItem","position":2,"name":"Boutique","item":"https:\/\/dev6.erresse-shop.it\/shop\/"},{"@type":"ListItem","position":3,"name":"STEAMERY Cirrus 2 D\u00e9froisseur \u00e0 main noir"}]},{"@type":"WebSite","@id":"https:\/\/dev6.erresse-shop.it\/#website","url":"https:\/\/dev6.erresse-shop.it\/","name":"Erresse Shop","description":"","publisher":{"@id":"https:\/\/dev6.erresse-shop.it\/#organization"},"potentialAction":[{"@type":"SearchAction","target":{"@type":"EntryPoint","urlTemplate":"https:\/\/dev6.erresse-shop.it\/?s={search_term_string}"},"query-input":{"@type":"PropertyValueSpecification","valueRequired":true,"valueName":"search_term_string"}}],"inLanguage":"fr-FR"},{"@type":"Organization","@id":"https:\/\/dev6.erresse-shop.it\/#organization","name":"Erresse Shop","url":"https:\/\/dev6.erresse-shop.it\/","logo":{"@type":"ImageObject","inLanguage":"fr-FR","@id":"https:\/\/dev6.erresse-shop.it\/#\/schema\/logo\/image\/","url":"https:\/\/dev6.erresse-shop.it\/wp-content\/uploads\/2025\/01\/LOGO-ERRESSE-CLASSICO.svg","contentUrl":"https:\/\/dev6.erresse-shop.it\/wp-content\/uploads\/2025\/01\/LOGO-ERRESSE-CLASSICO.svg","caption":"Erresse Shop"},"image":{"@id":"https:\/\/dev6.erresse-shop.it\/#\/schema\/logo\/image\/"}}]}},"df_price":119,"df_sale_price":119,"df_regular_price":130,"df_image_link":"https:\/\/i1.wp.com\/interpim.erresse-shop.it\/img-catalogo\/steamery\/steamery-cirrus-2-piroscafo-portatile-nero.jpg?resize=300,300&ssl=1","fifu_image_url":"https:\/\/interpim.erresse-shop.it\/img-catalogo\/steamery\/steamery-cirrus-2-piroscafo-portatile-nero.jpg","_links":{"self":[{"href":"https:\/\/dev6.erresse-shop.it\/fr\/wp-json\/wp\/v2\/product\/61109","targetHints":{"allow":["GET"]}}],"collection":[{"href":"https:\/\/dev6.erresse-shop.it\/fr\/wp-json\/wp\/v2\/product"}],"about":[{"href":"https:\/\/dev6.erresse-shop.it\/fr\/wp-json\/wp\/v2\/types\/product"}],"wp:featuredmedia":[{"embeddable":true,"href":"https:\/\/dev6.erresse-shop.it\/fr\/wp-json\/wp\/v2\/media\/6360619"}],"wp:attachment":[{"href":"https:\/\/dev6.erresse-shop.it\/fr\/wp-json\/wp\/v2\/media?parent=61109"}],"wp:term":[{"taxonomy":"product_cat","embeddable":true,"href":"https:\/\/dev6.erresse-shop.it\/fr\/wp-json\/wp\/v2\/product_cat?post=61109"},{"taxonomy":"product_tag","embeddable":true,"href":"https:\/\/dev6.erresse-shop.it\/fr\/wp-json\/wp\/v2\/product_tag?post=61109"}],"curies":[{"name":"wp","href":"https:\/\/api.w.org\/{rel}","templated":true}]}}