{"id":61107,"date":"2026-04-12T09:27:39","date_gmt":"2026-04-12T07:27:39","guid":{"rendered":"https:\/\/dev6.erresse-shop.it\/shop\/non%20class\u00e9\/villeroy-boch-paradise-gateau-danniversaire\/"},"modified":"2025-07-04T16:50:07","modified_gmt":"2025-07-04T14:50:07","slug":"villeroy-boch-paradise-gateau-danniversaire","status":"publish","type":"product","link":"https:\/\/dev6.erresse-shop.it\/fr\/shop\/table-fr-2\/presentoirs-a-gateau\/villeroy-boch-paradise-gateau-danniversaire\/","title":{"rendered":"VILLEROY &#038; BOCH Paradise G\u00e2teau d&#8217;Anniversaire"},"content":{"rendered":"<p>Le g\u00e2teau d\u2019anniversaire sp\u00e9cial pour toutes les g\u00e9n\u00e9rations<br \/>\nStyle classique et moderne r\u00e9unis dans un m\u00eame design : pour le 275e anniversaire, la collection Paradiso s\u2019inspire de la tradition de 275 ans de Villeroy &amp; Boch et la transpose dans le pr\u00e9sent. Des d\u00e9corations historiques en taille-douce rehauss\u00e9es par des \u00e9l\u00e9ments graphiques modernes et un orange intense, donnant vie \u00e0 un nouveau langage de design contemporain. Avec le g\u00e2teau d\u2019anniversaire, Villeroy &amp; Boch reprend l\u2019id\u00e9e d\u2019un g\u00e2teau d\u2019anniversaire classique mais le r\u00e9interpr\u00e8te d\u2019une mani\u00e8re totalement nouvelle. Quatre pi\u00e8ces de vaisselle empil\u00e9es les unes sur les autres cr\u00e9ent la forme d\u2019un g\u00e2teau, qui, compl\u00e9t\u00e9 par une bougie sur le dessus, cr\u00e9era des accents festifs sur toute table pr\u00eate \u00e0 c\u00e9l\u00e9brer un anniversaire. Le g\u00e2teau d\u2019anniversaire se compose d\u2019une assiette et de deux bols de tailles diff\u00e9rentes et combine fonctionnalit\u00e9 et design avec la plus grande beaut\u00e9. Cr\u00e9ez des traditions d\u2019anniversaire inoubliables \u2013 avec le g\u00e2teau d\u2019anniversaire de Villeroy &amp; Boch.<\/p>\n<p>Mat\u00e9riau : porcelaine de qualit\u00e9 sup\u00e9rieure<br \/>\nDiam\u00e8tre : 216\u00a0mm<br \/>\nLavable au lave-vaisselle : oui<br \/>\nConvient au micro-ondes : oui<\/p>\n","protected":false},"excerpt":{"rendered":"<p>Le g\u00e2teau d\u2019anniversaire sp\u00e9cial pour toutes les g\u00e9n\u00e9rations Style classique et moderne r\u00e9unis dans un m\u00eame design : pour le 275e anniversaire, la collection Paradiso s\u2019inspire de la tradition de 275 ans de Villeroy &amp; Boch et la transpose dans le pr\u00e9sent. Des d\u00e9corations historiques en taille-douce rehauss\u00e9es par des \u00e9l\u00e9ments graphiques modernes et un [&hellip;]<\/p>\n","protected":false},"featured_media":6360609,"template":"","meta":{"_acf_changed":false},"product_cat":[12017,11995,11671],"product_tag":[],"class_list":{"0":"post-61107","1":"product","2":"type-product","3":"status-publish","4":"has-post-thumbnail","6":"product_cat-presentoirs-a-gateau","7":"product_cat-table-fr-2","8":"product_cat-tavola","10":"first","11":"outofstock","12":"sale","13":"taxable","14":"shipping-taxable","15":"purchasable","16":"product-type-simple","swatches":"rey-swatches","show_selected":"","stretch_labels":"rey-swatches--stretch-labels"},"acf":[],"yoast_head":"<!-- This site is optimized with the Yoast SEO plugin v25.4 - https:\/\/yoast.com\/wordpress\/plugins\/seo\/ -->\n<title>VILLEROY &#038; BOCH Paradise G\u00e2teau d&#8217;Anniversaire - dev6 Erresse<\/title>\n<meta name=\"description\" content=\"Le g\u00e2teau d\u2019anniversaire sp\u00e9cial pour toutes les g\u00e9n\u00e9rations Style classique et moderne r\u00e9unis dans un m\u00eame design : pour le 275e anniversaire, la\" \/>\n<meta name=\"robots\" content=\"noindex, follow, max-snippet:-1, max-image-preview:large, max-video-preview:-1\" \/>\n<meta property=\"og:locale\" content=\"fr_FR\" \/>\n<meta property=\"og:type\" content=\"article\" \/>\n<meta property=\"og:title\" content=\"VILLEROY &#038; BOCH Paradise G\u00e2teau d&#8217;Anniversaire - dev6 Erresse\" \/>\n<meta property=\"og:description\" content=\"Le g\u00e2teau d\u2019anniversaire sp\u00e9cial pour toutes les g\u00e9n\u00e9rations Style classique et moderne r\u00e9unis dans un m\u00eame design : pour le 275e anniversaire, la\" \/>\n<meta property=\"og:url\" content=\"https:\/\/dev6.erresse-shop.it\/fr\/shop\/table-fr-2\/presentoirs-a-gateau\/villeroy-boch-paradise-gateau-danniversaire\/\" \/>\n<meta property=\"og:site_name\" content=\"dev6 Erresse\" \/>\n<meta property=\"og:image\" content=\"https:\/\/interpim.erresse-shop.it\/img-catalogo\/villeroy\/villeroy-boch-torta-compleanno-paradiso.jpg\" \/><meta property=\"og:image\" content=\"https:\/\/interpim.erresse-shop.it\/img-catalogo\/villeroy\/villeroy-boch-torta-compleanno-paradiso.jpg\" \/>\n\t<meta property=\"og:image:width\" content=\"1024\" \/>\n\t<meta property=\"og:image:height\" content=\"1024\" \/>\n\t<meta property=\"og:image:type\" content=\"image\/jpeg\" \/>\n<meta name=\"twitter:card\" content=\"summary_large_image\" \/>\n<meta name=\"twitter:image\" content=\"https:\/\/interpim.erresse-shop.it\/img-catalogo\/villeroy\/villeroy-boch-torta-compleanno-paradiso.jpg\" \/>\n<script type=\"application\/ld+json\" class=\"yoast-schema-graph\">{\"@context\":\"https:\/\/schema.org\",\"@graph\":[{\"@type\":\"WebPage\",\"@id\":\"https:\/\/dev6.erresse-shop.it\/fr\/shop\/table-fr-2\/presentoirs-a-gateau\/villeroy-boch-paradise-gateau-danniversaire\/\",\"url\":\"https:\/\/dev6.erresse-shop.it\/fr\/shop\/table-fr-2\/presentoirs-a-gateau\/villeroy-boch-paradise-gateau-danniversaire\/\",\"name\":\"VILLEROY &#038; BOCH Paradise G\u00e2teau d&#8217;Anniversaire - dev6 Erresse\",\"isPartOf\":{\"@id\":\"https:\/\/dev6.erresse-shop.it\/#website\"},\"primaryImageOfPage\":{\"@id\":\"https:\/\/dev6.erresse-shop.it\/fr\/shop\/table-fr-2\/presentoirs-a-gateau\/villeroy-boch-paradise-gateau-danniversaire\/#primaryimage\"},\"image\":{\"@id\":\"https:\/\/dev6.erresse-shop.it\/fr\/shop\/table-fr-2\/presentoirs-a-gateau\/villeroy-boch-paradise-gateau-danniversaire\/#primaryimage\"},\"thumbnailUrl\":\"https:\/\/i3.wp.com\/interpim.erresse-shop.it\/img-catalogo\/villeroy\/villeroy-boch-torta-compleanno-paradiso.jpg?ssl=1\",\"datePublished\":\"2026-04-12T07:27:39+00:00\",\"description\":\"Le g\u00e2teau d\u2019anniversaire sp\u00e9cial pour toutes les g\u00e9n\u00e9rations Style classique et moderne r\u00e9unis dans un m\u00eame design : pour le 275e anniversaire, la\",\"breadcrumb\":{\"@id\":\"https:\/\/dev6.erresse-shop.it\/fr\/shop\/table-fr-2\/presentoirs-a-gateau\/villeroy-boch-paradise-gateau-danniversaire\/#breadcrumb\"},\"inLanguage\":\"fr-FR\",\"potentialAction\":[{\"@type\":\"ReadAction\",\"target\":[\"https:\/\/dev6.erresse-shop.it\/fr\/shop\/table-fr-2\/presentoirs-a-gateau\/villeroy-boch-paradise-gateau-danniversaire\/\"]}]},{\"@type\":\"ImageObject\",\"inLanguage\":\"fr-FR\",\"@id\":\"https:\/\/dev6.erresse-shop.it\/fr\/shop\/table-fr-2\/presentoirs-a-gateau\/villeroy-boch-paradise-gateau-danniversaire\/#primaryimage\",\"url\":\"https:\/\/i3.wp.com\/interpim.erresse-shop.it\/img-catalogo\/villeroy\/villeroy-boch-torta-compleanno-paradiso.jpg?ssl=1\",\"contentUrl\":\"https:\/\/i3.wp.com\/interpim.erresse-shop.it\/img-catalogo\/villeroy\/villeroy-boch-torta-compleanno-paradiso.jpg?ssl=1\"},{\"@type\":\"BreadcrumbList\",\"@id\":\"https:\/\/dev6.erresse-shop.it\/fr\/shop\/table-fr-2\/presentoirs-a-gateau\/villeroy-boch-paradise-gateau-danniversaire\/#breadcrumb\",\"itemListElement\":[{\"@type\":\"ListItem\",\"position\":1,\"name\":\"Home\",\"item\":\"https:\/\/dev6.erresse-shop.it\/\"},{\"@type\":\"ListItem\",\"position\":2,\"name\":\"Boutique\",\"item\":\"https:\/\/dev6.erresse-shop.it\/shop\/\"},{\"@type\":\"ListItem\",\"position\":3,\"name\":\"VILLEROY &#038; BOCH Paradise G\u00e2teau d&#8217;Anniversaire\"}]},{\"@type\":\"WebSite\",\"@id\":\"https:\/\/dev6.erresse-shop.it\/#website\",\"url\":\"https:\/\/dev6.erresse-shop.it\/\",\"name\":\"Erresse Shop\",\"description\":\"\",\"publisher\":{\"@id\":\"https:\/\/dev6.erresse-shop.it\/#organization\"},\"potentialAction\":[{\"@type\":\"SearchAction\",\"target\":{\"@type\":\"EntryPoint\",\"urlTemplate\":\"https:\/\/dev6.erresse-shop.it\/?s={search_term_string}\"},\"query-input\":{\"@type\":\"PropertyValueSpecification\",\"valueRequired\":true,\"valueName\":\"search_term_string\"}}],\"inLanguage\":\"fr-FR\"},{\"@type\":\"Organization\",\"@id\":\"https:\/\/dev6.erresse-shop.it\/#organization\",\"name\":\"Erresse Shop\",\"url\":\"https:\/\/dev6.erresse-shop.it\/\",\"logo\":{\"@type\":\"ImageObject\",\"inLanguage\":\"fr-FR\",\"@id\":\"https:\/\/dev6.erresse-shop.it\/#\/schema\/logo\/image\/\",\"url\":\"https:\/\/dev6.erresse-shop.it\/wp-content\/uploads\/2025\/01\/LOGO-ERRESSE-CLASSICO.svg\",\"contentUrl\":\"https:\/\/dev6.erresse-shop.it\/wp-content\/uploads\/2025\/01\/LOGO-ERRESSE-CLASSICO.svg\",\"caption\":\"Erresse Shop\"},\"image\":{\"@id\":\"https:\/\/dev6.erresse-shop.it\/#\/schema\/logo\/image\/\"}}]}<\/script>\n<!-- \/ Yoast SEO plugin. -->","yoast_head_json":{"title":"VILLEROY &#038; BOCH Paradise G\u00e2teau d&#8217;Anniversaire - dev6 Erresse","description":"Le g\u00e2teau d\u2019anniversaire sp\u00e9cial pour toutes les g\u00e9n\u00e9rations Style classique et moderne r\u00e9unis dans un m\u00eame design : pour le 275e anniversaire, la","robots":{"index":"noindex","follow":"follow","max-snippet":"max-snippet:-1","max-image-preview":"max-image-preview:large","max-video-preview":"max-video-preview:-1"},"og_locale":"fr_FR","og_type":"article","og_title":"VILLEROY &#038; BOCH Paradise G\u00e2teau d&#8217;Anniversaire - dev6 Erresse","og_description":"Le g\u00e2teau d\u2019anniversaire sp\u00e9cial pour toutes les g\u00e9n\u00e9rations Style classique et moderne r\u00e9unis dans un m\u00eame design : pour le 275e anniversaire, la","og_url":"https:\/\/dev6.erresse-shop.it\/fr\/shop\/table-fr-2\/presentoirs-a-gateau\/villeroy-boch-paradise-gateau-danniversaire\/","og_site_name":"dev6 Erresse","og_image":[{"url":"https:\/\/interpim.erresse-shop.it\/img-catalogo\/villeroy\/villeroy-boch-torta-compleanno-paradiso.jpg","type":"","width":"","height":""},{"url":"https:\/\/interpim.erresse-shop.it\/img-catalogo\/villeroy\/villeroy-boch-torta-compleanno-paradiso.jpg","width":1024,"height":1024,"type":"image\/jpeg"}],"twitter_card":"summary_large_image","twitter_image":"https:\/\/interpim.erresse-shop.it\/img-catalogo\/villeroy\/villeroy-boch-torta-compleanno-paradiso.jpg","schema":{"@context":"https:\/\/schema.org","@graph":[{"@type":"WebPage","@id":"https:\/\/dev6.erresse-shop.it\/fr\/shop\/table-fr-2\/presentoirs-a-gateau\/villeroy-boch-paradise-gateau-danniversaire\/","url":"https:\/\/dev6.erresse-shop.it\/fr\/shop\/table-fr-2\/presentoirs-a-gateau\/villeroy-boch-paradise-gateau-danniversaire\/","name":"VILLEROY &#038; BOCH Paradise G\u00e2teau d&#8217;Anniversaire - dev6 Erresse","isPartOf":{"@id":"https:\/\/dev6.erresse-shop.it\/#website"},"primaryImageOfPage":{"@id":"https:\/\/dev6.erresse-shop.it\/fr\/shop\/table-fr-2\/presentoirs-a-gateau\/villeroy-boch-paradise-gateau-danniversaire\/#primaryimage"},"image":{"@id":"https:\/\/dev6.erresse-shop.it\/fr\/shop\/table-fr-2\/presentoirs-a-gateau\/villeroy-boch-paradise-gateau-danniversaire\/#primaryimage"},"thumbnailUrl":"https:\/\/i3.wp.com\/interpim.erresse-shop.it\/img-catalogo\/villeroy\/villeroy-boch-torta-compleanno-paradiso.jpg?ssl=1","datePublished":"2026-04-12T07:27:39+00:00","description":"Le g\u00e2teau d\u2019anniversaire sp\u00e9cial pour toutes les g\u00e9n\u00e9rations Style classique et moderne r\u00e9unis dans un m\u00eame design : pour le 275e anniversaire, la","breadcrumb":{"@id":"https:\/\/dev6.erresse-shop.it\/fr\/shop\/table-fr-2\/presentoirs-a-gateau\/villeroy-boch-paradise-gateau-danniversaire\/#breadcrumb"},"inLanguage":"fr-FR","potentialAction":[{"@type":"ReadAction","target":["https:\/\/dev6.erresse-shop.it\/fr\/shop\/table-fr-2\/presentoirs-a-gateau\/villeroy-boch-paradise-gateau-danniversaire\/"]}]},{"@type":"ImageObject","inLanguage":"fr-FR","@id":"https:\/\/dev6.erresse-shop.it\/fr\/shop\/table-fr-2\/presentoirs-a-gateau\/villeroy-boch-paradise-gateau-danniversaire\/#primaryimage","url":"https:\/\/i3.wp.com\/interpim.erresse-shop.it\/img-catalogo\/villeroy\/villeroy-boch-torta-compleanno-paradiso.jpg?ssl=1","contentUrl":"https:\/\/i3.wp.com\/interpim.erresse-shop.it\/img-catalogo\/villeroy\/villeroy-boch-torta-compleanno-paradiso.jpg?ssl=1"},{"@type":"BreadcrumbList","@id":"https:\/\/dev6.erresse-shop.it\/fr\/shop\/table-fr-2\/presentoirs-a-gateau\/villeroy-boch-paradise-gateau-danniversaire\/#breadcrumb","itemListElement":[{"@type":"ListItem","position":1,"name":"Home","item":"https:\/\/dev6.erresse-shop.it\/"},{"@type":"ListItem","position":2,"name":"Boutique","item":"https:\/\/dev6.erresse-shop.it\/shop\/"},{"@type":"ListItem","position":3,"name":"VILLEROY &#038; BOCH Paradise G\u00e2teau d&#8217;Anniversaire"}]},{"@type":"WebSite","@id":"https:\/\/dev6.erresse-shop.it\/#website","url":"https:\/\/dev6.erresse-shop.it\/","name":"Erresse Shop","description":"","publisher":{"@id":"https:\/\/dev6.erresse-shop.it\/#organization"},"potentialAction":[{"@type":"SearchAction","target":{"@type":"EntryPoint","urlTemplate":"https:\/\/dev6.erresse-shop.it\/?s={search_term_string}"},"query-input":{"@type":"PropertyValueSpecification","valueRequired":true,"valueName":"search_term_string"}}],"inLanguage":"fr-FR"},{"@type":"Organization","@id":"https:\/\/dev6.erresse-shop.it\/#organization","name":"Erresse Shop","url":"https:\/\/dev6.erresse-shop.it\/","logo":{"@type":"ImageObject","inLanguage":"fr-FR","@id":"https:\/\/dev6.erresse-shop.it\/#\/schema\/logo\/image\/","url":"https:\/\/dev6.erresse-shop.it\/wp-content\/uploads\/2025\/01\/LOGO-ERRESSE-CLASSICO.svg","contentUrl":"https:\/\/dev6.erresse-shop.it\/wp-content\/uploads\/2025\/01\/LOGO-ERRESSE-CLASSICO.svg","caption":"Erresse Shop"},"image":{"@id":"https:\/\/dev6.erresse-shop.it\/#\/schema\/logo\/image\/"}}]}},"df_price":119,"df_sale_price":119,"df_regular_price":149,"df_image_link":"https:\/\/i3.wp.com\/interpim.erresse-shop.it\/img-catalogo\/villeroy\/villeroy-boch-torta-compleanno-paradiso.jpg?resize=300,300&ssl=1","fifu_image_url":"https:\/\/interpim.erresse-shop.it\/img-catalogo\/villeroy\/villeroy-boch-torta-compleanno-paradiso.jpg","_links":{"self":[{"href":"https:\/\/dev6.erresse-shop.it\/fr\/wp-json\/wp\/v2\/product\/61107","targetHints":{"allow":["GET"]}}],"collection":[{"href":"https:\/\/dev6.erresse-shop.it\/fr\/wp-json\/wp\/v2\/product"}],"about":[{"href":"https:\/\/dev6.erresse-shop.it\/fr\/wp-json\/wp\/v2\/types\/product"}],"wp:featuredmedia":[{"embeddable":true,"href":"https:\/\/dev6.erresse-shop.it\/fr\/wp-json\/wp\/v2\/media\/6360609"}],"wp:attachment":[{"href":"https:\/\/dev6.erresse-shop.it\/fr\/wp-json\/wp\/v2\/media?parent=61107"}],"wp:term":[{"taxonomy":"product_cat","embeddable":true,"href":"https:\/\/dev6.erresse-shop.it\/fr\/wp-json\/wp\/v2\/product_cat?post=61107"},{"taxonomy":"product_tag","embeddable":true,"href":"https:\/\/dev6.erresse-shop.it\/fr\/wp-json\/wp\/v2\/product_tag?post=61107"}],"curies":[{"name":"wp","href":"https:\/\/api.w.org\/{rel}","templated":true}]}}