{"id":61059,"date":"2026-04-12T09:27:39","date_gmt":"2026-04-12T07:27:39","guid":{"rendered":"https:\/\/dev6.erresse-shop.it\/shop\/non%20class\u00e9\/g3-ferrari-pastaio-elegance\/"},"modified":"2025-07-04T16:50:04","modified_gmt":"2025-07-04T14:50:04","slug":"g3-ferrari-pastaio-elegance","status":"publish","type":"product","link":"https:\/\/dev6.erresse-shop.it\/fr\/shop\/petits-electromenagers\/petrins\/g3-ferrari-pastaio-elegance\/","title":{"rendered":"G3 FERRARI Pastaio Elegance"},"content":{"rendered":"<p>UN DESIGN ET DES PERFORMANCES DE POINTE, LE TOUT EN UN SEUL PRODUIT<br \/>\nPastaio Elegance est le batteur sur socle au design innovant et \u00e9l\u00e9gant, mais en m\u00eame temps solide et fiable gr\u00e2ce au bo\u00eetier et \u00e0 l\u2019engrenage en m\u00e9tal. La structure \u00e0 entra\u00eenement direct sans courroie permet de transf\u00e9rer toute la puissance du moteur au mouvement plan\u00e9taire, pour p\u00e9trir plus de p\u00e2te en moins de temps.<\/p>\n<p>\u00c9quip\u00e9 d\u2019un grand bol de 8 litres, d\u2019un \u00e9cran tactile intuitif avec 10 vitesses et d\u2019un minuteur, Pastaio Elegance est polyvalent et d\u2019une grande utilit\u00e9 \u00e0 la maison : il garantit d\u2019excellents r\u00e9sultats avec tous ses accessoires : le crochet pour le p\u00e9trissage, l\u2019accessoire de mixage pour les p\u00e2tes molles et le batteur pour le fouettage.<\/p>\n<p>Caract\u00e9ristiques techniques<br \/>\n\u2013 Puissance : 1800W (2300W Max)<br \/>\n\u2013 \u00c9cran tactile<br \/>\n\u2013 10 vitesses et minuterie<br \/>\n\u2013 Force directe : entra\u00eenement direct du moteur, pour une efficacit\u00e9 et une fiabilit\u00e9 maximales<br \/>\n\u2013 Bol en acier inoxydable de 8 litres avec couvercle<br \/>\n\u2013 Peut travailler jusqu\u2019\u00e0 3,5 kg d\u2019ingr\u00e9dients<br \/>\n\u2013 Bo\u00eetier m\u00e9tallique<br \/>\n\u2013 Pieds antid\u00e9rapants et interrupteur de s\u00e9curit\u00e9<br \/>\n\u2013 Accessoires : crochet pour p\u00e9trir et m\u00e9langeur pour p\u00e2te molle en aluminium, batteur en acier inoxydable, couvercle en plastique transparent<br \/>\n\u2013 Alimentation \u00e9lectrique : AC 220-240V ~ 50-60Hz<\/p>\n","protected":false},"excerpt":{"rendered":"<p>UN DESIGN ET DES PERFORMANCES DE POINTE, LE TOUT EN UN SEUL PRODUIT Pastaio Elegance est le batteur sur socle au design innovant et \u00e9l\u00e9gant, mais en m\u00eame temps solide et fiable gr\u00e2ce au bo\u00eetier et \u00e0 l\u2019engrenage en m\u00e9tal. La structure \u00e0 entra\u00eenement direct sans courroie permet de transf\u00e9rer toute la puissance du moteur [&hellip;]<\/p>\n","protected":false},"featured_media":6360583,"template":"","meta":{"_acf_changed":false},"product_cat":[12055,12088],"product_tag":[],"class_list":{"0":"post-61059","1":"product","2":"type-product","3":"status-publish","4":"has-post-thumbnail","6":"product_cat-petits-electromenagers","7":"product_cat-petrins","9":"first","10":"outofstock","11":"taxable","12":"shipping-taxable","13":"product-type-simple","swatches":"rey-swatches","show_selected":"","stretch_labels":"rey-swatches--stretch-labels"},"acf":[],"yoast_head":"<!-- This site is optimized with the Yoast SEO plugin v25.4 - https:\/\/yoast.com\/wordpress\/plugins\/seo\/ -->\n<title>G3 FERRARI Pastaio Elegance - dev6 Erresse<\/title>\n<meta name=\"description\" content=\"UN DESIGN ET DES PERFORMANCES DE POINTE, LE TOUT EN UN SEUL PRODUIT Pastaio Elegance est le batteur sur socle au design innovant et \u00e9l\u00e9gant, mais en m\u00eame\" \/>\n<meta name=\"robots\" content=\"noindex, follow, max-snippet:-1, max-image-preview:large, max-video-preview:-1\" \/>\n<meta property=\"og:locale\" content=\"fr_FR\" \/>\n<meta property=\"og:type\" content=\"article\" \/>\n<meta property=\"og:title\" content=\"G3 FERRARI Pastaio Elegance - dev6 Erresse\" \/>\n<meta property=\"og:description\" content=\"UN DESIGN ET DES PERFORMANCES DE POINTE, LE TOUT EN UN SEUL PRODUIT Pastaio Elegance est le batteur sur socle au design innovant et \u00e9l\u00e9gant, mais en m\u00eame\" \/>\n<meta property=\"og:url\" content=\"https:\/\/dev6.erresse-shop.it\/fr\/shop\/petits-electromenagers\/petrins\/g3-ferrari-pastaio-elegance\/\" \/>\n<meta property=\"og:site_name\" content=\"dev6 Erresse\" \/>\n<meta property=\"og:image\" content=\"https:\/\/interpim.erresse-shop.it\/Import\/Prodotti\/g3-ferrari-pastaio-elegance.jpg\" \/><meta property=\"og:image\" content=\"https:\/\/interpim.erresse-shop.it\/Import\/Prodotti\/g3-ferrari-pastaio-elegance.jpg\" \/>\n\t<meta property=\"og:image:width\" content=\"1024\" \/>\n\t<meta property=\"og:image:height\" content=\"1024\" \/>\n\t<meta property=\"og:image:type\" content=\"image\/jpeg\" \/>\n<meta name=\"twitter:card\" content=\"summary_large_image\" \/>\n<meta name=\"twitter:image\" content=\"https:\/\/interpim.erresse-shop.it\/Import\/Prodotti\/g3-ferrari-pastaio-elegance.jpg\" \/>\n<script type=\"application\/ld+json\" class=\"yoast-schema-graph\">{\"@context\":\"https:\/\/schema.org\",\"@graph\":[{\"@type\":\"WebPage\",\"@id\":\"https:\/\/dev6.erresse-shop.it\/fr\/shop\/petits-electromenagers\/petrins\/g3-ferrari-pastaio-elegance\/\",\"url\":\"https:\/\/dev6.erresse-shop.it\/fr\/shop\/petits-electromenagers\/petrins\/g3-ferrari-pastaio-elegance\/\",\"name\":\"G3 FERRARI Pastaio Elegance - dev6 Erresse\",\"isPartOf\":{\"@id\":\"https:\/\/dev6.erresse-shop.it\/#website\"},\"primaryImageOfPage\":{\"@id\":\"https:\/\/dev6.erresse-shop.it\/fr\/shop\/petits-electromenagers\/petrins\/g3-ferrari-pastaio-elegance\/#primaryimage\"},\"image\":{\"@id\":\"https:\/\/dev6.erresse-shop.it\/fr\/shop\/petits-electromenagers\/petrins\/g3-ferrari-pastaio-elegance\/#primaryimage\"},\"thumbnailUrl\":\"https:\/\/i0.wp.com\/interpim.erresse-shop.it\/Import\/Prodotti\/g3-ferrari-pastaio-elegance.jpg?ssl=1\",\"datePublished\":\"2026-04-12T07:27:39+00:00\",\"description\":\"UN DESIGN ET DES PERFORMANCES DE POINTE, LE TOUT EN UN SEUL PRODUIT Pastaio Elegance est le batteur sur socle au design innovant et \u00e9l\u00e9gant, mais en m\u00eame\",\"breadcrumb\":{\"@id\":\"https:\/\/dev6.erresse-shop.it\/fr\/shop\/petits-electromenagers\/petrins\/g3-ferrari-pastaio-elegance\/#breadcrumb\"},\"inLanguage\":\"fr-FR\",\"potentialAction\":[{\"@type\":\"ReadAction\",\"target\":[\"https:\/\/dev6.erresse-shop.it\/fr\/shop\/petits-electromenagers\/petrins\/g3-ferrari-pastaio-elegance\/\"]}]},{\"@type\":\"ImageObject\",\"inLanguage\":\"fr-FR\",\"@id\":\"https:\/\/dev6.erresse-shop.it\/fr\/shop\/petits-electromenagers\/petrins\/g3-ferrari-pastaio-elegance\/#primaryimage\",\"url\":\"https:\/\/i0.wp.com\/interpim.erresse-shop.it\/Import\/Prodotti\/g3-ferrari-pastaio-elegance.jpg?ssl=1\",\"contentUrl\":\"https:\/\/i0.wp.com\/interpim.erresse-shop.it\/Import\/Prodotti\/g3-ferrari-pastaio-elegance.jpg?ssl=1\"},{\"@type\":\"BreadcrumbList\",\"@id\":\"https:\/\/dev6.erresse-shop.it\/fr\/shop\/petits-electromenagers\/petrins\/g3-ferrari-pastaio-elegance\/#breadcrumb\",\"itemListElement\":[{\"@type\":\"ListItem\",\"position\":1,\"name\":\"Home\",\"item\":\"https:\/\/dev6.erresse-shop.it\/\"},{\"@type\":\"ListItem\",\"position\":2,\"name\":\"Boutique\",\"item\":\"https:\/\/dev6.erresse-shop.it\/shop\/\"},{\"@type\":\"ListItem\",\"position\":3,\"name\":\"G3 FERRARI Pastaio Elegance\"}]},{\"@type\":\"WebSite\",\"@id\":\"https:\/\/dev6.erresse-shop.it\/#website\",\"url\":\"https:\/\/dev6.erresse-shop.it\/\",\"name\":\"Erresse Shop\",\"description\":\"\",\"publisher\":{\"@id\":\"https:\/\/dev6.erresse-shop.it\/#organization\"},\"potentialAction\":[{\"@type\":\"SearchAction\",\"target\":{\"@type\":\"EntryPoint\",\"urlTemplate\":\"https:\/\/dev6.erresse-shop.it\/?s={search_term_string}\"},\"query-input\":{\"@type\":\"PropertyValueSpecification\",\"valueRequired\":true,\"valueName\":\"search_term_string\"}}],\"inLanguage\":\"fr-FR\"},{\"@type\":\"Organization\",\"@id\":\"https:\/\/dev6.erresse-shop.it\/#organization\",\"name\":\"Erresse Shop\",\"url\":\"https:\/\/dev6.erresse-shop.it\/\",\"logo\":{\"@type\":\"ImageObject\",\"inLanguage\":\"fr-FR\",\"@id\":\"https:\/\/dev6.erresse-shop.it\/#\/schema\/logo\/image\/\",\"url\":\"https:\/\/dev6.erresse-shop.it\/wp-content\/uploads\/2025\/01\/LOGO-ERRESSE-CLASSICO.svg\",\"contentUrl\":\"https:\/\/dev6.erresse-shop.it\/wp-content\/uploads\/2025\/01\/LOGO-ERRESSE-CLASSICO.svg\",\"caption\":\"Erresse Shop\"},\"image\":{\"@id\":\"https:\/\/dev6.erresse-shop.it\/#\/schema\/logo\/image\/\"}}]}<\/script>\n<!-- \/ Yoast SEO plugin. -->","yoast_head_json":{"title":"G3 FERRARI Pastaio Elegance - dev6 Erresse","description":"UN DESIGN ET DES PERFORMANCES DE POINTE, LE TOUT EN UN SEUL PRODUIT Pastaio Elegance est le batteur sur socle au design innovant et \u00e9l\u00e9gant, mais en m\u00eame","robots":{"index":"noindex","follow":"follow","max-snippet":"max-snippet:-1","max-image-preview":"max-image-preview:large","max-video-preview":"max-video-preview:-1"},"og_locale":"fr_FR","og_type":"article","og_title":"G3 FERRARI Pastaio Elegance - dev6 Erresse","og_description":"UN DESIGN ET DES PERFORMANCES DE POINTE, LE TOUT EN UN SEUL PRODUIT Pastaio Elegance est le batteur sur socle au design innovant et \u00e9l\u00e9gant, mais en m\u00eame","og_url":"https:\/\/dev6.erresse-shop.it\/fr\/shop\/petits-electromenagers\/petrins\/g3-ferrari-pastaio-elegance\/","og_site_name":"dev6 Erresse","og_image":[{"url":"https:\/\/interpim.erresse-shop.it\/Import\/Prodotti\/g3-ferrari-pastaio-elegance.jpg","type":"","width":"","height":""},{"url":"https:\/\/interpim.erresse-shop.it\/Import\/Prodotti\/g3-ferrari-pastaio-elegance.jpg","width":1024,"height":1024,"type":"image\/jpeg"}],"twitter_card":"summary_large_image","twitter_image":"https:\/\/interpim.erresse-shop.it\/Import\/Prodotti\/g3-ferrari-pastaio-elegance.jpg","schema":{"@context":"https:\/\/schema.org","@graph":[{"@type":"WebPage","@id":"https:\/\/dev6.erresse-shop.it\/fr\/shop\/petits-electromenagers\/petrins\/g3-ferrari-pastaio-elegance\/","url":"https:\/\/dev6.erresse-shop.it\/fr\/shop\/petits-electromenagers\/petrins\/g3-ferrari-pastaio-elegance\/","name":"G3 FERRARI Pastaio Elegance - dev6 Erresse","isPartOf":{"@id":"https:\/\/dev6.erresse-shop.it\/#website"},"primaryImageOfPage":{"@id":"https:\/\/dev6.erresse-shop.it\/fr\/shop\/petits-electromenagers\/petrins\/g3-ferrari-pastaio-elegance\/#primaryimage"},"image":{"@id":"https:\/\/dev6.erresse-shop.it\/fr\/shop\/petits-electromenagers\/petrins\/g3-ferrari-pastaio-elegance\/#primaryimage"},"thumbnailUrl":"https:\/\/i0.wp.com\/interpim.erresse-shop.it\/Import\/Prodotti\/g3-ferrari-pastaio-elegance.jpg?ssl=1","datePublished":"2026-04-12T07:27:39+00:00","description":"UN DESIGN ET DES PERFORMANCES DE POINTE, LE TOUT EN UN SEUL PRODUIT Pastaio Elegance est le batteur sur socle au design innovant et \u00e9l\u00e9gant, mais en m\u00eame","breadcrumb":{"@id":"https:\/\/dev6.erresse-shop.it\/fr\/shop\/petits-electromenagers\/petrins\/g3-ferrari-pastaio-elegance\/#breadcrumb"},"inLanguage":"fr-FR","potentialAction":[{"@type":"ReadAction","target":["https:\/\/dev6.erresse-shop.it\/fr\/shop\/petits-electromenagers\/petrins\/g3-ferrari-pastaio-elegance\/"]}]},{"@type":"ImageObject","inLanguage":"fr-FR","@id":"https:\/\/dev6.erresse-shop.it\/fr\/shop\/petits-electromenagers\/petrins\/g3-ferrari-pastaio-elegance\/#primaryimage","url":"https:\/\/i0.wp.com\/interpim.erresse-shop.it\/Import\/Prodotti\/g3-ferrari-pastaio-elegance.jpg?ssl=1","contentUrl":"https:\/\/i0.wp.com\/interpim.erresse-shop.it\/Import\/Prodotti\/g3-ferrari-pastaio-elegance.jpg?ssl=1"},{"@type":"BreadcrumbList","@id":"https:\/\/dev6.erresse-shop.it\/fr\/shop\/petits-electromenagers\/petrins\/g3-ferrari-pastaio-elegance\/#breadcrumb","itemListElement":[{"@type":"ListItem","position":1,"name":"Home","item":"https:\/\/dev6.erresse-shop.it\/"},{"@type":"ListItem","position":2,"name":"Boutique","item":"https:\/\/dev6.erresse-shop.it\/shop\/"},{"@type":"ListItem","position":3,"name":"G3 FERRARI Pastaio Elegance"}]},{"@type":"WebSite","@id":"https:\/\/dev6.erresse-shop.it\/#website","url":"https:\/\/dev6.erresse-shop.it\/","name":"Erresse Shop","description":"","publisher":{"@id":"https:\/\/dev6.erresse-shop.it\/#organization"},"potentialAction":[{"@type":"SearchAction","target":{"@type":"EntryPoint","urlTemplate":"https:\/\/dev6.erresse-shop.it\/?s={search_term_string}"},"query-input":{"@type":"PropertyValueSpecification","valueRequired":true,"valueName":"search_term_string"}}],"inLanguage":"fr-FR"},{"@type":"Organization","@id":"https:\/\/dev6.erresse-shop.it\/#organization","name":"Erresse Shop","url":"https:\/\/dev6.erresse-shop.it\/","logo":{"@type":"ImageObject","inLanguage":"fr-FR","@id":"https:\/\/dev6.erresse-shop.it\/#\/schema\/logo\/image\/","url":"https:\/\/dev6.erresse-shop.it\/wp-content\/uploads\/2025\/01\/LOGO-ERRESSE-CLASSICO.svg","contentUrl":"https:\/\/dev6.erresse-shop.it\/wp-content\/uploads\/2025\/01\/LOGO-ERRESSE-CLASSICO.svg","caption":"Erresse Shop"},"image":{"@id":"https:\/\/dev6.erresse-shop.it\/#\/schema\/logo\/image\/"}}]}},"df_price":"","df_sale_price":"","df_regular_price":"","df_image_link":"https:\/\/i0.wp.com\/interpim.erresse-shop.it\/Import\/Prodotti\/g3-ferrari-pastaio-elegance.jpg?resize=300,300&ssl=1","fifu_image_url":"https:\/\/interpim.erresse-shop.it\/Import\/Prodotti\/g3-ferrari-pastaio-elegance.jpg","_links":{"self":[{"href":"https:\/\/dev6.erresse-shop.it\/fr\/wp-json\/wp\/v2\/product\/61059","targetHints":{"allow":["GET"]}}],"collection":[{"href":"https:\/\/dev6.erresse-shop.it\/fr\/wp-json\/wp\/v2\/product"}],"about":[{"href":"https:\/\/dev6.erresse-shop.it\/fr\/wp-json\/wp\/v2\/types\/product"}],"wp:featuredmedia":[{"embeddable":true,"href":"https:\/\/dev6.erresse-shop.it\/fr\/wp-json\/wp\/v2\/media\/6360583"}],"wp:attachment":[{"href":"https:\/\/dev6.erresse-shop.it\/fr\/wp-json\/wp\/v2\/media?parent=61059"}],"wp:term":[{"taxonomy":"product_cat","embeddable":true,"href":"https:\/\/dev6.erresse-shop.it\/fr\/wp-json\/wp\/v2\/product_cat?post=61059"},{"taxonomy":"product_tag","embeddable":true,"href":"https:\/\/dev6.erresse-shop.it\/fr\/wp-json\/wp\/v2\/product_tag?post=61059"}],"curies":[{"name":"wp","href":"https:\/\/api.w.org\/{rel}","templated":true}]}}