{"id":61057,"date":"2026-04-04T09:25:49","date_gmt":"2026-04-04T07:25:49","guid":{"rendered":"https:\/\/dev6.erresse-shop.it\/shop\/non%20class\u00e9\/g3-ferrari-friggisano-duo-8-l\/"},"modified":"2025-09-14T04:46:09","modified_gmt":"2025-09-14T02:46:09","slug":"g3-ferrari-friggisano-duo-8-l","status":"publish","type":"product","link":"https:\/\/dev6.erresse-shop.it\/fr\/shop\/petits-electromenagers\/fours\/g3-ferrari-friggisano-duo-8-l\/","title":{"rendered":"G3 FERRARI Friggisano Duo 8 L"},"content":{"rendered":"<p>Chacun a ses propres go\u00fbts, mais avec Friggisano Duo tout le monde est content. Voici la nouvelle friteuse \u00e0 air double zone, qui fait frire deux plats diff\u00e9rents avec moins de graisse et vous permet de les servir chauds et croustillants ensemble.<\/p>\n<p>La friteuse \u00e0 air chaud qui se d\u00e9double pour cuisiner sainement<br \/>\nFriggisano Duo est pr\u00eat \u00e0 transformer le monde des friteuses, aussi bien celui des friteuses \u00e0 air chaud que celui des friteuses traditionnelles. Pourquoi ? Parce qu\u2019elle combine le meilleur des deux technologies, en vous offrant la possibilit\u00e9 de cuisiner vos plats de mani\u00e8re saine et savoureuse.<\/p>\n<p>Gr\u00e2ce \u00e0 la fonctionnalit\u00e9 de la friteuse \u00e0 air, vous pouvez cuire des frites croustillantes avec jusqu\u2019\u00e0 80% de graisses en moins. La technologie de circulation rapide de l\u2019air chaud de la fonction AIR FRY, en effet, vous permet d\u2019atteindre rapidement une temp\u00e9rature si \u00e9lev\u00e9e que les aliments sont croustillants \u00e0 l\u2019ext\u00e9rieur et moelleux \u00e0 l\u2019int\u00e9rieur comme lorsque vous les faites frire de mani\u00e8re traditionnelle, mais la beaut\u00e9 est que vous pouvez frire sans huile !<\/p>\n<p>Chacun a son plat pr\u00e9f\u00e9r\u00e9<br \/>\nChacun a ses propres go\u00fbts, mais avec Friggisano Duo, vous pouvez faire plaisir \u00e0 tout le monde car cet appareil vous offre quelque chose de plus que les meilleures friteuses \u00e0 air : c\u2019est une friteuse \u00e0 deux cuves qui vous permet de cuisiner deux plats diff\u00e9rents en m\u00eame temps sans m\u00e9langer les saveurs. Gr\u00e2ce \u00e0 la fonction sp\u00e9ciale SYNC, elle termine la cuisson des deux plats en m\u00eame temps, ce qui vous permet de les servir chauds et croustillants ensemble.<\/p>\n<p>Enfin, vous pouvez cuisiner pour toute la famille avec cette nouvelle friteuse de 8 litres, divis\u00e9e en deux paniers antiadh\u00e9sifs ind\u00e9pendants de 4 litres. Des frites pour tout le monde ? Avec la fonction DUAL COOK, vous doublez les portions et r\u00e9glez la m\u00eame cuisson dans les deux compartiments pour une capacit\u00e9 totale jusqu\u2019\u00e0 1800 gr.<\/p>\n<p>De nombreuses fa\u00e7ons de cuisiner sainement<br \/>\nSi vous \u00eates toujours \u00e0 la recherche de nouvelles id\u00e9es pour cuisiner sainement sans sacrifier le go\u00fbt, avec Friggisano Duo il sera encore plus facile de cr\u00e9er un menu app\u00e9tissant et diversifi\u00e9. Gr\u00e2ce aux 8 modes de cuisson, vous pouvez faire frire, r\u00f4tir, griller, cuire, r\u00e9chauffer, d\u00e9shydrater, maintenir au chaud et d\u00e9congeler une grande vari\u00e9t\u00e9 d\u2019aliments. Avec la fonction TIMER et la temp\u00e9rature r\u00e9glable jusqu\u2019\u00e0 200\u00b0, vous aurez toujours une cuisson parfaite, quel que soit le mode choisi pour votre recette. Vous ne pouvez pas vous tromper avec la fonction SHAKE : un signal sonore vous indique qu\u2019il est temps de mixer.<\/p>\n<p>Facile \u00e0 utiliser et \u00e0 nettoyer<br \/>\nFriggisano Duo vous garantit le r\u00e9sultat d\u2019une friteuse professionnelle avec une grande facilit\u00e9 d\u2019utilisation, ce qui la rend id\u00e9ale pour une utilisation quotidienne. \u00c0 tout moment, vous pouvez v\u00e9rifier les r\u00e9glages s\u00e9lectionn\u00e9s gr\u00e2ce \u00e0 l\u2019affichage num\u00e9rique pratique, clair et facile \u00e0 utiliser.<\/p>\n<p>Le nettoyage est \u00e9galement un jeu d\u2019enfant ! Il suffit d\u2019utiliser une \u00e9ponge non abrasive et de l\u2019eau chaude pour nettoyer les r\u00e9cipients antiadh\u00e9sifs de votre friteuse \u00e0 deux paniers.<\/p>\n<p>Sp\u00e9cifications techniques<br \/>\n\u2013 Puissance 1700W<br \/>\n\u2013 2 zones de cuisson ind\u00e9pendantes<br \/>\n\u2013 Capacit\u00e9 totale 8 litres (4L &#43; 4L, jusqu\u2019\u00e0 1800g)<br \/>\n\u2013 R\u00e9cipients avec poign\u00e9e confortable<br \/>\n\u2013 R\u00e9cipients et plateaux antiadh\u00e9sifs<br \/>\n\u2013 Minuterie et temp\u00e9rature r\u00e9glable (jusqu\u2019\u00e0 200\u00b0C)<br \/>\n\u2013 Affichage num\u00e9rique<br \/>\n\u2013 8 modes de cuisson : air fry, roast, broil, bake, reheat, dehydrate, keep warm, frites<br \/>\n\u2013 Fonction SYNC : termine les deux cuissons en m\u00eame temps.<br \/>\n\u2013 Fonction SHAKE : signal auditif pour secouer les aliments.<br \/>\n\u2013 Fonction DUAL COOK : double capacit\u00e9 de cuisson, m\u00eames r\u00e9glages pour les deux zones.<br \/>\n\u2013 Pieds antid\u00e9rapants<br \/>\n\u2013 Alimentation \u00e9lectrique : AC 220-240V ~ 50-60Hz<\/p>\n","protected":false},"excerpt":{"rendered":"<p>Chacun a ses propres go\u00fbts, mais avec Friggisano Duo tout le monde est content. Voici la nouvelle friteuse \u00e0 air double zone, qui fait frire deux plats diff\u00e9rents avec moins de graisse et vous permet de les servir chauds et croustillants ensemble. La friteuse \u00e0 air chaud qui se d\u00e9double pour cuisiner sainement Friggisano Duo [&hellip;]<\/p>\n","protected":false},"featured_media":6277284,"template":"","meta":{"_acf_changed":false},"product_cat":[12085,12086,12055],"product_tag":[],"class_list":{"0":"post-61057","1":"product","2":"type-product","3":"status-publish","4":"has-post-thumbnail","6":"product_cat-fours","7":"product_cat-friteuses-a-air","8":"product_cat-petits-electromenagers","10":"first","11":"instock","12":"sale","13":"taxable","14":"shipping-taxable","15":"purchasable","16":"product-type-simple","swatches":"rey-swatches","show_selected":"","stretch_labels":"rey-swatches--stretch-labels"},"acf":[],"yoast_head":"<!-- This site is optimized with the Yoast SEO plugin v25.4 - https:\/\/yoast.com\/wordpress\/plugins\/seo\/ -->\n<title>G3 FERRARI Friggisano Duo 8 L - dev6 Erresse<\/title>\n<meta name=\"description\" content=\"Chacun a ses propres go\u00fbts, mais avec Friggisano Duo tout le monde est content. Voici la nouvelle friteuse \u00e0 air double zone, qui fait frire deux plats\" \/>\n<meta name=\"robots\" content=\"noindex, follow, max-snippet:-1, max-image-preview:large, max-video-preview:-1\" \/>\n<meta property=\"og:locale\" content=\"fr_FR\" \/>\n<meta property=\"og:type\" content=\"article\" \/>\n<meta property=\"og:title\" content=\"G3 FERRARI Friggisano Duo 8 L - dev6 Erresse\" \/>\n<meta property=\"og:description\" content=\"Chacun a ses propres go\u00fbts, mais avec Friggisano Duo tout le monde est content. Voici la nouvelle friteuse \u00e0 air double zone, qui fait frire deux plats\" \/>\n<meta property=\"og:url\" content=\"https:\/\/dev6.erresse-shop.it\/fr\/shop\/petits-electromenagers\/fours\/g3-ferrari-friggisano-duo-8-l\/\" \/>\n<meta property=\"og:site_name\" content=\"dev6 Erresse\" \/>\n<meta property=\"og:image\" content=\"https:\/\/interpim.erresse-shop.it\/Import\/Prodotti\/g3-ferrari-friggisano-duo-8-l.jpg\" \/><meta property=\"og:image\" content=\"https:\/\/interpim.erresse-shop.it\/Import\/Prodotti\/g3-ferrari-friggisano-duo-8-l.jpg\" \/>\n\t<meta property=\"og:image:width\" content=\"1024\" \/>\n\t<meta property=\"og:image:height\" content=\"1024\" \/>\n\t<meta property=\"og:image:type\" content=\"image\/jpeg\" \/>\n<meta name=\"twitter:card\" content=\"summary_large_image\" \/>\n<meta name=\"twitter:image\" content=\"https:\/\/interpim.erresse-shop.it\/Import\/Prodotti\/g3-ferrari-friggisano-duo-8-l.jpg\" \/>\n<script type=\"application\/ld+json\" class=\"yoast-schema-graph\">{\"@context\":\"https:\/\/schema.org\",\"@graph\":[{\"@type\":\"WebPage\",\"@id\":\"https:\/\/dev6.erresse-shop.it\/fr\/shop\/petits-electromenagers\/fours\/g3-ferrari-friggisano-duo-8-l\/\",\"url\":\"https:\/\/dev6.erresse-shop.it\/fr\/shop\/petits-electromenagers\/fours\/g3-ferrari-friggisano-duo-8-l\/\",\"name\":\"G3 FERRARI Friggisano Duo 8 L - dev6 Erresse\",\"isPartOf\":{\"@id\":\"https:\/\/dev6.erresse-shop.it\/#website\"},\"primaryImageOfPage\":{\"@id\":\"https:\/\/dev6.erresse-shop.it\/fr\/shop\/petits-electromenagers\/fours\/g3-ferrari-friggisano-duo-8-l\/#primaryimage\"},\"image\":{\"@id\":\"https:\/\/dev6.erresse-shop.it\/fr\/shop\/petits-electromenagers\/fours\/g3-ferrari-friggisano-duo-8-l\/#primaryimage\"},\"thumbnailUrl\":\"https:\/\/i1.wp.com\/interpim.erresse-shop.it\/Import\/Prodotti\/g3-ferrari-friggisano-duo-8-l.jpg?ssl=1\",\"datePublished\":\"2026-04-04T07:25:49+00:00\",\"description\":\"Chacun a ses propres go\u00fbts, mais avec Friggisano Duo tout le monde est content. Voici la nouvelle friteuse \u00e0 air double zone, qui fait frire deux plats\",\"breadcrumb\":{\"@id\":\"https:\/\/dev6.erresse-shop.it\/fr\/shop\/petits-electromenagers\/fours\/g3-ferrari-friggisano-duo-8-l\/#breadcrumb\"},\"inLanguage\":\"fr-FR\",\"potentialAction\":[{\"@type\":\"ReadAction\",\"target\":[\"https:\/\/dev6.erresse-shop.it\/fr\/shop\/petits-electromenagers\/fours\/g3-ferrari-friggisano-duo-8-l\/\"]}]},{\"@type\":\"ImageObject\",\"inLanguage\":\"fr-FR\",\"@id\":\"https:\/\/dev6.erresse-shop.it\/fr\/shop\/petits-electromenagers\/fours\/g3-ferrari-friggisano-duo-8-l\/#primaryimage\",\"url\":\"https:\/\/i1.wp.com\/interpim.erresse-shop.it\/Import\/Prodotti\/g3-ferrari-friggisano-duo-8-l.jpg?ssl=1\",\"contentUrl\":\"https:\/\/i1.wp.com\/interpim.erresse-shop.it\/Import\/Prodotti\/g3-ferrari-friggisano-duo-8-l.jpg?ssl=1\"},{\"@type\":\"BreadcrumbList\",\"@id\":\"https:\/\/dev6.erresse-shop.it\/fr\/shop\/petits-electromenagers\/fours\/g3-ferrari-friggisano-duo-8-l\/#breadcrumb\",\"itemListElement\":[{\"@type\":\"ListItem\",\"position\":1,\"name\":\"Home\",\"item\":\"https:\/\/dev6.erresse-shop.it\/\"},{\"@type\":\"ListItem\",\"position\":2,\"name\":\"Boutique\",\"item\":\"https:\/\/dev6.erresse-shop.it\/shop\/\"},{\"@type\":\"ListItem\",\"position\":3,\"name\":\"G3 FERRARI Friggisano Duo 8 L\"}]},{\"@type\":\"WebSite\",\"@id\":\"https:\/\/dev6.erresse-shop.it\/#website\",\"url\":\"https:\/\/dev6.erresse-shop.it\/\",\"name\":\"Erresse Shop\",\"description\":\"\",\"publisher\":{\"@id\":\"https:\/\/dev6.erresse-shop.it\/#organization\"},\"potentialAction\":[{\"@type\":\"SearchAction\",\"target\":{\"@type\":\"EntryPoint\",\"urlTemplate\":\"https:\/\/dev6.erresse-shop.it\/?s={search_term_string}\"},\"query-input\":{\"@type\":\"PropertyValueSpecification\",\"valueRequired\":true,\"valueName\":\"search_term_string\"}}],\"inLanguage\":\"fr-FR\"},{\"@type\":\"Organization\",\"@id\":\"https:\/\/dev6.erresse-shop.it\/#organization\",\"name\":\"Erresse Shop\",\"url\":\"https:\/\/dev6.erresse-shop.it\/\",\"logo\":{\"@type\":\"ImageObject\",\"inLanguage\":\"fr-FR\",\"@id\":\"https:\/\/dev6.erresse-shop.it\/#\/schema\/logo\/image\/\",\"url\":\"https:\/\/dev6.erresse-shop.it\/wp-content\/uploads\/2025\/01\/LOGO-ERRESSE-CLASSICO.svg\",\"contentUrl\":\"https:\/\/dev6.erresse-shop.it\/wp-content\/uploads\/2025\/01\/LOGO-ERRESSE-CLASSICO.svg\",\"caption\":\"Erresse Shop\"},\"image\":{\"@id\":\"https:\/\/dev6.erresse-shop.it\/#\/schema\/logo\/image\/\"}}]}<\/script>\n<!-- \/ Yoast SEO plugin. -->","yoast_head_json":{"title":"G3 FERRARI Friggisano Duo 8 L - dev6 Erresse","description":"Chacun a ses propres go\u00fbts, mais avec Friggisano Duo tout le monde est content. Voici la nouvelle friteuse \u00e0 air double zone, qui fait frire deux plats","robots":{"index":"noindex","follow":"follow","max-snippet":"max-snippet:-1","max-image-preview":"max-image-preview:large","max-video-preview":"max-video-preview:-1"},"og_locale":"fr_FR","og_type":"article","og_title":"G3 FERRARI Friggisano Duo 8 L - dev6 Erresse","og_description":"Chacun a ses propres go\u00fbts, mais avec Friggisano Duo tout le monde est content. Voici la nouvelle friteuse \u00e0 air double zone, qui fait frire deux plats","og_url":"https:\/\/dev6.erresse-shop.it\/fr\/shop\/petits-electromenagers\/fours\/g3-ferrari-friggisano-duo-8-l\/","og_site_name":"dev6 Erresse","og_image":[{"url":"https:\/\/interpim.erresse-shop.it\/Import\/Prodotti\/g3-ferrari-friggisano-duo-8-l.jpg","type":"","width":"","height":""},{"url":"https:\/\/interpim.erresse-shop.it\/Import\/Prodotti\/g3-ferrari-friggisano-duo-8-l.jpg","width":1024,"height":1024,"type":"image\/jpeg"}],"twitter_card":"summary_large_image","twitter_image":"https:\/\/interpim.erresse-shop.it\/Import\/Prodotti\/g3-ferrari-friggisano-duo-8-l.jpg","schema":{"@context":"https:\/\/schema.org","@graph":[{"@type":"WebPage","@id":"https:\/\/dev6.erresse-shop.it\/fr\/shop\/petits-electromenagers\/fours\/g3-ferrari-friggisano-duo-8-l\/","url":"https:\/\/dev6.erresse-shop.it\/fr\/shop\/petits-electromenagers\/fours\/g3-ferrari-friggisano-duo-8-l\/","name":"G3 FERRARI Friggisano Duo 8 L - dev6 Erresse","isPartOf":{"@id":"https:\/\/dev6.erresse-shop.it\/#website"},"primaryImageOfPage":{"@id":"https:\/\/dev6.erresse-shop.it\/fr\/shop\/petits-electromenagers\/fours\/g3-ferrari-friggisano-duo-8-l\/#primaryimage"},"image":{"@id":"https:\/\/dev6.erresse-shop.it\/fr\/shop\/petits-electromenagers\/fours\/g3-ferrari-friggisano-duo-8-l\/#primaryimage"},"thumbnailUrl":"https:\/\/i1.wp.com\/interpim.erresse-shop.it\/Import\/Prodotti\/g3-ferrari-friggisano-duo-8-l.jpg?ssl=1","datePublished":"2026-04-04T07:25:49+00:00","description":"Chacun a ses propres go\u00fbts, mais avec Friggisano Duo tout le monde est content. Voici la nouvelle friteuse \u00e0 air double zone, qui fait frire deux plats","breadcrumb":{"@id":"https:\/\/dev6.erresse-shop.it\/fr\/shop\/petits-electromenagers\/fours\/g3-ferrari-friggisano-duo-8-l\/#breadcrumb"},"inLanguage":"fr-FR","potentialAction":[{"@type":"ReadAction","target":["https:\/\/dev6.erresse-shop.it\/fr\/shop\/petits-electromenagers\/fours\/g3-ferrari-friggisano-duo-8-l\/"]}]},{"@type":"ImageObject","inLanguage":"fr-FR","@id":"https:\/\/dev6.erresse-shop.it\/fr\/shop\/petits-electromenagers\/fours\/g3-ferrari-friggisano-duo-8-l\/#primaryimage","url":"https:\/\/i1.wp.com\/interpim.erresse-shop.it\/Import\/Prodotti\/g3-ferrari-friggisano-duo-8-l.jpg?ssl=1","contentUrl":"https:\/\/i1.wp.com\/interpim.erresse-shop.it\/Import\/Prodotti\/g3-ferrari-friggisano-duo-8-l.jpg?ssl=1"},{"@type":"BreadcrumbList","@id":"https:\/\/dev6.erresse-shop.it\/fr\/shop\/petits-electromenagers\/fours\/g3-ferrari-friggisano-duo-8-l\/#breadcrumb","itemListElement":[{"@type":"ListItem","position":1,"name":"Home","item":"https:\/\/dev6.erresse-shop.it\/"},{"@type":"ListItem","position":2,"name":"Boutique","item":"https:\/\/dev6.erresse-shop.it\/shop\/"},{"@type":"ListItem","position":3,"name":"G3 FERRARI Friggisano Duo 8 L"}]},{"@type":"WebSite","@id":"https:\/\/dev6.erresse-shop.it\/#website","url":"https:\/\/dev6.erresse-shop.it\/","name":"Erresse Shop","description":"","publisher":{"@id":"https:\/\/dev6.erresse-shop.it\/#organization"},"potentialAction":[{"@type":"SearchAction","target":{"@type":"EntryPoint","urlTemplate":"https:\/\/dev6.erresse-shop.it\/?s={search_term_string}"},"query-input":{"@type":"PropertyValueSpecification","valueRequired":true,"valueName":"search_term_string"}}],"inLanguage":"fr-FR"},{"@type":"Organization","@id":"https:\/\/dev6.erresse-shop.it\/#organization","name":"Erresse Shop","url":"https:\/\/dev6.erresse-shop.it\/","logo":{"@type":"ImageObject","inLanguage":"fr-FR","@id":"https:\/\/dev6.erresse-shop.it\/#\/schema\/logo\/image\/","url":"https:\/\/dev6.erresse-shop.it\/wp-content\/uploads\/2025\/01\/LOGO-ERRESSE-CLASSICO.svg","contentUrl":"https:\/\/dev6.erresse-shop.it\/wp-content\/uploads\/2025\/01\/LOGO-ERRESSE-CLASSICO.svg","caption":"Erresse Shop"},"image":{"@id":"https:\/\/dev6.erresse-shop.it\/#\/schema\/logo\/image\/"}}]}},"df_price":156,"df_sale_price":156,"df_regular_price":199.9,"df_image_link":"https:\/\/i1.wp.com\/interpim.erresse-shop.it\/Import\/Prodotti\/g3-ferrari-friggisano-duo-8-l.jpg?resize=300,300&ssl=1","fifu_image_url":"https:\/\/interpim.erresse-shop.it\/Import\/Prodotti\/g3-ferrari-friggisano-duo-8-l.jpg","_links":{"self":[{"href":"https:\/\/dev6.erresse-shop.it\/fr\/wp-json\/wp\/v2\/product\/61057","targetHints":{"allow":["GET"]}}],"collection":[{"href":"https:\/\/dev6.erresse-shop.it\/fr\/wp-json\/wp\/v2\/product"}],"about":[{"href":"https:\/\/dev6.erresse-shop.it\/fr\/wp-json\/wp\/v2\/types\/product"}],"wp:featuredmedia":[{"embeddable":true,"href":"https:\/\/dev6.erresse-shop.it\/fr\/wp-json\/wp\/v2\/media\/6277284"}],"wp:attachment":[{"href":"https:\/\/dev6.erresse-shop.it\/fr\/wp-json\/wp\/v2\/media?parent=61057"}],"wp:term":[{"taxonomy":"product_cat","embeddable":true,"href":"https:\/\/dev6.erresse-shop.it\/fr\/wp-json\/wp\/v2\/product_cat?post=61057"},{"taxonomy":"product_tag","embeddable":true,"href":"https:\/\/dev6.erresse-shop.it\/fr\/wp-json\/wp\/v2\/product_tag?post=61057"}],"curies":[{"name":"wp","href":"https:\/\/api.w.org\/{rel}","templated":true}]}}