{"id":61055,"date":"2026-04-04T09:25:49","date_gmt":"2026-04-04T07:25:49","guid":{"rendered":"https:\/\/dev6.erresse-shop.it\/shop\/non%20class\u00e9\/g3-ferrari-friggisano-22-l\/"},"modified":"2025-09-14T04:46:06","modified_gmt":"2025-09-14T02:46:06","slug":"g3-ferrari-friggisano-22-l","status":"publish","type":"product","link":"https:\/\/dev6.erresse-shop.it\/fr\/shop\/petits-electromenagers\/fours\/g3-ferrari-friggisano-22-l\/","title":{"rendered":"G3 FERRARI Friggisano 22 L"},"content":{"rendered":"<p>Friggisano 22L est un appareil multifonction qui vous permet de cuisiner sainement, sans sacrifier le go\u00fbt et en \u00e9conomisant de l\u2019\u00e9nergie.<\/p>\n<p>C\u2019est l\u2019\u00e9volution de l\u2019Air Fryer, qui permet de pr\u00e9parer des fritures savoureuses et croustillantes avec jusqu\u2019\u00e0 80% de mati\u00e8res grasses en moins : la technologie de circulation rapide de l\u2019air, associ\u00e9e \u00e0 la haute temp\u00e9rature (jusqu\u2019\u00e0 230\u00b0C), permet de cuisiner, m\u00eame sans huile, des aliments sains et d\u00e9licieux, sans renoncer au croustillant des fritures traditionnelles. Le panier de la friteuse en acier inoxydable est parfait pour pr\u00e9parer d\u2019incroyables frites et bien plus encore.<\/p>\n<p>Mais pas seulement\u2026 Friggisano 22L est aussi un four \u00e9lectrique aux multiples fonctions. Vous pouvez frire, cuire, r\u00f4tir, griller, d\u00e9congeler, d\u00e9shydrater et r\u00e9chauffer tout type d\u2019aliments. Vous disposez de 6 fonctions de cuisson pour contr\u00f4ler les 6 \u00e9l\u00e9ments chauffants et le puissant ventilateur, d\u2019une lumi\u00e8re int\u00e9rieure pour contr\u00f4ler la cuisson des aliments, et de la possibilit\u00e9 de cuisiner sur 3 niveaux diff\u00e9rents pour \u00e9conomiser du temps et de l\u2019\u00e9nergie.<\/p>\n<p>Friggisano est \u00e9quip\u00e9 de parois internes faciles \u00e0 nettoyer et d\u2019un bac de r\u00e9cup\u00e9ration des graisses amovible : le nettoyage devient un jeu d\u2019enfant !<\/p>\n<p>Caract\u00e9ristiques techniques<br \/>\n\u2013 Puissance 1700 W<br \/>\n\u2013 Capacit\u00e9 de 22 litres, avec lumi\u00e8re interne<br \/>\n\u2013 Air Fryer et four multifonction : Friteuse, four, four \u00e0 convection, gril, gril \u00e0 convection, d\u00e9shydrateur.<br \/>\n\u2013 Grand ventilateur pour la fonction Air Fryer<br \/>\n\u2013 6 \u00e9l\u00e9ments chauffants<br \/>\n\u2013 6 fonctions de cuisson<br \/>\n\u2013 Temp\u00e9rature de cuisson r\u00e9glable (jusqu\u2019\u00e0 230\u00b0C) \u2013 Minuterie de 60 minutes<br \/>\n\u2013 Accessoires : plateau, grille, panier pour friteuse, bac \u00e0 graisse, poign\u00e9e<br \/>\n\u2013 Alimentation \u00e9lectrique : AC 230V ~ 50\/60 Hz<\/p>\n","protected":false},"excerpt":{"rendered":"<p>Friggisano 22L est un appareil multifonction qui vous permet de cuisiner sainement, sans sacrifier le go\u00fbt et en \u00e9conomisant de l\u2019\u00e9nergie. C\u2019est l\u2019\u00e9volution de l\u2019Air Fryer, qui permet de pr\u00e9parer des fritures savoureuses et croustillantes avec jusqu\u2019\u00e0 80% de mati\u00e8res grasses en moins : la technologie de circulation rapide de l\u2019air, associ\u00e9e \u00e0 la haute [&hellip;]<\/p>\n","protected":false},"featured_media":6277263,"template":"","meta":{"_acf_changed":false},"product_cat":[12085,12086,12055],"product_tag":[],"class_list":{"0":"post-61055","1":"product","2":"type-product","3":"status-publish","4":"has-post-thumbnail","6":"product_cat-fours","7":"product_cat-friteuses-a-air","8":"product_cat-petits-electromenagers","10":"first","11":"instock","12":"sale","13":"taxable","14":"shipping-taxable","15":"purchasable","16":"product-type-simple","swatches":"rey-swatches","show_selected":"","stretch_labels":"rey-swatches--stretch-labels"},"acf":[],"yoast_head":"<!-- This site is optimized with the Yoast SEO plugin v25.4 - https:\/\/yoast.com\/wordpress\/plugins\/seo\/ -->\n<title>G3 FERRARI Friggisano 22 L - dev6 Erresse<\/title>\n<meta name=\"description\" content=\"Friggisano 22L est un appareil multifonction qui vous permet de cuisiner sainement, sans sacrifier le go\u00fbt et en \u00e9conomisant de l\u2019\u00e9nergie. C\u2019est\" \/>\n<meta name=\"robots\" content=\"noindex, follow, max-snippet:-1, max-image-preview:large, max-video-preview:-1\" \/>\n<meta property=\"og:locale\" content=\"fr_FR\" \/>\n<meta property=\"og:type\" content=\"article\" \/>\n<meta property=\"og:title\" content=\"G3 FERRARI Friggisano 22 L - dev6 Erresse\" \/>\n<meta property=\"og:description\" content=\"Friggisano 22L est un appareil multifonction qui vous permet de cuisiner sainement, sans sacrifier le go\u00fbt et en \u00e9conomisant de l\u2019\u00e9nergie. C\u2019est\" \/>\n<meta property=\"og:url\" content=\"https:\/\/dev6.erresse-shop.it\/fr\/shop\/petits-electromenagers\/fours\/g3-ferrari-friggisano-22-l\/\" \/>\n<meta property=\"og:site_name\" content=\"dev6 Erresse\" \/>\n<meta property=\"og:image\" content=\"https:\/\/interpim.erresse-shop.it\/Import\/Prodotti\/g3-ferrari-friggisano-22-l.jpg\" \/><meta property=\"og:image\" content=\"https:\/\/interpim.erresse-shop.it\/Import\/Prodotti\/g3-ferrari-friggisano-22-l.jpg\" \/>\n\t<meta property=\"og:image:width\" content=\"1024\" \/>\n\t<meta property=\"og:image:height\" content=\"1024\" \/>\n\t<meta property=\"og:image:type\" content=\"image\/jpeg\" \/>\n<meta name=\"twitter:card\" content=\"summary_large_image\" \/>\n<meta name=\"twitter:image\" content=\"https:\/\/interpim.erresse-shop.it\/Import\/Prodotti\/g3-ferrari-friggisano-22-l.jpg\" \/>\n<script type=\"application\/ld+json\" class=\"yoast-schema-graph\">{\"@context\":\"https:\/\/schema.org\",\"@graph\":[{\"@type\":\"WebPage\",\"@id\":\"https:\/\/dev6.erresse-shop.it\/fr\/shop\/petits-electromenagers\/fours\/g3-ferrari-friggisano-22-l\/\",\"url\":\"https:\/\/dev6.erresse-shop.it\/fr\/shop\/petits-electromenagers\/fours\/g3-ferrari-friggisano-22-l\/\",\"name\":\"G3 FERRARI Friggisano 22 L - dev6 Erresse\",\"isPartOf\":{\"@id\":\"https:\/\/dev6.erresse-shop.it\/#website\"},\"primaryImageOfPage\":{\"@id\":\"https:\/\/dev6.erresse-shop.it\/fr\/shop\/petits-electromenagers\/fours\/g3-ferrari-friggisano-22-l\/#primaryimage\"},\"image\":{\"@id\":\"https:\/\/dev6.erresse-shop.it\/fr\/shop\/petits-electromenagers\/fours\/g3-ferrari-friggisano-22-l\/#primaryimage\"},\"thumbnailUrl\":\"https:\/\/i1.wp.com\/interpim.erresse-shop.it\/Import\/Prodotti\/g3-ferrari-friggisano-22-l.jpg?ssl=1\",\"datePublished\":\"2026-04-04T07:25:49+00:00\",\"description\":\"Friggisano 22L est un appareil multifonction qui vous permet de cuisiner sainement, sans sacrifier le go\u00fbt et en \u00e9conomisant de l\u2019\u00e9nergie. C\u2019est\",\"breadcrumb\":{\"@id\":\"https:\/\/dev6.erresse-shop.it\/fr\/shop\/petits-electromenagers\/fours\/g3-ferrari-friggisano-22-l\/#breadcrumb\"},\"inLanguage\":\"fr-FR\",\"potentialAction\":[{\"@type\":\"ReadAction\",\"target\":[\"https:\/\/dev6.erresse-shop.it\/fr\/shop\/petits-electromenagers\/fours\/g3-ferrari-friggisano-22-l\/\"]}]},{\"@type\":\"ImageObject\",\"inLanguage\":\"fr-FR\",\"@id\":\"https:\/\/dev6.erresse-shop.it\/fr\/shop\/petits-electromenagers\/fours\/g3-ferrari-friggisano-22-l\/#primaryimage\",\"url\":\"https:\/\/i1.wp.com\/interpim.erresse-shop.it\/Import\/Prodotti\/g3-ferrari-friggisano-22-l.jpg?ssl=1\",\"contentUrl\":\"https:\/\/i1.wp.com\/interpim.erresse-shop.it\/Import\/Prodotti\/g3-ferrari-friggisano-22-l.jpg?ssl=1\"},{\"@type\":\"BreadcrumbList\",\"@id\":\"https:\/\/dev6.erresse-shop.it\/fr\/shop\/petits-electromenagers\/fours\/g3-ferrari-friggisano-22-l\/#breadcrumb\",\"itemListElement\":[{\"@type\":\"ListItem\",\"position\":1,\"name\":\"Home\",\"item\":\"https:\/\/dev6.erresse-shop.it\/\"},{\"@type\":\"ListItem\",\"position\":2,\"name\":\"Boutique\",\"item\":\"https:\/\/dev6.erresse-shop.it\/shop\/\"},{\"@type\":\"ListItem\",\"position\":3,\"name\":\"G3 FERRARI Friggisano 22 L\"}]},{\"@type\":\"WebSite\",\"@id\":\"https:\/\/dev6.erresse-shop.it\/#website\",\"url\":\"https:\/\/dev6.erresse-shop.it\/\",\"name\":\"Erresse Shop\",\"description\":\"\",\"publisher\":{\"@id\":\"https:\/\/dev6.erresse-shop.it\/#organization\"},\"potentialAction\":[{\"@type\":\"SearchAction\",\"target\":{\"@type\":\"EntryPoint\",\"urlTemplate\":\"https:\/\/dev6.erresse-shop.it\/?s={search_term_string}\"},\"query-input\":{\"@type\":\"PropertyValueSpecification\",\"valueRequired\":true,\"valueName\":\"search_term_string\"}}],\"inLanguage\":\"fr-FR\"},{\"@type\":\"Organization\",\"@id\":\"https:\/\/dev6.erresse-shop.it\/#organization\",\"name\":\"Erresse Shop\",\"url\":\"https:\/\/dev6.erresse-shop.it\/\",\"logo\":{\"@type\":\"ImageObject\",\"inLanguage\":\"fr-FR\",\"@id\":\"https:\/\/dev6.erresse-shop.it\/#\/schema\/logo\/image\/\",\"url\":\"https:\/\/dev6.erresse-shop.it\/wp-content\/uploads\/2025\/01\/LOGO-ERRESSE-CLASSICO.svg\",\"contentUrl\":\"https:\/\/dev6.erresse-shop.it\/wp-content\/uploads\/2025\/01\/LOGO-ERRESSE-CLASSICO.svg\",\"caption\":\"Erresse Shop\"},\"image\":{\"@id\":\"https:\/\/dev6.erresse-shop.it\/#\/schema\/logo\/image\/\"}}]}<\/script>\n<!-- \/ Yoast SEO plugin. -->","yoast_head_json":{"title":"G3 FERRARI Friggisano 22 L - dev6 Erresse","description":"Friggisano 22L est un appareil multifonction qui vous permet de cuisiner sainement, sans sacrifier le go\u00fbt et en \u00e9conomisant de l\u2019\u00e9nergie. C\u2019est","robots":{"index":"noindex","follow":"follow","max-snippet":"max-snippet:-1","max-image-preview":"max-image-preview:large","max-video-preview":"max-video-preview:-1"},"og_locale":"fr_FR","og_type":"article","og_title":"G3 FERRARI Friggisano 22 L - dev6 Erresse","og_description":"Friggisano 22L est un appareil multifonction qui vous permet de cuisiner sainement, sans sacrifier le go\u00fbt et en \u00e9conomisant de l\u2019\u00e9nergie. C\u2019est","og_url":"https:\/\/dev6.erresse-shop.it\/fr\/shop\/petits-electromenagers\/fours\/g3-ferrari-friggisano-22-l\/","og_site_name":"dev6 Erresse","og_image":[{"url":"https:\/\/interpim.erresse-shop.it\/Import\/Prodotti\/g3-ferrari-friggisano-22-l.jpg","type":"","width":"","height":""},{"url":"https:\/\/interpim.erresse-shop.it\/Import\/Prodotti\/g3-ferrari-friggisano-22-l.jpg","width":1024,"height":1024,"type":"image\/jpeg"}],"twitter_card":"summary_large_image","twitter_image":"https:\/\/interpim.erresse-shop.it\/Import\/Prodotti\/g3-ferrari-friggisano-22-l.jpg","schema":{"@context":"https:\/\/schema.org","@graph":[{"@type":"WebPage","@id":"https:\/\/dev6.erresse-shop.it\/fr\/shop\/petits-electromenagers\/fours\/g3-ferrari-friggisano-22-l\/","url":"https:\/\/dev6.erresse-shop.it\/fr\/shop\/petits-electromenagers\/fours\/g3-ferrari-friggisano-22-l\/","name":"G3 FERRARI Friggisano 22 L - dev6 Erresse","isPartOf":{"@id":"https:\/\/dev6.erresse-shop.it\/#website"},"primaryImageOfPage":{"@id":"https:\/\/dev6.erresse-shop.it\/fr\/shop\/petits-electromenagers\/fours\/g3-ferrari-friggisano-22-l\/#primaryimage"},"image":{"@id":"https:\/\/dev6.erresse-shop.it\/fr\/shop\/petits-electromenagers\/fours\/g3-ferrari-friggisano-22-l\/#primaryimage"},"thumbnailUrl":"https:\/\/i1.wp.com\/interpim.erresse-shop.it\/Import\/Prodotti\/g3-ferrari-friggisano-22-l.jpg?ssl=1","datePublished":"2026-04-04T07:25:49+00:00","description":"Friggisano 22L est un appareil multifonction qui vous permet de cuisiner sainement, sans sacrifier le go\u00fbt et en \u00e9conomisant de l\u2019\u00e9nergie. C\u2019est","breadcrumb":{"@id":"https:\/\/dev6.erresse-shop.it\/fr\/shop\/petits-electromenagers\/fours\/g3-ferrari-friggisano-22-l\/#breadcrumb"},"inLanguage":"fr-FR","potentialAction":[{"@type":"ReadAction","target":["https:\/\/dev6.erresse-shop.it\/fr\/shop\/petits-electromenagers\/fours\/g3-ferrari-friggisano-22-l\/"]}]},{"@type":"ImageObject","inLanguage":"fr-FR","@id":"https:\/\/dev6.erresse-shop.it\/fr\/shop\/petits-electromenagers\/fours\/g3-ferrari-friggisano-22-l\/#primaryimage","url":"https:\/\/i1.wp.com\/interpim.erresse-shop.it\/Import\/Prodotti\/g3-ferrari-friggisano-22-l.jpg?ssl=1","contentUrl":"https:\/\/i1.wp.com\/interpim.erresse-shop.it\/Import\/Prodotti\/g3-ferrari-friggisano-22-l.jpg?ssl=1"},{"@type":"BreadcrumbList","@id":"https:\/\/dev6.erresse-shop.it\/fr\/shop\/petits-electromenagers\/fours\/g3-ferrari-friggisano-22-l\/#breadcrumb","itemListElement":[{"@type":"ListItem","position":1,"name":"Home","item":"https:\/\/dev6.erresse-shop.it\/"},{"@type":"ListItem","position":2,"name":"Boutique","item":"https:\/\/dev6.erresse-shop.it\/shop\/"},{"@type":"ListItem","position":3,"name":"G3 FERRARI Friggisano 22 L"}]},{"@type":"WebSite","@id":"https:\/\/dev6.erresse-shop.it\/#website","url":"https:\/\/dev6.erresse-shop.it\/","name":"Erresse Shop","description":"","publisher":{"@id":"https:\/\/dev6.erresse-shop.it\/#organization"},"potentialAction":[{"@type":"SearchAction","target":{"@type":"EntryPoint","urlTemplate":"https:\/\/dev6.erresse-shop.it\/?s={search_term_string}"},"query-input":{"@type":"PropertyValueSpecification","valueRequired":true,"valueName":"search_term_string"}}],"inLanguage":"fr-FR"},{"@type":"Organization","@id":"https:\/\/dev6.erresse-shop.it\/#organization","name":"Erresse Shop","url":"https:\/\/dev6.erresse-shop.it\/","logo":{"@type":"ImageObject","inLanguage":"fr-FR","@id":"https:\/\/dev6.erresse-shop.it\/#\/schema\/logo\/image\/","url":"https:\/\/dev6.erresse-shop.it\/wp-content\/uploads\/2025\/01\/LOGO-ERRESSE-CLASSICO.svg","contentUrl":"https:\/\/dev6.erresse-shop.it\/wp-content\/uploads\/2025\/01\/LOGO-ERRESSE-CLASSICO.svg","caption":"Erresse Shop"},"image":{"@id":"https:\/\/dev6.erresse-shop.it\/#\/schema\/logo\/image\/"}}]}},"df_price":149,"df_sale_price":149,"df_regular_price":189.9,"df_image_link":"https:\/\/i1.wp.com\/interpim.erresse-shop.it\/Import\/Prodotti\/g3-ferrari-friggisano-22-l.jpg?resize=300,300&ssl=1","fifu_image_url":"https:\/\/interpim.erresse-shop.it\/Import\/Prodotti\/g3-ferrari-friggisano-22-l.jpg","_links":{"self":[{"href":"https:\/\/dev6.erresse-shop.it\/fr\/wp-json\/wp\/v2\/product\/61055","targetHints":{"allow":["GET"]}}],"collection":[{"href":"https:\/\/dev6.erresse-shop.it\/fr\/wp-json\/wp\/v2\/product"}],"about":[{"href":"https:\/\/dev6.erresse-shop.it\/fr\/wp-json\/wp\/v2\/types\/product"}],"wp:featuredmedia":[{"embeddable":true,"href":"https:\/\/dev6.erresse-shop.it\/fr\/wp-json\/wp\/v2\/media\/6277263"}],"wp:attachment":[{"href":"https:\/\/dev6.erresse-shop.it\/fr\/wp-json\/wp\/v2\/media?parent=61055"}],"wp:term":[{"taxonomy":"product_cat","embeddable":true,"href":"https:\/\/dev6.erresse-shop.it\/fr\/wp-json\/wp\/v2\/product_cat?post=61055"},{"taxonomy":"product_tag","embeddable":true,"href":"https:\/\/dev6.erresse-shop.it\/fr\/wp-json\/wp\/v2\/product_tag?post=61055"}],"curies":[{"name":"wp","href":"https:\/\/api.w.org\/{rel}","templated":true}]}}