{"id":61053,"date":"2026-04-12T09:27:39","date_gmt":"2026-04-12T07:27:39","guid":{"rendered":"https:\/\/dev6.erresse-shop.it\/shop\/non%20class\u00e9\/g3-ferrari-rosto-37-l\/"},"modified":"2025-11-22T18:00:00","modified_gmt":"2025-11-22T17:00:00","slug":"g3-ferrari-rosto-37-l","status":"publish","type":"product","link":"https:\/\/dev6.erresse-shop.it\/fr\/shop\/petits-electromenagers\/fours\/g3-ferrari-rosto-37-l\/","title":{"rendered":"G3 FERRARI Rost\u00f2 37 L"},"content":{"rendered":"<p>Le Rost\u00f2 37 est facile \u00e0 utiliser et tr\u00e8s spacieux avec sa cavit\u00e9 de 37 litres. Il est possible de cuire deux plats en m\u00eame temps et, gr\u00e2ce \u00e0 sa faible consommation d\u2019\u00e9nergie, il constitue un pr\u00e9cieux appareil auxiliaire de cuisine. La fonction de convection offre la possibilit\u00e9 de cuire les aliments en un temps plus court. Il est facile \u00e0 transporter et utile dans de nombreuses situations diff\u00e9rentes, \u00e0 l\u2019int\u00e9rieur comme \u00e0 l\u2019ext\u00e9rieur. La temp\u00e9rature int\u00e9rieure \u00e9lev\u00e9e, qui peut atteindre plus de 300 degr\u00e9s, et le plateau rond sp\u00e9cial, font de ce four un excellent outil pour la cuisson des pizzas et autres plats similaires.<\/p>\n<p>Sp\u00e9cifications techniques<br \/>\n\u2013 Puissance : 1500W<br \/>\n\u2013 Capacit\u00e9 : 37 litres<br \/>\n\u2013 Convection et lumi\u00e8re int\u00e9rieure<br \/>\n\u2013 Convient aux plats de 38 cm de diam\u00e8tre<br \/>\n\u2013 Double verre pour l\u2019isolation thermique<br \/>\n\u2013 Minuterie : 90 minutes avec signal sonore<br \/>\n\u2013 Thermostat r\u00e9glable : de 40\u00b0C \u00e0 300\u00b0C<br \/>\n\u2013 \u00c9l\u00e9ments chauffants en acier<br \/>\n\u2013 Fonctions de cuisson : double chaleur, fond et gril<br \/>\n\u2013 Lumi\u00e8re rouge pour le fonctionnement<br \/>\n\u2013 Facile \u00e0 nettoyer : Parois internes \u00e9maill\u00e9es.<br \/>\n\u2013 Accessoires : 1 grille, 1 plateau rectangulaire, 1 plateau rond \u00d837cm<br \/>\n\u2013 Alimentation \u00e9lectrique : AC 230V ~ 50-60Hz<\/p>\n","protected":false},"excerpt":{"rendered":"<p>Le Rost\u00f2 37 est facile \u00e0 utiliser et tr\u00e8s spacieux avec sa cavit\u00e9 de 37 litres. Il est possible de cuire deux plats en m\u00eame temps et, gr\u00e2ce \u00e0 sa faible consommation d\u2019\u00e9nergie, il constitue un pr\u00e9cieux appareil auxiliaire de cuisine. La fonction de convection offre la possibilit\u00e9 de cuire les aliments en un temps [&hellip;]<\/p>\n","protected":false},"featured_media":6360517,"template":"","meta":{"_acf_changed":false},"product_cat":[12085,12055],"product_tag":[],"class_list":{"0":"post-61053","1":"product","2":"type-product","3":"status-publish","4":"has-post-thumbnail","6":"product_cat-fours","7":"product_cat-petits-electromenagers","9":"first","10":"instock","11":"sale","12":"taxable","13":"shipping-taxable","14":"purchasable","15":"product-type-simple","swatches":"rey-swatches","show_selected":"","stretch_labels":"rey-swatches--stretch-labels"},"acf":[],"yoast_head":"<!-- This site is optimized with the Yoast SEO plugin v25.4 - https:\/\/yoast.com\/wordpress\/plugins\/seo\/ -->\n<title>G3 FERRARI Rost\u00f2 37 L - dev6 Erresse<\/title>\n<meta name=\"description\" content=\"Le Rost\u00f2 37 est facile \u00e0 utiliser et tr\u00e8s spacieux avec sa cavit\u00e9 de 37 litres. Il est possible de cuire deux plats en m\u00eame temps et, gr\u00e2ce \u00e0 sa faible\" \/>\n<meta name=\"robots\" content=\"noindex, follow, max-snippet:-1, max-image-preview:large, max-video-preview:-1\" \/>\n<meta property=\"og:locale\" content=\"fr_FR\" \/>\n<meta property=\"og:type\" content=\"article\" \/>\n<meta property=\"og:title\" content=\"G3 FERRARI Rost\u00f2 37 L - dev6 Erresse\" \/>\n<meta property=\"og:description\" content=\"Le Rost\u00f2 37 est facile \u00e0 utiliser et tr\u00e8s spacieux avec sa cavit\u00e9 de 37 litres. Il est possible de cuire deux plats en m\u00eame temps et, gr\u00e2ce \u00e0 sa faible\" \/>\n<meta property=\"og:url\" content=\"https:\/\/dev6.erresse-shop.it\/fr\/shop\/petits-electromenagers\/fours\/g3-ferrari-rosto-37-l\/\" \/>\n<meta property=\"og:site_name\" content=\"dev6 Erresse\" \/>\n<meta property=\"og:image\" content=\"https:\/\/interpim.erresse-shop.it\/Import\/Prodotti\/g3-ferrari-forno-rosto-45-l-9.jpg\" \/><meta property=\"og:image\" content=\"https:\/\/interpim.erresse-shop.it\/Import\/Prodotti\/g3-ferrari-forno-rosto-45-l-9.jpg\" \/>\n\t<meta property=\"og:image:width\" content=\"1024\" \/>\n\t<meta property=\"og:image:height\" content=\"1024\" \/>\n\t<meta property=\"og:image:type\" content=\"image\/jpeg\" \/>\n<meta name=\"twitter:card\" content=\"summary_large_image\" \/>\n<meta name=\"twitter:image\" content=\"https:\/\/interpim.erresse-shop.it\/Import\/Prodotti\/g3-ferrari-forno-rosto-45-l-9.jpg\" \/>\n<script type=\"application\/ld+json\" class=\"yoast-schema-graph\">{\"@context\":\"https:\/\/schema.org\",\"@graph\":[{\"@type\":\"WebPage\",\"@id\":\"https:\/\/dev6.erresse-shop.it\/fr\/shop\/petits-electromenagers\/fours\/g3-ferrari-rosto-37-l\/\",\"url\":\"https:\/\/dev6.erresse-shop.it\/fr\/shop\/petits-electromenagers\/fours\/g3-ferrari-rosto-37-l\/\",\"name\":\"G3 FERRARI Rost\u00f2 37 L - dev6 Erresse\",\"isPartOf\":{\"@id\":\"https:\/\/dev6.erresse-shop.it\/#website\"},\"primaryImageOfPage\":{\"@id\":\"https:\/\/dev6.erresse-shop.it\/fr\/shop\/petits-electromenagers\/fours\/g3-ferrari-rosto-37-l\/#primaryimage\"},\"image\":{\"@id\":\"https:\/\/dev6.erresse-shop.it\/fr\/shop\/petits-electromenagers\/fours\/g3-ferrari-rosto-37-l\/#primaryimage\"},\"thumbnailUrl\":\"https:\/\/i3.wp.com\/interpim.erresse-shop.it\/Import\/Prodotti\/g3-ferrari-forno-rosto-45-l-9.jpg?ssl=1\",\"datePublished\":\"2026-04-12T07:27:39+00:00\",\"description\":\"Le Rost\u00f2 37 est facile \u00e0 utiliser et tr\u00e8s spacieux avec sa cavit\u00e9 de 37 litres. Il est possible de cuire deux plats en m\u00eame temps et, gr\u00e2ce \u00e0 sa faible\",\"breadcrumb\":{\"@id\":\"https:\/\/dev6.erresse-shop.it\/fr\/shop\/petits-electromenagers\/fours\/g3-ferrari-rosto-37-l\/#breadcrumb\"},\"inLanguage\":\"fr-FR\",\"potentialAction\":[{\"@type\":\"ReadAction\",\"target\":[\"https:\/\/dev6.erresse-shop.it\/fr\/shop\/petits-electromenagers\/fours\/g3-ferrari-rosto-37-l\/\"]}]},{\"@type\":\"ImageObject\",\"inLanguage\":\"fr-FR\",\"@id\":\"https:\/\/dev6.erresse-shop.it\/fr\/shop\/petits-electromenagers\/fours\/g3-ferrari-rosto-37-l\/#primaryimage\",\"url\":\"https:\/\/i3.wp.com\/interpim.erresse-shop.it\/Import\/Prodotti\/g3-ferrari-forno-rosto-45-l-9.jpg?ssl=1\",\"contentUrl\":\"https:\/\/i3.wp.com\/interpim.erresse-shop.it\/Import\/Prodotti\/g3-ferrari-forno-rosto-45-l-9.jpg?ssl=1\"},{\"@type\":\"BreadcrumbList\",\"@id\":\"https:\/\/dev6.erresse-shop.it\/fr\/shop\/petits-electromenagers\/fours\/g3-ferrari-rosto-37-l\/#breadcrumb\",\"itemListElement\":[{\"@type\":\"ListItem\",\"position\":1,\"name\":\"Home\",\"item\":\"https:\/\/dev6.erresse-shop.it\/\"},{\"@type\":\"ListItem\",\"position\":2,\"name\":\"Boutique\",\"item\":\"https:\/\/dev6.erresse-shop.it\/shop\/\"},{\"@type\":\"ListItem\",\"position\":3,\"name\":\"G3 FERRARI Rost\u00f2 37 L\"}]},{\"@type\":\"WebSite\",\"@id\":\"https:\/\/dev6.erresse-shop.it\/#website\",\"url\":\"https:\/\/dev6.erresse-shop.it\/\",\"name\":\"Erresse Shop\",\"description\":\"\",\"publisher\":{\"@id\":\"https:\/\/dev6.erresse-shop.it\/#organization\"},\"potentialAction\":[{\"@type\":\"SearchAction\",\"target\":{\"@type\":\"EntryPoint\",\"urlTemplate\":\"https:\/\/dev6.erresse-shop.it\/?s={search_term_string}\"},\"query-input\":{\"@type\":\"PropertyValueSpecification\",\"valueRequired\":true,\"valueName\":\"search_term_string\"}}],\"inLanguage\":\"fr-FR\"},{\"@type\":\"Organization\",\"@id\":\"https:\/\/dev6.erresse-shop.it\/#organization\",\"name\":\"Erresse Shop\",\"url\":\"https:\/\/dev6.erresse-shop.it\/\",\"logo\":{\"@type\":\"ImageObject\",\"inLanguage\":\"fr-FR\",\"@id\":\"https:\/\/dev6.erresse-shop.it\/#\/schema\/logo\/image\/\",\"url\":\"https:\/\/dev6.erresse-shop.it\/wp-content\/uploads\/2025\/01\/LOGO-ERRESSE-CLASSICO.svg\",\"contentUrl\":\"https:\/\/dev6.erresse-shop.it\/wp-content\/uploads\/2025\/01\/LOGO-ERRESSE-CLASSICO.svg\",\"caption\":\"Erresse Shop\"},\"image\":{\"@id\":\"https:\/\/dev6.erresse-shop.it\/#\/schema\/logo\/image\/\"}}]}<\/script>\n<!-- \/ Yoast SEO plugin. -->","yoast_head_json":{"title":"G3 FERRARI Rost\u00f2 37 L - dev6 Erresse","description":"Le Rost\u00f2 37 est facile \u00e0 utiliser et tr\u00e8s spacieux avec sa cavit\u00e9 de 37 litres. Il est possible de cuire deux plats en m\u00eame temps et, gr\u00e2ce \u00e0 sa faible","robots":{"index":"noindex","follow":"follow","max-snippet":"max-snippet:-1","max-image-preview":"max-image-preview:large","max-video-preview":"max-video-preview:-1"},"og_locale":"fr_FR","og_type":"article","og_title":"G3 FERRARI Rost\u00f2 37 L - dev6 Erresse","og_description":"Le Rost\u00f2 37 est facile \u00e0 utiliser et tr\u00e8s spacieux avec sa cavit\u00e9 de 37 litres. Il est possible de cuire deux plats en m\u00eame temps et, gr\u00e2ce \u00e0 sa faible","og_url":"https:\/\/dev6.erresse-shop.it\/fr\/shop\/petits-electromenagers\/fours\/g3-ferrari-rosto-37-l\/","og_site_name":"dev6 Erresse","og_image":[{"url":"https:\/\/interpim.erresse-shop.it\/Import\/Prodotti\/g3-ferrari-forno-rosto-45-l-9.jpg","type":"","width":"","height":""},{"url":"https:\/\/interpim.erresse-shop.it\/Import\/Prodotti\/g3-ferrari-forno-rosto-45-l-9.jpg","width":1024,"height":1024,"type":"image\/jpeg"}],"twitter_card":"summary_large_image","twitter_image":"https:\/\/interpim.erresse-shop.it\/Import\/Prodotti\/g3-ferrari-forno-rosto-45-l-9.jpg","schema":{"@context":"https:\/\/schema.org","@graph":[{"@type":"WebPage","@id":"https:\/\/dev6.erresse-shop.it\/fr\/shop\/petits-electromenagers\/fours\/g3-ferrari-rosto-37-l\/","url":"https:\/\/dev6.erresse-shop.it\/fr\/shop\/petits-electromenagers\/fours\/g3-ferrari-rosto-37-l\/","name":"G3 FERRARI Rost\u00f2 37 L - dev6 Erresse","isPartOf":{"@id":"https:\/\/dev6.erresse-shop.it\/#website"},"primaryImageOfPage":{"@id":"https:\/\/dev6.erresse-shop.it\/fr\/shop\/petits-electromenagers\/fours\/g3-ferrari-rosto-37-l\/#primaryimage"},"image":{"@id":"https:\/\/dev6.erresse-shop.it\/fr\/shop\/petits-electromenagers\/fours\/g3-ferrari-rosto-37-l\/#primaryimage"},"thumbnailUrl":"https:\/\/i3.wp.com\/interpim.erresse-shop.it\/Import\/Prodotti\/g3-ferrari-forno-rosto-45-l-9.jpg?ssl=1","datePublished":"2026-04-12T07:27:39+00:00","description":"Le Rost\u00f2 37 est facile \u00e0 utiliser et tr\u00e8s spacieux avec sa cavit\u00e9 de 37 litres. Il est possible de cuire deux plats en m\u00eame temps et, gr\u00e2ce \u00e0 sa faible","breadcrumb":{"@id":"https:\/\/dev6.erresse-shop.it\/fr\/shop\/petits-electromenagers\/fours\/g3-ferrari-rosto-37-l\/#breadcrumb"},"inLanguage":"fr-FR","potentialAction":[{"@type":"ReadAction","target":["https:\/\/dev6.erresse-shop.it\/fr\/shop\/petits-electromenagers\/fours\/g3-ferrari-rosto-37-l\/"]}]},{"@type":"ImageObject","inLanguage":"fr-FR","@id":"https:\/\/dev6.erresse-shop.it\/fr\/shop\/petits-electromenagers\/fours\/g3-ferrari-rosto-37-l\/#primaryimage","url":"https:\/\/i3.wp.com\/interpim.erresse-shop.it\/Import\/Prodotti\/g3-ferrari-forno-rosto-45-l-9.jpg?ssl=1","contentUrl":"https:\/\/i3.wp.com\/interpim.erresse-shop.it\/Import\/Prodotti\/g3-ferrari-forno-rosto-45-l-9.jpg?ssl=1"},{"@type":"BreadcrumbList","@id":"https:\/\/dev6.erresse-shop.it\/fr\/shop\/petits-electromenagers\/fours\/g3-ferrari-rosto-37-l\/#breadcrumb","itemListElement":[{"@type":"ListItem","position":1,"name":"Home","item":"https:\/\/dev6.erresse-shop.it\/"},{"@type":"ListItem","position":2,"name":"Boutique","item":"https:\/\/dev6.erresse-shop.it\/shop\/"},{"@type":"ListItem","position":3,"name":"G3 FERRARI Rost\u00f2 37 L"}]},{"@type":"WebSite","@id":"https:\/\/dev6.erresse-shop.it\/#website","url":"https:\/\/dev6.erresse-shop.it\/","name":"Erresse Shop","description":"","publisher":{"@id":"https:\/\/dev6.erresse-shop.it\/#organization"},"potentialAction":[{"@type":"SearchAction","target":{"@type":"EntryPoint","urlTemplate":"https:\/\/dev6.erresse-shop.it\/?s={search_term_string}"},"query-input":{"@type":"PropertyValueSpecification","valueRequired":true,"valueName":"search_term_string"}}],"inLanguage":"fr-FR"},{"@type":"Organization","@id":"https:\/\/dev6.erresse-shop.it\/#organization","name":"Erresse Shop","url":"https:\/\/dev6.erresse-shop.it\/","logo":{"@type":"ImageObject","inLanguage":"fr-FR","@id":"https:\/\/dev6.erresse-shop.it\/#\/schema\/logo\/image\/","url":"https:\/\/dev6.erresse-shop.it\/wp-content\/uploads\/2025\/01\/LOGO-ERRESSE-CLASSICO.svg","contentUrl":"https:\/\/dev6.erresse-shop.it\/wp-content\/uploads\/2025\/01\/LOGO-ERRESSE-CLASSICO.svg","caption":"Erresse Shop"},"image":{"@id":"https:\/\/dev6.erresse-shop.it\/#\/schema\/logo\/image\/"}}]}},"df_price":139,"df_sale_price":139,"df_regular_price":159.9,"df_image_link":"https:\/\/i3.wp.com\/interpim.erresse-shop.it\/Import\/Prodotti\/g3-ferrari-forno-rosto-45-l-9.jpg?resize=300,300&ssl=1","fifu_image_url":"https:\/\/interpim.erresse-shop.it\/Import\/Prodotti\/g3-ferrari-forno-rosto-45-l-9.jpg","_links":{"self":[{"href":"https:\/\/dev6.erresse-shop.it\/fr\/wp-json\/wp\/v2\/product\/61053","targetHints":{"allow":["GET"]}}],"collection":[{"href":"https:\/\/dev6.erresse-shop.it\/fr\/wp-json\/wp\/v2\/product"}],"about":[{"href":"https:\/\/dev6.erresse-shop.it\/fr\/wp-json\/wp\/v2\/types\/product"}],"wp:featuredmedia":[{"embeddable":true,"href":"https:\/\/dev6.erresse-shop.it\/fr\/wp-json\/wp\/v2\/media\/6360517"}],"wp:attachment":[{"href":"https:\/\/dev6.erresse-shop.it\/fr\/wp-json\/wp\/v2\/media?parent=61053"}],"wp:term":[{"taxonomy":"product_cat","embeddable":true,"href":"https:\/\/dev6.erresse-shop.it\/fr\/wp-json\/wp\/v2\/product_cat?post=61053"},{"taxonomy":"product_tag","embeddable":true,"href":"https:\/\/dev6.erresse-shop.it\/fr\/wp-json\/wp\/v2\/product_tag?post=61053"}],"curies":[{"name":"wp","href":"https:\/\/api.w.org\/{rel}","templated":true}]}}