{"id":61047,"date":"2026-04-12T09:27:39","date_gmt":"2026-04-12T07:27:39","guid":{"rendered":"https:\/\/dev6.erresse-shop.it\/shop\/non%20class\u00e9\/g3-ferrari-delizia-evo-rouge\/"},"modified":"2025-09-14T04:45:54","modified_gmt":"2025-09-14T02:45:54","slug":"g3-ferrari-delizia-evo-rouge","status":"publish","type":"product","link":"https:\/\/dev6.erresse-shop.it\/fr\/shop\/petits-electromenagers\/fours\/g3-ferrari-delizia-evo-rouge\/","title":{"rendered":"G3 FERRARI Delizia Evo Rouge"},"content":{"rendered":"<p>Avec le four \u00e0 pizza Delizia vous pourrez enfin cuisiner la vraie Pizza Napoletana dans votre cuisine en seulement 5 minutes, l\u2019assaisonner avec les ingr\u00e9dients que vous pr\u00e9f\u00e9rez, en vous amusant \u00e0 exp\u00e9rimenter chaque jour de nouvelles recettes savoureuses. Le parfum et le go\u00fbt inimitable de la pizza au four sont mis en valeur \u00e0 l\u2019int\u00e9rieur du four Delizia. La cl\u00e9 pour obtenir une bonne pizza est une temp\u00e9rature de cuisson tr\u00e8s \u00e9lev\u00e9e (400\u00b0 C) pendant quelques minutes : de cette fa\u00e7on, on peut cuire la p\u00e2te sans dess\u00e9cher l\u2019assaisonnement. Les fours domestiques n\u2019atteignent g\u00e9n\u00e9ralement pas ces temp\u00e9ratures, mais la pierre r\u00e9fractaire Delizia fait vraiment la diff\u00e9rence en atteignant jusqu\u2019\u00e0 400\u00b0C, garantissant le m\u00eame r\u00e9sultat que les fours des meilleures pizzeria de Naples. Sans fum\u00e9e de cuisson ni odeurs d\u00e9sagr\u00e9ables, le four \u00e0 pizza Delizia peut \u00e9galement \u00eatre utilis\u00e9 pour cuire des g\u00e2teaux, des tartes, des enveloppes, des g\u00e2teaux et des ch\u00e2taignes.<\/p>\n<p>Sp\u00e9cifications techniques<br \/>\n\u2013 Minuterie : 5 minutes avec signal<br \/>\n\u2013 Thermostat r\u00e9glable : jusqu\u2019\u00e0 400\u00b0C<br \/>\n\u2013 Pierre de cuisson r\u00e9fractaire (\u00f8 31 cm)<br \/>\n\u2013 Deux \u00e9l\u00e9ments chauffants en acier inoxydable<br \/>\n\u2013 Lumi\u00e8re rouge pour le fonctionnement<br \/>\n\u2013 Conforme \u00e0 la norme europ\u00e9enne EN 60335-2-9:A13\/2010<br \/>\n\u2013 Accessoires : plaques \u00e0 pizza en aluminium \u00d8 28 cm<br \/>\n\u2013 Alimentation \u00e9lectrique : AC 230V ~ 50 Hz<br \/>\n\u2013 Puissance : 1200W<\/p>\n","protected":false},"excerpt":{"rendered":"<p>Avec le four \u00e0 pizza Delizia vous pourrez enfin cuisiner la vraie Pizza Napoletana dans votre cuisine en seulement 5 minutes, l\u2019assaisonner avec les ingr\u00e9dients que vous pr\u00e9f\u00e9rez, en vous amusant \u00e0 exp\u00e9rimenter chaque jour de nouvelles recettes savoureuses. Le parfum et le go\u00fbt inimitable de la pizza au four sont mis en valeur \u00e0 [&hellip;]<\/p>\n","protected":false},"featured_media":6360453,"template":"","meta":{"_acf_changed":false},"product_cat":[12085,12055],"product_tag":[],"class_list":{"0":"post-61047","1":"product","2":"type-product","3":"status-publish","4":"has-post-thumbnail","6":"product_cat-fours","7":"product_cat-petits-electromenagers","9":"first","10":"instock","11":"sale","12":"taxable","13":"shipping-taxable","14":"purchasable","15":"product-type-simple","swatches":"rey-swatches","show_selected":"","stretch_labels":"rey-swatches--stretch-labels"},"acf":[],"yoast_head":"<!-- This site is optimized with the Yoast SEO plugin v25.4 - https:\/\/yoast.com\/wordpress\/plugins\/seo\/ -->\n<title>G3 FERRARI Delizia Evo Rouge - dev6 Erresse<\/title>\n<meta name=\"description\" content=\"Avec le four \u00e0 pizza Delizia vous pourrez enfin cuisiner la vraie Pizza Napoletana dans votre cuisine en seulement 5 minutes, l\u2019assaisonner avec les\" \/>\n<meta name=\"robots\" content=\"noindex, follow, max-snippet:-1, max-image-preview:large, max-video-preview:-1\" \/>\n<meta property=\"og:locale\" content=\"fr_FR\" \/>\n<meta property=\"og:type\" content=\"article\" \/>\n<meta property=\"og:title\" content=\"G3 FERRARI Delizia Evo Rouge - dev6 Erresse\" \/>\n<meta property=\"og:description\" content=\"Avec le four \u00e0 pizza Delizia vous pourrez enfin cuisiner la vraie Pizza Napoletana dans votre cuisine en seulement 5 minutes, l\u2019assaisonner avec les\" \/>\n<meta property=\"og:url\" content=\"https:\/\/dev6.erresse-shop.it\/fr\/shop\/petits-electromenagers\/fours\/g3-ferrari-delizia-evo-rouge\/\" \/>\n<meta property=\"og:site_name\" content=\"dev6 Erresse\" \/>\n<meta property=\"og:image\" content=\"https:\/\/interpim.erresse-shop.it\/Import\/Prodotti\/g3-ferrari-delizia-evo-rosso.jpg\" \/><meta property=\"og:image\" content=\"https:\/\/interpim.erresse-shop.it\/Import\/Prodotti\/g3-ferrari-delizia-evo-rosso.jpg\" \/>\n\t<meta property=\"og:image:width\" content=\"1024\" \/>\n\t<meta property=\"og:image:height\" content=\"1024\" \/>\n\t<meta property=\"og:image:type\" content=\"image\/jpeg\" \/>\n<meta name=\"twitter:card\" content=\"summary_large_image\" \/>\n<meta name=\"twitter:image\" content=\"https:\/\/interpim.erresse-shop.it\/Import\/Prodotti\/g3-ferrari-delizia-evo-rosso.jpg\" \/>\n<script type=\"application\/ld+json\" class=\"yoast-schema-graph\">{\"@context\":\"https:\/\/schema.org\",\"@graph\":[{\"@type\":\"WebPage\",\"@id\":\"https:\/\/dev6.erresse-shop.it\/fr\/shop\/petits-electromenagers\/fours\/g3-ferrari-delizia-evo-rouge\/\",\"url\":\"https:\/\/dev6.erresse-shop.it\/fr\/shop\/petits-electromenagers\/fours\/g3-ferrari-delizia-evo-rouge\/\",\"name\":\"G3 FERRARI Delizia Evo Rouge - dev6 Erresse\",\"isPartOf\":{\"@id\":\"https:\/\/dev6.erresse-shop.it\/#website\"},\"primaryImageOfPage\":{\"@id\":\"https:\/\/dev6.erresse-shop.it\/fr\/shop\/petits-electromenagers\/fours\/g3-ferrari-delizia-evo-rouge\/#primaryimage\"},\"image\":{\"@id\":\"https:\/\/dev6.erresse-shop.it\/fr\/shop\/petits-electromenagers\/fours\/g3-ferrari-delizia-evo-rouge\/#primaryimage\"},\"thumbnailUrl\":\"https:\/\/i1.wp.com\/interpim.erresse-shop.it\/Import\/Prodotti\/g3-ferrari-delizia-evo-rosso.jpg?ssl=1\",\"datePublished\":\"2026-04-12T07:27:39+00:00\",\"description\":\"Avec le four \u00e0 pizza Delizia vous pourrez enfin cuisiner la vraie Pizza Napoletana dans votre cuisine en seulement 5 minutes, l\u2019assaisonner avec les\",\"breadcrumb\":{\"@id\":\"https:\/\/dev6.erresse-shop.it\/fr\/shop\/petits-electromenagers\/fours\/g3-ferrari-delizia-evo-rouge\/#breadcrumb\"},\"inLanguage\":\"fr-FR\",\"potentialAction\":[{\"@type\":\"ReadAction\",\"target\":[\"https:\/\/dev6.erresse-shop.it\/fr\/shop\/petits-electromenagers\/fours\/g3-ferrari-delizia-evo-rouge\/\"]}]},{\"@type\":\"ImageObject\",\"inLanguage\":\"fr-FR\",\"@id\":\"https:\/\/dev6.erresse-shop.it\/fr\/shop\/petits-electromenagers\/fours\/g3-ferrari-delizia-evo-rouge\/#primaryimage\",\"url\":\"https:\/\/i1.wp.com\/interpim.erresse-shop.it\/Import\/Prodotti\/g3-ferrari-delizia-evo-rosso.jpg?ssl=1\",\"contentUrl\":\"https:\/\/i1.wp.com\/interpim.erresse-shop.it\/Import\/Prodotti\/g3-ferrari-delizia-evo-rosso.jpg?ssl=1\"},{\"@type\":\"BreadcrumbList\",\"@id\":\"https:\/\/dev6.erresse-shop.it\/fr\/shop\/petits-electromenagers\/fours\/g3-ferrari-delizia-evo-rouge\/#breadcrumb\",\"itemListElement\":[{\"@type\":\"ListItem\",\"position\":1,\"name\":\"Home\",\"item\":\"https:\/\/dev6.erresse-shop.it\/\"},{\"@type\":\"ListItem\",\"position\":2,\"name\":\"Boutique\",\"item\":\"https:\/\/dev6.erresse-shop.it\/shop\/\"},{\"@type\":\"ListItem\",\"position\":3,\"name\":\"G3 FERRARI Delizia Evo Rouge\"}]},{\"@type\":\"WebSite\",\"@id\":\"https:\/\/dev6.erresse-shop.it\/#website\",\"url\":\"https:\/\/dev6.erresse-shop.it\/\",\"name\":\"Erresse Shop\",\"description\":\"\",\"publisher\":{\"@id\":\"https:\/\/dev6.erresse-shop.it\/#organization\"},\"potentialAction\":[{\"@type\":\"SearchAction\",\"target\":{\"@type\":\"EntryPoint\",\"urlTemplate\":\"https:\/\/dev6.erresse-shop.it\/?s={search_term_string}\"},\"query-input\":{\"@type\":\"PropertyValueSpecification\",\"valueRequired\":true,\"valueName\":\"search_term_string\"}}],\"inLanguage\":\"fr-FR\"},{\"@type\":\"Organization\",\"@id\":\"https:\/\/dev6.erresse-shop.it\/#organization\",\"name\":\"Erresse Shop\",\"url\":\"https:\/\/dev6.erresse-shop.it\/\",\"logo\":{\"@type\":\"ImageObject\",\"inLanguage\":\"fr-FR\",\"@id\":\"https:\/\/dev6.erresse-shop.it\/#\/schema\/logo\/image\/\",\"url\":\"https:\/\/dev6.erresse-shop.it\/wp-content\/uploads\/2025\/01\/LOGO-ERRESSE-CLASSICO.svg\",\"contentUrl\":\"https:\/\/dev6.erresse-shop.it\/wp-content\/uploads\/2025\/01\/LOGO-ERRESSE-CLASSICO.svg\",\"caption\":\"Erresse Shop\"},\"image\":{\"@id\":\"https:\/\/dev6.erresse-shop.it\/#\/schema\/logo\/image\/\"}}]}<\/script>\n<!-- \/ Yoast SEO plugin. -->","yoast_head_json":{"title":"G3 FERRARI Delizia Evo Rouge - dev6 Erresse","description":"Avec le four \u00e0 pizza Delizia vous pourrez enfin cuisiner la vraie Pizza Napoletana dans votre cuisine en seulement 5 minutes, l\u2019assaisonner avec les","robots":{"index":"noindex","follow":"follow","max-snippet":"max-snippet:-1","max-image-preview":"max-image-preview:large","max-video-preview":"max-video-preview:-1"},"og_locale":"fr_FR","og_type":"article","og_title":"G3 FERRARI Delizia Evo Rouge - dev6 Erresse","og_description":"Avec le four \u00e0 pizza Delizia vous pourrez enfin cuisiner la vraie Pizza Napoletana dans votre cuisine en seulement 5 minutes, l\u2019assaisonner avec les","og_url":"https:\/\/dev6.erresse-shop.it\/fr\/shop\/petits-electromenagers\/fours\/g3-ferrari-delizia-evo-rouge\/","og_site_name":"dev6 Erresse","og_image":[{"url":"https:\/\/interpim.erresse-shop.it\/Import\/Prodotti\/g3-ferrari-delizia-evo-rosso.jpg","type":"","width":"","height":""},{"url":"https:\/\/interpim.erresse-shop.it\/Import\/Prodotti\/g3-ferrari-delizia-evo-rosso.jpg","width":1024,"height":1024,"type":"image\/jpeg"}],"twitter_card":"summary_large_image","twitter_image":"https:\/\/interpim.erresse-shop.it\/Import\/Prodotti\/g3-ferrari-delizia-evo-rosso.jpg","schema":{"@context":"https:\/\/schema.org","@graph":[{"@type":"WebPage","@id":"https:\/\/dev6.erresse-shop.it\/fr\/shop\/petits-electromenagers\/fours\/g3-ferrari-delizia-evo-rouge\/","url":"https:\/\/dev6.erresse-shop.it\/fr\/shop\/petits-electromenagers\/fours\/g3-ferrari-delizia-evo-rouge\/","name":"G3 FERRARI Delizia Evo Rouge - dev6 Erresse","isPartOf":{"@id":"https:\/\/dev6.erresse-shop.it\/#website"},"primaryImageOfPage":{"@id":"https:\/\/dev6.erresse-shop.it\/fr\/shop\/petits-electromenagers\/fours\/g3-ferrari-delizia-evo-rouge\/#primaryimage"},"image":{"@id":"https:\/\/dev6.erresse-shop.it\/fr\/shop\/petits-electromenagers\/fours\/g3-ferrari-delizia-evo-rouge\/#primaryimage"},"thumbnailUrl":"https:\/\/i1.wp.com\/interpim.erresse-shop.it\/Import\/Prodotti\/g3-ferrari-delizia-evo-rosso.jpg?ssl=1","datePublished":"2026-04-12T07:27:39+00:00","description":"Avec le four \u00e0 pizza Delizia vous pourrez enfin cuisiner la vraie Pizza Napoletana dans votre cuisine en seulement 5 minutes, l\u2019assaisonner avec les","breadcrumb":{"@id":"https:\/\/dev6.erresse-shop.it\/fr\/shop\/petits-electromenagers\/fours\/g3-ferrari-delizia-evo-rouge\/#breadcrumb"},"inLanguage":"fr-FR","potentialAction":[{"@type":"ReadAction","target":["https:\/\/dev6.erresse-shop.it\/fr\/shop\/petits-electromenagers\/fours\/g3-ferrari-delizia-evo-rouge\/"]}]},{"@type":"ImageObject","inLanguage":"fr-FR","@id":"https:\/\/dev6.erresse-shop.it\/fr\/shop\/petits-electromenagers\/fours\/g3-ferrari-delizia-evo-rouge\/#primaryimage","url":"https:\/\/i1.wp.com\/interpim.erresse-shop.it\/Import\/Prodotti\/g3-ferrari-delizia-evo-rosso.jpg?ssl=1","contentUrl":"https:\/\/i1.wp.com\/interpim.erresse-shop.it\/Import\/Prodotti\/g3-ferrari-delizia-evo-rosso.jpg?ssl=1"},{"@type":"BreadcrumbList","@id":"https:\/\/dev6.erresse-shop.it\/fr\/shop\/petits-electromenagers\/fours\/g3-ferrari-delizia-evo-rouge\/#breadcrumb","itemListElement":[{"@type":"ListItem","position":1,"name":"Home","item":"https:\/\/dev6.erresse-shop.it\/"},{"@type":"ListItem","position":2,"name":"Boutique","item":"https:\/\/dev6.erresse-shop.it\/shop\/"},{"@type":"ListItem","position":3,"name":"G3 FERRARI Delizia Evo Rouge"}]},{"@type":"WebSite","@id":"https:\/\/dev6.erresse-shop.it\/#website","url":"https:\/\/dev6.erresse-shop.it\/","name":"Erresse Shop","description":"","publisher":{"@id":"https:\/\/dev6.erresse-shop.it\/#organization"},"potentialAction":[{"@type":"SearchAction","target":{"@type":"EntryPoint","urlTemplate":"https:\/\/dev6.erresse-shop.it\/?s={search_term_string}"},"query-input":{"@type":"PropertyValueSpecification","valueRequired":true,"valueName":"search_term_string"}}],"inLanguage":"fr-FR"},{"@type":"Organization","@id":"https:\/\/dev6.erresse-shop.it\/#organization","name":"Erresse Shop","url":"https:\/\/dev6.erresse-shop.it\/","logo":{"@type":"ImageObject","inLanguage":"fr-FR","@id":"https:\/\/dev6.erresse-shop.it\/#\/schema\/logo\/image\/","url":"https:\/\/dev6.erresse-shop.it\/wp-content\/uploads\/2025\/01\/LOGO-ERRESSE-CLASSICO.svg","contentUrl":"https:\/\/dev6.erresse-shop.it\/wp-content\/uploads\/2025\/01\/LOGO-ERRESSE-CLASSICO.svg","caption":"Erresse Shop"},"image":{"@id":"https:\/\/dev6.erresse-shop.it\/#\/schema\/logo\/image\/"}}]}},"df_price":107.95,"df_sale_price":107.95,"df_regular_price":119,"df_image_link":"https:\/\/i1.wp.com\/interpim.erresse-shop.it\/Import\/Prodotti\/g3-ferrari-delizia-evo-rosso.jpg?resize=300,300&ssl=1","fifu_image_url":"https:\/\/interpim.erresse-shop.it\/Import\/Prodotti\/g3-ferrari-delizia-evo-rosso.jpg","_links":{"self":[{"href":"https:\/\/dev6.erresse-shop.it\/fr\/wp-json\/wp\/v2\/product\/61047","targetHints":{"allow":["GET"]}}],"collection":[{"href":"https:\/\/dev6.erresse-shop.it\/fr\/wp-json\/wp\/v2\/product"}],"about":[{"href":"https:\/\/dev6.erresse-shop.it\/fr\/wp-json\/wp\/v2\/types\/product"}],"wp:featuredmedia":[{"embeddable":true,"href":"https:\/\/dev6.erresse-shop.it\/fr\/wp-json\/wp\/v2\/media\/6360453"}],"wp:attachment":[{"href":"https:\/\/dev6.erresse-shop.it\/fr\/wp-json\/wp\/v2\/media?parent=61047"}],"wp:term":[{"taxonomy":"product_cat","embeddable":true,"href":"https:\/\/dev6.erresse-shop.it\/fr\/wp-json\/wp\/v2\/product_cat?post=61047"},{"taxonomy":"product_tag","embeddable":true,"href":"https:\/\/dev6.erresse-shop.it\/fr\/wp-json\/wp\/v2\/product_tag?post=61047"}],"curies":[{"name":"wp","href":"https:\/\/api.w.org\/{rel}","templated":true}]}}