{"id":61041,"date":"2026-04-04T09:25:49","date_gmt":"2026-04-04T07:25:49","guid":{"rendered":"https:\/\/dev6.erresse-shop.it\/shop\/non%20class\u00e9\/sage-the-no-mess-waffle\/"},"modified":"2025-11-22T17:59:58","modified_gmt":"2025-11-22T16:59:58","slug":"sage-the-no-mess-waffle","status":"publish","type":"product","link":"https:\/\/dev6.erresse-shop.it\/fr\/shop\/petits-electromenagers\/grilles-et-barbecues\/sage-the-no-mess-waffle\/","title":{"rendered":"SAGE The No-mess Waffle"},"content":{"rendered":"<p>Gaufrier circulaire classique.<br \/>\nNous nous sommes attaqu\u00e9s au seul point faible de la pr\u00e9paration des gaufres : les projections de p\u00e2te. La goutti\u00e8re circulaire r\u00e9cup\u00e8re l\u2019exc\u00e8s de p\u00e2te et le cuit, ce qui permet d\u2019\u00e9viter le gaspillage. Gr\u00e2ce au contr\u00f4le du brunissage, vous pouvez choisir la couleur de votre gaufre.<\/p>\n<p>Gaufrier circulaire classique.<br \/>\nNous nous sommes attaqu\u00e9s au seul point faible de la pr\u00e9paration des gaufres : les projections de p\u00e2te. La goutti\u00e8re circulaire r\u00e9cup\u00e8re l\u2019exc\u00e8s de p\u00e2te et le cuit, ce qui permet d\u2019\u00e9viter le gaspillage. Gr\u00e2ce au contr\u00f4le du brunissage, vous pouvez choisir la couleur de votre gaufre.<\/p>\n<p>GOUTTI\u00c8RE INCLUSE<br \/>\nLa goutti\u00e8re de l\u2019appareil r\u00e9cup\u00e8re la p\u00e2te \u00e0 gaufres qui en temps normal coule sur votre plan de travail.<\/p>\n<p>SURFACE ANTIADH\u00c9SIVE<br \/>\nLe rev\u00eatement antiadh\u00e9sif sans PFOA premium emp\u00eache la p\u00e2te d\u2019adh\u00e9rer aux plaques de cuisson.<\/p>\n<p>CUISSON UNIFORME<br \/>\nDites adieu aux \u00e9carts de cuisson : the No-mess Waffle\u00ae r\u00e9partit la chaleur uniform\u00e9ment.<\/p>\n<p>VOYANT PR\u00caT<br \/>\nThe No-mess Waffle\u2122 s\u2019allume lorsque vous pouvez verser la p\u00e2te.<\/p>\n<p>Dimensions (l x P x H)<br \/>\n\u2013 24,1 x 29,2 x 14,6 cm<\/p>\n<p>Mat\u00e9riaux<br \/>\n\u2013 Conteneur en acier inoxydable<br \/>\n\u2013 Plaques de cuisson en aluminium moul\u00e9<\/p>\n<p>Capacit\u00e9<br \/>\n\u2013 1 gaufre classique<\/p>\n<p>Param\u00e8tres<br \/>\n\u2013 Bouton de commande du brunissage avec 7 r\u00e9glages de couleur<\/p>\n<p>Puissance<br \/>\n\u2013 900 Watts<\/p>\n<p>Tension<br \/>\n\u2013 220 \u2013 240 V<\/p>\n<p>Cuisson uniforme Thermal Pro<br \/>\n\u2013 Des \u00e9l\u00e9ments chauffants thermiques assurent une r\u00e9partition uniforme de la chaleur<\/p>\n<p>Garantie<br \/>\n\u2013 Garantie remplacement ou r\u00e9paration de 1 an<\/p>\n<p>\u00a0<\/p>\n<p>Ne peut \u00eatre vendu en dehors de l\u2019Europe<\/p>\n","protected":false},"excerpt":{"rendered":"<p>Gaufrier circulaire classique. Nous nous sommes attaqu\u00e9s au seul point faible de la pr\u00e9paration des gaufres : les projections de p\u00e2te. La goutti\u00e8re circulaire r\u00e9cup\u00e8re l\u2019exc\u00e8s de p\u00e2te et le cuit, ce qui permet d\u2019\u00e9viter le gaspillage. Gr\u00e2ce au contr\u00f4le du brunissage, vous pouvez choisir la couleur de votre gaufre. Gaufrier circulaire classique. Nous nous [&hellip;]<\/p>\n","protected":false},"featured_media":6277128,"template":"","meta":{"_acf_changed":false},"product_cat":[12087,12055],"product_tag":[],"class_list":{"0":"post-61041","1":"product","2":"type-product","3":"status-publish","4":"has-post-thumbnail","6":"product_cat-grilles-et-barbecues","7":"product_cat-petits-electromenagers","9":"first","10":"outofstock","11":"sale","12":"taxable","13":"shipping-taxable","14":"purchasable","15":"product-type-simple","swatches":"rey-swatches","show_selected":"","stretch_labels":"rey-swatches--stretch-labels"},"acf":[],"yoast_head":"<!-- This site is optimized with the Yoast SEO plugin v25.4 - https:\/\/yoast.com\/wordpress\/plugins\/seo\/ -->\n<title>SAGE The No-mess Waffle - dev6 Erresse<\/title>\n<meta name=\"description\" content=\"Gaufrier circulaire classique. Nous nous sommes attaqu\u00e9s au seul point faible de la pr\u00e9paration des gaufres : les projections de p\u00e2te. La goutti\u00e8re\" \/>\n<meta name=\"robots\" content=\"noindex, follow, max-snippet:-1, max-image-preview:large, max-video-preview:-1\" \/>\n<meta property=\"og:locale\" content=\"fr_FR\" \/>\n<meta property=\"og:type\" content=\"article\" \/>\n<meta property=\"og:title\" content=\"SAGE The No-mess Waffle - dev6 Erresse\" \/>\n<meta property=\"og:description\" content=\"Gaufrier circulaire classique. Nous nous sommes attaqu\u00e9s au seul point faible de la pr\u00e9paration des gaufres : les projections de p\u00e2te. La goutti\u00e8re\" \/>\n<meta property=\"og:url\" content=\"https:\/\/dev6.erresse-shop.it\/fr\/shop\/petits-electromenagers\/grilles-et-barbecues\/sage-the-no-mess-waffle\/\" \/>\n<meta property=\"og:site_name\" content=\"dev6 Erresse\" \/>\n<meta property=\"og:image\" content=\"https:\/\/interpim.erresse-shop.it\/Import\/Prodotti\/sage-the-no-mess-waffle-1.jpg\" \/><meta property=\"og:image\" content=\"https:\/\/interpim.erresse-shop.it\/Import\/Prodotti\/sage-the-no-mess-waffle-1.jpg\" \/>\n\t<meta property=\"og:image:width\" content=\"1024\" \/>\n\t<meta property=\"og:image:height\" content=\"1024\" \/>\n\t<meta property=\"og:image:type\" content=\"image\/jpeg\" \/>\n<meta name=\"twitter:card\" content=\"summary_large_image\" \/>\n<meta name=\"twitter:image\" content=\"https:\/\/interpim.erresse-shop.it\/Import\/Prodotti\/sage-the-no-mess-waffle-1.jpg\" \/>\n<script type=\"application\/ld+json\" class=\"yoast-schema-graph\">{\"@context\":\"https:\/\/schema.org\",\"@graph\":[{\"@type\":\"WebPage\",\"@id\":\"https:\/\/dev6.erresse-shop.it\/fr\/shop\/petits-electromenagers\/grilles-et-barbecues\/sage-the-no-mess-waffle\/\",\"url\":\"https:\/\/dev6.erresse-shop.it\/fr\/shop\/petits-electromenagers\/grilles-et-barbecues\/sage-the-no-mess-waffle\/\",\"name\":\"SAGE The No-mess Waffle - dev6 Erresse\",\"isPartOf\":{\"@id\":\"https:\/\/dev6.erresse-shop.it\/#website\"},\"primaryImageOfPage\":{\"@id\":\"https:\/\/dev6.erresse-shop.it\/fr\/shop\/petits-electromenagers\/grilles-et-barbecues\/sage-the-no-mess-waffle\/#primaryimage\"},\"image\":{\"@id\":\"https:\/\/dev6.erresse-shop.it\/fr\/shop\/petits-electromenagers\/grilles-et-barbecues\/sage-the-no-mess-waffle\/#primaryimage\"},\"thumbnailUrl\":\"https:\/\/i2.wp.com\/interpim.erresse-shop.it\/Import\/Prodotti\/sage-the-no-mess-waffle-1.jpg?ssl=1\",\"datePublished\":\"2026-04-04T07:25:49+00:00\",\"description\":\"Gaufrier circulaire classique. Nous nous sommes attaqu\u00e9s au seul point faible de la pr\u00e9paration des gaufres : les projections de p\u00e2te. La goutti\u00e8re\",\"breadcrumb\":{\"@id\":\"https:\/\/dev6.erresse-shop.it\/fr\/shop\/petits-electromenagers\/grilles-et-barbecues\/sage-the-no-mess-waffle\/#breadcrumb\"},\"inLanguage\":\"fr-FR\",\"potentialAction\":[{\"@type\":\"ReadAction\",\"target\":[\"https:\/\/dev6.erresse-shop.it\/fr\/shop\/petits-electromenagers\/grilles-et-barbecues\/sage-the-no-mess-waffle\/\"]}]},{\"@type\":\"ImageObject\",\"inLanguage\":\"fr-FR\",\"@id\":\"https:\/\/dev6.erresse-shop.it\/fr\/shop\/petits-electromenagers\/grilles-et-barbecues\/sage-the-no-mess-waffle\/#primaryimage\",\"url\":\"https:\/\/i2.wp.com\/interpim.erresse-shop.it\/Import\/Prodotti\/sage-the-no-mess-waffle-1.jpg?ssl=1\",\"contentUrl\":\"https:\/\/i2.wp.com\/interpim.erresse-shop.it\/Import\/Prodotti\/sage-the-no-mess-waffle-1.jpg?ssl=1\"},{\"@type\":\"BreadcrumbList\",\"@id\":\"https:\/\/dev6.erresse-shop.it\/fr\/shop\/petits-electromenagers\/grilles-et-barbecues\/sage-the-no-mess-waffle\/#breadcrumb\",\"itemListElement\":[{\"@type\":\"ListItem\",\"position\":1,\"name\":\"Home\",\"item\":\"https:\/\/dev6.erresse-shop.it\/\"},{\"@type\":\"ListItem\",\"position\":2,\"name\":\"Boutique\",\"item\":\"https:\/\/dev6.erresse-shop.it\/shop\/\"},{\"@type\":\"ListItem\",\"position\":3,\"name\":\"SAGE The No-mess Waffle\"}]},{\"@type\":\"WebSite\",\"@id\":\"https:\/\/dev6.erresse-shop.it\/#website\",\"url\":\"https:\/\/dev6.erresse-shop.it\/\",\"name\":\"Erresse Shop\",\"description\":\"\",\"publisher\":{\"@id\":\"https:\/\/dev6.erresse-shop.it\/#organization\"},\"potentialAction\":[{\"@type\":\"SearchAction\",\"target\":{\"@type\":\"EntryPoint\",\"urlTemplate\":\"https:\/\/dev6.erresse-shop.it\/?s={search_term_string}\"},\"query-input\":{\"@type\":\"PropertyValueSpecification\",\"valueRequired\":true,\"valueName\":\"search_term_string\"}}],\"inLanguage\":\"fr-FR\"},{\"@type\":\"Organization\",\"@id\":\"https:\/\/dev6.erresse-shop.it\/#organization\",\"name\":\"Erresse Shop\",\"url\":\"https:\/\/dev6.erresse-shop.it\/\",\"logo\":{\"@type\":\"ImageObject\",\"inLanguage\":\"fr-FR\",\"@id\":\"https:\/\/dev6.erresse-shop.it\/#\/schema\/logo\/image\/\",\"url\":\"https:\/\/dev6.erresse-shop.it\/wp-content\/uploads\/2025\/01\/LOGO-ERRESSE-CLASSICO.svg\",\"contentUrl\":\"https:\/\/dev6.erresse-shop.it\/wp-content\/uploads\/2025\/01\/LOGO-ERRESSE-CLASSICO.svg\",\"caption\":\"Erresse Shop\"},\"image\":{\"@id\":\"https:\/\/dev6.erresse-shop.it\/#\/schema\/logo\/image\/\"}}]}<\/script>\n<!-- \/ Yoast SEO plugin. -->","yoast_head_json":{"title":"SAGE The No-mess Waffle - dev6 Erresse","description":"Gaufrier circulaire classique. Nous nous sommes attaqu\u00e9s au seul point faible de la pr\u00e9paration des gaufres : les projections de p\u00e2te. La goutti\u00e8re","robots":{"index":"noindex","follow":"follow","max-snippet":"max-snippet:-1","max-image-preview":"max-image-preview:large","max-video-preview":"max-video-preview:-1"},"og_locale":"fr_FR","og_type":"article","og_title":"SAGE The No-mess Waffle - dev6 Erresse","og_description":"Gaufrier circulaire classique. Nous nous sommes attaqu\u00e9s au seul point faible de la pr\u00e9paration des gaufres : les projections de p\u00e2te. La goutti\u00e8re","og_url":"https:\/\/dev6.erresse-shop.it\/fr\/shop\/petits-electromenagers\/grilles-et-barbecues\/sage-the-no-mess-waffle\/","og_site_name":"dev6 Erresse","og_image":[{"url":"https:\/\/interpim.erresse-shop.it\/Import\/Prodotti\/sage-the-no-mess-waffle-1.jpg","type":"","width":"","height":""},{"url":"https:\/\/interpim.erresse-shop.it\/Import\/Prodotti\/sage-the-no-mess-waffle-1.jpg","width":1024,"height":1024,"type":"image\/jpeg"}],"twitter_card":"summary_large_image","twitter_image":"https:\/\/interpim.erresse-shop.it\/Import\/Prodotti\/sage-the-no-mess-waffle-1.jpg","schema":{"@context":"https:\/\/schema.org","@graph":[{"@type":"WebPage","@id":"https:\/\/dev6.erresse-shop.it\/fr\/shop\/petits-electromenagers\/grilles-et-barbecues\/sage-the-no-mess-waffle\/","url":"https:\/\/dev6.erresse-shop.it\/fr\/shop\/petits-electromenagers\/grilles-et-barbecues\/sage-the-no-mess-waffle\/","name":"SAGE The No-mess Waffle - dev6 Erresse","isPartOf":{"@id":"https:\/\/dev6.erresse-shop.it\/#website"},"primaryImageOfPage":{"@id":"https:\/\/dev6.erresse-shop.it\/fr\/shop\/petits-electromenagers\/grilles-et-barbecues\/sage-the-no-mess-waffle\/#primaryimage"},"image":{"@id":"https:\/\/dev6.erresse-shop.it\/fr\/shop\/petits-electromenagers\/grilles-et-barbecues\/sage-the-no-mess-waffle\/#primaryimage"},"thumbnailUrl":"https:\/\/i2.wp.com\/interpim.erresse-shop.it\/Import\/Prodotti\/sage-the-no-mess-waffle-1.jpg?ssl=1","datePublished":"2026-04-04T07:25:49+00:00","description":"Gaufrier circulaire classique. Nous nous sommes attaqu\u00e9s au seul point faible de la pr\u00e9paration des gaufres : les projections de p\u00e2te. La goutti\u00e8re","breadcrumb":{"@id":"https:\/\/dev6.erresse-shop.it\/fr\/shop\/petits-electromenagers\/grilles-et-barbecues\/sage-the-no-mess-waffle\/#breadcrumb"},"inLanguage":"fr-FR","potentialAction":[{"@type":"ReadAction","target":["https:\/\/dev6.erresse-shop.it\/fr\/shop\/petits-electromenagers\/grilles-et-barbecues\/sage-the-no-mess-waffle\/"]}]},{"@type":"ImageObject","inLanguage":"fr-FR","@id":"https:\/\/dev6.erresse-shop.it\/fr\/shop\/petits-electromenagers\/grilles-et-barbecues\/sage-the-no-mess-waffle\/#primaryimage","url":"https:\/\/i2.wp.com\/interpim.erresse-shop.it\/Import\/Prodotti\/sage-the-no-mess-waffle-1.jpg?ssl=1","contentUrl":"https:\/\/i2.wp.com\/interpim.erresse-shop.it\/Import\/Prodotti\/sage-the-no-mess-waffle-1.jpg?ssl=1"},{"@type":"BreadcrumbList","@id":"https:\/\/dev6.erresse-shop.it\/fr\/shop\/petits-electromenagers\/grilles-et-barbecues\/sage-the-no-mess-waffle\/#breadcrumb","itemListElement":[{"@type":"ListItem","position":1,"name":"Home","item":"https:\/\/dev6.erresse-shop.it\/"},{"@type":"ListItem","position":2,"name":"Boutique","item":"https:\/\/dev6.erresse-shop.it\/shop\/"},{"@type":"ListItem","position":3,"name":"SAGE The No-mess Waffle"}]},{"@type":"WebSite","@id":"https:\/\/dev6.erresse-shop.it\/#website","url":"https:\/\/dev6.erresse-shop.it\/","name":"Erresse Shop","description":"","publisher":{"@id":"https:\/\/dev6.erresse-shop.it\/#organization"},"potentialAction":[{"@type":"SearchAction","target":{"@type":"EntryPoint","urlTemplate":"https:\/\/dev6.erresse-shop.it\/?s={search_term_string}"},"query-input":{"@type":"PropertyValueSpecification","valueRequired":true,"valueName":"search_term_string"}}],"inLanguage":"fr-FR"},{"@type":"Organization","@id":"https:\/\/dev6.erresse-shop.it\/#organization","name":"Erresse Shop","url":"https:\/\/dev6.erresse-shop.it\/","logo":{"@type":"ImageObject","inLanguage":"fr-FR","@id":"https:\/\/dev6.erresse-shop.it\/#\/schema\/logo\/image\/","url":"https:\/\/dev6.erresse-shop.it\/wp-content\/uploads\/2025\/01\/LOGO-ERRESSE-CLASSICO.svg","contentUrl":"https:\/\/dev6.erresse-shop.it\/wp-content\/uploads\/2025\/01\/LOGO-ERRESSE-CLASSICO.svg","caption":"Erresse Shop"},"image":{"@id":"https:\/\/dev6.erresse-shop.it\/#\/schema\/logo\/image\/"}}]}},"df_price":149.95,"df_sale_price":149.95,"df_regular_price":169.9,"df_image_link":"https:\/\/i2.wp.com\/interpim.erresse-shop.it\/Import\/Prodotti\/sage-the-no-mess-waffle-1.jpg?resize=300,300&ssl=1","fifu_image_url":"https:\/\/interpim.erresse-shop.it\/Import\/Prodotti\/sage-the-no-mess-waffle-1.jpg","_links":{"self":[{"href":"https:\/\/dev6.erresse-shop.it\/fr\/wp-json\/wp\/v2\/product\/61041","targetHints":{"allow":["GET"]}}],"collection":[{"href":"https:\/\/dev6.erresse-shop.it\/fr\/wp-json\/wp\/v2\/product"}],"about":[{"href":"https:\/\/dev6.erresse-shop.it\/fr\/wp-json\/wp\/v2\/types\/product"}],"wp:featuredmedia":[{"embeddable":true,"href":"https:\/\/dev6.erresse-shop.it\/fr\/wp-json\/wp\/v2\/media\/6277128"}],"wp:attachment":[{"href":"https:\/\/dev6.erresse-shop.it\/fr\/wp-json\/wp\/v2\/media?parent=61041"}],"wp:term":[{"taxonomy":"product_cat","embeddable":true,"href":"https:\/\/dev6.erresse-shop.it\/fr\/wp-json\/wp\/v2\/product_cat?post=61041"},{"taxonomy":"product_tag","embeddable":true,"href":"https:\/\/dev6.erresse-shop.it\/fr\/wp-json\/wp\/v2\/product_tag?post=61041"}],"curies":[{"name":"wp","href":"https:\/\/api.w.org\/{rel}","templated":true}]}}