{"id":61039,"date":"2026-04-12T09:26:21","date_gmt":"2026-04-12T07:26:21","guid":{"rendered":"https:\/\/dev6.erresse-shop.it\/shop\/non%20class\u00e9\/sage-the-bbq-e-press-grill\/"},"modified":"2025-11-22T17:59:55","modified_gmt":"2025-11-22T16:59:55","slug":"sage-the-bbq-e-press-grill","status":"publish","type":"product","link":"https:\/\/dev6.erresse-shop.it\/fr\/shop\/petits-electromenagers\/grilles-et-barbecues\/sage-the-bbq-e-press-grill\/","title":{"rendered":"SAGE The BBQ e Press Grill"},"content":{"rendered":"<p>Des steaks, burgers et paninis parfaits gr\u00e2ce aux pr\u00e9r\u00e9glages One-touch<br \/>\nCuisinez comme \u00e0 l\u2019ext\u00e9rieur avec le mode barbecue ouvert et doublez votre espace de cr\u00e9ation.<\/p>\n<p>Pr\u00e9r\u00e9glages one-touch<br \/>\nDes raccourcis augmentent le confort : les fonctionnalit\u00e9s pr\u00e9programm\u00e9es One-Touch pour pr\u00e9parer des panini, des hamburgers et des steaks cr\u00e9ent un environnement de cuisson id\u00e9al et donnent des r\u00e9sultats parfaits pour vos aliments pr\u00e9f\u00e9r\u00e9s.<\/p>\n<p>Le Mode barbecue \u00e0 plat<br \/>\nUtilisez le Mode barbecue \u00e0 plat pour disposer d\u2019une plus grande surface de gril. Soyez ambitieux, et faites griller des steaks, des burgers ou des fruits de mer en un tournemain et pr\u00e9parez des \u0153ufs et des cr\u00eapes \u00e0 la perfection. Le bac d\u2019\u00e9gouttement amovible fonctionne en mode barbecue et en mode contact, et r\u00e9cup\u00e8re la graisse pendant la cuisson. Ce gril d\u2019ext\u00e9rieur a trouv\u00e9 un nouvel emplacement sur votre plan de travail.<\/p>\n<p>Contr\u00f4le ind\u00e9pendant de la temp\u00e9rature des plaques<br \/>\nLe contr\u00f4le \u00e9lectronique de la temp\u00e9rature disponible sur chaque plaque vous met aux commandes. Lorsque vous ouvrez en mode BBQ, vous avez d\u00e9sormais la possibilit\u00e9 de cuire une grande vari\u00e9t\u00e9 d\u2019aliments n\u00e9cessitant chacun diff\u00e9rentes temp\u00e9ratures. De multiples combinaisons d\u2019aliments sont possibles, pour une utilisation matin, midi et soir.<\/p>\n<p>Plaques nervur\u00e9es et gril en c\u00e9ramique r\u00e9versibles<br \/>\nGrillez vos \u0153ufs et votre bacon pour le petit-d\u00e9jeuner, toastez des paninis pour le d\u00e9jeuner, cuisez des steaks pour le d\u00eener et faites des gaufres pour le dessert. Le rev\u00eatement naturel antiadh\u00e9sif permet une utilisation des deux c\u00f4t\u00e9s. Gr\u00e2ce \u00e0 des temp\u00e9ratures plus \u00e9lev\u00e9es, les plaques en c\u00e9ramique sans PFOA ni PTFE permettent un meilleur brunissage et une cuisson plus croustillante.<\/p>\n<p>Compatible avec des plaques \u00e0 gaufres<br \/>\nAjoutez de la polyvalence \u00e0 votre gril avec des plaques \u00e0 gaufres en c\u00e9ramique \u00e0 rev\u00eatement antiadh\u00e9sif et ouverture rapide premium. Sa conception avec goutti\u00e8re anti-d\u00e9bordement permet de r\u00e9cup\u00e9rer la p\u00e2te \u00e0 gaufres qui en temps normal coule sur votre plan de travail. Adapt\u00e9es au lave-vaisselle.<\/p>\n<p>Facile \u00e0 nettoyer<br \/>\nLes plaques en c\u00e9ramique nervur\u00e9es et gril sans PTFE ni PFOA sont faciles \u00e0 laver \u00e0 la main. Vous pouvez \u00e9galement les d\u00e9clipser et les placer au lave-vaisselle pour un nettoyage facile et pratique.<\/p>\n<p>Dimensions (l x P x H)<br \/>\n\u2013 35,1 x 37,5 x 21,5 cm<\/p>\n<p>Mat\u00e9riaux<br \/>\n\u2013 Acier inoxydable bross\u00e9<br \/>\n\u2013 Plaques anti-adh\u00e9sives en c\u00e9ramique<\/p>\n<p>Capacit\u00e9<br \/>\n\u2013 1500 cm\u00b2 de surface de cuisson<\/p>\n<p>Param\u00e8tres<br \/>\n\u2013 Panini, burger et steak<\/p>\n<p>Puissance<br \/>\n\u2013 Placas antiaderentes de cer\u00e2mica<\/p>\n<p>Tension<br \/>\n\u2013 220 \u2013 240 Volts<\/p>\n<p>Bouton d\u2019inclinaison r\u00e9glable de la plaque<br \/>\n\u2013 L\u2019angle de la base peut \u00eatre ajust\u00e9 pour \u00e9goutter les graisses ou pr\u00e9parer des \u0153ufs parfaitement plats, des cr\u00eapes et des toasts<\/p>\n<p>Conception de la plaque<br \/>\n\u2013 C\u00e9ramique de qualit\u00e9 sup\u00e9rieure, sans PTFE ni PFOA, plaques anti-adh\u00e9sives amovibles en c\u00e9ramique pour un nettoyage facile<\/p>\n<p>Hauteur r\u00e9glable<br \/>\n\u2013 La hauteur du rabat peut \u00eatre ajust\u00e9e pour diminuer le poids sur les aliments plus d\u00e9licats et \u00e9viter que les garnitures ne sortent des sandwichs<\/p>\n<p>Garantie<br \/>\n\u2013 Garantie remplacement ou r\u00e9paration de 2 ans<\/p>\n<p>\u00a0<\/p>\n<p>Ne peut \u00eatre vendu en dehors de l\u2019Europe<\/p>\n","protected":false},"excerpt":{"rendered":"<p>Des steaks, burgers et paninis parfaits gr\u00e2ce aux pr\u00e9r\u00e9glages One-touch Cuisinez comme \u00e0 l\u2019ext\u00e9rieur avec le mode barbecue ouvert et doublez votre espace de cr\u00e9ation. Pr\u00e9r\u00e9glages one-touch Des raccourcis augmentent le confort : les fonctionnalit\u00e9s pr\u00e9programm\u00e9es One-Touch pour pr\u00e9parer des panini, des hamburgers et des steaks cr\u00e9ent un environnement de cuisson id\u00e9al et donnent des [&hellip;]<\/p>\n","protected":false},"featured_media":6360404,"template":"","meta":{"_acf_changed":false},"product_cat":[12087,12055],"product_tag":[],"class_list":{"0":"post-61039","1":"product","2":"type-product","3":"status-publish","4":"has-post-thumbnail","6":"product_cat-grilles-et-barbecues","7":"product_cat-petits-electromenagers","9":"first","10":"outofstock","11":"sale","12":"taxable","13":"shipping-taxable","14":"purchasable","15":"product-type-simple","swatches":"rey-swatches","show_selected":"","stretch_labels":"rey-swatches--stretch-labels"},"acf":[],"yoast_head":"<!-- This site is optimized with the Yoast SEO plugin v25.4 - https:\/\/yoast.com\/wordpress\/plugins\/seo\/ -->\n<title>SAGE The BBQ e Press Grill - dev6 Erresse<\/title>\n<meta name=\"description\" content=\"Des steaks, burgers et paninis parfaits gr\u00e2ce aux pr\u00e9r\u00e9glages One-touch Cuisinez comme \u00e0 l\u2019ext\u00e9rieur avec le mode barbecue ouvert et doublez votre espace\" \/>\n<meta name=\"robots\" content=\"noindex, follow, max-snippet:-1, max-image-preview:large, max-video-preview:-1\" \/>\n<meta property=\"og:locale\" content=\"fr_FR\" \/>\n<meta property=\"og:type\" content=\"article\" \/>\n<meta property=\"og:title\" content=\"SAGE The BBQ e Press Grill - dev6 Erresse\" \/>\n<meta property=\"og:description\" content=\"Des steaks, burgers et paninis parfaits gr\u00e2ce aux pr\u00e9r\u00e9glages One-touch Cuisinez comme \u00e0 l\u2019ext\u00e9rieur avec le mode barbecue ouvert et doublez votre espace\" \/>\n<meta property=\"og:url\" content=\"https:\/\/dev6.erresse-shop.it\/fr\/shop\/petits-electromenagers\/grilles-et-barbecues\/sage-the-bbq-e-press-grill\/\" \/>\n<meta property=\"og:site_name\" content=\"dev6 Erresse\" \/>\n<meta property=\"og:image\" content=\"https:\/\/interpim.erresse-shop.it\/Import\/Prodotti\/sage-the-bbq-press-grill.jpg\" \/><meta property=\"og:image\" content=\"https:\/\/interpim.erresse-shop.it\/Import\/Prodotti\/sage-the-bbq-press-grill.jpg\" \/>\n\t<meta property=\"og:image:width\" content=\"1024\" \/>\n\t<meta property=\"og:image:height\" content=\"1024\" \/>\n\t<meta property=\"og:image:type\" content=\"image\/jpeg\" \/>\n<meta name=\"twitter:card\" content=\"summary_large_image\" \/>\n<meta name=\"twitter:image\" content=\"https:\/\/interpim.erresse-shop.it\/Import\/Prodotti\/sage-the-bbq-press-grill.jpg\" \/>\n<script type=\"application\/ld+json\" class=\"yoast-schema-graph\">{\"@context\":\"https:\/\/schema.org\",\"@graph\":[{\"@type\":\"WebPage\",\"@id\":\"https:\/\/dev6.erresse-shop.it\/fr\/shop\/petits-electromenagers\/grilles-et-barbecues\/sage-the-bbq-e-press-grill\/\",\"url\":\"https:\/\/dev6.erresse-shop.it\/fr\/shop\/petits-electromenagers\/grilles-et-barbecues\/sage-the-bbq-e-press-grill\/\",\"name\":\"SAGE The BBQ e Press Grill - dev6 Erresse\",\"isPartOf\":{\"@id\":\"https:\/\/dev6.erresse-shop.it\/#website\"},\"primaryImageOfPage\":{\"@id\":\"https:\/\/dev6.erresse-shop.it\/fr\/shop\/petits-electromenagers\/grilles-et-barbecues\/sage-the-bbq-e-press-grill\/#primaryimage\"},\"image\":{\"@id\":\"https:\/\/dev6.erresse-shop.it\/fr\/shop\/petits-electromenagers\/grilles-et-barbecues\/sage-the-bbq-e-press-grill\/#primaryimage\"},\"thumbnailUrl\":\"https:\/\/i0.wp.com\/interpim.erresse-shop.it\/Import\/Prodotti\/sage-the-bbq-press-grill.jpg?ssl=1\",\"datePublished\":\"2026-04-12T07:26:21+00:00\",\"description\":\"Des steaks, burgers et paninis parfaits gr\u00e2ce aux pr\u00e9r\u00e9glages One-touch Cuisinez comme \u00e0 l\u2019ext\u00e9rieur avec le mode barbecue ouvert et doublez votre espace\",\"breadcrumb\":{\"@id\":\"https:\/\/dev6.erresse-shop.it\/fr\/shop\/petits-electromenagers\/grilles-et-barbecues\/sage-the-bbq-e-press-grill\/#breadcrumb\"},\"inLanguage\":\"fr-FR\",\"potentialAction\":[{\"@type\":\"ReadAction\",\"target\":[\"https:\/\/dev6.erresse-shop.it\/fr\/shop\/petits-electromenagers\/grilles-et-barbecues\/sage-the-bbq-e-press-grill\/\"]}]},{\"@type\":\"ImageObject\",\"inLanguage\":\"fr-FR\",\"@id\":\"https:\/\/dev6.erresse-shop.it\/fr\/shop\/petits-electromenagers\/grilles-et-barbecues\/sage-the-bbq-e-press-grill\/#primaryimage\",\"url\":\"https:\/\/i0.wp.com\/interpim.erresse-shop.it\/Import\/Prodotti\/sage-the-bbq-press-grill.jpg?ssl=1\",\"contentUrl\":\"https:\/\/i0.wp.com\/interpim.erresse-shop.it\/Import\/Prodotti\/sage-the-bbq-press-grill.jpg?ssl=1\"},{\"@type\":\"BreadcrumbList\",\"@id\":\"https:\/\/dev6.erresse-shop.it\/fr\/shop\/petits-electromenagers\/grilles-et-barbecues\/sage-the-bbq-e-press-grill\/#breadcrumb\",\"itemListElement\":[{\"@type\":\"ListItem\",\"position\":1,\"name\":\"Home\",\"item\":\"https:\/\/dev6.erresse-shop.it\/\"},{\"@type\":\"ListItem\",\"position\":2,\"name\":\"Boutique\",\"item\":\"https:\/\/dev6.erresse-shop.it\/shop\/\"},{\"@type\":\"ListItem\",\"position\":3,\"name\":\"SAGE The BBQ e Press Grill\"}]},{\"@type\":\"WebSite\",\"@id\":\"https:\/\/dev6.erresse-shop.it\/#website\",\"url\":\"https:\/\/dev6.erresse-shop.it\/\",\"name\":\"Erresse Shop\",\"description\":\"\",\"publisher\":{\"@id\":\"https:\/\/dev6.erresse-shop.it\/#organization\"},\"potentialAction\":[{\"@type\":\"SearchAction\",\"target\":{\"@type\":\"EntryPoint\",\"urlTemplate\":\"https:\/\/dev6.erresse-shop.it\/?s={search_term_string}\"},\"query-input\":{\"@type\":\"PropertyValueSpecification\",\"valueRequired\":true,\"valueName\":\"search_term_string\"}}],\"inLanguage\":\"fr-FR\"},{\"@type\":\"Organization\",\"@id\":\"https:\/\/dev6.erresse-shop.it\/#organization\",\"name\":\"Erresse Shop\",\"url\":\"https:\/\/dev6.erresse-shop.it\/\",\"logo\":{\"@type\":\"ImageObject\",\"inLanguage\":\"fr-FR\",\"@id\":\"https:\/\/dev6.erresse-shop.it\/#\/schema\/logo\/image\/\",\"url\":\"https:\/\/dev6.erresse-shop.it\/wp-content\/uploads\/2025\/01\/LOGO-ERRESSE-CLASSICO.svg\",\"contentUrl\":\"https:\/\/dev6.erresse-shop.it\/wp-content\/uploads\/2025\/01\/LOGO-ERRESSE-CLASSICO.svg\",\"caption\":\"Erresse Shop\"},\"image\":{\"@id\":\"https:\/\/dev6.erresse-shop.it\/#\/schema\/logo\/image\/\"}}]}<\/script>\n<!-- \/ Yoast SEO plugin. -->","yoast_head_json":{"title":"SAGE The BBQ e Press Grill - dev6 Erresse","description":"Des steaks, burgers et paninis parfaits gr\u00e2ce aux pr\u00e9r\u00e9glages One-touch Cuisinez comme \u00e0 l\u2019ext\u00e9rieur avec le mode barbecue ouvert et doublez votre espace","robots":{"index":"noindex","follow":"follow","max-snippet":"max-snippet:-1","max-image-preview":"max-image-preview:large","max-video-preview":"max-video-preview:-1"},"og_locale":"fr_FR","og_type":"article","og_title":"SAGE The BBQ e Press Grill - dev6 Erresse","og_description":"Des steaks, burgers et paninis parfaits gr\u00e2ce aux pr\u00e9r\u00e9glages One-touch Cuisinez comme \u00e0 l\u2019ext\u00e9rieur avec le mode barbecue ouvert et doublez votre espace","og_url":"https:\/\/dev6.erresse-shop.it\/fr\/shop\/petits-electromenagers\/grilles-et-barbecues\/sage-the-bbq-e-press-grill\/","og_site_name":"dev6 Erresse","og_image":[{"url":"https:\/\/interpim.erresse-shop.it\/Import\/Prodotti\/sage-the-bbq-press-grill.jpg","type":"","width":"","height":""},{"url":"https:\/\/interpim.erresse-shop.it\/Import\/Prodotti\/sage-the-bbq-press-grill.jpg","width":1024,"height":1024,"type":"image\/jpeg"}],"twitter_card":"summary_large_image","twitter_image":"https:\/\/interpim.erresse-shop.it\/Import\/Prodotti\/sage-the-bbq-press-grill.jpg","schema":{"@context":"https:\/\/schema.org","@graph":[{"@type":"WebPage","@id":"https:\/\/dev6.erresse-shop.it\/fr\/shop\/petits-electromenagers\/grilles-et-barbecues\/sage-the-bbq-e-press-grill\/","url":"https:\/\/dev6.erresse-shop.it\/fr\/shop\/petits-electromenagers\/grilles-et-barbecues\/sage-the-bbq-e-press-grill\/","name":"SAGE The BBQ e Press Grill - dev6 Erresse","isPartOf":{"@id":"https:\/\/dev6.erresse-shop.it\/#website"},"primaryImageOfPage":{"@id":"https:\/\/dev6.erresse-shop.it\/fr\/shop\/petits-electromenagers\/grilles-et-barbecues\/sage-the-bbq-e-press-grill\/#primaryimage"},"image":{"@id":"https:\/\/dev6.erresse-shop.it\/fr\/shop\/petits-electromenagers\/grilles-et-barbecues\/sage-the-bbq-e-press-grill\/#primaryimage"},"thumbnailUrl":"https:\/\/i0.wp.com\/interpim.erresse-shop.it\/Import\/Prodotti\/sage-the-bbq-press-grill.jpg?ssl=1","datePublished":"2026-04-12T07:26:21+00:00","description":"Des steaks, burgers et paninis parfaits gr\u00e2ce aux pr\u00e9r\u00e9glages One-touch Cuisinez comme \u00e0 l\u2019ext\u00e9rieur avec le mode barbecue ouvert et doublez votre espace","breadcrumb":{"@id":"https:\/\/dev6.erresse-shop.it\/fr\/shop\/petits-electromenagers\/grilles-et-barbecues\/sage-the-bbq-e-press-grill\/#breadcrumb"},"inLanguage":"fr-FR","potentialAction":[{"@type":"ReadAction","target":["https:\/\/dev6.erresse-shop.it\/fr\/shop\/petits-electromenagers\/grilles-et-barbecues\/sage-the-bbq-e-press-grill\/"]}]},{"@type":"ImageObject","inLanguage":"fr-FR","@id":"https:\/\/dev6.erresse-shop.it\/fr\/shop\/petits-electromenagers\/grilles-et-barbecues\/sage-the-bbq-e-press-grill\/#primaryimage","url":"https:\/\/i0.wp.com\/interpim.erresse-shop.it\/Import\/Prodotti\/sage-the-bbq-press-grill.jpg?ssl=1","contentUrl":"https:\/\/i0.wp.com\/interpim.erresse-shop.it\/Import\/Prodotti\/sage-the-bbq-press-grill.jpg?ssl=1"},{"@type":"BreadcrumbList","@id":"https:\/\/dev6.erresse-shop.it\/fr\/shop\/petits-electromenagers\/grilles-et-barbecues\/sage-the-bbq-e-press-grill\/#breadcrumb","itemListElement":[{"@type":"ListItem","position":1,"name":"Home","item":"https:\/\/dev6.erresse-shop.it\/"},{"@type":"ListItem","position":2,"name":"Boutique","item":"https:\/\/dev6.erresse-shop.it\/shop\/"},{"@type":"ListItem","position":3,"name":"SAGE The BBQ e Press Grill"}]},{"@type":"WebSite","@id":"https:\/\/dev6.erresse-shop.it\/#website","url":"https:\/\/dev6.erresse-shop.it\/","name":"Erresse Shop","description":"","publisher":{"@id":"https:\/\/dev6.erresse-shop.it\/#organization"},"potentialAction":[{"@type":"SearchAction","target":{"@type":"EntryPoint","urlTemplate":"https:\/\/dev6.erresse-shop.it\/?s={search_term_string}"},"query-input":{"@type":"PropertyValueSpecification","valueRequired":true,"valueName":"search_term_string"}}],"inLanguage":"fr-FR"},{"@type":"Organization","@id":"https:\/\/dev6.erresse-shop.it\/#organization","name":"Erresse Shop","url":"https:\/\/dev6.erresse-shop.it\/","logo":{"@type":"ImageObject","inLanguage":"fr-FR","@id":"https:\/\/dev6.erresse-shop.it\/#\/schema\/logo\/image\/","url":"https:\/\/dev6.erresse-shop.it\/wp-content\/uploads\/2025\/01\/LOGO-ERRESSE-CLASSICO.svg","contentUrl":"https:\/\/dev6.erresse-shop.it\/wp-content\/uploads\/2025\/01\/LOGO-ERRESSE-CLASSICO.svg","caption":"Erresse Shop"},"image":{"@id":"https:\/\/dev6.erresse-shop.it\/#\/schema\/logo\/image\/"}}]}},"df_price":249.95,"df_sale_price":249.95,"df_regular_price":279.9,"df_image_link":"https:\/\/i0.wp.com\/interpim.erresse-shop.it\/Import\/Prodotti\/sage-the-bbq-press-grill.jpg?resize=300,300&ssl=1","fifu_image_url":"https:\/\/interpim.erresse-shop.it\/Import\/Prodotti\/sage-the-bbq-press-grill.jpg","_links":{"self":[{"href":"https:\/\/dev6.erresse-shop.it\/fr\/wp-json\/wp\/v2\/product\/61039","targetHints":{"allow":["GET"]}}],"collection":[{"href":"https:\/\/dev6.erresse-shop.it\/fr\/wp-json\/wp\/v2\/product"}],"about":[{"href":"https:\/\/dev6.erresse-shop.it\/fr\/wp-json\/wp\/v2\/types\/product"}],"wp:featuredmedia":[{"embeddable":true,"href":"https:\/\/dev6.erresse-shop.it\/fr\/wp-json\/wp\/v2\/media\/6360404"}],"wp:attachment":[{"href":"https:\/\/dev6.erresse-shop.it\/fr\/wp-json\/wp\/v2\/media?parent=61039"}],"wp:term":[{"taxonomy":"product_cat","embeddable":true,"href":"https:\/\/dev6.erresse-shop.it\/fr\/wp-json\/wp\/v2\/product_cat?post=61039"},{"taxonomy":"product_tag","embeddable":true,"href":"https:\/\/dev6.erresse-shop.it\/fr\/wp-json\/wp\/v2\/product_tag?post=61039"}],"curies":[{"name":"wp","href":"https:\/\/api.w.org\/{rel}","templated":true}]}}