{"id":61035,"date":"2026-04-12T09:26:21","date_gmt":"2026-04-12T07:26:21","guid":{"rendered":"https:\/\/dev6.erresse-shop.it\/shop\/non%20class\u00e9\/sage-the-perfect-press\/"},"modified":"2025-09-14T04:45:46","modified_gmt":"2025-09-14T02:45:46","slug":"sage-the-perfect-press","status":"publish","type":"product","link":"https:\/\/dev6.erresse-shop.it\/fr\/shop\/petits-electromenagers\/grilles-et-barbecues\/sage-the-perfect-press\/","title":{"rendered":"SAGE The Perfect Press"},"content":{"rendered":"<p>Avec charni\u00e8re contr\u00f4lant la pression<br \/>\nLa conception innovante de la charni\u00e8re contr\u00f4lant la pression de The Perfect Press garantit une pression juste suffisante pour griller l\u2019ext\u00e9rieur sans \u00e9craser l\u2019int\u00e9rieur, ce qui donne un sandwich croustillant et moelleux.<\/p>\n<p>Contr\u00f4le de la hauteur<br \/>\nGr\u00e2ce au r\u00e9glage de la hauteur, la plaque sup\u00e9rieure est \u00e0 la bonne hauteur pour faire cuire et brunir des tartines de toutes tailles, des croissants ou pains plats.<\/p>\n<p>Pression contr\u00f4l\u00e9e \u00e0 charni\u00e8re<br \/>\nLa charni\u00e8re \u00e0 contrepoids r\u00e9sistante permet au couvercle flottant d\u2019exercer moins de 230 g de pression pour griller parfaitement sans \u00e9craser l\u2019int\u00e9rieur du sandwich.<\/p>\n<p>Nettoyage facile<br \/>\nLes plaques de cuisson pr\u00e9sentent des courbes de surface \u00e9tendues et un rev\u00eatement antiadh\u00e9sif sans PFOA qui permettent un nettoyage facile en tout point.<\/p>\n<p>Id\u00e9al sur le comptoir<br \/>\nCet appareil compact vous garantit un maximum de saveurs, tout en occupant un minimum d\u2019espace sur votre comptoir.<\/p>\n<p>Rangement optimal<br \/>\nLe clip de rangement robuste permet de refermer le gril en toute s\u00e9curit\u00e9 et le pied arri\u00e8re facilite le rangement en position verticale.<\/p>\n<p>Dimensions (l x P x H)<br \/>\n\u2013 13 x 32 x 29 cm<\/p>\n<p>Mat\u00e9riaux<br \/>\n\u2013 Conteneur en acier inoxydable bross\u00e9<\/p>\n<p>Capacit\u00e9<br \/>\n\u2013 2 tranches<\/p>\n<p>Param\u00e8tres<br \/>\n\u2013 Marche ou Arr\u00eat<\/p>\n<p>Puissance<br \/>\n\u2013 1500 Watts<\/p>\n<p>Tension<br \/>\n\u2013 220\u2013240 Volts<\/p>\n<p>Conception de la plaque<br \/>\n\u2013 Plaques antiadh\u00e9sives \u00e0 fond et \u00e0 dessus plats<\/p>\n<p>Hauteur r\u00e9glable<br \/>\n\u2013 Avec contr\u00f4le de la pression et positions pour les tartines<\/p>\n<p>Plaque antiadh\u00e9sive<br \/>\n\u2013 Rev\u00eatement antiadh\u00e9sif sans PFOA de qualit\u00e9 pour un nettoyage facile<\/p>\n<p>Garantie<br \/>\n\u2013 Garantie remplacement ou r\u00e9paration de 2 ans<\/p>\n<p>\u00a0<\/p>\n<p>Ne peut \u00eatre vendu en dehors de l\u2019Europe<\/p>\n","protected":false},"excerpt":{"rendered":"<p>Avec charni\u00e8re contr\u00f4lant la pression La conception innovante de la charni\u00e8re contr\u00f4lant la pression de The Perfect Press garantit une pression juste suffisante pour griller l\u2019ext\u00e9rieur sans \u00e9craser l\u2019int\u00e9rieur, ce qui donne un sandwich croustillant et moelleux. Contr\u00f4le de la hauteur Gr\u00e2ce au r\u00e9glage de la hauteur, la plaque sup\u00e9rieure est \u00e0 la bonne hauteur [&hellip;]<\/p>\n","protected":false},"featured_media":6360397,"template":"","meta":{"_acf_changed":false},"product_cat":[12087,12055],"product_tag":[],"class_list":{"0":"post-61035","1":"product","2":"type-product","3":"status-publish","4":"has-post-thumbnail","6":"product_cat-grilles-et-barbecues","7":"product_cat-petits-electromenagers","9":"first","10":"outofstock","11":"sale","12":"taxable","13":"shipping-taxable","14":"purchasable","15":"product-type-simple","swatches":"rey-swatches","show_selected":"","stretch_labels":"rey-swatches--stretch-labels"},"acf":[],"yoast_head":"<!-- This site is optimized with the Yoast SEO plugin v25.4 - https:\/\/yoast.com\/wordpress\/plugins\/seo\/ -->\n<title>SAGE The Perfect Press - dev6 Erresse<\/title>\n<meta name=\"description\" content=\"Avec charni\u00e8re contr\u00f4lant la pression La conception innovante de la charni\u00e8re contr\u00f4lant la pression de The Perfect Press garantit une pression juste\" \/>\n<meta name=\"robots\" content=\"noindex, follow, max-snippet:-1, max-image-preview:large, max-video-preview:-1\" \/>\n<meta property=\"og:locale\" content=\"fr_FR\" \/>\n<meta property=\"og:type\" content=\"article\" \/>\n<meta property=\"og:title\" content=\"SAGE The Perfect Press - dev6 Erresse\" \/>\n<meta property=\"og:description\" content=\"Avec charni\u00e8re contr\u00f4lant la pression La conception innovante de la charni\u00e8re contr\u00f4lant la pression de The Perfect Press garantit une pression juste\" \/>\n<meta property=\"og:url\" content=\"https:\/\/dev6.erresse-shop.it\/fr\/shop\/petits-electromenagers\/grilles-et-barbecues\/sage-the-perfect-press\/\" \/>\n<meta property=\"og:site_name\" content=\"dev6 Erresse\" \/>\n<meta property=\"og:image\" content=\"https:\/\/interpim.erresse-shop.it\/img-catalogo\/sage\/sage-the-perfect-press.jpg\" \/><meta property=\"og:image\" content=\"https:\/\/interpim.erresse-shop.it\/img-catalogo\/sage\/sage-the-perfect-press.jpg\" \/>\n\t<meta property=\"og:image:width\" content=\"1024\" \/>\n\t<meta property=\"og:image:height\" content=\"1024\" \/>\n\t<meta property=\"og:image:type\" content=\"image\/jpeg\" \/>\n<meta name=\"twitter:card\" content=\"summary_large_image\" \/>\n<meta name=\"twitter:image\" content=\"https:\/\/interpim.erresse-shop.it\/img-catalogo\/sage\/sage-the-perfect-press.jpg\" \/>\n<script type=\"application\/ld+json\" class=\"yoast-schema-graph\">{\"@context\":\"https:\/\/schema.org\",\"@graph\":[{\"@type\":\"WebPage\",\"@id\":\"https:\/\/dev6.erresse-shop.it\/fr\/shop\/petits-electromenagers\/grilles-et-barbecues\/sage-the-perfect-press\/\",\"url\":\"https:\/\/dev6.erresse-shop.it\/fr\/shop\/petits-electromenagers\/grilles-et-barbecues\/sage-the-perfect-press\/\",\"name\":\"SAGE The Perfect Press - dev6 Erresse\",\"isPartOf\":{\"@id\":\"https:\/\/dev6.erresse-shop.it\/#website\"},\"primaryImageOfPage\":{\"@id\":\"https:\/\/dev6.erresse-shop.it\/fr\/shop\/petits-electromenagers\/grilles-et-barbecues\/sage-the-perfect-press\/#primaryimage\"},\"image\":{\"@id\":\"https:\/\/dev6.erresse-shop.it\/fr\/shop\/petits-electromenagers\/grilles-et-barbecues\/sage-the-perfect-press\/#primaryimage\"},\"thumbnailUrl\":\"https:\/\/i0.wp.com\/interpim.erresse-shop.it\/img-catalogo\/sage\/sage-the-perfect-press.jpg?ssl=1\",\"datePublished\":\"2026-04-12T07:26:21+00:00\",\"description\":\"Avec charni\u00e8re contr\u00f4lant la pression La conception innovante de la charni\u00e8re contr\u00f4lant la pression de The Perfect Press garantit une pression juste\",\"breadcrumb\":{\"@id\":\"https:\/\/dev6.erresse-shop.it\/fr\/shop\/petits-electromenagers\/grilles-et-barbecues\/sage-the-perfect-press\/#breadcrumb\"},\"inLanguage\":\"fr-FR\",\"potentialAction\":[{\"@type\":\"ReadAction\",\"target\":[\"https:\/\/dev6.erresse-shop.it\/fr\/shop\/petits-electromenagers\/grilles-et-barbecues\/sage-the-perfect-press\/\"]}]},{\"@type\":\"ImageObject\",\"inLanguage\":\"fr-FR\",\"@id\":\"https:\/\/dev6.erresse-shop.it\/fr\/shop\/petits-electromenagers\/grilles-et-barbecues\/sage-the-perfect-press\/#primaryimage\",\"url\":\"https:\/\/i0.wp.com\/interpim.erresse-shop.it\/img-catalogo\/sage\/sage-the-perfect-press.jpg?ssl=1\",\"contentUrl\":\"https:\/\/i0.wp.com\/interpim.erresse-shop.it\/img-catalogo\/sage\/sage-the-perfect-press.jpg?ssl=1\"},{\"@type\":\"BreadcrumbList\",\"@id\":\"https:\/\/dev6.erresse-shop.it\/fr\/shop\/petits-electromenagers\/grilles-et-barbecues\/sage-the-perfect-press\/#breadcrumb\",\"itemListElement\":[{\"@type\":\"ListItem\",\"position\":1,\"name\":\"Home\",\"item\":\"https:\/\/dev6.erresse-shop.it\/\"},{\"@type\":\"ListItem\",\"position\":2,\"name\":\"Boutique\",\"item\":\"https:\/\/dev6.erresse-shop.it\/shop\/\"},{\"@type\":\"ListItem\",\"position\":3,\"name\":\"SAGE The Perfect Press\"}]},{\"@type\":\"WebSite\",\"@id\":\"https:\/\/dev6.erresse-shop.it\/#website\",\"url\":\"https:\/\/dev6.erresse-shop.it\/\",\"name\":\"Erresse Shop\",\"description\":\"\",\"publisher\":{\"@id\":\"https:\/\/dev6.erresse-shop.it\/#organization\"},\"potentialAction\":[{\"@type\":\"SearchAction\",\"target\":{\"@type\":\"EntryPoint\",\"urlTemplate\":\"https:\/\/dev6.erresse-shop.it\/?s={search_term_string}\"},\"query-input\":{\"@type\":\"PropertyValueSpecification\",\"valueRequired\":true,\"valueName\":\"search_term_string\"}}],\"inLanguage\":\"fr-FR\"},{\"@type\":\"Organization\",\"@id\":\"https:\/\/dev6.erresse-shop.it\/#organization\",\"name\":\"Erresse Shop\",\"url\":\"https:\/\/dev6.erresse-shop.it\/\",\"logo\":{\"@type\":\"ImageObject\",\"inLanguage\":\"fr-FR\",\"@id\":\"https:\/\/dev6.erresse-shop.it\/#\/schema\/logo\/image\/\",\"url\":\"https:\/\/dev6.erresse-shop.it\/wp-content\/uploads\/2025\/01\/LOGO-ERRESSE-CLASSICO.svg\",\"contentUrl\":\"https:\/\/dev6.erresse-shop.it\/wp-content\/uploads\/2025\/01\/LOGO-ERRESSE-CLASSICO.svg\",\"caption\":\"Erresse Shop\"},\"image\":{\"@id\":\"https:\/\/dev6.erresse-shop.it\/#\/schema\/logo\/image\/\"}}]}<\/script>\n<!-- \/ Yoast SEO plugin. -->","yoast_head_json":{"title":"SAGE The Perfect Press - dev6 Erresse","description":"Avec charni\u00e8re contr\u00f4lant la pression La conception innovante de la charni\u00e8re contr\u00f4lant la pression de The Perfect Press garantit une pression juste","robots":{"index":"noindex","follow":"follow","max-snippet":"max-snippet:-1","max-image-preview":"max-image-preview:large","max-video-preview":"max-video-preview:-1"},"og_locale":"fr_FR","og_type":"article","og_title":"SAGE The Perfect Press - dev6 Erresse","og_description":"Avec charni\u00e8re contr\u00f4lant la pression La conception innovante de la charni\u00e8re contr\u00f4lant la pression de The Perfect Press garantit une pression juste","og_url":"https:\/\/dev6.erresse-shop.it\/fr\/shop\/petits-electromenagers\/grilles-et-barbecues\/sage-the-perfect-press\/","og_site_name":"dev6 Erresse","og_image":[{"url":"https:\/\/interpim.erresse-shop.it\/img-catalogo\/sage\/sage-the-perfect-press.jpg","type":"","width":"","height":""},{"url":"https:\/\/interpim.erresse-shop.it\/img-catalogo\/sage\/sage-the-perfect-press.jpg","width":1024,"height":1024,"type":"image\/jpeg"}],"twitter_card":"summary_large_image","twitter_image":"https:\/\/interpim.erresse-shop.it\/img-catalogo\/sage\/sage-the-perfect-press.jpg","schema":{"@context":"https:\/\/schema.org","@graph":[{"@type":"WebPage","@id":"https:\/\/dev6.erresse-shop.it\/fr\/shop\/petits-electromenagers\/grilles-et-barbecues\/sage-the-perfect-press\/","url":"https:\/\/dev6.erresse-shop.it\/fr\/shop\/petits-electromenagers\/grilles-et-barbecues\/sage-the-perfect-press\/","name":"SAGE The Perfect Press - dev6 Erresse","isPartOf":{"@id":"https:\/\/dev6.erresse-shop.it\/#website"},"primaryImageOfPage":{"@id":"https:\/\/dev6.erresse-shop.it\/fr\/shop\/petits-electromenagers\/grilles-et-barbecues\/sage-the-perfect-press\/#primaryimage"},"image":{"@id":"https:\/\/dev6.erresse-shop.it\/fr\/shop\/petits-electromenagers\/grilles-et-barbecues\/sage-the-perfect-press\/#primaryimage"},"thumbnailUrl":"https:\/\/i0.wp.com\/interpim.erresse-shop.it\/img-catalogo\/sage\/sage-the-perfect-press.jpg?ssl=1","datePublished":"2026-04-12T07:26:21+00:00","description":"Avec charni\u00e8re contr\u00f4lant la pression La conception innovante de la charni\u00e8re contr\u00f4lant la pression de The Perfect Press garantit une pression juste","breadcrumb":{"@id":"https:\/\/dev6.erresse-shop.it\/fr\/shop\/petits-electromenagers\/grilles-et-barbecues\/sage-the-perfect-press\/#breadcrumb"},"inLanguage":"fr-FR","potentialAction":[{"@type":"ReadAction","target":["https:\/\/dev6.erresse-shop.it\/fr\/shop\/petits-electromenagers\/grilles-et-barbecues\/sage-the-perfect-press\/"]}]},{"@type":"ImageObject","inLanguage":"fr-FR","@id":"https:\/\/dev6.erresse-shop.it\/fr\/shop\/petits-electromenagers\/grilles-et-barbecues\/sage-the-perfect-press\/#primaryimage","url":"https:\/\/i0.wp.com\/interpim.erresse-shop.it\/img-catalogo\/sage\/sage-the-perfect-press.jpg?ssl=1","contentUrl":"https:\/\/i0.wp.com\/interpim.erresse-shop.it\/img-catalogo\/sage\/sage-the-perfect-press.jpg?ssl=1"},{"@type":"BreadcrumbList","@id":"https:\/\/dev6.erresse-shop.it\/fr\/shop\/petits-electromenagers\/grilles-et-barbecues\/sage-the-perfect-press\/#breadcrumb","itemListElement":[{"@type":"ListItem","position":1,"name":"Home","item":"https:\/\/dev6.erresse-shop.it\/"},{"@type":"ListItem","position":2,"name":"Boutique","item":"https:\/\/dev6.erresse-shop.it\/shop\/"},{"@type":"ListItem","position":3,"name":"SAGE The Perfect Press"}]},{"@type":"WebSite","@id":"https:\/\/dev6.erresse-shop.it\/#website","url":"https:\/\/dev6.erresse-shop.it\/","name":"Erresse Shop","description":"","publisher":{"@id":"https:\/\/dev6.erresse-shop.it\/#organization"},"potentialAction":[{"@type":"SearchAction","target":{"@type":"EntryPoint","urlTemplate":"https:\/\/dev6.erresse-shop.it\/?s={search_term_string}"},"query-input":{"@type":"PropertyValueSpecification","valueRequired":true,"valueName":"search_term_string"}}],"inLanguage":"fr-FR"},{"@type":"Organization","@id":"https:\/\/dev6.erresse-shop.it\/#organization","name":"Erresse Shop","url":"https:\/\/dev6.erresse-shop.it\/","logo":{"@type":"ImageObject","inLanguage":"fr-FR","@id":"https:\/\/dev6.erresse-shop.it\/#\/schema\/logo\/image\/","url":"https:\/\/dev6.erresse-shop.it\/wp-content\/uploads\/2025\/01\/LOGO-ERRESSE-CLASSICO.svg","contentUrl":"https:\/\/dev6.erresse-shop.it\/wp-content\/uploads\/2025\/01\/LOGO-ERRESSE-CLASSICO.svg","caption":"Erresse Shop"},"image":{"@id":"https:\/\/dev6.erresse-shop.it\/#\/schema\/logo\/image\/"}}]}},"df_price":119.95,"df_sale_price":119.95,"df_regular_price":129,"df_image_link":"https:\/\/i0.wp.com\/interpim.erresse-shop.it\/img-catalogo\/sage\/sage-the-perfect-press.jpg?resize=300,300&ssl=1","fifu_image_url":"https:\/\/interpim.erresse-shop.it\/img-catalogo\/sage\/sage-the-perfect-press.jpg","_links":{"self":[{"href":"https:\/\/dev6.erresse-shop.it\/fr\/wp-json\/wp\/v2\/product\/61035","targetHints":{"allow":["GET"]}}],"collection":[{"href":"https:\/\/dev6.erresse-shop.it\/fr\/wp-json\/wp\/v2\/product"}],"about":[{"href":"https:\/\/dev6.erresse-shop.it\/fr\/wp-json\/wp\/v2\/types\/product"}],"wp:featuredmedia":[{"embeddable":true,"href":"https:\/\/dev6.erresse-shop.it\/fr\/wp-json\/wp\/v2\/media\/6360397"}],"wp:attachment":[{"href":"https:\/\/dev6.erresse-shop.it\/fr\/wp-json\/wp\/v2\/media?parent=61035"}],"wp:term":[{"taxonomy":"product_cat","embeddable":true,"href":"https:\/\/dev6.erresse-shop.it\/fr\/wp-json\/wp\/v2\/product_cat?post=61035"},{"taxonomy":"product_tag","embeddable":true,"href":"https:\/\/dev6.erresse-shop.it\/fr\/wp-json\/wp\/v2\/product_tag?post=61035"}],"curies":[{"name":"wp","href":"https:\/\/api.w.org\/{rel}","templated":true}]}}