{"id":61023,"date":"2026-04-12T14:49:36","date_gmt":"2026-04-12T12:49:36","guid":{"rendered":"https:\/\/dev6.erresse-shop.it\/shop\/non%20class\u00e9\/sage-the-puck-sucker\/"},"modified":"2025-09-14T07:12:38","modified_gmt":"2025-09-14T05:12:38","slug":"sage-the-puck-sucker","status":"publish","type":"product","link":"https:\/\/dev6.erresse-shop.it\/fr\/shop\/petits-electromenagers\/machines-cafe\/sage-the-puck-sucker\/","title":{"rendered":"SAGE The Puck Sucker"},"content":{"rendered":"<p>Compatible avec les gammes Oracle et Dual Boiler de Sage<br \/>\nConvient aux porte-filtres Sage de 58mm.<\/p>\n<p>Extraction silencieuse et facile<br \/>\nUne ventouse activ\u00e9e automatiquement cr\u00e9e un vide rapide qui d\u00e9tache le galet de marc de caf\u00e9 en toute simplicit\u00e9 du porte-filtre en un seul geste.<\/p>\n<p>Nettoyage facile<br \/>\nUn couvercle \u00e0 ouverture rapide permet de jeter rapidement le galet, associ\u00e9 \u00e0 un r\u00e9cipient en Tritan adapt\u00e9 au lave-vaisselle, pour un nettoyage simple et facile.<\/p>\n<p>Tension<br \/>\n\u2013 Fonctionne avec une pile de 9 V (incluse)<\/p>\n<p>Fonctionnalit\u00e9s suppl\u00e9mentaires<br \/>\n\u2013 Activation automatique<br \/>\n\u2013 Convient aux porte-filtres de 58 mm Sage UNIQUEMENT<br \/>\n\u2013 R\u00e9cipient Tritan adapt\u00e9 au lave-vaisselle<br \/>\n\u2013 Capacit\u00e9 pour 10 \u00e0 12 galets<br \/>\n\u2013 Pompe \u00e0 vide<br \/>\n\u2013 Pile de 9 V incluse<br \/>\n\u2013 Design cannel\u00e9<br \/>\n\u2013 Base en caoutchouc antid\u00e9rapante<br \/>\n\u2013 R\u00e9cipient transparent pour mieux g\u00e9rer la capacit\u00e9<\/p>\n","protected":false},"excerpt":{"rendered":"<p>Compatible avec les gammes Oracle et Dual Boiler de Sage Convient aux porte-filtres Sage de 58mm. Extraction silencieuse et facile Une ventouse activ\u00e9e automatiquement cr\u00e9e un vide rapide qui d\u00e9tache le galet de marc de caf\u00e9 en toute simplicit\u00e9 du porte-filtre en un seul geste. Nettoyage facile Un couvercle \u00e0 ouverture rapide permet de jeter [&hellip;]<\/p>\n","protected":false},"featured_media":6381353,"template":"","meta":{"_acf_changed":false},"product_cat":[12071,11747,12038,11714,12063,12055],"product_tag":[],"class_list":{"0":"post-61023","1":"product","2":"type-product","3":"status-publish","4":"has-post-thumbnail","6":"product_cat-accessoires-fr-2","7":"product_cat-accessori-2","8":"product_cat-cafe","9":"product_cat-caffe","10":"product_cat-machines-cafe","11":"product_cat-petits-electromenagers","13":"first","14":"outofstock","15":"taxable","16":"shipping-taxable","17":"purchasable","18":"product-type-simple","swatches":"rey-swatches","show_selected":"","stretch_labels":"rey-swatches--stretch-labels"},"acf":[],"yoast_head":"<!-- This site is optimized with the Yoast SEO plugin v25.4 - https:\/\/yoast.com\/wordpress\/plugins\/seo\/ -->\n<title>SAGE The Puck Sucker - dev6 Erresse<\/title>\n<meta name=\"description\" content=\"Compatible avec les gammes Oracle et Dual Boiler de Sage Convient aux porte-filtres Sage de 58mm. Extraction silencieuse et facile Une ventouse activ\u00e9e\" \/>\n<meta name=\"robots\" content=\"noindex, follow, max-snippet:-1, max-image-preview:large, max-video-preview:-1\" \/>\n<meta property=\"og:locale\" content=\"fr_FR\" \/>\n<meta property=\"og:type\" content=\"article\" \/>\n<meta property=\"og:title\" content=\"SAGE The Puck Sucker - dev6 Erresse\" \/>\n<meta property=\"og:description\" content=\"Compatible avec les gammes Oracle et Dual Boiler de Sage Convient aux porte-filtres Sage de 58mm. Extraction silencieuse et facile Une ventouse activ\u00e9e\" \/>\n<meta property=\"og:url\" content=\"https:\/\/dev6.erresse-shop.it\/fr\/shop\/petits-electromenagers\/machines-cafe\/sage-the-puck-sucker\/\" \/>\n<meta property=\"og:site_name\" content=\"dev6 Erresse\" \/>\n<meta property=\"og:image\" content=\"https:\/\/interpim.erresse-shop.it\/wp-content\/uploads\/2023\/02\/SAGE-The-Puck-Sucker.jpg\/sage-the-puck-sucker.jpg\" \/><meta property=\"og:image\" content=\"https:\/\/interpim.erresse-shop.it\/wp-content\/uploads\/2023\/02\/SAGE-The-Puck-Sucker.jpg\/sage-the-puck-sucker.jpg\" \/>\n\t<meta property=\"og:image:width\" content=\"1024\" \/>\n\t<meta property=\"og:image:height\" content=\"1024\" \/>\n\t<meta property=\"og:image:type\" content=\"image\/jpeg\" \/>\n<meta name=\"twitter:card\" content=\"summary_large_image\" \/>\n<meta name=\"twitter:image\" content=\"https:\/\/interpim.erresse-shop.it\/wp-content\/uploads\/2023\/02\/SAGE-The-Puck-Sucker.jpg\/sage-the-puck-sucker.jpg\" \/>\n<script type=\"application\/ld+json\" class=\"yoast-schema-graph\">{\"@context\":\"https:\/\/schema.org\",\"@graph\":[{\"@type\":\"WebPage\",\"@id\":\"https:\/\/dev6.erresse-shop.it\/fr\/shop\/petits-electromenagers\/machines-cafe\/sage-the-puck-sucker\/\",\"url\":\"https:\/\/dev6.erresse-shop.it\/fr\/shop\/petits-electromenagers\/machines-cafe\/sage-the-puck-sucker\/\",\"name\":\"SAGE The Puck Sucker - dev6 Erresse\",\"isPartOf\":{\"@id\":\"https:\/\/dev6.erresse-shop.it\/#website\"},\"primaryImageOfPage\":{\"@id\":\"https:\/\/dev6.erresse-shop.it\/fr\/shop\/petits-electromenagers\/machines-cafe\/sage-the-puck-sucker\/#primaryimage\"},\"image\":{\"@id\":\"https:\/\/dev6.erresse-shop.it\/fr\/shop\/petits-electromenagers\/machines-cafe\/sage-the-puck-sucker\/#primaryimage\"},\"thumbnailUrl\":\"https:\/\/i3.wp.com\/interpim.erresse-shop.it\/wp-content\/uploads\/2023\/02\/SAGE-The-Puck-Sucker.jpg\/sage-the-puck-sucker.jpg?ssl=1\",\"datePublished\":\"2026-04-12T12:49:36+00:00\",\"description\":\"Compatible avec les gammes Oracle et Dual Boiler de Sage Convient aux porte-filtres Sage de 58mm. Extraction silencieuse et facile Une ventouse activ\u00e9e\",\"breadcrumb\":{\"@id\":\"https:\/\/dev6.erresse-shop.it\/fr\/shop\/petits-electromenagers\/machines-cafe\/sage-the-puck-sucker\/#breadcrumb\"},\"inLanguage\":\"fr-FR\",\"potentialAction\":[{\"@type\":\"ReadAction\",\"target\":[\"https:\/\/dev6.erresse-shop.it\/fr\/shop\/petits-electromenagers\/machines-cafe\/sage-the-puck-sucker\/\"]}]},{\"@type\":\"ImageObject\",\"inLanguage\":\"fr-FR\",\"@id\":\"https:\/\/dev6.erresse-shop.it\/fr\/shop\/petits-electromenagers\/machines-cafe\/sage-the-puck-sucker\/#primaryimage\",\"url\":\"https:\/\/i3.wp.com\/interpim.erresse-shop.it\/wp-content\/uploads\/2023\/02\/SAGE-The-Puck-Sucker.jpg\/sage-the-puck-sucker.jpg?ssl=1\",\"contentUrl\":\"https:\/\/i3.wp.com\/interpim.erresse-shop.it\/wp-content\/uploads\/2023\/02\/SAGE-The-Puck-Sucker.jpg\/sage-the-puck-sucker.jpg?ssl=1\"},{\"@type\":\"BreadcrumbList\",\"@id\":\"https:\/\/dev6.erresse-shop.it\/fr\/shop\/petits-electromenagers\/machines-cafe\/sage-the-puck-sucker\/#breadcrumb\",\"itemListElement\":[{\"@type\":\"ListItem\",\"position\":1,\"name\":\"Home\",\"item\":\"https:\/\/dev6.erresse-shop.it\/\"},{\"@type\":\"ListItem\",\"position\":2,\"name\":\"Boutique\",\"item\":\"https:\/\/dev6.erresse-shop.it\/shop\/\"},{\"@type\":\"ListItem\",\"position\":3,\"name\":\"SAGE The Puck Sucker\"}]},{\"@type\":\"WebSite\",\"@id\":\"https:\/\/dev6.erresse-shop.it\/#website\",\"url\":\"https:\/\/dev6.erresse-shop.it\/\",\"name\":\"Erresse Shop\",\"description\":\"\",\"publisher\":{\"@id\":\"https:\/\/dev6.erresse-shop.it\/#organization\"},\"potentialAction\":[{\"@type\":\"SearchAction\",\"target\":{\"@type\":\"EntryPoint\",\"urlTemplate\":\"https:\/\/dev6.erresse-shop.it\/?s={search_term_string}\"},\"query-input\":{\"@type\":\"PropertyValueSpecification\",\"valueRequired\":true,\"valueName\":\"search_term_string\"}}],\"inLanguage\":\"fr-FR\"},{\"@type\":\"Organization\",\"@id\":\"https:\/\/dev6.erresse-shop.it\/#organization\",\"name\":\"Erresse Shop\",\"url\":\"https:\/\/dev6.erresse-shop.it\/\",\"logo\":{\"@type\":\"ImageObject\",\"inLanguage\":\"fr-FR\",\"@id\":\"https:\/\/dev6.erresse-shop.it\/#\/schema\/logo\/image\/\",\"url\":\"https:\/\/dev6.erresse-shop.it\/wp-content\/uploads\/2025\/01\/LOGO-ERRESSE-CLASSICO.svg\",\"contentUrl\":\"https:\/\/dev6.erresse-shop.it\/wp-content\/uploads\/2025\/01\/LOGO-ERRESSE-CLASSICO.svg\",\"caption\":\"Erresse Shop\"},\"image\":{\"@id\":\"https:\/\/dev6.erresse-shop.it\/#\/schema\/logo\/image\/\"}}]}<\/script>\n<!-- \/ Yoast SEO plugin. -->","yoast_head_json":{"title":"SAGE The Puck Sucker - dev6 Erresse","description":"Compatible avec les gammes Oracle et Dual Boiler de Sage Convient aux porte-filtres Sage de 58mm. Extraction silencieuse et facile Une ventouse activ\u00e9e","robots":{"index":"noindex","follow":"follow","max-snippet":"max-snippet:-1","max-image-preview":"max-image-preview:large","max-video-preview":"max-video-preview:-1"},"og_locale":"fr_FR","og_type":"article","og_title":"SAGE The Puck Sucker - dev6 Erresse","og_description":"Compatible avec les gammes Oracle et Dual Boiler de Sage Convient aux porte-filtres Sage de 58mm. Extraction silencieuse et facile Une ventouse activ\u00e9e","og_url":"https:\/\/dev6.erresse-shop.it\/fr\/shop\/petits-electromenagers\/machines-cafe\/sage-the-puck-sucker\/","og_site_name":"dev6 Erresse","og_image":[{"url":"https:\/\/interpim.erresse-shop.it\/wp-content\/uploads\/2023\/02\/SAGE-The-Puck-Sucker.jpg\/sage-the-puck-sucker.jpg","type":"","width":"","height":""},{"url":"https:\/\/interpim.erresse-shop.it\/wp-content\/uploads\/2023\/02\/SAGE-The-Puck-Sucker.jpg\/sage-the-puck-sucker.jpg","width":1024,"height":1024,"type":"image\/jpeg"}],"twitter_card":"summary_large_image","twitter_image":"https:\/\/interpim.erresse-shop.it\/wp-content\/uploads\/2023\/02\/SAGE-The-Puck-Sucker.jpg\/sage-the-puck-sucker.jpg","schema":{"@context":"https:\/\/schema.org","@graph":[{"@type":"WebPage","@id":"https:\/\/dev6.erresse-shop.it\/fr\/shop\/petits-electromenagers\/machines-cafe\/sage-the-puck-sucker\/","url":"https:\/\/dev6.erresse-shop.it\/fr\/shop\/petits-electromenagers\/machines-cafe\/sage-the-puck-sucker\/","name":"SAGE The Puck Sucker - dev6 Erresse","isPartOf":{"@id":"https:\/\/dev6.erresse-shop.it\/#website"},"primaryImageOfPage":{"@id":"https:\/\/dev6.erresse-shop.it\/fr\/shop\/petits-electromenagers\/machines-cafe\/sage-the-puck-sucker\/#primaryimage"},"image":{"@id":"https:\/\/dev6.erresse-shop.it\/fr\/shop\/petits-electromenagers\/machines-cafe\/sage-the-puck-sucker\/#primaryimage"},"thumbnailUrl":"https:\/\/i3.wp.com\/interpim.erresse-shop.it\/wp-content\/uploads\/2023\/02\/SAGE-The-Puck-Sucker.jpg\/sage-the-puck-sucker.jpg?ssl=1","datePublished":"2026-04-12T12:49:36+00:00","description":"Compatible avec les gammes Oracle et Dual Boiler de Sage Convient aux porte-filtres Sage de 58mm. Extraction silencieuse et facile Une ventouse activ\u00e9e","breadcrumb":{"@id":"https:\/\/dev6.erresse-shop.it\/fr\/shop\/petits-electromenagers\/machines-cafe\/sage-the-puck-sucker\/#breadcrumb"},"inLanguage":"fr-FR","potentialAction":[{"@type":"ReadAction","target":["https:\/\/dev6.erresse-shop.it\/fr\/shop\/petits-electromenagers\/machines-cafe\/sage-the-puck-sucker\/"]}]},{"@type":"ImageObject","inLanguage":"fr-FR","@id":"https:\/\/dev6.erresse-shop.it\/fr\/shop\/petits-electromenagers\/machines-cafe\/sage-the-puck-sucker\/#primaryimage","url":"https:\/\/i3.wp.com\/interpim.erresse-shop.it\/wp-content\/uploads\/2023\/02\/SAGE-The-Puck-Sucker.jpg\/sage-the-puck-sucker.jpg?ssl=1","contentUrl":"https:\/\/i3.wp.com\/interpim.erresse-shop.it\/wp-content\/uploads\/2023\/02\/SAGE-The-Puck-Sucker.jpg\/sage-the-puck-sucker.jpg?ssl=1"},{"@type":"BreadcrumbList","@id":"https:\/\/dev6.erresse-shop.it\/fr\/shop\/petits-electromenagers\/machines-cafe\/sage-the-puck-sucker\/#breadcrumb","itemListElement":[{"@type":"ListItem","position":1,"name":"Home","item":"https:\/\/dev6.erresse-shop.it\/"},{"@type":"ListItem","position":2,"name":"Boutique","item":"https:\/\/dev6.erresse-shop.it\/shop\/"},{"@type":"ListItem","position":3,"name":"SAGE The Puck Sucker"}]},{"@type":"WebSite","@id":"https:\/\/dev6.erresse-shop.it\/#website","url":"https:\/\/dev6.erresse-shop.it\/","name":"Erresse Shop","description":"","publisher":{"@id":"https:\/\/dev6.erresse-shop.it\/#organization"},"potentialAction":[{"@type":"SearchAction","target":{"@type":"EntryPoint","urlTemplate":"https:\/\/dev6.erresse-shop.it\/?s={search_term_string}"},"query-input":{"@type":"PropertyValueSpecification","valueRequired":true,"valueName":"search_term_string"}}],"inLanguage":"fr-FR"},{"@type":"Organization","@id":"https:\/\/dev6.erresse-shop.it\/#organization","name":"Erresse Shop","url":"https:\/\/dev6.erresse-shop.it\/","logo":{"@type":"ImageObject","inLanguage":"fr-FR","@id":"https:\/\/dev6.erresse-shop.it\/#\/schema\/logo\/image\/","url":"https:\/\/dev6.erresse-shop.it\/wp-content\/uploads\/2025\/01\/LOGO-ERRESSE-CLASSICO.svg","contentUrl":"https:\/\/dev6.erresse-shop.it\/wp-content\/uploads\/2025\/01\/LOGO-ERRESSE-CLASSICO.svg","caption":"Erresse Shop"},"image":{"@id":"https:\/\/dev6.erresse-shop.it\/#\/schema\/logo\/image\/"}}]}},"df_price":89.9,"df_sale_price":"","df_regular_price":89.9,"df_image_link":"https:\/\/i3.wp.com\/interpim.erresse-shop.it\/wp-content\/uploads\/2023\/02\/SAGE-The-Puck-Sucker.jpg\/sage-the-puck-sucker.jpg?resize=300,300&ssl=1","fifu_image_url":"https:\/\/interpim.erresse-shop.it\/wp-content\/uploads\/2023\/02\/SAGE-The-Puck-Sucker.jpg\/sage-the-puck-sucker.jpg","_links":{"self":[{"href":"https:\/\/dev6.erresse-shop.it\/fr\/wp-json\/wp\/v2\/product\/61023","targetHints":{"allow":["GET"]}}],"collection":[{"href":"https:\/\/dev6.erresse-shop.it\/fr\/wp-json\/wp\/v2\/product"}],"about":[{"href":"https:\/\/dev6.erresse-shop.it\/fr\/wp-json\/wp\/v2\/types\/product"}],"wp:featuredmedia":[{"embeddable":true,"href":"https:\/\/dev6.erresse-shop.it\/fr\/wp-json\/wp\/v2\/media\/6381353"}],"wp:attachment":[{"href":"https:\/\/dev6.erresse-shop.it\/fr\/wp-json\/wp\/v2\/media?parent=61023"}],"wp:term":[{"taxonomy":"product_cat","embeddable":true,"href":"https:\/\/dev6.erresse-shop.it\/fr\/wp-json\/wp\/v2\/product_cat?post=61023"},{"taxonomy":"product_tag","embeddable":true,"href":"https:\/\/dev6.erresse-shop.it\/fr\/wp-json\/wp\/v2\/product_tag?post=61023"}],"curies":[{"name":"wp","href":"https:\/\/api.w.org\/{rel}","templated":true}]}}