{"id":61011,"date":"2026-04-12T09:26:21","date_gmt":"2026-04-12T07:26:21","guid":{"rendered":"https:\/\/dev6.erresse-shop.it\/shop\/non%20class\u00e9\/smeg-dolce-gabbana-presse-agrumes\/"},"modified":"2025-07-04T16:49:09","modified_gmt":"2025-07-04T14:49:09","slug":"smeg-dolce-gabbana-presse-agrumes","status":"publish","type":"product","link":"https:\/\/dev6.erresse-shop.it\/fr\/shop\/petits-electromenagers\/presse-agrumes\/smeg-dolce-gabbana-presse-agrumes\/","title":{"rendered":"SMEG Dolce &#038; Gabbana Presse-Agrumes"},"content":{"rendered":"<p>Le presse-agrumes \u00e9lectrique CJF01 de Smeg est un instrument qui allie design, fiabilit\u00e9 et performances de pointe. Un presse-agrumes \u00e0 mettre en valeur, qui vous donne le plaisir de vivre dans votre cuisine et de vous offrir le bien-\u00eatre d\u2019un jus d\u2019agrumes frais.<\/p>\n<p>De nombreux atouts le placent parmi le haut de gamme.<\/p>\n<p>Le presse-agrumes Smeg est \u00e9quip\u00e9 d\u2019un puissant moteur de 70 W avec capteur marche-arr\u00eat int\u00e9gr\u00e9, compl\u00e9t\u00e9 par un bac de r\u00e9cup\u00e9ration du jus et un bec verseur anti-goutte qui emp\u00eache le jus de s\u2019\u00e9couler pour \u00e9viter de salir le plan de travail de la cuisine en fin d\u2019utilisation. La fonctionnalit\u00e9 est renforc\u00e9e par la facilit\u00e9 d\u2019utilisation et de nettoyage : un couvercle est inclus pour prot\u00e9ger le produit de la poussi\u00e8re lorsqu\u2019il n\u2019est pas utilis\u00e9 (il peut \u00e9galement servir de r\u00e9cipient lorsque le produit est utilis\u00e9) et tous ses composants sont facilement amovibles.<\/p>\n<p>La gamme est enrichie de mat\u00e9riaux de haute qualit\u00e9 qui offrent une s\u00e9curit\u00e9 optimale, alliant tradition et innovation : acier inoxydable et mat\u00e9riaux anticorrosifs qui conservent toute la saveur du jus.<\/p>\n<p>AESTHETIQUE<\/p>\n<p>Dolce&amp;Gabbana et Smeg unissent leurs \u00e2mes artistiques, cr\u00e9ant des designs uniques et originaux Made in Italy, comme Sicily is my Love. La nouvelle collection de petits appareils \u00e9lectrom\u00e9nagers est cr\u00e9\u00e9e par Smeg avec le design de Matteo Bazzicalupo et Raffaella Mangiarotti (deepdesign) et la cr\u00e9ativit\u00e9 inimitable de Dolce&amp;Gabbana.<\/p>\n<p>Couleur : D\u00e9coration \/ Sp\u00e9cial<br \/>\nD\u00e9coration \/ Couleur sp\u00e9ciale : Sicily is my love<br \/>\nFinition : Brillant<br \/>\nEsth\u00e9tique : Style 50\u2019s<br \/>\nS\u00e9rie : Sicily is my love<br \/>\nCollaborations : Smeg &amp; Dolce&amp;Gabbana<br \/>\nCouleur de la base : chrome poli<br \/>\nCouleur du dessus : Chrome poli<br \/>\nMat\u00e9riau du corps : Acier<br \/>\nMat\u00e9riau de la base : Plastique<br \/>\nMat\u00e9riau du plateau : Acier<\/p>\n<p>CARACT\u00c9RISTIQUES TECHNIQUES<\/p>\n<p>C\u00f4ne universel en acier inoxydable<br \/>\nFiltre en acier inoxydable<br \/>\nCouvercle anti-poussi\u00e8re en TritanTM<br \/>\nBec anti-goutte en acier inoxydable<br \/>\nPlateau anti-goutte en TritanTM<br \/>\nCompartiment int\u00e9rieur du plateau chrom\u00e9<br \/>\nCompartiment int\u00e9gr\u00e9 pour l\u2019enrouleur de c\u00e2ble<br \/>\nPieds antid\u00e9rapants<br \/>\nPuissance 70W<br \/>\nLongueur du c\u00e2ble 1 m<\/p>\n<p>SP\u00c9CIFICATIONS \u00c9LECTRIQUES<\/p>\n<p>Tension 220-240V \u2013 50\/60 Hz<\/p>\n<p>FONCTIONS<\/p>\n<p>Marche\/arr\u00eat automatique<\/p>\n<p>Non commercialis\u00e9 en dehors de l\u2019Europe<\/p>\n","protected":false},"excerpt":{"rendered":"<p>Le presse-agrumes \u00e9lectrique CJF01 de Smeg est un instrument qui allie design, fiabilit\u00e9 et performances de pointe. Un presse-agrumes \u00e0 mettre en valeur, qui vous donne le plaisir de vivre dans votre cuisine et de vous offrir le bien-\u00eatre d\u2019un jus d\u2019agrumes frais. De nombreux atouts le placent parmi le haut de gamme. Le presse-agrumes [&hellip;]<\/p>\n","protected":false},"featured_media":6360363,"template":"","meta":{"_acf_changed":false},"product_cat":[12055,12067],"product_tag":[],"class_list":{"0":"post-61011","1":"product","2":"type-product","3":"status-publish","4":"has-post-thumbnail","6":"product_cat-petits-electromenagers","7":"product_cat-presse-agrumes","9":"first","10":"outofstock","11":"sale","12":"taxable","13":"shipping-taxable","14":"purchasable","15":"product-type-simple","swatches":"rey-swatches","show_selected":"","stretch_labels":"rey-swatches--stretch-labels"},"acf":[],"yoast_head":"<!-- This site is optimized with the Yoast SEO plugin v25.4 - https:\/\/yoast.com\/wordpress\/plugins\/seo\/ -->\n<title>SMEG Dolce &#038; Gabbana Presse-Agrumes - dev6 Erresse<\/title>\n<meta name=\"description\" content=\"Le presse-agrumes \u00e9lectrique CJF01 de Smeg est un instrument qui allie design, fiabilit\u00e9 et performances de pointe. Un presse-agrumes \u00e0 mettre en valeur,\" \/>\n<meta name=\"robots\" content=\"noindex, follow, max-snippet:-1, max-image-preview:large, max-video-preview:-1\" \/>\n<meta property=\"og:locale\" content=\"fr_FR\" \/>\n<meta property=\"og:type\" content=\"article\" \/>\n<meta property=\"og:title\" content=\"SMEG Dolce &#038; Gabbana Presse-Agrumes - dev6 Erresse\" \/>\n<meta property=\"og:description\" content=\"Le presse-agrumes \u00e9lectrique CJF01 de Smeg est un instrument qui allie design, fiabilit\u00e9 et performances de pointe. Un presse-agrumes \u00e0 mettre en valeur,\" \/>\n<meta property=\"og:url\" content=\"https:\/\/dev6.erresse-shop.it\/fr\/shop\/petits-electromenagers\/presse-agrumes\/smeg-dolce-gabbana-presse-agrumes\/\" \/>\n<meta property=\"og:site_name\" content=\"dev6 Erresse\" \/>\n<meta property=\"og:image\" content=\"https:\/\/interpim.erresse-shop.it\/Import\/Prodotti\/smeg-dolce-gabbana-spremiagrumi-1.jpg\" \/><meta property=\"og:image\" content=\"https:\/\/interpim.erresse-shop.it\/Import\/Prodotti\/smeg-dolce-gabbana-spremiagrumi-1.jpg\" \/>\n\t<meta property=\"og:image:width\" content=\"1024\" \/>\n\t<meta property=\"og:image:height\" content=\"1024\" \/>\n\t<meta property=\"og:image:type\" content=\"image\/jpeg\" \/>\n<meta name=\"twitter:card\" content=\"summary_large_image\" \/>\n<meta name=\"twitter:image\" content=\"https:\/\/interpim.erresse-shop.it\/Import\/Prodotti\/smeg-dolce-gabbana-spremiagrumi-1.jpg\" \/>\n<script type=\"application\/ld+json\" class=\"yoast-schema-graph\">{\"@context\":\"https:\/\/schema.org\",\"@graph\":[{\"@type\":\"WebPage\",\"@id\":\"https:\/\/dev6.erresse-shop.it\/fr\/shop\/petits-electromenagers\/presse-agrumes\/smeg-dolce-gabbana-presse-agrumes\/\",\"url\":\"https:\/\/dev6.erresse-shop.it\/fr\/shop\/petits-electromenagers\/presse-agrumes\/smeg-dolce-gabbana-presse-agrumes\/\",\"name\":\"SMEG Dolce &#038; Gabbana Presse-Agrumes - dev6 Erresse\",\"isPartOf\":{\"@id\":\"https:\/\/dev6.erresse-shop.it\/#website\"},\"primaryImageOfPage\":{\"@id\":\"https:\/\/dev6.erresse-shop.it\/fr\/shop\/petits-electromenagers\/presse-agrumes\/smeg-dolce-gabbana-presse-agrumes\/#primaryimage\"},\"image\":{\"@id\":\"https:\/\/dev6.erresse-shop.it\/fr\/shop\/petits-electromenagers\/presse-agrumes\/smeg-dolce-gabbana-presse-agrumes\/#primaryimage\"},\"thumbnailUrl\":\"https:\/\/i1.wp.com\/interpim.erresse-shop.it\/Import\/Prodotti\/smeg-dolce-gabbana-spremiagrumi-1.jpg?ssl=1\",\"datePublished\":\"2026-04-12T07:26:21+00:00\",\"description\":\"Le presse-agrumes \u00e9lectrique CJF01 de Smeg est un instrument qui allie design, fiabilit\u00e9 et performances de pointe. Un presse-agrumes \u00e0 mettre en valeur,\",\"breadcrumb\":{\"@id\":\"https:\/\/dev6.erresse-shop.it\/fr\/shop\/petits-electromenagers\/presse-agrumes\/smeg-dolce-gabbana-presse-agrumes\/#breadcrumb\"},\"inLanguage\":\"fr-FR\",\"potentialAction\":[{\"@type\":\"ReadAction\",\"target\":[\"https:\/\/dev6.erresse-shop.it\/fr\/shop\/petits-electromenagers\/presse-agrumes\/smeg-dolce-gabbana-presse-agrumes\/\"]}]},{\"@type\":\"ImageObject\",\"inLanguage\":\"fr-FR\",\"@id\":\"https:\/\/dev6.erresse-shop.it\/fr\/shop\/petits-electromenagers\/presse-agrumes\/smeg-dolce-gabbana-presse-agrumes\/#primaryimage\",\"url\":\"https:\/\/i1.wp.com\/interpim.erresse-shop.it\/Import\/Prodotti\/smeg-dolce-gabbana-spremiagrumi-1.jpg?ssl=1\",\"contentUrl\":\"https:\/\/i1.wp.com\/interpim.erresse-shop.it\/Import\/Prodotti\/smeg-dolce-gabbana-spremiagrumi-1.jpg?ssl=1\"},{\"@type\":\"BreadcrumbList\",\"@id\":\"https:\/\/dev6.erresse-shop.it\/fr\/shop\/petits-electromenagers\/presse-agrumes\/smeg-dolce-gabbana-presse-agrumes\/#breadcrumb\",\"itemListElement\":[{\"@type\":\"ListItem\",\"position\":1,\"name\":\"Home\",\"item\":\"https:\/\/dev6.erresse-shop.it\/\"},{\"@type\":\"ListItem\",\"position\":2,\"name\":\"Boutique\",\"item\":\"https:\/\/dev6.erresse-shop.it\/shop\/\"},{\"@type\":\"ListItem\",\"position\":3,\"name\":\"SMEG Dolce &#038; Gabbana Presse-Agrumes\"}]},{\"@type\":\"WebSite\",\"@id\":\"https:\/\/dev6.erresse-shop.it\/#website\",\"url\":\"https:\/\/dev6.erresse-shop.it\/\",\"name\":\"Erresse Shop\",\"description\":\"\",\"publisher\":{\"@id\":\"https:\/\/dev6.erresse-shop.it\/#organization\"},\"potentialAction\":[{\"@type\":\"SearchAction\",\"target\":{\"@type\":\"EntryPoint\",\"urlTemplate\":\"https:\/\/dev6.erresse-shop.it\/?s={search_term_string}\"},\"query-input\":{\"@type\":\"PropertyValueSpecification\",\"valueRequired\":true,\"valueName\":\"search_term_string\"}}],\"inLanguage\":\"fr-FR\"},{\"@type\":\"Organization\",\"@id\":\"https:\/\/dev6.erresse-shop.it\/#organization\",\"name\":\"Erresse Shop\",\"url\":\"https:\/\/dev6.erresse-shop.it\/\",\"logo\":{\"@type\":\"ImageObject\",\"inLanguage\":\"fr-FR\",\"@id\":\"https:\/\/dev6.erresse-shop.it\/#\/schema\/logo\/image\/\",\"url\":\"https:\/\/dev6.erresse-shop.it\/wp-content\/uploads\/2025\/01\/LOGO-ERRESSE-CLASSICO.svg\",\"contentUrl\":\"https:\/\/dev6.erresse-shop.it\/wp-content\/uploads\/2025\/01\/LOGO-ERRESSE-CLASSICO.svg\",\"caption\":\"Erresse Shop\"},\"image\":{\"@id\":\"https:\/\/dev6.erresse-shop.it\/#\/schema\/logo\/image\/\"}}]}<\/script>\n<!-- \/ Yoast SEO plugin. -->","yoast_head_json":{"title":"SMEG Dolce &#038; Gabbana Presse-Agrumes - dev6 Erresse","description":"Le presse-agrumes \u00e9lectrique CJF01 de Smeg est un instrument qui allie design, fiabilit\u00e9 et performances de pointe. Un presse-agrumes \u00e0 mettre en valeur,","robots":{"index":"noindex","follow":"follow","max-snippet":"max-snippet:-1","max-image-preview":"max-image-preview:large","max-video-preview":"max-video-preview:-1"},"og_locale":"fr_FR","og_type":"article","og_title":"SMEG Dolce &#038; Gabbana Presse-Agrumes - dev6 Erresse","og_description":"Le presse-agrumes \u00e9lectrique CJF01 de Smeg est un instrument qui allie design, fiabilit\u00e9 et performances de pointe. Un presse-agrumes \u00e0 mettre en valeur,","og_url":"https:\/\/dev6.erresse-shop.it\/fr\/shop\/petits-electromenagers\/presse-agrumes\/smeg-dolce-gabbana-presse-agrumes\/","og_site_name":"dev6 Erresse","og_image":[{"url":"https:\/\/interpim.erresse-shop.it\/Import\/Prodotti\/smeg-dolce-gabbana-spremiagrumi-1.jpg","type":"","width":"","height":""},{"url":"https:\/\/interpim.erresse-shop.it\/Import\/Prodotti\/smeg-dolce-gabbana-spremiagrumi-1.jpg","width":1024,"height":1024,"type":"image\/jpeg"}],"twitter_card":"summary_large_image","twitter_image":"https:\/\/interpim.erresse-shop.it\/Import\/Prodotti\/smeg-dolce-gabbana-spremiagrumi-1.jpg","schema":{"@context":"https:\/\/schema.org","@graph":[{"@type":"WebPage","@id":"https:\/\/dev6.erresse-shop.it\/fr\/shop\/petits-electromenagers\/presse-agrumes\/smeg-dolce-gabbana-presse-agrumes\/","url":"https:\/\/dev6.erresse-shop.it\/fr\/shop\/petits-electromenagers\/presse-agrumes\/smeg-dolce-gabbana-presse-agrumes\/","name":"SMEG Dolce &#038; Gabbana Presse-Agrumes - dev6 Erresse","isPartOf":{"@id":"https:\/\/dev6.erresse-shop.it\/#website"},"primaryImageOfPage":{"@id":"https:\/\/dev6.erresse-shop.it\/fr\/shop\/petits-electromenagers\/presse-agrumes\/smeg-dolce-gabbana-presse-agrumes\/#primaryimage"},"image":{"@id":"https:\/\/dev6.erresse-shop.it\/fr\/shop\/petits-electromenagers\/presse-agrumes\/smeg-dolce-gabbana-presse-agrumes\/#primaryimage"},"thumbnailUrl":"https:\/\/i1.wp.com\/interpim.erresse-shop.it\/Import\/Prodotti\/smeg-dolce-gabbana-spremiagrumi-1.jpg?ssl=1","datePublished":"2026-04-12T07:26:21+00:00","description":"Le presse-agrumes \u00e9lectrique CJF01 de Smeg est un instrument qui allie design, fiabilit\u00e9 et performances de pointe. Un presse-agrumes \u00e0 mettre en valeur,","breadcrumb":{"@id":"https:\/\/dev6.erresse-shop.it\/fr\/shop\/petits-electromenagers\/presse-agrumes\/smeg-dolce-gabbana-presse-agrumes\/#breadcrumb"},"inLanguage":"fr-FR","potentialAction":[{"@type":"ReadAction","target":["https:\/\/dev6.erresse-shop.it\/fr\/shop\/petits-electromenagers\/presse-agrumes\/smeg-dolce-gabbana-presse-agrumes\/"]}]},{"@type":"ImageObject","inLanguage":"fr-FR","@id":"https:\/\/dev6.erresse-shop.it\/fr\/shop\/petits-electromenagers\/presse-agrumes\/smeg-dolce-gabbana-presse-agrumes\/#primaryimage","url":"https:\/\/i1.wp.com\/interpim.erresse-shop.it\/Import\/Prodotti\/smeg-dolce-gabbana-spremiagrumi-1.jpg?ssl=1","contentUrl":"https:\/\/i1.wp.com\/interpim.erresse-shop.it\/Import\/Prodotti\/smeg-dolce-gabbana-spremiagrumi-1.jpg?ssl=1"},{"@type":"BreadcrumbList","@id":"https:\/\/dev6.erresse-shop.it\/fr\/shop\/petits-electromenagers\/presse-agrumes\/smeg-dolce-gabbana-presse-agrumes\/#breadcrumb","itemListElement":[{"@type":"ListItem","position":1,"name":"Home","item":"https:\/\/dev6.erresse-shop.it\/"},{"@type":"ListItem","position":2,"name":"Boutique","item":"https:\/\/dev6.erresse-shop.it\/shop\/"},{"@type":"ListItem","position":3,"name":"SMEG Dolce &#038; Gabbana Presse-Agrumes"}]},{"@type":"WebSite","@id":"https:\/\/dev6.erresse-shop.it\/#website","url":"https:\/\/dev6.erresse-shop.it\/","name":"Erresse Shop","description":"","publisher":{"@id":"https:\/\/dev6.erresse-shop.it\/#organization"},"potentialAction":[{"@type":"SearchAction","target":{"@type":"EntryPoint","urlTemplate":"https:\/\/dev6.erresse-shop.it\/?s={search_term_string}"},"query-input":{"@type":"PropertyValueSpecification","valueRequired":true,"valueName":"search_term_string"}}],"inLanguage":"fr-FR"},{"@type":"Organization","@id":"https:\/\/dev6.erresse-shop.it\/#organization","name":"Erresse Shop","url":"https:\/\/dev6.erresse-shop.it\/","logo":{"@type":"ImageObject","inLanguage":"fr-FR","@id":"https:\/\/dev6.erresse-shop.it\/#\/schema\/logo\/image\/","url":"https:\/\/dev6.erresse-shop.it\/wp-content\/uploads\/2025\/01\/LOGO-ERRESSE-CLASSICO.svg","contentUrl":"https:\/\/dev6.erresse-shop.it\/wp-content\/uploads\/2025\/01\/LOGO-ERRESSE-CLASSICO.svg","caption":"Erresse Shop"},"image":{"@id":"https:\/\/dev6.erresse-shop.it\/#\/schema\/logo\/image\/"}}]}},"df_price":519,"df_sale_price":519,"df_regular_price":549.9,"df_image_link":"https:\/\/i1.wp.com\/interpim.erresse-shop.it\/Import\/Prodotti\/smeg-dolce-gabbana-spremiagrumi-1.jpg?resize=300,300&ssl=1","fifu_image_url":"https:\/\/interpim.erresse-shop.it\/Import\/Prodotti\/smeg-dolce-gabbana-spremiagrumi-1.jpg","_links":{"self":[{"href":"https:\/\/dev6.erresse-shop.it\/fr\/wp-json\/wp\/v2\/product\/61011","targetHints":{"allow":["GET"]}}],"collection":[{"href":"https:\/\/dev6.erresse-shop.it\/fr\/wp-json\/wp\/v2\/product"}],"about":[{"href":"https:\/\/dev6.erresse-shop.it\/fr\/wp-json\/wp\/v2\/types\/product"}],"wp:featuredmedia":[{"embeddable":true,"href":"https:\/\/dev6.erresse-shop.it\/fr\/wp-json\/wp\/v2\/media\/6360363"}],"wp:attachment":[{"href":"https:\/\/dev6.erresse-shop.it\/fr\/wp-json\/wp\/v2\/media?parent=61011"}],"wp:term":[{"taxonomy":"product_cat","embeddable":true,"href":"https:\/\/dev6.erresse-shop.it\/fr\/wp-json\/wp\/v2\/product_cat?post=61011"},{"taxonomy":"product_tag","embeddable":true,"href":"https:\/\/dev6.erresse-shop.it\/fr\/wp-json\/wp\/v2\/product_tag?post=61011"}],"curies":[{"name":"wp","href":"https:\/\/api.w.org\/{rel}","templated":true}]}}