{"id":60991,"date":"2026-04-12T09:26:21","date_gmt":"2026-04-12T07:26:21","guid":{"rendered":"https:\/\/dev6.erresse-shop.it\/shop\/non%20class\u00e9\/le-creuset-skillet-rond-profond-en-fonte-emaillee-26-cm-azure\/"},"modified":"2025-09-14T04:45:15","modified_gmt":"2025-09-14T02:45:15","slug":"le-creuset-skillet-rond-profond-en-fonte-emaillee-26-cm-azure","status":"publish","type":"product","link":"https:\/\/dev6.erresse-shop.it\/fr\/shop\/poeles-pots\/le-creuset-skillet-rond-profond-en-fonte-emaillee-26-cm-azure\/","title":{"rendered":"LE CREUSET Skillet Rond Profond en Fonte \u00c9maill\u00e9e 26 cm Azure"},"content":{"rendered":"<p>Cette po\u00eale \u00e0 frire est fabriqu\u00e9e dans notre l\u00e9gendaire fonte vitrifi\u00e9e, elle peut donc \u00eatre utilis\u00e9e aussi bien au four que sur la plaque de cuisson. V\u00e9ritable alli\u00e9 indispensable de la cuisine, elle est dot\u00e9e d\u2019une poign\u00e9e ergonomique qui permet de la d\u00e9placer facilement. Le double bec verseur permet de verser et de servir sans goutter. Vous \u00eates pr\u00eat \u00e0 servir ? Apportez les aliments directement sur la table.<\/p>\n<p>Polyvalence : ce produit est adapt\u00e9 au mode four, cuisini\u00e8re et grill.<br \/>\nDes aliments savoureux : la fonte vitrifi\u00e9e retient la chaleur pour une cuisson et un brunissement uniformes. Vos d\u00e9licieuses cr\u00e9ations resteront chaudes plus longtemps \u00e0 table.<br \/>\nFacile \u00e0 tenir : les poign\u00e9es \u00e9l\u00e9gantes et confortables vous permettent de soulever le produit en toute s\u00e9curit\u00e9.<br \/>\nUne aide pr\u00e9cieuse : la poign\u00e9e pratique vous permet de soulever facilement le produit et de le d\u00e9placer entre la plaque de cuisson, le four et la table.<br \/>\nVersez sans h\u00e9siter : les becs lat\u00e9raux permettent de verser facilement (sans goutter).<br \/>\nUn arc-en-ciel de couleurs : disponible dans un large choix de couleurs, notre gamme ajoutera une touche de couleur \u00e0 votre cuisine.<br \/>\nPas trop chaud : cuisinez \u00e0 feu doux ou moyen constant pour prendre soin de votre produit en fonte vitrifi\u00e9e et obtenir des r\u00e9sultats d\u00e9licieux.<br \/>\nS\u2019am\u00e9liore avec le temps : l\u2019int\u00e9rieur vitrifi\u00e9 d\u00e9veloppe une patine naturelle qui agit presque comme une surface antiadh\u00e9sive. Sa finition poss\u00e8de des propri\u00e9t\u00e9s qui emp\u00eachent les aliments de coller, m\u00eame avec de petites quantit\u00e9s d\u2019huile. Ne lavez le produit qu\u2019\u00e0 l\u2019eau pour permettre \u00e0 la patine de se d\u00e9velopper.<br \/>\nBest in Class : nos produits sont fabriqu\u00e9s \u00e0 partir des meilleurs mat\u00e9riaux dans des usines du monde entier pour garantir la qualit\u00e9 que vous attendez de Le Creuset.<\/p>\n<p>Mat\u00e9riau : fonte vitrifi\u00e9e<br \/>\nFabriqu\u00e9 en : France<br \/>\nGarantie : \u00e0 vie<\/p>\n<p>Source de chaleur :<\/p>\n<p>Four<br \/>\nMode gril du four<br \/>\nTable de cuisson \u00e9lectrique<br \/>\nC\u00e9ramique Verre<br \/>\nTable de cuisson \u00e0 gaz<br \/>\nTable de cuisson \u00e0 induction<\/p>\n<p>Nettoyage et entretien :<\/p>\n<p>Attendez que le produit refroidisse avant de commencer \u00e0 le nettoyer.<br \/>\nNettoyez les restes de nourriture sur la base et les c\u00f4t\u00e9s de l\u2019appareil. Si des aliments y sont coll\u00e9s, remplissez le produit d\u2019eau chaude savonneuse et laissez-le tremper pendant 15 \u00e0 20 minutes avant de le laver comme d\u2019habitude.<br \/>\nN\u2019utilisez pas de nettoyants abrasifs ni d\u2019\u00e9ponges ou de brosses m\u00e9talliques tr\u00e8s rigides sur aucune des surfaces.<br \/>\nS\u00e9chez bien apr\u00e8s le lavage et stockez dans un endroit sec.<\/p>\n","protected":false},"excerpt":{"rendered":"<p>Cette po\u00eale \u00e0 frire est fabriqu\u00e9e dans notre l\u00e9gendaire fonte vitrifi\u00e9e, elle peut donc \u00eatre utilis\u00e9e aussi bien au four que sur la plaque de cuisson. V\u00e9ritable alli\u00e9 indispensable de la cuisine, elle est dot\u00e9e d\u2019une poign\u00e9e ergonomique qui permet de la d\u00e9placer facilement. Le double bec verseur permet de verser et de servir sans [&hellip;]<\/p>\n","protected":false},"featured_media":6360301,"template":"","meta":{"_acf_changed":false},"product_cat":[11991],"product_tag":[],"class_list":{"0":"post-60991","1":"product","2":"type-product","3":"status-publish","4":"has-post-thumbnail","6":"product_cat-poeles-pots","8":"first","9":"outofstock","10":"sale","11":"taxable","12":"shipping-taxable","13":"purchasable","14":"product-type-simple","swatches":"rey-swatches","show_selected":"","stretch_labels":"rey-swatches--stretch-labels"},"acf":[],"yoast_head":"<!-- This site is optimized with the Yoast SEO plugin v25.4 - https:\/\/yoast.com\/wordpress\/plugins\/seo\/ -->\n<title>LE CREUSET Skillet Rond Profond en Fonte \u00c9maill\u00e9e 26 cm Azure - dev6 Erresse<\/title>\n<meta name=\"description\" content=\"Cette po\u00eale \u00e0 frire est fabriqu\u00e9e dans notre l\u00e9gendaire fonte vitrifi\u00e9e, elle peut donc \u00eatre utilis\u00e9e aussi bien au four que sur la plaque de cuisson.\" \/>\n<meta name=\"robots\" content=\"noindex, follow, max-snippet:-1, max-image-preview:large, max-video-preview:-1\" \/>\n<meta property=\"og:locale\" content=\"fr_FR\" \/>\n<meta property=\"og:type\" content=\"article\" \/>\n<meta property=\"og:title\" content=\"LE CREUSET Skillet Rond Profond en Fonte \u00c9maill\u00e9e 26 cm Azure - dev6 Erresse\" \/>\n<meta property=\"og:description\" content=\"Cette po\u00eale \u00e0 frire est fabriqu\u00e9e dans notre l\u00e9gendaire fonte vitrifi\u00e9e, elle peut donc \u00eatre utilis\u00e9e aussi bien au four que sur la plaque de cuisson.\" \/>\n<meta property=\"og:url\" content=\"https:\/\/dev6.erresse-shop.it\/fr\/shop\/poeles-pots\/le-creuset-skillet-rond-profond-en-fonte-emaillee-26-cm-azure\/\" \/>\n<meta property=\"og:site_name\" content=\"dev6 Erresse\" \/>\n<meta property=\"og:image\" content=\"https:\/\/interpim.erresse-shop.it\/Import\/Prodotti\/le-creuset-padella-profonda-evolution-doppio-becco-26-cm-azure.jpg\" \/><meta property=\"og:image\" content=\"https:\/\/interpim.erresse-shop.it\/Import\/Prodotti\/le-creuset-padella-profonda-evolution-doppio-becco-26-cm-azure.jpg\" \/>\n\t<meta property=\"og:image:width\" content=\"1024\" \/>\n\t<meta property=\"og:image:height\" content=\"1024\" \/>\n\t<meta property=\"og:image:type\" content=\"image\/jpeg\" \/>\n<meta name=\"twitter:card\" content=\"summary_large_image\" \/>\n<meta name=\"twitter:image\" content=\"https:\/\/interpim.erresse-shop.it\/Import\/Prodotti\/le-creuset-padella-profonda-evolution-doppio-becco-26-cm-azure.jpg\" \/>\n<script type=\"application\/ld+json\" class=\"yoast-schema-graph\">{\"@context\":\"https:\/\/schema.org\",\"@graph\":[{\"@type\":\"WebPage\",\"@id\":\"https:\/\/dev6.erresse-shop.it\/fr\/shop\/poeles-pots\/le-creuset-skillet-rond-profond-en-fonte-emaillee-26-cm-azure\/\",\"url\":\"https:\/\/dev6.erresse-shop.it\/fr\/shop\/poeles-pots\/le-creuset-skillet-rond-profond-en-fonte-emaillee-26-cm-azure\/\",\"name\":\"LE CREUSET Skillet Rond Profond en Fonte \u00c9maill\u00e9e 26 cm Azure - dev6 Erresse\",\"isPartOf\":{\"@id\":\"https:\/\/dev6.erresse-shop.it\/#website\"},\"primaryImageOfPage\":{\"@id\":\"https:\/\/dev6.erresse-shop.it\/fr\/shop\/poeles-pots\/le-creuset-skillet-rond-profond-en-fonte-emaillee-26-cm-azure\/#primaryimage\"},\"image\":{\"@id\":\"https:\/\/dev6.erresse-shop.it\/fr\/shop\/poeles-pots\/le-creuset-skillet-rond-profond-en-fonte-emaillee-26-cm-azure\/#primaryimage\"},\"thumbnailUrl\":\"https:\/\/i1.wp.com\/interpim.erresse-shop.it\/Import\/Prodotti\/le-creuset-padella-profonda-evolution-doppio-becco-26-cm-azure.jpg?ssl=1\",\"datePublished\":\"2026-04-12T07:26:21+00:00\",\"description\":\"Cette po\u00eale \u00e0 frire est fabriqu\u00e9e dans notre l\u00e9gendaire fonte vitrifi\u00e9e, elle peut donc \u00eatre utilis\u00e9e aussi bien au four que sur la plaque de cuisson.\",\"breadcrumb\":{\"@id\":\"https:\/\/dev6.erresse-shop.it\/fr\/shop\/poeles-pots\/le-creuset-skillet-rond-profond-en-fonte-emaillee-26-cm-azure\/#breadcrumb\"},\"inLanguage\":\"fr-FR\",\"potentialAction\":[{\"@type\":\"ReadAction\",\"target\":[\"https:\/\/dev6.erresse-shop.it\/fr\/shop\/poeles-pots\/le-creuset-skillet-rond-profond-en-fonte-emaillee-26-cm-azure\/\"]}]},{\"@type\":\"ImageObject\",\"inLanguage\":\"fr-FR\",\"@id\":\"https:\/\/dev6.erresse-shop.it\/fr\/shop\/poeles-pots\/le-creuset-skillet-rond-profond-en-fonte-emaillee-26-cm-azure\/#primaryimage\",\"url\":\"https:\/\/i1.wp.com\/interpim.erresse-shop.it\/Import\/Prodotti\/le-creuset-padella-profonda-evolution-doppio-becco-26-cm-azure.jpg?ssl=1\",\"contentUrl\":\"https:\/\/i1.wp.com\/interpim.erresse-shop.it\/Import\/Prodotti\/le-creuset-padella-profonda-evolution-doppio-becco-26-cm-azure.jpg?ssl=1\"},{\"@type\":\"BreadcrumbList\",\"@id\":\"https:\/\/dev6.erresse-shop.it\/fr\/shop\/poeles-pots\/le-creuset-skillet-rond-profond-en-fonte-emaillee-26-cm-azure\/#breadcrumb\",\"itemListElement\":[{\"@type\":\"ListItem\",\"position\":1,\"name\":\"Home\",\"item\":\"https:\/\/dev6.erresse-shop.it\/\"},{\"@type\":\"ListItem\",\"position\":2,\"name\":\"Boutique\",\"item\":\"https:\/\/dev6.erresse-shop.it\/shop\/\"},{\"@type\":\"ListItem\",\"position\":3,\"name\":\"LE CREUSET Skillet Rond Profond en Fonte \u00c9maill\u00e9e 26 cm Azure\"}]},{\"@type\":\"WebSite\",\"@id\":\"https:\/\/dev6.erresse-shop.it\/#website\",\"url\":\"https:\/\/dev6.erresse-shop.it\/\",\"name\":\"Erresse Shop\",\"description\":\"\",\"publisher\":{\"@id\":\"https:\/\/dev6.erresse-shop.it\/#organization\"},\"potentialAction\":[{\"@type\":\"SearchAction\",\"target\":{\"@type\":\"EntryPoint\",\"urlTemplate\":\"https:\/\/dev6.erresse-shop.it\/?s={search_term_string}\"},\"query-input\":{\"@type\":\"PropertyValueSpecification\",\"valueRequired\":true,\"valueName\":\"search_term_string\"}}],\"inLanguage\":\"fr-FR\"},{\"@type\":\"Organization\",\"@id\":\"https:\/\/dev6.erresse-shop.it\/#organization\",\"name\":\"Erresse Shop\",\"url\":\"https:\/\/dev6.erresse-shop.it\/\",\"logo\":{\"@type\":\"ImageObject\",\"inLanguage\":\"fr-FR\",\"@id\":\"https:\/\/dev6.erresse-shop.it\/#\/schema\/logo\/image\/\",\"url\":\"https:\/\/dev6.erresse-shop.it\/wp-content\/uploads\/2025\/01\/LOGO-ERRESSE-CLASSICO.svg\",\"contentUrl\":\"https:\/\/dev6.erresse-shop.it\/wp-content\/uploads\/2025\/01\/LOGO-ERRESSE-CLASSICO.svg\",\"caption\":\"Erresse Shop\"},\"image\":{\"@id\":\"https:\/\/dev6.erresse-shop.it\/#\/schema\/logo\/image\/\"}}]}<\/script>\n<!-- \/ Yoast SEO plugin. -->","yoast_head_json":{"title":"LE CREUSET Skillet Rond Profond en Fonte \u00c9maill\u00e9e 26 cm Azure - dev6 Erresse","description":"Cette po\u00eale \u00e0 frire est fabriqu\u00e9e dans notre l\u00e9gendaire fonte vitrifi\u00e9e, elle peut donc \u00eatre utilis\u00e9e aussi bien au four que sur la plaque de cuisson.","robots":{"index":"noindex","follow":"follow","max-snippet":"max-snippet:-1","max-image-preview":"max-image-preview:large","max-video-preview":"max-video-preview:-1"},"og_locale":"fr_FR","og_type":"article","og_title":"LE CREUSET Skillet Rond Profond en Fonte \u00c9maill\u00e9e 26 cm Azure - dev6 Erresse","og_description":"Cette po\u00eale \u00e0 frire est fabriqu\u00e9e dans notre l\u00e9gendaire fonte vitrifi\u00e9e, elle peut donc \u00eatre utilis\u00e9e aussi bien au four que sur la plaque de cuisson.","og_url":"https:\/\/dev6.erresse-shop.it\/fr\/shop\/poeles-pots\/le-creuset-skillet-rond-profond-en-fonte-emaillee-26-cm-azure\/","og_site_name":"dev6 Erresse","og_image":[{"url":"https:\/\/interpim.erresse-shop.it\/Import\/Prodotti\/le-creuset-padella-profonda-evolution-doppio-becco-26-cm-azure.jpg","type":"","width":"","height":""},{"url":"https:\/\/interpim.erresse-shop.it\/Import\/Prodotti\/le-creuset-padella-profonda-evolution-doppio-becco-26-cm-azure.jpg","width":1024,"height":1024,"type":"image\/jpeg"}],"twitter_card":"summary_large_image","twitter_image":"https:\/\/interpim.erresse-shop.it\/Import\/Prodotti\/le-creuset-padella-profonda-evolution-doppio-becco-26-cm-azure.jpg","schema":{"@context":"https:\/\/schema.org","@graph":[{"@type":"WebPage","@id":"https:\/\/dev6.erresse-shop.it\/fr\/shop\/poeles-pots\/le-creuset-skillet-rond-profond-en-fonte-emaillee-26-cm-azure\/","url":"https:\/\/dev6.erresse-shop.it\/fr\/shop\/poeles-pots\/le-creuset-skillet-rond-profond-en-fonte-emaillee-26-cm-azure\/","name":"LE CREUSET Skillet Rond Profond en Fonte \u00c9maill\u00e9e 26 cm Azure - dev6 Erresse","isPartOf":{"@id":"https:\/\/dev6.erresse-shop.it\/#website"},"primaryImageOfPage":{"@id":"https:\/\/dev6.erresse-shop.it\/fr\/shop\/poeles-pots\/le-creuset-skillet-rond-profond-en-fonte-emaillee-26-cm-azure\/#primaryimage"},"image":{"@id":"https:\/\/dev6.erresse-shop.it\/fr\/shop\/poeles-pots\/le-creuset-skillet-rond-profond-en-fonte-emaillee-26-cm-azure\/#primaryimage"},"thumbnailUrl":"https:\/\/i1.wp.com\/interpim.erresse-shop.it\/Import\/Prodotti\/le-creuset-padella-profonda-evolution-doppio-becco-26-cm-azure.jpg?ssl=1","datePublished":"2026-04-12T07:26:21+00:00","description":"Cette po\u00eale \u00e0 frire est fabriqu\u00e9e dans notre l\u00e9gendaire fonte vitrifi\u00e9e, elle peut donc \u00eatre utilis\u00e9e aussi bien au four que sur la plaque de cuisson.","breadcrumb":{"@id":"https:\/\/dev6.erresse-shop.it\/fr\/shop\/poeles-pots\/le-creuset-skillet-rond-profond-en-fonte-emaillee-26-cm-azure\/#breadcrumb"},"inLanguage":"fr-FR","potentialAction":[{"@type":"ReadAction","target":["https:\/\/dev6.erresse-shop.it\/fr\/shop\/poeles-pots\/le-creuset-skillet-rond-profond-en-fonte-emaillee-26-cm-azure\/"]}]},{"@type":"ImageObject","inLanguage":"fr-FR","@id":"https:\/\/dev6.erresse-shop.it\/fr\/shop\/poeles-pots\/le-creuset-skillet-rond-profond-en-fonte-emaillee-26-cm-azure\/#primaryimage","url":"https:\/\/i1.wp.com\/interpim.erresse-shop.it\/Import\/Prodotti\/le-creuset-padella-profonda-evolution-doppio-becco-26-cm-azure.jpg?ssl=1","contentUrl":"https:\/\/i1.wp.com\/interpim.erresse-shop.it\/Import\/Prodotti\/le-creuset-padella-profonda-evolution-doppio-becco-26-cm-azure.jpg?ssl=1"},{"@type":"BreadcrumbList","@id":"https:\/\/dev6.erresse-shop.it\/fr\/shop\/poeles-pots\/le-creuset-skillet-rond-profond-en-fonte-emaillee-26-cm-azure\/#breadcrumb","itemListElement":[{"@type":"ListItem","position":1,"name":"Home","item":"https:\/\/dev6.erresse-shop.it\/"},{"@type":"ListItem","position":2,"name":"Boutique","item":"https:\/\/dev6.erresse-shop.it\/shop\/"},{"@type":"ListItem","position":3,"name":"LE CREUSET Skillet Rond Profond en Fonte \u00c9maill\u00e9e 26 cm Azure"}]},{"@type":"WebSite","@id":"https:\/\/dev6.erresse-shop.it\/#website","url":"https:\/\/dev6.erresse-shop.it\/","name":"Erresse Shop","description":"","publisher":{"@id":"https:\/\/dev6.erresse-shop.it\/#organization"},"potentialAction":[{"@type":"SearchAction","target":{"@type":"EntryPoint","urlTemplate":"https:\/\/dev6.erresse-shop.it\/?s={search_term_string}"},"query-input":{"@type":"PropertyValueSpecification","valueRequired":true,"valueName":"search_term_string"}}],"inLanguage":"fr-FR"},{"@type":"Organization","@id":"https:\/\/dev6.erresse-shop.it\/#organization","name":"Erresse Shop","url":"https:\/\/dev6.erresse-shop.it\/","logo":{"@type":"ImageObject","inLanguage":"fr-FR","@id":"https:\/\/dev6.erresse-shop.it\/#\/schema\/logo\/image\/","url":"https:\/\/dev6.erresse-shop.it\/wp-content\/uploads\/2025\/01\/LOGO-ERRESSE-CLASSICO.svg","contentUrl":"https:\/\/dev6.erresse-shop.it\/wp-content\/uploads\/2025\/01\/LOGO-ERRESSE-CLASSICO.svg","caption":"Erresse Shop"},"image":{"@id":"https:\/\/dev6.erresse-shop.it\/#\/schema\/logo\/image\/"}}]}},"df_price":149.95,"df_sale_price":149.95,"df_regular_price":215,"df_image_link":"https:\/\/i1.wp.com\/interpim.erresse-shop.it\/Import\/Prodotti\/le-creuset-padella-profonda-evolution-doppio-becco-26-cm-azure.jpg?resize=300,300&ssl=1","fifu_image_url":"https:\/\/interpim.erresse-shop.it\/Import\/Prodotti\/le-creuset-padella-profonda-evolution-doppio-becco-26-cm-azure.jpg","_links":{"self":[{"href":"https:\/\/dev6.erresse-shop.it\/fr\/wp-json\/wp\/v2\/product\/60991","targetHints":{"allow":["GET"]}}],"collection":[{"href":"https:\/\/dev6.erresse-shop.it\/fr\/wp-json\/wp\/v2\/product"}],"about":[{"href":"https:\/\/dev6.erresse-shop.it\/fr\/wp-json\/wp\/v2\/types\/product"}],"wp:featuredmedia":[{"embeddable":true,"href":"https:\/\/dev6.erresse-shop.it\/fr\/wp-json\/wp\/v2\/media\/6360301"}],"wp:attachment":[{"href":"https:\/\/dev6.erresse-shop.it\/fr\/wp-json\/wp\/v2\/media?parent=60991"}],"wp:term":[{"taxonomy":"product_cat","embeddable":true,"href":"https:\/\/dev6.erresse-shop.it\/fr\/wp-json\/wp\/v2\/product_cat?post=60991"},{"taxonomy":"product_tag","embeddable":true,"href":"https:\/\/dev6.erresse-shop.it\/fr\/wp-json\/wp\/v2\/product_tag?post=60991"}],"curies":[{"name":"wp","href":"https:\/\/api.w.org\/{rel}","templated":true}]}}