{"id":60985,"date":"2026-04-04T09:23:03","date_gmt":"2026-04-04T07:23:03","guid":{"rendered":"https:\/\/dev6.erresse-shop.it\/shop\/non%20class\u00e9\/le-creuset-marmite-26-cm-azure\/"},"modified":"2025-09-14T04:45:09","modified_gmt":"2025-09-14T02:45:09","slug":"le-creuset-marmite-26-cm-azure","status":"publish","type":"product","link":"https:\/\/dev6.erresse-shop.it\/fr\/shop\/cuisine\/le-creuset-marmite-26-cm-azure\/","title":{"rendered":"LE CREUSET Marmite 26 cm Azure"},"content":{"rendered":"<p>UN TR\u00c9SOR DE FAMILLE POUR L\u2019AVENIR<\/p>\n<p>Nos ustensiles de cuisson en fonte vitrifi\u00e9e se transmettent d\u2019une g\u00e9n\u00e9ration \u00e0 l\u2019autre, tout comme les recettes de grand-m\u00e8re. Pratique, \u00e9l\u00e9gante et ultra-r\u00e9sistante, cette batterie de cuisine est pr\u00eate \u00e0 passer de main en main, pour des ann\u00e9es et des ann\u00e9es. Gr\u00e2ce \u00e0 ses parois arrondies, remuer sera un vrai plaisir et vous pourrez tout cuisiner sans utiliser diff\u00e9rents pots. Fondue bourguignonne ? Soupe de poisson ? Vous pouvez compter sur elle.<\/p>\n<p>Notre pommeau r\u00e9sistant \u00e0 la chaleur (jusqu\u2019\u00e0 260 \u00b0C) est con\u00e7u pour une excellente prise en main, m\u00eame lorsque vous utilisez une manique pour soulever le couvercle.<br \/>\nNettoyage rapide : une fine couche int\u00e9rieure vitrifi\u00e9e facilite le nettoyage.<br \/>\nGrandes poign\u00e9es : gr\u00e2ce \u00e0 nos grandes poign\u00e9es, vous pouvez passer facilement de la table de cuisson \u00e0 la table, m\u00eame en utilisant des gants de cuisine.<br \/>\nPolyvalence : ce produit est adapt\u00e9 au mode four, cuisini\u00e8re et gril.<br \/>\nDes aliments savoureux : la fonte vitrifi\u00e9e retient la chaleur pour une cuisson et un brunissement homog\u00e8nes. Vos d\u00e9licieuses cr\u00e9ations resteront chaudes plus longtemps \u00e0 table.<br \/>\nPr\u00e9serve la succulence : notre couvercle retient la vapeur g\u00e9n\u00e9r\u00e9e par la cuisson des aliments et exalte les saveurs pour des r\u00e9sultats de cuisson extraordinaires.<br \/>\nFacile \u00e0 tenir : les poign\u00e9es \u00e9l\u00e9gantes et confortables vous permettent de soulever le produit en toute s\u00e9curit\u00e9.<br \/>\nMouvements fluides : les c\u00f4t\u00e9s incurv\u00e9s uniques vous permettent de retourner les aliments facilement et efficacement.<br \/>\nPas trop chaud : cuisinez avec une chaleur constante faible \u00e0 moyenne pour prendre soin de votre produit en fonte vitrifi\u00e9e et obtenir des r\u00e9sultats d\u00e9licieux.<br \/>\nS\u2019am\u00e9liore avec le temps : l\u2019int\u00e9rieur vitrifi\u00e9 d\u00e9veloppe une patine naturelle qui agit presque comme une surface antiadh\u00e9sive. Sa finition poss\u00e8de des propri\u00e9t\u00e9s qui emp\u00eachent les aliments de coller, m\u00eame avec de petites quantit\u00e9s d\u2019huile. Lavez le produit uniquement \u00e0 l\u2019eau pour permettre \u00e0 la patine de se d\u00e9velopper.<br \/>\nNos produits sont fabriqu\u00e9s \u00e0 partir des meilleurs mat\u00e9riaux dans des usines du monde entier pour garantir la qualit\u00e9 que vous attendez de Le Creuset.<\/p>\n<p>Mat\u00e9riau : fonte vitrifi\u00e9e<br \/>\nFabriqu\u00e9 en : France<br \/>\nGarantie : \u00e0 vie<\/p>\n<p>Source de chaleur :<\/p>\n<p>Four<br \/>\nMode gril du four<br \/>\nTable de cuisson \u00e9lectrique<br \/>\nC\u00e9ramique Verre<br \/>\nTable de cuisson \u00e0 gaz<br \/>\nTable de cuisson \u00e0 induction<\/p>\n<p>Nettoyage et entretien :<\/p>\n<p>Attendez que le produit refroidisse avant de commencer \u00e0 le nettoyer.<br \/>\nNettoyez les restes de nourriture sur la base et les c\u00f4t\u00e9s de l\u2019appareil. Si des aliments y sont coll\u00e9s, remplissez le produit d\u2019eau chaude savonneuse et laissez-le tremper pendant 15 \u00e0 20 minutes avant de le laver comme d\u2019habitude.<br \/>\nN\u2019utilisez pas de nettoyants abrasifs ni d\u2019\u00e9ponges ou de brosses m\u00e9talliques tr\u00e8s rigides sur aucune des surfaces.<br \/>\nS\u00e9chez bien apr\u00e8s le lavage et stockez dans un endroit sec.<\/p>\n","protected":false},"excerpt":{"rendered":"<p>UN TR\u00c9SOR DE FAMILLE POUR L\u2019AVENIR Nos ustensiles de cuisson en fonte vitrifi\u00e9e se transmettent d\u2019une g\u00e9n\u00e9ration \u00e0 l\u2019autre, tout comme les recettes de grand-m\u00e8re. Pratique, \u00e9l\u00e9gante et ultra-r\u00e9sistante, cette batterie de cuisine est pr\u00eate \u00e0 passer de main en main, pour des ann\u00e9es et des ann\u00e9es. Gr\u00e2ce \u00e0 ses parois arrondies, remuer sera un [&hellip;]<\/p>\n","protected":false},"featured_media":6276978,"template":"","meta":{"_acf_changed":false},"product_cat":[11992],"product_tag":[],"class_list":{"0":"post-60985","1":"product","2":"type-product","3":"status-publish","4":"has-post-thumbnail","6":"product_cat-cuisine","8":"first","9":"outofstock","10":"sale","11":"taxable","12":"shipping-taxable","13":"purchasable","14":"product-type-simple","swatches":"rey-swatches","show_selected":"","stretch_labels":"rey-swatches--stretch-labels"},"acf":[],"yoast_head":"<!-- This site is optimized with the Yoast SEO plugin v25.4 - https:\/\/yoast.com\/wordpress\/plugins\/seo\/ -->\n<title>LE CREUSET Marmite 26 cm Azure - dev6 Erresse<\/title>\n<meta name=\"description\" content=\"UN TR\u00c9SOR DE FAMILLE POUR L\u2019AVENIR Nos ustensiles de cuisson en fonte vitrifi\u00e9e se transmettent d\u2019une g\u00e9n\u00e9ration \u00e0 l\u2019autre, tout comme les recettes de\" \/>\n<meta name=\"robots\" content=\"noindex, follow, max-snippet:-1, max-image-preview:large, max-video-preview:-1\" \/>\n<meta property=\"og:locale\" content=\"fr_FR\" \/>\n<meta property=\"og:type\" content=\"article\" \/>\n<meta property=\"og:title\" content=\"LE CREUSET Marmite 26 cm Azure - dev6 Erresse\" \/>\n<meta property=\"og:description\" content=\"UN TR\u00c9SOR DE FAMILLE POUR L\u2019AVENIR Nos ustensiles de cuisson en fonte vitrifi\u00e9e se transmettent d\u2019une g\u00e9n\u00e9ration \u00e0 l\u2019autre, tout comme les recettes de\" \/>\n<meta property=\"og:url\" content=\"https:\/\/dev6.erresse-shop.it\/fr\/shop\/cuisine\/le-creuset-marmite-26-cm-azure\/\" \/>\n<meta property=\"og:site_name\" content=\"dev6 Erresse\" \/>\n<meta property=\"og:image\" content=\"https:\/\/interpim.erresse-shop.it\/Import\/Prodotti\/le-creuset-marmitta-26-cm-azure.jpg\" \/><meta property=\"og:image\" content=\"https:\/\/interpim.erresse-shop.it\/Import\/Prodotti\/le-creuset-marmitta-26-cm-azure.jpg\" \/>\n\t<meta property=\"og:image:width\" content=\"1024\" \/>\n\t<meta property=\"og:image:height\" content=\"1024\" \/>\n\t<meta property=\"og:image:type\" content=\"image\/jpeg\" \/>\n<meta name=\"twitter:card\" content=\"summary_large_image\" \/>\n<meta name=\"twitter:image\" content=\"https:\/\/interpim.erresse-shop.it\/Import\/Prodotti\/le-creuset-marmitta-26-cm-azure.jpg\" \/>\n<script type=\"application\/ld+json\" class=\"yoast-schema-graph\">{\"@context\":\"https:\/\/schema.org\",\"@graph\":[{\"@type\":\"WebPage\",\"@id\":\"https:\/\/dev6.erresse-shop.it\/fr\/shop\/cuisine\/le-creuset-marmite-26-cm-azure\/\",\"url\":\"https:\/\/dev6.erresse-shop.it\/fr\/shop\/cuisine\/le-creuset-marmite-26-cm-azure\/\",\"name\":\"LE CREUSET Marmite 26 cm Azure - dev6 Erresse\",\"isPartOf\":{\"@id\":\"https:\/\/dev6.erresse-shop.it\/#website\"},\"primaryImageOfPage\":{\"@id\":\"https:\/\/dev6.erresse-shop.it\/fr\/shop\/cuisine\/le-creuset-marmite-26-cm-azure\/#primaryimage\"},\"image\":{\"@id\":\"https:\/\/dev6.erresse-shop.it\/fr\/shop\/cuisine\/le-creuset-marmite-26-cm-azure\/#primaryimage\"},\"thumbnailUrl\":\"https:\/\/i0.wp.com\/interpim.erresse-shop.it\/Import\/Prodotti\/le-creuset-marmitta-26-cm-azure.jpg?ssl=1\",\"datePublished\":\"2026-04-04T07:23:03+00:00\",\"description\":\"UN TR\u00c9SOR DE FAMILLE POUR L\u2019AVENIR Nos ustensiles de cuisson en fonte vitrifi\u00e9e se transmettent d\u2019une g\u00e9n\u00e9ration \u00e0 l\u2019autre, tout comme les recettes de\",\"breadcrumb\":{\"@id\":\"https:\/\/dev6.erresse-shop.it\/fr\/shop\/cuisine\/le-creuset-marmite-26-cm-azure\/#breadcrumb\"},\"inLanguage\":\"fr-FR\",\"potentialAction\":[{\"@type\":\"ReadAction\",\"target\":[\"https:\/\/dev6.erresse-shop.it\/fr\/shop\/cuisine\/le-creuset-marmite-26-cm-azure\/\"]}]},{\"@type\":\"ImageObject\",\"inLanguage\":\"fr-FR\",\"@id\":\"https:\/\/dev6.erresse-shop.it\/fr\/shop\/cuisine\/le-creuset-marmite-26-cm-azure\/#primaryimage\",\"url\":\"https:\/\/i0.wp.com\/interpim.erresse-shop.it\/Import\/Prodotti\/le-creuset-marmitta-26-cm-azure.jpg?ssl=1\",\"contentUrl\":\"https:\/\/i0.wp.com\/interpim.erresse-shop.it\/Import\/Prodotti\/le-creuset-marmitta-26-cm-azure.jpg?ssl=1\"},{\"@type\":\"BreadcrumbList\",\"@id\":\"https:\/\/dev6.erresse-shop.it\/fr\/shop\/cuisine\/le-creuset-marmite-26-cm-azure\/#breadcrumb\",\"itemListElement\":[{\"@type\":\"ListItem\",\"position\":1,\"name\":\"Home\",\"item\":\"https:\/\/dev6.erresse-shop.it\/\"},{\"@type\":\"ListItem\",\"position\":2,\"name\":\"Boutique\",\"item\":\"https:\/\/dev6.erresse-shop.it\/shop\/\"},{\"@type\":\"ListItem\",\"position\":3,\"name\":\"LE CREUSET Marmite 26 cm Azure\"}]},{\"@type\":\"WebSite\",\"@id\":\"https:\/\/dev6.erresse-shop.it\/#website\",\"url\":\"https:\/\/dev6.erresse-shop.it\/\",\"name\":\"Erresse Shop\",\"description\":\"\",\"publisher\":{\"@id\":\"https:\/\/dev6.erresse-shop.it\/#organization\"},\"potentialAction\":[{\"@type\":\"SearchAction\",\"target\":{\"@type\":\"EntryPoint\",\"urlTemplate\":\"https:\/\/dev6.erresse-shop.it\/?s={search_term_string}\"},\"query-input\":{\"@type\":\"PropertyValueSpecification\",\"valueRequired\":true,\"valueName\":\"search_term_string\"}}],\"inLanguage\":\"fr-FR\"},{\"@type\":\"Organization\",\"@id\":\"https:\/\/dev6.erresse-shop.it\/#organization\",\"name\":\"Erresse Shop\",\"url\":\"https:\/\/dev6.erresse-shop.it\/\",\"logo\":{\"@type\":\"ImageObject\",\"inLanguage\":\"fr-FR\",\"@id\":\"https:\/\/dev6.erresse-shop.it\/#\/schema\/logo\/image\/\",\"url\":\"https:\/\/dev6.erresse-shop.it\/wp-content\/uploads\/2025\/01\/LOGO-ERRESSE-CLASSICO.svg\",\"contentUrl\":\"https:\/\/dev6.erresse-shop.it\/wp-content\/uploads\/2025\/01\/LOGO-ERRESSE-CLASSICO.svg\",\"caption\":\"Erresse Shop\"},\"image\":{\"@id\":\"https:\/\/dev6.erresse-shop.it\/#\/schema\/logo\/image\/\"}}]}<\/script>\n<!-- \/ Yoast SEO plugin. -->","yoast_head_json":{"title":"LE CREUSET Marmite 26 cm Azure - dev6 Erresse","description":"UN TR\u00c9SOR DE FAMILLE POUR L\u2019AVENIR Nos ustensiles de cuisson en fonte vitrifi\u00e9e se transmettent d\u2019une g\u00e9n\u00e9ration \u00e0 l\u2019autre, tout comme les recettes de","robots":{"index":"noindex","follow":"follow","max-snippet":"max-snippet:-1","max-image-preview":"max-image-preview:large","max-video-preview":"max-video-preview:-1"},"og_locale":"fr_FR","og_type":"article","og_title":"LE CREUSET Marmite 26 cm Azure - dev6 Erresse","og_description":"UN TR\u00c9SOR DE FAMILLE POUR L\u2019AVENIR Nos ustensiles de cuisson en fonte vitrifi\u00e9e se transmettent d\u2019une g\u00e9n\u00e9ration \u00e0 l\u2019autre, tout comme les recettes de","og_url":"https:\/\/dev6.erresse-shop.it\/fr\/shop\/cuisine\/le-creuset-marmite-26-cm-azure\/","og_site_name":"dev6 Erresse","og_image":[{"url":"https:\/\/interpim.erresse-shop.it\/Import\/Prodotti\/le-creuset-marmitta-26-cm-azure.jpg","type":"","width":"","height":""},{"url":"https:\/\/interpim.erresse-shop.it\/Import\/Prodotti\/le-creuset-marmitta-26-cm-azure.jpg","width":1024,"height":1024,"type":"image\/jpeg"}],"twitter_card":"summary_large_image","twitter_image":"https:\/\/interpim.erresse-shop.it\/Import\/Prodotti\/le-creuset-marmitta-26-cm-azure.jpg","schema":{"@context":"https:\/\/schema.org","@graph":[{"@type":"WebPage","@id":"https:\/\/dev6.erresse-shop.it\/fr\/shop\/cuisine\/le-creuset-marmite-26-cm-azure\/","url":"https:\/\/dev6.erresse-shop.it\/fr\/shop\/cuisine\/le-creuset-marmite-26-cm-azure\/","name":"LE CREUSET Marmite 26 cm Azure - dev6 Erresse","isPartOf":{"@id":"https:\/\/dev6.erresse-shop.it\/#website"},"primaryImageOfPage":{"@id":"https:\/\/dev6.erresse-shop.it\/fr\/shop\/cuisine\/le-creuset-marmite-26-cm-azure\/#primaryimage"},"image":{"@id":"https:\/\/dev6.erresse-shop.it\/fr\/shop\/cuisine\/le-creuset-marmite-26-cm-azure\/#primaryimage"},"thumbnailUrl":"https:\/\/i0.wp.com\/interpim.erresse-shop.it\/Import\/Prodotti\/le-creuset-marmitta-26-cm-azure.jpg?ssl=1","datePublished":"2026-04-04T07:23:03+00:00","description":"UN TR\u00c9SOR DE FAMILLE POUR L\u2019AVENIR Nos ustensiles de cuisson en fonte vitrifi\u00e9e se transmettent d\u2019une g\u00e9n\u00e9ration \u00e0 l\u2019autre, tout comme les recettes de","breadcrumb":{"@id":"https:\/\/dev6.erresse-shop.it\/fr\/shop\/cuisine\/le-creuset-marmite-26-cm-azure\/#breadcrumb"},"inLanguage":"fr-FR","potentialAction":[{"@type":"ReadAction","target":["https:\/\/dev6.erresse-shop.it\/fr\/shop\/cuisine\/le-creuset-marmite-26-cm-azure\/"]}]},{"@type":"ImageObject","inLanguage":"fr-FR","@id":"https:\/\/dev6.erresse-shop.it\/fr\/shop\/cuisine\/le-creuset-marmite-26-cm-azure\/#primaryimage","url":"https:\/\/i0.wp.com\/interpim.erresse-shop.it\/Import\/Prodotti\/le-creuset-marmitta-26-cm-azure.jpg?ssl=1","contentUrl":"https:\/\/i0.wp.com\/interpim.erresse-shop.it\/Import\/Prodotti\/le-creuset-marmitta-26-cm-azure.jpg?ssl=1"},{"@type":"BreadcrumbList","@id":"https:\/\/dev6.erresse-shop.it\/fr\/shop\/cuisine\/le-creuset-marmite-26-cm-azure\/#breadcrumb","itemListElement":[{"@type":"ListItem","position":1,"name":"Home","item":"https:\/\/dev6.erresse-shop.it\/"},{"@type":"ListItem","position":2,"name":"Boutique","item":"https:\/\/dev6.erresse-shop.it\/shop\/"},{"@type":"ListItem","position":3,"name":"LE CREUSET Marmite 26 cm Azure"}]},{"@type":"WebSite","@id":"https:\/\/dev6.erresse-shop.it\/#website","url":"https:\/\/dev6.erresse-shop.it\/","name":"Erresse Shop","description":"","publisher":{"@id":"https:\/\/dev6.erresse-shop.it\/#organization"},"potentialAction":[{"@type":"SearchAction","target":{"@type":"EntryPoint","urlTemplate":"https:\/\/dev6.erresse-shop.it\/?s={search_term_string}"},"query-input":{"@type":"PropertyValueSpecification","valueRequired":true,"valueName":"search_term_string"}}],"inLanguage":"fr-FR"},{"@type":"Organization","@id":"https:\/\/dev6.erresse-shop.it\/#organization","name":"Erresse Shop","url":"https:\/\/dev6.erresse-shop.it\/","logo":{"@type":"ImageObject","inLanguage":"fr-FR","@id":"https:\/\/dev6.erresse-shop.it\/#\/schema\/logo\/image\/","url":"https:\/\/dev6.erresse-shop.it\/wp-content\/uploads\/2025\/01\/LOGO-ERRESSE-CLASSICO.svg","contentUrl":"https:\/\/dev6.erresse-shop.it\/wp-content\/uploads\/2025\/01\/LOGO-ERRESSE-CLASSICO.svg","caption":"Erresse Shop"},"image":{"@id":"https:\/\/dev6.erresse-shop.it\/#\/schema\/logo\/image\/"}}]}},"df_price":229.95,"df_sale_price":229.95,"df_regular_price":329,"df_image_link":"https:\/\/i0.wp.com\/interpim.erresse-shop.it\/Import\/Prodotti\/le-creuset-marmitta-26-cm-azure.jpg?resize=300,300&ssl=1","fifu_image_url":"https:\/\/interpim.erresse-shop.it\/Import\/Prodotti\/le-creuset-marmitta-26-cm-azure.jpg","_links":{"self":[{"href":"https:\/\/dev6.erresse-shop.it\/fr\/wp-json\/wp\/v2\/product\/60985","targetHints":{"allow":["GET"]}}],"collection":[{"href":"https:\/\/dev6.erresse-shop.it\/fr\/wp-json\/wp\/v2\/product"}],"about":[{"href":"https:\/\/dev6.erresse-shop.it\/fr\/wp-json\/wp\/v2\/types\/product"}],"wp:featuredmedia":[{"embeddable":true,"href":"https:\/\/dev6.erresse-shop.it\/fr\/wp-json\/wp\/v2\/media\/6276978"}],"wp:attachment":[{"href":"https:\/\/dev6.erresse-shop.it\/fr\/wp-json\/wp\/v2\/media?parent=60985"}],"wp:term":[{"taxonomy":"product_cat","embeddable":true,"href":"https:\/\/dev6.erresse-shop.it\/fr\/wp-json\/wp\/v2\/product_cat?post=60985"},{"taxonomy":"product_tag","embeddable":true,"href":"https:\/\/dev6.erresse-shop.it\/fr\/wp-json\/wp\/v2\/product_tag?post=60985"}],"curies":[{"name":"wp","href":"https:\/\/api.w.org\/{rel}","templated":true}]}}