{"id":60959,"date":"2026-04-12T09:24:52","date_gmt":"2026-04-12T07:24:52","guid":{"rendered":"https:\/\/dev6.erresse-shop.it\/shop\/non%20class\u00e9\/villeroy-boch-amazonia-elevateur-27-cm\/"},"modified":"2025-09-14T04:44:46","modified_gmt":"2025-09-14T02:44:46","slug":"villeroy-boch-amazonia-elevateur-27-cm","status":"publish","type":"product","link":"https:\/\/dev6.erresse-shop.it\/fr\/shop\/table-fr-2\/presentoirs-a-gateau\/villeroy-boch-amazonia-elevateur-27-cm\/","title":{"rendered":"VILLEROY &#038; BOCH Amazonia \u00c9l\u00e9vateur 27 cm"},"content":{"rendered":"<p>Magnifiquement dispos\u00e9s sur plusieurs niveaux<br \/>\nDe magnifiques orchid\u00e9es, des colibris enchanteurs et des papillons color\u00e9s tout droit sortis de la for\u00eat tropicale \u2013 avec la collection de vaisselle et d\u2019articles cadeaux Amazonia, vous pouvez suivre les traces de l\u2019explorateur Alexander von Humboldt. Chaque article est un accroche-regard exclusif en porcelaine osseuse de qualit\u00e9 sup\u00e9rieure qui vous invite \u00e0 un voyage de d\u00e9couverte de la vraie beaut\u00e9 de la nature. Le r\u00e9hausseur, par exemple, pr\u00e9sente les petites p\u00e2tisseries ou les sandwichs de mani\u00e8re extr\u00eamement \u00e9l\u00e9gante \u2013 pour un plaisir qui s\u2019\u00e9l\u00e8ve du bas vers le haut.<br \/>\nEmbarquez pour une exp\u00e9dition \u00e0 la recherche de style avec des d\u00e9corations florales.<\/p>\n<p>Mat\u00e9riau: porcelaine bone premium<br \/>\nDiam\u00e8tre: 275mm<br \/>\nLavable au lave-vaisselle: oui<br \/>\nConvient au micro-ondes: non<\/p>\n","protected":false},"excerpt":{"rendered":"<p>Magnifiquement dispos\u00e9s sur plusieurs niveaux De magnifiques orchid\u00e9es, des colibris enchanteurs et des papillons color\u00e9s tout droit sortis de la for\u00eat tropicale \u2013 avec la collection de vaisselle et d\u2019articles cadeaux Amazonia, vous pouvez suivre les traces de l\u2019explorateur Alexander von Humboldt. Chaque article est un accroche-regard exclusif en porcelaine osseuse de qualit\u00e9 sup\u00e9rieure qui [&hellip;]<\/p>\n","protected":false},"featured_media":6360145,"template":"","meta":{"_acf_changed":false},"product_cat":[12017,11995,11671],"product_tag":[],"class_list":{"0":"post-60959","1":"product","2":"type-product","3":"status-publish","4":"has-post-thumbnail","6":"product_cat-presentoirs-a-gateau","7":"product_cat-table-fr-2","8":"product_cat-tavola","10":"first","11":"outofstock","12":"sale","13":"taxable","14":"shipping-taxable","15":"purchasable","16":"product-type-simple","swatches":"rey-swatches","show_selected":"","stretch_labels":"rey-swatches--stretch-labels"},"acf":[],"yoast_head":"<!-- This site is optimized with the Yoast SEO plugin v25.4 - https:\/\/yoast.com\/wordpress\/plugins\/seo\/ -->\n<title>VILLEROY &#038; BOCH Amazonia \u00c9l\u00e9vateur 27 cm - dev6 Erresse<\/title>\n<meta name=\"description\" content=\"Magnifiquement dispos\u00e9s sur plusieurs niveaux De magnifiques orchid\u00e9es, des colibris enchanteurs et des papillons color\u00e9s tout droit sortis de la for\u00eat\" \/>\n<meta name=\"robots\" content=\"noindex, follow, max-snippet:-1, max-image-preview:large, max-video-preview:-1\" \/>\n<meta property=\"og:locale\" content=\"fr_FR\" \/>\n<meta property=\"og:type\" content=\"article\" \/>\n<meta property=\"og:title\" content=\"VILLEROY &#038; BOCH Amazonia \u00c9l\u00e9vateur 27 cm - dev6 Erresse\" \/>\n<meta property=\"og:description\" content=\"Magnifiquement dispos\u00e9s sur plusieurs niveaux De magnifiques orchid\u00e9es, des colibris enchanteurs et des papillons color\u00e9s tout droit sortis de la for\u00eat\" \/>\n<meta property=\"og:url\" content=\"https:\/\/dev6.erresse-shop.it\/fr\/shop\/table-fr-2\/presentoirs-a-gateau\/villeroy-boch-amazonia-elevateur-27-cm\/\" \/>\n<meta property=\"og:site_name\" content=\"dev6 Erresse\" \/>\n<meta property=\"og:image\" content=\"https:\/\/interpim.erresse-shop.it\/Import\/Prodotti\/villeroy-boch-amazonia-alzata-27-cm-1.jpg\" \/><meta property=\"og:image\" content=\"https:\/\/interpim.erresse-shop.it\/Import\/Prodotti\/villeroy-boch-amazonia-alzata-27-cm-1.jpg\" \/>\n\t<meta property=\"og:image:width\" content=\"1024\" \/>\n\t<meta property=\"og:image:height\" content=\"1024\" \/>\n\t<meta property=\"og:image:type\" content=\"image\/jpeg\" \/>\n<meta name=\"twitter:card\" content=\"summary_large_image\" \/>\n<meta name=\"twitter:image\" content=\"https:\/\/interpim.erresse-shop.it\/Import\/Prodotti\/villeroy-boch-amazonia-alzata-27-cm-1.jpg\" \/>\n<script type=\"application\/ld+json\" class=\"yoast-schema-graph\">{\"@context\":\"https:\/\/schema.org\",\"@graph\":[{\"@type\":\"WebPage\",\"@id\":\"https:\/\/dev6.erresse-shop.it\/fr\/shop\/table-fr-2\/presentoirs-a-gateau\/villeroy-boch-amazonia-elevateur-27-cm\/\",\"url\":\"https:\/\/dev6.erresse-shop.it\/fr\/shop\/table-fr-2\/presentoirs-a-gateau\/villeroy-boch-amazonia-elevateur-27-cm\/\",\"name\":\"VILLEROY &#038; BOCH Amazonia \u00c9l\u00e9vateur 27 cm - dev6 Erresse\",\"isPartOf\":{\"@id\":\"https:\/\/dev6.erresse-shop.it\/#website\"},\"primaryImageOfPage\":{\"@id\":\"https:\/\/dev6.erresse-shop.it\/fr\/shop\/table-fr-2\/presentoirs-a-gateau\/villeroy-boch-amazonia-elevateur-27-cm\/#primaryimage\"},\"image\":{\"@id\":\"https:\/\/dev6.erresse-shop.it\/fr\/shop\/table-fr-2\/presentoirs-a-gateau\/villeroy-boch-amazonia-elevateur-27-cm\/#primaryimage\"},\"thumbnailUrl\":\"https:\/\/i3.wp.com\/interpim.erresse-shop.it\/Import\/Prodotti\/villeroy-boch-amazonia-alzata-27-cm-1.jpg?ssl=1\",\"datePublished\":\"2026-04-12T07:24:52+00:00\",\"description\":\"Magnifiquement dispos\u00e9s sur plusieurs niveaux De magnifiques orchid\u00e9es, des colibris enchanteurs et des papillons color\u00e9s tout droit sortis de la for\u00eat\",\"breadcrumb\":{\"@id\":\"https:\/\/dev6.erresse-shop.it\/fr\/shop\/table-fr-2\/presentoirs-a-gateau\/villeroy-boch-amazonia-elevateur-27-cm\/#breadcrumb\"},\"inLanguage\":\"fr-FR\",\"potentialAction\":[{\"@type\":\"ReadAction\",\"target\":[\"https:\/\/dev6.erresse-shop.it\/fr\/shop\/table-fr-2\/presentoirs-a-gateau\/villeroy-boch-amazonia-elevateur-27-cm\/\"]}]},{\"@type\":\"ImageObject\",\"inLanguage\":\"fr-FR\",\"@id\":\"https:\/\/dev6.erresse-shop.it\/fr\/shop\/table-fr-2\/presentoirs-a-gateau\/villeroy-boch-amazonia-elevateur-27-cm\/#primaryimage\",\"url\":\"https:\/\/i3.wp.com\/interpim.erresse-shop.it\/Import\/Prodotti\/villeroy-boch-amazonia-alzata-27-cm-1.jpg?ssl=1\",\"contentUrl\":\"https:\/\/i3.wp.com\/interpim.erresse-shop.it\/Import\/Prodotti\/villeroy-boch-amazonia-alzata-27-cm-1.jpg?ssl=1\"},{\"@type\":\"BreadcrumbList\",\"@id\":\"https:\/\/dev6.erresse-shop.it\/fr\/shop\/table-fr-2\/presentoirs-a-gateau\/villeroy-boch-amazonia-elevateur-27-cm\/#breadcrumb\",\"itemListElement\":[{\"@type\":\"ListItem\",\"position\":1,\"name\":\"Home\",\"item\":\"https:\/\/dev6.erresse-shop.it\/\"},{\"@type\":\"ListItem\",\"position\":2,\"name\":\"Boutique\",\"item\":\"https:\/\/dev6.erresse-shop.it\/shop\/\"},{\"@type\":\"ListItem\",\"position\":3,\"name\":\"VILLEROY &#038; BOCH Amazonia \u00c9l\u00e9vateur 27 cm\"}]},{\"@type\":\"WebSite\",\"@id\":\"https:\/\/dev6.erresse-shop.it\/#website\",\"url\":\"https:\/\/dev6.erresse-shop.it\/\",\"name\":\"Erresse Shop\",\"description\":\"\",\"publisher\":{\"@id\":\"https:\/\/dev6.erresse-shop.it\/#organization\"},\"potentialAction\":[{\"@type\":\"SearchAction\",\"target\":{\"@type\":\"EntryPoint\",\"urlTemplate\":\"https:\/\/dev6.erresse-shop.it\/?s={search_term_string}\"},\"query-input\":{\"@type\":\"PropertyValueSpecification\",\"valueRequired\":true,\"valueName\":\"search_term_string\"}}],\"inLanguage\":\"fr-FR\"},{\"@type\":\"Organization\",\"@id\":\"https:\/\/dev6.erresse-shop.it\/#organization\",\"name\":\"Erresse Shop\",\"url\":\"https:\/\/dev6.erresse-shop.it\/\",\"logo\":{\"@type\":\"ImageObject\",\"inLanguage\":\"fr-FR\",\"@id\":\"https:\/\/dev6.erresse-shop.it\/#\/schema\/logo\/image\/\",\"url\":\"https:\/\/dev6.erresse-shop.it\/wp-content\/uploads\/2025\/01\/LOGO-ERRESSE-CLASSICO.svg\",\"contentUrl\":\"https:\/\/dev6.erresse-shop.it\/wp-content\/uploads\/2025\/01\/LOGO-ERRESSE-CLASSICO.svg\",\"caption\":\"Erresse Shop\"},\"image\":{\"@id\":\"https:\/\/dev6.erresse-shop.it\/#\/schema\/logo\/image\/\"}}]}<\/script>\n<!-- \/ Yoast SEO plugin. -->","yoast_head_json":{"title":"VILLEROY &#038; BOCH Amazonia \u00c9l\u00e9vateur 27 cm - dev6 Erresse","description":"Magnifiquement dispos\u00e9s sur plusieurs niveaux De magnifiques orchid\u00e9es, des colibris enchanteurs et des papillons color\u00e9s tout droit sortis de la for\u00eat","robots":{"index":"noindex","follow":"follow","max-snippet":"max-snippet:-1","max-image-preview":"max-image-preview:large","max-video-preview":"max-video-preview:-1"},"og_locale":"fr_FR","og_type":"article","og_title":"VILLEROY &#038; BOCH Amazonia \u00c9l\u00e9vateur 27 cm - dev6 Erresse","og_description":"Magnifiquement dispos\u00e9s sur plusieurs niveaux De magnifiques orchid\u00e9es, des colibris enchanteurs et des papillons color\u00e9s tout droit sortis de la for\u00eat","og_url":"https:\/\/dev6.erresse-shop.it\/fr\/shop\/table-fr-2\/presentoirs-a-gateau\/villeroy-boch-amazonia-elevateur-27-cm\/","og_site_name":"dev6 Erresse","og_image":[{"url":"https:\/\/interpim.erresse-shop.it\/Import\/Prodotti\/villeroy-boch-amazonia-alzata-27-cm-1.jpg","type":"","width":"","height":""},{"url":"https:\/\/interpim.erresse-shop.it\/Import\/Prodotti\/villeroy-boch-amazonia-alzata-27-cm-1.jpg","width":1024,"height":1024,"type":"image\/jpeg"}],"twitter_card":"summary_large_image","twitter_image":"https:\/\/interpim.erresse-shop.it\/Import\/Prodotti\/villeroy-boch-amazonia-alzata-27-cm-1.jpg","schema":{"@context":"https:\/\/schema.org","@graph":[{"@type":"WebPage","@id":"https:\/\/dev6.erresse-shop.it\/fr\/shop\/table-fr-2\/presentoirs-a-gateau\/villeroy-boch-amazonia-elevateur-27-cm\/","url":"https:\/\/dev6.erresse-shop.it\/fr\/shop\/table-fr-2\/presentoirs-a-gateau\/villeroy-boch-amazonia-elevateur-27-cm\/","name":"VILLEROY &#038; BOCH Amazonia \u00c9l\u00e9vateur 27 cm - dev6 Erresse","isPartOf":{"@id":"https:\/\/dev6.erresse-shop.it\/#website"},"primaryImageOfPage":{"@id":"https:\/\/dev6.erresse-shop.it\/fr\/shop\/table-fr-2\/presentoirs-a-gateau\/villeroy-boch-amazonia-elevateur-27-cm\/#primaryimage"},"image":{"@id":"https:\/\/dev6.erresse-shop.it\/fr\/shop\/table-fr-2\/presentoirs-a-gateau\/villeroy-boch-amazonia-elevateur-27-cm\/#primaryimage"},"thumbnailUrl":"https:\/\/i3.wp.com\/interpim.erresse-shop.it\/Import\/Prodotti\/villeroy-boch-amazonia-alzata-27-cm-1.jpg?ssl=1","datePublished":"2026-04-12T07:24:52+00:00","description":"Magnifiquement dispos\u00e9s sur plusieurs niveaux De magnifiques orchid\u00e9es, des colibris enchanteurs et des papillons color\u00e9s tout droit sortis de la for\u00eat","breadcrumb":{"@id":"https:\/\/dev6.erresse-shop.it\/fr\/shop\/table-fr-2\/presentoirs-a-gateau\/villeroy-boch-amazonia-elevateur-27-cm\/#breadcrumb"},"inLanguage":"fr-FR","potentialAction":[{"@type":"ReadAction","target":["https:\/\/dev6.erresse-shop.it\/fr\/shop\/table-fr-2\/presentoirs-a-gateau\/villeroy-boch-amazonia-elevateur-27-cm\/"]}]},{"@type":"ImageObject","inLanguage":"fr-FR","@id":"https:\/\/dev6.erresse-shop.it\/fr\/shop\/table-fr-2\/presentoirs-a-gateau\/villeroy-boch-amazonia-elevateur-27-cm\/#primaryimage","url":"https:\/\/i3.wp.com\/interpim.erresse-shop.it\/Import\/Prodotti\/villeroy-boch-amazonia-alzata-27-cm-1.jpg?ssl=1","contentUrl":"https:\/\/i3.wp.com\/interpim.erresse-shop.it\/Import\/Prodotti\/villeroy-boch-amazonia-alzata-27-cm-1.jpg?ssl=1"},{"@type":"BreadcrumbList","@id":"https:\/\/dev6.erresse-shop.it\/fr\/shop\/table-fr-2\/presentoirs-a-gateau\/villeroy-boch-amazonia-elevateur-27-cm\/#breadcrumb","itemListElement":[{"@type":"ListItem","position":1,"name":"Home","item":"https:\/\/dev6.erresse-shop.it\/"},{"@type":"ListItem","position":2,"name":"Boutique","item":"https:\/\/dev6.erresse-shop.it\/shop\/"},{"@type":"ListItem","position":3,"name":"VILLEROY &#038; BOCH Amazonia \u00c9l\u00e9vateur 27 cm"}]},{"@type":"WebSite","@id":"https:\/\/dev6.erresse-shop.it\/#website","url":"https:\/\/dev6.erresse-shop.it\/","name":"Erresse Shop","description":"","publisher":{"@id":"https:\/\/dev6.erresse-shop.it\/#organization"},"potentialAction":[{"@type":"SearchAction","target":{"@type":"EntryPoint","urlTemplate":"https:\/\/dev6.erresse-shop.it\/?s={search_term_string}"},"query-input":{"@type":"PropertyValueSpecification","valueRequired":true,"valueName":"search_term_string"}}],"inLanguage":"fr-FR"},{"@type":"Organization","@id":"https:\/\/dev6.erresse-shop.it\/#organization","name":"Erresse Shop","url":"https:\/\/dev6.erresse-shop.it\/","logo":{"@type":"ImageObject","inLanguage":"fr-FR","@id":"https:\/\/dev6.erresse-shop.it\/#\/schema\/logo\/image\/","url":"https:\/\/dev6.erresse-shop.it\/wp-content\/uploads\/2025\/01\/LOGO-ERRESSE-CLASSICO.svg","contentUrl":"https:\/\/dev6.erresse-shop.it\/wp-content\/uploads\/2025\/01\/LOGO-ERRESSE-CLASSICO.svg","caption":"Erresse Shop"},"image":{"@id":"https:\/\/dev6.erresse-shop.it\/#\/schema\/logo\/image\/"}}]}},"df_price":129,"df_sale_price":129,"df_regular_price":169,"df_image_link":"https:\/\/i3.wp.com\/interpim.erresse-shop.it\/Import\/Prodotti\/villeroy-boch-amazonia-alzata-27-cm-1.jpg?resize=300,300&ssl=1","fifu_image_url":"https:\/\/interpim.erresse-shop.it\/Import\/Prodotti\/villeroy-boch-amazonia-alzata-27-cm-1.jpg","_links":{"self":[{"href":"https:\/\/dev6.erresse-shop.it\/fr\/wp-json\/wp\/v2\/product\/60959","targetHints":{"allow":["GET"]}}],"collection":[{"href":"https:\/\/dev6.erresse-shop.it\/fr\/wp-json\/wp\/v2\/product"}],"about":[{"href":"https:\/\/dev6.erresse-shop.it\/fr\/wp-json\/wp\/v2\/types\/product"}],"wp:featuredmedia":[{"embeddable":true,"href":"https:\/\/dev6.erresse-shop.it\/fr\/wp-json\/wp\/v2\/media\/6360145"}],"wp:attachment":[{"href":"https:\/\/dev6.erresse-shop.it\/fr\/wp-json\/wp\/v2\/media?parent=60959"}],"wp:term":[{"taxonomy":"product_cat","embeddable":true,"href":"https:\/\/dev6.erresse-shop.it\/fr\/wp-json\/wp\/v2\/product_cat?post=60959"},{"taxonomy":"product_tag","embeddable":true,"href":"https:\/\/dev6.erresse-shop.it\/fr\/wp-json\/wp\/v2\/product_tag?post=60959"}],"curies":[{"name":"wp","href":"https:\/\/api.w.org\/{rel}","templated":true}]}}