{"id":60935,"date":"2026-04-12T09:23:20","date_gmt":"2026-04-12T07:23:20","guid":{"rendered":"https:\/\/dev6.erresse-shop.it\/shop\/non%20class\u00e9\/villeroy-boch-metro-chic-grand-vase-305-cm\/"},"modified":"2025-09-14T04:44:28","modified_gmt":"2025-09-14T02:44:28","slug":"villeroy-boch-metro-chic-grand-vase-305-cm","status":"publish","type":"product","link":"https:\/\/dev6.erresse-shop.it\/fr\/shop\/ameublement-maison\/objets-de-decoration\/villeroy-boch-metro-chic-grand-vase-305-cm\/","title":{"rendered":"VILLEROY &#038; BOCH Metro Chic Grand Vase 30,5 cm"},"content":{"rendered":"<p>Un objet ravissant qui n\u2019est pas forc\u00e9ment r\u00e9serv\u00e9 \u00e0 la table dress\u00e9e<br \/>\nQue ce soit en blanc pur ou avec des motifs g\u00e9om\u00e9triques en noir et or, toutes les pi\u00e8ces de la collection de vaisselle fine et de cadeaux MetroChic peuvent \u00eatre combin\u00e9es entre elles de mani\u00e8re in\u00e9dite. La porcelaine osseuse Premium particuli\u00e8rement durable transforme chaque table en une d\u00e9claration de style moderne d\u2019une \u00e9l\u00e9gance intemporelle. D\u2019une hauteur de 30 cm, le vase peut \u00e9galement contenir des fleurs \u00e0 longues tiges et vous ravira longtemps par ses d\u00e9corations brillantes gr\u00e2ce \u00e0 la technologie \u201cInglaze Gold\u201d. Faites-vous plaisir avec ce design urbain ou faites plaisir aux autres avec cette id\u00e9e de cadeau exquise.<\/p>\n<p>Mat\u00e9riau: porcelaine<br \/>\nHauteur:\u00a0305mm<br \/>\nDiam\u00e8tre: 131mm<br \/>\nLavable au lave-vaisselle: oui<br \/>\nConvient au micro-ondes: non<\/p>\n","protected":false},"excerpt":{"rendered":"<p>Un objet ravissant qui n\u2019est pas forc\u00e9ment r\u00e9serv\u00e9 \u00e0 la table dress\u00e9e Que ce soit en blanc pur ou avec des motifs g\u00e9om\u00e9triques en noir et or, toutes les pi\u00e8ces de la collection de vaisselle fine et de cadeaux MetroChic peuvent \u00eatre combin\u00e9es entre elles de mani\u00e8re in\u00e9dite. La porcelaine osseuse Premium particuli\u00e8rement durable transforme [&hellip;]<\/p>\n","protected":false},"featured_media":6360045,"template":"","meta":{"_acf_changed":false},"product_cat":[11990,12021,11697,11995],"product_tag":[],"class_list":{"0":"post-60935","1":"product","2":"type-product","3":"status-publish","4":"has-post-thumbnail","6":"product_cat-ameublement-maison","7":"product_cat-objets-de-decoration","8":"product_cat-oggettistica","9":"product_cat-table-fr-2","11":"first","12":"outofstock","13":"sale","14":"taxable","15":"shipping-taxable","16":"purchasable","17":"product-type-simple","swatches":"rey-swatches","show_selected":"","stretch_labels":"rey-swatches--stretch-labels"},"acf":[],"yoast_head":"<!-- This site is optimized with the Yoast SEO plugin v25.4 - https:\/\/yoast.com\/wordpress\/plugins\/seo\/ -->\n<title>VILLEROY &#038; BOCH Metro Chic Grand Vase 30,5 cm - dev6 Erresse<\/title>\n<meta name=\"description\" content=\"Un objet ravissant qui n\u2019est pas forc\u00e9ment r\u00e9serv\u00e9 \u00e0 la table dress\u00e9e Que ce soit en blanc pur ou avec des motifs g\u00e9om\u00e9triques en noir et or, toutes les\" \/>\n<meta name=\"robots\" content=\"noindex, follow, max-snippet:-1, max-image-preview:large, max-video-preview:-1\" \/>\n<meta property=\"og:locale\" content=\"fr_FR\" \/>\n<meta property=\"og:type\" content=\"article\" \/>\n<meta property=\"og:title\" content=\"VILLEROY &#038; BOCH Metro Chic Grand Vase 30,5 cm - dev6 Erresse\" \/>\n<meta property=\"og:description\" content=\"Un objet ravissant qui n\u2019est pas forc\u00e9ment r\u00e9serv\u00e9 \u00e0 la table dress\u00e9e Que ce soit en blanc pur ou avec des motifs g\u00e9om\u00e9triques en noir et or, toutes les\" \/>\n<meta property=\"og:url\" content=\"https:\/\/dev6.erresse-shop.it\/fr\/shop\/ameublement-maison\/objets-de-decoration\/villeroy-boch-metro-chic-grand-vase-305-cm\/\" \/>\n<meta property=\"og:site_name\" content=\"dev6 Erresse\" \/>\n<meta property=\"og:image\" content=\"https:\/\/interpim.erresse-shop.it\/img-catalogo\/villeroy\/villeroy-boch-metro-chic-vaso-alto-305-cm.jpg\" \/><meta property=\"og:image\" content=\"https:\/\/interpim.erresse-shop.it\/img-catalogo\/villeroy\/villeroy-boch-metro-chic-vaso-alto-305-cm.jpg\" \/>\n\t<meta property=\"og:image:width\" content=\"1024\" \/>\n\t<meta property=\"og:image:height\" content=\"1024\" \/>\n\t<meta property=\"og:image:type\" content=\"image\/jpeg\" \/>\n<meta name=\"twitter:card\" content=\"summary_large_image\" \/>\n<meta name=\"twitter:image\" content=\"https:\/\/interpim.erresse-shop.it\/img-catalogo\/villeroy\/villeroy-boch-metro-chic-vaso-alto-305-cm.jpg\" \/>\n<script type=\"application\/ld+json\" class=\"yoast-schema-graph\">{\"@context\":\"https:\/\/schema.org\",\"@graph\":[{\"@type\":\"WebPage\",\"@id\":\"https:\/\/dev6.erresse-shop.it\/fr\/shop\/ameublement-maison\/objets-de-decoration\/villeroy-boch-metro-chic-grand-vase-305-cm\/\",\"url\":\"https:\/\/dev6.erresse-shop.it\/fr\/shop\/ameublement-maison\/objets-de-decoration\/villeroy-boch-metro-chic-grand-vase-305-cm\/\",\"name\":\"VILLEROY &#038; BOCH Metro Chic Grand Vase 30,5 cm - dev6 Erresse\",\"isPartOf\":{\"@id\":\"https:\/\/dev6.erresse-shop.it\/#website\"},\"primaryImageOfPage\":{\"@id\":\"https:\/\/dev6.erresse-shop.it\/fr\/shop\/ameublement-maison\/objets-de-decoration\/villeroy-boch-metro-chic-grand-vase-305-cm\/#primaryimage\"},\"image\":{\"@id\":\"https:\/\/dev6.erresse-shop.it\/fr\/shop\/ameublement-maison\/objets-de-decoration\/villeroy-boch-metro-chic-grand-vase-305-cm\/#primaryimage\"},\"thumbnailUrl\":\"https:\/\/i1.wp.com\/interpim.erresse-shop.it\/img-catalogo\/villeroy\/villeroy-boch-metro-chic-vaso-alto-305-cm.jpg?ssl=1\",\"datePublished\":\"2026-04-12T07:23:20+00:00\",\"description\":\"Un objet ravissant qui n\u2019est pas forc\u00e9ment r\u00e9serv\u00e9 \u00e0 la table dress\u00e9e Que ce soit en blanc pur ou avec des motifs g\u00e9om\u00e9triques en noir et or, toutes les\",\"breadcrumb\":{\"@id\":\"https:\/\/dev6.erresse-shop.it\/fr\/shop\/ameublement-maison\/objets-de-decoration\/villeroy-boch-metro-chic-grand-vase-305-cm\/#breadcrumb\"},\"inLanguage\":\"fr-FR\",\"potentialAction\":[{\"@type\":\"ReadAction\",\"target\":[\"https:\/\/dev6.erresse-shop.it\/fr\/shop\/ameublement-maison\/objets-de-decoration\/villeroy-boch-metro-chic-grand-vase-305-cm\/\"]}]},{\"@type\":\"ImageObject\",\"inLanguage\":\"fr-FR\",\"@id\":\"https:\/\/dev6.erresse-shop.it\/fr\/shop\/ameublement-maison\/objets-de-decoration\/villeroy-boch-metro-chic-grand-vase-305-cm\/#primaryimage\",\"url\":\"https:\/\/i1.wp.com\/interpim.erresse-shop.it\/img-catalogo\/villeroy\/villeroy-boch-metro-chic-vaso-alto-305-cm.jpg?ssl=1\",\"contentUrl\":\"https:\/\/i1.wp.com\/interpim.erresse-shop.it\/img-catalogo\/villeroy\/villeroy-boch-metro-chic-vaso-alto-305-cm.jpg?ssl=1\"},{\"@type\":\"BreadcrumbList\",\"@id\":\"https:\/\/dev6.erresse-shop.it\/fr\/shop\/ameublement-maison\/objets-de-decoration\/villeroy-boch-metro-chic-grand-vase-305-cm\/#breadcrumb\",\"itemListElement\":[{\"@type\":\"ListItem\",\"position\":1,\"name\":\"Home\",\"item\":\"https:\/\/dev6.erresse-shop.it\/\"},{\"@type\":\"ListItem\",\"position\":2,\"name\":\"Boutique\",\"item\":\"https:\/\/dev6.erresse-shop.it\/shop\/\"},{\"@type\":\"ListItem\",\"position\":3,\"name\":\"VILLEROY &#038; BOCH Metro Chic Grand Vase 30,5 cm\"}]},{\"@type\":\"WebSite\",\"@id\":\"https:\/\/dev6.erresse-shop.it\/#website\",\"url\":\"https:\/\/dev6.erresse-shop.it\/\",\"name\":\"Erresse Shop\",\"description\":\"\",\"publisher\":{\"@id\":\"https:\/\/dev6.erresse-shop.it\/#organization\"},\"potentialAction\":[{\"@type\":\"SearchAction\",\"target\":{\"@type\":\"EntryPoint\",\"urlTemplate\":\"https:\/\/dev6.erresse-shop.it\/?s={search_term_string}\"},\"query-input\":{\"@type\":\"PropertyValueSpecification\",\"valueRequired\":true,\"valueName\":\"search_term_string\"}}],\"inLanguage\":\"fr-FR\"},{\"@type\":\"Organization\",\"@id\":\"https:\/\/dev6.erresse-shop.it\/#organization\",\"name\":\"Erresse Shop\",\"url\":\"https:\/\/dev6.erresse-shop.it\/\",\"logo\":{\"@type\":\"ImageObject\",\"inLanguage\":\"fr-FR\",\"@id\":\"https:\/\/dev6.erresse-shop.it\/#\/schema\/logo\/image\/\",\"url\":\"https:\/\/dev6.erresse-shop.it\/wp-content\/uploads\/2025\/01\/LOGO-ERRESSE-CLASSICO.svg\",\"contentUrl\":\"https:\/\/dev6.erresse-shop.it\/wp-content\/uploads\/2025\/01\/LOGO-ERRESSE-CLASSICO.svg\",\"caption\":\"Erresse Shop\"},\"image\":{\"@id\":\"https:\/\/dev6.erresse-shop.it\/#\/schema\/logo\/image\/\"}}]}<\/script>\n<!-- \/ Yoast SEO plugin. -->","yoast_head_json":{"title":"VILLEROY &#038; BOCH Metro Chic Grand Vase 30,5 cm - dev6 Erresse","description":"Un objet ravissant qui n\u2019est pas forc\u00e9ment r\u00e9serv\u00e9 \u00e0 la table dress\u00e9e Que ce soit en blanc pur ou avec des motifs g\u00e9om\u00e9triques en noir et or, toutes les","robots":{"index":"noindex","follow":"follow","max-snippet":"max-snippet:-1","max-image-preview":"max-image-preview:large","max-video-preview":"max-video-preview:-1"},"og_locale":"fr_FR","og_type":"article","og_title":"VILLEROY &#038; BOCH Metro Chic Grand Vase 30,5 cm - dev6 Erresse","og_description":"Un objet ravissant qui n\u2019est pas forc\u00e9ment r\u00e9serv\u00e9 \u00e0 la table dress\u00e9e Que ce soit en blanc pur ou avec des motifs g\u00e9om\u00e9triques en noir et or, toutes les","og_url":"https:\/\/dev6.erresse-shop.it\/fr\/shop\/ameublement-maison\/objets-de-decoration\/villeroy-boch-metro-chic-grand-vase-305-cm\/","og_site_name":"dev6 Erresse","og_image":[{"url":"https:\/\/interpim.erresse-shop.it\/img-catalogo\/villeroy\/villeroy-boch-metro-chic-vaso-alto-305-cm.jpg","type":"","width":"","height":""},{"url":"https:\/\/interpim.erresse-shop.it\/img-catalogo\/villeroy\/villeroy-boch-metro-chic-vaso-alto-305-cm.jpg","width":1024,"height":1024,"type":"image\/jpeg"}],"twitter_card":"summary_large_image","twitter_image":"https:\/\/interpim.erresse-shop.it\/img-catalogo\/villeroy\/villeroy-boch-metro-chic-vaso-alto-305-cm.jpg","schema":{"@context":"https:\/\/schema.org","@graph":[{"@type":"WebPage","@id":"https:\/\/dev6.erresse-shop.it\/fr\/shop\/ameublement-maison\/objets-de-decoration\/villeroy-boch-metro-chic-grand-vase-305-cm\/","url":"https:\/\/dev6.erresse-shop.it\/fr\/shop\/ameublement-maison\/objets-de-decoration\/villeroy-boch-metro-chic-grand-vase-305-cm\/","name":"VILLEROY &#038; BOCH Metro Chic Grand Vase 30,5 cm - dev6 Erresse","isPartOf":{"@id":"https:\/\/dev6.erresse-shop.it\/#website"},"primaryImageOfPage":{"@id":"https:\/\/dev6.erresse-shop.it\/fr\/shop\/ameublement-maison\/objets-de-decoration\/villeroy-boch-metro-chic-grand-vase-305-cm\/#primaryimage"},"image":{"@id":"https:\/\/dev6.erresse-shop.it\/fr\/shop\/ameublement-maison\/objets-de-decoration\/villeroy-boch-metro-chic-grand-vase-305-cm\/#primaryimage"},"thumbnailUrl":"https:\/\/i1.wp.com\/interpim.erresse-shop.it\/img-catalogo\/villeroy\/villeroy-boch-metro-chic-vaso-alto-305-cm.jpg?ssl=1","datePublished":"2026-04-12T07:23:20+00:00","description":"Un objet ravissant qui n\u2019est pas forc\u00e9ment r\u00e9serv\u00e9 \u00e0 la table dress\u00e9e Que ce soit en blanc pur ou avec des motifs g\u00e9om\u00e9triques en noir et or, toutes les","breadcrumb":{"@id":"https:\/\/dev6.erresse-shop.it\/fr\/shop\/ameublement-maison\/objets-de-decoration\/villeroy-boch-metro-chic-grand-vase-305-cm\/#breadcrumb"},"inLanguage":"fr-FR","potentialAction":[{"@type":"ReadAction","target":["https:\/\/dev6.erresse-shop.it\/fr\/shop\/ameublement-maison\/objets-de-decoration\/villeroy-boch-metro-chic-grand-vase-305-cm\/"]}]},{"@type":"ImageObject","inLanguage":"fr-FR","@id":"https:\/\/dev6.erresse-shop.it\/fr\/shop\/ameublement-maison\/objets-de-decoration\/villeroy-boch-metro-chic-grand-vase-305-cm\/#primaryimage","url":"https:\/\/i1.wp.com\/interpim.erresse-shop.it\/img-catalogo\/villeroy\/villeroy-boch-metro-chic-vaso-alto-305-cm.jpg?ssl=1","contentUrl":"https:\/\/i1.wp.com\/interpim.erresse-shop.it\/img-catalogo\/villeroy\/villeroy-boch-metro-chic-vaso-alto-305-cm.jpg?ssl=1"},{"@type":"BreadcrumbList","@id":"https:\/\/dev6.erresse-shop.it\/fr\/shop\/ameublement-maison\/objets-de-decoration\/villeroy-boch-metro-chic-grand-vase-305-cm\/#breadcrumb","itemListElement":[{"@type":"ListItem","position":1,"name":"Home","item":"https:\/\/dev6.erresse-shop.it\/"},{"@type":"ListItem","position":2,"name":"Boutique","item":"https:\/\/dev6.erresse-shop.it\/shop\/"},{"@type":"ListItem","position":3,"name":"VILLEROY &#038; BOCH Metro Chic Grand Vase 30,5 cm"}]},{"@type":"WebSite","@id":"https:\/\/dev6.erresse-shop.it\/#website","url":"https:\/\/dev6.erresse-shop.it\/","name":"Erresse Shop","description":"","publisher":{"@id":"https:\/\/dev6.erresse-shop.it\/#organization"},"potentialAction":[{"@type":"SearchAction","target":{"@type":"EntryPoint","urlTemplate":"https:\/\/dev6.erresse-shop.it\/?s={search_term_string}"},"query-input":{"@type":"PropertyValueSpecification","valueRequired":true,"valueName":"search_term_string"}}],"inLanguage":"fr-FR"},{"@type":"Organization","@id":"https:\/\/dev6.erresse-shop.it\/#organization","name":"Erresse Shop","url":"https:\/\/dev6.erresse-shop.it\/","logo":{"@type":"ImageObject","inLanguage":"fr-FR","@id":"https:\/\/dev6.erresse-shop.it\/#\/schema\/logo\/image\/","url":"https:\/\/dev6.erresse-shop.it\/wp-content\/uploads\/2025\/01\/LOGO-ERRESSE-CLASSICO.svg","contentUrl":"https:\/\/dev6.erresse-shop.it\/wp-content\/uploads\/2025\/01\/LOGO-ERRESSE-CLASSICO.svg","caption":"Erresse Shop"},"image":{"@id":"https:\/\/dev6.erresse-shop.it\/#\/schema\/logo\/image\/"}}]}},"df_price":149,"df_sale_price":149,"df_regular_price":199,"df_image_link":"https:\/\/i1.wp.com\/interpim.erresse-shop.it\/img-catalogo\/villeroy\/villeroy-boch-metro-chic-vaso-alto-305-cm.jpg?resize=300,300&ssl=1","fifu_image_url":"https:\/\/interpim.erresse-shop.it\/img-catalogo\/villeroy\/villeroy-boch-metro-chic-vaso-alto-305-cm.jpg","_links":{"self":[{"href":"https:\/\/dev6.erresse-shop.it\/fr\/wp-json\/wp\/v2\/product\/60935","targetHints":{"allow":["GET"]}}],"collection":[{"href":"https:\/\/dev6.erresse-shop.it\/fr\/wp-json\/wp\/v2\/product"}],"about":[{"href":"https:\/\/dev6.erresse-shop.it\/fr\/wp-json\/wp\/v2\/types\/product"}],"wp:featuredmedia":[{"embeddable":true,"href":"https:\/\/dev6.erresse-shop.it\/fr\/wp-json\/wp\/v2\/media\/6360045"}],"wp:attachment":[{"href":"https:\/\/dev6.erresse-shop.it\/fr\/wp-json\/wp\/v2\/media?parent=60935"}],"wp:term":[{"taxonomy":"product_cat","embeddable":true,"href":"https:\/\/dev6.erresse-shop.it\/fr\/wp-json\/wp\/v2\/product_cat?post=60935"},{"taxonomy":"product_tag","embeddable":true,"href":"https:\/\/dev6.erresse-shop.it\/fr\/wp-json\/wp\/v2\/product_tag?post=60935"}],"curies":[{"name":"wp","href":"https:\/\/api.w.org\/{rel}","templated":true}]}}