{"id":60933,"date":"2026-04-12T09:23:20","date_gmt":"2026-04-12T07:23:20","guid":{"rendered":"https:\/\/dev6.erresse-shop.it\/shop\/non%20class\u00e9\/villeroy-boch-metro-chic-boite-en-porcelaine\/"},"modified":"2025-07-04T16:47:25","modified_gmt":"2025-07-04T14:47:25","slug":"villeroy-boch-metro-chic-boite-en-porcelaine","status":"publish","type":"product","link":"https:\/\/dev6.erresse-shop.it\/fr\/shop\/ameublement-maison\/objets-de-decoration\/villeroy-boch-metro-chic-boite-en-porcelaine\/","title":{"rendered":"VILLEROY &#038; BOCH Metro Chic Bo\u00eete en porcelaine"},"content":{"rendered":"<p>Pot en porcelaine avec d\u00e9cor g\u00e9om\u00e9trique<br \/>\nQue ce soit dans un blanc puriste ou avec des motifs g\u00e9om\u00e9triques en noir et or \u2013 toutes les pi\u00e8ces de la collection de vaisselle et d\u2019articles cadeaux haut de gamme MetroChic peuvent \u00eatre combin\u00e9es entre elles de mani\u00e8re in\u00e9dite. La porcelaine osseuse Premium particuli\u00e8rement durable transforme chaque table en une d\u00e9claration de style moderne d\u2019une \u00e9l\u00e9gance intemporelle. Le pot en porcelaine assorti compl\u00e8te votre table magnifiquement dress\u00e9e et vous ravira longtemps par ses d\u00e9corations brillantes gr\u00e2ce \u00e0 la technologie \u201cInglaze Gold\u201d. Dorlotez-vous avec un design urbain ou faites plaisir aux autres avec cette id\u00e9e de cadeau raffin\u00e9e.<\/p>\n<p>Mat\u00e9riau: porcelaine bone premium<br \/>\nVolume: 800ml<br \/>\nLavable au lave-vaisselle: oui<br \/>\nConvient au micro-ondes: non<\/p>\n","protected":false},"excerpt":{"rendered":"<p>Pot en porcelaine avec d\u00e9cor g\u00e9om\u00e9trique Que ce soit dans un blanc puriste ou avec des motifs g\u00e9om\u00e9triques en noir et or \u2013 toutes les pi\u00e8ces de la collection de vaisselle et d\u2019articles cadeaux haut de gamme MetroChic peuvent \u00eatre combin\u00e9es entre elles de mani\u00e8re in\u00e9dite. La porcelaine osseuse Premium particuli\u00e8rement durable transforme chaque table [&hellip;]<\/p>\n","protected":false},"featured_media":6360034,"template":"","meta":{"_acf_changed":false},"product_cat":[11990,12021,11697,11995],"product_tag":[],"class_list":{"0":"post-60933","1":"product","2":"type-product","3":"status-publish","4":"has-post-thumbnail","6":"product_cat-ameublement-maison","7":"product_cat-objets-de-decoration","8":"product_cat-oggettistica","9":"product_cat-table-fr-2","11":"first","12":"outofstock","13":"sale","14":"taxable","15":"shipping-taxable","16":"purchasable","17":"product-type-simple","swatches":"rey-swatches","show_selected":"","stretch_labels":"rey-swatches--stretch-labels"},"acf":[],"yoast_head":"<!-- This site is optimized with the Yoast SEO plugin v25.4 - https:\/\/yoast.com\/wordpress\/plugins\/seo\/ -->\n<title>VILLEROY &#038; BOCH Metro Chic Bo\u00eete en porcelaine - dev6 Erresse<\/title>\n<meta name=\"description\" content=\"Pot en porcelaine avec d\u00e9cor g\u00e9om\u00e9trique Que ce soit dans un blanc puriste ou avec des motifs g\u00e9om\u00e9triques en noir et or \u2013 toutes les pi\u00e8ces de la\" \/>\n<meta name=\"robots\" content=\"noindex, follow, max-snippet:-1, max-image-preview:large, max-video-preview:-1\" \/>\n<meta property=\"og:locale\" content=\"fr_FR\" \/>\n<meta property=\"og:type\" content=\"article\" \/>\n<meta property=\"og:title\" content=\"VILLEROY &#038; BOCH Metro Chic Bo\u00eete en porcelaine - dev6 Erresse\" \/>\n<meta property=\"og:description\" content=\"Pot en porcelaine avec d\u00e9cor g\u00e9om\u00e9trique Que ce soit dans un blanc puriste ou avec des motifs g\u00e9om\u00e9triques en noir et or \u2013 toutes les pi\u00e8ces de la\" \/>\n<meta property=\"og:url\" content=\"https:\/\/dev6.erresse-shop.it\/fr\/shop\/ameublement-maison\/objets-de-decoration\/villeroy-boch-metro-chic-boite-en-porcelaine\/\" \/>\n<meta property=\"og:site_name\" content=\"dev6 Erresse\" \/>\n<meta property=\"og:image\" content=\"https:\/\/interpim.erresse-shop.it\/Import\/Prodotti\/villeroy-boch-metro-chic-scatola-di-porcellana-1-1.jpg\" \/><meta property=\"og:image\" content=\"https:\/\/interpim.erresse-shop.it\/Import\/Prodotti\/villeroy-boch-metro-chic-scatola-di-porcellana-1-1.jpg\" \/>\n\t<meta property=\"og:image:width\" content=\"1024\" \/>\n\t<meta property=\"og:image:height\" content=\"1024\" \/>\n\t<meta property=\"og:image:type\" content=\"image\/jpeg\" \/>\n<meta name=\"twitter:card\" content=\"summary_large_image\" \/>\n<meta name=\"twitter:image\" content=\"https:\/\/interpim.erresse-shop.it\/Import\/Prodotti\/villeroy-boch-metro-chic-scatola-di-porcellana-1-1.jpg\" \/>\n<script type=\"application\/ld+json\" class=\"yoast-schema-graph\">{\"@context\":\"https:\/\/schema.org\",\"@graph\":[{\"@type\":\"WebPage\",\"@id\":\"https:\/\/dev6.erresse-shop.it\/fr\/shop\/ameublement-maison\/objets-de-decoration\/villeroy-boch-metro-chic-boite-en-porcelaine\/\",\"url\":\"https:\/\/dev6.erresse-shop.it\/fr\/shop\/ameublement-maison\/objets-de-decoration\/villeroy-boch-metro-chic-boite-en-porcelaine\/\",\"name\":\"VILLEROY &#038; BOCH Metro Chic Bo\u00eete en porcelaine - dev6 Erresse\",\"isPartOf\":{\"@id\":\"https:\/\/dev6.erresse-shop.it\/#website\"},\"primaryImageOfPage\":{\"@id\":\"https:\/\/dev6.erresse-shop.it\/fr\/shop\/ameublement-maison\/objets-de-decoration\/villeroy-boch-metro-chic-boite-en-porcelaine\/#primaryimage\"},\"image\":{\"@id\":\"https:\/\/dev6.erresse-shop.it\/fr\/shop\/ameublement-maison\/objets-de-decoration\/villeroy-boch-metro-chic-boite-en-porcelaine\/#primaryimage\"},\"thumbnailUrl\":\"https:\/\/i2.wp.com\/interpim.erresse-shop.it\/Import\/Prodotti\/villeroy-boch-metro-chic-scatola-di-porcellana-1-1.jpg?ssl=1\",\"datePublished\":\"2026-04-12T07:23:20+00:00\",\"description\":\"Pot en porcelaine avec d\u00e9cor g\u00e9om\u00e9trique Que ce soit dans un blanc puriste ou avec des motifs g\u00e9om\u00e9triques en noir et or \u2013 toutes les pi\u00e8ces de la\",\"breadcrumb\":{\"@id\":\"https:\/\/dev6.erresse-shop.it\/fr\/shop\/ameublement-maison\/objets-de-decoration\/villeroy-boch-metro-chic-boite-en-porcelaine\/#breadcrumb\"},\"inLanguage\":\"fr-FR\",\"potentialAction\":[{\"@type\":\"ReadAction\",\"target\":[\"https:\/\/dev6.erresse-shop.it\/fr\/shop\/ameublement-maison\/objets-de-decoration\/villeroy-boch-metro-chic-boite-en-porcelaine\/\"]}]},{\"@type\":\"ImageObject\",\"inLanguage\":\"fr-FR\",\"@id\":\"https:\/\/dev6.erresse-shop.it\/fr\/shop\/ameublement-maison\/objets-de-decoration\/villeroy-boch-metro-chic-boite-en-porcelaine\/#primaryimage\",\"url\":\"https:\/\/i2.wp.com\/interpim.erresse-shop.it\/Import\/Prodotti\/villeroy-boch-metro-chic-scatola-di-porcellana-1-1.jpg?ssl=1\",\"contentUrl\":\"https:\/\/i2.wp.com\/interpim.erresse-shop.it\/Import\/Prodotti\/villeroy-boch-metro-chic-scatola-di-porcellana-1-1.jpg?ssl=1\"},{\"@type\":\"BreadcrumbList\",\"@id\":\"https:\/\/dev6.erresse-shop.it\/fr\/shop\/ameublement-maison\/objets-de-decoration\/villeroy-boch-metro-chic-boite-en-porcelaine\/#breadcrumb\",\"itemListElement\":[{\"@type\":\"ListItem\",\"position\":1,\"name\":\"Home\",\"item\":\"https:\/\/dev6.erresse-shop.it\/\"},{\"@type\":\"ListItem\",\"position\":2,\"name\":\"Boutique\",\"item\":\"https:\/\/dev6.erresse-shop.it\/shop\/\"},{\"@type\":\"ListItem\",\"position\":3,\"name\":\"VILLEROY &#038; BOCH Metro Chic Bo\u00eete en porcelaine\"}]},{\"@type\":\"WebSite\",\"@id\":\"https:\/\/dev6.erresse-shop.it\/#website\",\"url\":\"https:\/\/dev6.erresse-shop.it\/\",\"name\":\"Erresse Shop\",\"description\":\"\",\"publisher\":{\"@id\":\"https:\/\/dev6.erresse-shop.it\/#organization\"},\"potentialAction\":[{\"@type\":\"SearchAction\",\"target\":{\"@type\":\"EntryPoint\",\"urlTemplate\":\"https:\/\/dev6.erresse-shop.it\/?s={search_term_string}\"},\"query-input\":{\"@type\":\"PropertyValueSpecification\",\"valueRequired\":true,\"valueName\":\"search_term_string\"}}],\"inLanguage\":\"fr-FR\"},{\"@type\":\"Organization\",\"@id\":\"https:\/\/dev6.erresse-shop.it\/#organization\",\"name\":\"Erresse Shop\",\"url\":\"https:\/\/dev6.erresse-shop.it\/\",\"logo\":{\"@type\":\"ImageObject\",\"inLanguage\":\"fr-FR\",\"@id\":\"https:\/\/dev6.erresse-shop.it\/#\/schema\/logo\/image\/\",\"url\":\"https:\/\/dev6.erresse-shop.it\/wp-content\/uploads\/2025\/01\/LOGO-ERRESSE-CLASSICO.svg\",\"contentUrl\":\"https:\/\/dev6.erresse-shop.it\/wp-content\/uploads\/2025\/01\/LOGO-ERRESSE-CLASSICO.svg\",\"caption\":\"Erresse Shop\"},\"image\":{\"@id\":\"https:\/\/dev6.erresse-shop.it\/#\/schema\/logo\/image\/\"}}]}<\/script>\n<!-- \/ Yoast SEO plugin. -->","yoast_head_json":{"title":"VILLEROY &#038; BOCH Metro Chic Bo\u00eete en porcelaine - dev6 Erresse","description":"Pot en porcelaine avec d\u00e9cor g\u00e9om\u00e9trique Que ce soit dans un blanc puriste ou avec des motifs g\u00e9om\u00e9triques en noir et or \u2013 toutes les pi\u00e8ces de la","robots":{"index":"noindex","follow":"follow","max-snippet":"max-snippet:-1","max-image-preview":"max-image-preview:large","max-video-preview":"max-video-preview:-1"},"og_locale":"fr_FR","og_type":"article","og_title":"VILLEROY &#038; BOCH Metro Chic Bo\u00eete en porcelaine - dev6 Erresse","og_description":"Pot en porcelaine avec d\u00e9cor g\u00e9om\u00e9trique Que ce soit dans un blanc puriste ou avec des motifs g\u00e9om\u00e9triques en noir et or \u2013 toutes les pi\u00e8ces de la","og_url":"https:\/\/dev6.erresse-shop.it\/fr\/shop\/ameublement-maison\/objets-de-decoration\/villeroy-boch-metro-chic-boite-en-porcelaine\/","og_site_name":"dev6 Erresse","og_image":[{"url":"https:\/\/interpim.erresse-shop.it\/Import\/Prodotti\/villeroy-boch-metro-chic-scatola-di-porcellana-1-1.jpg","type":"","width":"","height":""},{"url":"https:\/\/interpim.erresse-shop.it\/Import\/Prodotti\/villeroy-boch-metro-chic-scatola-di-porcellana-1-1.jpg","width":1024,"height":1024,"type":"image\/jpeg"}],"twitter_card":"summary_large_image","twitter_image":"https:\/\/interpim.erresse-shop.it\/Import\/Prodotti\/villeroy-boch-metro-chic-scatola-di-porcellana-1-1.jpg","schema":{"@context":"https:\/\/schema.org","@graph":[{"@type":"WebPage","@id":"https:\/\/dev6.erresse-shop.it\/fr\/shop\/ameublement-maison\/objets-de-decoration\/villeroy-boch-metro-chic-boite-en-porcelaine\/","url":"https:\/\/dev6.erresse-shop.it\/fr\/shop\/ameublement-maison\/objets-de-decoration\/villeroy-boch-metro-chic-boite-en-porcelaine\/","name":"VILLEROY &#038; BOCH Metro Chic Bo\u00eete en porcelaine - dev6 Erresse","isPartOf":{"@id":"https:\/\/dev6.erresse-shop.it\/#website"},"primaryImageOfPage":{"@id":"https:\/\/dev6.erresse-shop.it\/fr\/shop\/ameublement-maison\/objets-de-decoration\/villeroy-boch-metro-chic-boite-en-porcelaine\/#primaryimage"},"image":{"@id":"https:\/\/dev6.erresse-shop.it\/fr\/shop\/ameublement-maison\/objets-de-decoration\/villeroy-boch-metro-chic-boite-en-porcelaine\/#primaryimage"},"thumbnailUrl":"https:\/\/i2.wp.com\/interpim.erresse-shop.it\/Import\/Prodotti\/villeroy-boch-metro-chic-scatola-di-porcellana-1-1.jpg?ssl=1","datePublished":"2026-04-12T07:23:20+00:00","description":"Pot en porcelaine avec d\u00e9cor g\u00e9om\u00e9trique Que ce soit dans un blanc puriste ou avec des motifs g\u00e9om\u00e9triques en noir et or \u2013 toutes les pi\u00e8ces de la","breadcrumb":{"@id":"https:\/\/dev6.erresse-shop.it\/fr\/shop\/ameublement-maison\/objets-de-decoration\/villeroy-boch-metro-chic-boite-en-porcelaine\/#breadcrumb"},"inLanguage":"fr-FR","potentialAction":[{"@type":"ReadAction","target":["https:\/\/dev6.erresse-shop.it\/fr\/shop\/ameublement-maison\/objets-de-decoration\/villeroy-boch-metro-chic-boite-en-porcelaine\/"]}]},{"@type":"ImageObject","inLanguage":"fr-FR","@id":"https:\/\/dev6.erresse-shop.it\/fr\/shop\/ameublement-maison\/objets-de-decoration\/villeroy-boch-metro-chic-boite-en-porcelaine\/#primaryimage","url":"https:\/\/i2.wp.com\/interpim.erresse-shop.it\/Import\/Prodotti\/villeroy-boch-metro-chic-scatola-di-porcellana-1-1.jpg?ssl=1","contentUrl":"https:\/\/i2.wp.com\/interpim.erresse-shop.it\/Import\/Prodotti\/villeroy-boch-metro-chic-scatola-di-porcellana-1-1.jpg?ssl=1"},{"@type":"BreadcrumbList","@id":"https:\/\/dev6.erresse-shop.it\/fr\/shop\/ameublement-maison\/objets-de-decoration\/villeroy-boch-metro-chic-boite-en-porcelaine\/#breadcrumb","itemListElement":[{"@type":"ListItem","position":1,"name":"Home","item":"https:\/\/dev6.erresse-shop.it\/"},{"@type":"ListItem","position":2,"name":"Boutique","item":"https:\/\/dev6.erresse-shop.it\/shop\/"},{"@type":"ListItem","position":3,"name":"VILLEROY &#038; BOCH Metro Chic Bo\u00eete en porcelaine"}]},{"@type":"WebSite","@id":"https:\/\/dev6.erresse-shop.it\/#website","url":"https:\/\/dev6.erresse-shop.it\/","name":"Erresse Shop","description":"","publisher":{"@id":"https:\/\/dev6.erresse-shop.it\/#organization"},"potentialAction":[{"@type":"SearchAction","target":{"@type":"EntryPoint","urlTemplate":"https:\/\/dev6.erresse-shop.it\/?s={search_term_string}"},"query-input":{"@type":"PropertyValueSpecification","valueRequired":true,"valueName":"search_term_string"}}],"inLanguage":"fr-FR"},{"@type":"Organization","@id":"https:\/\/dev6.erresse-shop.it\/#organization","name":"Erresse Shop","url":"https:\/\/dev6.erresse-shop.it\/","logo":{"@type":"ImageObject","inLanguage":"fr-FR","@id":"https:\/\/dev6.erresse-shop.it\/#\/schema\/logo\/image\/","url":"https:\/\/dev6.erresse-shop.it\/wp-content\/uploads\/2025\/01\/LOGO-ERRESSE-CLASSICO.svg","contentUrl":"https:\/\/dev6.erresse-shop.it\/wp-content\/uploads\/2025\/01\/LOGO-ERRESSE-CLASSICO.svg","caption":"Erresse Shop"},"image":{"@id":"https:\/\/dev6.erresse-shop.it\/#\/schema\/logo\/image\/"}}]}},"df_price":69,"df_sale_price":69,"df_regular_price":79.9,"df_image_link":"https:\/\/i2.wp.com\/interpim.erresse-shop.it\/Import\/Prodotti\/villeroy-boch-metro-chic-scatola-di-porcellana-1-1.jpg?resize=300,300&ssl=1","fifu_image_url":"https:\/\/interpim.erresse-shop.it\/Import\/Prodotti\/villeroy-boch-metro-chic-scatola-di-porcellana-1-1.jpg","_links":{"self":[{"href":"https:\/\/dev6.erresse-shop.it\/fr\/wp-json\/wp\/v2\/product\/60933","targetHints":{"allow":["GET"]}}],"collection":[{"href":"https:\/\/dev6.erresse-shop.it\/fr\/wp-json\/wp\/v2\/product"}],"about":[{"href":"https:\/\/dev6.erresse-shop.it\/fr\/wp-json\/wp\/v2\/types\/product"}],"wp:featuredmedia":[{"embeddable":true,"href":"https:\/\/dev6.erresse-shop.it\/fr\/wp-json\/wp\/v2\/media\/6360034"}],"wp:attachment":[{"href":"https:\/\/dev6.erresse-shop.it\/fr\/wp-json\/wp\/v2\/media?parent=60933"}],"wp:term":[{"taxonomy":"product_cat","embeddable":true,"href":"https:\/\/dev6.erresse-shop.it\/fr\/wp-json\/wp\/v2\/product_cat?post=60933"},{"taxonomy":"product_tag","embeddable":true,"href":"https:\/\/dev6.erresse-shop.it\/fr\/wp-json\/wp\/v2\/product_tag?post=60933"}],"curies":[{"name":"wp","href":"https:\/\/api.w.org\/{rel}","templated":true}]}}