{"id":60929,"date":"2026-04-12T09:23:20","date_gmt":"2026-04-12T07:23:20","guid":{"rendered":"https:\/\/dev6.erresse-shop.it\/shop\/non%20class\u00e9\/villeroy-boch-metro-chic-marqueur-de-place-33-cm\/"},"modified":"2025-09-14T04:44:22","modified_gmt":"2025-09-14T02:44:22","slug":"villeroy-boch-metro-chic-marqueur-de-place-33-cm","status":"publish","type":"product","link":"https:\/\/dev6.erresse-shop.it\/fr\/shop\/table-fr-2\/plats-de-service\/villeroy-boch-metro-chic-marqueur-de-place-33-cm\/","title":{"rendered":"VILLEROY &#038; BOCH Metro Chic Marqueur de place 33 cm"},"content":{"rendered":"<p>Design : g\u00e9n\u00e9reux et \u00e9l\u00e9gant<br \/>\nQue ce soit dans un blanc puriste ou avec des motifs g\u00e9om\u00e9triques en noir et or \u2013 toutes les pi\u00e8ces de la collection de vaisselle et d\u2019articles cadeaux haut de gamme MetroChic peuvent \u00eatre combin\u00e9es entre elles de mani\u00e8re in\u00e9dite. La porcelaine osseuse Premium particuli\u00e8rement durable transforme chaque table en une d\u00e9claration de style moderne d\u2019une \u00e9l\u00e9gance intemporelle. L\u2019assiette de service peut \u00e9galement \u00eatre utilis\u00e9e comme assiette \u00e0 g\u00e2teaux et \u00e0 desserts et vous ravira longtemps par ses d\u00e9corations brillantes gr\u00e2ce \u00e0 la technologie \u201cInglaze Gold\u201d. Faites-vous plaisir avec un design urbain et ravissez vos invit\u00e9s.<\/p>\n<p>Mat\u00e9riau: porcelaine bone premium<br \/>\nDiam\u00e8tre: 330mm<br \/>\nLavable au lave-vaisselle: oui<br \/>\nConvient au micro-ondes: non<\/p>\n","protected":false},"excerpt":{"rendered":"<p>Design : g\u00e9n\u00e9reux et \u00e9l\u00e9gant Que ce soit dans un blanc puriste ou avec des motifs g\u00e9om\u00e9triques en noir et or \u2013 toutes les pi\u00e8ces de la collection de vaisselle et d\u2019articles cadeaux haut de gamme MetroChic peuvent \u00eatre combin\u00e9es entre elles de mani\u00e8re in\u00e9dite. La porcelaine osseuse Premium particuli\u00e8rement durable transforme chaque table en [&hellip;]<\/p>\n","protected":false},"featured_media":6360019,"template":"","meta":{"_acf_changed":false},"product_cat":[12045,11995,11671],"product_tag":[],"class_list":{"0":"post-60929","1":"product","2":"type-product","3":"status-publish","4":"has-post-thumbnail","6":"product_cat-plats-de-service","7":"product_cat-table-fr-2","8":"product_cat-tavola","10":"first","11":"outofstock","12":"sale","13":"taxable","14":"shipping-taxable","15":"purchasable","16":"product-type-simple","swatches":"rey-swatches","show_selected":"","stretch_labels":"rey-swatches--stretch-labels"},"acf":[],"yoast_head":"<!-- This site is optimized with the Yoast SEO plugin v25.4 - https:\/\/yoast.com\/wordpress\/plugins\/seo\/ -->\n<title>VILLEROY &#038; BOCH Metro Chic Marqueur de place 33 cm - dev6 Erresse<\/title>\n<meta name=\"description\" content=\"Design : g\u00e9n\u00e9reux et \u00e9l\u00e9gant Que ce soit dans un blanc puriste ou avec des motifs g\u00e9om\u00e9triques en noir et or \u2013 toutes les pi\u00e8ces de la collection de\" \/>\n<meta name=\"robots\" content=\"noindex, follow, max-snippet:-1, max-image-preview:large, max-video-preview:-1\" \/>\n<meta property=\"og:locale\" content=\"fr_FR\" \/>\n<meta property=\"og:type\" content=\"article\" \/>\n<meta property=\"og:title\" content=\"VILLEROY &#038; BOCH Metro Chic Marqueur de place 33 cm - dev6 Erresse\" \/>\n<meta property=\"og:description\" content=\"Design : g\u00e9n\u00e9reux et \u00e9l\u00e9gant Que ce soit dans un blanc puriste ou avec des motifs g\u00e9om\u00e9triques en noir et or \u2013 toutes les pi\u00e8ces de la collection de\" \/>\n<meta property=\"og:url\" content=\"https:\/\/dev6.erresse-shop.it\/fr\/shop\/table-fr-2\/plats-de-service\/villeroy-boch-metro-chic-marqueur-de-place-33-cm\/\" \/>\n<meta property=\"og:site_name\" content=\"dev6 Erresse\" \/>\n<meta property=\"og:image\" content=\"https:\/\/interpim.erresse-shop.it\/Import\/Prodotti\/villeroy-boch-metro-chic-segnaposto-33-cm-1.jpg\" \/><meta property=\"og:image\" content=\"https:\/\/interpim.erresse-shop.it\/Import\/Prodotti\/villeroy-boch-metro-chic-segnaposto-33-cm-1.jpg\" \/>\n\t<meta property=\"og:image:width\" content=\"1024\" \/>\n\t<meta property=\"og:image:height\" content=\"1024\" \/>\n\t<meta property=\"og:image:type\" content=\"image\/jpeg\" \/>\n<meta name=\"twitter:card\" content=\"summary_large_image\" \/>\n<meta name=\"twitter:image\" content=\"https:\/\/interpim.erresse-shop.it\/Import\/Prodotti\/villeroy-boch-metro-chic-segnaposto-33-cm-1.jpg\" \/>\n<script type=\"application\/ld+json\" class=\"yoast-schema-graph\">{\"@context\":\"https:\/\/schema.org\",\"@graph\":[{\"@type\":\"WebPage\",\"@id\":\"https:\/\/dev6.erresse-shop.it\/fr\/shop\/table-fr-2\/plats-de-service\/villeroy-boch-metro-chic-marqueur-de-place-33-cm\/\",\"url\":\"https:\/\/dev6.erresse-shop.it\/fr\/shop\/table-fr-2\/plats-de-service\/villeroy-boch-metro-chic-marqueur-de-place-33-cm\/\",\"name\":\"VILLEROY &#038; BOCH Metro Chic Marqueur de place 33 cm - dev6 Erresse\",\"isPartOf\":{\"@id\":\"https:\/\/dev6.erresse-shop.it\/#website\"},\"primaryImageOfPage\":{\"@id\":\"https:\/\/dev6.erresse-shop.it\/fr\/shop\/table-fr-2\/plats-de-service\/villeroy-boch-metro-chic-marqueur-de-place-33-cm\/#primaryimage\"},\"image\":{\"@id\":\"https:\/\/dev6.erresse-shop.it\/fr\/shop\/table-fr-2\/plats-de-service\/villeroy-boch-metro-chic-marqueur-de-place-33-cm\/#primaryimage\"},\"thumbnailUrl\":\"https:\/\/i3.wp.com\/interpim.erresse-shop.it\/Import\/Prodotti\/villeroy-boch-metro-chic-segnaposto-33-cm-1.jpg?ssl=1\",\"datePublished\":\"2026-04-12T07:23:20+00:00\",\"description\":\"Design : g\u00e9n\u00e9reux et \u00e9l\u00e9gant Que ce soit dans un blanc puriste ou avec des motifs g\u00e9om\u00e9triques en noir et or \u2013 toutes les pi\u00e8ces de la collection de\",\"breadcrumb\":{\"@id\":\"https:\/\/dev6.erresse-shop.it\/fr\/shop\/table-fr-2\/plats-de-service\/villeroy-boch-metro-chic-marqueur-de-place-33-cm\/#breadcrumb\"},\"inLanguage\":\"fr-FR\",\"potentialAction\":[{\"@type\":\"ReadAction\",\"target\":[\"https:\/\/dev6.erresse-shop.it\/fr\/shop\/table-fr-2\/plats-de-service\/villeroy-boch-metro-chic-marqueur-de-place-33-cm\/\"]}]},{\"@type\":\"ImageObject\",\"inLanguage\":\"fr-FR\",\"@id\":\"https:\/\/dev6.erresse-shop.it\/fr\/shop\/table-fr-2\/plats-de-service\/villeroy-boch-metro-chic-marqueur-de-place-33-cm\/#primaryimage\",\"url\":\"https:\/\/i3.wp.com\/interpim.erresse-shop.it\/Import\/Prodotti\/villeroy-boch-metro-chic-segnaposto-33-cm-1.jpg?ssl=1\",\"contentUrl\":\"https:\/\/i3.wp.com\/interpim.erresse-shop.it\/Import\/Prodotti\/villeroy-boch-metro-chic-segnaposto-33-cm-1.jpg?ssl=1\"},{\"@type\":\"BreadcrumbList\",\"@id\":\"https:\/\/dev6.erresse-shop.it\/fr\/shop\/table-fr-2\/plats-de-service\/villeroy-boch-metro-chic-marqueur-de-place-33-cm\/#breadcrumb\",\"itemListElement\":[{\"@type\":\"ListItem\",\"position\":1,\"name\":\"Home\",\"item\":\"https:\/\/dev6.erresse-shop.it\/\"},{\"@type\":\"ListItem\",\"position\":2,\"name\":\"Boutique\",\"item\":\"https:\/\/dev6.erresse-shop.it\/shop\/\"},{\"@type\":\"ListItem\",\"position\":3,\"name\":\"VILLEROY &#038; BOCH Metro Chic Marqueur de place 33 cm\"}]},{\"@type\":\"WebSite\",\"@id\":\"https:\/\/dev6.erresse-shop.it\/#website\",\"url\":\"https:\/\/dev6.erresse-shop.it\/\",\"name\":\"Erresse Shop\",\"description\":\"\",\"publisher\":{\"@id\":\"https:\/\/dev6.erresse-shop.it\/#organization\"},\"potentialAction\":[{\"@type\":\"SearchAction\",\"target\":{\"@type\":\"EntryPoint\",\"urlTemplate\":\"https:\/\/dev6.erresse-shop.it\/?s={search_term_string}\"},\"query-input\":{\"@type\":\"PropertyValueSpecification\",\"valueRequired\":true,\"valueName\":\"search_term_string\"}}],\"inLanguage\":\"fr-FR\"},{\"@type\":\"Organization\",\"@id\":\"https:\/\/dev6.erresse-shop.it\/#organization\",\"name\":\"Erresse Shop\",\"url\":\"https:\/\/dev6.erresse-shop.it\/\",\"logo\":{\"@type\":\"ImageObject\",\"inLanguage\":\"fr-FR\",\"@id\":\"https:\/\/dev6.erresse-shop.it\/#\/schema\/logo\/image\/\",\"url\":\"https:\/\/dev6.erresse-shop.it\/wp-content\/uploads\/2025\/01\/LOGO-ERRESSE-CLASSICO.svg\",\"contentUrl\":\"https:\/\/dev6.erresse-shop.it\/wp-content\/uploads\/2025\/01\/LOGO-ERRESSE-CLASSICO.svg\",\"caption\":\"Erresse Shop\"},\"image\":{\"@id\":\"https:\/\/dev6.erresse-shop.it\/#\/schema\/logo\/image\/\"}}]}<\/script>\n<!-- \/ Yoast SEO plugin. -->","yoast_head_json":{"title":"VILLEROY &#038; BOCH Metro Chic Marqueur de place 33 cm - dev6 Erresse","description":"Design : g\u00e9n\u00e9reux et \u00e9l\u00e9gant Que ce soit dans un blanc puriste ou avec des motifs g\u00e9om\u00e9triques en noir et or \u2013 toutes les pi\u00e8ces de la collection de","robots":{"index":"noindex","follow":"follow","max-snippet":"max-snippet:-1","max-image-preview":"max-image-preview:large","max-video-preview":"max-video-preview:-1"},"og_locale":"fr_FR","og_type":"article","og_title":"VILLEROY &#038; BOCH Metro Chic Marqueur de place 33 cm - dev6 Erresse","og_description":"Design : g\u00e9n\u00e9reux et \u00e9l\u00e9gant Que ce soit dans un blanc puriste ou avec des motifs g\u00e9om\u00e9triques en noir et or \u2013 toutes les pi\u00e8ces de la collection de","og_url":"https:\/\/dev6.erresse-shop.it\/fr\/shop\/table-fr-2\/plats-de-service\/villeroy-boch-metro-chic-marqueur-de-place-33-cm\/","og_site_name":"dev6 Erresse","og_image":[{"url":"https:\/\/interpim.erresse-shop.it\/Import\/Prodotti\/villeroy-boch-metro-chic-segnaposto-33-cm-1.jpg","type":"","width":"","height":""},{"url":"https:\/\/interpim.erresse-shop.it\/Import\/Prodotti\/villeroy-boch-metro-chic-segnaposto-33-cm-1.jpg","width":1024,"height":1024,"type":"image\/jpeg"}],"twitter_card":"summary_large_image","twitter_image":"https:\/\/interpim.erresse-shop.it\/Import\/Prodotti\/villeroy-boch-metro-chic-segnaposto-33-cm-1.jpg","schema":{"@context":"https:\/\/schema.org","@graph":[{"@type":"WebPage","@id":"https:\/\/dev6.erresse-shop.it\/fr\/shop\/table-fr-2\/plats-de-service\/villeroy-boch-metro-chic-marqueur-de-place-33-cm\/","url":"https:\/\/dev6.erresse-shop.it\/fr\/shop\/table-fr-2\/plats-de-service\/villeroy-boch-metro-chic-marqueur-de-place-33-cm\/","name":"VILLEROY &#038; BOCH Metro Chic Marqueur de place 33 cm - dev6 Erresse","isPartOf":{"@id":"https:\/\/dev6.erresse-shop.it\/#website"},"primaryImageOfPage":{"@id":"https:\/\/dev6.erresse-shop.it\/fr\/shop\/table-fr-2\/plats-de-service\/villeroy-boch-metro-chic-marqueur-de-place-33-cm\/#primaryimage"},"image":{"@id":"https:\/\/dev6.erresse-shop.it\/fr\/shop\/table-fr-2\/plats-de-service\/villeroy-boch-metro-chic-marqueur-de-place-33-cm\/#primaryimage"},"thumbnailUrl":"https:\/\/i3.wp.com\/interpim.erresse-shop.it\/Import\/Prodotti\/villeroy-boch-metro-chic-segnaposto-33-cm-1.jpg?ssl=1","datePublished":"2026-04-12T07:23:20+00:00","description":"Design : g\u00e9n\u00e9reux et \u00e9l\u00e9gant Que ce soit dans un blanc puriste ou avec des motifs g\u00e9om\u00e9triques en noir et or \u2013 toutes les pi\u00e8ces de la collection de","breadcrumb":{"@id":"https:\/\/dev6.erresse-shop.it\/fr\/shop\/table-fr-2\/plats-de-service\/villeroy-boch-metro-chic-marqueur-de-place-33-cm\/#breadcrumb"},"inLanguage":"fr-FR","potentialAction":[{"@type":"ReadAction","target":["https:\/\/dev6.erresse-shop.it\/fr\/shop\/table-fr-2\/plats-de-service\/villeroy-boch-metro-chic-marqueur-de-place-33-cm\/"]}]},{"@type":"ImageObject","inLanguage":"fr-FR","@id":"https:\/\/dev6.erresse-shop.it\/fr\/shop\/table-fr-2\/plats-de-service\/villeroy-boch-metro-chic-marqueur-de-place-33-cm\/#primaryimage","url":"https:\/\/i3.wp.com\/interpim.erresse-shop.it\/Import\/Prodotti\/villeroy-boch-metro-chic-segnaposto-33-cm-1.jpg?ssl=1","contentUrl":"https:\/\/i3.wp.com\/interpim.erresse-shop.it\/Import\/Prodotti\/villeroy-boch-metro-chic-segnaposto-33-cm-1.jpg?ssl=1"},{"@type":"BreadcrumbList","@id":"https:\/\/dev6.erresse-shop.it\/fr\/shop\/table-fr-2\/plats-de-service\/villeroy-boch-metro-chic-marqueur-de-place-33-cm\/#breadcrumb","itemListElement":[{"@type":"ListItem","position":1,"name":"Home","item":"https:\/\/dev6.erresse-shop.it\/"},{"@type":"ListItem","position":2,"name":"Boutique","item":"https:\/\/dev6.erresse-shop.it\/shop\/"},{"@type":"ListItem","position":3,"name":"VILLEROY &#038; BOCH Metro Chic Marqueur de place 33 cm"}]},{"@type":"WebSite","@id":"https:\/\/dev6.erresse-shop.it\/#website","url":"https:\/\/dev6.erresse-shop.it\/","name":"Erresse Shop","description":"","publisher":{"@id":"https:\/\/dev6.erresse-shop.it\/#organization"},"potentialAction":[{"@type":"SearchAction","target":{"@type":"EntryPoint","urlTemplate":"https:\/\/dev6.erresse-shop.it\/?s={search_term_string}"},"query-input":{"@type":"PropertyValueSpecification","valueRequired":true,"valueName":"search_term_string"}}],"inLanguage":"fr-FR"},{"@type":"Organization","@id":"https:\/\/dev6.erresse-shop.it\/#organization","name":"Erresse Shop","url":"https:\/\/dev6.erresse-shop.it\/","logo":{"@type":"ImageObject","inLanguage":"fr-FR","@id":"https:\/\/dev6.erresse-shop.it\/#\/schema\/logo\/image\/","url":"https:\/\/dev6.erresse-shop.it\/wp-content\/uploads\/2025\/01\/LOGO-ERRESSE-CLASSICO.svg","contentUrl":"https:\/\/dev6.erresse-shop.it\/wp-content\/uploads\/2025\/01\/LOGO-ERRESSE-CLASSICO.svg","caption":"Erresse Shop"},"image":{"@id":"https:\/\/dev6.erresse-shop.it\/#\/schema\/logo\/image\/"}}]}},"df_price":129,"df_sale_price":129,"df_regular_price":149,"df_image_link":"https:\/\/i3.wp.com\/interpim.erresse-shop.it\/Import\/Prodotti\/villeroy-boch-metro-chic-segnaposto-33-cm-1.jpg?resize=300,300&ssl=1","fifu_image_url":"https:\/\/interpim.erresse-shop.it\/Import\/Prodotti\/villeroy-boch-metro-chic-segnaposto-33-cm-1.jpg","_links":{"self":[{"href":"https:\/\/dev6.erresse-shop.it\/fr\/wp-json\/wp\/v2\/product\/60929","targetHints":{"allow":["GET"]}}],"collection":[{"href":"https:\/\/dev6.erresse-shop.it\/fr\/wp-json\/wp\/v2\/product"}],"about":[{"href":"https:\/\/dev6.erresse-shop.it\/fr\/wp-json\/wp\/v2\/types\/product"}],"wp:featuredmedia":[{"embeddable":true,"href":"https:\/\/dev6.erresse-shop.it\/fr\/wp-json\/wp\/v2\/media\/6360019"}],"wp:attachment":[{"href":"https:\/\/dev6.erresse-shop.it\/fr\/wp-json\/wp\/v2\/media?parent=60929"}],"wp:term":[{"taxonomy":"product_cat","embeddable":true,"href":"https:\/\/dev6.erresse-shop.it\/fr\/wp-json\/wp\/v2\/product_cat?post=60929"},{"taxonomy":"product_tag","embeddable":true,"href":"https:\/\/dev6.erresse-shop.it\/fr\/wp-json\/wp\/v2\/product_tag?post=60929"}],"curies":[{"name":"wp","href":"https:\/\/api.w.org\/{rel}","templated":true}]}}