{"id":60927,"date":"2026-04-12T09:23:20","date_gmt":"2026-04-12T07:23:20","guid":{"rendered":"https:\/\/dev6.erresse-shop.it\/shop\/non%20class\u00e9\/villeroy-boch-metro-chic-assiette-a-dessert-22-cm\/"},"modified":"2025-07-04T16:47:13","modified_gmt":"2025-07-04T14:47:13","slug":"villeroy-boch-metro-chic-assiette-a-dessert-22-cm","status":"publish","type":"product","link":"https:\/\/dev6.erresse-shop.it\/fr\/shop\/table-fr-2\/plats\/villeroy-boch-metro-chic-assiette-a-dessert-22-cm\/","title":{"rendered":"VILLEROY &#038; BOCH Metro Chic Assiette \u00e0 Dessert 22 cm"},"content":{"rendered":"<p>Pour des petits-d\u00e9jeuners \u00e9l\u00e9gants, des desserts et des hors-d\u2019\u0153uvre raffin\u00e9s<br \/>\nQue ce soit en blanc pur ou avec des motifs g\u00e9om\u00e9triques en noir et or, toutes les pi\u00e8ces de la collection de vaisselle et d\u2019articles cadeaux haut de gamme MetroChic peuvent \u00eatre combin\u00e9es entre elles de mani\u00e8re in\u00e9dite. La porcelaine osseuse Premium particuli\u00e8rement durable transforme chaque table en une d\u00e9claration de style moderne d\u2019une \u00e9l\u00e9gance intemporelle. L\u2019assiette \u00e0 dessert et l\u2019assiette \u00e0 d\u00e9jeuner peuvent \u00eatre utilis\u00e9es de nombreuses fa\u00e7ons et vous raviront longtemps par leurs d\u00e9corations brillantes gr\u00e2ce \u00e0 la technologie \u201cInglaze Gold\u201d. Faites-vous plaisir avec un design urbain et ravissez vos invit\u00e9s.<\/p>\n<p>Mat\u00e9riau: porcelaine bone premium<br \/>\nDiam\u00e8tre: 219mm<br \/>\nLavable au lave-vaisselle: oui<br \/>\nConvient au micro-ondes: non<\/p>\n","protected":false},"excerpt":{"rendered":"<p>Pour des petits-d\u00e9jeuners \u00e9l\u00e9gants, des desserts et des hors-d\u2019\u0153uvre raffin\u00e9s Que ce soit en blanc pur ou avec des motifs g\u00e9om\u00e9triques en noir et or, toutes les pi\u00e8ces de la collection de vaisselle et d\u2019articles cadeaux haut de gamme MetroChic peuvent \u00eatre combin\u00e9es entre elles de mani\u00e8re in\u00e9dite. La porcelaine osseuse Premium particuli\u00e8rement durable transforme [&hellip;]<\/p>\n","protected":false},"featured_media":6360011,"template":"","meta":{"_acf_changed":false},"product_cat":[12014,11995,11671],"product_tag":[],"class_list":{"0":"post-60927","1":"product","2":"type-product","3":"status-publish","4":"has-post-thumbnail","6":"product_cat-plats","7":"product_cat-table-fr-2","8":"product_cat-tavola","10":"first","11":"outofstock","12":"taxable","13":"shipping-taxable","14":"purchasable","15":"product-type-simple","swatches":"rey-swatches","show_selected":"","stretch_labels":"rey-swatches--stretch-labels"},"acf":[],"yoast_head":"<!-- This site is optimized with the Yoast SEO plugin v25.4 - https:\/\/yoast.com\/wordpress\/plugins\/seo\/ -->\n<title>VILLEROY &#038; BOCH Metro Chic Assiette \u00e0 Dessert 22 cm - dev6 Erresse<\/title>\n<meta name=\"description\" content=\"Pour des petits-d\u00e9jeuners \u00e9l\u00e9gants, des desserts et des hors-d\u2019\u0153uvre raffin\u00e9s Que ce soit en blanc pur ou avec des motifs g\u00e9om\u00e9triques en noir et or,\" \/>\n<meta name=\"robots\" content=\"noindex, follow, max-snippet:-1, max-image-preview:large, max-video-preview:-1\" \/>\n<meta property=\"og:locale\" content=\"fr_FR\" \/>\n<meta property=\"og:type\" content=\"article\" \/>\n<meta property=\"og:title\" content=\"VILLEROY &#038; BOCH Metro Chic Assiette \u00e0 Dessert 22 cm - dev6 Erresse\" \/>\n<meta property=\"og:description\" content=\"Pour des petits-d\u00e9jeuners \u00e9l\u00e9gants, des desserts et des hors-d\u2019\u0153uvre raffin\u00e9s Que ce soit en blanc pur ou avec des motifs g\u00e9om\u00e9triques en noir et or,\" \/>\n<meta property=\"og:url\" content=\"https:\/\/dev6.erresse-shop.it\/fr\/shop\/table-fr-2\/plats\/villeroy-boch-metro-chic-assiette-a-dessert-22-cm\/\" \/>\n<meta property=\"og:site_name\" content=\"dev6 Erresse\" \/>\n<meta property=\"og:image\" content=\"https:\/\/interpim.erresse-shop.it\/Import\/Prodotti\/villeroy-boch-metro-chic-piatto-dessert-22-cm-1.jpg\" \/><meta property=\"og:image\" content=\"https:\/\/interpim.erresse-shop.it\/Import\/Prodotti\/villeroy-boch-metro-chic-piatto-dessert-22-cm-1.jpg\" \/>\n\t<meta property=\"og:image:width\" content=\"1024\" \/>\n\t<meta property=\"og:image:height\" content=\"1024\" \/>\n\t<meta property=\"og:image:type\" content=\"image\/jpeg\" \/>\n<meta name=\"twitter:card\" content=\"summary_large_image\" \/>\n<meta name=\"twitter:image\" content=\"https:\/\/interpim.erresse-shop.it\/Import\/Prodotti\/villeroy-boch-metro-chic-piatto-dessert-22-cm-1.jpg\" \/>\n<script type=\"application\/ld+json\" class=\"yoast-schema-graph\">{\"@context\":\"https:\/\/schema.org\",\"@graph\":[{\"@type\":\"WebPage\",\"@id\":\"https:\/\/dev6.erresse-shop.it\/fr\/shop\/table-fr-2\/plats\/villeroy-boch-metro-chic-assiette-a-dessert-22-cm\/\",\"url\":\"https:\/\/dev6.erresse-shop.it\/fr\/shop\/table-fr-2\/plats\/villeroy-boch-metro-chic-assiette-a-dessert-22-cm\/\",\"name\":\"VILLEROY &#038; BOCH Metro Chic Assiette \u00e0 Dessert 22 cm - dev6 Erresse\",\"isPartOf\":{\"@id\":\"https:\/\/dev6.erresse-shop.it\/#website\"},\"primaryImageOfPage\":{\"@id\":\"https:\/\/dev6.erresse-shop.it\/fr\/shop\/table-fr-2\/plats\/villeroy-boch-metro-chic-assiette-a-dessert-22-cm\/#primaryimage\"},\"image\":{\"@id\":\"https:\/\/dev6.erresse-shop.it\/fr\/shop\/table-fr-2\/plats\/villeroy-boch-metro-chic-assiette-a-dessert-22-cm\/#primaryimage\"},\"thumbnailUrl\":\"https:\/\/i3.wp.com\/interpim.erresse-shop.it\/Import\/Prodotti\/villeroy-boch-metro-chic-piatto-dessert-22-cm-1.jpg?ssl=1\",\"datePublished\":\"2026-04-12T07:23:20+00:00\",\"description\":\"Pour des petits-d\u00e9jeuners \u00e9l\u00e9gants, des desserts et des hors-d\u2019\u0153uvre raffin\u00e9s Que ce soit en blanc pur ou avec des motifs g\u00e9om\u00e9triques en noir et or,\",\"breadcrumb\":{\"@id\":\"https:\/\/dev6.erresse-shop.it\/fr\/shop\/table-fr-2\/plats\/villeroy-boch-metro-chic-assiette-a-dessert-22-cm\/#breadcrumb\"},\"inLanguage\":\"fr-FR\",\"potentialAction\":[{\"@type\":\"ReadAction\",\"target\":[\"https:\/\/dev6.erresse-shop.it\/fr\/shop\/table-fr-2\/plats\/villeroy-boch-metro-chic-assiette-a-dessert-22-cm\/\"]}]},{\"@type\":\"ImageObject\",\"inLanguage\":\"fr-FR\",\"@id\":\"https:\/\/dev6.erresse-shop.it\/fr\/shop\/table-fr-2\/plats\/villeroy-boch-metro-chic-assiette-a-dessert-22-cm\/#primaryimage\",\"url\":\"https:\/\/i3.wp.com\/interpim.erresse-shop.it\/Import\/Prodotti\/villeroy-boch-metro-chic-piatto-dessert-22-cm-1.jpg?ssl=1\",\"contentUrl\":\"https:\/\/i3.wp.com\/interpim.erresse-shop.it\/Import\/Prodotti\/villeroy-boch-metro-chic-piatto-dessert-22-cm-1.jpg?ssl=1\"},{\"@type\":\"BreadcrumbList\",\"@id\":\"https:\/\/dev6.erresse-shop.it\/fr\/shop\/table-fr-2\/plats\/villeroy-boch-metro-chic-assiette-a-dessert-22-cm\/#breadcrumb\",\"itemListElement\":[{\"@type\":\"ListItem\",\"position\":1,\"name\":\"Home\",\"item\":\"https:\/\/dev6.erresse-shop.it\/\"},{\"@type\":\"ListItem\",\"position\":2,\"name\":\"Boutique\",\"item\":\"https:\/\/dev6.erresse-shop.it\/shop\/\"},{\"@type\":\"ListItem\",\"position\":3,\"name\":\"VILLEROY &#038; BOCH Metro Chic Assiette \u00e0 Dessert 22 cm\"}]},{\"@type\":\"WebSite\",\"@id\":\"https:\/\/dev6.erresse-shop.it\/#website\",\"url\":\"https:\/\/dev6.erresse-shop.it\/\",\"name\":\"Erresse Shop\",\"description\":\"\",\"publisher\":{\"@id\":\"https:\/\/dev6.erresse-shop.it\/#organization\"},\"potentialAction\":[{\"@type\":\"SearchAction\",\"target\":{\"@type\":\"EntryPoint\",\"urlTemplate\":\"https:\/\/dev6.erresse-shop.it\/?s={search_term_string}\"},\"query-input\":{\"@type\":\"PropertyValueSpecification\",\"valueRequired\":true,\"valueName\":\"search_term_string\"}}],\"inLanguage\":\"fr-FR\"},{\"@type\":\"Organization\",\"@id\":\"https:\/\/dev6.erresse-shop.it\/#organization\",\"name\":\"Erresse Shop\",\"url\":\"https:\/\/dev6.erresse-shop.it\/\",\"logo\":{\"@type\":\"ImageObject\",\"inLanguage\":\"fr-FR\",\"@id\":\"https:\/\/dev6.erresse-shop.it\/#\/schema\/logo\/image\/\",\"url\":\"https:\/\/dev6.erresse-shop.it\/wp-content\/uploads\/2025\/01\/LOGO-ERRESSE-CLASSICO.svg\",\"contentUrl\":\"https:\/\/dev6.erresse-shop.it\/wp-content\/uploads\/2025\/01\/LOGO-ERRESSE-CLASSICO.svg\",\"caption\":\"Erresse Shop\"},\"image\":{\"@id\":\"https:\/\/dev6.erresse-shop.it\/#\/schema\/logo\/image\/\"}}]}<\/script>\n<!-- \/ Yoast SEO plugin. -->","yoast_head_json":{"title":"VILLEROY &#038; BOCH Metro Chic Assiette \u00e0 Dessert 22 cm - dev6 Erresse","description":"Pour des petits-d\u00e9jeuners \u00e9l\u00e9gants, des desserts et des hors-d\u2019\u0153uvre raffin\u00e9s Que ce soit en blanc pur ou avec des motifs g\u00e9om\u00e9triques en noir et or,","robots":{"index":"noindex","follow":"follow","max-snippet":"max-snippet:-1","max-image-preview":"max-image-preview:large","max-video-preview":"max-video-preview:-1"},"og_locale":"fr_FR","og_type":"article","og_title":"VILLEROY &#038; BOCH Metro Chic Assiette \u00e0 Dessert 22 cm - dev6 Erresse","og_description":"Pour des petits-d\u00e9jeuners \u00e9l\u00e9gants, des desserts et des hors-d\u2019\u0153uvre raffin\u00e9s Que ce soit en blanc pur ou avec des motifs g\u00e9om\u00e9triques en noir et or,","og_url":"https:\/\/dev6.erresse-shop.it\/fr\/shop\/table-fr-2\/plats\/villeroy-boch-metro-chic-assiette-a-dessert-22-cm\/","og_site_name":"dev6 Erresse","og_image":[{"url":"https:\/\/interpim.erresse-shop.it\/Import\/Prodotti\/villeroy-boch-metro-chic-piatto-dessert-22-cm-1.jpg","type":"","width":"","height":""},{"url":"https:\/\/interpim.erresse-shop.it\/Import\/Prodotti\/villeroy-boch-metro-chic-piatto-dessert-22-cm-1.jpg","width":1024,"height":1024,"type":"image\/jpeg"}],"twitter_card":"summary_large_image","twitter_image":"https:\/\/interpim.erresse-shop.it\/Import\/Prodotti\/villeroy-boch-metro-chic-piatto-dessert-22-cm-1.jpg","schema":{"@context":"https:\/\/schema.org","@graph":[{"@type":"WebPage","@id":"https:\/\/dev6.erresse-shop.it\/fr\/shop\/table-fr-2\/plats\/villeroy-boch-metro-chic-assiette-a-dessert-22-cm\/","url":"https:\/\/dev6.erresse-shop.it\/fr\/shop\/table-fr-2\/plats\/villeroy-boch-metro-chic-assiette-a-dessert-22-cm\/","name":"VILLEROY &#038; BOCH Metro Chic Assiette \u00e0 Dessert 22 cm - dev6 Erresse","isPartOf":{"@id":"https:\/\/dev6.erresse-shop.it\/#website"},"primaryImageOfPage":{"@id":"https:\/\/dev6.erresse-shop.it\/fr\/shop\/table-fr-2\/plats\/villeroy-boch-metro-chic-assiette-a-dessert-22-cm\/#primaryimage"},"image":{"@id":"https:\/\/dev6.erresse-shop.it\/fr\/shop\/table-fr-2\/plats\/villeroy-boch-metro-chic-assiette-a-dessert-22-cm\/#primaryimage"},"thumbnailUrl":"https:\/\/i3.wp.com\/interpim.erresse-shop.it\/Import\/Prodotti\/villeroy-boch-metro-chic-piatto-dessert-22-cm-1.jpg?ssl=1","datePublished":"2026-04-12T07:23:20+00:00","description":"Pour des petits-d\u00e9jeuners \u00e9l\u00e9gants, des desserts et des hors-d\u2019\u0153uvre raffin\u00e9s Que ce soit en blanc pur ou avec des motifs g\u00e9om\u00e9triques en noir et or,","breadcrumb":{"@id":"https:\/\/dev6.erresse-shop.it\/fr\/shop\/table-fr-2\/plats\/villeroy-boch-metro-chic-assiette-a-dessert-22-cm\/#breadcrumb"},"inLanguage":"fr-FR","potentialAction":[{"@type":"ReadAction","target":["https:\/\/dev6.erresse-shop.it\/fr\/shop\/table-fr-2\/plats\/villeroy-boch-metro-chic-assiette-a-dessert-22-cm\/"]}]},{"@type":"ImageObject","inLanguage":"fr-FR","@id":"https:\/\/dev6.erresse-shop.it\/fr\/shop\/table-fr-2\/plats\/villeroy-boch-metro-chic-assiette-a-dessert-22-cm\/#primaryimage","url":"https:\/\/i3.wp.com\/interpim.erresse-shop.it\/Import\/Prodotti\/villeroy-boch-metro-chic-piatto-dessert-22-cm-1.jpg?ssl=1","contentUrl":"https:\/\/i3.wp.com\/interpim.erresse-shop.it\/Import\/Prodotti\/villeroy-boch-metro-chic-piatto-dessert-22-cm-1.jpg?ssl=1"},{"@type":"BreadcrumbList","@id":"https:\/\/dev6.erresse-shop.it\/fr\/shop\/table-fr-2\/plats\/villeroy-boch-metro-chic-assiette-a-dessert-22-cm\/#breadcrumb","itemListElement":[{"@type":"ListItem","position":1,"name":"Home","item":"https:\/\/dev6.erresse-shop.it\/"},{"@type":"ListItem","position":2,"name":"Boutique","item":"https:\/\/dev6.erresse-shop.it\/shop\/"},{"@type":"ListItem","position":3,"name":"VILLEROY &#038; BOCH Metro Chic Assiette \u00e0 Dessert 22 cm"}]},{"@type":"WebSite","@id":"https:\/\/dev6.erresse-shop.it\/#website","url":"https:\/\/dev6.erresse-shop.it\/","name":"Erresse Shop","description":"","publisher":{"@id":"https:\/\/dev6.erresse-shop.it\/#organization"},"potentialAction":[{"@type":"SearchAction","target":{"@type":"EntryPoint","urlTemplate":"https:\/\/dev6.erresse-shop.it\/?s={search_term_string}"},"query-input":{"@type":"PropertyValueSpecification","valueRequired":true,"valueName":"search_term_string"}}],"inLanguage":"fr-FR"},{"@type":"Organization","@id":"https:\/\/dev6.erresse-shop.it\/#organization","name":"Erresse Shop","url":"https:\/\/dev6.erresse-shop.it\/","logo":{"@type":"ImageObject","inLanguage":"fr-FR","@id":"https:\/\/dev6.erresse-shop.it\/#\/schema\/logo\/image\/","url":"https:\/\/dev6.erresse-shop.it\/wp-content\/uploads\/2025\/01\/LOGO-ERRESSE-CLASSICO.svg","contentUrl":"https:\/\/dev6.erresse-shop.it\/wp-content\/uploads\/2025\/01\/LOGO-ERRESSE-CLASSICO.svg","caption":"Erresse Shop"},"image":{"@id":"https:\/\/dev6.erresse-shop.it\/#\/schema\/logo\/image\/"}}]}},"df_price":64.9,"df_sale_price":"","df_regular_price":64.9,"df_image_link":"https:\/\/i3.wp.com\/interpim.erresse-shop.it\/Import\/Prodotti\/villeroy-boch-metro-chic-piatto-dessert-22-cm-1.jpg?resize=300,300&ssl=1","fifu_image_url":"https:\/\/interpim.erresse-shop.it\/Import\/Prodotti\/villeroy-boch-metro-chic-piatto-dessert-22-cm-1.jpg","_links":{"self":[{"href":"https:\/\/dev6.erresse-shop.it\/fr\/wp-json\/wp\/v2\/product\/60927","targetHints":{"allow":["GET"]}}],"collection":[{"href":"https:\/\/dev6.erresse-shop.it\/fr\/wp-json\/wp\/v2\/product"}],"about":[{"href":"https:\/\/dev6.erresse-shop.it\/fr\/wp-json\/wp\/v2\/types\/product"}],"wp:featuredmedia":[{"embeddable":true,"href":"https:\/\/dev6.erresse-shop.it\/fr\/wp-json\/wp\/v2\/media\/6360011"}],"wp:attachment":[{"href":"https:\/\/dev6.erresse-shop.it\/fr\/wp-json\/wp\/v2\/media?parent=60927"}],"wp:term":[{"taxonomy":"product_cat","embeddable":true,"href":"https:\/\/dev6.erresse-shop.it\/fr\/wp-json\/wp\/v2\/product_cat?post=60927"},{"taxonomy":"product_tag","embeddable":true,"href":"https:\/\/dev6.erresse-shop.it\/fr\/wp-json\/wp\/v2\/product_tag?post=60927"}],"curies":[{"name":"wp","href":"https:\/\/api.w.org\/{rel}","templated":true}]}}