{"id":60917,"date":"2026-04-12T09:23:20","date_gmt":"2026-04-12T07:23:20","guid":{"rendered":"https:\/\/dev6.erresse-shop.it\/shop\/non%20class\u00e9\/villeroy-boch-metro-chic-ensemble-2-verres-a-vin-rouge-240-mm\/"},"modified":"2025-07-04T16:46:53","modified_gmt":"2025-07-04T14:46:53","slug":"villeroy-boch-metro-chic-ensemble-2-verres-a-vin-rouge-240-mm","status":"publish","type":"product","link":"https:\/\/dev6.erresse-shop.it\/fr\/shop\/table-fr-2\/vin\/verres-a-vin\/villeroy-boch-metro-chic-ensemble-2-verres-a-vin-rouge-240-mm\/","title":{"rendered":"VILLEROY &#038; BOCH Metro Chic Ensemble 2 Verres \u00e0 Vin Rouge 240 mm"},"content":{"rendered":"<p>Pour les vins rouges cors\u00e9s<br \/>\nLa nouvelle collection MetroChic Glass a \u00e9t\u00e9 cr\u00e9\u00e9e pour r\u00e9pondre aux exigences les plus \u00e9lev\u00e9es, sans compromis. Les grands gobelets et la forme conique permettent au bouquet d\u2019ar\u00f4mes de se d\u00e9ployer de mani\u00e8re optimale sans s\u2019estomper rapidement. La forme moderne de ces verres \u00e0 vin rouge permet de lib\u00e9rer \u00e0 la perfection l\u2019ar\u00f4me des vins fins. Servez un vin blanc frais avec un plat l\u00e9ger dans un verre \u00e9l\u00e9gant et \u00e0 la mode.<\/p>\n<p>Mat\u00e9riau: cristal<br \/>\nVolume: 200ml<br \/>\nLavable au lave-vaisselle: oui<br \/>\nConvient au micro-ondes: non<\/p>\n","protected":false},"excerpt":{"rendered":"<p>Pour les vins rouges cors\u00e9s La nouvelle collection MetroChic Glass a \u00e9t\u00e9 cr\u00e9\u00e9e pour r\u00e9pondre aux exigences les plus \u00e9lev\u00e9es, sans compromis. Les grands gobelets et la forme conique permettent au bouquet d\u2019ar\u00f4mes de se d\u00e9ployer de mani\u00e8re optimale sans s\u2019estomper rapidement. La forme moderne de ces verres \u00e0 vin rouge permet de lib\u00e9rer \u00e0 [&hellip;]<\/p>\n","protected":false},"featured_media":6359966,"template":"","meta":{"_acf_changed":false},"product_cat":[12078,12069,11745],"product_tag":[],"class_list":{"0":"post-60917","1":"product","2":"type-product","3":"status-publish","4":"has-post-thumbnail","6":"product_cat-verres-a-vin","7":"product_cat-vin","8":"product_cat-enoteca-bar-cavatappi-vino","10":"first","11":"outofstock","12":"taxable","13":"shipping-taxable","14":"purchasable","15":"product-type-simple","swatches":"rey-swatches","show_selected":"","stretch_labels":"rey-swatches--stretch-labels"},"acf":[],"yoast_head":"<!-- This site is optimized with the Yoast SEO plugin v25.4 - https:\/\/yoast.com\/wordpress\/plugins\/seo\/ -->\n<title>VILLEROY &#038; BOCH Metro Chic Ensemble 2 Verres \u00e0 Vin Rouge 240 mm - dev6 Erresse<\/title>\n<meta name=\"description\" content=\"Pour les vins rouges cors\u00e9s La nouvelle collection MetroChic Glass a \u00e9t\u00e9 cr\u00e9\u00e9e pour r\u00e9pondre aux exigences les plus \u00e9lev\u00e9es, sans compromis. Les grands\" \/>\n<meta name=\"robots\" content=\"noindex, follow, max-snippet:-1, max-image-preview:large, max-video-preview:-1\" \/>\n<meta property=\"og:locale\" content=\"fr_FR\" \/>\n<meta property=\"og:type\" content=\"article\" \/>\n<meta property=\"og:title\" content=\"VILLEROY &#038; BOCH Metro Chic Ensemble 2 Verres \u00e0 Vin Rouge 240 mm - dev6 Erresse\" \/>\n<meta property=\"og:description\" content=\"Pour les vins rouges cors\u00e9s La nouvelle collection MetroChic Glass a \u00e9t\u00e9 cr\u00e9\u00e9e pour r\u00e9pondre aux exigences les plus \u00e9lev\u00e9es, sans compromis. Les grands\" \/>\n<meta property=\"og:url\" content=\"https:\/\/dev6.erresse-shop.it\/fr\/shop\/table-fr-2\/vin\/verres-a-vin\/villeroy-boch-metro-chic-ensemble-2-verres-a-vin-rouge-240-mm\/\" \/>\n<meta property=\"og:site_name\" content=\"dev6 Erresse\" \/>\n<meta property=\"og:image\" content=\"https:\/\/interpim.erresse-shop.it\/Import\/Prodotti\/villeroy-boch-metro-chic-set-2-calici-vino-rosso-240-mm-1.jpg\" \/><meta property=\"og:image\" content=\"https:\/\/interpim.erresse-shop.it\/Import\/Prodotti\/villeroy-boch-metro-chic-set-2-calici-vino-rosso-240-mm-1.jpg\" \/>\n\t<meta property=\"og:image:width\" content=\"1024\" \/>\n\t<meta property=\"og:image:height\" content=\"1024\" \/>\n\t<meta property=\"og:image:type\" content=\"image\/jpeg\" \/>\n<meta name=\"twitter:card\" content=\"summary_large_image\" \/>\n<meta name=\"twitter:image\" content=\"https:\/\/interpim.erresse-shop.it\/Import\/Prodotti\/villeroy-boch-metro-chic-set-2-calici-vino-rosso-240-mm-1.jpg\" \/>\n<script type=\"application\/ld+json\" class=\"yoast-schema-graph\">{\"@context\":\"https:\/\/schema.org\",\"@graph\":[{\"@type\":\"WebPage\",\"@id\":\"https:\/\/dev6.erresse-shop.it\/fr\/shop\/table-fr-2\/vin\/verres-a-vin\/villeroy-boch-metro-chic-ensemble-2-verres-a-vin-rouge-240-mm\/\",\"url\":\"https:\/\/dev6.erresse-shop.it\/fr\/shop\/table-fr-2\/vin\/verres-a-vin\/villeroy-boch-metro-chic-ensemble-2-verres-a-vin-rouge-240-mm\/\",\"name\":\"VILLEROY &#038; BOCH Metro Chic Ensemble 2 Verres \u00e0 Vin Rouge 240 mm - dev6 Erresse\",\"isPartOf\":{\"@id\":\"https:\/\/dev6.erresse-shop.it\/#website\"},\"primaryImageOfPage\":{\"@id\":\"https:\/\/dev6.erresse-shop.it\/fr\/shop\/table-fr-2\/vin\/verres-a-vin\/villeroy-boch-metro-chic-ensemble-2-verres-a-vin-rouge-240-mm\/#primaryimage\"},\"image\":{\"@id\":\"https:\/\/dev6.erresse-shop.it\/fr\/shop\/table-fr-2\/vin\/verres-a-vin\/villeroy-boch-metro-chic-ensemble-2-verres-a-vin-rouge-240-mm\/#primaryimage\"},\"thumbnailUrl\":\"https:\/\/i3.wp.com\/interpim.erresse-shop.it\/Import\/Prodotti\/villeroy-boch-metro-chic-set-2-calici-vino-rosso-240-mm-1.jpg?ssl=1\",\"datePublished\":\"2026-04-12T07:23:20+00:00\",\"description\":\"Pour les vins rouges cors\u00e9s La nouvelle collection MetroChic Glass a \u00e9t\u00e9 cr\u00e9\u00e9e pour r\u00e9pondre aux exigences les plus \u00e9lev\u00e9es, sans compromis. Les grands\",\"breadcrumb\":{\"@id\":\"https:\/\/dev6.erresse-shop.it\/fr\/shop\/table-fr-2\/vin\/verres-a-vin\/villeroy-boch-metro-chic-ensemble-2-verres-a-vin-rouge-240-mm\/#breadcrumb\"},\"inLanguage\":\"fr-FR\",\"potentialAction\":[{\"@type\":\"ReadAction\",\"target\":[\"https:\/\/dev6.erresse-shop.it\/fr\/shop\/table-fr-2\/vin\/verres-a-vin\/villeroy-boch-metro-chic-ensemble-2-verres-a-vin-rouge-240-mm\/\"]}]},{\"@type\":\"ImageObject\",\"inLanguage\":\"fr-FR\",\"@id\":\"https:\/\/dev6.erresse-shop.it\/fr\/shop\/table-fr-2\/vin\/verres-a-vin\/villeroy-boch-metro-chic-ensemble-2-verres-a-vin-rouge-240-mm\/#primaryimage\",\"url\":\"https:\/\/i3.wp.com\/interpim.erresse-shop.it\/Import\/Prodotti\/villeroy-boch-metro-chic-set-2-calici-vino-rosso-240-mm-1.jpg?ssl=1\",\"contentUrl\":\"https:\/\/i3.wp.com\/interpim.erresse-shop.it\/Import\/Prodotti\/villeroy-boch-metro-chic-set-2-calici-vino-rosso-240-mm-1.jpg?ssl=1\"},{\"@type\":\"BreadcrumbList\",\"@id\":\"https:\/\/dev6.erresse-shop.it\/fr\/shop\/table-fr-2\/vin\/verres-a-vin\/villeroy-boch-metro-chic-ensemble-2-verres-a-vin-rouge-240-mm\/#breadcrumb\",\"itemListElement\":[{\"@type\":\"ListItem\",\"position\":1,\"name\":\"Home\",\"item\":\"https:\/\/dev6.erresse-shop.it\/\"},{\"@type\":\"ListItem\",\"position\":2,\"name\":\"Boutique\",\"item\":\"https:\/\/dev6.erresse-shop.it\/shop\/\"},{\"@type\":\"ListItem\",\"position\":3,\"name\":\"VILLEROY &#038; BOCH Metro Chic Ensemble 2 Verres \u00e0 Vin Rouge 240 mm\"}]},{\"@type\":\"WebSite\",\"@id\":\"https:\/\/dev6.erresse-shop.it\/#website\",\"url\":\"https:\/\/dev6.erresse-shop.it\/\",\"name\":\"Erresse Shop\",\"description\":\"\",\"publisher\":{\"@id\":\"https:\/\/dev6.erresse-shop.it\/#organization\"},\"potentialAction\":[{\"@type\":\"SearchAction\",\"target\":{\"@type\":\"EntryPoint\",\"urlTemplate\":\"https:\/\/dev6.erresse-shop.it\/?s={search_term_string}\"},\"query-input\":{\"@type\":\"PropertyValueSpecification\",\"valueRequired\":true,\"valueName\":\"search_term_string\"}}],\"inLanguage\":\"fr-FR\"},{\"@type\":\"Organization\",\"@id\":\"https:\/\/dev6.erresse-shop.it\/#organization\",\"name\":\"Erresse Shop\",\"url\":\"https:\/\/dev6.erresse-shop.it\/\",\"logo\":{\"@type\":\"ImageObject\",\"inLanguage\":\"fr-FR\",\"@id\":\"https:\/\/dev6.erresse-shop.it\/#\/schema\/logo\/image\/\",\"url\":\"https:\/\/dev6.erresse-shop.it\/wp-content\/uploads\/2025\/01\/LOGO-ERRESSE-CLASSICO.svg\",\"contentUrl\":\"https:\/\/dev6.erresse-shop.it\/wp-content\/uploads\/2025\/01\/LOGO-ERRESSE-CLASSICO.svg\",\"caption\":\"Erresse Shop\"},\"image\":{\"@id\":\"https:\/\/dev6.erresse-shop.it\/#\/schema\/logo\/image\/\"}}]}<\/script>\n<!-- \/ Yoast SEO plugin. -->","yoast_head_json":{"title":"VILLEROY &#038; BOCH Metro Chic Ensemble 2 Verres \u00e0 Vin Rouge 240 mm - dev6 Erresse","description":"Pour les vins rouges cors\u00e9s La nouvelle collection MetroChic Glass a \u00e9t\u00e9 cr\u00e9\u00e9e pour r\u00e9pondre aux exigences les plus \u00e9lev\u00e9es, sans compromis. Les grands","robots":{"index":"noindex","follow":"follow","max-snippet":"max-snippet:-1","max-image-preview":"max-image-preview:large","max-video-preview":"max-video-preview:-1"},"og_locale":"fr_FR","og_type":"article","og_title":"VILLEROY &#038; BOCH Metro Chic Ensemble 2 Verres \u00e0 Vin Rouge 240 mm - dev6 Erresse","og_description":"Pour les vins rouges cors\u00e9s La nouvelle collection MetroChic Glass a \u00e9t\u00e9 cr\u00e9\u00e9e pour r\u00e9pondre aux exigences les plus \u00e9lev\u00e9es, sans compromis. Les grands","og_url":"https:\/\/dev6.erresse-shop.it\/fr\/shop\/table-fr-2\/vin\/verres-a-vin\/villeroy-boch-metro-chic-ensemble-2-verres-a-vin-rouge-240-mm\/","og_site_name":"dev6 Erresse","og_image":[{"url":"https:\/\/interpim.erresse-shop.it\/Import\/Prodotti\/villeroy-boch-metro-chic-set-2-calici-vino-rosso-240-mm-1.jpg","type":"","width":"","height":""},{"url":"https:\/\/interpim.erresse-shop.it\/Import\/Prodotti\/villeroy-boch-metro-chic-set-2-calici-vino-rosso-240-mm-1.jpg","width":1024,"height":1024,"type":"image\/jpeg"}],"twitter_card":"summary_large_image","twitter_image":"https:\/\/interpim.erresse-shop.it\/Import\/Prodotti\/villeroy-boch-metro-chic-set-2-calici-vino-rosso-240-mm-1.jpg","schema":{"@context":"https:\/\/schema.org","@graph":[{"@type":"WebPage","@id":"https:\/\/dev6.erresse-shop.it\/fr\/shop\/table-fr-2\/vin\/verres-a-vin\/villeroy-boch-metro-chic-ensemble-2-verres-a-vin-rouge-240-mm\/","url":"https:\/\/dev6.erresse-shop.it\/fr\/shop\/table-fr-2\/vin\/verres-a-vin\/villeroy-boch-metro-chic-ensemble-2-verres-a-vin-rouge-240-mm\/","name":"VILLEROY &#038; BOCH Metro Chic Ensemble 2 Verres \u00e0 Vin Rouge 240 mm - dev6 Erresse","isPartOf":{"@id":"https:\/\/dev6.erresse-shop.it\/#website"},"primaryImageOfPage":{"@id":"https:\/\/dev6.erresse-shop.it\/fr\/shop\/table-fr-2\/vin\/verres-a-vin\/villeroy-boch-metro-chic-ensemble-2-verres-a-vin-rouge-240-mm\/#primaryimage"},"image":{"@id":"https:\/\/dev6.erresse-shop.it\/fr\/shop\/table-fr-2\/vin\/verres-a-vin\/villeroy-boch-metro-chic-ensemble-2-verres-a-vin-rouge-240-mm\/#primaryimage"},"thumbnailUrl":"https:\/\/i3.wp.com\/interpim.erresse-shop.it\/Import\/Prodotti\/villeroy-boch-metro-chic-set-2-calici-vino-rosso-240-mm-1.jpg?ssl=1","datePublished":"2026-04-12T07:23:20+00:00","description":"Pour les vins rouges cors\u00e9s La nouvelle collection MetroChic Glass a \u00e9t\u00e9 cr\u00e9\u00e9e pour r\u00e9pondre aux exigences les plus \u00e9lev\u00e9es, sans compromis. Les grands","breadcrumb":{"@id":"https:\/\/dev6.erresse-shop.it\/fr\/shop\/table-fr-2\/vin\/verres-a-vin\/villeroy-boch-metro-chic-ensemble-2-verres-a-vin-rouge-240-mm\/#breadcrumb"},"inLanguage":"fr-FR","potentialAction":[{"@type":"ReadAction","target":["https:\/\/dev6.erresse-shop.it\/fr\/shop\/table-fr-2\/vin\/verres-a-vin\/villeroy-boch-metro-chic-ensemble-2-verres-a-vin-rouge-240-mm\/"]}]},{"@type":"ImageObject","inLanguage":"fr-FR","@id":"https:\/\/dev6.erresse-shop.it\/fr\/shop\/table-fr-2\/vin\/verres-a-vin\/villeroy-boch-metro-chic-ensemble-2-verres-a-vin-rouge-240-mm\/#primaryimage","url":"https:\/\/i3.wp.com\/interpim.erresse-shop.it\/Import\/Prodotti\/villeroy-boch-metro-chic-set-2-calici-vino-rosso-240-mm-1.jpg?ssl=1","contentUrl":"https:\/\/i3.wp.com\/interpim.erresse-shop.it\/Import\/Prodotti\/villeroy-boch-metro-chic-set-2-calici-vino-rosso-240-mm-1.jpg?ssl=1"},{"@type":"BreadcrumbList","@id":"https:\/\/dev6.erresse-shop.it\/fr\/shop\/table-fr-2\/vin\/verres-a-vin\/villeroy-boch-metro-chic-ensemble-2-verres-a-vin-rouge-240-mm\/#breadcrumb","itemListElement":[{"@type":"ListItem","position":1,"name":"Home","item":"https:\/\/dev6.erresse-shop.it\/"},{"@type":"ListItem","position":2,"name":"Boutique","item":"https:\/\/dev6.erresse-shop.it\/shop\/"},{"@type":"ListItem","position":3,"name":"VILLEROY &#038; BOCH Metro Chic Ensemble 2 Verres \u00e0 Vin Rouge 240 mm"}]},{"@type":"WebSite","@id":"https:\/\/dev6.erresse-shop.it\/#website","url":"https:\/\/dev6.erresse-shop.it\/","name":"Erresse Shop","description":"","publisher":{"@id":"https:\/\/dev6.erresse-shop.it\/#organization"},"potentialAction":[{"@type":"SearchAction","target":{"@type":"EntryPoint","urlTemplate":"https:\/\/dev6.erresse-shop.it\/?s={search_term_string}"},"query-input":{"@type":"PropertyValueSpecification","valueRequired":true,"valueName":"search_term_string"}}],"inLanguage":"fr-FR"},{"@type":"Organization","@id":"https:\/\/dev6.erresse-shop.it\/#organization","name":"Erresse Shop","url":"https:\/\/dev6.erresse-shop.it\/","logo":{"@type":"ImageObject","inLanguage":"fr-FR","@id":"https:\/\/dev6.erresse-shop.it\/#\/schema\/logo\/image\/","url":"https:\/\/dev6.erresse-shop.it\/wp-content\/uploads\/2025\/01\/LOGO-ERRESSE-CLASSICO.svg","contentUrl":"https:\/\/dev6.erresse-shop.it\/wp-content\/uploads\/2025\/01\/LOGO-ERRESSE-CLASSICO.svg","caption":"Erresse Shop"},"image":{"@id":"https:\/\/dev6.erresse-shop.it\/#\/schema\/logo\/image\/"}}]}},"df_price":59.9,"df_sale_price":"","df_regular_price":59.9,"df_image_link":"https:\/\/i3.wp.com\/interpim.erresse-shop.it\/Import\/Prodotti\/villeroy-boch-metro-chic-set-2-calici-vino-rosso-240-mm-1.jpg?resize=300,300&ssl=1","fifu_image_url":"https:\/\/interpim.erresse-shop.it\/Import\/Prodotti\/villeroy-boch-metro-chic-set-2-calici-vino-rosso-240-mm-1.jpg","_links":{"self":[{"href":"https:\/\/dev6.erresse-shop.it\/fr\/wp-json\/wp\/v2\/product\/60917","targetHints":{"allow":["GET"]}}],"collection":[{"href":"https:\/\/dev6.erresse-shop.it\/fr\/wp-json\/wp\/v2\/product"}],"about":[{"href":"https:\/\/dev6.erresse-shop.it\/fr\/wp-json\/wp\/v2\/types\/product"}],"wp:featuredmedia":[{"embeddable":true,"href":"https:\/\/dev6.erresse-shop.it\/fr\/wp-json\/wp\/v2\/media\/6359966"}],"wp:attachment":[{"href":"https:\/\/dev6.erresse-shop.it\/fr\/wp-json\/wp\/v2\/media?parent=60917"}],"wp:term":[{"taxonomy":"product_cat","embeddable":true,"href":"https:\/\/dev6.erresse-shop.it\/fr\/wp-json\/wp\/v2\/product_cat?post=60917"},{"taxonomy":"product_tag","embeddable":true,"href":"https:\/\/dev6.erresse-shop.it\/fr\/wp-json\/wp\/v2\/product_tag?post=60917"}],"curies":[{"name":"wp","href":"https:\/\/api.w.org\/{rel}","templated":true}]}}