{"id":60899,"date":"2026-04-12T09:21:59","date_gmt":"2026-04-12T07:21:59","guid":{"rendered":"https:\/\/dev6.erresse-shop.it\/shop\/non%20class\u00e9\/villeroy-boch-new-moon-ensemble-6-tasses-a-espresso\/"},"modified":"2025-09-14T04:44:03","modified_gmt":"2025-09-14T02:44:03","slug":"villeroy-boch-new-moon-ensemble-6-tasses-a-espresso","status":"publish","type":"product","link":"https:\/\/dev6.erresse-shop.it\/fr\/shop\/table-fr-2\/tasses\/villeroy-boch-new-moon-ensemble-6-tasses-a-espresso\/","title":{"rendered":"VILLEROY &#038; BOCH New Moon Ensemble 6 Tasses \u00e0 Espresso"},"content":{"rendered":"<p>Petit, robuste, blanc<br \/>\nExpressive, fonctionnelle, puriste \u2013 avec la ligne NewMoon, vous pouvez compter sur un design unique pour l\u2019usage quotidien et les occasions sp\u00e9ciales. Le rebord frappant en forme de fin croissant de lune et la l\u00e9g\u00e8re asym\u00e9trie qui en r\u00e9sulte refl\u00e8tent le caract\u00e8re clair de la collection. Pour un caf\u00e9 apr\u00e8s un repas de f\u00eate ou pour une pause quotidienne \u2013 cette tasse vous accompagnera avec style. D\u00e9couvrez la porcelaine inspir\u00e9e par la beaut\u00e9 de la lune.<\/p>\n<p>Mat\u00e9riau: porcelaine<br \/>\nVolume: environ 50ml<br \/>\nLavable au lave-vaisselle: oui<br \/>\nConvient au micro-ondes: oui<\/p>\n","protected":false},"excerpt":{"rendered":"<p>Petit, robuste, blanc Expressive, fonctionnelle, puriste \u2013 avec la ligne NewMoon, vous pouvez compter sur un design unique pour l\u2019usage quotidien et les occasions sp\u00e9ciales. Le rebord frappant en forme de fin croissant de lune et la l\u00e9g\u00e8re asym\u00e9trie qui en r\u00e9sulte refl\u00e8tent le caract\u00e8re clair de la collection. Pour un caf\u00e9 apr\u00e8s un repas [&hellip;]<\/p>\n","protected":false},"featured_media":6359861,"template":"","meta":{"_acf_changed":false},"product_cat":[11995,12013,11671],"product_tag":[],"class_list":{"0":"post-60899","1":"product","2":"type-product","3":"status-publish","4":"has-post-thumbnail","6":"product_cat-table-fr-2","7":"product_cat-tasses","8":"product_cat-tavola","10":"first","11":"outofstock","12":"sale","13":"taxable","14":"shipping-taxable","15":"purchasable","16":"product-type-simple","swatches":"rey-swatches","show_selected":"","stretch_labels":"rey-swatches--stretch-labels"},"acf":[],"yoast_head":"<!-- This site is optimized with the Yoast SEO plugin v25.4 - https:\/\/yoast.com\/wordpress\/plugins\/seo\/ -->\n<title>VILLEROY &#038; BOCH New Moon Ensemble 6 Tasses \u00e0 Espresso - dev6 Erresse<\/title>\n<meta name=\"description\" content=\"Petit, robuste, blanc Expressive, fonctionnelle, puriste \u2013 avec la ligne NewMoon, vous pouvez compter sur un design unique pour l\u2019usage quotidien et les\" \/>\n<meta name=\"robots\" content=\"noindex, follow, max-snippet:-1, max-image-preview:large, max-video-preview:-1\" \/>\n<meta property=\"og:locale\" content=\"fr_FR\" \/>\n<meta property=\"og:type\" content=\"article\" \/>\n<meta property=\"og:title\" content=\"VILLEROY &#038; BOCH New Moon Ensemble 6 Tasses \u00e0 Espresso - dev6 Erresse\" \/>\n<meta property=\"og:description\" content=\"Petit, robuste, blanc Expressive, fonctionnelle, puriste \u2013 avec la ligne NewMoon, vous pouvez compter sur un design unique pour l\u2019usage quotidien et les\" \/>\n<meta property=\"og:url\" content=\"https:\/\/dev6.erresse-shop.it\/fr\/shop\/table-fr-2\/tasses\/villeroy-boch-new-moon-ensemble-6-tasses-a-espresso\/\" \/>\n<meta property=\"og:site_name\" content=\"dev6 Erresse\" \/>\n<meta property=\"og:image\" content=\"https:\/\/interpim.erresse-shop.it\/Import\/Prodotti\/villeroy-boch-new-moon-set-6-tazzine-espresso-1.jpg\" \/><meta property=\"og:image\" content=\"https:\/\/interpim.erresse-shop.it\/Import\/Prodotti\/villeroy-boch-new-moon-set-6-tazzine-espresso-1.jpg\" \/>\n\t<meta property=\"og:image:width\" content=\"1024\" \/>\n\t<meta property=\"og:image:height\" content=\"1024\" \/>\n\t<meta property=\"og:image:type\" content=\"image\/jpeg\" \/>\n<meta name=\"twitter:card\" content=\"summary_large_image\" \/>\n<meta name=\"twitter:image\" content=\"https:\/\/interpim.erresse-shop.it\/Import\/Prodotti\/villeroy-boch-new-moon-set-6-tazzine-espresso-1.jpg\" \/>\n<script type=\"application\/ld+json\" class=\"yoast-schema-graph\">{\"@context\":\"https:\/\/schema.org\",\"@graph\":[{\"@type\":\"WebPage\",\"@id\":\"https:\/\/dev6.erresse-shop.it\/fr\/shop\/table-fr-2\/tasses\/villeroy-boch-new-moon-ensemble-6-tasses-a-espresso\/\",\"url\":\"https:\/\/dev6.erresse-shop.it\/fr\/shop\/table-fr-2\/tasses\/villeroy-boch-new-moon-ensemble-6-tasses-a-espresso\/\",\"name\":\"VILLEROY &#038; BOCH New Moon Ensemble 6 Tasses \u00e0 Espresso - dev6 Erresse\",\"isPartOf\":{\"@id\":\"https:\/\/dev6.erresse-shop.it\/#website\"},\"primaryImageOfPage\":{\"@id\":\"https:\/\/dev6.erresse-shop.it\/fr\/shop\/table-fr-2\/tasses\/villeroy-boch-new-moon-ensemble-6-tasses-a-espresso\/#primaryimage\"},\"image\":{\"@id\":\"https:\/\/dev6.erresse-shop.it\/fr\/shop\/table-fr-2\/tasses\/villeroy-boch-new-moon-ensemble-6-tasses-a-espresso\/#primaryimage\"},\"thumbnailUrl\":\"https:\/\/i2.wp.com\/interpim.erresse-shop.it\/Import\/Prodotti\/villeroy-boch-new-moon-set-6-tazzine-espresso-1.jpg?ssl=1\",\"datePublished\":\"2026-04-12T07:21:59+00:00\",\"description\":\"Petit, robuste, blanc Expressive, fonctionnelle, puriste \u2013 avec la ligne NewMoon, vous pouvez compter sur un design unique pour l\u2019usage quotidien et les\",\"breadcrumb\":{\"@id\":\"https:\/\/dev6.erresse-shop.it\/fr\/shop\/table-fr-2\/tasses\/villeroy-boch-new-moon-ensemble-6-tasses-a-espresso\/#breadcrumb\"},\"inLanguage\":\"fr-FR\",\"potentialAction\":[{\"@type\":\"ReadAction\",\"target\":[\"https:\/\/dev6.erresse-shop.it\/fr\/shop\/table-fr-2\/tasses\/villeroy-boch-new-moon-ensemble-6-tasses-a-espresso\/\"]}]},{\"@type\":\"ImageObject\",\"inLanguage\":\"fr-FR\",\"@id\":\"https:\/\/dev6.erresse-shop.it\/fr\/shop\/table-fr-2\/tasses\/villeroy-boch-new-moon-ensemble-6-tasses-a-espresso\/#primaryimage\",\"url\":\"https:\/\/i2.wp.com\/interpim.erresse-shop.it\/Import\/Prodotti\/villeroy-boch-new-moon-set-6-tazzine-espresso-1.jpg?ssl=1\",\"contentUrl\":\"https:\/\/i2.wp.com\/interpim.erresse-shop.it\/Import\/Prodotti\/villeroy-boch-new-moon-set-6-tazzine-espresso-1.jpg?ssl=1\"},{\"@type\":\"BreadcrumbList\",\"@id\":\"https:\/\/dev6.erresse-shop.it\/fr\/shop\/table-fr-2\/tasses\/villeroy-boch-new-moon-ensemble-6-tasses-a-espresso\/#breadcrumb\",\"itemListElement\":[{\"@type\":\"ListItem\",\"position\":1,\"name\":\"Home\",\"item\":\"https:\/\/dev6.erresse-shop.it\/\"},{\"@type\":\"ListItem\",\"position\":2,\"name\":\"Boutique\",\"item\":\"https:\/\/dev6.erresse-shop.it\/shop\/\"},{\"@type\":\"ListItem\",\"position\":3,\"name\":\"VILLEROY &#038; BOCH New Moon Ensemble 6 Tasses \u00e0 Espresso\"}]},{\"@type\":\"WebSite\",\"@id\":\"https:\/\/dev6.erresse-shop.it\/#website\",\"url\":\"https:\/\/dev6.erresse-shop.it\/\",\"name\":\"Erresse Shop\",\"description\":\"\",\"publisher\":{\"@id\":\"https:\/\/dev6.erresse-shop.it\/#organization\"},\"potentialAction\":[{\"@type\":\"SearchAction\",\"target\":{\"@type\":\"EntryPoint\",\"urlTemplate\":\"https:\/\/dev6.erresse-shop.it\/?s={search_term_string}\"},\"query-input\":{\"@type\":\"PropertyValueSpecification\",\"valueRequired\":true,\"valueName\":\"search_term_string\"}}],\"inLanguage\":\"fr-FR\"},{\"@type\":\"Organization\",\"@id\":\"https:\/\/dev6.erresse-shop.it\/#organization\",\"name\":\"Erresse Shop\",\"url\":\"https:\/\/dev6.erresse-shop.it\/\",\"logo\":{\"@type\":\"ImageObject\",\"inLanguage\":\"fr-FR\",\"@id\":\"https:\/\/dev6.erresse-shop.it\/#\/schema\/logo\/image\/\",\"url\":\"https:\/\/dev6.erresse-shop.it\/wp-content\/uploads\/2025\/01\/LOGO-ERRESSE-CLASSICO.svg\",\"contentUrl\":\"https:\/\/dev6.erresse-shop.it\/wp-content\/uploads\/2025\/01\/LOGO-ERRESSE-CLASSICO.svg\",\"caption\":\"Erresse Shop\"},\"image\":{\"@id\":\"https:\/\/dev6.erresse-shop.it\/#\/schema\/logo\/image\/\"}}]}<\/script>\n<!-- \/ Yoast SEO plugin. -->","yoast_head_json":{"title":"VILLEROY &#038; BOCH New Moon Ensemble 6 Tasses \u00e0 Espresso - dev6 Erresse","description":"Petit, robuste, blanc Expressive, fonctionnelle, puriste \u2013 avec la ligne NewMoon, vous pouvez compter sur un design unique pour l\u2019usage quotidien et les","robots":{"index":"noindex","follow":"follow","max-snippet":"max-snippet:-1","max-image-preview":"max-image-preview:large","max-video-preview":"max-video-preview:-1"},"og_locale":"fr_FR","og_type":"article","og_title":"VILLEROY &#038; BOCH New Moon Ensemble 6 Tasses \u00e0 Espresso - dev6 Erresse","og_description":"Petit, robuste, blanc Expressive, fonctionnelle, puriste \u2013 avec la ligne NewMoon, vous pouvez compter sur un design unique pour l\u2019usage quotidien et les","og_url":"https:\/\/dev6.erresse-shop.it\/fr\/shop\/table-fr-2\/tasses\/villeroy-boch-new-moon-ensemble-6-tasses-a-espresso\/","og_site_name":"dev6 Erresse","og_image":[{"url":"https:\/\/interpim.erresse-shop.it\/Import\/Prodotti\/villeroy-boch-new-moon-set-6-tazzine-espresso-1.jpg","type":"","width":"","height":""},{"url":"https:\/\/interpim.erresse-shop.it\/Import\/Prodotti\/villeroy-boch-new-moon-set-6-tazzine-espresso-1.jpg","width":1024,"height":1024,"type":"image\/jpeg"}],"twitter_card":"summary_large_image","twitter_image":"https:\/\/interpim.erresse-shop.it\/Import\/Prodotti\/villeroy-boch-new-moon-set-6-tazzine-espresso-1.jpg","schema":{"@context":"https:\/\/schema.org","@graph":[{"@type":"WebPage","@id":"https:\/\/dev6.erresse-shop.it\/fr\/shop\/table-fr-2\/tasses\/villeroy-boch-new-moon-ensemble-6-tasses-a-espresso\/","url":"https:\/\/dev6.erresse-shop.it\/fr\/shop\/table-fr-2\/tasses\/villeroy-boch-new-moon-ensemble-6-tasses-a-espresso\/","name":"VILLEROY &#038; BOCH New Moon Ensemble 6 Tasses \u00e0 Espresso - dev6 Erresse","isPartOf":{"@id":"https:\/\/dev6.erresse-shop.it\/#website"},"primaryImageOfPage":{"@id":"https:\/\/dev6.erresse-shop.it\/fr\/shop\/table-fr-2\/tasses\/villeroy-boch-new-moon-ensemble-6-tasses-a-espresso\/#primaryimage"},"image":{"@id":"https:\/\/dev6.erresse-shop.it\/fr\/shop\/table-fr-2\/tasses\/villeroy-boch-new-moon-ensemble-6-tasses-a-espresso\/#primaryimage"},"thumbnailUrl":"https:\/\/i2.wp.com\/interpim.erresse-shop.it\/Import\/Prodotti\/villeroy-boch-new-moon-set-6-tazzine-espresso-1.jpg?ssl=1","datePublished":"2026-04-12T07:21:59+00:00","description":"Petit, robuste, blanc Expressive, fonctionnelle, puriste \u2013 avec la ligne NewMoon, vous pouvez compter sur un design unique pour l\u2019usage quotidien et les","breadcrumb":{"@id":"https:\/\/dev6.erresse-shop.it\/fr\/shop\/table-fr-2\/tasses\/villeroy-boch-new-moon-ensemble-6-tasses-a-espresso\/#breadcrumb"},"inLanguage":"fr-FR","potentialAction":[{"@type":"ReadAction","target":["https:\/\/dev6.erresse-shop.it\/fr\/shop\/table-fr-2\/tasses\/villeroy-boch-new-moon-ensemble-6-tasses-a-espresso\/"]}]},{"@type":"ImageObject","inLanguage":"fr-FR","@id":"https:\/\/dev6.erresse-shop.it\/fr\/shop\/table-fr-2\/tasses\/villeroy-boch-new-moon-ensemble-6-tasses-a-espresso\/#primaryimage","url":"https:\/\/i2.wp.com\/interpim.erresse-shop.it\/Import\/Prodotti\/villeroy-boch-new-moon-set-6-tazzine-espresso-1.jpg?ssl=1","contentUrl":"https:\/\/i2.wp.com\/interpim.erresse-shop.it\/Import\/Prodotti\/villeroy-boch-new-moon-set-6-tazzine-espresso-1.jpg?ssl=1"},{"@type":"BreadcrumbList","@id":"https:\/\/dev6.erresse-shop.it\/fr\/shop\/table-fr-2\/tasses\/villeroy-boch-new-moon-ensemble-6-tasses-a-espresso\/#breadcrumb","itemListElement":[{"@type":"ListItem","position":1,"name":"Home","item":"https:\/\/dev6.erresse-shop.it\/"},{"@type":"ListItem","position":2,"name":"Boutique","item":"https:\/\/dev6.erresse-shop.it\/shop\/"},{"@type":"ListItem","position":3,"name":"VILLEROY &#038; BOCH New Moon Ensemble 6 Tasses \u00e0 Espresso"}]},{"@type":"WebSite","@id":"https:\/\/dev6.erresse-shop.it\/#website","url":"https:\/\/dev6.erresse-shop.it\/","name":"Erresse Shop","description":"","publisher":{"@id":"https:\/\/dev6.erresse-shop.it\/#organization"},"potentialAction":[{"@type":"SearchAction","target":{"@type":"EntryPoint","urlTemplate":"https:\/\/dev6.erresse-shop.it\/?s={search_term_string}"},"query-input":{"@type":"PropertyValueSpecification","valueRequired":true,"valueName":"search_term_string"}}],"inLanguage":"fr-FR"},{"@type":"Organization","@id":"https:\/\/dev6.erresse-shop.it\/#organization","name":"Erresse Shop","url":"https:\/\/dev6.erresse-shop.it\/","logo":{"@type":"ImageObject","inLanguage":"fr-FR","@id":"https:\/\/dev6.erresse-shop.it\/#\/schema\/logo\/image\/","url":"https:\/\/dev6.erresse-shop.it\/wp-content\/uploads\/2025\/01\/LOGO-ERRESSE-CLASSICO.svg","contentUrl":"https:\/\/dev6.erresse-shop.it\/wp-content\/uploads\/2025\/01\/LOGO-ERRESSE-CLASSICO.svg","caption":"Erresse Shop"},"image":{"@id":"https:\/\/dev6.erresse-shop.it\/#\/schema\/logo\/image\/"}}]}},"df_price":84,"df_sale_price":84,"df_regular_price":101.4,"df_image_link":"https:\/\/i2.wp.com\/interpim.erresse-shop.it\/Import\/Prodotti\/villeroy-boch-new-moon-set-6-tazzine-espresso-1.jpg?resize=300,300&ssl=1","fifu_image_url":"https:\/\/interpim.erresse-shop.it\/Import\/Prodotti\/villeroy-boch-new-moon-set-6-tazzine-espresso-1.jpg","_links":{"self":[{"href":"https:\/\/dev6.erresse-shop.it\/fr\/wp-json\/wp\/v2\/product\/60899","targetHints":{"allow":["GET"]}}],"collection":[{"href":"https:\/\/dev6.erresse-shop.it\/fr\/wp-json\/wp\/v2\/product"}],"about":[{"href":"https:\/\/dev6.erresse-shop.it\/fr\/wp-json\/wp\/v2\/types\/product"}],"wp:featuredmedia":[{"embeddable":true,"href":"https:\/\/dev6.erresse-shop.it\/fr\/wp-json\/wp\/v2\/media\/6359861"}],"wp:attachment":[{"href":"https:\/\/dev6.erresse-shop.it\/fr\/wp-json\/wp\/v2\/media?parent=60899"}],"wp:term":[{"taxonomy":"product_cat","embeddable":true,"href":"https:\/\/dev6.erresse-shop.it\/fr\/wp-json\/wp\/v2\/product_cat?post=60899"},{"taxonomy":"product_tag","embeddable":true,"href":"https:\/\/dev6.erresse-shop.it\/fr\/wp-json\/wp\/v2\/product_tag?post=60899"}],"curies":[{"name":"wp","href":"https:\/\/api.w.org\/{rel}","templated":true}]}}