{"id":60883,"date":"2026-04-12T09:21:59","date_gmt":"2026-04-12T07:21:59","guid":{"rendered":"https:\/\/dev6.erresse-shop.it\/shop\/non%20class\u00e9\/villeroy-boch-rock-blanco-ensemble-de-6-bols-de-24-cm\/"},"modified":"2025-09-14T04:43:39","modified_gmt":"2025-09-14T02:43:39","slug":"villeroy-boch-rock-blanco-ensemble-de-6-bols-de-24-cm","status":"publish","type":"product","link":"https:\/\/dev6.erresse-shop.it\/fr\/shop\/table-fr-2\/recipients-et-bols\/villeroy-boch-rock-blanco-ensemble-de-6-bols-de-24-cm\/","title":{"rendered":"VILLEROY &#038; BOCH Rock Blanco Ensemble de 6 Bols de 24 cm"},"content":{"rendered":"<p>Bol original pour les accompagnements, les fruits et autres<br \/>\nImpressionnez vos invit\u00e9s avec une vaisselle au design magnifique. Naturel, original et avec une sensation particuli\u00e8re : c\u2019est le rocher de la Manufacture. Le style artisanal sous forme de porcelaines Combin\u00e9 avec les articles peints \u00e0 la main de la collection s\u0153ur Manufacture, vous apporterez de la chaleur \u00e0 votre table.<\/p>\n<p>Mat\u00e9riau: porcelaine<br \/>\nDiam\u00e8tre: 235ml<br \/>\nLavable au lave-vaisselle: oui<br \/>\nConvient au micro-ondes: oui<\/p>\n","protected":false},"excerpt":{"rendered":"<p>Bol original pour les accompagnements, les fruits et autres Impressionnez vos invit\u00e9s avec une vaisselle au design magnifique. Naturel, original et avec une sensation particuli\u00e8re : c\u2019est le rocher de la Manufacture. Le style artisanal sous forme de porcelaines Combin\u00e9 avec les articles peints \u00e0 la main de la collection s\u0153ur Manufacture, vous apporterez de [&hellip;]<\/p>\n","protected":false},"featured_media":6359753,"template":"","meta":{"_acf_changed":false},"product_cat":[12015,11995,11671],"product_tag":[],"class_list":{"0":"post-60883","1":"product","2":"type-product","3":"status-publish","4":"has-post-thumbnail","6":"product_cat-recipients-et-bols","7":"product_cat-table-fr-2","8":"product_cat-tavola","10":"first","11":"outofstock","12":"sale","13":"taxable","14":"shipping-taxable","15":"purchasable","16":"product-type-simple","swatches":"rey-swatches","show_selected":"","stretch_labels":"rey-swatches--stretch-labels"},"acf":[],"yoast_head":"<!-- This site is optimized with the Yoast SEO plugin v25.4 - https:\/\/yoast.com\/wordpress\/plugins\/seo\/ -->\n<title>VILLEROY &#038; BOCH Rock Blanco Ensemble de 6 Bols de 24 cm - dev6 Erresse<\/title>\n<meta name=\"description\" content=\"Bol original pour les accompagnements, les fruits et autres Impressionnez vos invit\u00e9s avec une vaisselle au design magnifique. Naturel, original et avec\" \/>\n<meta name=\"robots\" content=\"noindex, follow, max-snippet:-1, max-image-preview:large, max-video-preview:-1\" \/>\n<meta property=\"og:locale\" content=\"fr_FR\" \/>\n<meta property=\"og:type\" content=\"article\" \/>\n<meta property=\"og:title\" content=\"VILLEROY &#038; BOCH Rock Blanco Ensemble de 6 Bols de 24 cm - dev6 Erresse\" \/>\n<meta property=\"og:description\" content=\"Bol original pour les accompagnements, les fruits et autres Impressionnez vos invit\u00e9s avec une vaisselle au design magnifique. Naturel, original et avec\" \/>\n<meta property=\"og:url\" content=\"https:\/\/dev6.erresse-shop.it\/fr\/shop\/table-fr-2\/recipients-et-bols\/villeroy-boch-rock-blanco-ensemble-de-6-bols-de-24-cm\/\" \/>\n<meta property=\"og:site_name\" content=\"dev6 Erresse\" \/>\n<meta property=\"og:image\" content=\"https:\/\/interpim.erresse-shop.it\/Import\/Prodotti\/villeroy-boch-rock-bianco-set-6-ciotole-24-cm.jpg\" \/><meta property=\"og:image\" content=\"https:\/\/interpim.erresse-shop.it\/Import\/Prodotti\/villeroy-boch-rock-bianco-set-6-ciotole-24-cm.jpg\" \/>\n\t<meta property=\"og:image:width\" content=\"1024\" \/>\n\t<meta property=\"og:image:height\" content=\"1024\" \/>\n\t<meta property=\"og:image:type\" content=\"image\/jpeg\" \/>\n<meta name=\"twitter:card\" content=\"summary_large_image\" \/>\n<meta name=\"twitter:image\" content=\"https:\/\/interpim.erresse-shop.it\/Import\/Prodotti\/villeroy-boch-rock-bianco-set-6-ciotole-24-cm.jpg\" \/>\n<script type=\"application\/ld+json\" class=\"yoast-schema-graph\">{\"@context\":\"https:\/\/schema.org\",\"@graph\":[{\"@type\":\"WebPage\",\"@id\":\"https:\/\/dev6.erresse-shop.it\/fr\/shop\/table-fr-2\/recipients-et-bols\/villeroy-boch-rock-blanco-ensemble-de-6-bols-de-24-cm\/\",\"url\":\"https:\/\/dev6.erresse-shop.it\/fr\/shop\/table-fr-2\/recipients-et-bols\/villeroy-boch-rock-blanco-ensemble-de-6-bols-de-24-cm\/\",\"name\":\"VILLEROY &#038; BOCH Rock Blanco Ensemble de 6 Bols de 24 cm - dev6 Erresse\",\"isPartOf\":{\"@id\":\"https:\/\/dev6.erresse-shop.it\/#website\"},\"primaryImageOfPage\":{\"@id\":\"https:\/\/dev6.erresse-shop.it\/fr\/shop\/table-fr-2\/recipients-et-bols\/villeroy-boch-rock-blanco-ensemble-de-6-bols-de-24-cm\/#primaryimage\"},\"image\":{\"@id\":\"https:\/\/dev6.erresse-shop.it\/fr\/shop\/table-fr-2\/recipients-et-bols\/villeroy-boch-rock-blanco-ensemble-de-6-bols-de-24-cm\/#primaryimage\"},\"thumbnailUrl\":\"https:\/\/i0.wp.com\/interpim.erresse-shop.it\/Import\/Prodotti\/villeroy-boch-rock-bianco-set-6-ciotole-24-cm.jpg?ssl=1\",\"datePublished\":\"2026-04-12T07:21:59+00:00\",\"description\":\"Bol original pour les accompagnements, les fruits et autres Impressionnez vos invit\u00e9s avec une vaisselle au design magnifique. Naturel, original et avec\",\"breadcrumb\":{\"@id\":\"https:\/\/dev6.erresse-shop.it\/fr\/shop\/table-fr-2\/recipients-et-bols\/villeroy-boch-rock-blanco-ensemble-de-6-bols-de-24-cm\/#breadcrumb\"},\"inLanguage\":\"fr-FR\",\"potentialAction\":[{\"@type\":\"ReadAction\",\"target\":[\"https:\/\/dev6.erresse-shop.it\/fr\/shop\/table-fr-2\/recipients-et-bols\/villeroy-boch-rock-blanco-ensemble-de-6-bols-de-24-cm\/\"]}]},{\"@type\":\"ImageObject\",\"inLanguage\":\"fr-FR\",\"@id\":\"https:\/\/dev6.erresse-shop.it\/fr\/shop\/table-fr-2\/recipients-et-bols\/villeroy-boch-rock-blanco-ensemble-de-6-bols-de-24-cm\/#primaryimage\",\"url\":\"https:\/\/i0.wp.com\/interpim.erresse-shop.it\/Import\/Prodotti\/villeroy-boch-rock-bianco-set-6-ciotole-24-cm.jpg?ssl=1\",\"contentUrl\":\"https:\/\/i0.wp.com\/interpim.erresse-shop.it\/Import\/Prodotti\/villeroy-boch-rock-bianco-set-6-ciotole-24-cm.jpg?ssl=1\"},{\"@type\":\"BreadcrumbList\",\"@id\":\"https:\/\/dev6.erresse-shop.it\/fr\/shop\/table-fr-2\/recipients-et-bols\/villeroy-boch-rock-blanco-ensemble-de-6-bols-de-24-cm\/#breadcrumb\",\"itemListElement\":[{\"@type\":\"ListItem\",\"position\":1,\"name\":\"Home\",\"item\":\"https:\/\/dev6.erresse-shop.it\/\"},{\"@type\":\"ListItem\",\"position\":2,\"name\":\"Boutique\",\"item\":\"https:\/\/dev6.erresse-shop.it\/shop\/\"},{\"@type\":\"ListItem\",\"position\":3,\"name\":\"VILLEROY &#038; BOCH Rock Blanco Ensemble de 6 Bols de 24 cm\"}]},{\"@type\":\"WebSite\",\"@id\":\"https:\/\/dev6.erresse-shop.it\/#website\",\"url\":\"https:\/\/dev6.erresse-shop.it\/\",\"name\":\"Erresse Shop\",\"description\":\"\",\"publisher\":{\"@id\":\"https:\/\/dev6.erresse-shop.it\/#organization\"},\"potentialAction\":[{\"@type\":\"SearchAction\",\"target\":{\"@type\":\"EntryPoint\",\"urlTemplate\":\"https:\/\/dev6.erresse-shop.it\/?s={search_term_string}\"},\"query-input\":{\"@type\":\"PropertyValueSpecification\",\"valueRequired\":true,\"valueName\":\"search_term_string\"}}],\"inLanguage\":\"fr-FR\"},{\"@type\":\"Organization\",\"@id\":\"https:\/\/dev6.erresse-shop.it\/#organization\",\"name\":\"Erresse Shop\",\"url\":\"https:\/\/dev6.erresse-shop.it\/\",\"logo\":{\"@type\":\"ImageObject\",\"inLanguage\":\"fr-FR\",\"@id\":\"https:\/\/dev6.erresse-shop.it\/#\/schema\/logo\/image\/\",\"url\":\"https:\/\/dev6.erresse-shop.it\/wp-content\/uploads\/2025\/01\/LOGO-ERRESSE-CLASSICO.svg\",\"contentUrl\":\"https:\/\/dev6.erresse-shop.it\/wp-content\/uploads\/2025\/01\/LOGO-ERRESSE-CLASSICO.svg\",\"caption\":\"Erresse Shop\"},\"image\":{\"@id\":\"https:\/\/dev6.erresse-shop.it\/#\/schema\/logo\/image\/\"}}]}<\/script>\n<!-- \/ Yoast SEO plugin. -->","yoast_head_json":{"title":"VILLEROY &#038; BOCH Rock Blanco Ensemble de 6 Bols de 24 cm - dev6 Erresse","description":"Bol original pour les accompagnements, les fruits et autres Impressionnez vos invit\u00e9s avec une vaisselle au design magnifique. Naturel, original et avec","robots":{"index":"noindex","follow":"follow","max-snippet":"max-snippet:-1","max-image-preview":"max-image-preview:large","max-video-preview":"max-video-preview:-1"},"og_locale":"fr_FR","og_type":"article","og_title":"VILLEROY &#038; BOCH Rock Blanco Ensemble de 6 Bols de 24 cm - dev6 Erresse","og_description":"Bol original pour les accompagnements, les fruits et autres Impressionnez vos invit\u00e9s avec une vaisselle au design magnifique. Naturel, original et avec","og_url":"https:\/\/dev6.erresse-shop.it\/fr\/shop\/table-fr-2\/recipients-et-bols\/villeroy-boch-rock-blanco-ensemble-de-6-bols-de-24-cm\/","og_site_name":"dev6 Erresse","og_image":[{"url":"https:\/\/interpim.erresse-shop.it\/Import\/Prodotti\/villeroy-boch-rock-bianco-set-6-ciotole-24-cm.jpg","type":"","width":"","height":""},{"url":"https:\/\/interpim.erresse-shop.it\/Import\/Prodotti\/villeroy-boch-rock-bianco-set-6-ciotole-24-cm.jpg","width":1024,"height":1024,"type":"image\/jpeg"}],"twitter_card":"summary_large_image","twitter_image":"https:\/\/interpim.erresse-shop.it\/Import\/Prodotti\/villeroy-boch-rock-bianco-set-6-ciotole-24-cm.jpg","schema":{"@context":"https:\/\/schema.org","@graph":[{"@type":"WebPage","@id":"https:\/\/dev6.erresse-shop.it\/fr\/shop\/table-fr-2\/recipients-et-bols\/villeroy-boch-rock-blanco-ensemble-de-6-bols-de-24-cm\/","url":"https:\/\/dev6.erresse-shop.it\/fr\/shop\/table-fr-2\/recipients-et-bols\/villeroy-boch-rock-blanco-ensemble-de-6-bols-de-24-cm\/","name":"VILLEROY &#038; BOCH Rock Blanco Ensemble de 6 Bols de 24 cm - dev6 Erresse","isPartOf":{"@id":"https:\/\/dev6.erresse-shop.it\/#website"},"primaryImageOfPage":{"@id":"https:\/\/dev6.erresse-shop.it\/fr\/shop\/table-fr-2\/recipients-et-bols\/villeroy-boch-rock-blanco-ensemble-de-6-bols-de-24-cm\/#primaryimage"},"image":{"@id":"https:\/\/dev6.erresse-shop.it\/fr\/shop\/table-fr-2\/recipients-et-bols\/villeroy-boch-rock-blanco-ensemble-de-6-bols-de-24-cm\/#primaryimage"},"thumbnailUrl":"https:\/\/i0.wp.com\/interpim.erresse-shop.it\/Import\/Prodotti\/villeroy-boch-rock-bianco-set-6-ciotole-24-cm.jpg?ssl=1","datePublished":"2026-04-12T07:21:59+00:00","description":"Bol original pour les accompagnements, les fruits et autres Impressionnez vos invit\u00e9s avec une vaisselle au design magnifique. Naturel, original et avec","breadcrumb":{"@id":"https:\/\/dev6.erresse-shop.it\/fr\/shop\/table-fr-2\/recipients-et-bols\/villeroy-boch-rock-blanco-ensemble-de-6-bols-de-24-cm\/#breadcrumb"},"inLanguage":"fr-FR","potentialAction":[{"@type":"ReadAction","target":["https:\/\/dev6.erresse-shop.it\/fr\/shop\/table-fr-2\/recipients-et-bols\/villeroy-boch-rock-blanco-ensemble-de-6-bols-de-24-cm\/"]}]},{"@type":"ImageObject","inLanguage":"fr-FR","@id":"https:\/\/dev6.erresse-shop.it\/fr\/shop\/table-fr-2\/recipients-et-bols\/villeroy-boch-rock-blanco-ensemble-de-6-bols-de-24-cm\/#primaryimage","url":"https:\/\/i0.wp.com\/interpim.erresse-shop.it\/Import\/Prodotti\/villeroy-boch-rock-bianco-set-6-ciotole-24-cm.jpg?ssl=1","contentUrl":"https:\/\/i0.wp.com\/interpim.erresse-shop.it\/Import\/Prodotti\/villeroy-boch-rock-bianco-set-6-ciotole-24-cm.jpg?ssl=1"},{"@type":"BreadcrumbList","@id":"https:\/\/dev6.erresse-shop.it\/fr\/shop\/table-fr-2\/recipients-et-bols\/villeroy-boch-rock-blanco-ensemble-de-6-bols-de-24-cm\/#breadcrumb","itemListElement":[{"@type":"ListItem","position":1,"name":"Home","item":"https:\/\/dev6.erresse-shop.it\/"},{"@type":"ListItem","position":2,"name":"Boutique","item":"https:\/\/dev6.erresse-shop.it\/shop\/"},{"@type":"ListItem","position":3,"name":"VILLEROY &#038; BOCH Rock Blanco Ensemble de 6 Bols de 24 cm"}]},{"@type":"WebSite","@id":"https:\/\/dev6.erresse-shop.it\/#website","url":"https:\/\/dev6.erresse-shop.it\/","name":"Erresse Shop","description":"","publisher":{"@id":"https:\/\/dev6.erresse-shop.it\/#organization"},"potentialAction":[{"@type":"SearchAction","target":{"@type":"EntryPoint","urlTemplate":"https:\/\/dev6.erresse-shop.it\/?s={search_term_string}"},"query-input":{"@type":"PropertyValueSpecification","valueRequired":true,"valueName":"search_term_string"}}],"inLanguage":"fr-FR"},{"@type":"Organization","@id":"https:\/\/dev6.erresse-shop.it\/#organization","name":"Erresse Shop","url":"https:\/\/dev6.erresse-shop.it\/","logo":{"@type":"ImageObject","inLanguage":"fr-FR","@id":"https:\/\/dev6.erresse-shop.it\/#\/schema\/logo\/image\/","url":"https:\/\/dev6.erresse-shop.it\/wp-content\/uploads\/2025\/01\/LOGO-ERRESSE-CLASSICO.svg","contentUrl":"https:\/\/dev6.erresse-shop.it\/wp-content\/uploads\/2025\/01\/LOGO-ERRESSE-CLASSICO.svg","caption":"Erresse Shop"},"image":{"@id":"https:\/\/dev6.erresse-shop.it\/#\/schema\/logo\/image\/"}}]}},"df_price":119.52,"df_sale_price":119.52,"df_regular_price":149.4,"df_image_link":"https:\/\/i0.wp.com\/interpim.erresse-shop.it\/Import\/Prodotti\/villeroy-boch-rock-bianco-set-6-ciotole-24-cm.jpg?resize=300,300&ssl=1","fifu_image_url":"https:\/\/interpim.erresse-shop.it\/Import\/Prodotti\/villeroy-boch-rock-bianco-set-6-ciotole-24-cm.jpg","_links":{"self":[{"href":"https:\/\/dev6.erresse-shop.it\/fr\/wp-json\/wp\/v2\/product\/60883","targetHints":{"allow":["GET"]}}],"collection":[{"href":"https:\/\/dev6.erresse-shop.it\/fr\/wp-json\/wp\/v2\/product"}],"about":[{"href":"https:\/\/dev6.erresse-shop.it\/fr\/wp-json\/wp\/v2\/types\/product"}],"wp:featuredmedia":[{"embeddable":true,"href":"https:\/\/dev6.erresse-shop.it\/fr\/wp-json\/wp\/v2\/media\/6359753"}],"wp:attachment":[{"href":"https:\/\/dev6.erresse-shop.it\/fr\/wp-json\/wp\/v2\/media?parent=60883"}],"wp:term":[{"taxonomy":"product_cat","embeddable":true,"href":"https:\/\/dev6.erresse-shop.it\/fr\/wp-json\/wp\/v2\/product_cat?post=60883"},{"taxonomy":"product_tag","embeddable":true,"href":"https:\/\/dev6.erresse-shop.it\/fr\/wp-json\/wp\/v2\/product_tag?post=60883"}],"curies":[{"name":"wp","href":"https:\/\/api.w.org\/{rel}","templated":true}]}}