{"id":60783,"date":"2026-04-12T09:19:20","date_gmt":"2026-04-12T07:19:20","guid":{"rendered":"https:\/\/dev6.erresse-shop.it\/shop\/non%20class\u00e9\/ooni-karu-16-four-a-pizza-multi-combustibles-portable\/"},"modified":"2025-07-04T16:43:34","modified_gmt":"2025-07-04T14:43:34","slug":"ooni-karu-16-four-a-pizza-multi-combustibles-portable","status":"publish","type":"product","link":"https:\/\/dev6.erresse-shop.it\/fr\/shop\/petits-electromenagers\/fours\/ooni-karu-16-four-a-pizza-multi-combustibles-portable\/","title":{"rendered":"OONI Karu 16 Four \u00e0 Pizza Multi-combustibles Portable"},"content":{"rendered":"<p>Le four Ooni Karu 16 apporte \u00e0 vos pizzas l\u2019exp\u00e9rience polyvalente de la cuisson en plein air d\u2019Ooni ainsi qu\u2019une technologie de pointe.<\/p>\n<p>Des maxi-pizzas extraordinaires, des viandes r\u00f4ties, des l\u00e9gumes po\u00eal\u00e9s ou encore du pain frais. Cuisinez des plats fantastiques en plein air sur un feu aliment\u00e9 par du bois, du charbon de bois ou du gaz.<br \/>\nGr\u00e2ce aux diff\u00e9rentes options de combustible, essayez d\u2019utiliser du bois et\/ou du charbon de bois pour le plaisir de l\u2019exp\u00e9rience d\u2019une pizza faite dans les r\u00e8gles de l\u2019art et l\u2019ar\u00f4me d\u00e9licat de la cuisson au feu de bois, ou optez pour une cuisson \u00e0 faible entretien avec un br\u00fbleur \u00e0 gaz pour l\u2019Ooni Karu 16 (vendu s\u00e9par\u00e9ment).<br \/>\nGr\u00e2ce \u00e0 de nouvelles caract\u00e9ristiques de conception, il pr\u00e9pare des pizzas d\u2019environ 40 cm de diam\u00e8tre tout en b\u00e9n\u00e9ficiant d\u2019un meilleur contr\u00f4le de la temp\u00e9rature, d\u2019un d\u00e9bit d\u2019air plus \u00e9conome, d\u2019une meilleure isolation du four et d\u2019une meilleure visibilit\u00e9.<br \/>\nApr\u00e8s seulement 15 minutes de pr\u00e9chauffage, vous pouvez cuire des pizzas \u00e0 500\u00b0C en 60 secondes, des steaks Tomahawk saisis \u00e0 la perfection, des l\u00e9gumes grill\u00e9s et bien plus encore avec le four Ooni Karu 16.<\/p>\n<p>Plusieurs options de puissance pour une polyvalence de cuisson maximale<br \/>\nCuisinez au bois ou au charbon de bois imm\u00e9diatement apr\u00e8s le d\u00e9ballage, ou cuisinez au gaz avec le br\u00fbleur \u00e0 gaz pour Ooni Karu 16 (vendu s\u00e9par\u00e9ment).<br \/>\nAtteint 500\u00b0C en seulement 15 minutes<br \/>\nNouveau design de la porte du four \u00e0 charni\u00e8re avec la technologie<br \/>\nViewFlame pour une meilleure visibilit\u00e9.<br \/>\nLe thermom\u00e8tre num\u00e9rique install\u00e9 affiche la temp\u00e9rature interne du four (piles incluses).<br \/>\nGrande surface de cuisson pour les pizzas jusqu\u2019\u00e0 environ 40 cm de diam\u00e8tre et autres grands plats.<\/p>\n<p>Le premier four \u00e0 pizza \u201crecommand\u00e9 pour un usage domestique\u201d par l\u2019association Verace Pizza Napoletana, l\u2019autorit\u00e9 internationale en mati\u00e8re de v\u00e9ritable pizza napolitaine.<\/p>\n","protected":false},"excerpt":{"rendered":"<p>Le four Ooni Karu 16 apporte \u00e0 vos pizzas l\u2019exp\u00e9rience polyvalente de la cuisson en plein air d\u2019Ooni ainsi qu\u2019une technologie de pointe. Des maxi-pizzas extraordinaires, des viandes r\u00f4ties, des l\u00e9gumes po\u00eal\u00e9s ou encore du pain frais. Cuisinez des plats fantastiques en plein air sur un feu aliment\u00e9 par du bois, du charbon de bois [&hellip;]<\/p>\n","protected":false},"featured_media":6359412,"template":"","meta":{"_acf_changed":false},"product_cat":[12085,12055],"product_tag":[],"class_list":{"0":"post-60783","1":"product","2":"type-product","3":"status-publish","4":"has-post-thumbnail","6":"product_cat-fours","7":"product_cat-petits-electromenagers","9":"first","10":"instock","11":"sale","12":"taxable","13":"shipping-taxable","14":"purchasable","15":"product-type-simple","swatches":"rey-swatches","show_selected":"","stretch_labels":"rey-swatches--stretch-labels"},"acf":[],"yoast_head":"<!-- This site is optimized with the Yoast SEO plugin v25.4 - https:\/\/yoast.com\/wordpress\/plugins\/seo\/ -->\n<title>OONI Karu 16 Four \u00e0 Pizza Multi-combustibles Portable - dev6 Erresse<\/title>\n<meta name=\"description\" content=\"Le four Ooni Karu 16 apporte \u00e0 vos pizzas l\u2019exp\u00e9rience polyvalente de la cuisson en plein air d\u2019Ooni ainsi qu\u2019une technologie de pointe. Des maxi-pizzas\" \/>\n<meta name=\"robots\" content=\"noindex, follow, max-snippet:-1, max-image-preview:large, max-video-preview:-1\" \/>\n<meta property=\"og:locale\" content=\"fr_FR\" \/>\n<meta property=\"og:type\" content=\"article\" \/>\n<meta property=\"og:title\" content=\"OONI Karu 16 Four \u00e0 Pizza Multi-combustibles Portable - dev6 Erresse\" \/>\n<meta property=\"og:description\" content=\"Le four Ooni Karu 16 apporte \u00e0 vos pizzas l\u2019exp\u00e9rience polyvalente de la cuisson en plein air d\u2019Ooni ainsi qu\u2019une technologie de pointe. Des maxi-pizzas\" \/>\n<meta property=\"og:url\" content=\"https:\/\/dev6.erresse-shop.it\/fr\/shop\/petits-electromenagers\/fours\/ooni-karu-16-four-a-pizza-multi-combustibles-portable\/\" \/>\n<meta property=\"og:site_name\" content=\"dev6 Erresse\" \/>\n<meta property=\"og:image\" content=\"https:\/\/interpim.erresse-shop.it\/img-catalogo\/ooni\/ooni-karu-16-forno-portatile-multi-combustibile-1.jpg\" \/><meta property=\"og:image\" content=\"https:\/\/interpim.erresse-shop.it\/img-catalogo\/ooni\/ooni-karu-16-forno-portatile-multi-combustibile-1.jpg\" \/>\n\t<meta property=\"og:image:width\" content=\"1024\" \/>\n\t<meta property=\"og:image:height\" content=\"1024\" \/>\n\t<meta property=\"og:image:type\" content=\"image\/jpeg\" \/>\n<meta name=\"twitter:card\" content=\"summary_large_image\" \/>\n<meta name=\"twitter:image\" content=\"https:\/\/interpim.erresse-shop.it\/img-catalogo\/ooni\/ooni-karu-16-forno-portatile-multi-combustibile-1.jpg\" \/>\n<script type=\"application\/ld+json\" class=\"yoast-schema-graph\">{\"@context\":\"https:\/\/schema.org\",\"@graph\":[{\"@type\":\"WebPage\",\"@id\":\"https:\/\/dev6.erresse-shop.it\/fr\/shop\/petits-electromenagers\/fours\/ooni-karu-16-four-a-pizza-multi-combustibles-portable\/\",\"url\":\"https:\/\/dev6.erresse-shop.it\/fr\/shop\/petits-electromenagers\/fours\/ooni-karu-16-four-a-pizza-multi-combustibles-portable\/\",\"name\":\"OONI Karu 16 Four \u00e0 Pizza Multi-combustibles Portable - dev6 Erresse\",\"isPartOf\":{\"@id\":\"https:\/\/dev6.erresse-shop.it\/#website\"},\"primaryImageOfPage\":{\"@id\":\"https:\/\/dev6.erresse-shop.it\/fr\/shop\/petits-electromenagers\/fours\/ooni-karu-16-four-a-pizza-multi-combustibles-portable\/#primaryimage\"},\"image\":{\"@id\":\"https:\/\/dev6.erresse-shop.it\/fr\/shop\/petits-electromenagers\/fours\/ooni-karu-16-four-a-pizza-multi-combustibles-portable\/#primaryimage\"},\"thumbnailUrl\":\"https:\/\/i1.wp.com\/interpim.erresse-shop.it\/img-catalogo\/ooni\/ooni-karu-16-forno-portatile-multi-combustibile-1.jpg?ssl=1\",\"datePublished\":\"2026-04-12T07:19:20+00:00\",\"description\":\"Le four Ooni Karu 16 apporte \u00e0 vos pizzas l\u2019exp\u00e9rience polyvalente de la cuisson en plein air d\u2019Ooni ainsi qu\u2019une technologie de pointe. Des maxi-pizzas\",\"breadcrumb\":{\"@id\":\"https:\/\/dev6.erresse-shop.it\/fr\/shop\/petits-electromenagers\/fours\/ooni-karu-16-four-a-pizza-multi-combustibles-portable\/#breadcrumb\"},\"inLanguage\":\"fr-FR\",\"potentialAction\":[{\"@type\":\"ReadAction\",\"target\":[\"https:\/\/dev6.erresse-shop.it\/fr\/shop\/petits-electromenagers\/fours\/ooni-karu-16-four-a-pizza-multi-combustibles-portable\/\"]}]},{\"@type\":\"ImageObject\",\"inLanguage\":\"fr-FR\",\"@id\":\"https:\/\/dev6.erresse-shop.it\/fr\/shop\/petits-electromenagers\/fours\/ooni-karu-16-four-a-pizza-multi-combustibles-portable\/#primaryimage\",\"url\":\"https:\/\/i1.wp.com\/interpim.erresse-shop.it\/img-catalogo\/ooni\/ooni-karu-16-forno-portatile-multi-combustibile-1.jpg?ssl=1\",\"contentUrl\":\"https:\/\/i1.wp.com\/interpim.erresse-shop.it\/img-catalogo\/ooni\/ooni-karu-16-forno-portatile-multi-combustibile-1.jpg?ssl=1\"},{\"@type\":\"BreadcrumbList\",\"@id\":\"https:\/\/dev6.erresse-shop.it\/fr\/shop\/petits-electromenagers\/fours\/ooni-karu-16-four-a-pizza-multi-combustibles-portable\/#breadcrumb\",\"itemListElement\":[{\"@type\":\"ListItem\",\"position\":1,\"name\":\"Home\",\"item\":\"https:\/\/dev6.erresse-shop.it\/\"},{\"@type\":\"ListItem\",\"position\":2,\"name\":\"Boutique\",\"item\":\"https:\/\/dev6.erresse-shop.it\/shop\/\"},{\"@type\":\"ListItem\",\"position\":3,\"name\":\"OONI Karu 16 Four \u00e0 Pizza Multi-combustibles Portable\"}]},{\"@type\":\"WebSite\",\"@id\":\"https:\/\/dev6.erresse-shop.it\/#website\",\"url\":\"https:\/\/dev6.erresse-shop.it\/\",\"name\":\"Erresse Shop\",\"description\":\"\",\"publisher\":{\"@id\":\"https:\/\/dev6.erresse-shop.it\/#organization\"},\"potentialAction\":[{\"@type\":\"SearchAction\",\"target\":{\"@type\":\"EntryPoint\",\"urlTemplate\":\"https:\/\/dev6.erresse-shop.it\/?s={search_term_string}\"},\"query-input\":{\"@type\":\"PropertyValueSpecification\",\"valueRequired\":true,\"valueName\":\"search_term_string\"}}],\"inLanguage\":\"fr-FR\"},{\"@type\":\"Organization\",\"@id\":\"https:\/\/dev6.erresse-shop.it\/#organization\",\"name\":\"Erresse Shop\",\"url\":\"https:\/\/dev6.erresse-shop.it\/\",\"logo\":{\"@type\":\"ImageObject\",\"inLanguage\":\"fr-FR\",\"@id\":\"https:\/\/dev6.erresse-shop.it\/#\/schema\/logo\/image\/\",\"url\":\"https:\/\/dev6.erresse-shop.it\/wp-content\/uploads\/2025\/01\/LOGO-ERRESSE-CLASSICO.svg\",\"contentUrl\":\"https:\/\/dev6.erresse-shop.it\/wp-content\/uploads\/2025\/01\/LOGO-ERRESSE-CLASSICO.svg\",\"caption\":\"Erresse Shop\"},\"image\":{\"@id\":\"https:\/\/dev6.erresse-shop.it\/#\/schema\/logo\/image\/\"}}]}<\/script>\n<!-- \/ Yoast SEO plugin. -->","yoast_head_json":{"title":"OONI Karu 16 Four \u00e0 Pizza Multi-combustibles Portable - dev6 Erresse","description":"Le four Ooni Karu 16 apporte \u00e0 vos pizzas l\u2019exp\u00e9rience polyvalente de la cuisson en plein air d\u2019Ooni ainsi qu\u2019une technologie de pointe. Des maxi-pizzas","robots":{"index":"noindex","follow":"follow","max-snippet":"max-snippet:-1","max-image-preview":"max-image-preview:large","max-video-preview":"max-video-preview:-1"},"og_locale":"fr_FR","og_type":"article","og_title":"OONI Karu 16 Four \u00e0 Pizza Multi-combustibles Portable - dev6 Erresse","og_description":"Le four Ooni Karu 16 apporte \u00e0 vos pizzas l\u2019exp\u00e9rience polyvalente de la cuisson en plein air d\u2019Ooni ainsi qu\u2019une technologie de pointe. Des maxi-pizzas","og_url":"https:\/\/dev6.erresse-shop.it\/fr\/shop\/petits-electromenagers\/fours\/ooni-karu-16-four-a-pizza-multi-combustibles-portable\/","og_site_name":"dev6 Erresse","og_image":[{"url":"https:\/\/interpim.erresse-shop.it\/img-catalogo\/ooni\/ooni-karu-16-forno-portatile-multi-combustibile-1.jpg","type":"","width":"","height":""},{"url":"https:\/\/interpim.erresse-shop.it\/img-catalogo\/ooni\/ooni-karu-16-forno-portatile-multi-combustibile-1.jpg","width":1024,"height":1024,"type":"image\/jpeg"}],"twitter_card":"summary_large_image","twitter_image":"https:\/\/interpim.erresse-shop.it\/img-catalogo\/ooni\/ooni-karu-16-forno-portatile-multi-combustibile-1.jpg","schema":{"@context":"https:\/\/schema.org","@graph":[{"@type":"WebPage","@id":"https:\/\/dev6.erresse-shop.it\/fr\/shop\/petits-electromenagers\/fours\/ooni-karu-16-four-a-pizza-multi-combustibles-portable\/","url":"https:\/\/dev6.erresse-shop.it\/fr\/shop\/petits-electromenagers\/fours\/ooni-karu-16-four-a-pizza-multi-combustibles-portable\/","name":"OONI Karu 16 Four \u00e0 Pizza Multi-combustibles Portable - dev6 Erresse","isPartOf":{"@id":"https:\/\/dev6.erresse-shop.it\/#website"},"primaryImageOfPage":{"@id":"https:\/\/dev6.erresse-shop.it\/fr\/shop\/petits-electromenagers\/fours\/ooni-karu-16-four-a-pizza-multi-combustibles-portable\/#primaryimage"},"image":{"@id":"https:\/\/dev6.erresse-shop.it\/fr\/shop\/petits-electromenagers\/fours\/ooni-karu-16-four-a-pizza-multi-combustibles-portable\/#primaryimage"},"thumbnailUrl":"https:\/\/i1.wp.com\/interpim.erresse-shop.it\/img-catalogo\/ooni\/ooni-karu-16-forno-portatile-multi-combustibile-1.jpg?ssl=1","datePublished":"2026-04-12T07:19:20+00:00","description":"Le four Ooni Karu 16 apporte \u00e0 vos pizzas l\u2019exp\u00e9rience polyvalente de la cuisson en plein air d\u2019Ooni ainsi qu\u2019une technologie de pointe. Des maxi-pizzas","breadcrumb":{"@id":"https:\/\/dev6.erresse-shop.it\/fr\/shop\/petits-electromenagers\/fours\/ooni-karu-16-four-a-pizza-multi-combustibles-portable\/#breadcrumb"},"inLanguage":"fr-FR","potentialAction":[{"@type":"ReadAction","target":["https:\/\/dev6.erresse-shop.it\/fr\/shop\/petits-electromenagers\/fours\/ooni-karu-16-four-a-pizza-multi-combustibles-portable\/"]}]},{"@type":"ImageObject","inLanguage":"fr-FR","@id":"https:\/\/dev6.erresse-shop.it\/fr\/shop\/petits-electromenagers\/fours\/ooni-karu-16-four-a-pizza-multi-combustibles-portable\/#primaryimage","url":"https:\/\/i1.wp.com\/interpim.erresse-shop.it\/img-catalogo\/ooni\/ooni-karu-16-forno-portatile-multi-combustibile-1.jpg?ssl=1","contentUrl":"https:\/\/i1.wp.com\/interpim.erresse-shop.it\/img-catalogo\/ooni\/ooni-karu-16-forno-portatile-multi-combustibile-1.jpg?ssl=1"},{"@type":"BreadcrumbList","@id":"https:\/\/dev6.erresse-shop.it\/fr\/shop\/petits-electromenagers\/fours\/ooni-karu-16-four-a-pizza-multi-combustibles-portable\/#breadcrumb","itemListElement":[{"@type":"ListItem","position":1,"name":"Home","item":"https:\/\/dev6.erresse-shop.it\/"},{"@type":"ListItem","position":2,"name":"Boutique","item":"https:\/\/dev6.erresse-shop.it\/shop\/"},{"@type":"ListItem","position":3,"name":"OONI Karu 16 Four \u00e0 Pizza Multi-combustibles Portable"}]},{"@type":"WebSite","@id":"https:\/\/dev6.erresse-shop.it\/#website","url":"https:\/\/dev6.erresse-shop.it\/","name":"Erresse Shop","description":"","publisher":{"@id":"https:\/\/dev6.erresse-shop.it\/#organization"},"potentialAction":[{"@type":"SearchAction","target":{"@type":"EntryPoint","urlTemplate":"https:\/\/dev6.erresse-shop.it\/?s={search_term_string}"},"query-input":{"@type":"PropertyValueSpecification","valueRequired":true,"valueName":"search_term_string"}}],"inLanguage":"fr-FR"},{"@type":"Organization","@id":"https:\/\/dev6.erresse-shop.it\/#organization","name":"Erresse Shop","url":"https:\/\/dev6.erresse-shop.it\/","logo":{"@type":"ImageObject","inLanguage":"fr-FR","@id":"https:\/\/dev6.erresse-shop.it\/#\/schema\/logo\/image\/","url":"https:\/\/dev6.erresse-shop.it\/wp-content\/uploads\/2025\/01\/LOGO-ERRESSE-CLASSICO.svg","contentUrl":"https:\/\/dev6.erresse-shop.it\/wp-content\/uploads\/2025\/01\/LOGO-ERRESSE-CLASSICO.svg","caption":"Erresse Shop"},"image":{"@id":"https:\/\/dev6.erresse-shop.it\/#\/schema\/logo\/image\/"}}]}},"df_price":679,"df_sale_price":679,"df_regular_price":799,"df_image_link":"https:\/\/i1.wp.com\/interpim.erresse-shop.it\/img-catalogo\/ooni\/ooni-karu-16-forno-portatile-multi-combustibile-1.jpg?resize=300,300&ssl=1","fifu_image_url":"https:\/\/interpim.erresse-shop.it\/img-catalogo\/ooni\/ooni-karu-16-forno-portatile-multi-combustibile-1.jpg","_links":{"self":[{"href":"https:\/\/dev6.erresse-shop.it\/fr\/wp-json\/wp\/v2\/product\/60783","targetHints":{"allow":["GET"]}}],"collection":[{"href":"https:\/\/dev6.erresse-shop.it\/fr\/wp-json\/wp\/v2\/product"}],"about":[{"href":"https:\/\/dev6.erresse-shop.it\/fr\/wp-json\/wp\/v2\/types\/product"}],"wp:featuredmedia":[{"embeddable":true,"href":"https:\/\/dev6.erresse-shop.it\/fr\/wp-json\/wp\/v2\/media\/6359412"}],"wp:attachment":[{"href":"https:\/\/dev6.erresse-shop.it\/fr\/wp-json\/wp\/v2\/media?parent=60783"}],"wp:term":[{"taxonomy":"product_cat","embeddable":true,"href":"https:\/\/dev6.erresse-shop.it\/fr\/wp-json\/wp\/v2\/product_cat?post=60783"},{"taxonomy":"product_tag","embeddable":true,"href":"https:\/\/dev6.erresse-shop.it\/fr\/wp-json\/wp\/v2\/product_tag?post=60783"}],"curies":[{"name":"wp","href":"https:\/\/api.w.org\/{rel}","templated":true}]}}