{"id":60773,"date":"2026-04-04T09:17:33","date_gmt":"2026-04-04T07:17:33","guid":{"rendered":"https:\/\/dev6.erresse-shop.it\/shop\/non%20class\u00e9\/emile-henry-bouteille-dhuile-farine\/"},"modified":"2025-09-14T04:42:16","modified_gmt":"2025-09-14T02:42:16","slug":"emile-henry-bouteille-dhuile-farine","status":"publish","type":"product","link":"https:\/\/dev6.erresse-shop.it\/fr\/shop\/table-fr-2\/huile-vinaigre-sel\/emile-henry-bouteille-dhuile-farine\/","title":{"rendered":"EMILE HENRY Bouteille d&#8217;Huile Farine"},"content":{"rendered":"<p>A l\u2019heure o\u00f9 l\u2019huile d\u2019olive a acquis son certificat de noblesse culinaire pour la pr\u00e9paration et la d\u00e9gustation, cet \u00e9l\u00e9gant huilier en c\u00e9ramique devient un accessoire design dans la cuisine comme \u00e0 table.<\/p>\n<p>Il est toujours l\u00e0, \u00e0 port\u00e9e de main. Et c\u2019est parfait : la c\u00e9ramique conserve vos meilleures huiles d\u2019olive (ou vinaigres !) \u00e0 l\u2019abri de la lumi\u00e8re pour pr\u00e9server tous leurs ar\u00f4mes et saveurs. Gr\u00e2ce \u00e0 son bouchon distributeur anti-goutte et \u00e0 sa forme allong\u00e9e tr\u00e8s chic, il garantit un dosage pr\u00e9cis, pour assaisonner vos salades, assaisonner un plat ou d\u00e9corer des plats de service.<\/p>\n<p>Et si vous vous int\u00e9ressez aux huiles aromatis\u00e9es, la gamme de magnifiques gla\u00e7ures color\u00e9es vous sera d\u2019une grande aide pour les identifier.<\/p>\n<p>Garantie de 10 ans !<\/p>\n<p>Longueur\/diam\u00e8tre : 7,5 cm<br \/>\nHauteur : 24 cm<br \/>\nCapacit\u00e9 : 0,4 l<br \/>\nPoids : 0,39 kg<\/p>\n","protected":false},"excerpt":{"rendered":"<p>A l\u2019heure o\u00f9 l\u2019huile d\u2019olive a acquis son certificat de noblesse culinaire pour la pr\u00e9paration et la d\u00e9gustation, cet \u00e9l\u00e9gant huilier en c\u00e9ramique devient un accessoire design dans la cuisine comme \u00e0 table. Il est toujours l\u00e0, \u00e0 port\u00e9e de main. Et c\u2019est parfait : la c\u00e9ramique conserve vos meilleures huiles d\u2019olive (ou vinaigres !) [&hellip;]<\/p>\n","protected":false},"featured_media":6276081,"template":"","meta":{"_acf_changed":false},"product_cat":[12044,11995,11671],"product_tag":[],"class_list":{"0":"post-60773","1":"product","2":"type-product","3":"status-publish","4":"has-post-thumbnail","6":"product_cat-huile-vinaigre-sel","7":"product_cat-table-fr-2","8":"product_cat-tavola","10":"first","11":"instock","12":"taxable","13":"shipping-taxable","14":"purchasable","15":"product-type-simple","swatches":"rey-swatches","show_selected":"","stretch_labels":"rey-swatches--stretch-labels"},"acf":[],"yoast_head":"<!-- This site is optimized with the Yoast SEO plugin v25.4 - https:\/\/yoast.com\/wordpress\/plugins\/seo\/ -->\n<title>EMILE HENRY Bouteille d&#8217;Huile Farine - dev6 Erresse<\/title>\n<meta name=\"description\" content=\"A l\u2019heure o\u00f9 l\u2019huile d\u2019olive a acquis son certificat de noblesse culinaire pour la pr\u00e9paration et la d\u00e9gustation, cet \u00e9l\u00e9gant huilier en c\u00e9ramique devient\" \/>\n<meta name=\"robots\" content=\"noindex, follow, max-snippet:-1, max-image-preview:large, max-video-preview:-1\" \/>\n<meta property=\"og:locale\" content=\"fr_FR\" \/>\n<meta property=\"og:type\" content=\"article\" \/>\n<meta property=\"og:title\" content=\"EMILE HENRY Bouteille d&#8217;Huile Farine - dev6 Erresse\" \/>\n<meta property=\"og:description\" content=\"A l\u2019heure o\u00f9 l\u2019huile d\u2019olive a acquis son certificat de noblesse culinaire pour la pr\u00e9paration et la d\u00e9gustation, cet \u00e9l\u00e9gant huilier en c\u00e9ramique devient\" \/>\n<meta property=\"og:url\" content=\"https:\/\/dev6.erresse-shop.it\/fr\/shop\/table-fr-2\/huile-vinaigre-sel\/emile-henry-bouteille-dhuile-farine\/\" \/>\n<meta property=\"og:site_name\" content=\"dev6 Erresse\" \/>\n<meta property=\"og:image\" content=\"https:\/\/interpim.erresse-shop.it\/Import\/Prodotti\/emile-henry-oliera-farine.jpg\" \/><meta property=\"og:image\" content=\"https:\/\/interpim.erresse-shop.it\/Import\/Prodotti\/emile-henry-oliera-farine.jpg\" \/>\n\t<meta property=\"og:image:width\" content=\"1024\" \/>\n\t<meta property=\"og:image:height\" content=\"1024\" \/>\n\t<meta property=\"og:image:type\" content=\"image\/jpeg\" \/>\n<meta name=\"twitter:card\" content=\"summary_large_image\" \/>\n<meta name=\"twitter:image\" content=\"https:\/\/interpim.erresse-shop.it\/Import\/Prodotti\/emile-henry-oliera-farine.jpg\" \/>\n<script type=\"application\/ld+json\" class=\"yoast-schema-graph\">{\"@context\":\"https:\/\/schema.org\",\"@graph\":[{\"@type\":\"WebPage\",\"@id\":\"https:\/\/dev6.erresse-shop.it\/fr\/shop\/table-fr-2\/huile-vinaigre-sel\/emile-henry-bouteille-dhuile-farine\/\",\"url\":\"https:\/\/dev6.erresse-shop.it\/fr\/shop\/table-fr-2\/huile-vinaigre-sel\/emile-henry-bouteille-dhuile-farine\/\",\"name\":\"EMILE HENRY Bouteille d&#8217;Huile Farine - dev6 Erresse\",\"isPartOf\":{\"@id\":\"https:\/\/dev6.erresse-shop.it\/#website\"},\"primaryImageOfPage\":{\"@id\":\"https:\/\/dev6.erresse-shop.it\/fr\/shop\/table-fr-2\/huile-vinaigre-sel\/emile-henry-bouteille-dhuile-farine\/#primaryimage\"},\"image\":{\"@id\":\"https:\/\/dev6.erresse-shop.it\/fr\/shop\/table-fr-2\/huile-vinaigre-sel\/emile-henry-bouteille-dhuile-farine\/#primaryimage\"},\"thumbnailUrl\":\"https:\/\/i1.wp.com\/interpim.erresse-shop.it\/Import\/Prodotti\/emile-henry-oliera-farine.jpg?ssl=1\",\"datePublished\":\"2026-04-04T07:17:33+00:00\",\"description\":\"A l\u2019heure o\u00f9 l\u2019huile d\u2019olive a acquis son certificat de noblesse culinaire pour la pr\u00e9paration et la d\u00e9gustation, cet \u00e9l\u00e9gant huilier en c\u00e9ramique devient\",\"breadcrumb\":{\"@id\":\"https:\/\/dev6.erresse-shop.it\/fr\/shop\/table-fr-2\/huile-vinaigre-sel\/emile-henry-bouteille-dhuile-farine\/#breadcrumb\"},\"inLanguage\":\"fr-FR\",\"potentialAction\":[{\"@type\":\"ReadAction\",\"target\":[\"https:\/\/dev6.erresse-shop.it\/fr\/shop\/table-fr-2\/huile-vinaigre-sel\/emile-henry-bouteille-dhuile-farine\/\"]}]},{\"@type\":\"ImageObject\",\"inLanguage\":\"fr-FR\",\"@id\":\"https:\/\/dev6.erresse-shop.it\/fr\/shop\/table-fr-2\/huile-vinaigre-sel\/emile-henry-bouteille-dhuile-farine\/#primaryimage\",\"url\":\"https:\/\/i1.wp.com\/interpim.erresse-shop.it\/Import\/Prodotti\/emile-henry-oliera-farine.jpg?ssl=1\",\"contentUrl\":\"https:\/\/i1.wp.com\/interpim.erresse-shop.it\/Import\/Prodotti\/emile-henry-oliera-farine.jpg?ssl=1\"},{\"@type\":\"BreadcrumbList\",\"@id\":\"https:\/\/dev6.erresse-shop.it\/fr\/shop\/table-fr-2\/huile-vinaigre-sel\/emile-henry-bouteille-dhuile-farine\/#breadcrumb\",\"itemListElement\":[{\"@type\":\"ListItem\",\"position\":1,\"name\":\"Home\",\"item\":\"https:\/\/dev6.erresse-shop.it\/\"},{\"@type\":\"ListItem\",\"position\":2,\"name\":\"Boutique\",\"item\":\"https:\/\/dev6.erresse-shop.it\/shop\/\"},{\"@type\":\"ListItem\",\"position\":3,\"name\":\"EMILE HENRY Bouteille d&#8217;Huile Farine\"}]},{\"@type\":\"WebSite\",\"@id\":\"https:\/\/dev6.erresse-shop.it\/#website\",\"url\":\"https:\/\/dev6.erresse-shop.it\/\",\"name\":\"Erresse Shop\",\"description\":\"\",\"publisher\":{\"@id\":\"https:\/\/dev6.erresse-shop.it\/#organization\"},\"potentialAction\":[{\"@type\":\"SearchAction\",\"target\":{\"@type\":\"EntryPoint\",\"urlTemplate\":\"https:\/\/dev6.erresse-shop.it\/?s={search_term_string}\"},\"query-input\":{\"@type\":\"PropertyValueSpecification\",\"valueRequired\":true,\"valueName\":\"search_term_string\"}}],\"inLanguage\":\"fr-FR\"},{\"@type\":\"Organization\",\"@id\":\"https:\/\/dev6.erresse-shop.it\/#organization\",\"name\":\"Erresse Shop\",\"url\":\"https:\/\/dev6.erresse-shop.it\/\",\"logo\":{\"@type\":\"ImageObject\",\"inLanguage\":\"fr-FR\",\"@id\":\"https:\/\/dev6.erresse-shop.it\/#\/schema\/logo\/image\/\",\"url\":\"https:\/\/dev6.erresse-shop.it\/wp-content\/uploads\/2025\/01\/LOGO-ERRESSE-CLASSICO.svg\",\"contentUrl\":\"https:\/\/dev6.erresse-shop.it\/wp-content\/uploads\/2025\/01\/LOGO-ERRESSE-CLASSICO.svg\",\"caption\":\"Erresse Shop\"},\"image\":{\"@id\":\"https:\/\/dev6.erresse-shop.it\/#\/schema\/logo\/image\/\"}}]}<\/script>\n<!-- \/ Yoast SEO plugin. -->","yoast_head_json":{"title":"EMILE HENRY Bouteille d&#8217;Huile Farine - dev6 Erresse","description":"A l\u2019heure o\u00f9 l\u2019huile d\u2019olive a acquis son certificat de noblesse culinaire pour la pr\u00e9paration et la d\u00e9gustation, cet \u00e9l\u00e9gant huilier en c\u00e9ramique devient","robots":{"index":"noindex","follow":"follow","max-snippet":"max-snippet:-1","max-image-preview":"max-image-preview:large","max-video-preview":"max-video-preview:-1"},"og_locale":"fr_FR","og_type":"article","og_title":"EMILE HENRY Bouteille d&#8217;Huile Farine - dev6 Erresse","og_description":"A l\u2019heure o\u00f9 l\u2019huile d\u2019olive a acquis son certificat de noblesse culinaire pour la pr\u00e9paration et la d\u00e9gustation, cet \u00e9l\u00e9gant huilier en c\u00e9ramique devient","og_url":"https:\/\/dev6.erresse-shop.it\/fr\/shop\/table-fr-2\/huile-vinaigre-sel\/emile-henry-bouteille-dhuile-farine\/","og_site_name":"dev6 Erresse","og_image":[{"url":"https:\/\/interpim.erresse-shop.it\/Import\/Prodotti\/emile-henry-oliera-farine.jpg","type":"","width":"","height":""},{"url":"https:\/\/interpim.erresse-shop.it\/Import\/Prodotti\/emile-henry-oliera-farine.jpg","width":1024,"height":1024,"type":"image\/jpeg"}],"twitter_card":"summary_large_image","twitter_image":"https:\/\/interpim.erresse-shop.it\/Import\/Prodotti\/emile-henry-oliera-farine.jpg","schema":{"@context":"https:\/\/schema.org","@graph":[{"@type":"WebPage","@id":"https:\/\/dev6.erresse-shop.it\/fr\/shop\/table-fr-2\/huile-vinaigre-sel\/emile-henry-bouteille-dhuile-farine\/","url":"https:\/\/dev6.erresse-shop.it\/fr\/shop\/table-fr-2\/huile-vinaigre-sel\/emile-henry-bouteille-dhuile-farine\/","name":"EMILE HENRY Bouteille d&#8217;Huile Farine - dev6 Erresse","isPartOf":{"@id":"https:\/\/dev6.erresse-shop.it\/#website"},"primaryImageOfPage":{"@id":"https:\/\/dev6.erresse-shop.it\/fr\/shop\/table-fr-2\/huile-vinaigre-sel\/emile-henry-bouteille-dhuile-farine\/#primaryimage"},"image":{"@id":"https:\/\/dev6.erresse-shop.it\/fr\/shop\/table-fr-2\/huile-vinaigre-sel\/emile-henry-bouteille-dhuile-farine\/#primaryimage"},"thumbnailUrl":"https:\/\/i1.wp.com\/interpim.erresse-shop.it\/Import\/Prodotti\/emile-henry-oliera-farine.jpg?ssl=1","datePublished":"2026-04-04T07:17:33+00:00","description":"A l\u2019heure o\u00f9 l\u2019huile d\u2019olive a acquis son certificat de noblesse culinaire pour la pr\u00e9paration et la d\u00e9gustation, cet \u00e9l\u00e9gant huilier en c\u00e9ramique devient","breadcrumb":{"@id":"https:\/\/dev6.erresse-shop.it\/fr\/shop\/table-fr-2\/huile-vinaigre-sel\/emile-henry-bouteille-dhuile-farine\/#breadcrumb"},"inLanguage":"fr-FR","potentialAction":[{"@type":"ReadAction","target":["https:\/\/dev6.erresse-shop.it\/fr\/shop\/table-fr-2\/huile-vinaigre-sel\/emile-henry-bouteille-dhuile-farine\/"]}]},{"@type":"ImageObject","inLanguage":"fr-FR","@id":"https:\/\/dev6.erresse-shop.it\/fr\/shop\/table-fr-2\/huile-vinaigre-sel\/emile-henry-bouteille-dhuile-farine\/#primaryimage","url":"https:\/\/i1.wp.com\/interpim.erresse-shop.it\/Import\/Prodotti\/emile-henry-oliera-farine.jpg?ssl=1","contentUrl":"https:\/\/i1.wp.com\/interpim.erresse-shop.it\/Import\/Prodotti\/emile-henry-oliera-farine.jpg?ssl=1"},{"@type":"BreadcrumbList","@id":"https:\/\/dev6.erresse-shop.it\/fr\/shop\/table-fr-2\/huile-vinaigre-sel\/emile-henry-bouteille-dhuile-farine\/#breadcrumb","itemListElement":[{"@type":"ListItem","position":1,"name":"Home","item":"https:\/\/dev6.erresse-shop.it\/"},{"@type":"ListItem","position":2,"name":"Boutique","item":"https:\/\/dev6.erresse-shop.it\/shop\/"},{"@type":"ListItem","position":3,"name":"EMILE HENRY Bouteille d&#8217;Huile Farine"}]},{"@type":"WebSite","@id":"https:\/\/dev6.erresse-shop.it\/#website","url":"https:\/\/dev6.erresse-shop.it\/","name":"Erresse Shop","description":"","publisher":{"@id":"https:\/\/dev6.erresse-shop.it\/#organization"},"potentialAction":[{"@type":"SearchAction","target":{"@type":"EntryPoint","urlTemplate":"https:\/\/dev6.erresse-shop.it\/?s={search_term_string}"},"query-input":{"@type":"PropertyValueSpecification","valueRequired":true,"valueName":"search_term_string"}}],"inLanguage":"fr-FR"},{"@type":"Organization","@id":"https:\/\/dev6.erresse-shop.it\/#organization","name":"Erresse Shop","url":"https:\/\/dev6.erresse-shop.it\/","logo":{"@type":"ImageObject","inLanguage":"fr-FR","@id":"https:\/\/dev6.erresse-shop.it\/#\/schema\/logo\/image\/","url":"https:\/\/dev6.erresse-shop.it\/wp-content\/uploads\/2025\/01\/LOGO-ERRESSE-CLASSICO.svg","contentUrl":"https:\/\/dev6.erresse-shop.it\/wp-content\/uploads\/2025\/01\/LOGO-ERRESSE-CLASSICO.svg","caption":"Erresse Shop"},"image":{"@id":"https:\/\/dev6.erresse-shop.it\/#\/schema\/logo\/image\/"}}]}},"df_price":39.9,"df_sale_price":"","df_regular_price":39.9,"df_image_link":"https:\/\/i1.wp.com\/interpim.erresse-shop.it\/Import\/Prodotti\/emile-henry-oliera-farine.jpg?resize=300,300&ssl=1","fifu_image_url":"https:\/\/interpim.erresse-shop.it\/Import\/Prodotti\/emile-henry-oliera-farine.jpg","_links":{"self":[{"href":"https:\/\/dev6.erresse-shop.it\/fr\/wp-json\/wp\/v2\/product\/60773","targetHints":{"allow":["GET"]}}],"collection":[{"href":"https:\/\/dev6.erresse-shop.it\/fr\/wp-json\/wp\/v2\/product"}],"about":[{"href":"https:\/\/dev6.erresse-shop.it\/fr\/wp-json\/wp\/v2\/types\/product"}],"wp:featuredmedia":[{"embeddable":true,"href":"https:\/\/dev6.erresse-shop.it\/fr\/wp-json\/wp\/v2\/media\/6276081"}],"wp:attachment":[{"href":"https:\/\/dev6.erresse-shop.it\/fr\/wp-json\/wp\/v2\/media?parent=60773"}],"wp:term":[{"taxonomy":"product_cat","embeddable":true,"href":"https:\/\/dev6.erresse-shop.it\/fr\/wp-json\/wp\/v2\/product_cat?post=60773"},{"taxonomy":"product_tag","embeddable":true,"href":"https:\/\/dev6.erresse-shop.it\/fr\/wp-json\/wp\/v2\/product_tag?post=60773"}],"curies":[{"name":"wp","href":"https:\/\/api.w.org\/{rel}","templated":true}]}}