{"id":60763,"date":"2026-04-04T09:16:13","date_gmt":"2026-04-04T07:16:13","guid":{"rendered":"https:\/\/dev6.erresse-shop.it\/shop\/non%20class\u00e9\/emile-henry-delight-bol-a-soupe-noir\/"},"modified":"2025-09-14T04:42:03","modified_gmt":"2025-09-14T02:42:03","slug":"emile-henry-delight-bol-a-soupe-noir","status":"publish","type":"product","link":"https:\/\/dev6.erresse-shop.it\/fr\/shop\/table-fr-2\/saladiers-et-soupieres\/emile-henry-delight-bol-a-soupe-noir\/","title":{"rendered":"EMILE HENRY Delight Bol \u00e0 Soupe Noir"},"content":{"rendered":"<p>La collection Delight d\u2019Emile Henry a \u00e9t\u00e9 d\u00e9velopp\u00e9e en utilisant les ressources technologiques les plus innovantes pour rendre les casseroles plus l\u00e9g\u00e8res et plus faciles \u00e0 manipuler, et compatibles avec toutes les plaques de cuisson (y compris l\u2019induction). La soupi\u00e8re est parfaite pour les soupes et les rago\u00fbts, et sa finition noire mate en fait un article \u00e9l\u00e9gant et chic. La c\u00e9ramique dont il est constitu\u00e9 r\u00e9partit la chaleur de mani\u00e8re homog\u00e8ne, assurant une cuisson contr\u00f4l\u00e9e qui pr\u00e9serve toutes les saveurs. La soupi\u00e8re convient \u00e0 la fois au cong\u00e9lateur et au four.<\/p>\n<p>D\u00c9TAILS DU PRODUIT<\/p>\n<p>Soupi\u00e8re en c\u00e9ramique D\u00e9lice<br \/>\nConvient au four, au cong\u00e9lateur et au micro-ondes (max. 290 \u00b0C, min. -20 \u00b0C)<br \/>\nConvient aux plaques de cuisson \u00e0 induction, au gaz, en vitroc\u00e9ramique halog\u00e8ne et \u00e9lectriques.<br \/>\nId\u00e9al pour 4-6 portions<br \/>\nUtilisation des aliments<\/p>\n<p>Lavable au lave-vaisselle.<br \/>\nCouleur : noir mat<br \/>\nMat\u00e9riau : C\u00e9ramique<\/p>\n<p>DIMENSIONS<\/p>\n<p>Largeur : 27 cm<br \/>\nProfondeur : 31 cm<br \/>\nHauteur : 15,5 cm<br \/>\nPoids : 2,8 kg<br \/>\nCapacit\u00e9 : 2,5 L<\/p>\n","protected":false},"excerpt":{"rendered":"<p>La collection Delight d\u2019Emile Henry a \u00e9t\u00e9 d\u00e9velopp\u00e9e en utilisant les ressources technologiques les plus innovantes pour rendre les casseroles plus l\u00e9g\u00e8res et plus faciles \u00e0 manipuler, et compatibles avec toutes les plaques de cuisson (y compris l\u2019induction). La soupi\u00e8re est parfaite pour les soupes et les rago\u00fbts, et sa finition noire mate en fait [&hellip;]<\/p>\n","protected":false},"featured_media":6276029,"template":"","meta":{"_acf_changed":false},"product_cat":[12016,11995,11671],"product_tag":[],"class_list":{"0":"post-60763","1":"product","2":"type-product","3":"status-publish","4":"has-post-thumbnail","6":"product_cat-saladiers-et-soupieres","7":"product_cat-table-fr-2","8":"product_cat-tavola","10":"first","11":"instock","12":"sale","13":"taxable","14":"shipping-taxable","15":"purchasable","16":"product-type-simple","swatches":"rey-swatches","show_selected":"","stretch_labels":"rey-swatches--stretch-labels"},"acf":[],"yoast_head":"<!-- This site is optimized with the Yoast SEO plugin v25.4 - https:\/\/yoast.com\/wordpress\/plugins\/seo\/ -->\n<title>EMILE HENRY Delight Bol \u00e0 Soupe Noir - dev6 Erresse<\/title>\n<meta name=\"description\" content=\"La collection Delight d\u2019Emile Henry a \u00e9t\u00e9 d\u00e9velopp\u00e9e en utilisant les ressources technologiques les plus innovantes pour rendre les casseroles plus\" \/>\n<meta name=\"robots\" content=\"noindex, follow, max-snippet:-1, max-image-preview:large, max-video-preview:-1\" \/>\n<meta property=\"og:locale\" content=\"fr_FR\" \/>\n<meta property=\"og:type\" content=\"article\" \/>\n<meta property=\"og:title\" content=\"EMILE HENRY Delight Bol \u00e0 Soupe Noir - dev6 Erresse\" \/>\n<meta property=\"og:description\" content=\"La collection Delight d\u2019Emile Henry a \u00e9t\u00e9 d\u00e9velopp\u00e9e en utilisant les ressources technologiques les plus innovantes pour rendre les casseroles plus\" \/>\n<meta property=\"og:url\" content=\"https:\/\/dev6.erresse-shop.it\/fr\/shop\/table-fr-2\/saladiers-et-soupieres\/emile-henry-delight-bol-a-soupe-noir\/\" \/>\n<meta property=\"og:site_name\" content=\"dev6 Erresse\" \/>\n<meta property=\"og:image\" content=\"https:\/\/interpim.erresse-shop.it\/Import\/Prodotti\/emile-henry-zuppiera-nero.jpg\" \/><meta property=\"og:image\" content=\"https:\/\/interpim.erresse-shop.it\/Import\/Prodotti\/emile-henry-zuppiera-nero.jpg\" \/>\n\t<meta property=\"og:image:width\" content=\"1024\" \/>\n\t<meta property=\"og:image:height\" content=\"1024\" \/>\n\t<meta property=\"og:image:type\" content=\"image\/jpeg\" \/>\n<meta name=\"twitter:card\" content=\"summary_large_image\" \/>\n<meta name=\"twitter:image\" content=\"https:\/\/interpim.erresse-shop.it\/Import\/Prodotti\/emile-henry-zuppiera-nero.jpg\" \/>\n<script type=\"application\/ld+json\" class=\"yoast-schema-graph\">{\"@context\":\"https:\/\/schema.org\",\"@graph\":[{\"@type\":\"WebPage\",\"@id\":\"https:\/\/dev6.erresse-shop.it\/fr\/shop\/table-fr-2\/saladiers-et-soupieres\/emile-henry-delight-bol-a-soupe-noir\/\",\"url\":\"https:\/\/dev6.erresse-shop.it\/fr\/shop\/table-fr-2\/saladiers-et-soupieres\/emile-henry-delight-bol-a-soupe-noir\/\",\"name\":\"EMILE HENRY Delight Bol \u00e0 Soupe Noir - dev6 Erresse\",\"isPartOf\":{\"@id\":\"https:\/\/dev6.erresse-shop.it\/#website\"},\"primaryImageOfPage\":{\"@id\":\"https:\/\/dev6.erresse-shop.it\/fr\/shop\/table-fr-2\/saladiers-et-soupieres\/emile-henry-delight-bol-a-soupe-noir\/#primaryimage\"},\"image\":{\"@id\":\"https:\/\/dev6.erresse-shop.it\/fr\/shop\/table-fr-2\/saladiers-et-soupieres\/emile-henry-delight-bol-a-soupe-noir\/#primaryimage\"},\"thumbnailUrl\":\"https:\/\/i2.wp.com\/interpim.erresse-shop.it\/Import\/Prodotti\/emile-henry-zuppiera-nero.jpg?ssl=1\",\"datePublished\":\"2026-04-04T07:16:13+00:00\",\"description\":\"La collection Delight d\u2019Emile Henry a \u00e9t\u00e9 d\u00e9velopp\u00e9e en utilisant les ressources technologiques les plus innovantes pour rendre les casseroles plus\",\"breadcrumb\":{\"@id\":\"https:\/\/dev6.erresse-shop.it\/fr\/shop\/table-fr-2\/saladiers-et-soupieres\/emile-henry-delight-bol-a-soupe-noir\/#breadcrumb\"},\"inLanguage\":\"fr-FR\",\"potentialAction\":[{\"@type\":\"ReadAction\",\"target\":[\"https:\/\/dev6.erresse-shop.it\/fr\/shop\/table-fr-2\/saladiers-et-soupieres\/emile-henry-delight-bol-a-soupe-noir\/\"]}]},{\"@type\":\"ImageObject\",\"inLanguage\":\"fr-FR\",\"@id\":\"https:\/\/dev6.erresse-shop.it\/fr\/shop\/table-fr-2\/saladiers-et-soupieres\/emile-henry-delight-bol-a-soupe-noir\/#primaryimage\",\"url\":\"https:\/\/i2.wp.com\/interpim.erresse-shop.it\/Import\/Prodotti\/emile-henry-zuppiera-nero.jpg?ssl=1\",\"contentUrl\":\"https:\/\/i2.wp.com\/interpim.erresse-shop.it\/Import\/Prodotti\/emile-henry-zuppiera-nero.jpg?ssl=1\"},{\"@type\":\"BreadcrumbList\",\"@id\":\"https:\/\/dev6.erresse-shop.it\/fr\/shop\/table-fr-2\/saladiers-et-soupieres\/emile-henry-delight-bol-a-soupe-noir\/#breadcrumb\",\"itemListElement\":[{\"@type\":\"ListItem\",\"position\":1,\"name\":\"Home\",\"item\":\"https:\/\/dev6.erresse-shop.it\/\"},{\"@type\":\"ListItem\",\"position\":2,\"name\":\"Boutique\",\"item\":\"https:\/\/dev6.erresse-shop.it\/shop\/\"},{\"@type\":\"ListItem\",\"position\":3,\"name\":\"EMILE HENRY Delight Bol \u00e0 Soupe Noir\"}]},{\"@type\":\"WebSite\",\"@id\":\"https:\/\/dev6.erresse-shop.it\/#website\",\"url\":\"https:\/\/dev6.erresse-shop.it\/\",\"name\":\"Erresse Shop\",\"description\":\"\",\"publisher\":{\"@id\":\"https:\/\/dev6.erresse-shop.it\/#organization\"},\"potentialAction\":[{\"@type\":\"SearchAction\",\"target\":{\"@type\":\"EntryPoint\",\"urlTemplate\":\"https:\/\/dev6.erresse-shop.it\/?s={search_term_string}\"},\"query-input\":{\"@type\":\"PropertyValueSpecification\",\"valueRequired\":true,\"valueName\":\"search_term_string\"}}],\"inLanguage\":\"fr-FR\"},{\"@type\":\"Organization\",\"@id\":\"https:\/\/dev6.erresse-shop.it\/#organization\",\"name\":\"Erresse Shop\",\"url\":\"https:\/\/dev6.erresse-shop.it\/\",\"logo\":{\"@type\":\"ImageObject\",\"inLanguage\":\"fr-FR\",\"@id\":\"https:\/\/dev6.erresse-shop.it\/#\/schema\/logo\/image\/\",\"url\":\"https:\/\/dev6.erresse-shop.it\/wp-content\/uploads\/2025\/01\/LOGO-ERRESSE-CLASSICO.svg\",\"contentUrl\":\"https:\/\/dev6.erresse-shop.it\/wp-content\/uploads\/2025\/01\/LOGO-ERRESSE-CLASSICO.svg\",\"caption\":\"Erresse Shop\"},\"image\":{\"@id\":\"https:\/\/dev6.erresse-shop.it\/#\/schema\/logo\/image\/\"}}]}<\/script>\n<!-- \/ Yoast SEO plugin. -->","yoast_head_json":{"title":"EMILE HENRY Delight Bol \u00e0 Soupe Noir - dev6 Erresse","description":"La collection Delight d\u2019Emile Henry a \u00e9t\u00e9 d\u00e9velopp\u00e9e en utilisant les ressources technologiques les plus innovantes pour rendre les casseroles plus","robots":{"index":"noindex","follow":"follow","max-snippet":"max-snippet:-1","max-image-preview":"max-image-preview:large","max-video-preview":"max-video-preview:-1"},"og_locale":"fr_FR","og_type":"article","og_title":"EMILE HENRY Delight Bol \u00e0 Soupe Noir - dev6 Erresse","og_description":"La collection Delight d\u2019Emile Henry a \u00e9t\u00e9 d\u00e9velopp\u00e9e en utilisant les ressources technologiques les plus innovantes pour rendre les casseroles plus","og_url":"https:\/\/dev6.erresse-shop.it\/fr\/shop\/table-fr-2\/saladiers-et-soupieres\/emile-henry-delight-bol-a-soupe-noir\/","og_site_name":"dev6 Erresse","og_image":[{"url":"https:\/\/interpim.erresse-shop.it\/Import\/Prodotti\/emile-henry-zuppiera-nero.jpg","type":"","width":"","height":""},{"url":"https:\/\/interpim.erresse-shop.it\/Import\/Prodotti\/emile-henry-zuppiera-nero.jpg","width":1024,"height":1024,"type":"image\/jpeg"}],"twitter_card":"summary_large_image","twitter_image":"https:\/\/interpim.erresse-shop.it\/Import\/Prodotti\/emile-henry-zuppiera-nero.jpg","schema":{"@context":"https:\/\/schema.org","@graph":[{"@type":"WebPage","@id":"https:\/\/dev6.erresse-shop.it\/fr\/shop\/table-fr-2\/saladiers-et-soupieres\/emile-henry-delight-bol-a-soupe-noir\/","url":"https:\/\/dev6.erresse-shop.it\/fr\/shop\/table-fr-2\/saladiers-et-soupieres\/emile-henry-delight-bol-a-soupe-noir\/","name":"EMILE HENRY Delight Bol \u00e0 Soupe Noir - dev6 Erresse","isPartOf":{"@id":"https:\/\/dev6.erresse-shop.it\/#website"},"primaryImageOfPage":{"@id":"https:\/\/dev6.erresse-shop.it\/fr\/shop\/table-fr-2\/saladiers-et-soupieres\/emile-henry-delight-bol-a-soupe-noir\/#primaryimage"},"image":{"@id":"https:\/\/dev6.erresse-shop.it\/fr\/shop\/table-fr-2\/saladiers-et-soupieres\/emile-henry-delight-bol-a-soupe-noir\/#primaryimage"},"thumbnailUrl":"https:\/\/i2.wp.com\/interpim.erresse-shop.it\/Import\/Prodotti\/emile-henry-zuppiera-nero.jpg?ssl=1","datePublished":"2026-04-04T07:16:13+00:00","description":"La collection Delight d\u2019Emile Henry a \u00e9t\u00e9 d\u00e9velopp\u00e9e en utilisant les ressources technologiques les plus innovantes pour rendre les casseroles plus","breadcrumb":{"@id":"https:\/\/dev6.erresse-shop.it\/fr\/shop\/table-fr-2\/saladiers-et-soupieres\/emile-henry-delight-bol-a-soupe-noir\/#breadcrumb"},"inLanguage":"fr-FR","potentialAction":[{"@type":"ReadAction","target":["https:\/\/dev6.erresse-shop.it\/fr\/shop\/table-fr-2\/saladiers-et-soupieres\/emile-henry-delight-bol-a-soupe-noir\/"]}]},{"@type":"ImageObject","inLanguage":"fr-FR","@id":"https:\/\/dev6.erresse-shop.it\/fr\/shop\/table-fr-2\/saladiers-et-soupieres\/emile-henry-delight-bol-a-soupe-noir\/#primaryimage","url":"https:\/\/i2.wp.com\/interpim.erresse-shop.it\/Import\/Prodotti\/emile-henry-zuppiera-nero.jpg?ssl=1","contentUrl":"https:\/\/i2.wp.com\/interpim.erresse-shop.it\/Import\/Prodotti\/emile-henry-zuppiera-nero.jpg?ssl=1"},{"@type":"BreadcrumbList","@id":"https:\/\/dev6.erresse-shop.it\/fr\/shop\/table-fr-2\/saladiers-et-soupieres\/emile-henry-delight-bol-a-soupe-noir\/#breadcrumb","itemListElement":[{"@type":"ListItem","position":1,"name":"Home","item":"https:\/\/dev6.erresse-shop.it\/"},{"@type":"ListItem","position":2,"name":"Boutique","item":"https:\/\/dev6.erresse-shop.it\/shop\/"},{"@type":"ListItem","position":3,"name":"EMILE HENRY Delight Bol \u00e0 Soupe Noir"}]},{"@type":"WebSite","@id":"https:\/\/dev6.erresse-shop.it\/#website","url":"https:\/\/dev6.erresse-shop.it\/","name":"Erresse Shop","description":"","publisher":{"@id":"https:\/\/dev6.erresse-shop.it\/#organization"},"potentialAction":[{"@type":"SearchAction","target":{"@type":"EntryPoint","urlTemplate":"https:\/\/dev6.erresse-shop.it\/?s={search_term_string}"},"query-input":{"@type":"PropertyValueSpecification","valueRequired":true,"valueName":"search_term_string"}}],"inLanguage":"fr-FR"},{"@type":"Organization","@id":"https:\/\/dev6.erresse-shop.it\/#organization","name":"Erresse Shop","url":"https:\/\/dev6.erresse-shop.it\/","logo":{"@type":"ImageObject","inLanguage":"fr-FR","@id":"https:\/\/dev6.erresse-shop.it\/#\/schema\/logo\/image\/","url":"https:\/\/dev6.erresse-shop.it\/wp-content\/uploads\/2025\/01\/LOGO-ERRESSE-CLASSICO.svg","contentUrl":"https:\/\/dev6.erresse-shop.it\/wp-content\/uploads\/2025\/01\/LOGO-ERRESSE-CLASSICO.svg","caption":"Erresse Shop"},"image":{"@id":"https:\/\/dev6.erresse-shop.it\/#\/schema\/logo\/image\/"}}]}},"df_price":139.95,"df_sale_price":139.95,"df_regular_price":202.5,"df_image_link":"https:\/\/i2.wp.com\/interpim.erresse-shop.it\/Import\/Prodotti\/emile-henry-zuppiera-nero.jpg?resize=300,300&ssl=1","fifu_image_url":"https:\/\/interpim.erresse-shop.it\/Import\/Prodotti\/emile-henry-zuppiera-nero.jpg","_links":{"self":[{"href":"https:\/\/dev6.erresse-shop.it\/fr\/wp-json\/wp\/v2\/product\/60763","targetHints":{"allow":["GET"]}}],"collection":[{"href":"https:\/\/dev6.erresse-shop.it\/fr\/wp-json\/wp\/v2\/product"}],"about":[{"href":"https:\/\/dev6.erresse-shop.it\/fr\/wp-json\/wp\/v2\/types\/product"}],"wp:featuredmedia":[{"embeddable":true,"href":"https:\/\/dev6.erresse-shop.it\/fr\/wp-json\/wp\/v2\/media\/6276029"}],"wp:attachment":[{"href":"https:\/\/dev6.erresse-shop.it\/fr\/wp-json\/wp\/v2\/media?parent=60763"}],"wp:term":[{"taxonomy":"product_cat","embeddable":true,"href":"https:\/\/dev6.erresse-shop.it\/fr\/wp-json\/wp\/v2\/product_cat?post=60763"},{"taxonomy":"product_tag","embeddable":true,"href":"https:\/\/dev6.erresse-shop.it\/fr\/wp-json\/wp\/v2\/product_tag?post=60763"}],"curies":[{"name":"wp","href":"https:\/\/api.w.org\/{rel}","templated":true}]}}