{"id":60761,"date":"2026-04-12T09:17:59","date_gmt":"2026-04-12T07:17:59","guid":{"rendered":"https:\/\/dev6.erresse-shop.it\/shop\/non%20class\u00e9\/jura-machine-de-cafe-professionnelle-x6-dark-inox\/"},"modified":"2025-07-04T16:42:56","modified_gmt":"2025-07-04T14:42:56","slug":"jura-machine-de-cafe-professionnelle-x6-dark-inox","status":"publish","type":"product","link":"https:\/\/dev6.erresse-shop.it\/fr\/shop\/petits-electromenagers\/machines-cafe\/automatique\/jura-machine-de-cafe-professionnelle-x6-dark-inox\/","title":{"rendered":"JURA Machine de caf\u00e9 professionnelle X6 Dark Inox"},"content":{"rendered":"<p>Le professionnel pour le caf\u00e9 noir et l\u2019eau chaude pour le th\u00e9<\/p>\n<p>La X6 donne le meilleur d\u2019elle-m\u00eame dans la production de sp\u00e9cialit\u00e9s de caf\u00e9 noir, la pr\u00e9paration professionnelle de briquettes de caf\u00e9 et la pr\u00e9paration d\u2019eau chaude pour le th\u00e9 \u00e0 deux temp\u00e9ratures diff\u00e9rentes.<br \/>\nLa simplicit\u00e9 des commandes est particuli\u00e8rement avantageuse lorsqu\u2019elles sont utilis\u00e9es par le personnel ou directement par les clients.<br \/>\nBien entendu, la position sur l\u2019\u00e9cran de toutes les sp\u00e9cialit\u00e9s de caf\u00e9 peut \u00eatre modifi\u00e9e \u00e0 volont\u00e9.<br \/>\nGr\u00e2ce \u00e0 son grand r\u00e9servoir d\u2019eau et au kit d\u2019eau douce en option, le X6 est parfait pour une utilisation \u00e0 des postes fixes ou variables.<\/p>\n<p>Une technologie de pointe pour un plaisir parfait<br \/>\nLe moulin innovant AromaG3 moud les grains au moment et \u00e0 la finesse id\u00e9aux pour chaque pr\u00e9paration.<br \/>\nIl travaille avec pr\u00e9cision, est deux fois plus rapide et pr\u00e9serve tout l\u2019ar\u00f4me des grains.<br \/>\nLe proc\u00e9d\u00e9 d\u2019extraction puls\u00e9e (P.E.P.\u00ae) optimise le temps d\u2019extraction des sp\u00e9cialit\u00e9s courtes, faisant du ristretto et de l\u2019espresso un v\u00e9ritable r\u00e9gal pour le palais.<br \/>\nTous les \u00e9l\u00e9ments de commande du X6 sont dispos\u00e9s sur le panneau avant, bien visibles au premier coup d\u2019\u0153il et facilement accessibles.<br \/>\nLe remplissage du r\u00e9servoir d\u2019eau et du r\u00e9cipient \u00e0 haricots se fait \u00e9galement facilement par l\u2019avant.<br \/>\nLe r\u00e9servoir d\u2019eau et le conteneur \u00e0 haricots sont \u00e9quip\u00e9s de s\u00e9rie d\u2019un m\u00e9canisme de verrouillage qui permet de les verrouiller pour les prot\u00e9ger contre toute intervention non autoris\u00e9e.<br \/>\nLe r\u00e9servoir d\u2019eau et le bac \u00e0 marc de caf\u00e9 sont con\u00e7us de mani\u00e8re ergonomique et peuvent \u00eatre retir\u00e9s d\u2019une seule main pour une vidange rapide et hygi\u00e9nique.<br \/>\nLa coh\u00e9rence de la philosophie de fonctionnement se manifeste dans les \u00e9l\u00e9ments de fonctionnement.<br \/>\nL\u2019\u00e9cran TFT en format portrait, associ\u00e9 aux grandes touches de pr\u00e9paration clairement d\u00e9finies, rend l\u2019utilisation simple et intuitive, m\u00eame pour les utilisateurs inexp\u00e9riment\u00e9s.<br \/>\nLes boutons (pr\u00e9paration ou maintenance) peuvent \u00eatre verrouill\u00e9s \u00e0 volont\u00e9 pour \u00e9viter toute utilisation abusive, toute modification non autoris\u00e9e de la programmation ou toute op\u00e9ration accidentelle.<br \/>\npendant les op\u00e9rations de nettoyage.<\/p>\n<p>Garantie d\u2019hygi\u00e8ne avec la certification T\u00dcV<br \/>\nL\u2019entretien du nouveau X6 est tout aussi intuitif que son utilisation.<br \/>\nLes programmes de rin\u00e7age et de nettoyage int\u00e9gr\u00e9s, combin\u00e9s aux produits d\u2019entretien originaux de JURA, garantissent l\u2019hygi\u00e8ne et la propret\u00e9 avec la certification T\u00dcV.<\/p>\n<p>Aussi individuel que vos besoins<br \/>\nGr\u00e2ce aux accessoires sp\u00e9cialement d\u00e9velopp\u00e9s pour les machines automatiques professionnelles de JURA, tels que le kit d\u2019eau fra\u00eeche<br \/>\nqu\u2019il s\u2019agisse d\u2019un chauffe-gobelet ou d\u2019un syst\u00e8me de facturation, le X6 peut \u00eatre optimis\u00e9 pour cr\u00e9er des solutions compl\u00e8tes adapt\u00e9es \u00e0 vos besoins sp\u00e9cifiques.<\/p>\n<p>SP\u00c9CIFICATIONS TECHNIQUES:<\/p>\n<p>Nombre de sp\u00e9cialit\u00e9s de caf\u00e9 12<br \/>\nContr\u00f4le actif des haricots<br \/>\nSmart Connect<br \/>\nProc\u00e9d\u00e9 d\u2019extraction puls\u00e9e (P.E.P.\u00ae)<br \/>\nGroupe de brassage \u00e0 capacit\u00e9 variable<br \/>\nAroma G3, moulin \u00e0 caf\u00e9 multi-degr\u00e9s<br \/>\nPompe haute performance, 15 bars<br \/>\nSyst\u00e8me de chauffage Thermoblock<br \/>\nSyst\u00e8me de fluides<br \/>\nSyst\u00e8me de lait \/ mousseur \u00e0 lait rempla\u00e7able<br \/>\nCouvercle de protection contre les ar\u00f4mes<br \/>\n\u00c9cran couleur de 2,8 pouces<br \/>\nQuantit\u00e9 d\u2019eau pour le caf\u00e9 programmable et personnalisable<br \/>\nIntensit\u00e9 du caf\u00e9 programmable et personnalisable en 10 niveaux<br \/>\nTemp\u00e9rature d\u2019infusion programmable sur 2 niveaux<br \/>\nTemp\u00e9rature de l\u2019eau chaude programmable sur 3 niveaux<br \/>\nCompteur journalier r\u00e9initialisable<br \/>\nIndication du nombre de pr\u00e9parations pour chaque produit individuel<br \/>\nProgramme int\u00e9gr\u00e9 de rin\u00e7age, de nettoyage et de d\u00e9tartrage<br \/>\nBac de r\u00e9cup\u00e9ration d\u2019eau surveill\u00e9<br \/>\nMode d\u2019\u00e9conomie d\u2019\u00e9nergie, E.S.M.\u00a9<br \/>\nInterrupteur z\u00e9ro \u00e9nergie ou interrupteur secteur<br \/>\nTemps d\u2019arr\u00eat programmable<br \/>\n\u00c9clairage ambr\u00e9\/blanc de la coupelle<br \/>\nCapacit\u00e9 du r\u00e9servoir d\u2019eau de 5 L<br \/>\nCapacit\u00e9 du r\u00e9cipient \u00e0 haricots de 550 g<br \/>\nConteneur \u00e0 caf\u00e9 en grains extensible \u00e0 1 kg en option<br \/>\nBac \u00e0 marc de caf\u00e9 (portions) 40<br \/>\nFabriqu\u00e9 en Suisse<\/p>\n","protected":false},"excerpt":{"rendered":"<p>Le professionnel pour le caf\u00e9 noir et l\u2019eau chaude pour le th\u00e9 La X6 donne le meilleur d\u2019elle-m\u00eame dans la production de sp\u00e9cialit\u00e9s de caf\u00e9 noir, la pr\u00e9paration professionnelle de briquettes de caf\u00e9 et la pr\u00e9paration d\u2019eau chaude pour le th\u00e9 \u00e0 deux temp\u00e9ratures diff\u00e9rentes. La simplicit\u00e9 des commandes est particuli\u00e8rement avantageuse lorsqu\u2019elles sont utilis\u00e9es [&hellip;]<\/p>\n","protected":false},"featured_media":6359302,"template":"","meta":{"_acf_changed":false},"product_cat":[12076,12063,12055],"product_tag":[],"class_list":{"0":"post-60761","1":"product","2":"type-product","3":"status-publish","4":"has-post-thumbnail","6":"product_cat-automatique","7":"product_cat-machines-cafe","8":"product_cat-petits-electromenagers","10":"first","11":"outofstock","12":"taxable","13":"shipping-taxable","14":"product-type-simple","swatches":"rey-swatches","show_selected":"","stretch_labels":"rey-swatches--stretch-labels"},"acf":[],"yoast_head":"<!-- This site is optimized with the Yoast SEO plugin v25.4 - https:\/\/yoast.com\/wordpress\/plugins\/seo\/ -->\n<title>JURA Machine de caf\u00e9 professionnelle X6 Dark Inox - dev6 Erresse<\/title>\n<meta name=\"description\" content=\"Le professionnel pour le caf\u00e9 noir et l\u2019eau chaude pour le th\u00e9 La X6 donne le meilleur d\u2019elle-m\u00eame dans la production de sp\u00e9cialit\u00e9s de caf\u00e9 noir, la\" \/>\n<meta name=\"robots\" content=\"noindex, follow, max-snippet:-1, max-image-preview:large, max-video-preview:-1\" \/>\n<meta property=\"og:locale\" content=\"fr_FR\" \/>\n<meta property=\"og:type\" content=\"article\" \/>\n<meta property=\"og:title\" content=\"JURA Machine de caf\u00e9 professionnelle X6 Dark Inox - dev6 Erresse\" \/>\n<meta property=\"og:description\" content=\"Le professionnel pour le caf\u00e9 noir et l\u2019eau chaude pour le th\u00e9 La X6 donne le meilleur d\u2019elle-m\u00eame dans la production de sp\u00e9cialit\u00e9s de caf\u00e9 noir, la\" \/>\n<meta property=\"og:url\" content=\"https:\/\/dev6.erresse-shop.it\/fr\/shop\/petits-electromenagers\/machines-cafe\/automatique\/jura-machine-de-cafe-professionnelle-x6-dark-inox\/\" \/>\n<meta property=\"og:site_name\" content=\"dev6 Erresse\" \/>\n<meta property=\"og:image\" content=\"https:\/\/interpim.erresse-shop.it\/Import\/Prodotti\/jura-macchina-da-caffe-x6-dark-inox-1.jpg\" \/><meta property=\"og:image\" content=\"https:\/\/interpim.erresse-shop.it\/Import\/Prodotti\/jura-macchina-da-caffe-x6-dark-inox-1.jpg\" \/>\n\t<meta property=\"og:image:width\" content=\"1024\" \/>\n\t<meta property=\"og:image:height\" content=\"1024\" \/>\n\t<meta property=\"og:image:type\" content=\"image\/jpeg\" \/>\n<meta name=\"twitter:card\" content=\"summary_large_image\" \/>\n<meta name=\"twitter:image\" content=\"https:\/\/interpim.erresse-shop.it\/Import\/Prodotti\/jura-macchina-da-caffe-x6-dark-inox-1.jpg\" \/>\n<script type=\"application\/ld+json\" class=\"yoast-schema-graph\">{\"@context\":\"https:\/\/schema.org\",\"@graph\":[{\"@type\":\"WebPage\",\"@id\":\"https:\/\/dev6.erresse-shop.it\/fr\/shop\/petits-electromenagers\/machines-cafe\/automatique\/jura-machine-de-cafe-professionnelle-x6-dark-inox\/\",\"url\":\"https:\/\/dev6.erresse-shop.it\/fr\/shop\/petits-electromenagers\/machines-cafe\/automatique\/jura-machine-de-cafe-professionnelle-x6-dark-inox\/\",\"name\":\"JURA Machine de caf\u00e9 professionnelle X6 Dark Inox - dev6 Erresse\",\"isPartOf\":{\"@id\":\"https:\/\/dev6.erresse-shop.it\/#website\"},\"primaryImageOfPage\":{\"@id\":\"https:\/\/dev6.erresse-shop.it\/fr\/shop\/petits-electromenagers\/machines-cafe\/automatique\/jura-machine-de-cafe-professionnelle-x6-dark-inox\/#primaryimage\"},\"image\":{\"@id\":\"https:\/\/dev6.erresse-shop.it\/fr\/shop\/petits-electromenagers\/machines-cafe\/automatique\/jura-machine-de-cafe-professionnelle-x6-dark-inox\/#primaryimage\"},\"thumbnailUrl\":\"https:\/\/i3.wp.com\/interpim.erresse-shop.it\/Import\/Prodotti\/jura-macchina-da-caffe-x6-dark-inox-1.jpg?ssl=1\",\"datePublished\":\"2026-04-12T07:17:59+00:00\",\"description\":\"Le professionnel pour le caf\u00e9 noir et l\u2019eau chaude pour le th\u00e9 La X6 donne le meilleur d\u2019elle-m\u00eame dans la production de sp\u00e9cialit\u00e9s de caf\u00e9 noir, la\",\"breadcrumb\":{\"@id\":\"https:\/\/dev6.erresse-shop.it\/fr\/shop\/petits-electromenagers\/machines-cafe\/automatique\/jura-machine-de-cafe-professionnelle-x6-dark-inox\/#breadcrumb\"},\"inLanguage\":\"fr-FR\",\"potentialAction\":[{\"@type\":\"ReadAction\",\"target\":[\"https:\/\/dev6.erresse-shop.it\/fr\/shop\/petits-electromenagers\/machines-cafe\/automatique\/jura-machine-de-cafe-professionnelle-x6-dark-inox\/\"]}]},{\"@type\":\"ImageObject\",\"inLanguage\":\"fr-FR\",\"@id\":\"https:\/\/dev6.erresse-shop.it\/fr\/shop\/petits-electromenagers\/machines-cafe\/automatique\/jura-machine-de-cafe-professionnelle-x6-dark-inox\/#primaryimage\",\"url\":\"https:\/\/i3.wp.com\/interpim.erresse-shop.it\/Import\/Prodotti\/jura-macchina-da-caffe-x6-dark-inox-1.jpg?ssl=1\",\"contentUrl\":\"https:\/\/i3.wp.com\/interpim.erresse-shop.it\/Import\/Prodotti\/jura-macchina-da-caffe-x6-dark-inox-1.jpg?ssl=1\"},{\"@type\":\"BreadcrumbList\",\"@id\":\"https:\/\/dev6.erresse-shop.it\/fr\/shop\/petits-electromenagers\/machines-cafe\/automatique\/jura-machine-de-cafe-professionnelle-x6-dark-inox\/#breadcrumb\",\"itemListElement\":[{\"@type\":\"ListItem\",\"position\":1,\"name\":\"Home\",\"item\":\"https:\/\/dev6.erresse-shop.it\/\"},{\"@type\":\"ListItem\",\"position\":2,\"name\":\"Boutique\",\"item\":\"https:\/\/dev6.erresse-shop.it\/shop\/\"},{\"@type\":\"ListItem\",\"position\":3,\"name\":\"JURA Machine de caf\u00e9 professionnelle X6 Dark Inox\"}]},{\"@type\":\"WebSite\",\"@id\":\"https:\/\/dev6.erresse-shop.it\/#website\",\"url\":\"https:\/\/dev6.erresse-shop.it\/\",\"name\":\"Erresse Shop\",\"description\":\"\",\"publisher\":{\"@id\":\"https:\/\/dev6.erresse-shop.it\/#organization\"},\"potentialAction\":[{\"@type\":\"SearchAction\",\"target\":{\"@type\":\"EntryPoint\",\"urlTemplate\":\"https:\/\/dev6.erresse-shop.it\/?s={search_term_string}\"},\"query-input\":{\"@type\":\"PropertyValueSpecification\",\"valueRequired\":true,\"valueName\":\"search_term_string\"}}],\"inLanguage\":\"fr-FR\"},{\"@type\":\"Organization\",\"@id\":\"https:\/\/dev6.erresse-shop.it\/#organization\",\"name\":\"Erresse Shop\",\"url\":\"https:\/\/dev6.erresse-shop.it\/\",\"logo\":{\"@type\":\"ImageObject\",\"inLanguage\":\"fr-FR\",\"@id\":\"https:\/\/dev6.erresse-shop.it\/#\/schema\/logo\/image\/\",\"url\":\"https:\/\/dev6.erresse-shop.it\/wp-content\/uploads\/2025\/01\/LOGO-ERRESSE-CLASSICO.svg\",\"contentUrl\":\"https:\/\/dev6.erresse-shop.it\/wp-content\/uploads\/2025\/01\/LOGO-ERRESSE-CLASSICO.svg\",\"caption\":\"Erresse Shop\"},\"image\":{\"@id\":\"https:\/\/dev6.erresse-shop.it\/#\/schema\/logo\/image\/\"}}]}<\/script>\n<!-- \/ Yoast SEO plugin. -->","yoast_head_json":{"title":"JURA Machine de caf\u00e9 professionnelle X6 Dark Inox - dev6 Erresse","description":"Le professionnel pour le caf\u00e9 noir et l\u2019eau chaude pour le th\u00e9 La X6 donne le meilleur d\u2019elle-m\u00eame dans la production de sp\u00e9cialit\u00e9s de caf\u00e9 noir, la","robots":{"index":"noindex","follow":"follow","max-snippet":"max-snippet:-1","max-image-preview":"max-image-preview:large","max-video-preview":"max-video-preview:-1"},"og_locale":"fr_FR","og_type":"article","og_title":"JURA Machine de caf\u00e9 professionnelle X6 Dark Inox - dev6 Erresse","og_description":"Le professionnel pour le caf\u00e9 noir et l\u2019eau chaude pour le th\u00e9 La X6 donne le meilleur d\u2019elle-m\u00eame dans la production de sp\u00e9cialit\u00e9s de caf\u00e9 noir, la","og_url":"https:\/\/dev6.erresse-shop.it\/fr\/shop\/petits-electromenagers\/machines-cafe\/automatique\/jura-machine-de-cafe-professionnelle-x6-dark-inox\/","og_site_name":"dev6 Erresse","og_image":[{"url":"https:\/\/interpim.erresse-shop.it\/Import\/Prodotti\/jura-macchina-da-caffe-x6-dark-inox-1.jpg","type":"","width":"","height":""},{"url":"https:\/\/interpim.erresse-shop.it\/Import\/Prodotti\/jura-macchina-da-caffe-x6-dark-inox-1.jpg","width":1024,"height":1024,"type":"image\/jpeg"}],"twitter_card":"summary_large_image","twitter_image":"https:\/\/interpim.erresse-shop.it\/Import\/Prodotti\/jura-macchina-da-caffe-x6-dark-inox-1.jpg","schema":{"@context":"https:\/\/schema.org","@graph":[{"@type":"WebPage","@id":"https:\/\/dev6.erresse-shop.it\/fr\/shop\/petits-electromenagers\/machines-cafe\/automatique\/jura-machine-de-cafe-professionnelle-x6-dark-inox\/","url":"https:\/\/dev6.erresse-shop.it\/fr\/shop\/petits-electromenagers\/machines-cafe\/automatique\/jura-machine-de-cafe-professionnelle-x6-dark-inox\/","name":"JURA Machine de caf\u00e9 professionnelle X6 Dark Inox - dev6 Erresse","isPartOf":{"@id":"https:\/\/dev6.erresse-shop.it\/#website"},"primaryImageOfPage":{"@id":"https:\/\/dev6.erresse-shop.it\/fr\/shop\/petits-electromenagers\/machines-cafe\/automatique\/jura-machine-de-cafe-professionnelle-x6-dark-inox\/#primaryimage"},"image":{"@id":"https:\/\/dev6.erresse-shop.it\/fr\/shop\/petits-electromenagers\/machines-cafe\/automatique\/jura-machine-de-cafe-professionnelle-x6-dark-inox\/#primaryimage"},"thumbnailUrl":"https:\/\/i3.wp.com\/interpim.erresse-shop.it\/Import\/Prodotti\/jura-macchina-da-caffe-x6-dark-inox-1.jpg?ssl=1","datePublished":"2026-04-12T07:17:59+00:00","description":"Le professionnel pour le caf\u00e9 noir et l\u2019eau chaude pour le th\u00e9 La X6 donne le meilleur d\u2019elle-m\u00eame dans la production de sp\u00e9cialit\u00e9s de caf\u00e9 noir, la","breadcrumb":{"@id":"https:\/\/dev6.erresse-shop.it\/fr\/shop\/petits-electromenagers\/machines-cafe\/automatique\/jura-machine-de-cafe-professionnelle-x6-dark-inox\/#breadcrumb"},"inLanguage":"fr-FR","potentialAction":[{"@type":"ReadAction","target":["https:\/\/dev6.erresse-shop.it\/fr\/shop\/petits-electromenagers\/machines-cafe\/automatique\/jura-machine-de-cafe-professionnelle-x6-dark-inox\/"]}]},{"@type":"ImageObject","inLanguage":"fr-FR","@id":"https:\/\/dev6.erresse-shop.it\/fr\/shop\/petits-electromenagers\/machines-cafe\/automatique\/jura-machine-de-cafe-professionnelle-x6-dark-inox\/#primaryimage","url":"https:\/\/i3.wp.com\/interpim.erresse-shop.it\/Import\/Prodotti\/jura-macchina-da-caffe-x6-dark-inox-1.jpg?ssl=1","contentUrl":"https:\/\/i3.wp.com\/interpim.erresse-shop.it\/Import\/Prodotti\/jura-macchina-da-caffe-x6-dark-inox-1.jpg?ssl=1"},{"@type":"BreadcrumbList","@id":"https:\/\/dev6.erresse-shop.it\/fr\/shop\/petits-electromenagers\/machines-cafe\/automatique\/jura-machine-de-cafe-professionnelle-x6-dark-inox\/#breadcrumb","itemListElement":[{"@type":"ListItem","position":1,"name":"Home","item":"https:\/\/dev6.erresse-shop.it\/"},{"@type":"ListItem","position":2,"name":"Boutique","item":"https:\/\/dev6.erresse-shop.it\/shop\/"},{"@type":"ListItem","position":3,"name":"JURA Machine de caf\u00e9 professionnelle X6 Dark Inox"}]},{"@type":"WebSite","@id":"https:\/\/dev6.erresse-shop.it\/#website","url":"https:\/\/dev6.erresse-shop.it\/","name":"Erresse Shop","description":"","publisher":{"@id":"https:\/\/dev6.erresse-shop.it\/#organization"},"potentialAction":[{"@type":"SearchAction","target":{"@type":"EntryPoint","urlTemplate":"https:\/\/dev6.erresse-shop.it\/?s={search_term_string}"},"query-input":{"@type":"PropertyValueSpecification","valueRequired":true,"valueName":"search_term_string"}}],"inLanguage":"fr-FR"},{"@type":"Organization","@id":"https:\/\/dev6.erresse-shop.it\/#organization","name":"Erresse Shop","url":"https:\/\/dev6.erresse-shop.it\/","logo":{"@type":"ImageObject","inLanguage":"fr-FR","@id":"https:\/\/dev6.erresse-shop.it\/#\/schema\/logo\/image\/","url":"https:\/\/dev6.erresse-shop.it\/wp-content\/uploads\/2025\/01\/LOGO-ERRESSE-CLASSICO.svg","contentUrl":"https:\/\/dev6.erresse-shop.it\/wp-content\/uploads\/2025\/01\/LOGO-ERRESSE-CLASSICO.svg","caption":"Erresse Shop"},"image":{"@id":"https:\/\/dev6.erresse-shop.it\/#\/schema\/logo\/image\/"}}]}},"df_price":"","df_sale_price":"","df_regular_price":"","df_image_link":"https:\/\/i3.wp.com\/interpim.erresse-shop.it\/Import\/Prodotti\/jura-macchina-da-caffe-x6-dark-inox-1.jpg?resize=300,300&ssl=1","fifu_image_url":"https:\/\/interpim.erresse-shop.it\/Import\/Prodotti\/jura-macchina-da-caffe-x6-dark-inox-1.jpg","_links":{"self":[{"href":"https:\/\/dev6.erresse-shop.it\/fr\/wp-json\/wp\/v2\/product\/60761","targetHints":{"allow":["GET"]}}],"collection":[{"href":"https:\/\/dev6.erresse-shop.it\/fr\/wp-json\/wp\/v2\/product"}],"about":[{"href":"https:\/\/dev6.erresse-shop.it\/fr\/wp-json\/wp\/v2\/types\/product"}],"wp:featuredmedia":[{"embeddable":true,"href":"https:\/\/dev6.erresse-shop.it\/fr\/wp-json\/wp\/v2\/media\/6359302"}],"wp:attachment":[{"href":"https:\/\/dev6.erresse-shop.it\/fr\/wp-json\/wp\/v2\/media?parent=60761"}],"wp:term":[{"taxonomy":"product_cat","embeddable":true,"href":"https:\/\/dev6.erresse-shop.it\/fr\/wp-json\/wp\/v2\/product_cat?post=60761"},{"taxonomy":"product_tag","embeddable":true,"href":"https:\/\/dev6.erresse-shop.it\/fr\/wp-json\/wp\/v2\/product_tag?post=60761"}],"curies":[{"name":"wp","href":"https:\/\/api.w.org\/{rel}","templated":true}]}}