{"id":60759,"date":"2026-04-12T09:17:59","date_gmt":"2026-04-12T07:17:59","guid":{"rendered":"https:\/\/dev6.erresse-shop.it\/shop\/non%20class\u00e9\/jura-machine-a-cafe-s8-piano-noir\/"},"modified":"2026-01-09T02:09:43","modified_gmt":"2026-01-09T01:09:43","slug":"jura-machine-a-cafe-s8-piano-noir","status":"publish","type":"product","link":"https:\/\/dev6.erresse-shop.it\/fr\/shop\/petits-electromenagers\/machines-cafe\/automatique\/jura-machine-a-cafe-s8-piano-noir\/","title":{"rendered":"JURA Machine \u00e0 Caf\u00e9 S8 Piano Noir"},"content":{"rendered":"<p>Un grand spectacle dans un design compact<br \/>\nL\u2019\u00e9l\u00e9gante ligne S, avec son design audacieux et sculptural, se distingue par sa qualit\u00e9 et sa pr\u00e9cision. Elle combine le meilleur de la classe compacte avec des \u00e9l\u00e9ments du segment premium.<br \/>\nLa grande vari\u00e9t\u00e9 de sp\u00e9cialit\u00e9s et leur excellence s\u00e9duisent m\u00eame les amateurs de L profond les plus exigeants. La philosophie de fonctionnement est caract\u00e9ris\u00e9e par la simplicit\u00e9 et l\u2019intelligence.<br \/>\nLa ligne JURA S cr\u00e9e un nouveau segment dans les machines automatiques : le segment premium moyen.<\/p>\n<p>Broyeur d\u2019ar\u00f4mes professionnel<br \/>\nLe Professional Aroma Grinder garantit 12,2%* d\u2019ar\u00f4me en plus et une qualit\u00e9 de broyage \u00e9lev\u00e9e et inchang\u00e9e pendant toute la dur\u00e9e de vie de la machine.<br \/>\nSa g\u00e9om\u00e9trie perfectionn\u00e9e permet d\u2019obtenir une courbe de broyage optimale.<br \/>\nCela signifie que le pourcentage plus \u00e9lev\u00e9 de particules fines permet \u00e0 l\u2019ar\u00f4me de se d\u00e9ployer dans toute son intensit\u00e9.<\/p>\n<p>*Le moulin \u00e0 ar\u00f4me professionnel compar\u00e9 aux moulins \u00e0 caf\u00e9 conventionnels.<\/p>\n<p>Des moments de plaisir vari\u00e9s<br \/>\nAvec l\u2019\u00e9l\u00e9gante S8, toute la gamme de sp\u00e9cialit\u00e9s est pr\u00e9par\u00e9e avec une excellente qualit\u00e9, de l\u2019espresso au latte macchiato.<br \/>\nUne simple pression sur l\u2019\u00e9cran tactile couleur et les 15 sp\u00e9cialit\u00e9s arrivent dans votre tasse gr\u00e2ce \u00e0 de nombreuses innovations remarquables.<br \/>\nLe moulin \u00e0 caf\u00e9 professionnel Aroma moud les grains encore plus pr\u00e9cis\u00e9ment, deux fois plus vite et en pr\u00e9servant l\u2019ar\u00f4me.<br \/>\nLe proc\u00e9d\u00e9 d\u2019extraction puls\u00e9e (P.E.P.\u00ae) optimise le temps d\u2019extraction pour les sp\u00e9cialit\u00e9s courtes et garantit un ar\u00f4me in\u00e9gal\u00e9 m\u00eame pour l\u2019espresso et le ristretto.<br \/>\nLa technologie de la micro-mousse permet de pr\u00e9parer des sp\u00e9cialit\u00e9s tendance avec du lait et de la mousse de lait.<\/p>\n<p>Un confort d\u2019utilisation qui red\u00e9finit une \u00e9poque<br \/>\nLes commandes sont claires et confortables gr\u00e2ce \u00e0 l\u2019\u00e9cran tactile couleur haute r\u00e9solution de 4,3\u2033 int\u00e9gr\u00e9 \u00e0 la machine \u00e0 caf\u00e9.<br \/>\nIl suffit d\u2019effleurer l\u2019\u00e9cran pour que votre sp\u00e9cialit\u00e9 pr\u00e9f\u00e9r\u00e9e arrive dans votre tasse.<br \/>\nLa philosophie d\u2019utilisation innovante via le grand \u00e9cran s\u00e9duit par sa compr\u00e9hensibilit\u00e9 et s\u2019adapte \u00e0 l\u2019\u00e8re moderne.<br \/>\nDes instructions avec des graphiques et des animations rendent la navigation auto-explicative et montrent toutes les \u00e9tapes de la pr\u00e9paration.<br \/>\nVous allez donc directement au but. Les pr\u00e9f\u00e9rences individuelles peuvent \u00eatre programm\u00e9es en quelques \u00e9tapes seulement. Renommer, d\u00e9placer, copier, doubler : avec la S8, tout se fait en un instant.<\/p>\n<p>Mousse de lait fantaisie<br \/>\nLa pr\u00e9cision et la qualit\u00e9 jusque dans les moindres d\u00e9tails sont les caract\u00e9ristiques du design de JURA.<br \/>\nLa nouvelle buse \u00e0 micro-mousse S8 Professional est fabriqu\u00e9e \u00e0 partir de mat\u00e9riaux de haute qualit\u00e9 et allie l\u2019esth\u00e9tique \u00e0 un toucher agr\u00e9able.<br \/>\nLa buse de moussage multifonctionnelle a \u00e9t\u00e9 sp\u00e9cialement con\u00e7ue pour la pr\u00e9paration de caf\u00e9s sp\u00e9ciaux avec du lait de haute qualit\u00e9 et de la mousse de lait, et pr\u00e9pare comme par magie un latte macchiato.<br \/>\net bien plus encore. Des graphiques et des animations modernes sur l\u2019\u00e9cran rendent l\u2019utilisation plus facile que jamais.<\/p>\n<p>SP\u00c9CIFICATIONS TECHNIQUES :<\/p>\n<p>Nombre de caf\u00e9s de sp\u00e9cialit\u00e9 : 15<br \/>\nContr\u00f4le actif des haricots<br \/>\nSmart Connect<br \/>\nFonction One-Touch<br \/>\nGroupe de brassage \u00e0 capacit\u00e9 variable<br \/>\nBroyeur d\u2019ar\u00f4mes professionnel<br \/>\nPompe de 15 bars<br \/>\nSyst\u00e8me de chauffage Thermoblock<br \/>\nSyst\u00e8me de lait \/ mousseur \u00e0 lait rempla\u00e7able<br \/>\nCompartiment pour le caf\u00e9 moulu<br \/>\nCouvercle de protection contre les ar\u00f4mes<br \/>\n\u00c9cran couleur de 4,3 pouces avec technologie d\u2019\u00e9cran tactile<br \/>\nInsertion, multiplication et personnalisation des produits<br \/>\nQuantit\u00e9 d\u2019eau pour le caf\u00e9 programmable et personnalisable<br \/>\nIntensit\u00e9 du caf\u00e9 programmable et personnalisable \u2013 10 niveaux<br \/>\nQuantit\u00e9 de lait\/mousse programmable<br \/>\nTemp\u00e9rature d\u2019infusion programmable \u2013 3 niveaux<br \/>\nTemp\u00e9rature de l\u2019eau chaude programmable \u2013 3 niveaux<br \/>\nMode d\u2019\u00e9conomie d\u2019\u00e9nergie<br \/>\nTemps d\u2019arr\u00eat programmable<br \/>\nDistributeur de caf\u00e9 r\u00e9glable en hauteur et en largeur<br \/>\nDistributeur de cappuccino r\u00e9glable en hauteur<br \/>\nDistributeur d\u2019eau chaude r\u00e9glable en hauteur<br \/>\nCapacit\u00e9 du r\u00e9servoir d\u2019eau \u2013 1,9 l<br \/>\nCapacit\u00e9 du r\u00e9cipient \u00e0 caf\u00e9 en grains \u2013 280 gr<br \/>\nBac \u00e0 marc de caf\u00e9 \u2013 20 portions<br \/>\nFabriqu\u00e9 en Suisse<\/p>\n","protected":false},"excerpt":{"rendered":"<p>Un grand spectacle dans un design compact L\u2019\u00e9l\u00e9gante ligne S, avec son design audacieux et sculptural, se distingue par sa qualit\u00e9 et sa pr\u00e9cision. Elle combine le meilleur de la classe compacte avec des \u00e9l\u00e9ments du segment premium. La grande vari\u00e9t\u00e9 de sp\u00e9cialit\u00e9s et leur excellence s\u00e9duisent m\u00eame les amateurs de L profond les plus [&hellip;]<\/p>\n","protected":false},"featured_media":6359284,"template":"","meta":{"_acf_changed":false},"product_cat":[12076,12063,12055],"product_tag":[],"class_list":{"0":"post-60759","1":"product","2":"type-product","3":"status-publish","4":"has-post-thumbnail","6":"product_cat-automatique","7":"product_cat-machines-cafe","8":"product_cat-petits-electromenagers","10":"first","11":"outofstock","12":"sale","13":"taxable","14":"shipping-taxable","15":"purchasable","16":"product-type-simple","swatches":"rey-swatches","show_selected":"","stretch_labels":"rey-swatches--stretch-labels"},"acf":[],"yoast_head":"<!-- This site is optimized with the Yoast SEO plugin v25.4 - https:\/\/yoast.com\/wordpress\/plugins\/seo\/ -->\n<title>JURA Machine \u00e0 Caf\u00e9 S8 Piano Noir - dev6 Erresse<\/title>\n<meta name=\"description\" content=\"Un grand spectacle dans un design compact L\u2019\u00e9l\u00e9gante ligne S, avec son design audacieux et sculptural, se distingue par sa qualit\u00e9 et sa pr\u00e9cision. Elle\" \/>\n<meta name=\"robots\" content=\"noindex, follow, max-snippet:-1, max-image-preview:large, max-video-preview:-1\" \/>\n<meta property=\"og:locale\" content=\"fr_FR\" \/>\n<meta property=\"og:type\" content=\"article\" \/>\n<meta property=\"og:title\" content=\"JURA Machine \u00e0 Caf\u00e9 S8 Piano Noir - dev6 Erresse\" \/>\n<meta property=\"og:description\" content=\"Un grand spectacle dans un design compact L\u2019\u00e9l\u00e9gante ligne S, avec son design audacieux et sculptural, se distingue par sa qualit\u00e9 et sa pr\u00e9cision. Elle\" \/>\n<meta property=\"og:url\" content=\"https:\/\/dev6.erresse-shop.it\/fr\/shop\/petits-electromenagers\/machines-cafe\/automatique\/jura-machine-a-cafe-s8-piano-noir\/\" \/>\n<meta property=\"og:site_name\" content=\"dev6 Erresse\" \/>\n<meta property=\"og:image\" content=\"https:\/\/interpim.erresse-shop.it\/Import\/Prodotti\/jura-macchina-da-caffe-s8-nero2.jpg\" \/><meta property=\"og:image\" content=\"https:\/\/interpim.erresse-shop.it\/Import\/Prodotti\/jura-macchina-da-caffe-s8-nero2.jpg\" \/>\n\t<meta property=\"og:image:width\" content=\"1024\" \/>\n\t<meta property=\"og:image:height\" content=\"1024\" \/>\n\t<meta property=\"og:image:type\" content=\"image\/jpeg\" \/>\n<meta name=\"twitter:card\" content=\"summary_large_image\" \/>\n<meta name=\"twitter:image\" content=\"https:\/\/interpim.erresse-shop.it\/Import\/Prodotti\/jura-macchina-da-caffe-s8-nero2.jpg\" \/>\n<script type=\"application\/ld+json\" class=\"yoast-schema-graph\">{\"@context\":\"https:\/\/schema.org\",\"@graph\":[{\"@type\":\"WebPage\",\"@id\":\"https:\/\/dev6.erresse-shop.it\/fr\/shop\/petits-electromenagers\/machines-cafe\/automatique\/jura-machine-a-cafe-s8-piano-noir\/\",\"url\":\"https:\/\/dev6.erresse-shop.it\/fr\/shop\/petits-electromenagers\/machines-cafe\/automatique\/jura-machine-a-cafe-s8-piano-noir\/\",\"name\":\"JURA Machine \u00e0 Caf\u00e9 S8 Piano Noir - dev6 Erresse\",\"isPartOf\":{\"@id\":\"https:\/\/dev6.erresse-shop.it\/#website\"},\"primaryImageOfPage\":{\"@id\":\"https:\/\/dev6.erresse-shop.it\/fr\/shop\/petits-electromenagers\/machines-cafe\/automatique\/jura-machine-a-cafe-s8-piano-noir\/#primaryimage\"},\"image\":{\"@id\":\"https:\/\/dev6.erresse-shop.it\/fr\/shop\/petits-electromenagers\/machines-cafe\/automatique\/jura-machine-a-cafe-s8-piano-noir\/#primaryimage\"},\"thumbnailUrl\":\"https:\/\/i1.wp.com\/interpim.erresse-shop.it\/Import\/Prodotti\/jura-macchina-da-caffe-s8-nero2.jpg?ssl=1\",\"datePublished\":\"2026-04-12T07:17:59+00:00\",\"description\":\"Un grand spectacle dans un design compact L\u2019\u00e9l\u00e9gante ligne S, avec son design audacieux et sculptural, se distingue par sa qualit\u00e9 et sa pr\u00e9cision. Elle\",\"breadcrumb\":{\"@id\":\"https:\/\/dev6.erresse-shop.it\/fr\/shop\/petits-electromenagers\/machines-cafe\/automatique\/jura-machine-a-cafe-s8-piano-noir\/#breadcrumb\"},\"inLanguage\":\"fr-FR\",\"potentialAction\":[{\"@type\":\"ReadAction\",\"target\":[\"https:\/\/dev6.erresse-shop.it\/fr\/shop\/petits-electromenagers\/machines-cafe\/automatique\/jura-machine-a-cafe-s8-piano-noir\/\"]}]},{\"@type\":\"ImageObject\",\"inLanguage\":\"fr-FR\",\"@id\":\"https:\/\/dev6.erresse-shop.it\/fr\/shop\/petits-electromenagers\/machines-cafe\/automatique\/jura-machine-a-cafe-s8-piano-noir\/#primaryimage\",\"url\":\"https:\/\/i1.wp.com\/interpim.erresse-shop.it\/Import\/Prodotti\/jura-macchina-da-caffe-s8-nero2.jpg?ssl=1\",\"contentUrl\":\"https:\/\/i1.wp.com\/interpim.erresse-shop.it\/Import\/Prodotti\/jura-macchina-da-caffe-s8-nero2.jpg?ssl=1\"},{\"@type\":\"BreadcrumbList\",\"@id\":\"https:\/\/dev6.erresse-shop.it\/fr\/shop\/petits-electromenagers\/machines-cafe\/automatique\/jura-machine-a-cafe-s8-piano-noir\/#breadcrumb\",\"itemListElement\":[{\"@type\":\"ListItem\",\"position\":1,\"name\":\"Home\",\"item\":\"https:\/\/dev6.erresse-shop.it\/\"},{\"@type\":\"ListItem\",\"position\":2,\"name\":\"Boutique\",\"item\":\"https:\/\/dev6.erresse-shop.it\/shop\/\"},{\"@type\":\"ListItem\",\"position\":3,\"name\":\"JURA Machine \u00e0 Caf\u00e9 S8 Piano Noir\"}]},{\"@type\":\"WebSite\",\"@id\":\"https:\/\/dev6.erresse-shop.it\/#website\",\"url\":\"https:\/\/dev6.erresse-shop.it\/\",\"name\":\"Erresse Shop\",\"description\":\"\",\"publisher\":{\"@id\":\"https:\/\/dev6.erresse-shop.it\/#organization\"},\"potentialAction\":[{\"@type\":\"SearchAction\",\"target\":{\"@type\":\"EntryPoint\",\"urlTemplate\":\"https:\/\/dev6.erresse-shop.it\/?s={search_term_string}\"},\"query-input\":{\"@type\":\"PropertyValueSpecification\",\"valueRequired\":true,\"valueName\":\"search_term_string\"}}],\"inLanguage\":\"fr-FR\"},{\"@type\":\"Organization\",\"@id\":\"https:\/\/dev6.erresse-shop.it\/#organization\",\"name\":\"Erresse Shop\",\"url\":\"https:\/\/dev6.erresse-shop.it\/\",\"logo\":{\"@type\":\"ImageObject\",\"inLanguage\":\"fr-FR\",\"@id\":\"https:\/\/dev6.erresse-shop.it\/#\/schema\/logo\/image\/\",\"url\":\"https:\/\/dev6.erresse-shop.it\/wp-content\/uploads\/2025\/01\/LOGO-ERRESSE-CLASSICO.svg\",\"contentUrl\":\"https:\/\/dev6.erresse-shop.it\/wp-content\/uploads\/2025\/01\/LOGO-ERRESSE-CLASSICO.svg\",\"caption\":\"Erresse Shop\"},\"image\":{\"@id\":\"https:\/\/dev6.erresse-shop.it\/#\/schema\/logo\/image\/\"}}]}<\/script>\n<!-- \/ Yoast SEO plugin. -->","yoast_head_json":{"title":"JURA Machine \u00e0 Caf\u00e9 S8 Piano Noir - dev6 Erresse","description":"Un grand spectacle dans un design compact L\u2019\u00e9l\u00e9gante ligne S, avec son design audacieux et sculptural, se distingue par sa qualit\u00e9 et sa pr\u00e9cision. Elle","robots":{"index":"noindex","follow":"follow","max-snippet":"max-snippet:-1","max-image-preview":"max-image-preview:large","max-video-preview":"max-video-preview:-1"},"og_locale":"fr_FR","og_type":"article","og_title":"JURA Machine \u00e0 Caf\u00e9 S8 Piano Noir - dev6 Erresse","og_description":"Un grand spectacle dans un design compact L\u2019\u00e9l\u00e9gante ligne S, avec son design audacieux et sculptural, se distingue par sa qualit\u00e9 et sa pr\u00e9cision. Elle","og_url":"https:\/\/dev6.erresse-shop.it\/fr\/shop\/petits-electromenagers\/machines-cafe\/automatique\/jura-machine-a-cafe-s8-piano-noir\/","og_site_name":"dev6 Erresse","og_image":[{"url":"https:\/\/interpim.erresse-shop.it\/Import\/Prodotti\/jura-macchina-da-caffe-s8-nero2.jpg","type":"","width":"","height":""},{"url":"https:\/\/interpim.erresse-shop.it\/Import\/Prodotti\/jura-macchina-da-caffe-s8-nero2.jpg","width":1024,"height":1024,"type":"image\/jpeg"}],"twitter_card":"summary_large_image","twitter_image":"https:\/\/interpim.erresse-shop.it\/Import\/Prodotti\/jura-macchina-da-caffe-s8-nero2.jpg","schema":{"@context":"https:\/\/schema.org","@graph":[{"@type":"WebPage","@id":"https:\/\/dev6.erresse-shop.it\/fr\/shop\/petits-electromenagers\/machines-cafe\/automatique\/jura-machine-a-cafe-s8-piano-noir\/","url":"https:\/\/dev6.erresse-shop.it\/fr\/shop\/petits-electromenagers\/machines-cafe\/automatique\/jura-machine-a-cafe-s8-piano-noir\/","name":"JURA Machine \u00e0 Caf\u00e9 S8 Piano Noir - dev6 Erresse","isPartOf":{"@id":"https:\/\/dev6.erresse-shop.it\/#website"},"primaryImageOfPage":{"@id":"https:\/\/dev6.erresse-shop.it\/fr\/shop\/petits-electromenagers\/machines-cafe\/automatique\/jura-machine-a-cafe-s8-piano-noir\/#primaryimage"},"image":{"@id":"https:\/\/dev6.erresse-shop.it\/fr\/shop\/petits-electromenagers\/machines-cafe\/automatique\/jura-machine-a-cafe-s8-piano-noir\/#primaryimage"},"thumbnailUrl":"https:\/\/i1.wp.com\/interpim.erresse-shop.it\/Import\/Prodotti\/jura-macchina-da-caffe-s8-nero2.jpg?ssl=1","datePublished":"2026-04-12T07:17:59+00:00","description":"Un grand spectacle dans un design compact L\u2019\u00e9l\u00e9gante ligne S, avec son design audacieux et sculptural, se distingue par sa qualit\u00e9 et sa pr\u00e9cision. Elle","breadcrumb":{"@id":"https:\/\/dev6.erresse-shop.it\/fr\/shop\/petits-electromenagers\/machines-cafe\/automatique\/jura-machine-a-cafe-s8-piano-noir\/#breadcrumb"},"inLanguage":"fr-FR","potentialAction":[{"@type":"ReadAction","target":["https:\/\/dev6.erresse-shop.it\/fr\/shop\/petits-electromenagers\/machines-cafe\/automatique\/jura-machine-a-cafe-s8-piano-noir\/"]}]},{"@type":"ImageObject","inLanguage":"fr-FR","@id":"https:\/\/dev6.erresse-shop.it\/fr\/shop\/petits-electromenagers\/machines-cafe\/automatique\/jura-machine-a-cafe-s8-piano-noir\/#primaryimage","url":"https:\/\/i1.wp.com\/interpim.erresse-shop.it\/Import\/Prodotti\/jura-macchina-da-caffe-s8-nero2.jpg?ssl=1","contentUrl":"https:\/\/i1.wp.com\/interpim.erresse-shop.it\/Import\/Prodotti\/jura-macchina-da-caffe-s8-nero2.jpg?ssl=1"},{"@type":"BreadcrumbList","@id":"https:\/\/dev6.erresse-shop.it\/fr\/shop\/petits-electromenagers\/machines-cafe\/automatique\/jura-machine-a-cafe-s8-piano-noir\/#breadcrumb","itemListElement":[{"@type":"ListItem","position":1,"name":"Home","item":"https:\/\/dev6.erresse-shop.it\/"},{"@type":"ListItem","position":2,"name":"Boutique","item":"https:\/\/dev6.erresse-shop.it\/shop\/"},{"@type":"ListItem","position":3,"name":"JURA Machine \u00e0 Caf\u00e9 S8 Piano Noir"}]},{"@type":"WebSite","@id":"https:\/\/dev6.erresse-shop.it\/#website","url":"https:\/\/dev6.erresse-shop.it\/","name":"Erresse Shop","description":"","publisher":{"@id":"https:\/\/dev6.erresse-shop.it\/#organization"},"potentialAction":[{"@type":"SearchAction","target":{"@type":"EntryPoint","urlTemplate":"https:\/\/dev6.erresse-shop.it\/?s={search_term_string}"},"query-input":{"@type":"PropertyValueSpecification","valueRequired":true,"valueName":"search_term_string"}}],"inLanguage":"fr-FR"},{"@type":"Organization","@id":"https:\/\/dev6.erresse-shop.it\/#organization","name":"Erresse Shop","url":"https:\/\/dev6.erresse-shop.it\/","logo":{"@type":"ImageObject","inLanguage":"fr-FR","@id":"https:\/\/dev6.erresse-shop.it\/#\/schema\/logo\/image\/","url":"https:\/\/dev6.erresse-shop.it\/wp-content\/uploads\/2025\/01\/LOGO-ERRESSE-CLASSICO.svg","contentUrl":"https:\/\/dev6.erresse-shop.it\/wp-content\/uploads\/2025\/01\/LOGO-ERRESSE-CLASSICO.svg","caption":"Erresse Shop"},"image":{"@id":"https:\/\/dev6.erresse-shop.it\/#\/schema\/logo\/image\/"}}]}},"df_price":1349.95,"df_sale_price":1349.95,"df_regular_price":1549,"df_image_link":"https:\/\/i1.wp.com\/interpim.erresse-shop.it\/Import\/Prodotti\/jura-macchina-da-caffe-s8-nero2.jpg?resize=300,300&ssl=1","fifu_image_url":"https:\/\/interpim.erresse-shop.it\/Import\/Prodotti\/jura-macchina-da-caffe-s8-nero2.jpg","_links":{"self":[{"href":"https:\/\/dev6.erresse-shop.it\/fr\/wp-json\/wp\/v2\/product\/60759","targetHints":{"allow":["GET"]}}],"collection":[{"href":"https:\/\/dev6.erresse-shop.it\/fr\/wp-json\/wp\/v2\/product"}],"about":[{"href":"https:\/\/dev6.erresse-shop.it\/fr\/wp-json\/wp\/v2\/types\/product"}],"wp:featuredmedia":[{"embeddable":true,"href":"https:\/\/dev6.erresse-shop.it\/fr\/wp-json\/wp\/v2\/media\/6359284"}],"wp:attachment":[{"href":"https:\/\/dev6.erresse-shop.it\/fr\/wp-json\/wp\/v2\/media?parent=60759"}],"wp:term":[{"taxonomy":"product_cat","embeddable":true,"href":"https:\/\/dev6.erresse-shop.it\/fr\/wp-json\/wp\/v2\/product_cat?post=60759"},{"taxonomy":"product_tag","embeddable":true,"href":"https:\/\/dev6.erresse-shop.it\/fr\/wp-json\/wp\/v2\/product_tag?post=60759"}],"curies":[{"name":"wp","href":"https:\/\/api.w.org\/{rel}","templated":true}]}}