{"id":60739,"date":"2026-04-12T09:17:59","date_gmt":"2026-04-12T07:17:59","guid":{"rendered":"https:\/\/dev6.erresse-shop.it\/shop\/non%20class\u00e9\/le-creuset-poele-a-risotto-ovale-en-fonte-27-cm-noir-matt\/"},"modified":"2025-09-14T04:41:51","modified_gmt":"2025-09-14T02:41:51","slug":"le-creuset-poele-a-risotto-ovale-en-fonte-27-cm-noir-matt","status":"publish","type":"product","link":"https:\/\/dev6.erresse-shop.it\/fr\/shop\/poeles-pots\/sauteuses-et-faitout\/le-creuset-poele-a-risotto-ovale-en-fonte-27-cm-noir-matt\/","title":{"rendered":"LE CREUSET Po\u00eale \u00e0 risotto ovale en fonte 27 cm noir matt"},"content":{"rendered":"<p>TOUT LE MONDE \u00c0 TABLE !<\/p>\n<p>Tout aussi polyvalente que le mod\u00e8le rond classique, cette cocotte ovale peut accueillir un gigot entier sans occuper tout le four, de sorte que vous aurez \u00e9galement de la place pour les plats d\u2019accompagnement. O\u00f9 que votre fantaisie culinaire vous m\u00e8ne, vous avez trouv\u00e9 le compagnon id\u00e9al pour un voyage enivrant de go\u00fbts et d\u2019ar\u00f4mes.<\/p>\n<p>Depuis des g\u00e9n\u00e9rations et des g\u00e9n\u00e9rations, les familles appr\u00e9cient la cocotte classique en fonte qui distribue la chaleur de mani\u00e8re uniforme. La fonte, \u00e9tant un excellent conducteur de chaleur, est l\u2019un des meilleurs mat\u00e9riaux \u00e0 utiliser dans la cuisine. En outre, le fond, les parois et le couvercle ont la m\u00eame \u00e9paisseur, ce qui garantit une absorption et une distribution uniformes de la chaleur sans cr\u00e9er de zones surchauff\u00e9es. Par cons\u00e9quent, les aliments ne br\u00fblent pas et ne restent pas crus \u00e0 l\u2019int\u00e9rieur. En outre, ils ne perdent pas leur liquide \u00e0 la cuisson, ce qui permet de pr\u00e9server leurs nutriments et leurs vitamines.<\/p>\n<p>Propri\u00e9t\u00e9s des cocottes en fonte \u00e9maill\u00e9e<\/p>\n<p>\u2013 R\u00e9partition uniforme de la chaleur sans zones de surchauffe.<br \/>\n\u2013 Excellente r\u00e9tention de la chaleur.<br \/>\n\u2013 Bouton en acier inoxydable r\u00e9sistant \u00e0 toutes les temp\u00e9ratures.<br \/>\n\u2013 Poign\u00e9es con\u00e7ues pour une prise en main optimale.<br \/>\n\u2013 Surface int\u00e9rieure et ext\u00e9rieure \u00e9maill\u00e9e. N\u2019absorbe pas l\u2019humidit\u00e9, le go\u00fbt ou l\u2019odeur des aliments.<br \/>\n\u2013 Recommand\u00e9 par les grands chefs et les blogueurs pour la cuisson du pain.<br \/>\n\u2013 Nettoyage facile.<br \/>\n\u2013 Durabilit\u00e9 exceptionnelle.<\/p>\n<p>Mat\u00e9riau : fonte vitrifi\u00e9e<br \/>\nFabriqu\u00e9 en : France<br \/>\nGarantie : \u00e0 vie<\/p>\n<p>Source de chaleur :<\/p>\n<p>Four<br \/>\nMode gril du four<br \/>\nTable de cuisson \u00e9lectrique<br \/>\nVerre c\u00e9ramique<br \/>\nTable de cuisson \u00e0 gaz<br \/>\nPlaque \u00e0 induction<\/p>\n<p>Nettoyage et entretien :<\/p>\n<p>Attendez que le produit refroidisse avant de commencer \u00e0 le nettoyer.<br \/>\nNettoyez les restes de la base et des c\u00f4t\u00e9s du produit. Si des aliments y sont coll\u00e9s, remplissez le produit d\u2019eau chaude savonneuse et laissez-le tremper pendant 15 \u00e0 20 minutes avant de le laver comme d\u2019habitude.<br \/>\nN\u2019utilisez pas de nettoyants abrasifs ni d\u2019\u00e9ponges ou de brosses m\u00e9talliques tr\u00e8s rigides sur aucune des surfaces.<br \/>\nBien s\u00e9cher apr\u00e8s le lavage et conserver dans un endroit sec.<\/p>\n","protected":false},"excerpt":{"rendered":"<p>TOUT LE MONDE \u00c0 TABLE ! Tout aussi polyvalente que le mod\u00e8le rond classique, cette cocotte ovale peut accueillir un gigot entier sans occuper tout le four, de sorte que vous aurez \u00e9galement de la place pour les plats d\u2019accompagnement. O\u00f9 que votre fantaisie culinaire vous m\u00e8ne, vous avez trouv\u00e9 le compagnon id\u00e9al pour un [&hellip;]<\/p>\n","protected":false},"featured_media":6359137,"template":"","meta":{"_acf_changed":false},"product_cat":[11667,11991,12012],"product_tag":[],"class_list":{"0":"post-60739","1":"product","2":"type-product","3":"status-publish","4":"has-post-thumbnail","6":"product_cat-padelle-pentole","7":"product_cat-poeles-pots","8":"product_cat-sauteuses-et-faitout","10":"first","11":"outofstock","12":"sale","13":"taxable","14":"shipping-taxable","15":"purchasable","16":"product-type-simple","swatches":"rey-swatches","show_selected":"","stretch_labels":"rey-swatches--stretch-labels"},"acf":[],"yoast_head":"<!-- This site is optimized with the Yoast SEO plugin v25.4 - https:\/\/yoast.com\/wordpress\/plugins\/seo\/ -->\n<title>LE CREUSET Po\u00eale \u00e0 risotto ovale en fonte 27 cm noir matt - dev6 Erresse<\/title>\n<meta name=\"description\" content=\"TOUT LE MONDE \u00c0 TABLE ! Tout aussi polyvalente que le mod\u00e8le rond classique, cette cocotte ovale peut accueillir un gigot entier sans occuper tout le\" \/>\n<meta name=\"robots\" content=\"noindex, follow, max-snippet:-1, max-image-preview:large, max-video-preview:-1\" \/>\n<meta property=\"og:locale\" content=\"fr_FR\" \/>\n<meta property=\"og:type\" content=\"article\" \/>\n<meta property=\"og:title\" content=\"LE CREUSET Po\u00eale \u00e0 risotto ovale en fonte 27 cm noir matt - dev6 Erresse\" \/>\n<meta property=\"og:description\" content=\"TOUT LE MONDE \u00c0 TABLE ! Tout aussi polyvalente que le mod\u00e8le rond classique, cette cocotte ovale peut accueillir un gigot entier sans occuper tout le\" \/>\n<meta property=\"og:url\" content=\"https:\/\/dev6.erresse-shop.it\/fr\/shop\/poeles-pots\/sauteuses-et-faitout\/le-creuset-poele-a-risotto-ovale-en-fonte-27-cm-noir-matt\/\" \/>\n<meta property=\"og:site_name\" content=\"dev6 Erresse\" \/>\n<meta property=\"og:image\" content=\"https:\/\/interpim.erresse-shop.it\/Import\/Prodotti\/le-creuset-tegame-risotto-ovale-in-ghisa-vetrificata.jpg\" \/><meta property=\"og:image\" content=\"https:\/\/interpim.erresse-shop.it\/Import\/Prodotti\/le-creuset-tegame-risotto-ovale-in-ghisa-vetrificata.jpg\" \/>\n\t<meta property=\"og:image:width\" content=\"1024\" \/>\n\t<meta property=\"og:image:height\" content=\"1024\" \/>\n\t<meta property=\"og:image:type\" content=\"image\/jpeg\" \/>\n<meta name=\"twitter:card\" content=\"summary_large_image\" \/>\n<meta name=\"twitter:image\" content=\"https:\/\/interpim.erresse-shop.it\/Import\/Prodotti\/le-creuset-tegame-risotto-ovale-in-ghisa-vetrificata.jpg\" \/>\n<script type=\"application\/ld+json\" class=\"yoast-schema-graph\">{\"@context\":\"https:\/\/schema.org\",\"@graph\":[{\"@type\":\"WebPage\",\"@id\":\"https:\/\/dev6.erresse-shop.it\/fr\/shop\/poeles-pots\/sauteuses-et-faitout\/le-creuset-poele-a-risotto-ovale-en-fonte-27-cm-noir-matt\/\",\"url\":\"https:\/\/dev6.erresse-shop.it\/fr\/shop\/poeles-pots\/sauteuses-et-faitout\/le-creuset-poele-a-risotto-ovale-en-fonte-27-cm-noir-matt\/\",\"name\":\"LE CREUSET Po\u00eale \u00e0 risotto ovale en fonte 27 cm noir matt - dev6 Erresse\",\"isPartOf\":{\"@id\":\"https:\/\/dev6.erresse-shop.it\/#website\"},\"primaryImageOfPage\":{\"@id\":\"https:\/\/dev6.erresse-shop.it\/fr\/shop\/poeles-pots\/sauteuses-et-faitout\/le-creuset-poele-a-risotto-ovale-en-fonte-27-cm-noir-matt\/#primaryimage\"},\"image\":{\"@id\":\"https:\/\/dev6.erresse-shop.it\/fr\/shop\/poeles-pots\/sauteuses-et-faitout\/le-creuset-poele-a-risotto-ovale-en-fonte-27-cm-noir-matt\/#primaryimage\"},\"thumbnailUrl\":\"https:\/\/i3.wp.com\/interpim.erresse-shop.it\/Import\/Prodotti\/le-creuset-tegame-risotto-ovale-in-ghisa-vetrificata.jpg?ssl=1\",\"datePublished\":\"2026-04-12T07:17:59+00:00\",\"description\":\"TOUT LE MONDE \u00c0 TABLE ! Tout aussi polyvalente que le mod\u00e8le rond classique, cette cocotte ovale peut accueillir un gigot entier sans occuper tout le\",\"breadcrumb\":{\"@id\":\"https:\/\/dev6.erresse-shop.it\/fr\/shop\/poeles-pots\/sauteuses-et-faitout\/le-creuset-poele-a-risotto-ovale-en-fonte-27-cm-noir-matt\/#breadcrumb\"},\"inLanguage\":\"fr-FR\",\"potentialAction\":[{\"@type\":\"ReadAction\",\"target\":[\"https:\/\/dev6.erresse-shop.it\/fr\/shop\/poeles-pots\/sauteuses-et-faitout\/le-creuset-poele-a-risotto-ovale-en-fonte-27-cm-noir-matt\/\"]}]},{\"@type\":\"ImageObject\",\"inLanguage\":\"fr-FR\",\"@id\":\"https:\/\/dev6.erresse-shop.it\/fr\/shop\/poeles-pots\/sauteuses-et-faitout\/le-creuset-poele-a-risotto-ovale-en-fonte-27-cm-noir-matt\/#primaryimage\",\"url\":\"https:\/\/i3.wp.com\/interpim.erresse-shop.it\/Import\/Prodotti\/le-creuset-tegame-risotto-ovale-in-ghisa-vetrificata.jpg?ssl=1\",\"contentUrl\":\"https:\/\/i3.wp.com\/interpim.erresse-shop.it\/Import\/Prodotti\/le-creuset-tegame-risotto-ovale-in-ghisa-vetrificata.jpg?ssl=1\"},{\"@type\":\"BreadcrumbList\",\"@id\":\"https:\/\/dev6.erresse-shop.it\/fr\/shop\/poeles-pots\/sauteuses-et-faitout\/le-creuset-poele-a-risotto-ovale-en-fonte-27-cm-noir-matt\/#breadcrumb\",\"itemListElement\":[{\"@type\":\"ListItem\",\"position\":1,\"name\":\"Home\",\"item\":\"https:\/\/dev6.erresse-shop.it\/\"},{\"@type\":\"ListItem\",\"position\":2,\"name\":\"Boutique\",\"item\":\"https:\/\/dev6.erresse-shop.it\/shop\/\"},{\"@type\":\"ListItem\",\"position\":3,\"name\":\"LE CREUSET Po\u00eale \u00e0 risotto ovale en fonte 27 cm noir matt\"}]},{\"@type\":\"WebSite\",\"@id\":\"https:\/\/dev6.erresse-shop.it\/#website\",\"url\":\"https:\/\/dev6.erresse-shop.it\/\",\"name\":\"Erresse Shop\",\"description\":\"\",\"publisher\":{\"@id\":\"https:\/\/dev6.erresse-shop.it\/#organization\"},\"potentialAction\":[{\"@type\":\"SearchAction\",\"target\":{\"@type\":\"EntryPoint\",\"urlTemplate\":\"https:\/\/dev6.erresse-shop.it\/?s={search_term_string}\"},\"query-input\":{\"@type\":\"PropertyValueSpecification\",\"valueRequired\":true,\"valueName\":\"search_term_string\"}}],\"inLanguage\":\"fr-FR\"},{\"@type\":\"Organization\",\"@id\":\"https:\/\/dev6.erresse-shop.it\/#organization\",\"name\":\"Erresse Shop\",\"url\":\"https:\/\/dev6.erresse-shop.it\/\",\"logo\":{\"@type\":\"ImageObject\",\"inLanguage\":\"fr-FR\",\"@id\":\"https:\/\/dev6.erresse-shop.it\/#\/schema\/logo\/image\/\",\"url\":\"https:\/\/dev6.erresse-shop.it\/wp-content\/uploads\/2025\/01\/LOGO-ERRESSE-CLASSICO.svg\",\"contentUrl\":\"https:\/\/dev6.erresse-shop.it\/wp-content\/uploads\/2025\/01\/LOGO-ERRESSE-CLASSICO.svg\",\"caption\":\"Erresse Shop\"},\"image\":{\"@id\":\"https:\/\/dev6.erresse-shop.it\/#\/schema\/logo\/image\/\"}}]}<\/script>\n<!-- \/ Yoast SEO plugin. -->","yoast_head_json":{"title":"LE CREUSET Po\u00eale \u00e0 risotto ovale en fonte 27 cm noir matt - dev6 Erresse","description":"TOUT LE MONDE \u00c0 TABLE ! Tout aussi polyvalente que le mod\u00e8le rond classique, cette cocotte ovale peut accueillir un gigot entier sans occuper tout le","robots":{"index":"noindex","follow":"follow","max-snippet":"max-snippet:-1","max-image-preview":"max-image-preview:large","max-video-preview":"max-video-preview:-1"},"og_locale":"fr_FR","og_type":"article","og_title":"LE CREUSET Po\u00eale \u00e0 risotto ovale en fonte 27 cm noir matt - dev6 Erresse","og_description":"TOUT LE MONDE \u00c0 TABLE ! Tout aussi polyvalente que le mod\u00e8le rond classique, cette cocotte ovale peut accueillir un gigot entier sans occuper tout le","og_url":"https:\/\/dev6.erresse-shop.it\/fr\/shop\/poeles-pots\/sauteuses-et-faitout\/le-creuset-poele-a-risotto-ovale-en-fonte-27-cm-noir-matt\/","og_site_name":"dev6 Erresse","og_image":[{"url":"https:\/\/interpim.erresse-shop.it\/Import\/Prodotti\/le-creuset-tegame-risotto-ovale-in-ghisa-vetrificata.jpg","type":"","width":"","height":""},{"url":"https:\/\/interpim.erresse-shop.it\/Import\/Prodotti\/le-creuset-tegame-risotto-ovale-in-ghisa-vetrificata.jpg","width":1024,"height":1024,"type":"image\/jpeg"}],"twitter_card":"summary_large_image","twitter_image":"https:\/\/interpim.erresse-shop.it\/Import\/Prodotti\/le-creuset-tegame-risotto-ovale-in-ghisa-vetrificata.jpg","schema":{"@context":"https:\/\/schema.org","@graph":[{"@type":"WebPage","@id":"https:\/\/dev6.erresse-shop.it\/fr\/shop\/poeles-pots\/sauteuses-et-faitout\/le-creuset-poele-a-risotto-ovale-en-fonte-27-cm-noir-matt\/","url":"https:\/\/dev6.erresse-shop.it\/fr\/shop\/poeles-pots\/sauteuses-et-faitout\/le-creuset-poele-a-risotto-ovale-en-fonte-27-cm-noir-matt\/","name":"LE CREUSET Po\u00eale \u00e0 risotto ovale en fonte 27 cm noir matt - dev6 Erresse","isPartOf":{"@id":"https:\/\/dev6.erresse-shop.it\/#website"},"primaryImageOfPage":{"@id":"https:\/\/dev6.erresse-shop.it\/fr\/shop\/poeles-pots\/sauteuses-et-faitout\/le-creuset-poele-a-risotto-ovale-en-fonte-27-cm-noir-matt\/#primaryimage"},"image":{"@id":"https:\/\/dev6.erresse-shop.it\/fr\/shop\/poeles-pots\/sauteuses-et-faitout\/le-creuset-poele-a-risotto-ovale-en-fonte-27-cm-noir-matt\/#primaryimage"},"thumbnailUrl":"https:\/\/i3.wp.com\/interpim.erresse-shop.it\/Import\/Prodotti\/le-creuset-tegame-risotto-ovale-in-ghisa-vetrificata.jpg?ssl=1","datePublished":"2026-04-12T07:17:59+00:00","description":"TOUT LE MONDE \u00c0 TABLE ! Tout aussi polyvalente que le mod\u00e8le rond classique, cette cocotte ovale peut accueillir un gigot entier sans occuper tout le","breadcrumb":{"@id":"https:\/\/dev6.erresse-shop.it\/fr\/shop\/poeles-pots\/sauteuses-et-faitout\/le-creuset-poele-a-risotto-ovale-en-fonte-27-cm-noir-matt\/#breadcrumb"},"inLanguage":"fr-FR","potentialAction":[{"@type":"ReadAction","target":["https:\/\/dev6.erresse-shop.it\/fr\/shop\/poeles-pots\/sauteuses-et-faitout\/le-creuset-poele-a-risotto-ovale-en-fonte-27-cm-noir-matt\/"]}]},{"@type":"ImageObject","inLanguage":"fr-FR","@id":"https:\/\/dev6.erresse-shop.it\/fr\/shop\/poeles-pots\/sauteuses-et-faitout\/le-creuset-poele-a-risotto-ovale-en-fonte-27-cm-noir-matt\/#primaryimage","url":"https:\/\/i3.wp.com\/interpim.erresse-shop.it\/Import\/Prodotti\/le-creuset-tegame-risotto-ovale-in-ghisa-vetrificata.jpg?ssl=1","contentUrl":"https:\/\/i3.wp.com\/interpim.erresse-shop.it\/Import\/Prodotti\/le-creuset-tegame-risotto-ovale-in-ghisa-vetrificata.jpg?ssl=1"},{"@type":"BreadcrumbList","@id":"https:\/\/dev6.erresse-shop.it\/fr\/shop\/poeles-pots\/sauteuses-et-faitout\/le-creuset-poele-a-risotto-ovale-en-fonte-27-cm-noir-matt\/#breadcrumb","itemListElement":[{"@type":"ListItem","position":1,"name":"Home","item":"https:\/\/dev6.erresse-shop.it\/"},{"@type":"ListItem","position":2,"name":"Boutique","item":"https:\/\/dev6.erresse-shop.it\/shop\/"},{"@type":"ListItem","position":3,"name":"LE CREUSET Po\u00eale \u00e0 risotto ovale en fonte 27 cm noir matt"}]},{"@type":"WebSite","@id":"https:\/\/dev6.erresse-shop.it\/#website","url":"https:\/\/dev6.erresse-shop.it\/","name":"Erresse Shop","description":"","publisher":{"@id":"https:\/\/dev6.erresse-shop.it\/#organization"},"potentialAction":[{"@type":"SearchAction","target":{"@type":"EntryPoint","urlTemplate":"https:\/\/dev6.erresse-shop.it\/?s={search_term_string}"},"query-input":{"@type":"PropertyValueSpecification","valueRequired":true,"valueName":"search_term_string"}}],"inLanguage":"fr-FR"},{"@type":"Organization","@id":"https:\/\/dev6.erresse-shop.it\/#organization","name":"Erresse Shop","url":"https:\/\/dev6.erresse-shop.it\/","logo":{"@type":"ImageObject","inLanguage":"fr-FR","@id":"https:\/\/dev6.erresse-shop.it\/#\/schema\/logo\/image\/","url":"https:\/\/dev6.erresse-shop.it\/wp-content\/uploads\/2025\/01\/LOGO-ERRESSE-CLASSICO.svg","contentUrl":"https:\/\/dev6.erresse-shop.it\/wp-content\/uploads\/2025\/01\/LOGO-ERRESSE-CLASSICO.svg","caption":"Erresse Shop"},"image":{"@id":"https:\/\/dev6.erresse-shop.it\/#\/schema\/logo\/image\/"}}]}},"df_price":219.95,"df_sale_price":219.95,"df_regular_price":309,"df_image_link":"https:\/\/i3.wp.com\/interpim.erresse-shop.it\/Import\/Prodotti\/le-creuset-tegame-risotto-ovale-in-ghisa-vetrificata.jpg?resize=300,300&ssl=1","fifu_image_url":"https:\/\/interpim.erresse-shop.it\/Import\/Prodotti\/le-creuset-tegame-risotto-ovale-in-ghisa-vetrificata.jpg","_links":{"self":[{"href":"https:\/\/dev6.erresse-shop.it\/fr\/wp-json\/wp\/v2\/product\/60739","targetHints":{"allow":["GET"]}}],"collection":[{"href":"https:\/\/dev6.erresse-shop.it\/fr\/wp-json\/wp\/v2\/product"}],"about":[{"href":"https:\/\/dev6.erresse-shop.it\/fr\/wp-json\/wp\/v2\/types\/product"}],"wp:featuredmedia":[{"embeddable":true,"href":"https:\/\/dev6.erresse-shop.it\/fr\/wp-json\/wp\/v2\/media\/6359137"}],"wp:attachment":[{"href":"https:\/\/dev6.erresse-shop.it\/fr\/wp-json\/wp\/v2\/media?parent=60739"}],"wp:term":[{"taxonomy":"product_cat","embeddable":true,"href":"https:\/\/dev6.erresse-shop.it\/fr\/wp-json\/wp\/v2\/product_cat?post=60739"},{"taxonomy":"product_tag","embeddable":true,"href":"https:\/\/dev6.erresse-shop.it\/fr\/wp-json\/wp\/v2\/product_tag?post=60739"}],"curies":[{"name":"wp","href":"https:\/\/api.w.org\/{rel}","templated":true}]}}