{"id":60737,"date":"2026-04-12T09:17:59","date_gmt":"2026-04-12T07:17:59","guid":{"rendered":"https:\/\/dev6.erresse-shop.it\/shop\/non%20class\u00e9\/le-creuset-marmite-22-cm-orange\/"},"modified":"2025-09-14T04:41:47","modified_gmt":"2025-09-14T02:41:47","slug":"le-creuset-marmite-22-cm-orange","status":"publish","type":"product","link":"https:\/\/dev6.erresse-shop.it\/fr\/shop\/poeles-pots\/sauteuses-et-faitout\/le-creuset-marmite-22-cm-orange\/","title":{"rendered":"LE CREUSET Marmite 22 cm Orange"},"content":{"rendered":"<p>Faites mijoter un rago\u00fbt sur la plaque de cuisson ou laissez-le mijoter au four, pour permettre aux d\u00e9licieuses saveurs de s\u2019intensifier et de se m\u00e9langer.<\/p>\n<p>D\u00e9tails<\/p>\n<p>Notre bouton r\u00e9sistant \u00e0 la chaleur (jusqu\u2019\u00e0 260 \u00b0C) est con\u00e7u pour une excellente prise en main, m\u00eame lorsque vous utilisez une manique pour soulever le couvercle.<br \/>\nNettoyage rapide : une fine couche int\u00e9rieure vitrifi\u00e9e facilite le nettoyage.<br \/>\nDes poign\u00e9es de r\u00eave : gr\u00e2ce \u00e0 nos larges poign\u00e9es, vous pouvez passer facilement de la table de cuisson \u00e0 la table, m\u00eame en utilisant des gants de cuisine.<br \/>\nPolyvalence : ce produit convient \u00e9galement pour le four en mode grill et pour la cuisini\u00e8re.<br \/>\nDes aliments savoureux : la fonte vitrifi\u00e9e retient la chaleur pour une cuisson et un brunissement uniformes. Vos d\u00e9licieuses cr\u00e9ations resteront chaudes plus longtemps, m\u00eame \u00e0 table.<br \/>\nPr\u00e9serve la succulence : notre couvercle retient la vapeur g\u00e9n\u00e9r\u00e9e par la cuisson des aliments et exalte les saveurs pour des r\u00e9sultats de cuisson extraordinaires.<br \/>\nFacile \u00e0 tenir : les poign\u00e9es \u00e9l\u00e9gantes et confortables vous permettent de soulever le produit en toute s\u00e9curit\u00e9.<br \/>\nLe meilleur de sa cat\u00e9gorie : nos produits sont fabriqu\u00e9s \u00e0 partir des meilleurs mat\u00e9riaux dans des usines du monde entier afin de garantir la qualit\u00e9 que vous attendez de Le Creuset.<\/p>\n<p>Mat\u00e9riau Fonte \u00e9maill\u00e9e<\/p>\n<p>Fabriqu\u00e9 en France<\/p>\n<p>Garantie \u00e0 vie<\/p>\n<p>Source de chaleur<\/p>\n<p>Four<br \/>\nMode gril du four<br \/>\nTable de cuisson \u00e9lectrique<br \/>\nVerre c\u00e9ramique<br \/>\nTable de cuisson \u00e0 gaz<br \/>\nTable de cuisson \u00e0 induction<\/p>\n<p>Dimensions :<\/p>\n<p>Capacit\u00e9 : 2,2 L<br \/>\nLongueur : 29,9 cm<br \/>\nLargeur : 23,8 cm<br \/>\nHauteur : 13,2 cm<br \/>\nProfondeur : 7,6 cm<\/p>\n<p>Stockage<br \/>\nConvient pour le cong\u00e9lateur<\/p>\n<p>Soins<br \/>\nLavable au lave-vaisselle<\/p>\n<p>Avant la premi\u00e8re utilisation<\/p>\n<p>Profitez du moment o\u00f9 vous ouvrez le paquet de votre nouvel achat ! Et veillez \u00e0 retirer toutes les \u00e9tiquettes et tous les emballages.<br \/>\nLavez votre produit Le Creuset \u00e0 l\u2019eau chaude savonneuse, puis rincez-le et s\u00e9chez-le soigneusement.<\/p>\n<p>Cuisine<br \/>\nProt\u00e9gez-vous en utilisant toujours des maniques lorsque vous manipulez des ustensiles chauds.<br \/>\nNous vous recommandons d\u2019utiliser des ustensiles en silicone Le Creuset ou des ustensiles en bois ou en plastique r\u00e9sistant \u00e0 la chaleur. Utilisez les ustensiles m\u00e9talliques avec pr\u00e9caution, en veillant \u00e0 \u00eatre doux et \u00e0 ne pas racler la surface de cuisson, car cela pourrait l\u2019endommager.<br \/>\nUtilisez le produit sur la plaque de cuisson de la taille la plus appropri\u00e9e : cela rendra la cuisson des aliments plus uniforme et r\u00e9duira le risque d\u2019endommager les poign\u00e9es et les bords. Ceci est particuli\u00e8rement important pour les plaques \u00e0 induction : si l\u2019anneau utilis\u00e9 n\u2019est pas de la bonne taille, il y a un risque que la plaque ne \u201d reconnaisse \u201d pas le produit.<br \/>\nLa cuisson \u00e0 feu moyen ou doux donne les meilleurs r\u00e9sultats. Chauffez le produit progressivement pour obtenir des saveurs extraordinaires et une cuisson uniforme. S\u2019il est n\u00e9cessaire d\u2019utiliser une chaleur plus \u00e9lev\u00e9e, baissez l\u2019intensit\u00e9 une fois que le niveau de chaleur souhait\u00e9 est atteint.<br \/>\nNe faites pas glisser et\/ou glisser le produit sur une plaque de cuisson en verre car cela pourrait endommager la base du produit et le verre. Soulevez toujours le produit lorsque vous le placez, le d\u00e9placez ou le retirez de la surface.<\/p>\n<p>Nettoyer<br \/>\nAttendez que le produit refroidisse compl\u00e8tement avant de commencer \u00e0 le nettoyer.<br \/>\nEnlevez tout r\u00e9sidu alimentaire de la base et des bords du produit. Pour les r\u00e9sidus alimentaires tenaces, remplissez le produit d\u2019eau chaude savonneuse et laissez-le tremper pendant 15 \u00e0 20 minutes avant de le laver comme d\u2019habitude.<br \/>\nN\u2019utilisez pas de nettoyants abrasifs ou de m\u00e9tal, d\u2019\u00e9ponges abrasives ou de brosses tr\u00e8s dures et rigides pour nettoyer les surfaces.<br \/>\nApr\u00e8s le lavage, s\u00e9chez soigneusement le produit et stockez-le dans un endroit sec.<\/p>\n","protected":false},"excerpt":{"rendered":"<p>Faites mijoter un rago\u00fbt sur la plaque de cuisson ou laissez-le mijoter au four, pour permettre aux d\u00e9licieuses saveurs de s\u2019intensifier et de se m\u00e9langer. D\u00e9tails Notre bouton r\u00e9sistant \u00e0 la chaleur (jusqu\u2019\u00e0 260 \u00b0C) est con\u00e7u pour une excellente prise en main, m\u00eame lorsque vous utilisez une manique pour soulever le couvercle. Nettoyage rapide [&hellip;]<\/p>\n","protected":false},"featured_media":6359128,"template":"","meta":{"_acf_changed":false},"product_cat":[11667,11991,12012],"product_tag":[],"class_list":{"0":"post-60737","1":"product","2":"type-product","3":"status-publish","4":"has-post-thumbnail","6":"product_cat-padelle-pentole","7":"product_cat-poeles-pots","8":"product_cat-sauteuses-et-faitout","10":"first","11":"outofstock","12":"sale","13":"taxable","14":"shipping-taxable","15":"purchasable","16":"product-type-simple","swatches":"rey-swatches","show_selected":"","stretch_labels":"rey-swatches--stretch-labels"},"acf":[],"yoast_head":"<!-- This site is optimized with the Yoast SEO plugin v25.4 - https:\/\/yoast.com\/wordpress\/plugins\/seo\/ -->\n<title>LE CREUSET Marmite 22 cm Orange - dev6 Erresse<\/title>\n<meta name=\"description\" content=\"Faites mijoter un rago\u00fbt sur la plaque de cuisson ou laissez-le mijoter au four, pour permettre aux d\u00e9licieuses saveurs de s\u2019intensifier et de se\" \/>\n<meta name=\"robots\" content=\"noindex, follow, max-snippet:-1, max-image-preview:large, max-video-preview:-1\" \/>\n<meta property=\"og:locale\" content=\"fr_FR\" \/>\n<meta property=\"og:type\" content=\"article\" \/>\n<meta property=\"og:title\" content=\"LE CREUSET Marmite 22 cm Orange - dev6 Erresse\" \/>\n<meta property=\"og:description\" content=\"Faites mijoter un rago\u00fbt sur la plaque de cuisson ou laissez-le mijoter au four, pour permettre aux d\u00e9licieuses saveurs de s\u2019intensifier et de se\" \/>\n<meta property=\"og:url\" content=\"https:\/\/dev6.erresse-shop.it\/fr\/shop\/poeles-pots\/sauteuses-et-faitout\/le-creuset-marmite-22-cm-orange\/\" \/>\n<meta property=\"og:site_name\" content=\"dev6 Erresse\" \/>\n<meta property=\"og:image\" content=\"https:\/\/interpim.erresse-shop.it\/Import\/Prodotti\/le-creuset-tegame-basso-arancio-22-cm1.jpg\" \/><meta property=\"og:image\" content=\"https:\/\/interpim.erresse-shop.it\/Import\/Prodotti\/le-creuset-tegame-basso-arancio-22-cm1.jpg\" \/>\n\t<meta property=\"og:image:width\" content=\"1024\" \/>\n\t<meta property=\"og:image:height\" content=\"1024\" \/>\n\t<meta property=\"og:image:type\" content=\"image\/jpeg\" \/>\n<meta name=\"twitter:card\" content=\"summary_large_image\" \/>\n<meta name=\"twitter:image\" content=\"https:\/\/interpim.erresse-shop.it\/Import\/Prodotti\/le-creuset-tegame-basso-arancio-22-cm1.jpg\" \/>\n<script type=\"application\/ld+json\" class=\"yoast-schema-graph\">{\"@context\":\"https:\/\/schema.org\",\"@graph\":[{\"@type\":\"WebPage\",\"@id\":\"https:\/\/dev6.erresse-shop.it\/fr\/shop\/poeles-pots\/sauteuses-et-faitout\/le-creuset-marmite-22-cm-orange\/\",\"url\":\"https:\/\/dev6.erresse-shop.it\/fr\/shop\/poeles-pots\/sauteuses-et-faitout\/le-creuset-marmite-22-cm-orange\/\",\"name\":\"LE CREUSET Marmite 22 cm Orange - dev6 Erresse\",\"isPartOf\":{\"@id\":\"https:\/\/dev6.erresse-shop.it\/#website\"},\"primaryImageOfPage\":{\"@id\":\"https:\/\/dev6.erresse-shop.it\/fr\/shop\/poeles-pots\/sauteuses-et-faitout\/le-creuset-marmite-22-cm-orange\/#primaryimage\"},\"image\":{\"@id\":\"https:\/\/dev6.erresse-shop.it\/fr\/shop\/poeles-pots\/sauteuses-et-faitout\/le-creuset-marmite-22-cm-orange\/#primaryimage\"},\"thumbnailUrl\":\"https:\/\/i3.wp.com\/interpim.erresse-shop.it\/Import\/Prodotti\/le-creuset-tegame-basso-arancio-22-cm1.jpg?ssl=1\",\"datePublished\":\"2026-04-12T07:17:59+00:00\",\"description\":\"Faites mijoter un rago\u00fbt sur la plaque de cuisson ou laissez-le mijoter au four, pour permettre aux d\u00e9licieuses saveurs de s\u2019intensifier et de se\",\"breadcrumb\":{\"@id\":\"https:\/\/dev6.erresse-shop.it\/fr\/shop\/poeles-pots\/sauteuses-et-faitout\/le-creuset-marmite-22-cm-orange\/#breadcrumb\"},\"inLanguage\":\"fr-FR\",\"potentialAction\":[{\"@type\":\"ReadAction\",\"target\":[\"https:\/\/dev6.erresse-shop.it\/fr\/shop\/poeles-pots\/sauteuses-et-faitout\/le-creuset-marmite-22-cm-orange\/\"]}]},{\"@type\":\"ImageObject\",\"inLanguage\":\"fr-FR\",\"@id\":\"https:\/\/dev6.erresse-shop.it\/fr\/shop\/poeles-pots\/sauteuses-et-faitout\/le-creuset-marmite-22-cm-orange\/#primaryimage\",\"url\":\"https:\/\/i3.wp.com\/interpim.erresse-shop.it\/Import\/Prodotti\/le-creuset-tegame-basso-arancio-22-cm1.jpg?ssl=1\",\"contentUrl\":\"https:\/\/i3.wp.com\/interpim.erresse-shop.it\/Import\/Prodotti\/le-creuset-tegame-basso-arancio-22-cm1.jpg?ssl=1\"},{\"@type\":\"BreadcrumbList\",\"@id\":\"https:\/\/dev6.erresse-shop.it\/fr\/shop\/poeles-pots\/sauteuses-et-faitout\/le-creuset-marmite-22-cm-orange\/#breadcrumb\",\"itemListElement\":[{\"@type\":\"ListItem\",\"position\":1,\"name\":\"Home\",\"item\":\"https:\/\/dev6.erresse-shop.it\/\"},{\"@type\":\"ListItem\",\"position\":2,\"name\":\"Boutique\",\"item\":\"https:\/\/dev6.erresse-shop.it\/shop\/\"},{\"@type\":\"ListItem\",\"position\":3,\"name\":\"LE CREUSET Marmite 22 cm Orange\"}]},{\"@type\":\"WebSite\",\"@id\":\"https:\/\/dev6.erresse-shop.it\/#website\",\"url\":\"https:\/\/dev6.erresse-shop.it\/\",\"name\":\"Erresse Shop\",\"description\":\"\",\"publisher\":{\"@id\":\"https:\/\/dev6.erresse-shop.it\/#organization\"},\"potentialAction\":[{\"@type\":\"SearchAction\",\"target\":{\"@type\":\"EntryPoint\",\"urlTemplate\":\"https:\/\/dev6.erresse-shop.it\/?s={search_term_string}\"},\"query-input\":{\"@type\":\"PropertyValueSpecification\",\"valueRequired\":true,\"valueName\":\"search_term_string\"}}],\"inLanguage\":\"fr-FR\"},{\"@type\":\"Organization\",\"@id\":\"https:\/\/dev6.erresse-shop.it\/#organization\",\"name\":\"Erresse Shop\",\"url\":\"https:\/\/dev6.erresse-shop.it\/\",\"logo\":{\"@type\":\"ImageObject\",\"inLanguage\":\"fr-FR\",\"@id\":\"https:\/\/dev6.erresse-shop.it\/#\/schema\/logo\/image\/\",\"url\":\"https:\/\/dev6.erresse-shop.it\/wp-content\/uploads\/2025\/01\/LOGO-ERRESSE-CLASSICO.svg\",\"contentUrl\":\"https:\/\/dev6.erresse-shop.it\/wp-content\/uploads\/2025\/01\/LOGO-ERRESSE-CLASSICO.svg\",\"caption\":\"Erresse Shop\"},\"image\":{\"@id\":\"https:\/\/dev6.erresse-shop.it\/#\/schema\/logo\/image\/\"}}]}<\/script>\n<!-- \/ Yoast SEO plugin. -->","yoast_head_json":{"title":"LE CREUSET Marmite 22 cm Orange - dev6 Erresse","description":"Faites mijoter un rago\u00fbt sur la plaque de cuisson ou laissez-le mijoter au four, pour permettre aux d\u00e9licieuses saveurs de s\u2019intensifier et de se","robots":{"index":"noindex","follow":"follow","max-snippet":"max-snippet:-1","max-image-preview":"max-image-preview:large","max-video-preview":"max-video-preview:-1"},"og_locale":"fr_FR","og_type":"article","og_title":"LE CREUSET Marmite 22 cm Orange - dev6 Erresse","og_description":"Faites mijoter un rago\u00fbt sur la plaque de cuisson ou laissez-le mijoter au four, pour permettre aux d\u00e9licieuses saveurs de s\u2019intensifier et de se","og_url":"https:\/\/dev6.erresse-shop.it\/fr\/shop\/poeles-pots\/sauteuses-et-faitout\/le-creuset-marmite-22-cm-orange\/","og_site_name":"dev6 Erresse","og_image":[{"url":"https:\/\/interpim.erresse-shop.it\/Import\/Prodotti\/le-creuset-tegame-basso-arancio-22-cm1.jpg","type":"","width":"","height":""},{"url":"https:\/\/interpim.erresse-shop.it\/Import\/Prodotti\/le-creuset-tegame-basso-arancio-22-cm1.jpg","width":1024,"height":1024,"type":"image\/jpeg"}],"twitter_card":"summary_large_image","twitter_image":"https:\/\/interpim.erresse-shop.it\/Import\/Prodotti\/le-creuset-tegame-basso-arancio-22-cm1.jpg","schema":{"@context":"https:\/\/schema.org","@graph":[{"@type":"WebPage","@id":"https:\/\/dev6.erresse-shop.it\/fr\/shop\/poeles-pots\/sauteuses-et-faitout\/le-creuset-marmite-22-cm-orange\/","url":"https:\/\/dev6.erresse-shop.it\/fr\/shop\/poeles-pots\/sauteuses-et-faitout\/le-creuset-marmite-22-cm-orange\/","name":"LE CREUSET Marmite 22 cm Orange - dev6 Erresse","isPartOf":{"@id":"https:\/\/dev6.erresse-shop.it\/#website"},"primaryImageOfPage":{"@id":"https:\/\/dev6.erresse-shop.it\/fr\/shop\/poeles-pots\/sauteuses-et-faitout\/le-creuset-marmite-22-cm-orange\/#primaryimage"},"image":{"@id":"https:\/\/dev6.erresse-shop.it\/fr\/shop\/poeles-pots\/sauteuses-et-faitout\/le-creuset-marmite-22-cm-orange\/#primaryimage"},"thumbnailUrl":"https:\/\/i3.wp.com\/interpim.erresse-shop.it\/Import\/Prodotti\/le-creuset-tegame-basso-arancio-22-cm1.jpg?ssl=1","datePublished":"2026-04-12T07:17:59+00:00","description":"Faites mijoter un rago\u00fbt sur la plaque de cuisson ou laissez-le mijoter au four, pour permettre aux d\u00e9licieuses saveurs de s\u2019intensifier et de se","breadcrumb":{"@id":"https:\/\/dev6.erresse-shop.it\/fr\/shop\/poeles-pots\/sauteuses-et-faitout\/le-creuset-marmite-22-cm-orange\/#breadcrumb"},"inLanguage":"fr-FR","potentialAction":[{"@type":"ReadAction","target":["https:\/\/dev6.erresse-shop.it\/fr\/shop\/poeles-pots\/sauteuses-et-faitout\/le-creuset-marmite-22-cm-orange\/"]}]},{"@type":"ImageObject","inLanguage":"fr-FR","@id":"https:\/\/dev6.erresse-shop.it\/fr\/shop\/poeles-pots\/sauteuses-et-faitout\/le-creuset-marmite-22-cm-orange\/#primaryimage","url":"https:\/\/i3.wp.com\/interpim.erresse-shop.it\/Import\/Prodotti\/le-creuset-tegame-basso-arancio-22-cm1.jpg?ssl=1","contentUrl":"https:\/\/i3.wp.com\/interpim.erresse-shop.it\/Import\/Prodotti\/le-creuset-tegame-basso-arancio-22-cm1.jpg?ssl=1"},{"@type":"BreadcrumbList","@id":"https:\/\/dev6.erresse-shop.it\/fr\/shop\/poeles-pots\/sauteuses-et-faitout\/le-creuset-marmite-22-cm-orange\/#breadcrumb","itemListElement":[{"@type":"ListItem","position":1,"name":"Home","item":"https:\/\/dev6.erresse-shop.it\/"},{"@type":"ListItem","position":2,"name":"Boutique","item":"https:\/\/dev6.erresse-shop.it\/shop\/"},{"@type":"ListItem","position":3,"name":"LE CREUSET Marmite 22 cm Orange"}]},{"@type":"WebSite","@id":"https:\/\/dev6.erresse-shop.it\/#website","url":"https:\/\/dev6.erresse-shop.it\/","name":"Erresse Shop","description":"","publisher":{"@id":"https:\/\/dev6.erresse-shop.it\/#organization"},"potentialAction":[{"@type":"SearchAction","target":{"@type":"EntryPoint","urlTemplate":"https:\/\/dev6.erresse-shop.it\/?s={search_term_string}"},"query-input":{"@type":"PropertyValueSpecification","valueRequired":true,"valueName":"search_term_string"}}],"inLanguage":"fr-FR"},{"@type":"Organization","@id":"https:\/\/dev6.erresse-shop.it\/#organization","name":"Erresse Shop","url":"https:\/\/dev6.erresse-shop.it\/","logo":{"@type":"ImageObject","inLanguage":"fr-FR","@id":"https:\/\/dev6.erresse-shop.it\/#\/schema\/logo\/image\/","url":"https:\/\/dev6.erresse-shop.it\/wp-content\/uploads\/2025\/01\/LOGO-ERRESSE-CLASSICO.svg","contentUrl":"https:\/\/dev6.erresse-shop.it\/wp-content\/uploads\/2025\/01\/LOGO-ERRESSE-CLASSICO.svg","caption":"Erresse Shop"},"image":{"@id":"https:\/\/dev6.erresse-shop.it\/#\/schema\/logo\/image\/"}}]}},"df_price":159.95,"df_sale_price":159.95,"df_regular_price":225,"df_image_link":"https:\/\/i3.wp.com\/interpim.erresse-shop.it\/Import\/Prodotti\/le-creuset-tegame-basso-arancio-22-cm1.jpg?resize=300,300&ssl=1","fifu_image_url":"https:\/\/interpim.erresse-shop.it\/Import\/Prodotti\/le-creuset-tegame-basso-arancio-22-cm1.jpg","_links":{"self":[{"href":"https:\/\/dev6.erresse-shop.it\/fr\/wp-json\/wp\/v2\/product\/60737","targetHints":{"allow":["GET"]}}],"collection":[{"href":"https:\/\/dev6.erresse-shop.it\/fr\/wp-json\/wp\/v2\/product"}],"about":[{"href":"https:\/\/dev6.erresse-shop.it\/fr\/wp-json\/wp\/v2\/types\/product"}],"wp:featuredmedia":[{"embeddable":true,"href":"https:\/\/dev6.erresse-shop.it\/fr\/wp-json\/wp\/v2\/media\/6359128"}],"wp:attachment":[{"href":"https:\/\/dev6.erresse-shop.it\/fr\/wp-json\/wp\/v2\/media?parent=60737"}],"wp:term":[{"taxonomy":"product_cat","embeddable":true,"href":"https:\/\/dev6.erresse-shop.it\/fr\/wp-json\/wp\/v2\/product_cat?post=60737"},{"taxonomy":"product_tag","embeddable":true,"href":"https:\/\/dev6.erresse-shop.it\/fr\/wp-json\/wp\/v2\/product_tag?post=60737"}],"curies":[{"name":"wp","href":"https:\/\/api.w.org\/{rel}","templated":true}]}}