{"id":60733,"date":"2026-04-12T09:17:59","date_gmt":"2026-04-12T07:17:59","guid":{"rendered":"https:\/\/dev6.erresse-shop.it\/shop\/non%20class\u00e9\/le-creuset-marmitte-22-cm-noir\/"},"modified":"2025-09-14T04:41:41","modified_gmt":"2025-09-14T02:41:41","slug":"le-creuset-marmitte-22-cm-noir","status":"publish","type":"product","link":"https:\/\/dev6.erresse-shop.it\/fr\/shop\/poeles-pots\/marmites-et-cocottes-poeles-pots\/le-creuset-marmitte-22-cm-noir\/","title":{"rendered":"LE CREUSET Marmitte 22 cm Noir"},"content":{"rendered":"<p>Faites mijoter votre rago\u00fbt pr\u00e9f\u00e9r\u00e9 sur la cuisini\u00e8re ou laissez-le mijoter au four, en laissant toutes ces d\u00e9licieuses saveurs s\u2019approfondir et se m\u00e9langer.<br \/>\nAvec ses c\u00f4t\u00e9s inclin\u00e9s, son couvercle bomb\u00e9 et sa r\u00e9tention uniforme de la chaleur, cette marmite ronde en fonte rend les repas en casserole encore plus satisfaisants \u00e0 cuisiner.<\/p>\n<p>Restez calme : notre bouton r\u00e9sistant \u00e0 la chaleur (jusqu\u2019\u00e0 260\u00b0C) est con\u00e7u pour une meilleure prise en main, m\u00eame lorsque vous utilisez des gants de cuisine pour soulever le couvercle.<br \/>\nNettoyage rapide : l\u2019int\u00e9rieur \u00e9maill\u00e9 transparent facilite le nettoyage.<br \/>\nDes poign\u00e9es de r\u00eave : gr\u00e2ce \u00e0 nos grandes poign\u00e9es, vous pouvez facilement passer de la plaque de cuisson au four et \u00e0 la table, m\u00eame en portant des gants de cuisine.<br \/>\nUn v\u00e9ritable bourreau de travail : il convient pour le four, la plaque de cuisson, l\u2019induction ou le gril.<br \/>\nDes aliments d\u00e9licieux \u00e0 d\u00e9guster : la structure en fonte retient la chaleur pour une cuisson et un brunissage uniformes. Vos d\u00e9licieuses cr\u00e9ations resteront chaudes encore plus longtemps \u00e0 table.<br \/>\nConservez l\u2019humidit\u00e9 : notre couvercle herm\u00e9tique permet d\u2019augmenter l\u2019humidit\u00e9 et d\u2019am\u00e9liorer la saveur, pour des aliments parfaitement cuits.<br \/>\nPrise en main facile : ses poign\u00e9es \u00e9l\u00e9gantes et confortables permettent de le soulever en toute s\u00e9curit\u00e9.<br \/>\nLe meilleur de sa cat\u00e9gorie : nos produits sont fabriqu\u00e9s \u00e0 partir des meilleurs mat\u00e9riaux dans des installations du monde entier, garantissant ainsi la qualit\u00e9 que vous attendez de Le Creuset.<\/p>\n<p>Mat\u00e9riau : fonte vitrifi\u00e9e<br \/>\nFabriqu\u00e9 en : France<br \/>\nGarantie : \u00e0 vie<\/p>\n<p>Source de chaleur:<\/p>\n<p>Four<br \/>\nMode gril du four<br \/>\nTable de cuisson \u00e9lectrique<br \/>\nVerre c\u00e9ramique<br \/>\nTable de cuisson \u00e0 gaz<\/p>\n<p style=\"text-align: left;\">Plaque \u00e0 induction<\/p>\n<p>Nettoyage et entretien:<\/p>\n<p>Attendez que le produit refroidisse avant de commencer \u00e0 le nettoyer.<br \/>\nNettoyez les restes de la base et des c\u00f4t\u00e9s du produit. Si des aliments y sont coll\u00e9s, remplissez le produit d\u2019eau chaude savonneuse et laissez-le tremper pendant 15 \u00e0 20 minutes avant de le laver comme d\u2019habitude.<br \/>\nN\u2019utilisez pas de nettoyants abrasifs ni d\u2019\u00e9ponges ou de brosses m\u00e9talliques tr\u00e8s rigides sur aucune des surfaces.<br \/>\nBien s\u00e9cher apr\u00e8s le lavage et conserver dans un endroit sec.<\/p>\n","protected":false},"excerpt":{"rendered":"<p>Faites mijoter votre rago\u00fbt pr\u00e9f\u00e9r\u00e9 sur la cuisini\u00e8re ou laissez-le mijoter au four, en laissant toutes ces d\u00e9licieuses saveurs s\u2019approfondir et se m\u00e9langer. Avec ses c\u00f4t\u00e9s inclin\u00e9s, son couvercle bomb\u00e9 et sa r\u00e9tention uniforme de la chaleur, cette marmite ronde en fonte rend les repas en casserole encore plus satisfaisants \u00e0 cuisiner. Restez calme : [&hellip;]<\/p>\n","protected":false},"featured_media":6359100,"template":"","meta":{"_acf_changed":false},"product_cat":[12000,11667,11991],"product_tag":[],"class_list":{"0":"post-60733","1":"product","2":"type-product","3":"status-publish","4":"has-post-thumbnail","6":"product_cat-marmites-et-cocottes-poeles-pots","7":"product_cat-padelle-pentole","8":"product_cat-poeles-pots","10":"first","11":"outofstock","12":"sale","13":"taxable","14":"shipping-taxable","15":"purchasable","16":"product-type-simple","swatches":"rey-swatches","show_selected":"","stretch_labels":"rey-swatches--stretch-labels"},"acf":[],"yoast_head":"<!-- This site is optimized with the Yoast SEO plugin v25.4 - https:\/\/yoast.com\/wordpress\/plugins\/seo\/ -->\n<title>LE CREUSET Marmitte 22 cm Noir - dev6 Erresse<\/title>\n<meta name=\"description\" content=\"Faites mijoter votre rago\u00fbt pr\u00e9f\u00e9r\u00e9 sur la cuisini\u00e8re ou laissez-le mijoter au four, en laissant toutes ces d\u00e9licieuses saveurs s\u2019approfondir et se\" \/>\n<meta name=\"robots\" content=\"noindex, follow, max-snippet:-1, max-image-preview:large, max-video-preview:-1\" \/>\n<meta property=\"og:locale\" content=\"fr_FR\" \/>\n<meta property=\"og:type\" content=\"article\" \/>\n<meta property=\"og:title\" content=\"LE CREUSET Marmitte 22 cm Noir - dev6 Erresse\" \/>\n<meta property=\"og:description\" content=\"Faites mijoter votre rago\u00fbt pr\u00e9f\u00e9r\u00e9 sur la cuisini\u00e8re ou laissez-le mijoter au four, en laissant toutes ces d\u00e9licieuses saveurs s\u2019approfondir et se\" \/>\n<meta property=\"og:url\" content=\"https:\/\/dev6.erresse-shop.it\/fr\/shop\/poeles-pots\/marmites-et-cocottes-poeles-pots\/le-creuset-marmitte-22-cm-noir\/\" \/>\n<meta property=\"og:site_name\" content=\"dev6 Erresse\" \/>\n<meta property=\"og:image\" content=\"https:\/\/interpim.erresse-shop.it\/Import\/Prodotti\/le-creuset-marmitta-nero-26-cm4.jpg\" \/><meta property=\"og:image\" content=\"https:\/\/interpim.erresse-shop.it\/Import\/Prodotti\/le-creuset-marmitta-nero-26-cm4.jpg\" \/>\n\t<meta property=\"og:image:width\" content=\"1024\" \/>\n\t<meta property=\"og:image:height\" content=\"1024\" \/>\n\t<meta property=\"og:image:type\" content=\"image\/jpeg\" \/>\n<meta name=\"twitter:card\" content=\"summary_large_image\" \/>\n<meta name=\"twitter:image\" content=\"https:\/\/interpim.erresse-shop.it\/Import\/Prodotti\/le-creuset-marmitta-nero-26-cm4.jpg\" \/>\n<script type=\"application\/ld+json\" class=\"yoast-schema-graph\">{\"@context\":\"https:\/\/schema.org\",\"@graph\":[{\"@type\":\"WebPage\",\"@id\":\"https:\/\/dev6.erresse-shop.it\/fr\/shop\/poeles-pots\/marmites-et-cocottes-poeles-pots\/le-creuset-marmitte-22-cm-noir\/\",\"url\":\"https:\/\/dev6.erresse-shop.it\/fr\/shop\/poeles-pots\/marmites-et-cocottes-poeles-pots\/le-creuset-marmitte-22-cm-noir\/\",\"name\":\"LE CREUSET Marmitte 22 cm Noir - dev6 Erresse\",\"isPartOf\":{\"@id\":\"https:\/\/dev6.erresse-shop.it\/#website\"},\"primaryImageOfPage\":{\"@id\":\"https:\/\/dev6.erresse-shop.it\/fr\/shop\/poeles-pots\/marmites-et-cocottes-poeles-pots\/le-creuset-marmitte-22-cm-noir\/#primaryimage\"},\"image\":{\"@id\":\"https:\/\/dev6.erresse-shop.it\/fr\/shop\/poeles-pots\/marmites-et-cocottes-poeles-pots\/le-creuset-marmitte-22-cm-noir\/#primaryimage\"},\"thumbnailUrl\":\"https:\/\/i2.wp.com\/interpim.erresse-shop.it\/Import\/Prodotti\/le-creuset-marmitta-nero-26-cm4.jpg?ssl=1\",\"datePublished\":\"2026-04-12T07:17:59+00:00\",\"description\":\"Faites mijoter votre rago\u00fbt pr\u00e9f\u00e9r\u00e9 sur la cuisini\u00e8re ou laissez-le mijoter au four, en laissant toutes ces d\u00e9licieuses saveurs s\u2019approfondir et se\",\"breadcrumb\":{\"@id\":\"https:\/\/dev6.erresse-shop.it\/fr\/shop\/poeles-pots\/marmites-et-cocottes-poeles-pots\/le-creuset-marmitte-22-cm-noir\/#breadcrumb\"},\"inLanguage\":\"fr-FR\",\"potentialAction\":[{\"@type\":\"ReadAction\",\"target\":[\"https:\/\/dev6.erresse-shop.it\/fr\/shop\/poeles-pots\/marmites-et-cocottes-poeles-pots\/le-creuset-marmitte-22-cm-noir\/\"]}]},{\"@type\":\"ImageObject\",\"inLanguage\":\"fr-FR\",\"@id\":\"https:\/\/dev6.erresse-shop.it\/fr\/shop\/poeles-pots\/marmites-et-cocottes-poeles-pots\/le-creuset-marmitte-22-cm-noir\/#primaryimage\",\"url\":\"https:\/\/i2.wp.com\/interpim.erresse-shop.it\/Import\/Prodotti\/le-creuset-marmitta-nero-26-cm4.jpg?ssl=1\",\"contentUrl\":\"https:\/\/i2.wp.com\/interpim.erresse-shop.it\/Import\/Prodotti\/le-creuset-marmitta-nero-26-cm4.jpg?ssl=1\"},{\"@type\":\"BreadcrumbList\",\"@id\":\"https:\/\/dev6.erresse-shop.it\/fr\/shop\/poeles-pots\/marmites-et-cocottes-poeles-pots\/le-creuset-marmitte-22-cm-noir\/#breadcrumb\",\"itemListElement\":[{\"@type\":\"ListItem\",\"position\":1,\"name\":\"Home\",\"item\":\"https:\/\/dev6.erresse-shop.it\/\"},{\"@type\":\"ListItem\",\"position\":2,\"name\":\"Boutique\",\"item\":\"https:\/\/dev6.erresse-shop.it\/shop\/\"},{\"@type\":\"ListItem\",\"position\":3,\"name\":\"LE CREUSET Marmitte 22 cm Noir\"}]},{\"@type\":\"WebSite\",\"@id\":\"https:\/\/dev6.erresse-shop.it\/#website\",\"url\":\"https:\/\/dev6.erresse-shop.it\/\",\"name\":\"Erresse Shop\",\"description\":\"\",\"publisher\":{\"@id\":\"https:\/\/dev6.erresse-shop.it\/#organization\"},\"potentialAction\":[{\"@type\":\"SearchAction\",\"target\":{\"@type\":\"EntryPoint\",\"urlTemplate\":\"https:\/\/dev6.erresse-shop.it\/?s={search_term_string}\"},\"query-input\":{\"@type\":\"PropertyValueSpecification\",\"valueRequired\":true,\"valueName\":\"search_term_string\"}}],\"inLanguage\":\"fr-FR\"},{\"@type\":\"Organization\",\"@id\":\"https:\/\/dev6.erresse-shop.it\/#organization\",\"name\":\"Erresse Shop\",\"url\":\"https:\/\/dev6.erresse-shop.it\/\",\"logo\":{\"@type\":\"ImageObject\",\"inLanguage\":\"fr-FR\",\"@id\":\"https:\/\/dev6.erresse-shop.it\/#\/schema\/logo\/image\/\",\"url\":\"https:\/\/dev6.erresse-shop.it\/wp-content\/uploads\/2025\/01\/LOGO-ERRESSE-CLASSICO.svg\",\"contentUrl\":\"https:\/\/dev6.erresse-shop.it\/wp-content\/uploads\/2025\/01\/LOGO-ERRESSE-CLASSICO.svg\",\"caption\":\"Erresse Shop\"},\"image\":{\"@id\":\"https:\/\/dev6.erresse-shop.it\/#\/schema\/logo\/image\/\"}}]}<\/script>\n<!-- \/ Yoast SEO plugin. -->","yoast_head_json":{"title":"LE CREUSET Marmitte 22 cm Noir - dev6 Erresse","description":"Faites mijoter votre rago\u00fbt pr\u00e9f\u00e9r\u00e9 sur la cuisini\u00e8re ou laissez-le mijoter au four, en laissant toutes ces d\u00e9licieuses saveurs s\u2019approfondir et se","robots":{"index":"noindex","follow":"follow","max-snippet":"max-snippet:-1","max-image-preview":"max-image-preview:large","max-video-preview":"max-video-preview:-1"},"og_locale":"fr_FR","og_type":"article","og_title":"LE CREUSET Marmitte 22 cm Noir - dev6 Erresse","og_description":"Faites mijoter votre rago\u00fbt pr\u00e9f\u00e9r\u00e9 sur la cuisini\u00e8re ou laissez-le mijoter au four, en laissant toutes ces d\u00e9licieuses saveurs s\u2019approfondir et se","og_url":"https:\/\/dev6.erresse-shop.it\/fr\/shop\/poeles-pots\/marmites-et-cocottes-poeles-pots\/le-creuset-marmitte-22-cm-noir\/","og_site_name":"dev6 Erresse","og_image":[{"url":"https:\/\/interpim.erresse-shop.it\/Import\/Prodotti\/le-creuset-marmitta-nero-26-cm4.jpg","type":"","width":"","height":""},{"url":"https:\/\/interpim.erresse-shop.it\/Import\/Prodotti\/le-creuset-marmitta-nero-26-cm4.jpg","width":1024,"height":1024,"type":"image\/jpeg"}],"twitter_card":"summary_large_image","twitter_image":"https:\/\/interpim.erresse-shop.it\/Import\/Prodotti\/le-creuset-marmitta-nero-26-cm4.jpg","schema":{"@context":"https:\/\/schema.org","@graph":[{"@type":"WebPage","@id":"https:\/\/dev6.erresse-shop.it\/fr\/shop\/poeles-pots\/marmites-et-cocottes-poeles-pots\/le-creuset-marmitte-22-cm-noir\/","url":"https:\/\/dev6.erresse-shop.it\/fr\/shop\/poeles-pots\/marmites-et-cocottes-poeles-pots\/le-creuset-marmitte-22-cm-noir\/","name":"LE CREUSET Marmitte 22 cm Noir - dev6 Erresse","isPartOf":{"@id":"https:\/\/dev6.erresse-shop.it\/#website"},"primaryImageOfPage":{"@id":"https:\/\/dev6.erresse-shop.it\/fr\/shop\/poeles-pots\/marmites-et-cocottes-poeles-pots\/le-creuset-marmitte-22-cm-noir\/#primaryimage"},"image":{"@id":"https:\/\/dev6.erresse-shop.it\/fr\/shop\/poeles-pots\/marmites-et-cocottes-poeles-pots\/le-creuset-marmitte-22-cm-noir\/#primaryimage"},"thumbnailUrl":"https:\/\/i2.wp.com\/interpim.erresse-shop.it\/Import\/Prodotti\/le-creuset-marmitta-nero-26-cm4.jpg?ssl=1","datePublished":"2026-04-12T07:17:59+00:00","description":"Faites mijoter votre rago\u00fbt pr\u00e9f\u00e9r\u00e9 sur la cuisini\u00e8re ou laissez-le mijoter au four, en laissant toutes ces d\u00e9licieuses saveurs s\u2019approfondir et se","breadcrumb":{"@id":"https:\/\/dev6.erresse-shop.it\/fr\/shop\/poeles-pots\/marmites-et-cocottes-poeles-pots\/le-creuset-marmitte-22-cm-noir\/#breadcrumb"},"inLanguage":"fr-FR","potentialAction":[{"@type":"ReadAction","target":["https:\/\/dev6.erresse-shop.it\/fr\/shop\/poeles-pots\/marmites-et-cocottes-poeles-pots\/le-creuset-marmitte-22-cm-noir\/"]}]},{"@type":"ImageObject","inLanguage":"fr-FR","@id":"https:\/\/dev6.erresse-shop.it\/fr\/shop\/poeles-pots\/marmites-et-cocottes-poeles-pots\/le-creuset-marmitte-22-cm-noir\/#primaryimage","url":"https:\/\/i2.wp.com\/interpim.erresse-shop.it\/Import\/Prodotti\/le-creuset-marmitta-nero-26-cm4.jpg?ssl=1","contentUrl":"https:\/\/i2.wp.com\/interpim.erresse-shop.it\/Import\/Prodotti\/le-creuset-marmitta-nero-26-cm4.jpg?ssl=1"},{"@type":"BreadcrumbList","@id":"https:\/\/dev6.erresse-shop.it\/fr\/shop\/poeles-pots\/marmites-et-cocottes-poeles-pots\/le-creuset-marmitte-22-cm-noir\/#breadcrumb","itemListElement":[{"@type":"ListItem","position":1,"name":"Home","item":"https:\/\/dev6.erresse-shop.it\/"},{"@type":"ListItem","position":2,"name":"Boutique","item":"https:\/\/dev6.erresse-shop.it\/shop\/"},{"@type":"ListItem","position":3,"name":"LE CREUSET Marmitte 22 cm Noir"}]},{"@type":"WebSite","@id":"https:\/\/dev6.erresse-shop.it\/#website","url":"https:\/\/dev6.erresse-shop.it\/","name":"Erresse Shop","description":"","publisher":{"@id":"https:\/\/dev6.erresse-shop.it\/#organization"},"potentialAction":[{"@type":"SearchAction","target":{"@type":"EntryPoint","urlTemplate":"https:\/\/dev6.erresse-shop.it\/?s={search_term_string}"},"query-input":{"@type":"PropertyValueSpecification","valueRequired":true,"valueName":"search_term_string"}}],"inLanguage":"fr-FR"},{"@type":"Organization","@id":"https:\/\/dev6.erresse-shop.it\/#organization","name":"Erresse Shop","url":"https:\/\/dev6.erresse-shop.it\/","logo":{"@type":"ImageObject","inLanguage":"fr-FR","@id":"https:\/\/dev6.erresse-shop.it\/#\/schema\/logo\/image\/","url":"https:\/\/dev6.erresse-shop.it\/wp-content\/uploads\/2025\/01\/LOGO-ERRESSE-CLASSICO.svg","contentUrl":"https:\/\/dev6.erresse-shop.it\/wp-content\/uploads\/2025\/01\/LOGO-ERRESSE-CLASSICO.svg","caption":"Erresse Shop"},"image":{"@id":"https:\/\/dev6.erresse-shop.it\/#\/schema\/logo\/image\/"}}]}},"df_price":209.95,"df_sale_price":209.95,"df_regular_price":299,"df_image_link":"https:\/\/i2.wp.com\/interpim.erresse-shop.it\/Import\/Prodotti\/le-creuset-marmitta-nero-26-cm4.jpg?resize=300,300&ssl=1","fifu_image_url":"https:\/\/interpim.erresse-shop.it\/Import\/Prodotti\/le-creuset-marmitta-nero-26-cm4.jpg","_links":{"self":[{"href":"https:\/\/dev6.erresse-shop.it\/fr\/wp-json\/wp\/v2\/product\/60733","targetHints":{"allow":["GET"]}}],"collection":[{"href":"https:\/\/dev6.erresse-shop.it\/fr\/wp-json\/wp\/v2\/product"}],"about":[{"href":"https:\/\/dev6.erresse-shop.it\/fr\/wp-json\/wp\/v2\/types\/product"}],"wp:featuredmedia":[{"embeddable":true,"href":"https:\/\/dev6.erresse-shop.it\/fr\/wp-json\/wp\/v2\/media\/6359100"}],"wp:attachment":[{"href":"https:\/\/dev6.erresse-shop.it\/fr\/wp-json\/wp\/v2\/media?parent=60733"}],"wp:term":[{"taxonomy":"product_cat","embeddable":true,"href":"https:\/\/dev6.erresse-shop.it\/fr\/wp-json\/wp\/v2\/product_cat?post=60733"},{"taxonomy":"product_tag","embeddable":true,"href":"https:\/\/dev6.erresse-shop.it\/fr\/wp-json\/wp\/v2\/product_tag?post=60733"}],"curies":[{"name":"wp","href":"https:\/\/api.w.org\/{rel}","templated":true}]}}