{"id":60731,"date":"2026-04-10T09:56:41","date_gmt":"2026-04-10T07:56:41","guid":{"rendered":"https:\/\/dev6.erresse-shop.it\/shop\/non%20class\u00e9\/le-creuset-cocotte-ronde-haute-en-fonte-emaillee-26-cm-noire-brillant\/"},"modified":"2025-09-14T04:41:38","modified_gmt":"2025-09-14T02:41:38","slug":"le-creuset-cocotte-ronde-haute-en-fonte-emaillee-26-cm-noire-brillant","status":"publish","type":"product","link":"https:\/\/dev6.erresse-shop.it\/fr\/shop\/poeles-pots\/marmites-et-cocottes-poeles-pots\/le-creuset-cocotte-ronde-haute-en-fonte-emaillee-26-cm-noire-brillant\/","title":{"rendered":"LE CREUSET Cocotte Ronde Haute en fonte \u00e9maill\u00e9e 26 cm Noire Brillant"},"content":{"rendered":"<p>Des portions g\u00e9n\u00e9reuses pour tous<br \/>\nDans la marmite en fonte vitrifi\u00e9e, vous pouvez cuisiner des portions g\u00e9n\u00e9reuses gr\u00e2ce \u00e0 ses hautes parois. Utilisez-le pour pr\u00e9parer des soupes, des rago\u00fbts et bien d\u2019autres choses encore, notamment lorsque vous devez cuisiner pour un grand nombre de personnes. Avec cette grande cocotte, vous pouvez servir 8 \u00e0 10 portions. Apportez-le \u00e0 la table et invitez chacun \u00e0 se servir.<\/p>\n<p>D\u00e9tails du produit<br \/>\nNotre bouton r\u00e9sistant \u00e0 la chaleur (jusqu\u2019\u00e0 260 \u00b0C) est con\u00e7u pour une prise en main optimale, m\u00eame lorsque vous utilisez une manique pour soulever le couvercle.<br \/>\nNettoyage rapide : une fine couche int\u00e9rieure vitrifi\u00e9e facilite le nettoyage.<br \/>\nDe grandes poign\u00e9es : gr\u00e2ce \u00e0 nos grandes poign\u00e9es, vous pouvez passer facilement de la table de cuisson \u00e0 la table, m\u00eame en utilisant des gants de cuisine.<br \/>\nPolyvalence : ce produit est adapt\u00e9 au mode four, cuisini\u00e8re et gril.<br \/>\nDes aliments savoureux : la fonte vitrifi\u00e9e retient la chaleur pour une cuisson et un brunissement uniformes. Vos d\u00e9licieuses cr\u00e9ations resteront chaudes plus longtemps \u00e0 table.<br \/>\nPr\u00e9serve la succulence : notre couvercle retient la vapeur g\u00e9n\u00e9r\u00e9e par la cuisson des aliments et exalte les saveurs pour des r\u00e9sultats de cuisson extraordinaires.<br \/>\nFacile \u00e0 tenir : les poign\u00e9es \u00e9l\u00e9gantes et confortables vous permettent de soulever le produit en toute s\u00e9curit\u00e9.<br \/>\nPas trop chaud : cuisinez avec un feu constant faible \u00e0 moyen pour prendre soin de votre produit en fonte vitrifi\u00e9e et obtenir des r\u00e9sultats d\u00e9licieux.<br \/>\nBest in Class : nos produits sont fabriqu\u00e9s \u00e0 partir des meilleurs mat\u00e9riaux dans des usines du monde entier pour garantir la qualit\u00e9 que vous attendez de Le Creuset.<\/p>\n<p>Mat\u00e9riau : Fonte \u00e9maill\u00e9e<br \/>\nFabriqu\u00e9 en : France<br \/>\nGarantie : Garantie \u00e0 vie<\/p>\n<p>Source de chaleur<br \/>\nMode gril du four<br \/>\nFour<br \/>\nTable de cuisson \u00e9lectrique<br \/>\nVerre c\u00e9ramique<br \/>\nTable de cuisson \u00e0 gaz<br \/>\nTable de cuisson \u00e0 induction<\/p>\n<p>Dimensions<br \/>\nCapacit\u00e9 : 5 L<br \/>\nLongueur : 35,3 cm<br \/>\nLargeur : 27,4 cm<br \/>\nHauteur : 17,2 cm<\/p>\n<p>Stockage<br \/>\nConvient pour le cong\u00e9lateur<\/p>\n<p>Soins<br \/>\nLavable au lave-vaisselle<\/p>\n<p>Avant la premi\u00e8re utilisation<br \/>\nProfitez du moment o\u00f9 vous ouvrez l\u2019emballage de votre nouvel achat ! Et veillez \u00e0 retirer toutes les \u00e9tiquettes et tous les emballages.<br \/>\nLavez votre produit Le Creuset \u00e0 l\u2019eau chaude savonneuse, puis rincez-le et s\u00e9chez-le soigneusement.<\/p>\n<p>Cuisine<br \/>\nProt\u00e9gez-vous toujours en utilisant des maniques lorsque vous manipulez des ustensiles chauds.<br \/>\nNous vous recommandons d\u2019utiliser uniquement des ustensiles Le Creuset en silicone ou des ustensiles en bois ou en plastique r\u00e9sistant \u00e0 la chaleur. NE PAS utiliser de couteaux ou d\u2019ustensiles en m\u00e9tal pour \u00e9viter les marques et les rayures sur la surface vitrifi\u00e9e du produit.<br \/>\nUtilisez le produit sur l\u2019anneau de la table de cuisson de la taille la plus appropri\u00e9e : cela permettra une cuisson plus uniforme des aliments et r\u00e9duira le risque d\u2019endommager les poign\u00e9es et les c\u00f4t\u00e9s. Ceci est particuli\u00e8rement important pour les plaques \u00e0 induction : si l\u2019anneau utilis\u00e9 n\u2019est pas de la bonne taille, il y a un risque que la plaque ne \u201d reconnaisse \u201d pas le produit.<br \/>\nLa cuisson \u00e0 feu moyen ou doux donne les meilleurs r\u00e9sultats. Faites chauffer la po\u00eale progressivement pour obtenir des saveurs extraordinaires et une cuisson uniforme. S\u2019il est n\u00e9cessaire d\u2019utiliser une chaleur \u00e9lev\u00e9e, baissez l\u2019intensit\u00e9 une fois que le niveau de chaleur souhait\u00e9 est atteint.<br \/>\nNe faites pas glisser le produit sur une plaque de cuisson en verre, car cela pourrait endommager la base du produit et le verre. Soulevez toujours le produit lorsque vous le placez, le d\u00e9placez ou le retirez de la surface.<\/p>\n<p>Nettoyer<br \/>\nAttendez que le produit refroidisse compl\u00e8tement avant de commencer \u00e0 le nettoyer.<br \/>\nEnlevez tout r\u00e9sidu de la base et des c\u00f4t\u00e9s du produit. Pour les r\u00e9sidus alimentaires tenaces, remplissez le produit d\u2019eau savonneuse ti\u00e8de, et laissez-le tremper pendant 15 \u00e0 20 minutes avant de le laver comme d\u2019habitude.<br \/>\nN\u2019utilisez pas de nettoyants abrasifs ou de m\u00e9tal, d\u2019\u00e9ponges abrasives ou de brosses tr\u00e8s dures et rigides pour nettoyer les surfaces.<br \/>\nApr\u00e8s le lavage, s\u00e9chez soigneusement le produit et stockez-le dans un endroit sec.<\/p>\n","protected":false},"excerpt":{"rendered":"<p>Des portions g\u00e9n\u00e9reuses pour tous Dans la marmite en fonte vitrifi\u00e9e, vous pouvez cuisiner des portions g\u00e9n\u00e9reuses gr\u00e2ce \u00e0 ses hautes parois. Utilisez-le pour pr\u00e9parer des soupes, des rago\u00fbts et bien d\u2019autres choses encore, notamment lorsque vous devez cuisiner pour un grand nombre de personnes. Avec cette grande cocotte, vous pouvez servir 8 \u00e0 10 [&hellip;]<\/p>\n","protected":false},"featured_media":6317449,"template":"","meta":{"_acf_changed":false},"product_cat":[12000,11667,11991],"product_tag":[],"class_list":{"0":"post-60731","1":"product","2":"type-product","3":"status-publish","4":"has-post-thumbnail","6":"product_cat-marmites-et-cocottes-poeles-pots","7":"product_cat-padelle-pentole","8":"product_cat-poeles-pots","10":"first","11":"outofstock","12":"sale","13":"taxable","14":"shipping-taxable","15":"purchasable","16":"product-type-simple","swatches":"rey-swatches","show_selected":"","stretch_labels":"rey-swatches--stretch-labels"},"acf":[],"yoast_head":"<!-- This site is optimized with the Yoast SEO plugin v25.4 - https:\/\/yoast.com\/wordpress\/plugins\/seo\/ -->\n<title>LE CREUSET Cocotte Ronde Haute en fonte \u00e9maill\u00e9e 26 cm Noire Brillant - dev6 Erresse<\/title>\n<meta name=\"description\" content=\"Des portions g\u00e9n\u00e9reuses pour tous Dans la marmite en fonte vitrifi\u00e9e, vous pouvez cuisiner des portions g\u00e9n\u00e9reuses gr\u00e2ce \u00e0 ses hautes parois. Utilisez-le\" \/>\n<meta name=\"robots\" content=\"noindex, follow, max-snippet:-1, max-image-preview:large, max-video-preview:-1\" \/>\n<meta property=\"og:locale\" content=\"fr_FR\" \/>\n<meta property=\"og:type\" content=\"article\" \/>\n<meta property=\"og:title\" content=\"LE CREUSET Cocotte Ronde Haute en fonte \u00e9maill\u00e9e 26 cm Noire Brillant - dev6 Erresse\" \/>\n<meta property=\"og:description\" content=\"Des portions g\u00e9n\u00e9reuses pour tous Dans la marmite en fonte vitrifi\u00e9e, vous pouvez cuisiner des portions g\u00e9n\u00e9reuses gr\u00e2ce \u00e0 ses hautes parois. Utilisez-le\" \/>\n<meta property=\"og:url\" content=\"https:\/\/dev6.erresse-shop.it\/fr\/shop\/poeles-pots\/marmites-et-cocottes-poeles-pots\/le-creuset-cocotte-ronde-haute-en-fonte-emaillee-26-cm-noire-brillant\/\" \/>\n<meta property=\"og:site_name\" content=\"dev6 Erresse\" \/>\n<meta property=\"og:image\" content=\"https:\/\/interpim.erresse-shop.it\/Import\/Prodotti\/le-creuset-cocotte-profonda-26-nero-lucido.webp\" \/><meta property=\"og:image\" content=\"https:\/\/interpim.erresse-shop.it\/Import\/Prodotti\/le-creuset-cocotte-profonda-26-nero-lucido.webp\" \/>\n\t<meta property=\"og:image:width\" content=\"1024\" \/>\n\t<meta property=\"og:image:height\" content=\"1024\" \/>\n\t<meta property=\"og:image:type\" content=\"image\/jpeg\" \/>\n<meta name=\"twitter:card\" content=\"summary_large_image\" \/>\n<meta name=\"twitter:image\" content=\"https:\/\/interpim.erresse-shop.it\/Import\/Prodotti\/le-creuset-cocotte-profonda-26-nero-lucido.webp\" \/>\n<script type=\"application\/ld+json\" class=\"yoast-schema-graph\">{\"@context\":\"https:\/\/schema.org\",\"@graph\":[{\"@type\":\"WebPage\",\"@id\":\"https:\/\/dev6.erresse-shop.it\/fr\/shop\/poeles-pots\/marmites-et-cocottes-poeles-pots\/le-creuset-cocotte-ronde-haute-en-fonte-emaillee-26-cm-noire-brillant\/\",\"url\":\"https:\/\/dev6.erresse-shop.it\/fr\/shop\/poeles-pots\/marmites-et-cocottes-poeles-pots\/le-creuset-cocotte-ronde-haute-en-fonte-emaillee-26-cm-noire-brillant\/\",\"name\":\"LE CREUSET Cocotte Ronde Haute en fonte \u00e9maill\u00e9e 26 cm Noire Brillant - dev6 Erresse\",\"isPartOf\":{\"@id\":\"https:\/\/dev6.erresse-shop.it\/#website\"},\"primaryImageOfPage\":{\"@id\":\"https:\/\/dev6.erresse-shop.it\/fr\/shop\/poeles-pots\/marmites-et-cocottes-poeles-pots\/le-creuset-cocotte-ronde-haute-en-fonte-emaillee-26-cm-noire-brillant\/#primaryimage\"},\"image\":{\"@id\":\"https:\/\/dev6.erresse-shop.it\/fr\/shop\/poeles-pots\/marmites-et-cocottes-poeles-pots\/le-creuset-cocotte-ronde-haute-en-fonte-emaillee-26-cm-noire-brillant\/#primaryimage\"},\"thumbnailUrl\":\"https:\/\/i1.wp.com\/interpim.erresse-shop.it\/Import\/Prodotti\/le-creuset-cocotte-profonda-26-nero-lucido.webp?ssl=1\",\"datePublished\":\"2026-04-10T07:56:41+00:00\",\"description\":\"Des portions g\u00e9n\u00e9reuses pour tous Dans la marmite en fonte vitrifi\u00e9e, vous pouvez cuisiner des portions g\u00e9n\u00e9reuses gr\u00e2ce \u00e0 ses hautes parois. Utilisez-le\",\"breadcrumb\":{\"@id\":\"https:\/\/dev6.erresse-shop.it\/fr\/shop\/poeles-pots\/marmites-et-cocottes-poeles-pots\/le-creuset-cocotte-ronde-haute-en-fonte-emaillee-26-cm-noire-brillant\/#breadcrumb\"},\"inLanguage\":\"fr-FR\",\"potentialAction\":[{\"@type\":\"ReadAction\",\"target\":[\"https:\/\/dev6.erresse-shop.it\/fr\/shop\/poeles-pots\/marmites-et-cocottes-poeles-pots\/le-creuset-cocotte-ronde-haute-en-fonte-emaillee-26-cm-noire-brillant\/\"]}]},{\"@type\":\"ImageObject\",\"inLanguage\":\"fr-FR\",\"@id\":\"https:\/\/dev6.erresse-shop.it\/fr\/shop\/poeles-pots\/marmites-et-cocottes-poeles-pots\/le-creuset-cocotte-ronde-haute-en-fonte-emaillee-26-cm-noire-brillant\/#primaryimage\",\"url\":\"https:\/\/i1.wp.com\/interpim.erresse-shop.it\/Import\/Prodotti\/le-creuset-cocotte-profonda-26-nero-lucido.webp?ssl=1\",\"contentUrl\":\"https:\/\/i1.wp.com\/interpim.erresse-shop.it\/Import\/Prodotti\/le-creuset-cocotte-profonda-26-nero-lucido.webp?ssl=1\"},{\"@type\":\"BreadcrumbList\",\"@id\":\"https:\/\/dev6.erresse-shop.it\/fr\/shop\/poeles-pots\/marmites-et-cocottes-poeles-pots\/le-creuset-cocotte-ronde-haute-en-fonte-emaillee-26-cm-noire-brillant\/#breadcrumb\",\"itemListElement\":[{\"@type\":\"ListItem\",\"position\":1,\"name\":\"Home\",\"item\":\"https:\/\/dev6.erresse-shop.it\/\"},{\"@type\":\"ListItem\",\"position\":2,\"name\":\"Boutique\",\"item\":\"https:\/\/dev6.erresse-shop.it\/shop\/\"},{\"@type\":\"ListItem\",\"position\":3,\"name\":\"LE CREUSET Cocotte Ronde Haute en fonte \u00e9maill\u00e9e 26 cm Noire Brillant\"}]},{\"@type\":\"WebSite\",\"@id\":\"https:\/\/dev6.erresse-shop.it\/#website\",\"url\":\"https:\/\/dev6.erresse-shop.it\/\",\"name\":\"Erresse Shop\",\"description\":\"\",\"publisher\":{\"@id\":\"https:\/\/dev6.erresse-shop.it\/#organization\"},\"potentialAction\":[{\"@type\":\"SearchAction\",\"target\":{\"@type\":\"EntryPoint\",\"urlTemplate\":\"https:\/\/dev6.erresse-shop.it\/?s={search_term_string}\"},\"query-input\":{\"@type\":\"PropertyValueSpecification\",\"valueRequired\":true,\"valueName\":\"search_term_string\"}}],\"inLanguage\":\"fr-FR\"},{\"@type\":\"Organization\",\"@id\":\"https:\/\/dev6.erresse-shop.it\/#organization\",\"name\":\"Erresse Shop\",\"url\":\"https:\/\/dev6.erresse-shop.it\/\",\"logo\":{\"@type\":\"ImageObject\",\"inLanguage\":\"fr-FR\",\"@id\":\"https:\/\/dev6.erresse-shop.it\/#\/schema\/logo\/image\/\",\"url\":\"https:\/\/dev6.erresse-shop.it\/wp-content\/uploads\/2025\/01\/LOGO-ERRESSE-CLASSICO.svg\",\"contentUrl\":\"https:\/\/dev6.erresse-shop.it\/wp-content\/uploads\/2025\/01\/LOGO-ERRESSE-CLASSICO.svg\",\"caption\":\"Erresse Shop\"},\"image\":{\"@id\":\"https:\/\/dev6.erresse-shop.it\/#\/schema\/logo\/image\/\"}}]}<\/script>\n<!-- \/ Yoast SEO plugin. -->","yoast_head_json":{"title":"LE CREUSET Cocotte Ronde Haute en fonte \u00e9maill\u00e9e 26 cm Noire Brillant - dev6 Erresse","description":"Des portions g\u00e9n\u00e9reuses pour tous Dans la marmite en fonte vitrifi\u00e9e, vous pouvez cuisiner des portions g\u00e9n\u00e9reuses gr\u00e2ce \u00e0 ses hautes parois. Utilisez-le","robots":{"index":"noindex","follow":"follow","max-snippet":"max-snippet:-1","max-image-preview":"max-image-preview:large","max-video-preview":"max-video-preview:-1"},"og_locale":"fr_FR","og_type":"article","og_title":"LE CREUSET Cocotte Ronde Haute en fonte \u00e9maill\u00e9e 26 cm Noire Brillant - dev6 Erresse","og_description":"Des portions g\u00e9n\u00e9reuses pour tous Dans la marmite en fonte vitrifi\u00e9e, vous pouvez cuisiner des portions g\u00e9n\u00e9reuses gr\u00e2ce \u00e0 ses hautes parois. Utilisez-le","og_url":"https:\/\/dev6.erresse-shop.it\/fr\/shop\/poeles-pots\/marmites-et-cocottes-poeles-pots\/le-creuset-cocotte-ronde-haute-en-fonte-emaillee-26-cm-noire-brillant\/","og_site_name":"dev6 Erresse","og_image":[{"url":"https:\/\/interpim.erresse-shop.it\/Import\/Prodotti\/le-creuset-cocotte-profonda-26-nero-lucido.webp","type":"","width":"","height":""},{"url":"https:\/\/interpim.erresse-shop.it\/Import\/Prodotti\/le-creuset-cocotte-profonda-26-nero-lucido.webp","width":1024,"height":1024,"type":"image\/jpeg"}],"twitter_card":"summary_large_image","twitter_image":"https:\/\/interpim.erresse-shop.it\/Import\/Prodotti\/le-creuset-cocotte-profonda-26-nero-lucido.webp","schema":{"@context":"https:\/\/schema.org","@graph":[{"@type":"WebPage","@id":"https:\/\/dev6.erresse-shop.it\/fr\/shop\/poeles-pots\/marmites-et-cocottes-poeles-pots\/le-creuset-cocotte-ronde-haute-en-fonte-emaillee-26-cm-noire-brillant\/","url":"https:\/\/dev6.erresse-shop.it\/fr\/shop\/poeles-pots\/marmites-et-cocottes-poeles-pots\/le-creuset-cocotte-ronde-haute-en-fonte-emaillee-26-cm-noire-brillant\/","name":"LE CREUSET Cocotte Ronde Haute en fonte \u00e9maill\u00e9e 26 cm Noire Brillant - dev6 Erresse","isPartOf":{"@id":"https:\/\/dev6.erresse-shop.it\/#website"},"primaryImageOfPage":{"@id":"https:\/\/dev6.erresse-shop.it\/fr\/shop\/poeles-pots\/marmites-et-cocottes-poeles-pots\/le-creuset-cocotte-ronde-haute-en-fonte-emaillee-26-cm-noire-brillant\/#primaryimage"},"image":{"@id":"https:\/\/dev6.erresse-shop.it\/fr\/shop\/poeles-pots\/marmites-et-cocottes-poeles-pots\/le-creuset-cocotte-ronde-haute-en-fonte-emaillee-26-cm-noire-brillant\/#primaryimage"},"thumbnailUrl":"https:\/\/i1.wp.com\/interpim.erresse-shop.it\/Import\/Prodotti\/le-creuset-cocotte-profonda-26-nero-lucido.webp?ssl=1","datePublished":"2026-04-10T07:56:41+00:00","description":"Des portions g\u00e9n\u00e9reuses pour tous Dans la marmite en fonte vitrifi\u00e9e, vous pouvez cuisiner des portions g\u00e9n\u00e9reuses gr\u00e2ce \u00e0 ses hautes parois. Utilisez-le","breadcrumb":{"@id":"https:\/\/dev6.erresse-shop.it\/fr\/shop\/poeles-pots\/marmites-et-cocottes-poeles-pots\/le-creuset-cocotte-ronde-haute-en-fonte-emaillee-26-cm-noire-brillant\/#breadcrumb"},"inLanguage":"fr-FR","potentialAction":[{"@type":"ReadAction","target":["https:\/\/dev6.erresse-shop.it\/fr\/shop\/poeles-pots\/marmites-et-cocottes-poeles-pots\/le-creuset-cocotte-ronde-haute-en-fonte-emaillee-26-cm-noire-brillant\/"]}]},{"@type":"ImageObject","inLanguage":"fr-FR","@id":"https:\/\/dev6.erresse-shop.it\/fr\/shop\/poeles-pots\/marmites-et-cocottes-poeles-pots\/le-creuset-cocotte-ronde-haute-en-fonte-emaillee-26-cm-noire-brillant\/#primaryimage","url":"https:\/\/i1.wp.com\/interpim.erresse-shop.it\/Import\/Prodotti\/le-creuset-cocotte-profonda-26-nero-lucido.webp?ssl=1","contentUrl":"https:\/\/i1.wp.com\/interpim.erresse-shop.it\/Import\/Prodotti\/le-creuset-cocotte-profonda-26-nero-lucido.webp?ssl=1"},{"@type":"BreadcrumbList","@id":"https:\/\/dev6.erresse-shop.it\/fr\/shop\/poeles-pots\/marmites-et-cocottes-poeles-pots\/le-creuset-cocotte-ronde-haute-en-fonte-emaillee-26-cm-noire-brillant\/#breadcrumb","itemListElement":[{"@type":"ListItem","position":1,"name":"Home","item":"https:\/\/dev6.erresse-shop.it\/"},{"@type":"ListItem","position":2,"name":"Boutique","item":"https:\/\/dev6.erresse-shop.it\/shop\/"},{"@type":"ListItem","position":3,"name":"LE CREUSET Cocotte Ronde Haute en fonte \u00e9maill\u00e9e 26 cm Noire Brillant"}]},{"@type":"WebSite","@id":"https:\/\/dev6.erresse-shop.it\/#website","url":"https:\/\/dev6.erresse-shop.it\/","name":"Erresse Shop","description":"","publisher":{"@id":"https:\/\/dev6.erresse-shop.it\/#organization"},"potentialAction":[{"@type":"SearchAction","target":{"@type":"EntryPoint","urlTemplate":"https:\/\/dev6.erresse-shop.it\/?s={search_term_string}"},"query-input":{"@type":"PropertyValueSpecification","valueRequired":true,"valueName":"search_term_string"}}],"inLanguage":"fr-FR"},{"@type":"Organization","@id":"https:\/\/dev6.erresse-shop.it\/#organization","name":"Erresse Shop","url":"https:\/\/dev6.erresse-shop.it\/","logo":{"@type":"ImageObject","inLanguage":"fr-FR","@id":"https:\/\/dev6.erresse-shop.it\/#\/schema\/logo\/image\/","url":"https:\/\/dev6.erresse-shop.it\/wp-content\/uploads\/2025\/01\/LOGO-ERRESSE-CLASSICO.svg","contentUrl":"https:\/\/dev6.erresse-shop.it\/wp-content\/uploads\/2025\/01\/LOGO-ERRESSE-CLASSICO.svg","caption":"Erresse Shop"},"image":{"@id":"https:\/\/dev6.erresse-shop.it\/#\/schema\/logo\/image\/"}}]}},"df_price":279.95,"df_sale_price":279.95,"df_regular_price":395,"df_image_link":"https:\/\/i1.wp.com\/interpim.erresse-shop.it\/Import\/Prodotti\/le-creuset-cocotte-profonda-26-nero-lucido.webp?resize=300,300&ssl=1","fifu_image_url":"https:\/\/interpim.erresse-shop.it\/Import\/Prodotti\/le-creuset-cocotte-profonda-26-nero-lucido.webp","_links":{"self":[{"href":"https:\/\/dev6.erresse-shop.it\/fr\/wp-json\/wp\/v2\/product\/60731","targetHints":{"allow":["GET"]}}],"collection":[{"href":"https:\/\/dev6.erresse-shop.it\/fr\/wp-json\/wp\/v2\/product"}],"about":[{"href":"https:\/\/dev6.erresse-shop.it\/fr\/wp-json\/wp\/v2\/types\/product"}],"wp:featuredmedia":[{"embeddable":true,"href":"https:\/\/dev6.erresse-shop.it\/fr\/wp-json\/wp\/v2\/media\/6317449"}],"wp:attachment":[{"href":"https:\/\/dev6.erresse-shop.it\/fr\/wp-json\/wp\/v2\/media?parent=60731"}],"wp:term":[{"taxonomy":"product_cat","embeddable":true,"href":"https:\/\/dev6.erresse-shop.it\/fr\/wp-json\/wp\/v2\/product_cat?post=60731"},{"taxonomy":"product_tag","embeddable":true,"href":"https:\/\/dev6.erresse-shop.it\/fr\/wp-json\/wp\/v2\/product_tag?post=60731"}],"curies":[{"name":"wp","href":"https:\/\/api.w.org\/{rel}","templated":true}]}}