{"id":60725,"date":"2026-04-12T09:17:59","date_gmt":"2026-04-12T07:17:59","guid":{"rendered":"https:\/\/dev6.erresse-shop.it\/shop\/non%20class\u00e9\/zwilling-enfinigy-blender-a-immersion-noir\/"},"modified":"2025-11-22T17:59:48","modified_gmt":"2025-11-22T16:59:48","slug":"zwilling-enfinigy-blender-a-immersion-noir","status":"publish","type":"product","link":"https:\/\/dev6.erresse-shop.it\/fr\/shop\/petits-electromenagers\/mixeurs\/zwilling-enfinigy-blender-a-immersion-noir\/","title":{"rendered":"ZWILLING ENFINIGY Blender \u00e0 immersion Noir"},"content":{"rendered":"<p>DESCRIPTION<\/p>\n<p>Un seul blender, un seul pot de m\u00e9lange, des possibilit\u00e9s infinies. Le mixeur plongeant ENFINIGY de ZWILLING avec pichet doseur est pratique<br \/>\npratique et polyvalent pour de nombreuses pr\u00e9parations diff\u00e9rentes, qu\u2019il s\u2019agisse de smoothies, de sauces ou d\u2019aliments homog\u00e9n\u00e9is\u00e9s.<\/p>\n<p>Gr\u00e2ce au puissant moteur de 800 watts et \u00e0 ses 9 vitesses, le blender a toujours le bon r\u00e9glage pour que chaque pr\u00e9paration soit parfaite.<br \/>\nLa lame ZWILLING \u00e0 ailettes et dentelure Pirahna garantit des r\u00e9sultats parfaits.<br \/>\nLe pichet doseur de 600 ml est sans BPA et poss\u00e8de un couvercle compatible avec le syst\u00e8me FRESH &amp; SAVE de ZWILLING.<br \/>\nDe cette mani\u00e8re, les sauces peuvent \u00eatre pr\u00e9par\u00e9es \u00e0 l\u2019avance, emball\u00e9es sous vide et d\u00e9gust\u00e9es fra\u00eeches ult\u00e9rieurement.<br \/>\nLes autres avantages exclusifs du mixeur plongeant pour vergers sont : la fonction de d\u00e9marrage progressif pour r\u00e9duire les \u00e9claboussures, la commande intuitive \u00e0 2 boutons et le c\u00e2ble de 1,2 m\u00e8tre.<br \/>\npour une utilisation pratique pendant la cuisson.<\/p>\n<p>Puissant moteur haute performance de 800 watts pour un mixage parfait<br \/>\n9 vitesses diff\u00e9rentes r\u00e9glables (6 500 \u2013 13 000 tr\/min), y compris la fonction d\u2019impulsion.<br \/>\nLame \u00e0 ailettes ZWILLING avec denture Piranha pour un hachage exceptionnel des ingr\u00e9dients.<br \/>\nLame robuste en acier inoxydable de haute qualit\u00e9<br \/>\nPichet de 600 ml, sans BFA, avec couvercle herm\u00e9tique pour une bonne conservation des pr\u00e9parations<br \/>\nCordon d\u2019alimentation de 1,2 m pour une utilisation pratique<br \/>\nSac en coton inclus pour un rangement pratique du mixeur plongeant apr\u00e8s chaque utilisation.<br \/>\nEmballage sans plastique<\/p>\n<p>FEATURES<\/p>\n<p>Couleur : Noir-acier<br \/>\nMat\u00e9riau : ABS<br \/>\nNombre de pi\u00e8ces : 1<br \/>\nTension : 220-240 V<br \/>\nFr\u00e9quence : 50\/60 Hz<br \/>\nVerrouillage de s\u00e9curit\u00e9 : Oui<br \/>\nType de moteur : moteur \u00e0 courant continu<br \/>\nProgrammes : 1<br \/>\nType de lame : lame \u00e0 ailettes<br \/>\nR\u00e9glages de la vitesse : 9<br \/>\nPuissance absorb\u00e9e : 800 W<br \/>\nPoids net : 1,20 kg<\/p>\n<p>Design: Matteo Thun &amp; Antonio Rodriguez<\/p>\n<p>PAS DE VENTE EN DEHORS DE L\u2019EUROPE<\/p>\n","protected":false},"excerpt":{"rendered":"<p>DESCRIPTION Un seul blender, un seul pot de m\u00e9lange, des possibilit\u00e9s infinies. Le mixeur plongeant ENFINIGY de ZWILLING avec pichet doseur est pratique pratique et polyvalent pour de nombreuses pr\u00e9parations diff\u00e9rentes, qu\u2019il s\u2019agisse de smoothies, de sauces ou d\u2019aliments homog\u00e9n\u00e9is\u00e9s. Gr\u00e2ce au puissant moteur de 800 watts et \u00e0 ses 9 vitesses, le blender a [&hellip;]<\/p>\n","protected":false},"featured_media":6359048,"template":"","meta":{"_acf_changed":false},"product_cat":[12061,12055],"product_tag":[],"class_list":{"0":"post-60725","1":"product","2":"type-product","3":"status-publish","4":"has-post-thumbnail","6":"product_cat-mixeurs","7":"product_cat-petits-electromenagers","9":"first","10":"outofstock","11":"sale","12":"taxable","13":"shipping-taxable","14":"purchasable","15":"product-type-simple","swatches":"rey-swatches","show_selected":"","stretch_labels":"rey-swatches--stretch-labels"},"acf":[],"yoast_head":"<!-- This site is optimized with the Yoast SEO plugin v25.4 - https:\/\/yoast.com\/wordpress\/plugins\/seo\/ -->\n<title>ZWILLING ENFINIGY Blender \u00e0 immersion Noir - dev6 Erresse<\/title>\n<meta name=\"description\" content=\"DESCRIPTION Un seul blender, un seul pot de m\u00e9lange, des possibilit\u00e9s infinies. Le mixeur plongeant ENFINIGY de ZWILLING avec pichet doseur est pratique\" \/>\n<meta name=\"robots\" content=\"noindex, follow, max-snippet:-1, max-image-preview:large, max-video-preview:-1\" \/>\n<meta property=\"og:locale\" content=\"fr_FR\" \/>\n<meta property=\"og:type\" content=\"article\" \/>\n<meta property=\"og:title\" content=\"ZWILLING ENFINIGY Blender \u00e0 immersion Noir - dev6 Erresse\" \/>\n<meta property=\"og:description\" content=\"DESCRIPTION Un seul blender, un seul pot de m\u00e9lange, des possibilit\u00e9s infinies. Le mixeur plongeant ENFINIGY de ZWILLING avec pichet doseur est pratique\" \/>\n<meta property=\"og:url\" content=\"https:\/\/dev6.erresse-shop.it\/fr\/shop\/petits-electromenagers\/mixeurs\/zwilling-enfinigy-blender-a-immersion-noir\/\" \/>\n<meta property=\"og:site_name\" content=\"dev6 Erresse\" \/>\n<meta property=\"og:image\" content=\"https:\/\/interpim.erresse-shop.it\/img-catalogo\/zwilling\/zwilling-enfinigy-frullatore-ad-immersione-nero.jpg\" \/><meta property=\"og:image\" content=\"https:\/\/interpim.erresse-shop.it\/img-catalogo\/zwilling\/zwilling-enfinigy-frullatore-ad-immersione-nero.jpg\" \/>\n\t<meta property=\"og:image:width\" content=\"1024\" \/>\n\t<meta property=\"og:image:height\" content=\"1024\" \/>\n\t<meta property=\"og:image:type\" content=\"image\/jpeg\" \/>\n<meta name=\"twitter:card\" content=\"summary_large_image\" \/>\n<meta name=\"twitter:image\" content=\"https:\/\/interpim.erresse-shop.it\/img-catalogo\/zwilling\/zwilling-enfinigy-frullatore-ad-immersione-nero.jpg\" \/>\n<script type=\"application\/ld+json\" class=\"yoast-schema-graph\">{\"@context\":\"https:\/\/schema.org\",\"@graph\":[{\"@type\":\"WebPage\",\"@id\":\"https:\/\/dev6.erresse-shop.it\/fr\/shop\/petits-electromenagers\/mixeurs\/zwilling-enfinigy-blender-a-immersion-noir\/\",\"url\":\"https:\/\/dev6.erresse-shop.it\/fr\/shop\/petits-electromenagers\/mixeurs\/zwilling-enfinigy-blender-a-immersion-noir\/\",\"name\":\"ZWILLING ENFINIGY Blender \u00e0 immersion Noir - dev6 Erresse\",\"isPartOf\":{\"@id\":\"https:\/\/dev6.erresse-shop.it\/#website\"},\"primaryImageOfPage\":{\"@id\":\"https:\/\/dev6.erresse-shop.it\/fr\/shop\/petits-electromenagers\/mixeurs\/zwilling-enfinigy-blender-a-immersion-noir\/#primaryimage\"},\"image\":{\"@id\":\"https:\/\/dev6.erresse-shop.it\/fr\/shop\/petits-electromenagers\/mixeurs\/zwilling-enfinigy-blender-a-immersion-noir\/#primaryimage\"},\"thumbnailUrl\":\"https:\/\/i0.wp.com\/interpim.erresse-shop.it\/img-catalogo\/zwilling\/zwilling-enfinigy-frullatore-ad-immersione-nero.jpg?ssl=1\",\"datePublished\":\"2026-04-12T07:17:59+00:00\",\"description\":\"DESCRIPTION Un seul blender, un seul pot de m\u00e9lange, des possibilit\u00e9s infinies. Le mixeur plongeant ENFINIGY de ZWILLING avec pichet doseur est pratique\",\"breadcrumb\":{\"@id\":\"https:\/\/dev6.erresse-shop.it\/fr\/shop\/petits-electromenagers\/mixeurs\/zwilling-enfinigy-blender-a-immersion-noir\/#breadcrumb\"},\"inLanguage\":\"fr-FR\",\"potentialAction\":[{\"@type\":\"ReadAction\",\"target\":[\"https:\/\/dev6.erresse-shop.it\/fr\/shop\/petits-electromenagers\/mixeurs\/zwilling-enfinigy-blender-a-immersion-noir\/\"]}]},{\"@type\":\"ImageObject\",\"inLanguage\":\"fr-FR\",\"@id\":\"https:\/\/dev6.erresse-shop.it\/fr\/shop\/petits-electromenagers\/mixeurs\/zwilling-enfinigy-blender-a-immersion-noir\/#primaryimage\",\"url\":\"https:\/\/i0.wp.com\/interpim.erresse-shop.it\/img-catalogo\/zwilling\/zwilling-enfinigy-frullatore-ad-immersione-nero.jpg?ssl=1\",\"contentUrl\":\"https:\/\/i0.wp.com\/interpim.erresse-shop.it\/img-catalogo\/zwilling\/zwilling-enfinigy-frullatore-ad-immersione-nero.jpg?ssl=1\"},{\"@type\":\"BreadcrumbList\",\"@id\":\"https:\/\/dev6.erresse-shop.it\/fr\/shop\/petits-electromenagers\/mixeurs\/zwilling-enfinigy-blender-a-immersion-noir\/#breadcrumb\",\"itemListElement\":[{\"@type\":\"ListItem\",\"position\":1,\"name\":\"Home\",\"item\":\"https:\/\/dev6.erresse-shop.it\/\"},{\"@type\":\"ListItem\",\"position\":2,\"name\":\"Boutique\",\"item\":\"https:\/\/dev6.erresse-shop.it\/shop\/\"},{\"@type\":\"ListItem\",\"position\":3,\"name\":\"ZWILLING ENFINIGY Blender \u00e0 immersion Noir\"}]},{\"@type\":\"WebSite\",\"@id\":\"https:\/\/dev6.erresse-shop.it\/#website\",\"url\":\"https:\/\/dev6.erresse-shop.it\/\",\"name\":\"Erresse Shop\",\"description\":\"\",\"publisher\":{\"@id\":\"https:\/\/dev6.erresse-shop.it\/#organization\"},\"potentialAction\":[{\"@type\":\"SearchAction\",\"target\":{\"@type\":\"EntryPoint\",\"urlTemplate\":\"https:\/\/dev6.erresse-shop.it\/?s={search_term_string}\"},\"query-input\":{\"@type\":\"PropertyValueSpecification\",\"valueRequired\":true,\"valueName\":\"search_term_string\"}}],\"inLanguage\":\"fr-FR\"},{\"@type\":\"Organization\",\"@id\":\"https:\/\/dev6.erresse-shop.it\/#organization\",\"name\":\"Erresse Shop\",\"url\":\"https:\/\/dev6.erresse-shop.it\/\",\"logo\":{\"@type\":\"ImageObject\",\"inLanguage\":\"fr-FR\",\"@id\":\"https:\/\/dev6.erresse-shop.it\/#\/schema\/logo\/image\/\",\"url\":\"https:\/\/dev6.erresse-shop.it\/wp-content\/uploads\/2025\/01\/LOGO-ERRESSE-CLASSICO.svg\",\"contentUrl\":\"https:\/\/dev6.erresse-shop.it\/wp-content\/uploads\/2025\/01\/LOGO-ERRESSE-CLASSICO.svg\",\"caption\":\"Erresse Shop\"},\"image\":{\"@id\":\"https:\/\/dev6.erresse-shop.it\/#\/schema\/logo\/image\/\"}}]}<\/script>\n<!-- \/ Yoast SEO plugin. -->","yoast_head_json":{"title":"ZWILLING ENFINIGY Blender \u00e0 immersion Noir - dev6 Erresse","description":"DESCRIPTION Un seul blender, un seul pot de m\u00e9lange, des possibilit\u00e9s infinies. Le mixeur plongeant ENFINIGY de ZWILLING avec pichet doseur est pratique","robots":{"index":"noindex","follow":"follow","max-snippet":"max-snippet:-1","max-image-preview":"max-image-preview:large","max-video-preview":"max-video-preview:-1"},"og_locale":"fr_FR","og_type":"article","og_title":"ZWILLING ENFINIGY Blender \u00e0 immersion Noir - dev6 Erresse","og_description":"DESCRIPTION Un seul blender, un seul pot de m\u00e9lange, des possibilit\u00e9s infinies. Le mixeur plongeant ENFINIGY de ZWILLING avec pichet doseur est pratique","og_url":"https:\/\/dev6.erresse-shop.it\/fr\/shop\/petits-electromenagers\/mixeurs\/zwilling-enfinigy-blender-a-immersion-noir\/","og_site_name":"dev6 Erresse","og_image":[{"url":"https:\/\/interpim.erresse-shop.it\/img-catalogo\/zwilling\/zwilling-enfinigy-frullatore-ad-immersione-nero.jpg","type":"","width":"","height":""},{"url":"https:\/\/interpim.erresse-shop.it\/img-catalogo\/zwilling\/zwilling-enfinigy-frullatore-ad-immersione-nero.jpg","width":1024,"height":1024,"type":"image\/jpeg"}],"twitter_card":"summary_large_image","twitter_image":"https:\/\/interpim.erresse-shop.it\/img-catalogo\/zwilling\/zwilling-enfinigy-frullatore-ad-immersione-nero.jpg","schema":{"@context":"https:\/\/schema.org","@graph":[{"@type":"WebPage","@id":"https:\/\/dev6.erresse-shop.it\/fr\/shop\/petits-electromenagers\/mixeurs\/zwilling-enfinigy-blender-a-immersion-noir\/","url":"https:\/\/dev6.erresse-shop.it\/fr\/shop\/petits-electromenagers\/mixeurs\/zwilling-enfinigy-blender-a-immersion-noir\/","name":"ZWILLING ENFINIGY Blender \u00e0 immersion Noir - dev6 Erresse","isPartOf":{"@id":"https:\/\/dev6.erresse-shop.it\/#website"},"primaryImageOfPage":{"@id":"https:\/\/dev6.erresse-shop.it\/fr\/shop\/petits-electromenagers\/mixeurs\/zwilling-enfinigy-blender-a-immersion-noir\/#primaryimage"},"image":{"@id":"https:\/\/dev6.erresse-shop.it\/fr\/shop\/petits-electromenagers\/mixeurs\/zwilling-enfinigy-blender-a-immersion-noir\/#primaryimage"},"thumbnailUrl":"https:\/\/i0.wp.com\/interpim.erresse-shop.it\/img-catalogo\/zwilling\/zwilling-enfinigy-frullatore-ad-immersione-nero.jpg?ssl=1","datePublished":"2026-04-12T07:17:59+00:00","description":"DESCRIPTION Un seul blender, un seul pot de m\u00e9lange, des possibilit\u00e9s infinies. Le mixeur plongeant ENFINIGY de ZWILLING avec pichet doseur est pratique","breadcrumb":{"@id":"https:\/\/dev6.erresse-shop.it\/fr\/shop\/petits-electromenagers\/mixeurs\/zwilling-enfinigy-blender-a-immersion-noir\/#breadcrumb"},"inLanguage":"fr-FR","potentialAction":[{"@type":"ReadAction","target":["https:\/\/dev6.erresse-shop.it\/fr\/shop\/petits-electromenagers\/mixeurs\/zwilling-enfinigy-blender-a-immersion-noir\/"]}]},{"@type":"ImageObject","inLanguage":"fr-FR","@id":"https:\/\/dev6.erresse-shop.it\/fr\/shop\/petits-electromenagers\/mixeurs\/zwilling-enfinigy-blender-a-immersion-noir\/#primaryimage","url":"https:\/\/i0.wp.com\/interpim.erresse-shop.it\/img-catalogo\/zwilling\/zwilling-enfinigy-frullatore-ad-immersione-nero.jpg?ssl=1","contentUrl":"https:\/\/i0.wp.com\/interpim.erresse-shop.it\/img-catalogo\/zwilling\/zwilling-enfinigy-frullatore-ad-immersione-nero.jpg?ssl=1"},{"@type":"BreadcrumbList","@id":"https:\/\/dev6.erresse-shop.it\/fr\/shop\/petits-electromenagers\/mixeurs\/zwilling-enfinigy-blender-a-immersion-noir\/#breadcrumb","itemListElement":[{"@type":"ListItem","position":1,"name":"Home","item":"https:\/\/dev6.erresse-shop.it\/"},{"@type":"ListItem","position":2,"name":"Boutique","item":"https:\/\/dev6.erresse-shop.it\/shop\/"},{"@type":"ListItem","position":3,"name":"ZWILLING ENFINIGY Blender \u00e0 immersion Noir"}]},{"@type":"WebSite","@id":"https:\/\/dev6.erresse-shop.it\/#website","url":"https:\/\/dev6.erresse-shop.it\/","name":"Erresse Shop","description":"","publisher":{"@id":"https:\/\/dev6.erresse-shop.it\/#organization"},"potentialAction":[{"@type":"SearchAction","target":{"@type":"EntryPoint","urlTemplate":"https:\/\/dev6.erresse-shop.it\/?s={search_term_string}"},"query-input":{"@type":"PropertyValueSpecification","valueRequired":true,"valueName":"search_term_string"}}],"inLanguage":"fr-FR"},{"@type":"Organization","@id":"https:\/\/dev6.erresse-shop.it\/#organization","name":"Erresse Shop","url":"https:\/\/dev6.erresse-shop.it\/","logo":{"@type":"ImageObject","inLanguage":"fr-FR","@id":"https:\/\/dev6.erresse-shop.it\/#\/schema\/logo\/image\/","url":"https:\/\/dev6.erresse-shop.it\/wp-content\/uploads\/2025\/01\/LOGO-ERRESSE-CLASSICO.svg","contentUrl":"https:\/\/dev6.erresse-shop.it\/wp-content\/uploads\/2025\/01\/LOGO-ERRESSE-CLASSICO.svg","caption":"Erresse Shop"},"image":{"@id":"https:\/\/dev6.erresse-shop.it\/#\/schema\/logo\/image\/"}}]}},"df_price":89.95,"df_sale_price":89.95,"df_regular_price":119,"df_image_link":"https:\/\/i0.wp.com\/interpim.erresse-shop.it\/img-catalogo\/zwilling\/zwilling-enfinigy-frullatore-ad-immersione-nero.jpg?resize=300,300&ssl=1","fifu_image_url":"https:\/\/interpim.erresse-shop.it\/img-catalogo\/zwilling\/zwilling-enfinigy-frullatore-ad-immersione-nero.jpg","_links":{"self":[{"href":"https:\/\/dev6.erresse-shop.it\/fr\/wp-json\/wp\/v2\/product\/60725","targetHints":{"allow":["GET"]}}],"collection":[{"href":"https:\/\/dev6.erresse-shop.it\/fr\/wp-json\/wp\/v2\/product"}],"about":[{"href":"https:\/\/dev6.erresse-shop.it\/fr\/wp-json\/wp\/v2\/types\/product"}],"wp:featuredmedia":[{"embeddable":true,"href":"https:\/\/dev6.erresse-shop.it\/fr\/wp-json\/wp\/v2\/media\/6359048"}],"wp:attachment":[{"href":"https:\/\/dev6.erresse-shop.it\/fr\/wp-json\/wp\/v2\/media?parent=60725"}],"wp:term":[{"taxonomy":"product_cat","embeddable":true,"href":"https:\/\/dev6.erresse-shop.it\/fr\/wp-json\/wp\/v2\/product_cat?post=60725"},{"taxonomy":"product_tag","embeddable":true,"href":"https:\/\/dev6.erresse-shop.it\/fr\/wp-json\/wp\/v2\/product_tag?post=60725"}],"curies":[{"name":"wp","href":"https:\/\/api.w.org\/{rel}","templated":true}]}}