{"id":60721,"date":"2026-04-12T13:02:57","date_gmt":"2026-04-12T11:02:57","guid":{"rendered":"https:\/\/dev6.erresse-shop.it\/shop\/non%20class\u00e9\/coravin-timeless-six-noir\/"},"modified":"2025-09-14T06:33:21","modified_gmt":"2025-09-14T04:33:21","slug":"coravin-timeless-six-noir","status":"publish","type":"product","link":"https:\/\/dev6.erresse-shop.it\/fr\/shop\/table-fr-2\/vin\/aerateurs\/coravin-timeless-six-noir\/","title":{"rendered":"Coravin Timeless Six+ Noir"},"content":{"rendered":"<p>Versez vos vins pr\u00e9f\u00e9r\u00e9s sans jamais retirer le bouchon. Le Coravin Timeless Six porte l\u2019\u00e9l\u00e9gance \u00e0 un niveau sup\u00e9rieur en vous permettant de choisir parmi une vari\u00e9t\u00e9 de couleurs sophistiqu\u00e9es, toutes dot\u00e9es de finitions brillantes, d\u2019accents m\u00e9talliques et d\u2019une gamme d\u2019accessoires haut de gamme. Il suffit d\u2019ins\u00e9rer, d\u2019incliner et de verser autant de vin que vous le souhaitez tout en conservant tranquillement le reste de la bouteille pendant des semaines, des mois, voire des ann\u00e9es. Cet \u00e9l\u00e9gant syst\u00e8me de stockage du vin est parfait pour les connaisseurs mais aussi pour tous les amateurs de vin.<\/p>\n<p>Ce qui est inclus<\/p>\n<p>Coravin Timeless Six<br \/>\nAvec ses couleurs et ses finitions \u00e9l\u00e9gantes et brillantes, ce syst\u00e8me luxueux vous permet de verser du vin sans jamais retirer le bouchon et de conserver le reste de la bouteille pendant des mois, voire des ann\u00e9es.<br \/>\nA\u00e9rateur intemporel<br \/>\nL\u2019a\u00e9rateur Coravin cr\u00e9e de petits jets de vin pendant le versement, a\u00e9rant rapidement le vin pour obtenir les m\u00eames r\u00e9sultats qu\u2019une d\u00e9cantation de 60 \u00e0 90 minutes.<br \/>\nCapsules d\u2019argon Coravin Pure\u2122<br \/>\nLes capsules Coravin Pure\u2122 contiennent du gaz d\u2019argon pur et sont fabriqu\u00e9es et inspect\u00e9es pour garantir le plus haut niveau de conservation sans impact sur le go\u00fbt du vin.<br \/>\nBouchons \u00e0 vis<br \/>\nLa capsule \u00e0 vis Coravin peut \u00eatre utilis\u00e9e sur n\u2019importe quelle bouteille munie d\u2019une capsule \u00e0 vis pour une utilisation avec toutes les aiguilles Coravin. Le silicone auto-obturant prot\u00e8ge le vin jusqu\u2019\u00e0 trois mois.<br \/>\nMallette de transport intemporelle<br \/>\nLa mallette de transport Coravin comporte deux poches int\u00e9rieures pour ranger les capsules Coravin Pure\u2122 ou l\u2019a\u00e9rateur Coravin.<br \/>\nOutil de nettoyage des aiguilles<br \/>\nSi l\u2019aiguille du Coravin se bouche, utilisez l\u2019outil de nettoyage de l\u2019aiguille pour \u00e9liminer les r\u00e9sidus de li\u00e8ge.<br \/>\nCouvre-bouteilles<br \/>\nLes bouteilles de vin endommag\u00e9es ou d\u00e9fectueuses peuvent se briser sous l\u2019effet de la pression. L\u2019utilisation du couvercle de la bouteille Coravin permet de r\u00e9duire le risque de blessures caus\u00e9es par un \u00e9ventuel bris de verre.<\/p>\n<p>Une nouvelle fa\u00e7on de verser le vin<\/p>\n<p>Ins\u00e9rer<br \/>\nAlignez les SmartClamps\u2122 sur le goulot de la bouteille et, d\u2019un mouvement souple, poussez fermement sur la poign\u00e9e.<\/p>\n<p>Incliner et verser<br \/>\nInclinez la bouteille jusqu\u2019\u00e0 ce que le bec soit sur le verre. Appuyez et rel\u00e2chez rapidement le levier pour verser.<\/p>\n<p>Dur\u00e9e de vie des capsules<br \/>\nChaque capsule vous permettra de verser jusqu\u2019\u00e0 15 verres de cinq onces (150 ml) de vin avec les syst\u00e8mes Timeless ou 20 verres de cinq onces avec les syst\u00e8mes Pivot\u2122.<\/p>\n<p>Taux de versement moyen<br \/>\nEn moyenne, un versement de 150 ml de vin avec une aiguille standard prend 25 \u00e0 29 secondes.<\/p>\n<p>Aiguille excentr\u00e9e<br \/>\nL\u2019aiguille du syst\u00e8me Coravin est volontairement d\u00e9centr\u00e9e, de sorte que l\u2019aiguille est ins\u00e9r\u00e9e dans le bouchon \u00e0 un endroit diff\u00e9rent \u00e0 chaque fois.<\/p>\n<p>D\u00e9tails du produit<\/p>\n<p>Poign\u00e9e et bec verseur en m\u00e9tal<br \/>\nLa poign\u00e9e en caoutchouc et le bec en m\u00e9tal sont quelques-uns des d\u00e9tails \u00e9l\u00e9gants qui conf\u00e8rent au Timeless Six sa qualit\u00e9 sup\u00e9rieure.<br \/>\nSmartClamps\u2122 pour la facilit\u00e9 d\u2019utilisation<br \/>\nLes SmartClamps\u2122 permettent d\u2019ins\u00e9rer facilement le syst\u00e8me Coravin d\u2019un geste rapide et d\u00e9cisif, afin de pouvoir l\u2019utiliser en toute s\u00e9curit\u00e9.<br \/>\nCapsules de gaz argon Coravin Pure\u2122<br \/>\nLe gaz argon pur \u00e0 99,99 % alimente le syst\u00e8me et pr\u00e9serve le vin.<\/p>\n","protected":false},"excerpt":{"rendered":"<p>Versez vos vins pr\u00e9f\u00e9r\u00e9s sans jamais retirer le bouchon. Le Coravin Timeless Six porte l\u2019\u00e9l\u00e9gance \u00e0 un niveau sup\u00e9rieur en vous permettant de choisir parmi une vari\u00e9t\u00e9 de couleurs sophistiqu\u00e9es, toutes dot\u00e9es de finitions brillantes, d\u2019accents m\u00e9talliques et d\u2019une gamme d\u2019accessoires haut de gamme. Il suffit d\u2019ins\u00e9rer, d\u2019incliner et de verser autant de vin que [&hellip;]<\/p>\n","protected":false},"featured_media":6375677,"template":"","meta":{"_acf_changed":false},"product_cat":[12072,11995,12069],"product_tag":[],"class_list":{"0":"post-60721","1":"product","2":"type-product","3":"status-publish","4":"has-post-thumbnail","6":"product_cat-aerateurs","7":"product_cat-table-fr-2","8":"product_cat-vin","10":"first","11":"outofstock","12":"sale","13":"taxable","14":"shipping-taxable","15":"purchasable","16":"product-type-simple","swatches":"rey-swatches","show_selected":"","stretch_labels":"rey-swatches--stretch-labels"},"acf":[],"yoast_head":"<!-- This site is optimized with the Yoast SEO plugin v25.4 - https:\/\/yoast.com\/wordpress\/plugins\/seo\/ -->\n<title>Coravin Timeless Six+ Noir - dev6 Erresse<\/title>\n<meta name=\"description\" content=\"Versez vos vins pr\u00e9f\u00e9r\u00e9s sans jamais retirer le bouchon. Le Coravin Timeless Six porte l\u2019\u00e9l\u00e9gance \u00e0 un niveau sup\u00e9rieur en vous permettant de choisir\" \/>\n<meta name=\"robots\" content=\"noindex, follow, max-snippet:-1, max-image-preview:large, max-video-preview:-1\" \/>\n<meta property=\"og:locale\" content=\"fr_FR\" \/>\n<meta property=\"og:type\" content=\"article\" \/>\n<meta property=\"og:title\" content=\"Coravin Timeless Six+ Noir - dev6 Erresse\" \/>\n<meta property=\"og:description\" content=\"Versez vos vins pr\u00e9f\u00e9r\u00e9s sans jamais retirer le bouchon. Le Coravin Timeless Six porte l\u2019\u00e9l\u00e9gance \u00e0 un niveau sup\u00e9rieur en vous permettant de choisir\" \/>\n<meta property=\"og:url\" content=\"https:\/\/dev6.erresse-shop.it\/fr\/shop\/table-fr-2\/vin\/aerateurs\/coravin-timeless-six-noir\/\" \/>\n<meta property=\"og:site_name\" content=\"dev6 Erresse\" \/>\n<meta property=\"og:image\" content=\"https:\/\/interpim.erresse-shop.it\/Import\/Prodotti\/coravin-timeless-six-nero.jpg\" \/><meta property=\"og:image\" content=\"https:\/\/interpim.erresse-shop.it\/Import\/Prodotti\/coravin-timeless-six-nero.jpg\" \/>\n\t<meta property=\"og:image:width\" content=\"1024\" \/>\n\t<meta property=\"og:image:height\" content=\"1024\" \/>\n\t<meta property=\"og:image:type\" content=\"image\/jpeg\" \/>\n<meta name=\"twitter:card\" content=\"summary_large_image\" \/>\n<meta name=\"twitter:image\" content=\"https:\/\/interpim.erresse-shop.it\/Import\/Prodotti\/coravin-timeless-six-nero.jpg\" \/>\n<script type=\"application\/ld+json\" class=\"yoast-schema-graph\">{\"@context\":\"https:\/\/schema.org\",\"@graph\":[{\"@type\":\"WebPage\",\"@id\":\"https:\/\/dev6.erresse-shop.it\/fr\/shop\/table-fr-2\/vin\/aerateurs\/coravin-timeless-six-noir\/\",\"url\":\"https:\/\/dev6.erresse-shop.it\/fr\/shop\/table-fr-2\/vin\/aerateurs\/coravin-timeless-six-noir\/\",\"name\":\"Coravin Timeless Six+ Noir - dev6 Erresse\",\"isPartOf\":{\"@id\":\"https:\/\/dev6.erresse-shop.it\/#website\"},\"primaryImageOfPage\":{\"@id\":\"https:\/\/dev6.erresse-shop.it\/fr\/shop\/table-fr-2\/vin\/aerateurs\/coravin-timeless-six-noir\/#primaryimage\"},\"image\":{\"@id\":\"https:\/\/dev6.erresse-shop.it\/fr\/shop\/table-fr-2\/vin\/aerateurs\/coravin-timeless-six-noir\/#primaryimage\"},\"thumbnailUrl\":\"https:\/\/i1.wp.com\/interpim.erresse-shop.it\/Import\/Prodotti\/coravin-timeless-six-nero.jpg?ssl=1\",\"datePublished\":\"2026-04-12T11:02:57+00:00\",\"description\":\"Versez vos vins pr\u00e9f\u00e9r\u00e9s sans jamais retirer le bouchon. Le Coravin Timeless Six porte l\u2019\u00e9l\u00e9gance \u00e0 un niveau sup\u00e9rieur en vous permettant de choisir\",\"breadcrumb\":{\"@id\":\"https:\/\/dev6.erresse-shop.it\/fr\/shop\/table-fr-2\/vin\/aerateurs\/coravin-timeless-six-noir\/#breadcrumb\"},\"inLanguage\":\"fr-FR\",\"potentialAction\":[{\"@type\":\"ReadAction\",\"target\":[\"https:\/\/dev6.erresse-shop.it\/fr\/shop\/table-fr-2\/vin\/aerateurs\/coravin-timeless-six-noir\/\"]}]},{\"@type\":\"ImageObject\",\"inLanguage\":\"fr-FR\",\"@id\":\"https:\/\/dev6.erresse-shop.it\/fr\/shop\/table-fr-2\/vin\/aerateurs\/coravin-timeless-six-noir\/#primaryimage\",\"url\":\"https:\/\/i1.wp.com\/interpim.erresse-shop.it\/Import\/Prodotti\/coravin-timeless-six-nero.jpg?ssl=1\",\"contentUrl\":\"https:\/\/i1.wp.com\/interpim.erresse-shop.it\/Import\/Prodotti\/coravin-timeless-six-nero.jpg?ssl=1\"},{\"@type\":\"BreadcrumbList\",\"@id\":\"https:\/\/dev6.erresse-shop.it\/fr\/shop\/table-fr-2\/vin\/aerateurs\/coravin-timeless-six-noir\/#breadcrumb\",\"itemListElement\":[{\"@type\":\"ListItem\",\"position\":1,\"name\":\"Home\",\"item\":\"https:\/\/dev6.erresse-shop.it\/\"},{\"@type\":\"ListItem\",\"position\":2,\"name\":\"Boutique\",\"item\":\"https:\/\/dev6.erresse-shop.it\/shop\/\"},{\"@type\":\"ListItem\",\"position\":3,\"name\":\"Coravin Timeless Six+ Noir\"}]},{\"@type\":\"WebSite\",\"@id\":\"https:\/\/dev6.erresse-shop.it\/#website\",\"url\":\"https:\/\/dev6.erresse-shop.it\/\",\"name\":\"Erresse Shop\",\"description\":\"\",\"publisher\":{\"@id\":\"https:\/\/dev6.erresse-shop.it\/#organization\"},\"potentialAction\":[{\"@type\":\"SearchAction\",\"target\":{\"@type\":\"EntryPoint\",\"urlTemplate\":\"https:\/\/dev6.erresse-shop.it\/?s={search_term_string}\"},\"query-input\":{\"@type\":\"PropertyValueSpecification\",\"valueRequired\":true,\"valueName\":\"search_term_string\"}}],\"inLanguage\":\"fr-FR\"},{\"@type\":\"Organization\",\"@id\":\"https:\/\/dev6.erresse-shop.it\/#organization\",\"name\":\"Erresse Shop\",\"url\":\"https:\/\/dev6.erresse-shop.it\/\",\"logo\":{\"@type\":\"ImageObject\",\"inLanguage\":\"fr-FR\",\"@id\":\"https:\/\/dev6.erresse-shop.it\/#\/schema\/logo\/image\/\",\"url\":\"https:\/\/dev6.erresse-shop.it\/wp-content\/uploads\/2025\/01\/LOGO-ERRESSE-CLASSICO.svg\",\"contentUrl\":\"https:\/\/dev6.erresse-shop.it\/wp-content\/uploads\/2025\/01\/LOGO-ERRESSE-CLASSICO.svg\",\"caption\":\"Erresse Shop\"},\"image\":{\"@id\":\"https:\/\/dev6.erresse-shop.it\/#\/schema\/logo\/image\/\"}}]}<\/script>\n<!-- \/ Yoast SEO plugin. -->","yoast_head_json":{"title":"Coravin Timeless Six+ Noir - dev6 Erresse","description":"Versez vos vins pr\u00e9f\u00e9r\u00e9s sans jamais retirer le bouchon. Le Coravin Timeless Six porte l\u2019\u00e9l\u00e9gance \u00e0 un niveau sup\u00e9rieur en vous permettant de choisir","robots":{"index":"noindex","follow":"follow","max-snippet":"max-snippet:-1","max-image-preview":"max-image-preview:large","max-video-preview":"max-video-preview:-1"},"og_locale":"fr_FR","og_type":"article","og_title":"Coravin Timeless Six+ Noir - dev6 Erresse","og_description":"Versez vos vins pr\u00e9f\u00e9r\u00e9s sans jamais retirer le bouchon. Le Coravin Timeless Six porte l\u2019\u00e9l\u00e9gance \u00e0 un niveau sup\u00e9rieur en vous permettant de choisir","og_url":"https:\/\/dev6.erresse-shop.it\/fr\/shop\/table-fr-2\/vin\/aerateurs\/coravin-timeless-six-noir\/","og_site_name":"dev6 Erresse","og_image":[{"url":"https:\/\/interpim.erresse-shop.it\/Import\/Prodotti\/coravin-timeless-six-nero.jpg","type":"","width":"","height":""},{"url":"https:\/\/interpim.erresse-shop.it\/Import\/Prodotti\/coravin-timeless-six-nero.jpg","width":1024,"height":1024,"type":"image\/jpeg"}],"twitter_card":"summary_large_image","twitter_image":"https:\/\/interpim.erresse-shop.it\/Import\/Prodotti\/coravin-timeless-six-nero.jpg","schema":{"@context":"https:\/\/schema.org","@graph":[{"@type":"WebPage","@id":"https:\/\/dev6.erresse-shop.it\/fr\/shop\/table-fr-2\/vin\/aerateurs\/coravin-timeless-six-noir\/","url":"https:\/\/dev6.erresse-shop.it\/fr\/shop\/table-fr-2\/vin\/aerateurs\/coravin-timeless-six-noir\/","name":"Coravin Timeless Six+ Noir - dev6 Erresse","isPartOf":{"@id":"https:\/\/dev6.erresse-shop.it\/#website"},"primaryImageOfPage":{"@id":"https:\/\/dev6.erresse-shop.it\/fr\/shop\/table-fr-2\/vin\/aerateurs\/coravin-timeless-six-noir\/#primaryimage"},"image":{"@id":"https:\/\/dev6.erresse-shop.it\/fr\/shop\/table-fr-2\/vin\/aerateurs\/coravin-timeless-six-noir\/#primaryimage"},"thumbnailUrl":"https:\/\/i1.wp.com\/interpim.erresse-shop.it\/Import\/Prodotti\/coravin-timeless-six-nero.jpg?ssl=1","datePublished":"2026-04-12T11:02:57+00:00","description":"Versez vos vins pr\u00e9f\u00e9r\u00e9s sans jamais retirer le bouchon. Le Coravin Timeless Six porte l\u2019\u00e9l\u00e9gance \u00e0 un niveau sup\u00e9rieur en vous permettant de choisir","breadcrumb":{"@id":"https:\/\/dev6.erresse-shop.it\/fr\/shop\/table-fr-2\/vin\/aerateurs\/coravin-timeless-six-noir\/#breadcrumb"},"inLanguage":"fr-FR","potentialAction":[{"@type":"ReadAction","target":["https:\/\/dev6.erresse-shop.it\/fr\/shop\/table-fr-2\/vin\/aerateurs\/coravin-timeless-six-noir\/"]}]},{"@type":"ImageObject","inLanguage":"fr-FR","@id":"https:\/\/dev6.erresse-shop.it\/fr\/shop\/table-fr-2\/vin\/aerateurs\/coravin-timeless-six-noir\/#primaryimage","url":"https:\/\/i1.wp.com\/interpim.erresse-shop.it\/Import\/Prodotti\/coravin-timeless-six-nero.jpg?ssl=1","contentUrl":"https:\/\/i1.wp.com\/interpim.erresse-shop.it\/Import\/Prodotti\/coravin-timeless-six-nero.jpg?ssl=1"},{"@type":"BreadcrumbList","@id":"https:\/\/dev6.erresse-shop.it\/fr\/shop\/table-fr-2\/vin\/aerateurs\/coravin-timeless-six-noir\/#breadcrumb","itemListElement":[{"@type":"ListItem","position":1,"name":"Home","item":"https:\/\/dev6.erresse-shop.it\/"},{"@type":"ListItem","position":2,"name":"Boutique","item":"https:\/\/dev6.erresse-shop.it\/shop\/"},{"@type":"ListItem","position":3,"name":"Coravin Timeless Six+ Noir"}]},{"@type":"WebSite","@id":"https:\/\/dev6.erresse-shop.it\/#website","url":"https:\/\/dev6.erresse-shop.it\/","name":"Erresse Shop","description":"","publisher":{"@id":"https:\/\/dev6.erresse-shop.it\/#organization"},"potentialAction":[{"@type":"SearchAction","target":{"@type":"EntryPoint","urlTemplate":"https:\/\/dev6.erresse-shop.it\/?s={search_term_string}"},"query-input":{"@type":"PropertyValueSpecification","valueRequired":true,"valueName":"search_term_string"}}],"inLanguage":"fr-FR"},{"@type":"Organization","@id":"https:\/\/dev6.erresse-shop.it\/#organization","name":"Erresse Shop","url":"https:\/\/dev6.erresse-shop.it\/","logo":{"@type":"ImageObject","inLanguage":"fr-FR","@id":"https:\/\/dev6.erresse-shop.it\/#\/schema\/logo\/image\/","url":"https:\/\/dev6.erresse-shop.it\/wp-content\/uploads\/2025\/01\/LOGO-ERRESSE-CLASSICO.svg","contentUrl":"https:\/\/dev6.erresse-shop.it\/wp-content\/uploads\/2025\/01\/LOGO-ERRESSE-CLASSICO.svg","caption":"Erresse Shop"},"image":{"@id":"https:\/\/dev6.erresse-shop.it\/#\/schema\/logo\/image\/"}}]}},"df_price":349.95,"df_sale_price":349.95,"df_regular_price":399.9,"df_image_link":"https:\/\/i1.wp.com\/interpim.erresse-shop.it\/Import\/Prodotti\/coravin-timeless-six-nero.jpg?resize=300,300&ssl=1","fifu_image_url":"https:\/\/interpim.erresse-shop.it\/Import\/Prodotti\/coravin-timeless-six-nero.jpg","_links":{"self":[{"href":"https:\/\/dev6.erresse-shop.it\/fr\/wp-json\/wp\/v2\/product\/60721","targetHints":{"allow":["GET"]}}],"collection":[{"href":"https:\/\/dev6.erresse-shop.it\/fr\/wp-json\/wp\/v2\/product"}],"about":[{"href":"https:\/\/dev6.erresse-shop.it\/fr\/wp-json\/wp\/v2\/types\/product"}],"wp:featuredmedia":[{"embeddable":true,"href":"https:\/\/dev6.erresse-shop.it\/fr\/wp-json\/wp\/v2\/media\/6375677"}],"wp:attachment":[{"href":"https:\/\/dev6.erresse-shop.it\/fr\/wp-json\/wp\/v2\/media?parent=60721"}],"wp:term":[{"taxonomy":"product_cat","embeddable":true,"href":"https:\/\/dev6.erresse-shop.it\/fr\/wp-json\/wp\/v2\/product_cat?post=60721"},{"taxonomy":"product_tag","embeddable":true,"href":"https:\/\/dev6.erresse-shop.it\/fr\/wp-json\/wp\/v2\/product_tag?post=60721"}],"curies":[{"name":"wp","href":"https:\/\/api.w.org\/{rel}","templated":true}]}}